{"id":1483,"date":"2021-05-14T06:38:08","date_gmt":"2021-05-14T06:38:08","guid":{"rendered":"https:\/\/lazzatest.dk\/ketner\/aalborg\/?page_id=1483"},"modified":"2026-01-12T14:45:39","modified_gmt":"2026-01-12T13:45:39","slug":"biludlejning","status":"publish","type":"page","link":"https:\/\/ketner.dk\/aalborg\/specialer\/biludlejning\/","title":{"rendered":"Oscar biludlejning"},"content":{"rendered":"<p>[vc_row css_animation=&#8221;&#8221; row_type=&#8221;row&#8221; use_row_as_full_screen_section=&#8221;no&#8221; type=&#8221;grid&#8221; angled_section=&#8221;no&#8221; text_align=&#8221;left&#8221; background_image_as_pattern=&#8221;without_pattern&#8221; el_class=&#8221;equal-height align-center&#8221; z_index=&#8221;&#8221; css=&#8221;.vc_custom_1612447758829{background-color: #fffffe !important;}&#8221;][vc_column el_class=&#8221;padding80 paddingright&#8221; offset=&#8221;vc_col-md-6&#8243;][vc_column_text]<\/p>\n<h1>Biludlejning i Aalborg C<\/h1>\n<p>Hos Ketner er vi eksperter i biler. Vi ved alt om service og reparation. Men ikke nok med det, s\u00e5 tilbyder vi ogs\u00e5 biludlejning i vores afdeling p\u00e5 Hjulmagervej 30 i Aalborg.<\/p>\n<p>Her st\u00e5r klar til at give dig en service af h\u00f8j kvalitet \u2013 vi er nemlig en del af Oscar Biludlejning, der er et landsd\u00e6kkende koncept. Vores biludlejning f\u00e5r du til de skarpeste priser i Danmark, og du kan v\u00e6lge mellem et k\u00e6mpe udvalg af b\u00e5de personbiler og varevogne i forskellige st\u00f8rrelser. Vi tilbyder ogs\u00e5 flyttebiler og biler med lift.<\/p>\n<p>Vi giver dig de bedste muligheder for hurtigt og billigt at leje en bil i Aalborg, s\u00e5 du kan komme trygt og godt fra A til B. <a target=\"_blank\" href=\"https:\/\/hejoscar.dk\/afdelinger\/biludlejning-aalborg-c\" rel=\"noopener\">Se vores udvalg af lejebiler lige her og book din i dag<\/a>.[\/vc_column_text][vc_empty_space height=&#8221;40px&#8221;]<a itemprop=\"url\" href=\"https:\/\/hejoscar.dk\/afdelinger\/biludlejning-aalborg-c\" target=\"_blank\" class=\"qbutton  default\" style=\"margin: 0 20px 0 0; \" rel=\"noopener\">Book din lejebil her<i class=\"qodef-icon-dripicons dripicon dripicons-chevron-right qode_button_icon_element\" style=\"\" ><\/i><\/a>[vc_empty_space height=&#8221;40px&#8221;][\/vc_column][vc_column offset=&#8221;vc_col-md-6&#8243;][vc_single_image image=&#8221;2017&#8243; img_size=&#8221;full&#8221; style=&#8221;vc_box_rounded&#8221; qode_css_animation=&#8221;&#8221;][\/vc_column][\/vc_row][vc_row css_animation=&#8221;&#8221; row_type=&#8221;row&#8221; use_row_as_full_screen_section=&#8221;no&#8221; type=&#8221;grid&#8221; angled_section=&#8221;no&#8221; text_align=&#8221;left&#8221; background_image_as_pattern=&#8221;without_pattern&#8221; el_class=&#8221;padding80 equal-height align-center&#8221; css=&#8221;.vc_custom_1611737133965{background-color: #f0f0f0 !important;}&#8221; z_index=&#8221;&#8221;][vc_column offset=&#8221;vc_col-md-6&#8243;]        \n        <div class=\"image_grid-wrapper\">\n            <div class=\"image_grid\">\n                <div class=\"image_grid_item\"><img width=\"800\" height=\"600\" src=\"https:\/\/ketner.dk\/aalborg\/wp-content\/uploads\/2021\/06\/oscar-2.jpg\" class=\"attachment-full size-full\" alt=\"\" \/><\/div><div class=\"image_grid_item\"><img width=\"800\" height=\"600\" src=\"https:\/\/ketner.dk\/aalborg\/wp-content\/uploads\/2021\/06\/oscar-3.jpg\" class=\"attachment-full size-full\" alt=\"\" \/><\/div><div class=\"image_grid_item\"><img width=\"886\" height=\"665\" src=\"https:\/\/ketner.dk\/aalborg\/wp-content\/uploads\/2021\/06\/oscar-1.jpg\" class=\"attachment-full size-full\" alt=\"\" \/><\/div>            <\/div>\n        <\/div>\n\n        [vc_empty_space height=&#8221;40px&#8221;][\/vc_column][vc_column el_class=&#8221;paddingleft&#8221; offset=&#8221;vc_col-md-6&#8243;][vc_column_text]<\/p>\n<h2>Derfor skal du v\u00e6lge Ketners biludlejning<\/h2>\n<ul>\n<li>Vi tilbyder yderst lave priser. Priser fra kun 249 DKK pr. dag<\/li>\n<li>Hos os er der altid 100 km inkluderet i den daglige lejepris<\/li>\n<li>Du kan nemt booke din lejebil direkte fra hjemmesiden<\/li>\n<li>Lovpligtige ansvars- og kaskoforsikringer samt vejhj\u00e6lp er inkluderet i prisen<\/li>\n<li>Vi forlanger ingen merpris, selvom du er under 25 \u00e5r gammel<\/li>\n<\/ul>\n<p>Med vores biludlejning i Aalborg \u00f8nsker vi at tilbyde vores kunder en s\u00e6rdeles billig service. Det betyder ikke, at vi nogensinde g\u00e5r p\u00e5 kompromis med kvaliteten. Alle vores udlejningsbiler er af nyere \u00e5rgang, og du finder derfor altid en bil, der d\u00e6kker dit behov.<\/p>\n<p>Vi \u00f8nsker at give dig en god oplevelse med b\u00e5de bilen og vores service. Vi st\u00e5r derfor for en biludlejning, der altid leveres med et smil.[\/vc_column_text][\/vc_column][\/vc_row][vc_row css_animation=&#8221;&#8221; row_type=&#8221;row&#8221; use_row_as_full_screen_section=&#8221;no&#8221; type=&#8221;grid&#8221; angled_section=&#8221;no&#8221; text_align=&#8221;center&#8221; background_image_as_pattern=&#8221;without_pattern&#8221; el_class=&#8221;padding80&#8243; css=&#8221;.vc_custom_1609935864894{background-color: #002a3b !important;}&#8221; z_index=&#8221;&#8221;][vc_column][vc_row_inner row_type=&#8221;row&#8221; type=&#8221;full_width&#8221; text_align=&#8221;left&#8221; css_animation=&#8221;&#8221;][vc_column_inner width=&#8221;1\/2&#8243; offset=&#8221;vc_col-md-3&#8243;]        \n        <div class=\"icon_text\">\n            <div class=\"icon_text_image\">\n                <img width=\"36\" height=\"36\" src=\"https:\/\/ketner.dk\/aalborg\/wp-content\/uploads\/2021\/01\/icons-white-tools.svg\" class=\"attachment-full size-full\" alt=\"\" srcset=\"https:\/\/ketner.dk\/aalborg\/wp-content\/uploads\/sites\/5\/\/2021\/01\/icons-white-tools.svg 150w, https:\/\/ketner.dk\/aalborg\/wp-content\/uploads\/sites\/5\/\/2021\/01\/icons-white-tools.svg 300w, https:\/\/ketner.dk\/aalborg\/wp-content\/uploads\/sites\/5\/\/2021\/01\/icons-white-tools.svg 1024w, https:\/\/ketner.dk\/aalborg\/wp-content\/uploads\/sites\/5\/\/2021\/01\/icons-white-tools.svg 36w\" sizes=\"(max-width: 36px) 100vw, 36px\" \/>            <\/div>\n            <div class=\"icon_text_content\">\n                <h3>Professionelt<\/h3>\n                <p>Vores v\u00e6rksted i Aalborg har branchens bedste og mest avancerede testudstyr.<\/p>\n            <\/div>\n        <\/div>\n\n        [\/vc_column_inner][vc_column_inner width=&#8221;1\/2&#8243; offset=&#8221;vc_col-md-3&#8243;]        \n        <div class=\"icon_text\">\n            <div class=\"icon_text_image\">\n                <img width=\"36\" height=\"36\" src=\"https:\/\/ketner.dk\/aalborg\/wp-content\/uploads\/2021\/01\/icons-white-car.svg\" class=\"attachment-full size-full\" alt=\"\" srcset=\"https:\/\/ketner.dk\/aalborg\/wp-content\/uploads\/sites\/5\/\/2021\/01\/icons-white-car.svg 150w, https:\/\/ketner.dk\/aalborg\/wp-content\/uploads\/sites\/5\/\/2021\/01\/icons-white-car.svg 300w, https:\/\/ketner.dk\/aalborg\/wp-content\/uploads\/sites\/5\/\/2021\/01\/icons-white-car.svg 1024w, https:\/\/ketner.dk\/aalborg\/wp-content\/uploads\/sites\/5\/\/2021\/01\/icons-white-car.svg 36w\" sizes=\"(max-width: 36px) 100vw, 36px\" \/>            <\/div>\n            <div class=\"icon_text_content\">\n                <h3>Altid gratis l\u00e5nebil<\/h3>\n                <p>Vi har altid en l\u00e5nebil klar til dig, s\u00e5 du er godt k\u00f8rende, mens din mekaniker i Aalborg tager sig af din bil.<\/p>\n            <\/div>\n        <\/div>\n\n        [\/vc_column_inner][vc_column_inner width=&#8221;1\/2&#8243; offset=&#8221;vc_col-md-3&#8243;]        \n        <div class=\"icon_text\">\n            <div class=\"icon_text_image\">\n                <img width=\"36\" height=\"36\" src=\"https:\/\/ketner.dk\/aalborg\/wp-content\/uploads\/2021\/01\/icons-white-list.svg\" class=\"attachment-full size-full\" alt=\"\" srcset=\"https:\/\/ketner.dk\/aalborg\/wp-content\/uploads\/sites\/5\/\/2021\/01\/icons-white-list.svg 150w, https:\/\/ketner.dk\/aalborg\/wp-content\/uploads\/sites\/5\/\/2021\/01\/icons-white-list.svg 300w, https:\/\/ketner.dk\/aalborg\/wp-content\/uploads\/sites\/5\/\/2021\/01\/icons-white-list.svg 1024w, https:\/\/ketner.dk\/aalborg\/wp-content\/uploads\/sites\/5\/\/2021\/01\/icons-white-list.svg 36w\" sizes=\"(max-width: 36px) 100vw, 36px\" \/>            <\/div>\n            <div class=\"icon_text_content\">\n                <h3>Serviceaftale<\/h3>\n                <p>P\u00e5 vores autov\u00e6rksted i Aalborg kan du tegne en fast serviceaftale. Den giver dig adgang til mange fordele billigt.<\/p>\n            <\/div>\n        <\/div>\n\n        [\/vc_column_inner][vc_column_inner width=&#8221;1\/2&#8243; offset=&#8221;vc_col-md-3&#8243;]        \n        <div class=\"icon_text\">\n            <div class=\"icon_text_image\">\n                <img width=\"36\" height=\"36\" src=\"https:\/\/ketner.dk\/aalborg\/wp-content\/uploads\/2021\/01\/icons-white-time-calendar.svg\" class=\"attachment-full size-full\" alt=\"\" srcset=\"https:\/\/ketner.dk\/aalborg\/wp-content\/uploads\/sites\/5\/\/2021\/01\/icons-white-time-calendar.svg 150w, https:\/\/ketner.dk\/aalborg\/wp-content\/uploads\/sites\/5\/\/2021\/01\/icons-white-time-calendar.svg 300w, https:\/\/ketner.dk\/aalborg\/wp-content\/uploads\/sites\/5\/\/2021\/01\/icons-white-time-calendar.svg 1024w, https:\/\/ketner.dk\/aalborg\/wp-content\/uploads\/sites\/5\/\/2021\/01\/icons-white-time-calendar.svg 36w\" sizes=\"(max-width: 36px) 100vw, 36px\" \/>            <\/div>\n            <div class=\"icon_text_content\">\n                <h3>Ingen ventetid<\/h3>\n                <p>Vores bilv\u00e6rksted i Aalborg giver dig altid den hurtigste mulige service, s\u00e5 du ikke skal undv\u00e6re din bil l\u00e6nge.<\/p>\n            <\/div>\n        <\/div>\n\n        [\/vc_column_inner][\/vc_row_inner][vc_empty_space height=&#8221;40px&#8221;]<a id=\"bliv-ringet-op\" itemprop=\"url\" href=\"#\" target=\"_self\"  class=\"qbutton  white default\" style=\"margin: 0 20px 0 0; \">Kontakt os<i class=\"qodef-icon-dripicons dripicon dripicons-chevron-right qode_button_icon_element\" style=\"\" ><\/i><\/a>[\/vc_column][\/vc_row][vc_row css_animation=&#8221;&#8221; row_type=&#8221;row&#8221; use_row_as_full_screen_section=&#8221;no&#8221; type=&#8221;grid&#8221; angled_section=&#8221;no&#8221; text_align=&#8221;left&#8221; background_image_as_pattern=&#8221;without_pattern&#8221; css=&#8221;.vc_custom_1620974436962{background-color: #ffffff !important;}&#8221; z_index=&#8221;&#8221; el_class=&#8221;padding80&#8243;][vc_column][vc_column_text]<\/p>\n<h2>Biludlejning p\u00e5 abonnement<\/h2>\n<p>Har du brug for en bil i l\u00e6ngere tid, kan dette ogs\u00e5 lade sig g\u00f8re hos vores afdeling i Aalborg. Her tilbyder vi langtidsleje for et m\u00e5nedligt bel\u00f8b, s\u00e5 l\u00e6nge du \u00f8nsker at leje en bil i mere end 28 dage. Her finder du priser, der starter fra 99 DKK om dagen \u2013 altid med 40 km inkluderet i den daglige pris. Har du brug for mere end de 40 km, kan dette naturligvis tilk\u00f8bes.<\/p>\n<p>Kontakt os i dag for at h\u00f8re n\u00e6rmere om vores muligheder for biludlejning eller k\u00f8r ind forbi og bes\u00f8g os p\u00e5 Hjulmagervej 34 i Aalborg. Vi gl\u00e6der os til at byde dig velkommen.[\/vc_column_text][vc_empty_space height=&#8221;40px&#8221;]<a itemprop=\"url\" href=\"https:\/\/hejoscar.dk\/afdelinger\/biludlejning-aalborg-c\" target=\"_blank\" class=\"qbutton  default\" style=\"margin: 0 20px 0 0; \" rel=\"noopener\">Book din lejebil her<i class=\"qodef-icon-dripicons dripicon dripicons-chevron-right qode_button_icon_element\" style=\"\" ><\/i><\/a>[\/vc_column][\/vc_row]<\/p>\n","protected":false},"excerpt":{"rendered":"<p>[vc_row css_animation=&#8221;&#8221; row_type=&#8221;row&#8221; use_row_as_full_screen_section=&#8221;no&#8221; type=&#8221;grid&#8221; angled_section=&#8221;no&#8221; text_align=&#8221;left&#8221; background_image_as_pattern=&#8221;without_pattern&#8221; el_class=&#8221;equal-height align-center&#8221; z_index=&#8221;&#8221; css=&#8221;.vc_custom_1612447758829{background-color: #fffffe !important;}&#8221;][vc_column el_class=&#8221;padding80 paddingright&#8221; offset=&#8221;vc_col-md-6&#8243;][vc_column_text] Biludlejning i Aalborg C Hos Ketner er vi eksperter i biler. Vi ved alt om service og reparation. Men ikke nok med det, s\u00e5 tilbyder vi ogs\u00e5 biludlejning&#8230;<\/p>\n","protected":false},"author":1,"featured_media":0,"parent":267,"menu_order":0,"comment_status":"closed","ping_status":"closed","template":"full_width.php","meta":[],"acf":[],"_links":{"self":[{"href":"https:\/\/ketner.dk\/aalborg\/wp-json\/wp\/v2\/pages\/1483"}],"collection":[{"href":"https:\/\/ketner.dk\/aalborg\/wp-json\/wp\/v2\/pages"}],"about":[{"href":"https:\/\/ketner.dk\/aalborg\/wp-json\/wp\/v2\/types\/page"}],"author":[{"embeddable":true,"href":"https:\/\/ketner.dk\/aalborg\/wp-json\/wp\/v2\/users\/1"}],"replies":[{"embeddable":true,"href":"https:\/\/ketner.dk\/aalborg\/wp-json\/wp\/v2\/comments?post=1483"}],"version-history":[{"count":12,"href":"https:\/\/ketner.dk\/aalborg\/wp-json\/wp\/v2\/pages\/1483\/revisions"}],"predecessor-version":[{"id":3461,"href":"https:\/\/ketner.dk\/aalborg\/wp-json\/wp\/v2\/pages\/1483\/revisions\/3461"}],"up":[{"embeddable":true,"href":"https:\/\/ketner.dk\/aalborg\/wp-json\/wp\/v2\/pages\/267"}],"wp:attachment":[{"href":"https:\/\/ketner.dk\/aalborg\/wp-json\/wp\/v2\/media?parent=1483"}],"curies":[{"name":"wp","href":"https:\/\/api.w.org\/{rel}","templated":true}]}}