{"id":1772,"date":"2021-05-14T09:42:27","date_gmt":"2021-05-14T09:42:27","guid":{"rendered":"https:\/\/lazzatest.dk\/ketner\/?page_id=1772"},"modified":"2021-10-13T09:18:12","modified_gmt":"2021-10-13T09:18:12","slug":"baadvarmer","status":"publish","type":"page","link":"https:\/\/ketner.dk\/aalborg\/specialer\/baadvarmer\/","title":{"rendered":"B\u00e5dvarmer"},"content":{"rendered":"<p>[vc_row css_animation=&#8221;&#8221; row_type=&#8221;row&#8221; use_row_as_full_screen_section=&#8221;no&#8221; type=&#8221;grid&#8221; angled_section=&#8221;no&#8221; text_align=&#8221;left&#8221; background_image_as_pattern=&#8221;without_pattern&#8221; el_class=&#8221;padding80 equal-height align-center&#8221; z_index=&#8221;&#8221; css=&#8221;.vc_custom_1620984749764{background-color: #fffffe !important;}&#8221;][vc_column el_class=&#8221;paddingright&#8221; offset=&#8221;vc_col-md-6&#8243;][vc_column_text]<\/p>\n<h1>Forl\u00e6ng b\u00e5ds\u00e6sonen med en b\u00e5dvarmer<\/h1>\n<p>Hos Ketner er vi meget mere end specialister i biler, vi er ogs\u00e5 eksperter i b\u00e5de og er leverand\u00f8r af det bedste indenfor b\u00e5dvarmere. Hos Ketner er vi nemlig autoriseret forhandler af Ebersp\u00e4cher og Webasto, som leverer h\u00f8j kvalitet, s\u00e5 du f\u00e5r en behagelig komfort p\u00e5 b\u00e5den.<\/p>\n<p>Som passioneret sejler ved du, at vejret p\u00e5 havet aldrig er til at regne med, og du kan derfor komme ud for, at det skifter meget hurtigt. D\u00e6k dig selv ind og installer en b\u00e5dvarmer. S\u00e5 er du sikret en l\u00e6kker og varm kahyt, som du har lyst til at opholde dig i det meste af \u00e5ret.<\/p>\n<p>Kontakt os i dag og h\u00f8r n\u00e6rmere om de b\u00e5dvarmere, vi har til r\u00e5dighed hos os. Vi k\u00f8rer ogs\u00e5 ud med vores servicevogn, hvis der opst\u00e5r et behov for reparation af din b\u00e5dvarmer. S\u00e5 g\u00f8r vi, hvad vi kan, for at klare det p\u00e5 stedet \u2013 ellers afmonterer vi varmeren og reparerer den p\u00e5 vores v\u00e6rksted.[\/vc_column_text][vc_empty_space height=&#8221;40px&#8221;]<a  itemprop=\"url\" href=\"https:\/\/ketner.dk\/aalborg\/servicebooking\/\" target=\"_self\"  class=\"qbutton  default\" style=\"margin: 0 20px 0 0; \">Book tid<i class=\"qodef-icon-dripicons dripicon dripicons-chevron-right qode_button_icon_element\" style=\"\" ><\/i><\/a><a id=\"bliv-ringet-op\" itemprop=\"url\" href=\"#\" target=\"_self\"  class=\"qbutton  white default\" style=\"margin: 0 20px 0 0; \">Bliv ringet op<i class=\"qodef-icon-dripicons dripicon dripicons-chevron-right qode_button_icon_element\" style=\"\" ><\/i><\/a>[vc_empty_space height=&#8221;40px&#8221;][\/vc_column][vc_column offset=&#8221;vc_col-md-6&#8243;][vc_single_image image=&#8221;1773&#8243; img_size=&#8221;full&#8221; style=&#8221;vc_box_rounded&#8221; qode_css_animation=&#8221;&#8221;][\/vc_column][\/vc_row][vc_row css_animation=&#8221;&#8221; row_type=&#8221;row&#8221; use_row_as_full_screen_section=&#8221;no&#8221; type=&#8221;grid&#8221; angled_section=&#8221;no&#8221; text_align=&#8221;left&#8221; background_image_as_pattern=&#8221;without_pattern&#8221; el_class=&#8221;padding80 equal-height align-center&#8221; css=&#8221;.vc_custom_1611737133965{background-color: #f0f0f0 !important;}&#8221; z_index=&#8221;&#8221;][vc_column offset=&#8221;vc_col-md-6&#8243;][vc_single_image image=&#8221;1774&#8243; img_size=&#8221;full&#8221; style=&#8221;vc_box_rounded&#8221; qode_css_animation=&#8221;&#8221;][vc_empty_space height=&#8221;40px&#8221;][\/vc_column][vc_column el_class=&#8221;paddingleft&#8221; offset=&#8221;vc_col-md-6&#8243;][vc_column_text]<\/p>\n<h2>Stor knowhow og ekspertise inden for b\u00e5dvarmere<\/h2>\n<p>Vores teknikere har mange \u00e5rs erfaring med reparation af b\u00e5de, og de har derfor ogs\u00e5 stor viden om det udstyr, der passer bedst til dine behov. En b\u00e5dvarmer varmer hurtigt kahytten op til en behagelig temperatur, og sikrer en kontinuerlig opvarmning. Varmeren k\u00f8rer st\u00f8jsvagt og bruger meget lidt el og br\u00e6ndstof. Hos Ketner finder du b\u00e5de b\u00e5dvarmere til diesel og el. Tag en snak med vores teknikere om, hvad der er den bedste l\u00f8sning for dig.<\/p>\n<p>En b\u00e5dvarmer er nem at montere, og du kan derfor hurtigt v\u00e6re tilbage p\u00e5 vandet igen \u2013 blot med en mere behagelig temperatur, s\u00e5 du rigtigt kan nyde lyden af b\u00f8lgerne og den friske luft omkring dig.[\/vc_column_text][vc_empty_space height=&#8221;40px&#8221;]<a  itemprop=\"url\" href=\"https:\/\/ketner.dk\/aalborg\/servicebooking\/\" target=\"_self\"  class=\"qbutton  default\" style=\"margin: 0 20px 0 0; \">Book tid<i class=\"qodef-icon-dripicons dripicon dripicons-chevron-right qode_button_icon_element\" style=\"\" ><\/i><\/a><a id=\"bliv-ringet-op\" itemprop=\"url\" href=\"#\" target=\"_self\"  class=\"qbutton  white default\" style=\"margin: 0 20px 0 0; \">Bliv ringet op<i class=\"qodef-icon-dripicons dripicon dripicons-chevron-right qode_button_icon_element\" style=\"\" ><\/i><\/a>[\/vc_column][\/vc_row][vc_row css_animation=&#8221;&#8221; row_type=&#8221;row&#8221; use_row_as_full_screen_section=&#8221;no&#8221; type=&#8221;grid&#8221; angled_section=&#8221;no&#8221; text_align=&#8221;center&#8221; background_image_as_pattern=&#8221;without_pattern&#8221; el_class=&#8221;padding80&#8243; css=&#8221;.vc_custom_1609935864894{background-color: #002a3b !important;}&#8221; z_index=&#8221;&#8221;][vc_column][vc_row_inner row_type=&#8221;row&#8221; type=&#8221;full_width&#8221; text_align=&#8221;left&#8221; css_animation=&#8221;&#8221;][vc_column_inner width=&#8221;1\/2&#8243; offset=&#8221;vc_col-md-3&#8243;]        \n        <div class=\"icon_text\">\n            <div class=\"icon_text_image\">\n                <img width=\"36\" height=\"36\" src=\"https:\/\/ketner.dk\/aalborg\/wp-content\/uploads\/2021\/01\/icons-white-tools.svg\" class=\"attachment-full size-full\" alt=\"\" srcset=\"https:\/\/ketner.dk\/aalborg\/wp-content\/uploads\/sites\/5\/\/2021\/01\/icons-white-tools.svg 150w, https:\/\/ketner.dk\/aalborg\/wp-content\/uploads\/sites\/5\/\/2021\/01\/icons-white-tools.svg 300w, https:\/\/ketner.dk\/aalborg\/wp-content\/uploads\/sites\/5\/\/2021\/01\/icons-white-tools.svg 1024w, https:\/\/ketner.dk\/aalborg\/wp-content\/uploads\/sites\/5\/\/2021\/01\/icons-white-tools.svg 36w\" sizes=\"(max-width: 36px) 100vw, 36px\" \/>            <\/div>\n            <div class=\"icon_text_content\">\n                <h3>Professionelt<\/h3>\n                <p>Vores v\u00e6rksted i Aalborg har branchens bedste og mest avancerede testudstyr.<\/p>\n            <\/div>\n        <\/div>\n\n        [\/vc_column_inner][vc_column_inner width=&#8221;1\/2&#8243; offset=&#8221;vc_col-md-3&#8243;]        \n        <div class=\"icon_text\">\n            <div class=\"icon_text_image\">\n                <img width=\"36\" height=\"36\" src=\"https:\/\/ketner.dk\/aalborg\/wp-content\/uploads\/2021\/01\/icons-white-car.svg\" class=\"attachment-full size-full\" alt=\"\" srcset=\"https:\/\/ketner.dk\/aalborg\/wp-content\/uploads\/sites\/5\/\/2021\/01\/icons-white-car.svg 150w, https:\/\/ketner.dk\/aalborg\/wp-content\/uploads\/sites\/5\/\/2021\/01\/icons-white-car.svg 300w, https:\/\/ketner.dk\/aalborg\/wp-content\/uploads\/sites\/5\/\/2021\/01\/icons-white-car.svg 1024w, https:\/\/ketner.dk\/aalborg\/wp-content\/uploads\/sites\/5\/\/2021\/01\/icons-white-car.svg 36w\" sizes=\"(max-width: 36px) 100vw, 36px\" \/>            <\/div>\n            <div class=\"icon_text_content\">\n                <h3>Altid gratis l\u00e5nebil<\/h3>\n                <p>Vi har altid en l\u00e5nebil klar til dig, s\u00e5 du er godt k\u00f8rende, mens din mekaniker i Aalborg tager sig af din bil.<\/p>\n            <\/div>\n        <\/div>\n\n        [\/vc_column_inner][vc_column_inner width=&#8221;1\/2&#8243; offset=&#8221;vc_col-md-3&#8243;]        \n        <div class=\"icon_text\">\n            <div class=\"icon_text_image\">\n                <img width=\"36\" height=\"36\" src=\"https:\/\/ketner.dk\/aalborg\/wp-content\/uploads\/2021\/01\/icons-white-list.svg\" class=\"attachment-full size-full\" alt=\"\" srcset=\"https:\/\/ketner.dk\/aalborg\/wp-content\/uploads\/sites\/5\/\/2021\/01\/icons-white-list.svg 150w, https:\/\/ketner.dk\/aalborg\/wp-content\/uploads\/sites\/5\/\/2021\/01\/icons-white-list.svg 300w, https:\/\/ketner.dk\/aalborg\/wp-content\/uploads\/sites\/5\/\/2021\/01\/icons-white-list.svg 1024w, https:\/\/ketner.dk\/aalborg\/wp-content\/uploads\/sites\/5\/\/2021\/01\/icons-white-list.svg 36w\" sizes=\"(max-width: 36px) 100vw, 36px\" \/>            <\/div>\n            <div class=\"icon_text_content\">\n                <h3>Serviceaftale<\/h3>\n                <p>P\u00e5 vores autov\u00e6rksted i Aalborg kan du tegne en fast serviceaftale. Den giver dig adgang til mange fordele billigt.<\/p>\n            <\/div>\n        <\/div>\n\n        [\/vc_column_inner][vc_column_inner width=&#8221;1\/2&#8243; offset=&#8221;vc_col-md-3&#8243;]        \n        <div class=\"icon_text\">\n            <div class=\"icon_text_image\">\n                <img width=\"36\" height=\"36\" src=\"https:\/\/ketner.dk\/aalborg\/wp-content\/uploads\/2021\/01\/icons-white-time-calendar.svg\" class=\"attachment-full size-full\" alt=\"\" srcset=\"https:\/\/ketner.dk\/aalborg\/wp-content\/uploads\/sites\/5\/\/2021\/01\/icons-white-time-calendar.svg 150w, https:\/\/ketner.dk\/aalborg\/wp-content\/uploads\/sites\/5\/\/2021\/01\/icons-white-time-calendar.svg 300w, https:\/\/ketner.dk\/aalborg\/wp-content\/uploads\/sites\/5\/\/2021\/01\/icons-white-time-calendar.svg 1024w, https:\/\/ketner.dk\/aalborg\/wp-content\/uploads\/sites\/5\/\/2021\/01\/icons-white-time-calendar.svg 36w\" sizes=\"(max-width: 36px) 100vw, 36px\" \/>            <\/div>\n            <div class=\"icon_text_content\">\n                <h3>Ingen ventetid<\/h3>\n                <p>Vores bilv\u00e6rksted i Aalborg giver dig altid den hurtigste mulige service, s\u00e5 du ikke skal undv\u00e6re din bil l\u00e6nge.<\/p>\n            <\/div>\n        <\/div>\n\n        [\/vc_column_inner][\/vc_row_inner][vc_empty_space height=&#8221;40px&#8221;]<a id=\"kontakt\" itemprop=\"url\" href=\"#\" target=\"_self\"  class=\"qbutton  white default\" style=\"margin: 0 20px 0 0; \">Kontakt os<i class=\"qodef-icon-dripicons dripicon dripicons-chevron-right qode_button_icon_element\" style=\"\" ><\/i><\/a>[\/vc_column][\/vc_row][vc_row css_animation=&#8221;&#8221; row_type=&#8221;row&#8221; use_row_as_full_screen_section=&#8221;no&#8221; type=&#8221;grid&#8221; angled_section=&#8221;no&#8221; text_align=&#8221;left&#8221; background_image_as_pattern=&#8221;without_pattern&#8221; el_class=&#8221;padding80 equal-height align-center&#8221; css=&#8221;.vc_custom_1610538788427{background-color: #f0f0f0 !important;}&#8221; z_index=&#8221;&#8221;][vc_column el_class=&#8221;paddingright&#8221;][vc_column_text]<\/p>\n<h2 style=\"text-align: center;\">Det siger vores kunder om os<\/h2>\n<p>[\/vc_column_text][vc_empty_space height=&#8221;40px&#8221;]        \n        <div class=\"testimonials-slider\">\n\n        \n        <div class=\"item\">\n            <div class=\"testimonial-wrapper\">\n                <div class=\"testimonial-image\">\n                                    <\/div>\n                <div class=\"testimonial-content\">\n                    <div class=\"testimonial-text\">\n                        <p>Kompetent r\u00e5dgivning. Fair priser. Hurtig betjening.\r\nHurtig at f\u00e5 en tid. Det blev billigere end de havde estimeret da de ved service vurderede at mine bagerste bremseskiver godt kunne k\u00f8re et par \u00e5r mere.\r\n<\/p>\n                    <\/div>\n                    <div class=\"testimonial-client\">\n                        <div class=\"testimonial-profile\">\n                                                            <img src=\"https:\/\/ketner.dk\/wp-content\/uploads\/2021\/01\/placeholder-150x150.jpg\" alt=\"Placeholder image\">\n                                                    <\/div>\n                        <div class=\"testimonial-info\">\n                            <p class=\"name\">Kenn Thomsen<\/p>\n                                                            <span class=\"service\">Fair priser og kompetent \u2022 <\/span>\n                                                    <\/div>\n                    <\/div>\n                <\/div>\n            <\/div>\n        <\/div>\n\n        \n        <div class=\"item\">\n            <div class=\"testimonial-wrapper\">\n                <div class=\"testimonial-image\">\n                                    <\/div>\n                <div class=\"testimonial-content\">\n                    <div class=\"testimonial-text\">\n                        <p>Super god hj\u00e6lp fra v\u00e6rksted.\r\nDe hentede min havareret bil med ekstern autohj\u00e6lp.\r\nFixede bilen.\r\nAfhentede min bil via deres n\u00f8gleboks udenfor \u00e5bningstid. Betalte med MobilePay.\r\nDet letteste jeg nogensinde har pr\u00f8vet\r\n<\/p>\n                    <\/div>\n                    <div class=\"testimonial-client\">\n                        <div class=\"testimonial-profile\">\n                                                            <img src=\"https:\/\/ketner.dk\/wp-content\/uploads\/2021\/01\/placeholder-150x150.jpg\" alt=\"Placeholder image\">\n                                                    <\/div>\n                        <div class=\"testimonial-info\">\n                            <p class=\"name\"> Jakob Bo<\/p>\n                                                            <span class=\"service\">Hurtigt og nemt \u2022 <\/span>\n                                                    <\/div>\n                    <\/div>\n                <\/div>\n            <\/div>\n        <\/div>\n\n        \n        <div class=\"item\">\n            <div class=\"testimonial-wrapper\">\n                <div class=\"testimonial-image\">\n                                    <\/div>\n                <div class=\"testimonial-content\">\n                    <div class=\"testimonial-text\">\n                        <p>N\u00e5r Tesla ikke har tid!\r\nFik en indikation p\u00e5 min telefon om at jeg havde lavt d\u00e6ktryk i mit venstre bagd\u00e6k.\r\nJeg oprettede en service sag igennem min Tesla app, de havde desv\u00e6rre f\u00f8rst en ledig tid om 3 uger.\r\nS\u00e5 kontaktede jeg Ketner, der havde tid samme dag, de fiksede problemet lynhurtigt mens vi ventede.\r\nSuper service, kan klart anbefale Ketner i stedet for og vente ved Tesla.\r\n<\/p>\n                    <\/div>\n                    <div class=\"testimonial-client\">\n                        <div class=\"testimonial-profile\">\n                                                            <img src=\"https:\/\/ketner.dk\/wp-content\/uploads\/2021\/01\/placeholder-150x150.jpg\" alt=\"Placeholder image\">\n                                                    <\/div>\n                        <div class=\"testimonial-info\">\n                            <p class=\"name\">Andreas Lindgaard<\/p>\n                                                            <span class=\"service\">Kort ventetid Tesla \u2022 <\/span>\n                                                    <\/div>\n                    <\/div>\n                <\/div>\n            <\/div>\n        <\/div>\n\n        \n        <div class=\"item\">\n            <div class=\"testimonial-wrapper\">\n                <div class=\"testimonial-image\">\n                                    <\/div>\n                <div class=\"testimonial-content\">\n                    <div class=\"testimonial-text\">\n                        <p>Vi havde en l\u00f8s nummerplade, som vi ringet til Ketner om vi kunne f\u00e5 fikset, da det var tyvesikret, og vi vidste ikke, hvordan man kunne g\u00f8re det ordentligt. Vi fil tilbudt en tid samme dag, som vi ikke kunne n\u00e5 men f\u00f8rste ting om morgen den n\u00e6ste dag kunne vi kom ind.\r\nJeg var m\u00f8dt med en venlig smil og f\u00f8lt mig taget rigtig godt imod, og indenfor 20 minutter var jeg p\u00e5 vej igen- hurtig og professionel service!!\r\n<\/p>\n                    <\/div>\n                    <div class=\"testimonial-client\">\n                        <div class=\"testimonial-profile\">\n                                                            <img src=\"https:\/\/ketner.dk\/wp-content\/uploads\/2021\/01\/placeholder-150x150.jpg\" alt=\"Placeholder image\">\n                                                    <\/div>\n                        <div class=\"testimonial-info\">\n                            <p class=\"name\">David<\/p>\n                                                            <span class=\"service\">Hurtig og professionel \u2022 <\/span>\n                                                    <\/div>\n                    <\/div>\n                <\/div>\n            <\/div>\n        <\/div>\n\n        \n        <div class=\"item\">\n            <div class=\"testimonial-wrapper\">\n                <div class=\"testimonial-image\">\n                                    <\/div>\n                <div class=\"testimonial-content\">\n                    <div class=\"testimonial-text\">\n                        <p>Ketner gav en ekstraordin\u00e6r god service, da jeg stod med et \u00f8delagt hjul efter en f\u00e6rgeoverfart. De tilb\u00f8d at blive l\u00e6ngere p\u00e5 arbejde s\u00e5 jeg kunne n\u00e5 at f\u00e5 bugseret bilen frem med vejhj\u00e6lp. Her blev jeg m\u00f8dt af venligt og meget forst\u00e5ende personale. Ud over en god service havde de ogs\u00e5 bredt udvalg af reservedele, da de var de eneste jeg kunne fange p\u00e5 telefonen, der kunne fremskaffe et 18\u201d hjul.\r\nKan kun give de bedste anbefalinger herfra.\r\n<\/p>\n                    <\/div>\n                    <div class=\"testimonial-client\">\n                        <div class=\"testimonial-profile\">\n                                                            <img src=\"https:\/\/ketner.dk\/wp-content\/uploads\/2021\/01\/placeholder-150x150.jpg\" alt=\"Placeholder image\">\n                                                    <\/div>\n                        <div class=\"testimonial-info\">\n                            <p class=\"name\">Birgitte Nielsen<\/p>\n                                                            <span class=\"service\">Ekstraordin\u00e6r god service \u2022 <\/span>\n                                                    <\/div>\n                    <\/div>\n                <\/div>\n            <\/div>\n        <\/div>\n\n        \n        <div class=\"item\">\n            <div class=\"testimonial-wrapper\">\n                <div class=\"testimonial-image\">\n                                    <\/div>\n                <div class=\"testimonial-content\">\n                    <div class=\"testimonial-text\">\n                        <p>Hvis jeg kunne give dem seks stjerner, ville jeg g\u00f8re det \ud83d\ude42 Min bil blev kasseret til syn med noget ratsl\u00f8r, som kr\u00e6vede en ny ratstamme til en samlet pris p\u00e5 omkring 18.000 kr. Ketner form\u00e5r dog at finde en alternativ l\u00f8sning, som kun koster 1.400 kr. Det er fandme i orden. K\u00e6mpeanbefaling. Hurtigt arbejde, megafleksible ift. tider og at n\u00e5 det inden omsyn og ringer\/kommunikerer som aftalt. Tak for god service \ud83d\ude42<\/p>\n                    <\/div>\n                    <div class=\"testimonial-client\">\n                        <div class=\"testimonial-profile\">\n                                                            <img src=\"https:\/\/ketner.dk\/wp-content\/uploads\/2021\/01\/placeholder-150x150.jpg\" alt=\"Placeholder image\">\n                                                    <\/div>\n                        <div class=\"testimonial-info\">\n                            <p class=\"name\">Peter Lauritsen<\/p>\n                                                            <span class=\"service\">Ratsl\u00f8r Tesla \u2022 <\/span>\n                                                    <\/div>\n                    <\/div>\n                <\/div>\n            <\/div>\n        <\/div>\n\n        \n        <\/div>\n\n        [\/vc_column][\/vc_row][vc_row css_animation=&#8221;&#8221; row_type=&#8221;row&#8221; use_row_as_full_screen_section=&#8221;no&#8221; type=&#8221;grid&#8221; angled_section=&#8221;no&#8221; text_align=&#8221;left&#8221; background_image_as_pattern=&#8221;without_pattern&#8221; el_class=&#8221;padding80&#8243; css=&#8221;.vc_custom_1611736988930{background-color: #fffffe !important;}&#8221; z_index=&#8221;&#8221;][vc_column][vc_column_text]<\/p>\n<h3>Nyd den ideelle atmosf\u00e6re ombord med en b\u00e5dvarmer fra Ebersp\u00e4cher eller Webasto<\/h3>\n<p>Med en nyinstalleret b\u00e5dvarmer kan du opleve sk\u00f8nheden ved vinterhalv\u00e5ret til havs. Hos Ketner leverer vi b\u00e5de luft-og vandvarmere, der sikrer dig en behagelig komfort. Vores b\u00e5dvarmere skaber \u00f8konomiske, effektive og p\u00e5lidelige l\u00f8sninger, s\u00e5 du kan f\u00f8le dig ekstra godt tilpas, n\u00e5r du er ude at sejle.<\/p>\n<p>P\u00e5 vores v\u00e6rksteder findes der en l\u00f8sning til ethvert behov. Kontakt os i dag og h\u00f8r meget mere om pris, montering eller noget helt tredje.<\/p>\n<p>Vi gl\u00e6der os til at byde dig velkommen p\u00e5 et af vores v\u00e6rksteder.[\/vc_column_text][\/vc_column][\/vc_row]<\/p>\n","protected":false},"excerpt":{"rendered":"<p>[vc_row css_animation=&#8221;&#8221; row_type=&#8221;row&#8221; use_row_as_full_screen_section=&#8221;no&#8221; type=&#8221;grid&#8221; angled_section=&#8221;no&#8221; text_align=&#8221;left&#8221; background_image_as_pattern=&#8221;without_pattern&#8221; el_class=&#8221;padding80 equal-height align-center&#8221; z_index=&#8221;&#8221; css=&#8221;.vc_custom_1620984749764{background-color: #fffffe !important;}&#8221;][vc_column el_class=&#8221;paddingright&#8221; offset=&#8221;vc_col-md-6&#8243;][vc_column_text] Forl\u00e6ng b\u00e5ds\u00e6sonen med en b\u00e5dvarmer Hos Ketner er vi meget mere end specialister i biler, vi er ogs\u00e5 eksperter i b\u00e5de og er leverand\u00f8r af det bedste indenfor&#8230;<\/p>\n","protected":false},"author":2,"featured_media":0,"parent":267,"menu_order":0,"comment_status":"closed","ping_status":"closed","template":"full_width.php","meta":[],"acf":[],"_links":{"self":[{"href":"https:\/\/ketner.dk\/aalborg\/wp-json\/wp\/v2\/pages\/1772"}],"collection":[{"href":"https:\/\/ketner.dk\/aalborg\/wp-json\/wp\/v2\/pages"}],"about":[{"href":"https:\/\/ketner.dk\/aalborg\/wp-json\/wp\/v2\/types\/page"}],"author":[{"embeddable":true,"href":"https:\/\/ketner.dk\/aalborg\/wp-json\/wp\/v2\/users\/2"}],"replies":[{"embeddable":true,"href":"https:\/\/ketner.dk\/aalborg\/wp-json\/wp\/v2\/comments?post=1772"}],"version-history":[{"count":4,"href":"https:\/\/ketner.dk\/aalborg\/wp-json\/wp\/v2\/pages\/1772\/revisions"}],"predecessor-version":[{"id":2676,"href":"https:\/\/ketner.dk\/aalborg\/wp-json\/wp\/v2\/pages\/1772\/revisions\/2676"}],"up":[{"embeddable":true,"href":"https:\/\/ketner.dk\/aalborg\/wp-json\/wp\/v2\/pages\/267"}],"wp:attachment":[{"href":"https:\/\/ketner.dk\/aalborg\/wp-json\/wp\/v2\/media?parent=1772"}],"curies":[{"name":"wp","href":"https:\/\/api.w.org\/{rel}","templated":true}]}}