{"id":1848,"date":"2021-05-26T13:37:15","date_gmt":"2021-05-26T13:37:15","guid":{"rendered":"https:\/\/lazzatest.dk\/ketner\/?page_id=1848"},"modified":"2021-07-02T09:43:31","modified_gmt":"2021-07-02T09:43:31","slug":"privatlivspolitik","status":"publish","type":"page","link":"https:\/\/ketner.dk\/aalborg\/privatlivspolitik\/","title":{"rendered":"Privatlivspolitik"},"content":{"rendered":"<p>[vc_row css_animation=&#8221;&#8221; row_type=&#8221;row&#8221; use_row_as_full_screen_section=&#8221;no&#8221; type=&#8221;grid&#8221; angled_section=&#8221;no&#8221; text_align=&#8221;left&#8221; background_image_as_pattern=&#8221;without_pattern&#8221; el_class=&#8221;padding80&#8243; z_index=&#8221;&#8221;][vc_column][vc_row_inner row_type=&#8221;row&#8221; type=&#8221;full_width&#8221; text_align=&#8221;right&#8221; css_animation=&#8221;&#8221;][vc_column_inner][vc_column_text]<\/p>\n<h2 style=\"text-align: left;\">Privatlivspolitik<\/h2>\n<p>[\/vc_column_text][\/vc_column_inner][\/vc_row_inner][vc_empty_space height=&#8221;40px&#8221;]        \n        <div class=\"box padding30\">\n            [vc_column_text]<\/p>\n<h3>1. Indledning<\/h3>\n<p>Denne politik beskriver, hvordan vi anvender og beskytter persondata, og skal sikre, at medarbejderne har kendskab til de regler, der g\u00e6lder for brug af de persondata, som de har adgang til som led i deres arbejde.<br \/>\nDenne politik supplerer vores andre politikker om it-sikkerhed, internet og e-mail o.l.<\/p>\n<p>Denne politik har til form\u00e5l at opfylde kravene i Persondataforordningen, herunder s\u00e6rligt art. 13<\/p>\n<p>Henrik Thomsen er ansvarlig for opdatering og kontrol af politikken.<\/p>\n<p>Hvor der i politikken henvises til lovartikler refererer dette til Persondataforordningen, og hvor der er tale om paragraf-henvisninger, sker dette til Persondataloven.<\/p>\n<p>&nbsp;<\/p>\n<h3>2. Generelt om behandling af persondata<\/h3>\n<p>Enhver behandling af persondata i vores virksomhed sker under henvisning til principperne om lovlighed, rimelighed og gennemsigtighed. Persondata indsamles alene til udtrykkeligt angivne og legitime form\u00e5l, ligesom vi iagttager princippet om dataminering. Vi tilstr\u00e6ber, at alle oplysninger er korrekte og ajourf\u00f8rte, ligesom principperne om opbevaringsbegr\u00e6nsning, integritet og fortrolighed og ikke mindst ansvarlighed er sat i h\u00f8js\u00e6det.<\/p>\n<p>Hvis du har sp\u00f8rgsm\u00e5l til vores behandling af persondata og denne persondatapolitik, er du altid velkommen til at kontakte Henrik Thomsen, der har det interne overordnede ansvar herfor.<\/p>\n<p>&nbsp;<\/p>\n<h3>3. Dataansvarlig<\/h3>\n<p>Ketner A\/S er dataansvarlig, og vi sikrer, at dine persondata behandles i overensstemmelse med lovgivningen.<\/p>\n<p>Kontaktoplysninger:<\/p>\n<p>Ketner A\/S<br \/>\nHjulmagervej 38, 9000 Aalborg<br \/>\nCvr. nr. 26053595<br \/>\nTelefonnr.: <a href=\"tel:+45 98 12 09 11\">+45 98 12 09 11<\/a><br \/>\nE-mail: <a href=\"mailto:info@ketner.dk\">info@ketner.dk<\/a><br \/>\nWebsite: <a href=\"https:\/\/ketner.dk\">ketner.dk<\/a><\/p>\n<p>&nbsp;<\/p>\n<h3>4. Behandlingsform\u00e5l; kategorier af oplysninger, der behandles<\/h3>\n<p>Form\u00e5let med behandling af persondata kan v\u00e6re mangeartede, men f\u00f8lgende eksempler er de mest g\u00e6ngse.<br \/>\nHvis vi undtagelsesvist skal behandle persondata til form\u00e5l, der er uforenelige med nedenst\u00e5ende, vil du blive orienteret herom. Tilsvarende g\u00e6lder, s\u00e5fremt vi indsamler eller behandler persondata fra andre end dig.<\/p>\n<p>&#8211; gennemf\u00f8relse af ordrer.<br \/>\n&#8211; registrering af k\u00f8ret\u00f8jer.<br \/>\n&#8211; h\u00e5ndtering af forsikrings- og finansieringsydelser.<br \/>\n&#8211; opfyldelse af reklamations- og garantiforpligtelser.<br \/>\n&#8211; opf\u00f8lgning p\u00e5 salg, udlejning og v\u00e6rkstedsbes\u00f8g.<br \/>\n&#8211; kommunikation i forbindelse med din ordre eller andre foresp\u00f8rgsler til os.<br \/>\n&#8211; sikring af brugervenlighed og sikkerhed.<br \/>\n&#8211; optimering af vores digitale l\u00f8sninger.<br \/>\n&#8211; mulighed for at deltage i kundeunders\u00f8gelser, konkurrencer, lodtr\u00e6kninger, m.m. via digitale l\u00f8sninger.<br \/>\n&#8211; Arkiv over registrerede produkter og tilh\u00f8rende personlige oplysninger.<\/p>\n<h4>4.1 Hvilke data indsamles<\/h4>\n<p>Vi anvender data om dig for at opfylde vores aftale med dig samt for at g\u00f8re vores service bedre og sikre kvalitet i vores produkter og tjenester. De persondata, vi behandler, omfatter:<\/p>\n<p>&#8211; Navn<br \/>\n&#8211; Adresse<br \/>\n&#8211; Postnr. og by<br \/>\n&#8211; Mailadresse<br \/>\n&#8211; Telefonnummer<\/p>\n<h4>4.1.1 Automatisk indsamlede data<\/h4>\n<p>Vi har en r\u00e6kke digitale l\u00f8sninger baseret p\u00e5 forskellige teknologier med det form\u00e5l at sikre brugervenlighed og sikkerhed. Disse teknologier kan automatisk opsamle data for at kunne tilbyde den bedst mulige l\u00f8sning, enten direkte af os eller af en tredjepart p\u00e5 vegne af os. Analyse af klikstr\u00f8ms data og cookies er eksempler p\u00e5 dette. Det g\u00e6lder eksempelvis vores kontaktfunktion p\u00e5 vores websider og den automatiske tidsbestilling herigennem.<\/p>\n<p>Alle bes\u00f8g til en digital l\u00f8sning medf\u00f8rer, at der sendes oplysninger fra den browser, du benytter, til en server.<br \/>\nDet er via analyse af disse data, at vi optimerer de digitale l\u00f8sninger. Data opsamles via tredjepart p\u00e5 vegne af os. Der kan opsamles data om din browser for at administrere vores system og foretage interne, marketingsrelaterede analyser baseret p\u00e5 din adf\u00e6rd. Eksempler p\u00e5 data, der opsamles og analyseres:<\/p>\n<p>&#8211; dato og tidspunkt for bes\u00f8g<br \/>\n&#8211; de sider, der bes\u00f8ges i l\u00f8sningen<br \/>\n&#8211; IP-adressen, du benytter<br \/>\n&#8211; IP-adressens geografiske placering<br \/>\n&#8211; oplysninger om den anvendte browser og computer (type, version, operativsystem m.m.)<br \/>\n&#8211; URL fra henvisningssted (siden, hvorfra den bes\u00f8gende er kommet til vores l\u00f8sning)<\/p>\n<p>Vi anvender eksterne virksomheder til at opretholde den tekniske drift af vores Websteder, ERP system og lignende services. De eksterne virksomheder fungerer som databehandlere for os. Vi er dataansvarlige for det indsamlede data, og de indsamlede data bliver ikke videregivet, medmindre der foreligger et samtykke eller der er tale om en retsligt krav.<\/p>\n<h4>4.1.2 Oplysninger du selv afgiver<\/h4>\n<p>Vi noterer naturligvis de oplysninger, du selv giver os i forbindelse med et fysisk bes\u00f8g eller et bes\u00f8g p\u00e5 vores webside.<\/p>\n<p>Eksempler p\u00e5 data, som du aktivt afgiver, er som oftest almindelige og omfatter navn, adresse, telefonnummer, e-mailadresse m.v. og stammer oftest fra:<\/p>\n<p>&#8211; Oplysninger du deler med os via sociale medier &#8211; Oplysninger sendt p\u00e5 e-mail<br \/>\n&#8211; Oplysninger vi modtager fra dig i forbindelse med gennemf\u00f8relse af ordre<br \/>\n&#8211; Oplysninger du deler med os, n\u00e5r du deltager i unders\u00f8gelser, events og konkurrencer<\/p>\n<p>Listen er ikke udt\u00f8mmende.<\/p>\n<p>&nbsp;<\/p>\n<h3>5. Behandlingsgrundlag<\/h3>\n<p>Persondata behandles hovedsagelig med hjemmel i art. 6.1.b, idet behandling er n\u00f8dvendig af hensyn til opfyldelse af kontraktretlige forpligtelser mellem os.<\/p>\n<p>Visse oplysninger, herunder f\u00f8lsomme, behandles i videst muligt omfang p\u00e5 baggrund af et samtykke, jf. straks nedenfor.<\/p>\n<p>&nbsp;<\/p>\n<h3>6. Modtagere og videregivelse af persondata<\/h3>\n<p>Vi videregiver udelukkende persondata til tredjepart i overensstemmelse med, hvad der er anf\u00f8rt i denne privatlivspolitik.<\/p>\n<p>Vi kan videregive dine oplysninger, s\u00e5fremt vi er forpligtet til at videregive eller dele disse, for at overholde en retslig forpligtelse. Videregivelse kan ogs\u00e5 ske efter anvisning fra en domstol eller en anden myndighed, eller for at beskytte varem\u00e6rker, rettigheder eller ejendom. Dette indeb\u00e6rer udveksling af oplysninger med andre virksomheder og organisationer med henblik p\u00e5 beskyttelse mod svindel.<\/p>\n<p>Vi anvender tjenesteudbydere og databehandlere, der udf\u00f8rer arbejde p\u00e5 vores vegne. Tjenesterne kan fx v\u00e6re server hosting og systemvedligeholdelse, analyse, betalingsl\u00f8sninger, adresse- og soliditetskontrol, e-mail service, m.m. Disse samarbejdspartnere kan f\u00e5 adgang til data i det omfang, det er n\u00f8dvendigt for at levere deres tjenester og services. Samarbejdspartnerne vil v\u00e6re kontraktligt forpligtet til at behandle alle data strengt fortroligt, og har dermed ikke tilladelse til at anvende data til andet end, hvad der er omfattet af den kontraktuelle forpligtelse overfor os. Vi kontrollerer, at vores samarbejdspartnere indenfor databehandling overholder deres forpligtelser. S\u00e5fremt vi videregiver dine oplysninger til en tjenesteudbyder eller databehandler udenfor EU, sikrer vi, at vi overholder de krav lovgivningen stiller til s\u00e5danne overf\u00f8rsler.<\/p>\n<p>Vi indsamler aldrig persondata, uden at du selv har givet os disse oplysninger ved registrering, k\u00f8b eller deltagelse i en unders\u00f8gelse m.v.<\/p>\n<p>&nbsp;<\/p>\n<h3>7. Opbevaringstids og slettepolitik<\/h3>\n<p>Vi gemmer oplysninger om dig, s\u00e5 l\u00e6nge vi har et legitimt og sagligt grundlag herfor, herunder s\u00e5 vi har mulighed for at betjene dig og din bil bedst muligt.<\/p>\n<p>Som udgangspunkt vil alle persondata blive slettet efter 5 \u00e5r efter afslutning af kundeforholdet, hvorved der menes sidste aktive transaktion. Persondata kan blive gemt l\u00e6ngere, s\u00e5fremt der er et sagligt behov herfor, eksempelvis hvis et retskrav skal fastl\u00e6gges, g\u00f8res g\u00e6ldende eller forsvares, jf. art. 17.3.e.<\/p>\n<p>Cookies, jf. pkt. 4 slettes dog senest 12 m\u00e5neder efter brug.<\/p>\n<p>&nbsp;<\/p>\n<h3>8. Indsigtsret, berigtigelse og sletning (art. 13.2.B, jf. art. 15.)<\/h3>\n<p>Du har en ret til at anmode om indsigt i forhold til de oplysninger, som vi behandler. De oplysninger, du kan anmode om er i hvert fald:<\/p>\n<p>&#8211; at der behandles persondata<br \/>\n&#8211; hvad der behandles<br \/>\n&#8211; form\u00e5lene med behandlingen<br \/>\n&#8211; de ber\u00f8rte kategorier af persondata (almindelige eller f\u00f8lsomme)<br \/>\n&#8211; tidsrummet, hvori de behandles, herunder opbevares<br \/>\n&#8211; retten til at<br \/>\n&#8211; anmode om berigtigelse eller sletning<br \/>\n&#8211; indgive klage til Datatilsynet<\/p>\n<p>Du har ret til at f\u00e5 urigtig oplysninger om dig selv korrigeret uden un\u00f8dig forsinkelse. Du m\u00e5 selv tage initiativet til en s\u00e5dan berigtigelse.<\/p>\n<p>Du kan ligeledes anmode om at blive slettet (\u201dretten til at blive glemt\u201d), dog f\u00f8rst efter udl\u00f8bet af vores lovgivningsm\u00e6ssige opbevaringspligt i medf\u00f8r af bogf\u00f8ringsloven. Du kan ogs\u00e5 kontakte os, hvis du mener, at dine persondata bliver behandlet i strid med lovgivningen eller andre retlige forpligtelser.<\/p>\n<p>N\u00e5r du henvender dig med en anmodning om at f\u00e5 rettet eller slettet dine persondata, unders\u00f8ger vi, om betingelserne er opfyldt, og gennemf\u00f8rer i s\u00e5 fald \u00e6ndringer eller sletning s\u00e5 hurtigt som muligt.<\/p>\n<p>Hvis du \u00f8nsker adgang til de oplysninger, som er registreret om dig hos os via vores cookies, skal du rette henvendelse p\u00e5 web@lazzaweb.dk eller telefon 71 99 71 40. Er der registreret forkerte data, eller har du andre indsigelser, kan du rette henvendelse samme sted. Du har mulighed for at f\u00e5 indsigt i, hvilke informationer der er registreret om dig, og du kan g\u00f8re indsigelse mod en registrering heroverfor.<\/p>\n<p>&nbsp;<\/p>\n<h3>9. Dataportabilitet og profilering<\/h3>\n<p>Du har ret til at modtage de persondata, du har stillet til r\u00e5dighed for os, og dem, vi har indhentet om dig hos andre akt\u00f8rer p\u00e5 baggrund af dit samtykke. Hvis vi behandler data om dig som led i en kontrakt, hvor du er part, kan du ogs\u00e5 f\u00e5 tilsendt dine data. Du har ogs\u00e5 ret til at overf\u00f8re disse persondata til en anden tjenesteudbyder.<\/p>\n<p>Hvis du \u00f8nsker at bruge din ret til data-portabilitet, vil du modtage dine persondata fra os i et almindeligt anvendt format.<\/p>\n<p>Vi foretager i almindelighed ikke profilering, dvs. automatiserede afg\u00f8relser til brug for analyser eller lignende.<\/p>\n<p>&nbsp;<\/p>\n<h3>10. Samtykke<\/h3>\n<p>Hvor samtykke er n\u00f8dvendigt som behandlingsgrundlag, skal vi kunne dokumentere, at der foreligger et s\u00e5dant. Derfor kr\u00e6ver vi altid et samtykke skriftligt.<\/p>\n<p>Et samtykke er en frivillig, specifik, informeret og utvetydig viljestilkendegivelse omkring en behandling af personoplysninger. Du kan til enhver tid tr\u00e6kke dit samtykke tilbage, og s\u00e5fremt det er eneste behandlingsgrundlag, vil fremtidig behandling oph\u00f8re. Vores opbevaringspligt og -ret \u00e6ndres dog ikke heraf.<\/p>\n<p>Samtykket kan tr\u00e6kkes tilbage ved at rette henvendelse til os p\u00e5 de kontaktoplysninger, der er anf\u00f8rt under pkt. 3.<\/p>\n<p>&nbsp;<\/p>\n<h3>11. Cookies<\/h3>\n<h4>11.1 Hvad er cookies?<\/h4>\n<p>Cookies er sm\u00e5 tekstfiler, der indeholder bogstaver og tal, som s\u00e6ttes p\u00e5 din computer eller anden enhed.<br \/>\nCookies s\u00e6ttes, n\u00e5r du bes\u00f8ger et websted, der bruger cookies og de kan bruges til at holde styr p\u00e5 hvilke sider du har bes\u00f8gt, de kan hj\u00e6lpe dig til at forts\u00e6tte, hvor du slap eller de kan huske dine sprogindstillinger eller andre pr\u00e6ferencer. Der er ingen personlige oplysninger gemt i vores cookies, og de kan ikke indeholde virus.<\/p>\n<p>Hvis vi placerer cookies, bliver du informeret om anvendelsen og form\u00e5let med at indsamle data via cookies. Samtidig bliver du bedt om at afgive dit samtykke. N\u00f8dvendige cookies til sikring af funktionalitet og indstillinger kan dog anvendes dog uden dit samtykke.<\/p>\n<h4>11.2 Cookietyper og deres form\u00e5l<\/h4>\n<p>Form\u00e5let med cookies er at foretage trafikm\u00e5ling og lette din brugeroplevelse af websiden. Websiden bruger cookies fra Google Analytics til at m\u00e5le trafikken p\u00e5 websitet.<\/p>\n<p>Du kan frav\u00e6lge cookies fra Google Analytics her: <a href=\"http:\/\/tools.google.com\/dlpage\/gaoptout\" target=\"_blank\" rel=\"noopener\">http:\/\/tools.google.com\/dlpage\/gaoptout<\/a><\/p>\n<h4>11.3 Slet eller sl\u00e5 cookies fra i browseren<\/h4>\n<p>Du kan altid afvise cookies p\u00e5 din computer ved at \u00e6ndre indstillingerne i din browser. Hvor du finder indstillingerne afh\u00e6nger af, hvilken browser du anvender. Du skal dog v\u00e6re opm\u00e6rksom p\u00e5, at hvis du g\u00f8r det, er der mange funktioner og services p\u00e5 internettet, du ikke kan bruge.<\/p>\n<p>Alle browsere tillader, at du sletter dine cookies samlet eller enkeltvis. Hvordan du g\u00f8r det afh\u00e6nger af, hvilken browser du anvender. Husk, at bruger du flere browsere, skal du slette cookies i dem alle.<\/p>\n<p>L\u00e6s mere om sletning og h\u00e5ndtering her: <a href=\"http:\/\/minecookies.org\/cookiehandtering\" target=\"_blank\" rel=\"noopener\">http:\/\/minecookies.org\/cookiehandtering<\/a><\/p>\n<p>&nbsp;<\/p>\n<h3>12. Sikkerhed<\/h3>\n<p>Vi beskytter dine persondata og har et s\u00e6t interne regler om informations- og IT-sikkerhed.<\/p>\n<p>Vores interne sikkerhedsregler indeholder instrukser og foranstaltninger, der beskytter dine persondata mod at blive tilintetgjort, g\u00e5 tabt eller blive \u00e6ndret, mod uautoriseret offentligg\u00f8relse, og mod at uvedkommende f\u00e5r adgang eller kendskab til dem.<\/p>\n<p>Vi har fastlagte procedurer for tildeling af adgangsrettigheder til de af vores medarbejdere, der behandler persondata, herunder f\u00f8lsomme. Vi kontrollerer deres faktiske adgang gennem logning, koder og tilsyn. For at undg\u00e5 datatab tager vi l\u00f8bende back up af vores datas\u00e6t.<\/p>\n<p>I tilf\u00e6lde af et sikkerhedsbrud, der resulterer i en h\u00f8j risiko for dig for diskrimination, ID-tyveri, \u00f8konomisk tab, tab af omd\u00f8mme eller anden v\u00e6sentlig ulempe, vil vi underrette dig om sikkerhedsbruddet s\u00e5 hurtigt som muligt, ligesom vi har en lovbestemt anmeldelsespligt.<\/p>\n<p>&nbsp;<\/p>\n<h3>13. Klager (art. 77)<\/h3>\n<p>Enhver registreret har ret til at indgive klage til Datatilsynet over vores behandling af persondata.<\/p>\n<p>Klage sker ved henvendelse til:<\/p>\n<p>Datatilsynet<br \/>\nBorgergade 28, 5.<br \/>\n1300 K\u00f8benhavn K<br \/>\ne-mail: <a href=\"mailto:dt@datatilsynet.dk\">dt@datatilsynet.dk<\/a><br \/>\ntlf: 3319 3200<\/p>\n<p>&nbsp;<\/p>\n<h3>14. Version og opdatering<\/h3>\n<p>Den hurtige udvikling af internettet betyder, at \u00e6ndringer i vores privatlivspolitik kan blive n\u00f8dvendige. Vi forbeholder os derfor ret til at opdatere og \u00e6ndre n\u00e6rv\u00e6rende retningslinjer for behandling af persondata. G\u00f8r vi det, retter vi selvf\u00f8lgeligt datoen for \u201csidst opdateret\u201d nederst p\u00e5 siden. I tilf\u00e6lde af v\u00e6sentlige \u00e6ndringer giver vi dig besked i form af en synlig meddelelse p\u00e5 vores webside.<\/p>\n<p>Denne privatlivspolitik er senest \u00e6ndret den 19. maj 2021.[\/vc_column_text]        <\/div>\n\n        [vc_empty_space height=&#8221;40px&#8221;][\/vc_column][\/vc_row]<\/p>\n","protected":false},"excerpt":{"rendered":"<p>[vc_row css_animation=&#8221;&#8221; row_type=&#8221;row&#8221; use_row_as_full_screen_section=&#8221;no&#8221; type=&#8221;grid&#8221; angled_section=&#8221;no&#8221; text_align=&#8221;left&#8221; background_image_as_pattern=&#8221;without_pattern&#8221; el_class=&#8221;padding80&#8243; z_index=&#8221;&#8221;][vc_column][vc_row_inner row_type=&#8221;row&#8221; type=&#8221;full_width&#8221; text_align=&#8221;right&#8221; css_animation=&#8221;&#8221;][vc_column_inner][vc_column_text] Privatlivspolitik [\/vc_column_text][\/vc_column_inner][\/vc_row_inner][vc_empty_space height=&#8221;40px&#8221;][vc_empty_space height=&#8221;40px&#8221;][\/vc_column][\/vc_row]<\/p>\n","protected":false},"author":2,"featured_media":0,"parent":0,"menu_order":0,"comment_status":"closed","ping_status":"closed","template":"full_width.php","meta":[],"acf":[],"_links":{"self":[{"href":"https:\/\/ketner.dk\/aalborg\/wp-json\/wp\/v2\/pages\/1848"}],"collection":[{"href":"https:\/\/ketner.dk\/aalborg\/wp-json\/wp\/v2\/pages"}],"about":[{"href":"https:\/\/ketner.dk\/aalborg\/wp-json\/wp\/v2\/types\/page"}],"author":[{"embeddable":true,"href":"https:\/\/ketner.dk\/aalborg\/wp-json\/wp\/v2\/users\/2"}],"replies":[{"embeddable":true,"href":"https:\/\/ketner.dk\/aalborg\/wp-json\/wp\/v2\/comments?post=1848"}],"version-history":[{"count":1,"href":"https:\/\/ketner.dk\/aalborg\/wp-json\/wp\/v2\/pages\/1848\/revisions"}],"predecessor-version":[{"id":2245,"href":"https:\/\/ketner.dk\/aalborg\/wp-json\/wp\/v2\/pages\/1848\/revisions\/2245"}],"wp:attachment":[{"href":"https:\/\/ketner.dk\/aalborg\/wp-json\/wp\/v2\/media?parent=1848"}],"curies":[{"name":"wp","href":"https:\/\/api.w.org\/{rel}","templated":true}]}}