{"id":191,"date":"2021-01-14T13:37:51","date_gmt":"2021-01-14T13:37:51","guid":{"rendered":"https:\/\/lazzatest.dk\/ketner\/aalborg\/?page_id=191"},"modified":"2021-10-13T08:32:18","modified_gmt":"2021-10-13T08:32:18","slug":"find-vaerksted","status":"publish","type":"page","link":"https:\/\/ketner.dk\/aalborg\/find-vaerksted\/","title":{"rendered":"Find v\u00e6rksted"},"content":{"rendered":"<p>[vc_row css_animation=&#8221;&#8221; row_type=&#8221;row&#8221; use_row_as_full_screen_section=&#8221;no&#8221; type=&#8221;grid&#8221; angled_section=&#8221;no&#8221; text_align=&#8221;left&#8221; background_image_as_pattern=&#8221;without_pattern&#8221; el_class=&#8221;padding80&#8243; z_index=&#8221;&#8221;][vc_column][vc_row_inner row_type=&#8221;row&#8221; type=&#8221;full_width&#8221; text_align=&#8221;right&#8221; css_animation=&#8221;&#8221;][vc_column_inner][vc_column_text]<\/p>\n<h2 style=\"text-align: left;\">Find et autov\u00e6rksted i n\u00e6rheden af dig<\/h2>\n<p>[\/vc_column_text][\/vc_column_inner][\/vc_row_inner][vc_empty_space height=&#8221;40px&#8221;][vc_row_inner row_type=&#8221;row&#8221; type=&#8221;full_width&#8221; text_align=&#8221;left&#8221; css_animation=&#8221;&#8221;][vc_column_inner width=&#8221;1\/2&#8243; css=&#8221;.vc_custom_1634113894960{padding-right: 10px !important;padding-left: 10px !important;}&#8221; offset=&#8221;vc_col-md-1\/5&#8243;]        \n        <div class=\"city_box\">\n            <a href=\"https:\/\/ketner.dk\/aalborg\/\" target=\"_self\">\n                <div class=\"city_image\">\n                    <img width=\"1600\" height=\"900\" src=\"https:\/\/ketner.dk\/aalborg\/wp-content\/uploads\/2021\/07\/2.jpg\" class=\"attachment-full size-full\" alt=\"\" \/>                <\/div>\n                <div class=\"city_content\">\n                    <h4>Aalborg<\/h4>\n                <\/div>\n            <\/a>\n        <\/div>\n\n        [\/vc_column_inner][vc_column_inner width=&#8221;1\/2&#8243; css=&#8221;.vc_custom_1634113902320{padding-right: 10px !important;padding-left: 10px !important;}&#8221; offset=&#8221;vc_col-md-1\/5&#8243;]        \n        <div class=\"city_box\">\n            <a href=\"https:\/\/ketner.dk\/aarhus\/\" target=\"_self\">\n                <div class=\"city_image\">\n                    <img width=\"1600\" height=\"900\" src=\"https:\/\/ketner.dk\/aalborg\/wp-content\/uploads\/2021\/07\/5.jpg\" class=\"attachment-full size-full\" alt=\"\" \/>                <\/div>\n                <div class=\"city_content\">\n                    <h4>Aarhus<\/h4>\n                <\/div>\n            <\/a>\n        <\/div>\n\n        [\/vc_column_inner][vc_column_inner width=&#8221;1\/2&#8243; css=&#8221;.vc_custom_1634113935274{padding-right: 10px !important;padding-left: 10px !important;}&#8221; offset=&#8221;vc_col-md-1\/5&#8243;]        \n        <div class=\"city_box\">\n            <a href=\"https:\/\/ketner.dk\/herning\/\" target=\"_self\">\n                <div class=\"city_image\">\n                    <img width=\"1600\" height=\"900\" src=\"https:\/\/ketner.dk\/aalborg\/wp-content\/uploads\/2021\/07\/1.jpg\" class=\"attachment-full size-full\" alt=\"\" \/>                <\/div>\n                <div class=\"city_content\">\n                    <h4>Herning<\/h4>\n                <\/div>\n            <\/a>\n        <\/div>\n\n        [\/vc_column_inner][vc_column_inner width=&#8221;1\/2&#8243; css=&#8221;.vc_custom_1634113932123{padding-right: 10px !important;padding-left: 10px !important;}&#8221; offset=&#8221;vc_col-md-1\/5&#8243;]        \n        <div class=\"city_box\">\n            <a href=\"https:\/\/ketner.dk\/holstebro\/\" target=\"_self\">\n                <div class=\"city_image\">\n                    <img width=\"1600\" height=\"900\" src=\"https:\/\/ketner.dk\/aalborg\/wp-content\/uploads\/2021\/07\/3.jpg\" class=\"attachment-full size-full\" alt=\"\" \/>                <\/div>\n                <div class=\"city_content\">\n                    <h4>Holstebro<\/h4>\n                <\/div>\n            <\/a>\n        <\/div>\n\n        [\/vc_column_inner][vc_column_inner width=&#8221;1\/2&#8243; css=&#8221;.vc_custom_1634113928852{padding-right: 10px !important;padding-left: 10px !important;}&#8221; offset=&#8221;vc_col-md-1\/5&#8243;]        \n        <div class=\"city_box\">\n            <a href=\"https:\/\/ketner.dk\/kolding\/\" target=\"_self\">\n                <div class=\"city_image\">\n                    <img width=\"1600\" height=\"900\" src=\"https:\/\/ketner.dk\/aalborg\/wp-content\/uploads\/2021\/07\/4.jpg\" class=\"attachment-full size-full\" alt=\"\" \/>                <\/div>\n                <div class=\"city_content\">\n                    <h4>Kolding<\/h4>\n                <\/div>\n            <\/a>\n        <\/div>\n\n        [\/vc_column_inner][\/vc_row_inner][\/vc_column][\/vc_row][vc_row css_animation=&#8221;&#8221; row_type=&#8221;row&#8221; use_row_as_full_screen_section=&#8221;no&#8221; type=&#8221;grid&#8221; angled_section=&#8221;no&#8221; text_align=&#8221;left&#8221; background_image_as_pattern=&#8221;without_pattern&#8221; css=&#8221;.vc_custom_1612780178747{padding-bottom: 0px !important;background-color: #fffffe !important;}&#8221; z_index=&#8221;&#8221; el_class=&#8221;padding60&#8243;][vc_column]        \n        <div class=\"box \">\n            [vc_column_text]\n            <div \n                class=\"elfsight-widget-google-maps elfsight-widget\" \n                data-elfsight-google-maps-options=\"%7B%22categoriesEnabled%22%3Atrue%2C%22categories%22%3A%5B%5D%2C%22icons%22%3A%5B%7B%22value%22%3A%22%22%2C%22name%22%3A%22%20-%20None%20-%20%22%2C%22visible%22%3Afalse%7D%2C%7B%22value%22%3A%22607cdddb-28db-4550-8d9b-6e76cc26411f%22%2C%22name%22%3A%22pin%22%2C%22preview%22%3A%22https%3A%5C%2F%5C%2Fassets-elfsight-com.sfo2.digitaloceanspaces.com%5C%2Fapps%5C%2Fgoogle-maps%5C%2Fmarkers%5C%2Fmarker-pin.svg%22%2C%22iconType%22%3A%22library%22%2C%22iconLibrary%22%3A%22pin%22%2C%22iconCustom%22%3Anull%2C%22iconColor%22%3A%22%22%2C%22iconSize%22%3A64%7D%5D%2C%22lang%22%3A%22da%22%2C%22distanceUnits%22%3A%22km%22%2C%22markers%22%3A%5B%7B%22position%22%3A%2257.03979791151176%2C%209.923072214457628%22%2C%22coordinates%22%3A%2257.03979791151176%2C%209.923072214457628%22%2C%22infoTitle%22%3A%22Ketner%20Aalborg%22%2C%22category%22%3A%22%22%2C%22icon%22%3A%22607cdddb-28db-4550-8d9b-6e76cc26411f%22%2C%22infoDescription%22%3A%22%22%2C%22infoImage%22%3A%7B%22name%22%3A%22%22%2C%22url%22%3A%22%22%7D%2C%22infoAddress%22%3A%22Hjulmagervej%2038%209000%20Aalborg%22%2C%22infoSite%22%3A%22https%3A%5C%2F%5C%2Fketner.dk%5C%2Faalborg%22%2C%22infoPhone%22%3A%22%2B45%2098%2012%2009%2011%22%2C%22infoEmail%22%3A%22aalborg%40ketner.dk%22%2C%22infoWorkingHours%22%3A%22Mandag%2007%3A30%20-%2016%3A30%20%3Cbr%3ETirsdag%2007%3A30%20-%2016%3A30%20%3Cbr%3EOnsdag%2007%3A30%20-%2016%3A30%20%3Cbr%3ETorsdag%2007%3A30%20-%2016%3A30%20%3Cbr%3EFredag%2007%3A30%20-%2015%3A00%22%2C%22markerClickAction%22%3A%22infoWindow%22%2C%22infoWindowOpenedByDefault%22%3Afalse%2C%22linkUrl%22%3A%22%22%2C%22animation%22%3A%22none%22%7D%5D%2C%22mapType%22%3A%22roadmap%22%2C%22center%22%3A%22auto%22%2C%22zoom%22%3A%22auto%22%2C%22controls%22%3A%5B%22zoom%22%2C%22mapType%22%2C%22scale%22%2C%22streetView%22%2C%22rotate%22%2C%22fullScreen%22%5D%2C%22markerClusterEnabled%22%3Atrue%2C%22markerClusterZoom%22%3Atrue%2C%22markerClusterMin%22%3A2%2C%22markerClusterIcon%22%3A%22default%22%2C%22markerClusterIconColor%22%3A%22%22%2C%22markerClusterIconUrl%22%3Anull%2C%22markerClusterSize%22%3A52%2C%22infoDirections%22%3Atrue%2C%22directionsTarget%22%3A%22google%22%2C%22scrollwheel%22%3Afalse%2C%22draggable%22%3Atrue%2C%22layers%22%3A%5B%5D%2C%22width%22%3A%22auto%22%2C%22height%22%3A%22700%22%2C%22panelEnabled%22%3Atrue%2C%22panelOpenByDefault%22%3Atrue%2C%22panelSearchVisible%22%3Atrue%2C%22panelSearchBy%22%3A%22markers%22%2C%22panelSearchPlaceholder%22%3A%22S%5Cu00f8g%22%2C%22panelListItemElements%22%3A%5B%22title%22%2C%22category%22%2C%22image%22%2C%22address%22%2C%22phone%22%2C%22email%22%5D%2C%22mainColor%22%3A%22rgb%2866%2C%20133%2C%20244%29%22%2C%22style%22%3A%22default%22%2C%22colorGeometry%22%3A%22%22%2C%22colorLabelsTextFill%22%3A%22%22%2C%22colorLabelsTextStroke%22%3A%22%22%2C%22colorAdministrativeGeometryStroke%22%3A%22%22%2C%22colorAdministrativeLandParcel%22%3A%22%22%2C%22colorLandscapeNaturalGeometry%22%3A%22%22%2C%22colorPoiGeometry%22%3A%22%22%2C%22colorPoiLabelsTextFill%22%3A%22%22%2C%22colorPoiParkGeometryFill%22%3A%22%22%2C%22colorPoiParkLabelsTextFill%22%3A%22%22%2C%22colorRoadGeometry%22%3A%22%22%2C%22colorRoadArterial%22%3A%22%22%2C%22colorRoadHighway%22%3A%22%22%2C%22colorRoadHighwayGeometryStroke%22%3A%22%22%2C%22colorRoadHighwayControlledAccessGeometry%22%3A%22%22%2C%22colorRoadHighwayControlledAccessGeometryStroke%22%3A%22%22%2C%22colorRoadLocalLabelsTextFill%22%3A%22%22%2C%22colorTransitLineGeometry%22%3A%22%22%2C%22colorTransitLineLabelsTextFill%22%3A%22%22%2C%22colorTransitLineLabelsTextStroke%22%3A%22%22%2C%22colorTransitStationGeometry%22%3A%22%22%2C%22colorWaterGeometryFill%22%3A%22%22%2C%22colorWaterLabelTextFill%22%3A%22%22%2C%22customGoogleMapsStyles%22%3A%22%22%2C%22apiKey%22%3A%22AIzaSyB1ohONfrxy1Tb0AGLyVVByVujNaYQKHA8%22%2C%22widgetId%22%3A%221%22%7D\" \n                data-elfsight-google-maps-version=\"2.4.1\"\n                data-elfsight-widget-id=\"elfsight-google-maps-1\">\n            <\/div>\n            [\/vc_column_text]        <\/div>\n\n        [\/vc_column][\/vc_row][vc_row css_animation=&#8221;&#8221; row_type=&#8221;row&#8221; use_row_as_full_screen_section=&#8221;no&#8221; type=&#8221;grid&#8221; angled_section=&#8221;no&#8221; text_align=&#8221;left&#8221; background_image_as_pattern=&#8221;without_pattern&#8221; el_class=&#8221;padding80&#8243; css=&#8221;.vc_custom_1612780031912{background-color: #fffffe !important;}&#8221; z_index=&#8221;&#8221;][vc_column][vc_column_text]<\/p>\n<h3>Ketner: Dedikeret til at holde Danmark godt k\u00f8rende<\/h3>\n<p>Ketner har eksisteret siden 1904, hvor cykelsmed Axel Ketner grundlagde firmaet. I 2014 overtager Nordjysk Diesel-Elektro firmaet, og i dag har vi afdelinger i Aalborg, Aarhus, Holstebro, Herning og Kolding. I \u00f8vrigt er vi Danmarks st\u00f8rste dieselleverand\u00f8r og dieselspecialist, men selvom vi specielt er kendt for vores ekspertise inden for dieselomr\u00e5det, kan vi meget mere. Vores medarbejdere p\u00e5 de forskellige autov\u00e6rksteder er alle erfarne specialister, der har mange \u00e5rs erfaring inden for branchen. Derfor er vores specialer mange, og vi tilbyder blandt andet rensning af partikelfilter, d\u00e6kservice og service af udst\u00f8dningssystem. Du kan finde flere oplysninger om alle vores specialer p\u00e5 de forskellige afdelingers hjemmeside.<\/p>\n<h3>Et kompetencecenter af muligheder for din bil<\/h3>\n<p>Vi er en del af Bosch Car Service. Det betyder, at flere af vores mekanikere er efteruddannede hos Bosch Danmark og at mange af vores reservedele kommer fra Bosch. Vores mekanikere er derfor erfarne og har stor viden inden for det de laver og de reservedele, de arbejder med. Vi har stor teknisk know-how og er i besiddelse af det nyeste og bedste udstyr inden for branchen. Din bil er derfor altid i trygge h\u00e6nder, n\u00e5r den indleveres hos en af vores autov\u00e6rksteder. Fordi vi er en del af Bosch Car Service, kan vores autov\u00e6rksteder tage imod alle slags biler. Vores mekanikerteam udf\u00f8rer en professionel service \u2013 helt uden ventetid. Vi udf\u00f8rer reparationer af alle slags, for vi er kendt som problemknusere, der til dagligt l\u00f8ser b\u00e5de store og sm\u00e5 opgaver. Oplever du derfor det mindste med din bil, kan du altid kontakte os. S\u00e5 skal vi g\u00f8re vores bedste for at hj\u00e6lpe dig trygt tilbage p\u00e5 vejene igen. Vi klarer blandt andet serviceeftersyn, olieskift, reparation af bremser, udskiftning af tandrem, hjulskifte og d\u00e6kskifte, klarg\u00f8ring til syn samt syn af bilen, udst\u00f8dning og styret\u00f8j.<\/p>\n<p>Indleverer du din bil til service hos os, f\u00e5r du i din servicebog et kvalitetsstempel p\u00e5, at vi har leveret en komplet servicering af din bil. Der er ingen skjulte efterregninger hos os. Vi oplyser og aftaler altid prisen med dig, inden vi udskifter noget p\u00e5 din bil. Vi behandler din bil, som var det vores egen. Oplever du problemer med din bil, som vi skal hj\u00e6lpe dig med, kan du kontakte os for at f\u00e5 svar p\u00e5 dine sp\u00f8rgsm\u00e5l eller blive oplyst om en pris.<\/p>\n<h3>Find et autov\u00e6rksted t\u00e6t p\u00e5 dig: Her er der altid en l\u00e5nebil klar<\/h3>\n<p>Hver gang du bes\u00f8ger os, vil vi gerne give dig en god oplevelse. Derfor har du altid mulighed for at l\u00e5ne en bil af os, mens vi har din bil p\u00e5 v\u00e6rksted \u2013 helt uden ekstra omkostninger. Er hverdagen fyldt med daglige g\u00f8rem\u00e5l, og har du derfor ikke mulighed for selv at k\u00f8re din bil hen p\u00e5 vores v\u00e6rksted, tilbyder vi dig ogs\u00e5 at hente din bil. Desuden vil vi ogs\u00e5 meget gerne k\u00f8re den tilbage til dig, n\u00e5r vores mekanikere er f\u00e6rdige med reparationen p\u00e5 din bil. Vi h\u00e5ber p\u00e5 den m\u00e5de at kunne give dig en bekymringsfri oplevelse med at have din bil p\u00e5 v\u00e6rksted hos Ketner. Det eneste du skal g\u00f8re er at fort\u00e6lle os om de problemer, du oplever med din bil. S\u00e5 overtager vi sagen. Find det autov\u00e6rksted, der er t\u00e6ttest p\u00e5 dig \u00f8verst p\u00e5 siden.<\/p>\n<p>Vi gl\u00e6der os til at se dig.[\/vc_column_text][\/vc_column][\/vc_row]<\/p>\n","protected":false},"excerpt":{"rendered":"<p>[vc_row css_animation=&#8221;&#8221; row_type=&#8221;row&#8221; use_row_as_full_screen_section=&#8221;no&#8221; type=&#8221;grid&#8221; angled_section=&#8221;no&#8221; text_align=&#8221;left&#8221; background_image_as_pattern=&#8221;without_pattern&#8221; el_class=&#8221;padding80&#8243; z_index=&#8221;&#8221;][vc_column][vc_row_inner row_type=&#8221;row&#8221; type=&#8221;full_width&#8221; text_align=&#8221;right&#8221; css_animation=&#8221;&#8221;][vc_column_inner][vc_column_text] Find et autov\u00e6rksted i n\u00e6rheden af dig [\/vc_column_text][\/vc_column_inner][\/vc_row_inner][vc_empty_space height=&#8221;40px&#8221;][vc_row_inner row_type=&#8221;row&#8221; type=&#8221;full_width&#8221; text_align=&#8221;left&#8221; css_animation=&#8221;&#8221;][vc_column_inner width=&#8221;1\/2&#8243; css=&#8221;.vc_custom_1634113894960{padding-right: 10px !important;padding-left: 10px !important;}&#8221; offset=&#8221;vc_col-md-1\/5&#8243;][\/vc_column_inner][vc_column_inner width=&#8221;1\/2&#8243; css=&#8221;.vc_custom_1634113902320{padding-right: 10px !important;padding-left: 10px !important;}&#8221; offset=&#8221;vc_col-md-1\/5&#8243;][\/vc_column_inner][vc_column_inner width=&#8221;1\/2&#8243; css=&#8221;.vc_custom_1634113935274{padding-right: 10px !important;padding-left:&#8230;<\/p>\n","protected":false},"author":1,"featured_media":0,"parent":0,"menu_order":0,"comment_status":"closed","ping_status":"closed","template":"full_width.php","meta":[],"acf":[],"_links":{"self":[{"href":"https:\/\/ketner.dk\/aalborg\/wp-json\/wp\/v2\/pages\/191"}],"collection":[{"href":"https:\/\/ketner.dk\/aalborg\/wp-json\/wp\/v2\/pages"}],"about":[{"href":"https:\/\/ketner.dk\/aalborg\/wp-json\/wp\/v2\/types\/page"}],"author":[{"embeddable":true,"href":"https:\/\/ketner.dk\/aalborg\/wp-json\/wp\/v2\/users\/1"}],"replies":[{"embeddable":true,"href":"https:\/\/ketner.dk\/aalborg\/wp-json\/wp\/v2\/comments?post=191"}],"version-history":[{"count":15,"href":"https:\/\/ketner.dk\/aalborg\/wp-json\/wp\/v2\/pages\/191\/revisions"}],"predecessor-version":[{"id":2607,"href":"https:\/\/ketner.dk\/aalborg\/wp-json\/wp\/v2\/pages\/191\/revisions\/2607"}],"wp:attachment":[{"href":"https:\/\/ketner.dk\/aalborg\/wp-json\/wp\/v2\/media?parent=191"}],"curies":[{"name":"wp","href":"https:\/\/api.w.org\/{rel}","templated":true}]}}