{"id":261,"date":"2021-01-27T11:38:56","date_gmt":"2021-01-27T11:38:56","guid":{"rendered":"https:\/\/lazzatest.dk\/ketner\/aalborg\/?page_id=261"},"modified":"2021-10-13T08:41:14","modified_gmt":"2021-10-13T08:41:14","slug":"partikelfilter-rens","status":"publish","type":"page","link":"https:\/\/ketner.dk\/aalborg\/partikelfilter-rens\/","title":{"rendered":"Rens af partikelfilter"},"content":{"rendered":"<p>[vc_row css_animation=&#8221;&#8221; row_type=&#8221;row&#8221; use_row_as_full_screen_section=&#8221;no&#8221; type=&#8221;grid&#8221; angled_section=&#8221;no&#8221; text_align=&#8221;left&#8221; background_image_as_pattern=&#8221;without_pattern&#8221; el_class=&#8221;equal-height align-center&#8221; z_index=&#8221;&#8221; css=&#8221;.vc_custom_1612363227793{background-color: #f0f0f0 !important;}&#8221;][vc_column el_class=&#8221;padding80 paddingright&#8221; offset=&#8221;vc_col-md-6&#8243;][vc_column_text]<\/p>\n<h1>Rensning af partikelfilter i Aalborg<\/h1>\n<p>Bor du i Aalborg eller omegn og har brug for at f\u00e5 foretaget en rensning af dit partikelfilter? Her kan vi hj\u00e6lpe dig med en af landets absolut bedste services, som hj\u00e6lper dig med at slippe for den \u00e6rgerlige udgift, det er at skulle skifte sit partikelfilter. Det g\u00e6lder uanset, hvilket k\u00f8ret\u00f8j, du er k\u00f8rende i. Vi renser alle typer partikelfiltre, s\u00e5 du kan blive godt k\u00f8rende igen \u2013 ofte allerede samme dag, som du kommer til vores v\u00e6rksted i Aalborg.<\/p>\n<p>Du er naturligvis velkommen til at ringe til os f\u00f8rst. For prisen p\u00e5 vores partikelfilter-rens i Aalborg afh\u00e6nger lidt af, hvilken model din bil, varevogn eller lastbil er. Dog vil det altid v\u00e6re meget fordelagtigt for dig, hvis man sammenligner med, hvad det koster at skulle skifte hele sit partikelfilter ud. Derudover bevarer du det originale filter.<\/p>\n<p>Derfor h\u00e5ber vi naturligvis, at du vil ringe til os, hvis du bor i Aalborg-omr\u00e5det og har nogen form for mistanke om, at dit partikelfilter tr\u00e6nger til en rens, eller hvis advarselslampen direkte fort\u00e6ller dig det. Det kan h\u00f8jst sandsynlig vise sig at v\u00e6re en rigtigt god ide i det lange l\u00f8b.[\/vc_column_text][vc_empty_space height=&#8221;40px&#8221;]<a  itemprop=\"url\" href=\"https:\/\/ketner.dk\/aalborg\/partikelfilter-rens-booking\/\" target=\"_self\"  class=\"qbutton  default\" style=\"margin: 0 20px 0 0; \">Book tid<i class=\"qodef-icon-dripicons dripicon dripicons-chevron-right qode_button_icon_element\" style=\"\" ><\/i><\/a><a id=\"bliv-ringet-op\" itemprop=\"url\" href=\"#\" target=\"_self\"  class=\"qbutton  white default\" style=\"margin: 0 20px 0 0; \">Bliv ringet op<i class=\"qodef-icon-dripicons dripicon dripicons-chevron-right qode_button_icon_element\" style=\"\" ><\/i><\/a>[vc_empty_space height=&#8221;40px&#8221;][\/vc_column][vc_column el_class=&#8221;video-container&#8221; offset=&#8221;vc_col-md-6&#8243;]\n                \n        <div class=\"youtube-wrapper\">\n            <div class=\"youtube overlay \" data-embed=\"xVt_34RKIXc\">\n\t\t\t\t<div class=\"play-button\">\n\t\t\t\t\t<svg class=\"circle\" xmlns=\"http:\/\/www.w3.org\/2000\/svg\">\n\t\t\t\t\t\t<g>\n\t\t\t\t\t\t\t<ellipse class=\"background\" ry=\"40\" rx=\"40\" cy=\"42\" cx=\"42\" stroke-width=\"2\"\/>\n\t\t\t\t\t\t\t<polygon class=\"play-icon\" points=\"52,43 34,52 34,34\" \/>\n\t\t\t\t\t\t<\/g>\n\t\t\t\t\t<\/svg>\n\t\t\t\t\t<p>H\u00f8r om partikelfilter-rens<\/p>\n                <\/div>\n                \t\t\t<\/div>\n\t\t<\/div>\n\n        [\/vc_column][\/vc_row][vc_row css_animation=&#8221;&#8221; row_type=&#8221;row&#8221; use_row_as_full_screen_section=&#8221;no&#8221; type=&#8221;grid&#8221; angled_section=&#8221;no&#8221; text_align=&#8221;left&#8221; background_image_as_pattern=&#8221;without_pattern&#8221; el_class=&#8221;padding80&#8243; z_index=&#8221;&#8221; css=&#8221;.vc_custom_1612360171388{background-color: #fffffe !important;}&#8221;][vc_column el_class=&#8221;paddingright&#8221;][vc_column_text]<\/p>\n<h2>V\u00e6lg bilm\u00e6rke<\/h2>\n<p>[\/vc_column_text][vc_empty_space height=&#8221;40px&#8221;][vc_row_inner row_type=&#8221;row&#8221; type=&#8221;full_width&#8221; text_align=&#8221;left&#8221; css_animation=&#8221;&#8221;][vc_column_inner width=&#8221;1\/3&#8243; offset=&#8221;vc_col-md-1\/5&#8243; css=&#8221;.vc_custom_1634114447274{margin-bottom: 20px !important;}&#8221;][vc_column_text el_class=&#8221;link-arrow&#8221;]<strong><a href=\"https:\/\/ketner.dk\/aalborg\/partikelfilter-rens\/alfa-romeo\/\">Alfa Romeo<\/a><\/strong><\/p>\n<p><strong><a href=\"https:\/\/ketner.dk\/aalborg\/partikelfilter-rens\/audi\/\">Audi<\/a><\/strong><\/p>\n<p><strong><a href=\"https:\/\/ketner.dk\/aalborg\/partikelfilter-rens\/bmw\/\">BMW<\/a><\/strong><\/p>\n<p><strong><a href=\"https:\/\/ketner.dk\/aalborg\/partikelfilter-rens\/citroen\/\">Citro\u00ebn<\/a><\/strong><\/p>\n<p><strong><a href=\"https:\/\/ketner.dk\/aalborg\/partikelfilter-rens\/dacia\/\">Dacia<\/a><\/strong>[\/vc_column_text][\/vc_column_inner][vc_column_inner width=&#8221;1\/3&#8243; offset=&#8221;vc_col-md-1\/5&#8243; css=&#8221;.vc_custom_1634114453716{margin-bottom: 20px !important;}&#8221;][vc_column_text el_class=&#8221;link-arrow&#8221;]<strong><a href=\"https:\/\/ketner.dk\/aalborg\/partikelfilter-rens\/fiat\/\">Fiat<\/a><\/strong><\/p>\n<p><strong><a href=\"https:\/\/ketner.dk\/aalborg\/partikelfilter-rens\/ford\/\">Ford<\/a><\/strong><\/p>\n<p><strong><a href=\"https:\/\/ketner.dk\/aalborg\/partikelfilter-rens\/honda\/\">Honda<\/a><\/strong><\/p>\n<p><strong><a href=\"https:\/\/ketner.dk\/aalborg\/partikelfilter-rens\/hyundai\/\">Hyundai<\/a><\/strong><\/p>\n<p><strong><a href=\"https:\/\/ketner.dk\/aalborg\/partikelfilter-rens\/iveco\/\">Iveco<\/a><\/strong>[\/vc_column_text][\/vc_column_inner][vc_column_inner width=&#8221;1\/3&#8243; offset=&#8221;vc_col-md-1\/5&#8243; css=&#8221;.vc_custom_1634114459222{margin-bottom: 20px !important;}&#8221;][vc_column_text el_class=&#8221;link-arrow&#8221;]<strong><a href=\"https:\/\/ketner.dk\/aalborg\/partikelfilter-rens\/kia\/\">Kia<\/a><\/strong><\/p>\n<p><strong><a href=\"https:\/\/ketner.dk\/aalborg\/partikelfilter-rens\/land-rover\/\">Land Rover<\/a><\/strong><\/p>\n<p><strong><a href=\"https:\/\/ketner.dk\/aalborg\/partikelfilter-rens\/mazda\/\">Mazda<\/a><\/strong><\/p>\n<p><strong><a href=\"https:\/\/ketner.dk\/aalborg\/partikelfilter-rens\/mercedes\/\">Mercedes<\/a><\/strong><\/p>\n<p><strong><a href=\"https:\/\/ketner.dk\/aalborg\/partikelfilter-rens\/nissan\/\">Nissan<\/a><\/strong>[\/vc_column_text][\/vc_column_inner][vc_column_inner width=&#8221;1\/3&#8243; offset=&#8221;vc_col-md-1\/5&#8243; css=&#8221;.vc_custom_1634114468403{margin-bottom: 20px !important;}&#8221;][vc_column_text el_class=&#8221;link-arrow&#8221;]<strong><a href=\"https:\/\/ketner.dk\/aalborg\/partikelfilter-rens\/opel\/\">Opel<\/a><\/strong><\/p>\n<p><strong><a href=\"https:\/\/ketner.dk\/aalborg\/partikelfilter-rens\/peugeot\/\">Peugeot<\/a><\/strong><\/p>\n<p><strong><a href=\"https:\/\/ketner.dk\/aalborg\/partikelfilter-rens\/renault\/\">Renault<\/a><\/strong><\/p>\n<p><strong><a href=\"https:\/\/ketner.dk\/aalborg\/partikelfilter-rens\/seat\/\">Seat<\/a><\/strong><\/p>\n<p><strong><a href=\"https:\/\/ketner.dk\/aalborg\/partikelfilter-rens\/skoda\/\">Skoda<\/a><\/strong>[\/vc_column_text][\/vc_column_inner][vc_column_inner width=&#8221;1\/3&#8243; offset=&#8221;vc_col-md-1\/5&#8243; css=&#8221;.vc_custom_1634114473460{margin-bottom: 20px !important;}&#8221;][vc_column_text el_class=&#8221;link-arrow&#8221;]<strong><a href=\"https:\/\/ketner.dk\/aalborg\/partikelfilter-rens\/suzuki\/\">Suzuki<\/a><\/strong><\/p>\n<p><strong><a href=\"https:\/\/ketner.dk\/aalborg\/partikelfilter-rens\/toyota\/\">Toyota<\/a><br \/>\n<\/strong><\/p>\n<p><strong><a href=\"https:\/\/ketner.dk\/aalborg\/partikelfilter-rens\/volvo\/\">Volvo<\/a><br \/>\n<\/strong><\/p>\n<p><strong><a href=\"https:\/\/ketner.dk\/aalborg\/partikelfilter-rens\/vw\/\">VW<\/a><\/strong>[\/vc_column_text][\/vc_column_inner][\/vc_row_inner][\/vc_column][\/vc_row][vc_row css_animation=&#8221;&#8221; row_type=&#8221;row&#8221; use_row_as_full_screen_section=&#8221;no&#8221; type=&#8221;grid&#8221; angled_section=&#8221;no&#8221; text_align=&#8221;left&#8221; background_image_as_pattern=&#8221;without_pattern&#8221; el_class=&#8221;padding80 equal-height align-center&#8221; css=&#8221;.vc_custom_1611737133965{background-color: #f0f0f0 !important;}&#8221; z_index=&#8221;&#8221;][vc_column offset=&#8221;vc_col-md-6&#8243;]        \n        <div class=\"image_grid-wrapper\">\n            <div class=\"image_grid\">\n                <div class=\"image_grid_item\"><img width=\"1100\" height=\"1100\" src=\"https:\/\/ketner.dk\/aalborg\/wp-content\/uploads\/2021\/01\/partikelfilter-efter.jpg\" class=\"attachment-full size-full\" alt=\"\" srcset=\"https:\/\/ketner.dk\/aalborg\/wp-content\/uploads\/sites\/5\/2021\/01\/partikelfilter-efter.jpg 1100w, https:\/\/ketner.dk\/aalborg\/wp-content\/uploads\/sites\/5\/2021\/01\/partikelfilter-efter-300x300.jpg 300w, https:\/\/ketner.dk\/aalborg\/wp-content\/uploads\/sites\/5\/2021\/01\/partikelfilter-efter-1024x1024.jpg 1024w, https:\/\/ketner.dk\/aalborg\/wp-content\/uploads\/sites\/5\/2021\/01\/partikelfilter-efter-150x150.jpg 150w, https:\/\/ketner.dk\/aalborg\/wp-content\/uploads\/sites\/5\/2021\/01\/partikelfilter-efter-768x768.jpg 768w, https:\/\/ketner.dk\/aalborg\/wp-content\/uploads\/sites\/5\/2021\/01\/partikelfilter-efter-576x576.jpg 576w, https:\/\/ketner.dk\/aalborg\/wp-content\/uploads\/sites\/5\/2021\/01\/partikelfilter-efter-570x570.jpg 570w, https:\/\/ketner.dk\/aalborg\/wp-content\/uploads\/sites\/5\/2021\/01\/partikelfilter-efter-500x500.jpg 500w, https:\/\/ketner.dk\/aalborg\/wp-content\/uploads\/sites\/5\/2021\/01\/partikelfilter-efter-1000x1000.jpg 1000w, https:\/\/ketner.dk\/aalborg\/wp-content\/uploads\/sites\/5\/2021\/01\/partikelfilter-efter-700x700.jpg 700w\" sizes=\"(max-width: 1100px) 100vw, 1100px\" \/><\/div><div class=\"image_grid_item\"><img width=\"1200\" height=\"731\" src=\"https:\/\/ketner.dk\/aalborg\/wp-content\/uploads\/2021\/05\/Partikelfilterrens1.jpg\" class=\"attachment-full size-full\" alt=\"\" \/><\/div><div class=\"image_grid_item\"><img width=\"1200\" height=\"731\" src=\"https:\/\/ketner.dk\/aalborg\/wp-content\/uploads\/2021\/05\/Partikelfilterrens2.jpg\" class=\"attachment-full size-full\" alt=\"\" \/><\/div>            <\/div>\n        <\/div>\n\n        [vc_empty_space height=&#8221;40px&#8221;][\/vc_column][vc_column el_class=&#8221;paddingleft&#8221; offset=&#8221;vc_col-md-6&#8243;][vc_column_text]<\/p>\n<h2>Derfor b\u00f8r du overveje at f\u00e5 en Ketner partikelfilter-rens i Aalborg<\/h2>\n<p>Der kan v\u00e6re mange forskellige \u00e5rsager til, at din vogns partikelfilter har brug for at blive renset. Det kan v\u00e6re en defekt i motoren, der for\u00e5rsager, at dit filter ikke renser sig selv tilstr\u00e6kkeligt, og derfra g\u00e5r det som regel kun \u00e9n vej. Det kan ogs\u00e5 v\u00e6re, at du har k\u00f8rt s\u00e5 mange kilometer, at filteret er fyldt godt op.<\/p>\n<p>Men p\u00e5 vores v\u00e6rksted i Aalborg har vi \u2013 ligesom p\u00e5 vores \u00f8vrige v\u00e6rksteder og hos vores samarbejdspartnere \u2013 mulighed for at teste dit filter, inden vi renser det. Og slutteligt tester vi ogs\u00e5 filteret igen, n\u00e5r vi har renset det. Det g\u00f8r vi for at sikre os, at vi har givet dig den service, som vi er anerkendt for i hele landet. P\u00e5 vores hovedafdeling p\u00e5 Hjulmagervej i Aalborg kan du nyde godt af vores speciale og 15 \u00e5rs erfaring inden for den moderne partikelfilter-rens, der omfatter hele processen fra afmontering til montering. Derfor kan du roligt lade os tage opgaven med at f\u00e5 dit k\u00f8ret\u00f8j og dit partikelfilter s\u00e5 godt som nyt igen.<\/p>\n<p>Ring eller skriv til os for at h\u00f8re mere om muligheder og priser. Vi gl\u00e6der os til at give dig landets bedste partikelfilter-rens p\u00e5 vores autov\u00e6rksted i Aalborg.[\/vc_column_text][vc_empty_space height=&#8221;40px&#8221;]<a  itemprop=\"url\" href=\"https:\/\/ketner.dk\/aalborg\/partikelfilter-rens-booking\/\" target=\"_self\"  class=\"qbutton  default\" style=\"margin: 0 20px 0 0; \">Book tid<i class=\"qodef-icon-dripicons dripicon dripicons-chevron-right qode_button_icon_element\" style=\"\" ><\/i><\/a><a id=\"bliv-ringet-op\" itemprop=\"url\" href=\"#\" target=\"_self\"  class=\"qbutton  white default\" style=\"margin: 0 20px 0 0; \">Bliv ringet op<i class=\"qodef-icon-dripicons dripicon dripicons-chevron-right qode_button_icon_element\" style=\"\" ><\/i><\/a>[\/vc_column][\/vc_row][vc_row css_animation=&#8221;&#8221; row_type=&#8221;row&#8221; use_row_as_full_screen_section=&#8221;no&#8221; type=&#8221;grid&#8221; angled_section=&#8221;no&#8221; text_align=&#8221;left&#8221; background_image_as_pattern=&#8221;without_pattern&#8221; css=&#8221;.vc_custom_1613725671953{background-color: #fffffe !important;}&#8221; z_index=&#8221;&#8221; el_class=&#8221;padding60&#8243;][vc_column][vc_column_text]<\/p>\n<h2 style=\"text-align: left;\">Lokation og \u00e5bningstider<\/h2>\n<p>[\/vc_column_text][vc_empty_space height=&#8221;40px&#8221;][vc_row_inner row_type=&#8221;row&#8221; type=&#8221;full_width&#8221; text_align=&#8221;left&#8221; css_animation=&#8221;&#8221;][vc_column_inner offset=&#8221;vc_col-md-8&#8243;]        \n        <div class=\"box \">\n            [vc_column_text]\n            <div \n                class=\"elfsight-widget-google-maps elfsight-widget\" \n                data-elfsight-google-maps-options=\"%7B%22categoriesEnabled%22%3Atrue%2C%22categories%22%3A%5B%5D%2C%22icons%22%3A%5B%7B%22value%22%3A%22%22%2C%22name%22%3A%22%20-%20None%20-%20%22%2C%22visible%22%3Afalse%7D%2C%7B%22value%22%3A%22607cdddb-28db-4550-8d9b-6e76cc26411f%22%2C%22name%22%3A%22pin%22%2C%22preview%22%3A%22https%3A%5C%2F%5C%2Fassets-elfsight-com.sfo2.digitaloceanspaces.com%5C%2Fapps%5C%2Fgoogle-maps%5C%2Fmarkers%5C%2Fmarker-pin.svg%22%2C%22iconType%22%3A%22library%22%2C%22iconLibrary%22%3A%22pin%22%2C%22iconCustom%22%3Anull%2C%22iconColor%22%3A%22%22%2C%22iconSize%22%3A64%7D%5D%2C%22lang%22%3A%22da%22%2C%22distanceUnits%22%3A%22km%22%2C%22markers%22%3A%5B%7B%22position%22%3A%2257.03979791151176%2C%209.923072214457628%22%2C%22coordinates%22%3A%2257.03979791151176%2C%209.923072214457628%22%2C%22infoTitle%22%3A%22Ketner%20Aalborg%22%2C%22category%22%3A%22%22%2C%22icon%22%3A%22607cdddb-28db-4550-8d9b-6e76cc26411f%22%2C%22infoDescription%22%3A%22%22%2C%22infoImage%22%3A%7B%22name%22%3A%22%22%2C%22url%22%3A%22%22%7D%2C%22infoAddress%22%3A%22Hjulmagervej%2038%209000%20Aalborg%22%2C%22infoSite%22%3A%22https%3A%5C%2F%5C%2Fketner.dk%5C%2Faalborg%22%2C%22infoPhone%22%3A%22%2B45%2098%2012%2009%2011%22%2C%22infoEmail%22%3A%22aalborg%40ketner.dk%22%2C%22infoWorkingHours%22%3A%22Mandag%2007%3A30%20-%2016%3A30%20%3Cbr%3ETirsdag%2007%3A30%20-%2016%3A30%20%3Cbr%3EOnsdag%2007%3A30%20-%2016%3A30%20%3Cbr%3ETorsdag%2007%3A30%20-%2016%3A30%20%3Cbr%3EFredag%2007%3A30%20-%2015%3A00%22%2C%22markerClickAction%22%3A%22infoWindow%22%2C%22infoWindowOpenedByDefault%22%3Afalse%2C%22linkUrl%22%3A%22%22%2C%22animation%22%3A%22none%22%7D%5D%2C%22mapType%22%3A%22roadmap%22%2C%22center%22%3A%22auto%22%2C%22zoom%22%3A%22auto%22%2C%22controls%22%3A%5B%22zoom%22%2C%22mapType%22%2C%22scale%22%2C%22streetView%22%2C%22rotate%22%2C%22fullScreen%22%5D%2C%22markerClusterEnabled%22%3Atrue%2C%22markerClusterZoom%22%3Atrue%2C%22markerClusterMin%22%3A2%2C%22markerClusterIcon%22%3A%22default%22%2C%22markerClusterIconColor%22%3A%22%22%2C%22markerClusterIconUrl%22%3Anull%2C%22markerClusterSize%22%3A52%2C%22infoDirections%22%3Atrue%2C%22directionsTarget%22%3A%22google%22%2C%22scrollwheel%22%3Afalse%2C%22draggable%22%3Atrue%2C%22layers%22%3A%5B%5D%2C%22width%22%3A%22auto%22%2C%22height%22%3A%22700%22%2C%22panelEnabled%22%3Atrue%2C%22panelOpenByDefault%22%3Atrue%2C%22panelSearchVisible%22%3Atrue%2C%22panelSearchBy%22%3A%22markers%22%2C%22panelSearchPlaceholder%22%3A%22S%5Cu00f8g%22%2C%22panelListItemElements%22%3A%5B%22title%22%2C%22category%22%2C%22image%22%2C%22address%22%2C%22phone%22%2C%22email%22%5D%2C%22mainColor%22%3A%22rgb%2866%2C%20133%2C%20244%29%22%2C%22style%22%3A%22default%22%2C%22colorGeometry%22%3A%22%22%2C%22colorLabelsTextFill%22%3A%22%22%2C%22colorLabelsTextStroke%22%3A%22%22%2C%22colorAdministrativeGeometryStroke%22%3A%22%22%2C%22colorAdministrativeLandParcel%22%3A%22%22%2C%22colorLandscapeNaturalGeometry%22%3A%22%22%2C%22colorPoiGeometry%22%3A%22%22%2C%22colorPoiLabelsTextFill%22%3A%22%22%2C%22colorPoiParkGeometryFill%22%3A%22%22%2C%22colorPoiParkLabelsTextFill%22%3A%22%22%2C%22colorRoadGeometry%22%3A%22%22%2C%22colorRoadArterial%22%3A%22%22%2C%22colorRoadHighway%22%3A%22%22%2C%22colorRoadHighwayGeometryStroke%22%3A%22%22%2C%22colorRoadHighwayControlledAccessGeometry%22%3A%22%22%2C%22colorRoadHighwayControlledAccessGeometryStroke%22%3A%22%22%2C%22colorRoadLocalLabelsTextFill%22%3A%22%22%2C%22colorTransitLineGeometry%22%3A%22%22%2C%22colorTransitLineLabelsTextFill%22%3A%22%22%2C%22colorTransitLineLabelsTextStroke%22%3A%22%22%2C%22colorTransitStationGeometry%22%3A%22%22%2C%22colorWaterGeometryFill%22%3A%22%22%2C%22colorWaterLabelTextFill%22%3A%22%22%2C%22customGoogleMapsStyles%22%3A%22%22%2C%22apiKey%22%3A%22AIzaSyB1ohONfrxy1Tb0AGLyVVByVujNaYQKHA8%22%2C%22widgetId%22%3A%221%22%7D\" \n                data-elfsight-google-maps-version=\"2.4.1\"\n                data-elfsight-widget-id=\"elfsight-google-maps-1\">\n            <\/div>\n            [\/vc_column_text]        <\/div>\n\n        [vc_empty_space height=&#8221;30px&#8221;][\/vc_column_inner][vc_column_inner offset=&#8221;vc_col-md-4&#8243;]        \n        <div class=\"box padding25\">\n            [vc_column_text]<\/p>\n<h4><img class=\"wp-image-10 alignleft\" src=\"https:\/\/ketner.dk\/aalborg\/wp-content\/uploads\/sites\/5\/2021\/01\/bosch-service-logo.svg\" alt=\"\" width=\"30\" height=\"31\" srcset=\"https:\/\/ketner.dk\/aalborg\/wp-content\/uploads\/sites\/5\/\/2021\/01\/bosch-service-logo.svg 150w, https:\/\/ketner.dk\/aalborg\/wp-content\/uploads\/sites\/5\/\/2021\/01\/bosch-service-logo.svg 300w, https:\/\/ketner.dk\/aalborg\/wp-content\/uploads\/sites\/5\/\/2021\/01\/bosch-service-logo.svg 1024w, https:\/\/ketner.dk\/aalborg\/wp-content\/uploads\/sites\/5\/\/2021\/01\/bosch-service-logo.svg 78w\" sizes=\"(max-width: 30px) 100vw, 30px\" \/>Ketner Aalborg<\/h4>\n<p>Hjulmagervej 36 &#8211; 38,<br \/>\n9000 Aalborg<\/p>\n<p><a href=\"tel:+45 98 12 09 11\">+45 98 12 09 11<\/a><br \/>\n<a href=\"mailto:aalborg@ketner.dk\">aalborg@ketner.dk<\/a><\/p>\n<table style=\"width: 100%;\" cellspacing=\"0\" cellpadding=\"0\">\n<tbody>\n<tr>\n<th>\u00c5bningstider:<\/th>\n<th><\/th>\n<\/tr>\n<tr>\n<td>Mandag<\/td>\n<td>7.30 &#8211; 16.30<\/td>\n<\/tr>\n<tr>\n<td>Tirsdag<\/td>\n<td>7.30 &#8211; 16.30<\/td>\n<\/tr>\n<tr>\n<td>Onsdag<\/td>\n<td>7.30 &#8211; 16.30<\/td>\n<\/tr>\n<tr>\n<td>Torsdag<\/td>\n<td>7.30 &#8211; 16.30<\/td>\n<\/tr>\n<tr>\n<td>Fredag<\/td>\n<td>7.30 &#8211; 15.00<\/td>\n<\/tr>\n<tr>\n<td>L\u00f8rdag<\/td>\n<td>Lukket<\/td>\n<\/tr>\n<tr>\n<td>S\u00f8ndag<\/td>\n<td>Lukket<\/td>\n<\/tr>\n<\/tbody>\n<\/table>\n<p>[\/vc_column_text]        <\/div>\n\n        [vc_empty_space height=&#8221;30px&#8221;][\/vc_column_inner][\/vc_row_inner][\/vc_column][\/vc_row][vc_row css_animation=&#8221;&#8221; row_type=&#8221;row&#8221; use_row_as_full_screen_section=&#8221;no&#8221; type=&#8221;grid&#8221; angled_section=&#8221;no&#8221; text_align=&#8221;center&#8221; background_image_as_pattern=&#8221;without_pattern&#8221; el_class=&#8221;padding80&#8243; css=&#8221;.vc_custom_1609935864894{background-color: #002a3b !important;}&#8221; z_index=&#8221;&#8221;][vc_column][vc_row_inner row_type=&#8221;row&#8221; type=&#8221;full_width&#8221; text_align=&#8221;left&#8221; css_animation=&#8221;&#8221;][vc_column_inner width=&#8221;1\/2&#8243; offset=&#8221;vc_col-md-3&#8243;]        \n        <div class=\"icon_text\">\n            <div class=\"icon_text_image\">\n                <img width=\"36\" height=\"36\" src=\"https:\/\/ketner.dk\/aalborg\/wp-content\/uploads\/2021\/01\/icons-white-tools.svg\" class=\"attachment-full size-full\" alt=\"\" srcset=\"https:\/\/ketner.dk\/aalborg\/wp-content\/uploads\/sites\/5\/\/2021\/01\/icons-white-tools.svg 150w, https:\/\/ketner.dk\/aalborg\/wp-content\/uploads\/sites\/5\/\/2021\/01\/icons-white-tools.svg 300w, https:\/\/ketner.dk\/aalborg\/wp-content\/uploads\/sites\/5\/\/2021\/01\/icons-white-tools.svg 1024w, https:\/\/ketner.dk\/aalborg\/wp-content\/uploads\/sites\/5\/\/2021\/01\/icons-white-tools.svg 36w\" sizes=\"(max-width: 36px) 100vw, 36px\" \/>            <\/div>\n            <div class=\"icon_text_content\">\n                <h3>Professionelt<\/h3>\n                <p>Vores v\u00e6rksted i Aalborg har branchens bedste og mest avancerede testudstyr.<\/p>\n            <\/div>\n        <\/div>\n\n        [\/vc_column_inner][vc_column_inner width=&#8221;1\/2&#8243; offset=&#8221;vc_col-md-3&#8243;]        \n        <div class=\"icon_text\">\n            <div class=\"icon_text_image\">\n                <img width=\"36\" height=\"36\" src=\"https:\/\/ketner.dk\/aalborg\/wp-content\/uploads\/2021\/01\/icons-white-car.svg\" class=\"attachment-full size-full\" alt=\"\" srcset=\"https:\/\/ketner.dk\/aalborg\/wp-content\/uploads\/sites\/5\/\/2021\/01\/icons-white-car.svg 150w, https:\/\/ketner.dk\/aalborg\/wp-content\/uploads\/sites\/5\/\/2021\/01\/icons-white-car.svg 300w, https:\/\/ketner.dk\/aalborg\/wp-content\/uploads\/sites\/5\/\/2021\/01\/icons-white-car.svg 1024w, https:\/\/ketner.dk\/aalborg\/wp-content\/uploads\/sites\/5\/\/2021\/01\/icons-white-car.svg 36w\" sizes=\"(max-width: 36px) 100vw, 36px\" \/>            <\/div>\n            <div class=\"icon_text_content\">\n                <h3>Altid gratis l\u00e5nebil<\/h3>\n                <p>Vi har altid en l\u00e5nebil klar til dig, s\u00e5 du er godt k\u00f8rende, mens din mekaniker i Aalborg tager sig af din bil.<\/p>\n            <\/div>\n        <\/div>\n\n        [\/vc_column_inner][vc_column_inner width=&#8221;1\/2&#8243; offset=&#8221;vc_col-md-3&#8243;]        \n        <div class=\"icon_text\">\n            <div class=\"icon_text_image\">\n                <img width=\"36\" height=\"36\" src=\"https:\/\/ketner.dk\/aalborg\/wp-content\/uploads\/2021\/01\/icons-white-list.svg\" class=\"attachment-full size-full\" alt=\"\" srcset=\"https:\/\/ketner.dk\/aalborg\/wp-content\/uploads\/sites\/5\/\/2021\/01\/icons-white-list.svg 150w, https:\/\/ketner.dk\/aalborg\/wp-content\/uploads\/sites\/5\/\/2021\/01\/icons-white-list.svg 300w, https:\/\/ketner.dk\/aalborg\/wp-content\/uploads\/sites\/5\/\/2021\/01\/icons-white-list.svg 1024w, https:\/\/ketner.dk\/aalborg\/wp-content\/uploads\/sites\/5\/\/2021\/01\/icons-white-list.svg 36w\" sizes=\"(max-width: 36px) 100vw, 36px\" \/>            <\/div>\n            <div class=\"icon_text_content\">\n                <h3>Serviceaftale<\/h3>\n                <p>P\u00e5 vores autov\u00e6rksted i Aalborg kan du tegne en fast serviceaftale. Den giver dig adgang til mange fordele billigt.<\/p>\n            <\/div>\n        <\/div>\n\n        [\/vc_column_inner][vc_column_inner width=&#8221;1\/2&#8243; offset=&#8221;vc_col-md-3&#8243;]        \n        <div class=\"icon_text\">\n            <div class=\"icon_text_image\">\n                <img width=\"36\" height=\"36\" src=\"https:\/\/ketner.dk\/aalborg\/wp-content\/uploads\/2021\/01\/icons-white-time-calendar.svg\" class=\"attachment-full size-full\" alt=\"\" srcset=\"https:\/\/ketner.dk\/aalborg\/wp-content\/uploads\/sites\/5\/\/2021\/01\/icons-white-time-calendar.svg 150w, https:\/\/ketner.dk\/aalborg\/wp-content\/uploads\/sites\/5\/\/2021\/01\/icons-white-time-calendar.svg 300w, https:\/\/ketner.dk\/aalborg\/wp-content\/uploads\/sites\/5\/\/2021\/01\/icons-white-time-calendar.svg 1024w, https:\/\/ketner.dk\/aalborg\/wp-content\/uploads\/sites\/5\/\/2021\/01\/icons-white-time-calendar.svg 36w\" sizes=\"(max-width: 36px) 100vw, 36px\" \/>            <\/div>\n            <div class=\"icon_text_content\">\n                <h3>Ingen ventetid<\/h3>\n                <p>Vores bilv\u00e6rksted i Aalborg giver dig altid den hurtigste mulige service, s\u00e5 du ikke skal undv\u00e6re din bil l\u00e6nge.<\/p>\n            <\/div>\n        <\/div>\n\n        [\/vc_column_inner][\/vc_row_inner][vc_empty_space height=&#8221;40px&#8221;]<a id=\"kontakt\" itemprop=\"url\" href=\"#\" target=\"_self\"  class=\"qbutton  white default\" style=\"margin: 0 20px 0 0; \">Kontakt os<i class=\"qodef-icon-dripicons dripicon dripicons-chevron-right qode_button_icon_element\" style=\"\" ><\/i><\/a>[\/vc_column][\/vc_row]<\/p>\n","protected":false},"excerpt":{"rendered":"<p>[vc_row css_animation=&#8221;&#8221; row_type=&#8221;row&#8221; use_row_as_full_screen_section=&#8221;no&#8221; type=&#8221;grid&#8221; angled_section=&#8221;no&#8221; text_align=&#8221;left&#8221; background_image_as_pattern=&#8221;without_pattern&#8221; el_class=&#8221;equal-height align-center&#8221; z_index=&#8221;&#8221; css=&#8221;.vc_custom_1612363227793{background-color: #f0f0f0 !important;}&#8221;][vc_column el_class=&#8221;padding80 paddingright&#8221; offset=&#8221;vc_col-md-6&#8243;][vc_column_text] Rensning af partikelfilter i Aalborg Bor du i Aalborg eller omegn og har brug for at f\u00e5 foretaget en rensning af dit partikelfilter? Her kan vi hj\u00e6lpe dig&#8230;<\/p>\n","protected":false},"author":1,"featured_media":0,"parent":0,"menu_order":0,"comment_status":"closed","ping_status":"closed","template":"full_width.php","meta":[],"acf":[],"_links":{"self":[{"href":"https:\/\/ketner.dk\/aalborg\/wp-json\/wp\/v2\/pages\/261"}],"collection":[{"href":"https:\/\/ketner.dk\/aalborg\/wp-json\/wp\/v2\/pages"}],"about":[{"href":"https:\/\/ketner.dk\/aalborg\/wp-json\/wp\/v2\/types\/page"}],"author":[{"embeddable":true,"href":"https:\/\/ketner.dk\/aalborg\/wp-json\/wp\/v2\/users\/1"}],"replies":[{"embeddable":true,"href":"https:\/\/ketner.dk\/aalborg\/wp-json\/wp\/v2\/comments?post=261"}],"version-history":[{"count":51,"href":"https:\/\/ketner.dk\/aalborg\/wp-json\/wp\/v2\/pages\/261\/revisions"}],"predecessor-version":[{"id":2617,"href":"https:\/\/ketner.dk\/aalborg\/wp-json\/wp\/v2\/pages\/261\/revisions\/2617"}],"wp:attachment":[{"href":"https:\/\/ketner.dk\/aalborg\/wp-json\/wp\/v2\/media?parent=261"}],"curies":[{"name":"wp","href":"https:\/\/api.w.org\/{rel}","templated":true}]}}