{"id":265,"date":"2021-01-27T11:41:47","date_gmt":"2021-01-27T11:41:47","guid":{"rendered":"https:\/\/lazzatest.dk\/ketner\/aalborg\/?page_id=265"},"modified":"2024-11-21T11:35:18","modified_gmt":"2024-11-21T10:35:18","slug":"faelg-renovering","status":"publish","type":"page","link":"https:\/\/ketner.dk\/aalborg\/specialer\/faelg-renovering\/","title":{"rendered":"F\u00e6lg renovering"},"content":{"rendered":"<p>[vc_row css_animation=&#8221;&#8221; row_type=&#8221;row&#8221; use_row_as_full_screen_section=&#8221;no&#8221; type=&#8221;grid&#8221; angled_section=&#8221;no&#8221; text_align=&#8221;left&#8221; background_image_as_pattern=&#8221;without_pattern&#8221; el_class=&#8221;equal-height align-center&#8221; z_index=&#8221;&#8221; css=&#8221;.vc_custom_1611743526268{background-color: #fffffe !important;}&#8221;][vc_column el_class=&#8221;padding80 paddingright&#8221; offset=&#8221;vc_col-md-6&#8243;][vc_column_text]<\/p>\n<h1>Renovering af f\u00e6lge og aluf\u00e6lge i Aalborg<\/h1>\n<p>Hvis du har nogle f\u00e6lge, som du er meget glad for og \u00f8nsker at bevare i sin originale stand, kan du f\u00e5 hj\u00e6lp hos Ketner i Aalborg. Her tager vi ogs\u00e5 af b\u00e5de af de tr\u00e6lse ridser og de lidt b\u00f8jede f\u00e6lge og f\u00e5r dem til at se ud som nye igen, hvis du har v\u00e6ret uheldig med dine f\u00e6lge. Faktisk er vi nogle af dem, som har det bedste udstyr og den st\u00f8rste ekspertise i at rette beskadigede f\u00e6lge op i Aalborg.<\/p>\n<p>Vi har ogs\u00e5 mulighed for at lakere dine f\u00e6lge eller lave reparationer af lakskader. P\u00e5 den m\u00e5de kan vi hj\u00e6lpe dig med at bevare og vedligeholde dine originale f\u00e6lge til din bil. En professionel f\u00e6lgrenovering koster fra ca. 1.800 kr. inkl. moms pr. f\u00e6lg, alt efter skadens omfang og st\u00f8rrelsen p\u00e5 f\u00e6lgen.<\/p>\n<p>Kontakt os allerede i dag og f\u00e5 et uforpligtende tilbud. Udfyld nedenst\u00e5ende formular og vedl\u00e6g foto, s\u00e5 vi kan vurdere skadens omfang. S\u00e5 vender vi hurtigt tilbage med en pris.[\/vc_column_text][vc_empty_space height=&#8221;40px&#8221;]<a  itemprop=\"url\" href=\"https:\/\/ketner.dk\/aalborg\/faelgrenovering-tilbud\/\" target=\"_self\"  class=\"qbutton  default\" style=\"margin: 0 20px 0 0; \">F\u00e5 et tilbud<i class=\"qodef-icon-dripicons dripicon dripicons-chevron-right qode_button_icon_element\" style=\"\" ><\/i><\/a><a id=\"bliv-ringet-op\" itemprop=\"url\" href=\"#\" target=\"_self\"  class=\"qbutton  white default\" style=\"margin: 0 20px 0 0; \">Bliv ringet op<i class=\"qodef-icon-dripicons dripicon dripicons-chevron-right qode_button_icon_element\" style=\"\" ><\/i><\/a>[vc_empty_space height=&#8221;40px&#8221;][\/vc_column][vc_column el_class=&#8221;video-container&#8221; offset=&#8221;vc_col-md-6&#8243;]\n                \n        <div class=\"youtube-wrapper\">\n            <div class=\"youtube overlay \" data-embed=\"aHRcJNpFCpw\">\n\t\t\t\t<div class=\"play-button\">\n\t\t\t\t\t<svg class=\"circle\" xmlns=\"http:\/\/www.w3.org\/2000\/svg\">\n\t\t\t\t\t\t<g>\n\t\t\t\t\t\t\t<ellipse class=\"background\" ry=\"40\" rx=\"40\" cy=\"42\" cx=\"42\" stroke-width=\"2\"\/>\n\t\t\t\t\t\t\t<polygon class=\"play-icon\" points=\"52,43 34,52 34,34\" \/>\n\t\t\t\t\t\t<\/g>\n\t\t\t\t\t<\/svg>\n\t\t\t\t\t<p>Se hvordan vi renovere en f\u00e6lg<\/p>\n                <\/div>\n                \t\t\t<\/div>\n\t\t<\/div>\n\n        [\/vc_column][\/vc_row][vc_row css_animation=&#8221;&#8221; row_type=&#8221;row&#8221; use_row_as_full_screen_section=&#8221;no&#8221; type=&#8221;grid&#8221; angled_section=&#8221;no&#8221; text_align=&#8221;left&#8221; background_image_as_pattern=&#8221;without_pattern&#8221; el_class=&#8221;padding80 equal-height align-center&#8221; css=&#8221;.vc_custom_1611737133965{background-color: #f0f0f0 !important;}&#8221; z_index=&#8221;&#8221;][vc_column offset=&#8221;vc_col-md-6&#8243;]        \n        <div class=\"image_grid-wrapper\">\n            <div class=\"image_grid\">\n                <div class=\"image_grid_item\"><img width=\"1200\" height=\"1200\" src=\"https:\/\/ketner.dk\/aalborg\/wp-content\/uploads\/2021\/02\/Faelgrenoveringsmaskine.jpg\" class=\"attachment-full size-full\" alt=\"\" srcset=\"https:\/\/ketner.dk\/aalborg\/wp-content\/uploads\/sites\/5\/2021\/02\/Faelgrenoveringsmaskine.jpg 1200w, https:\/\/ketner.dk\/aalborg\/wp-content\/uploads\/sites\/5\/2021\/02\/Faelgrenoveringsmaskine-300x300.jpg 300w, https:\/\/ketner.dk\/aalborg\/wp-content\/uploads\/sites\/5\/2021\/02\/Faelgrenoveringsmaskine-1024x1024.jpg 1024w, https:\/\/ketner.dk\/aalborg\/wp-content\/uploads\/sites\/5\/2021\/02\/Faelgrenoveringsmaskine-150x150.jpg 150w, https:\/\/ketner.dk\/aalborg\/wp-content\/uploads\/sites\/5\/2021\/02\/Faelgrenoveringsmaskine-768x768.jpg 768w, https:\/\/ketner.dk\/aalborg\/wp-content\/uploads\/sites\/5\/2021\/02\/Faelgrenoveringsmaskine-576x576.jpg 576w, https:\/\/ketner.dk\/aalborg\/wp-content\/uploads\/sites\/5\/2021\/02\/Faelgrenoveringsmaskine-570x570.jpg 570w, https:\/\/ketner.dk\/aalborg\/wp-content\/uploads\/sites\/5\/2021\/02\/Faelgrenoveringsmaskine-500x500.jpg 500w, https:\/\/ketner.dk\/aalborg\/wp-content\/uploads\/sites\/5\/2021\/02\/Faelgrenoveringsmaskine-1000x1000.jpg 1000w, https:\/\/ketner.dk\/aalborg\/wp-content\/uploads\/sites\/5\/2021\/02\/Faelgrenoveringsmaskine-700x700.jpg 700w\" sizes=\"(max-width: 1200px) 100vw, 1200px\" \/><\/div><div class=\"image_grid_item\"><img width=\"1200\" height=\"675\" src=\"https:\/\/ketner.dk\/aalborg\/wp-content\/uploads\/2021\/01\/BMW-faelg.jpg\" class=\"attachment-full size-full\" alt=\"\" srcset=\"https:\/\/ketner.dk\/aalborg\/wp-content\/uploads\/sites\/5\/2021\/01\/BMW-faelg.jpg 1200w, https:\/\/ketner.dk\/aalborg\/wp-content\/uploads\/sites\/5\/2021\/01\/BMW-faelg-300x169.jpg 300w, https:\/\/ketner.dk\/aalborg\/wp-content\/uploads\/sites\/5\/2021\/01\/BMW-faelg-1024x576.jpg 1024w, https:\/\/ketner.dk\/aalborg\/wp-content\/uploads\/sites\/5\/2021\/01\/BMW-faelg-768x432.jpg 768w, https:\/\/ketner.dk\/aalborg\/wp-content\/uploads\/sites\/5\/2021\/01\/BMW-faelg-700x394.jpg 700w, https:\/\/ketner.dk\/aalborg\/wp-content\/uploads\/sites\/5\/2021\/01\/BMW-faelg-539x303.jpg 539w\" sizes=\"(max-width: 1200px) 100vw, 1200px\" \/><\/div><div class=\"image_grid_item\"><img width=\"1077\" height=\"1078\" src=\"https:\/\/ketner.dk\/aalborg\/wp-content\/uploads\/2021\/02\/Afdrejning.jpg\" class=\"attachment-full size-full\" alt=\"\" srcset=\"https:\/\/ketner.dk\/aalborg\/wp-content\/uploads\/sites\/5\/2021\/02\/Afdrejning.jpg 1077w, https:\/\/ketner.dk\/aalborg\/wp-content\/uploads\/sites\/5\/2021\/02\/Afdrejning-300x300.jpg 300w, https:\/\/ketner.dk\/aalborg\/wp-content\/uploads\/sites\/5\/2021\/02\/Afdrejning-1024x1024.jpg 1024w, https:\/\/ketner.dk\/aalborg\/wp-content\/uploads\/sites\/5\/2021\/02\/Afdrejning-150x150.jpg 150w, https:\/\/ketner.dk\/aalborg\/wp-content\/uploads\/sites\/5\/2021\/02\/Afdrejning-768x769.jpg 768w, https:\/\/ketner.dk\/aalborg\/wp-content\/uploads\/sites\/5\/2021\/02\/Afdrejning-576x576.jpg 576w, https:\/\/ketner.dk\/aalborg\/wp-content\/uploads\/sites\/5\/2021\/02\/Afdrejning-570x570.jpg 570w, https:\/\/ketner.dk\/aalborg\/wp-content\/uploads\/sites\/5\/2021\/02\/Afdrejning-500x500.jpg 500w, https:\/\/ketner.dk\/aalborg\/wp-content\/uploads\/sites\/5\/2021\/02\/Afdrejning-1000x1000.jpg 1000w, https:\/\/ketner.dk\/aalborg\/wp-content\/uploads\/sites\/5\/2021\/02\/Afdrejning-700x701.jpg 700w\" sizes=\"(max-width: 1077px) 100vw, 1077px\" \/><\/div>            <\/div>\n        <\/div>\n\n        [vc_empty_space height=&#8221;40px&#8221;][\/vc_column][vc_column el_class=&#8221;paddingleft&#8221; offset=&#8221;vc_col-md-6&#8243;][vc_column_text]<\/p>\n<h2>Ketner Aalborg: V\u00e6rksted med speciale i renovering af f\u00e6lge<\/h2>\n<p>Der findes n\u00e6ppe et problem med f\u00e6lge, som vi ikke kan tage os af. Her kan du se en oversigt over nogle af de ting, vi ofte udbedrer ved en f\u00e6lgrenovering p\u00e5 vores v\u00e6rksted i Aalborg:<\/p>\n<ul>\n<li>Vi kan rette dine f\u00e6lge op, hvis de er blevet sl\u00e5et sk\u00e6ve ved p\u00e5k\u00f8rsel eller lignende.<\/li>\n<li>Vi kan hj\u00e6lpe med at afdreje f\u00e6lgens overflade.<\/li>\n<li>Vi p\u00e5tager os meget gerne lakeringsopgaver.<\/li>\n<\/ul>\n<p>Kontakt os for at h\u00f8re mere om vores professionelle f\u00e6lgrenovering i Aalborg.[\/vc_column_text][\/vc_column][\/vc_row][vc_row css_animation=&#8221;&#8221; row_type=&#8221;row&#8221; use_row_as_full_screen_section=&#8221;no&#8221; type=&#8221;grid&#8221; angled_section=&#8221;no&#8221; text_align=&#8221;left&#8221; background_image_as_pattern=&#8221;without_pattern&#8221; el_class=&#8221;padding80&#8243; css=&#8221;.vc_custom_1612355763305{background-color: #fffffe !important;}&#8221; z_index=&#8221;&#8221;][vc_column][vc_column_text]<\/p>\n<h3>Book tid til en reparation af aluf\u00e6lge i Aalborg i dag<\/h3>\n<p>Du beh\u00f8ver faktisk ikke engang at l\u00e6gge vejen forbi vores v\u00e6rksted i Aalborg for at f\u00e5 et overslag over, hvad en renovering af dine f\u00e6lge koster. Send os et billede og skriv eventuelt ogs\u00e5 lige et par ord om, hvad det er, du \u00f8nsker dig, der skal udbedres. S\u00e5 vender vi tilbage til dig med en pris p\u00e5 renovering af dine f\u00e6lge med det samme. Det er naturligvis helt op til dig selv, om du v\u00e6lger at takke ja \u2013 og derfor kan du sagtens benytte dig af denne service med det samme.<\/p>\n<p>Har du efterf\u00f8lgende lyst til at g\u00f8re brug af vores erfaring og de tekniske muligheder, vi har for at foretage en optimal renovering af dine aluf\u00e6lge i Aalborg, skal du bare booke tid \u2013 s\u00e5 s\u00f8rger vi for at tage os af opgaven hurtigst muligt. Du kan naturligvis ogs\u00e5 bare svinge forbi os p\u00e5 Hjulmagervej i Aalborg C og f\u00e5 vores vurdering med det samme.<\/p>\n<p>Vi gl\u00e6der os til at g\u00f8re dig bedre k\u00f8rende.[\/vc_column_text][vc_empty_space height=&#8221;40px&#8221;]<a  itemprop=\"url\" href=\"https:\/\/ketner.dk\/aalborg\/faelgrenovering-tilbud\/\" target=\"_self\"  class=\"qbutton  default\" style=\"margin: 0 20px 0 0; \">F\u00e5 et tilbud<i class=\"qodef-icon-dripicons dripicon dripicons-chevron-right qode_button_icon_element\" style=\"\" ><\/i><\/a><a id=\"bliv-ringet-op\" itemprop=\"url\" href=\"#\" target=\"_self\"  class=\"qbutton  white default\" style=\"margin: 0 20px 0 0; \">Bliv ringet op<i class=\"qodef-icon-dripicons dripicon dripicons-chevron-right qode_button_icon_element\" style=\"\" ><\/i><\/a>[\/vc_column][\/vc_row]<\/p>\n","protected":false},"excerpt":{"rendered":"<p>[vc_row css_animation=&#8221;&#8221; row_type=&#8221;row&#8221; use_row_as_full_screen_section=&#8221;no&#8221; type=&#8221;grid&#8221; angled_section=&#8221;no&#8221; text_align=&#8221;left&#8221; background_image_as_pattern=&#8221;without_pattern&#8221; el_class=&#8221;equal-height align-center&#8221; z_index=&#8221;&#8221; css=&#8221;.vc_custom_1611743526268{background-color: #fffffe !important;}&#8221;][vc_column el_class=&#8221;padding80 paddingright&#8221; offset=&#8221;vc_col-md-6&#8243;][vc_column_text] Renovering af f\u00e6lge og aluf\u00e6lge i Aalborg Hvis du har nogle f\u00e6lge, som du er meget glad for og \u00f8nsker at bevare i sin originale stand, kan du&#8230;<\/p>\n","protected":false},"author":1,"featured_media":0,"parent":267,"menu_order":0,"comment_status":"closed","ping_status":"closed","template":"full_width.php","meta":[],"acf":[],"_links":{"self":[{"href":"https:\/\/ketner.dk\/aalborg\/wp-json\/wp\/v2\/pages\/265"}],"collection":[{"href":"https:\/\/ketner.dk\/aalborg\/wp-json\/wp\/v2\/pages"}],"about":[{"href":"https:\/\/ketner.dk\/aalborg\/wp-json\/wp\/v2\/types\/page"}],"author":[{"embeddable":true,"href":"https:\/\/ketner.dk\/aalborg\/wp-json\/wp\/v2\/users\/1"}],"replies":[{"embeddable":true,"href":"https:\/\/ketner.dk\/aalborg\/wp-json\/wp\/v2\/comments?post=265"}],"version-history":[{"count":26,"href":"https:\/\/ketner.dk\/aalborg\/wp-json\/wp\/v2\/pages\/265\/revisions"}],"predecessor-version":[{"id":3054,"href":"https:\/\/ketner.dk\/aalborg\/wp-json\/wp\/v2\/pages\/265\/revisions\/3054"}],"up":[{"embeddable":true,"href":"https:\/\/ketner.dk\/aalborg\/wp-json\/wp\/v2\/pages\/267"}],"wp:attachment":[{"href":"https:\/\/ketner.dk\/aalborg\/wp-json\/wp\/v2\/media?parent=265"}],"curies":[{"name":"wp","href":"https:\/\/api.w.org\/{rel}","templated":true}]}}