{"id":765,"date":"2021-02-04T09:03:02","date_gmt":"2021-02-04T09:03:02","guid":{"rendered":"https:\/\/lazzatest.dk\/ketner\/?page_id=765"},"modified":"2025-07-11T10:32:51","modified_gmt":"2025-07-11T08:32:51","slug":"skadecenter","status":"publish","type":"page","link":"https:\/\/ketner.dk\/aalborg\/specialer\/skadecenter\/","title":{"rendered":"Skadecenter"},"content":{"rendered":"<p>[vc_row css_animation=&#8221;&#8221; row_type=&#8221;row&#8221; use_row_as_full_screen_section=&#8221;no&#8221; type=&#8221;grid&#8221; angled_section=&#8221;no&#8221; text_align=&#8221;left&#8221; background_image_as_pattern=&#8221;without_pattern&#8221; el_class=&#8221;equal-height align-center&#8221; z_index=&#8221;&#8221; css=&#8221;.vc_custom_1611743526268{background-color: #fffffe !important;}&#8221;][vc_column el_class=&#8221;padding80 paddingright&#8221; offset=&#8221;vc_col-md-6&#8243;][vc_column_text]<\/p>\n<h1>Professionelt skadecenter. Vi udbedrer skaderne p\u00e5 din bil med moderne udstyr og ekspertise.<\/h1>\n<p>Det kan v\u00e6re nemt at miste overblikket, hvis du har v\u00e6ret involveret i et uheld. Efter et hvilket som helst uheld er det sandsynligt, at din bil skal en tur p\u00e5 v\u00e6rksted for at blive kontrolleret godt og grundigt. I dette tilf\u00e6lde er det s\u00e6rdeles vigtigt, at du v\u00e6lger det helt rigtige skadecenter til at udbedre skaden. For et forkert valg kan i v\u00e6rste fald medf\u00f8re, at bilens vigtige k\u00f8reegenskaber og altafg\u00f8rende sikkerhed forringes betragteligt.<\/p>\n<p><span style=\"font-weight: 400;\">N\u00e5r din bil har v\u00e6ret udsat for en skade er det desuden vigtigt, at den kommer til et v\u00e6rksted, der samtidig kan kalibrere radar og sensor, der netop er vigtig for sikkerheden. De bliver ofte beskadiget, n\u00e5r der sker skade p\u00e5 karrosseriet. Dette arbejde kan du trygt overlade din bil til os. For vi st\u00e5r klar med en professionel service, der g\u00f8r din bil k\u00f8reklar igen. Vi har ingen ventetid \u2013 og der er ovenik\u00f8bet en gratis l\u00e5nebil klar til dig, n\u00e5r du kommer.<\/span>[\/vc_column_text][vc_empty_space height=&#8221;40px&#8221;]<a  itemprop=\"url\" href=\"https:\/\/ketner.dk\/aalborg\/servicebooking\/\" target=\"_self\"  class=\"qbutton  default\" style=\"margin: 0 20px 0 0; \">Book tid<i class=\"qodef-icon-dripicons dripicon dripicons-chevron-right qode_button_icon_element\" style=\"\" ><\/i><\/a><a id=\"bliv-ringet-op\" itemprop=\"url\" href=\"#\" target=\"_self\"  class=\"qbutton  white default\" style=\"margin: 0 20px 0 0; \">Bliv ringet op<i class=\"qodef-icon-dripicons dripicon dripicons-chevron-right qode_button_icon_element\" style=\"\" ><\/i><\/a>[vc_empty_space height=&#8221;40px&#8221;][\/vc_column][vc_column offset=&#8221;vc_col-md-6&#8243;][vc_video link=&#8221;https:\/\/youtu.be\/-lMKDPxPPG4&#8243;][\/vc_column][\/vc_row][vc_row css_animation=&#8221;&#8221; row_type=&#8221;row&#8221; use_row_as_full_screen_section=&#8221;no&#8221; type=&#8221;grid&#8221; angled_section=&#8221;no&#8221; text_align=&#8221;left&#8221; background_image_as_pattern=&#8221;without_pattern&#8221; el_class=&#8221;padding80 equal-height align-center&#8221; css=&#8221;.vc_custom_1611737133965{background-color: #f0f0f0 !important;}&#8221; z_index=&#8221;&#8221;][vc_column offset=&#8221;vc_col-md-6&#8243;]        \n        <div class=\"image_grid-wrapper\">\n            <div class=\"image_grid\">\n                <div class=\"image_grid_item\"><img width=\"1200\" height=\"863\" src=\"https:\/\/ketner.dk\/aalborg\/wp-content\/uploads\/2021\/02\/Skadecenter2.jpg\" class=\"attachment-full size-full\" alt=\"\" srcset=\"https:\/\/ketner.dk\/aalborg\/wp-content\/uploads\/sites\/5\/2021\/02\/Skadecenter2.jpg 1200w, https:\/\/ketner.dk\/aalborg\/wp-content\/uploads\/sites\/5\/2021\/02\/Skadecenter2-300x216.jpg 300w, https:\/\/ketner.dk\/aalborg\/wp-content\/uploads\/sites\/5\/2021\/02\/Skadecenter2-1024x736.jpg 1024w, https:\/\/ketner.dk\/aalborg\/wp-content\/uploads\/sites\/5\/2021\/02\/Skadecenter2-768x552.jpg 768w, https:\/\/ketner.dk\/aalborg\/wp-content\/uploads\/sites\/5\/2021\/02\/Skadecenter2-700x503.jpg 700w\" sizes=\"(max-width: 1200px) 100vw, 1200px\" \/><\/div><div class=\"image_grid_item\"><img width=\"1200\" height=\"675\" src=\"https:\/\/ketner.dk\/aalborg\/wp-content\/uploads\/2021\/02\/Skadecenter.jpg\" class=\"attachment-full size-full\" alt=\"\" srcset=\"https:\/\/ketner.dk\/aalborg\/wp-content\/uploads\/sites\/5\/2021\/02\/Skadecenter.jpg 1200w, https:\/\/ketner.dk\/aalborg\/wp-content\/uploads\/sites\/5\/2021\/02\/Skadecenter-300x169.jpg 300w, https:\/\/ketner.dk\/aalborg\/wp-content\/uploads\/sites\/5\/2021\/02\/Skadecenter-1024x576.jpg 1024w, https:\/\/ketner.dk\/aalborg\/wp-content\/uploads\/sites\/5\/2021\/02\/Skadecenter-768x432.jpg 768w, https:\/\/ketner.dk\/aalborg\/wp-content\/uploads\/sites\/5\/2021\/02\/Skadecenter-700x394.jpg 700w, https:\/\/ketner.dk\/aalborg\/wp-content\/uploads\/sites\/5\/2021\/02\/Skadecenter-539x303.jpg 539w\" sizes=\"(max-width: 1200px) 100vw, 1200px\" \/><\/div><div class=\"image_grid_item\"><img width=\"2100\" height=\"1575\" src=\"https:\/\/ketner.dk\/aalborg\/wp-content\/uploads\/2022\/06\/IMG_0753.jpg\" class=\"attachment-full size-full\" alt=\"\" \/><\/div>            <\/div>\n        <\/div>\n\n        [vc_empty_space height=&#8221;40px&#8221;][\/vc_column][vc_column el_class=&#8221;paddingleft&#8221; offset=&#8221;vc_col-md-6&#8243;][vc_column_text]<\/p>\n<h2>Et godkendt skadecenter, der tager sig af alle slags biler<\/h2>\n<p>Vores skadecenter og pladev\u00e6rksted er godkendt efter g\u00e6ldende krav til at udbedre alle typer af skader p\u00e5 k\u00f8ret\u00f8jer. Vores karrosseriteknikere bliver l\u00f8bende uddannet for at holde sig ajour, s\u00e5 de har mulighed for at hj\u00e6lpe dig, uanset hvilken bil du har. Hos Ketner har vi desuden det mest moderne udstyr og v\u00e6rkt\u00f8j i autobranchen til r\u00e5dighed. Det g\u00f8r os i stand til at tage os af din bil og hurtigt f\u00e5 den k\u00f8reklar igen, n\u00e5r uheldet er ude.[\/vc_column_text][\/vc_column][\/vc_row][vc_row css_animation=&#8221;&#8221; row_type=&#8221;row&#8221; use_row_as_full_screen_section=&#8221;no&#8221; type=&#8221;grid&#8221; angled_section=&#8221;no&#8221; text_align=&#8221;left&#8221; background_image_as_pattern=&#8221;without_pattern&#8221; el_class=&#8221;padding80&#8243; css=&#8221;.vc_custom_1612355763305{background-color: #fffffe !important;}&#8221; z_index=&#8221;&#8221;][vc_column][vc_column_text]<\/p>\n<h3>Vi er et kompetent team, der udbedrer alle skader p\u00e5 din bil<\/h3>\n<p>Hos Ketner findes der ikke den type af skade, vi ikke kan reparere. Vi tager os b\u00e5de af sm\u00e5 og store skader \u2013 det g\u00e6lder alt lige fra det irriterende stenslag p\u00e5 forruden til det mere kr\u00e6vende pladearbejde p\u00e5 din bils karrosseri.<\/p>\n<p>Faktisk har vi noget af det nyeste og mest avancerede udstyr til at udbedre forskellige skader. Og vi sikrer os, at vores team hele tiden rummer det h\u00f8jeste niveau af ekspertise inden for mekanikerbranchen. For vi bestr\u00e6ber os altid p\u00e5 at give dig den bedst mulige oplevelse, selvom du har haft en skade p\u00e5 din bil. Desuden f\u00e5r du stillet en gratis l\u00e5nebil til r\u00e5dighed, mens vi tager os k\u00e6rligt af din bil p\u00e5 vores skadecenter. P\u00e5 den m\u00e5de skal du ikke lide mere n\u00f8d, end du har gjort i forvejen. Vi kan endda ogs\u00e5 s\u00f8rge for at hente og bringe din bil, hvis du er lidt h\u00e6ngt op i en travl hverdag, hvor du har sv\u00e6rt ved at finde tid eller overskud til at g\u00f8re det selv.<\/p>\n<p>Kontakt os n\u00e6ste gang uheldet er ude. Vi er klar med professionel service.[\/vc_column_text][vc_empty_space height=&#8221;40px&#8221;]<a  itemprop=\"url\" href=\"https:\/\/ketner.dk\/aalborg\/servicebooking\/\" target=\"_self\"  class=\"qbutton  default\" style=\"margin: 0 20px 0 0; \">Book tid<i class=\"qodef-icon-dripicons dripicon dripicons-chevron-right qode_button_icon_element\" style=\"\" ><\/i><\/a><a id=\"bliv-ringet-op\" itemprop=\"url\" href=\"#\" target=\"_self\"  class=\"qbutton  white default\" style=\"margin: 0 20px 0 0; \">Bliv ringet op<i class=\"qodef-icon-dripicons dripicon dripicons-chevron-right qode_button_icon_element\" style=\"\" ><\/i><\/a>[\/vc_column][\/vc_row]<\/p>\n","protected":false},"excerpt":{"rendered":"<p>[vc_row css_animation=&#8221;&#8221; row_type=&#8221;row&#8221; use_row_as_full_screen_section=&#8221;no&#8221; type=&#8221;grid&#8221; angled_section=&#8221;no&#8221; text_align=&#8221;left&#8221; background_image_as_pattern=&#8221;without_pattern&#8221; el_class=&#8221;equal-height align-center&#8221; z_index=&#8221;&#8221; css=&#8221;.vc_custom_1611743526268{background-color: #fffffe !important;}&#8221;][vc_column el_class=&#8221;padding80 paddingright&#8221; offset=&#8221;vc_col-md-6&#8243;][vc_column_text] Professionelt skadecenter. Vi udbedrer skaderne p\u00e5 din bil med moderne udstyr og ekspertise. Det kan v\u00e6re nemt at miste overblikket, hvis du har v\u00e6ret involveret i et uheld&#8230;.<\/p>\n","protected":false},"author":2,"featured_media":0,"parent":267,"menu_order":0,"comment_status":"closed","ping_status":"closed","template":"full_width.php","meta":[],"acf":[],"_links":{"self":[{"href":"https:\/\/ketner.dk\/aalborg\/wp-json\/wp\/v2\/pages\/765"}],"collection":[{"href":"https:\/\/ketner.dk\/aalborg\/wp-json\/wp\/v2\/pages"}],"about":[{"href":"https:\/\/ketner.dk\/aalborg\/wp-json\/wp\/v2\/types\/page"}],"author":[{"embeddable":true,"href":"https:\/\/ketner.dk\/aalborg\/wp-json\/wp\/v2\/users\/2"}],"replies":[{"embeddable":true,"href":"https:\/\/ketner.dk\/aalborg\/wp-json\/wp\/v2\/comments?post=765"}],"version-history":[{"count":6,"href":"https:\/\/ketner.dk\/aalborg\/wp-json\/wp\/v2\/pages\/765\/revisions"}],"predecessor-version":[{"id":2941,"href":"https:\/\/ketner.dk\/aalborg\/wp-json\/wp\/v2\/pages\/765\/revisions\/2941"}],"up":[{"embeddable":true,"href":"https:\/\/ketner.dk\/aalborg\/wp-json\/wp\/v2\/pages\/267"}],"wp:attachment":[{"href":"https:\/\/ketner.dk\/aalborg\/wp-json\/wp\/v2\/media?parent=765"}],"curies":[{"name":"wp","href":"https:\/\/api.w.org\/{rel}","templated":true}]}}