{"id":778,"date":"2021-02-04T09:31:05","date_gmt":"2021-02-04T09:31:05","guid":{"rendered":"https:\/\/lazzatest.dk\/ketner\/aalborg\/?page_id=778"},"modified":"2021-10-13T10:30:37","modified_gmt":"2021-10-13T10:30:37","slug":"bilnoegle-reparation","status":"publish","type":"page","link":"https:\/\/ketner.dk\/aalborg\/specialer\/bilnoegle-reparation\/","title":{"rendered":"Reparation af biln\u00f8gle"},"content":{"rendered":"<p>[vc_row css_animation=&#8221;&#8221; row_type=&#8221;row&#8221; use_row_as_full_screen_section=&#8221;no&#8221; type=&#8221;grid&#8221; angled_section=&#8221;no&#8221; text_align=&#8221;left&#8221; background_image_as_pattern=&#8221;without_pattern&#8221; el_class=&#8221;equal-height align-center&#8221; z_index=&#8221;&#8221; css=&#8221;.vc_custom_1611743526268{background-color: #fffffe !important;}&#8221;][vc_column el_class=&#8221;padding80 paddingright&#8221; offset=&#8221;vc_col-md-6&#8243;][vc_column_text]<\/p>\n<h1>Reparation af biln\u00f8gle i Aalborg<\/h1>\n<p>Hvis du har problemer med din biln\u00f8gle, tager vi os gerne af det. Hos Ketner er vi dem, der s\u00f8rger for reparation af biln\u00f8gle \u2013 uanset hvad problemet end m\u00e5tte v\u00e6re. Her l\u00f8ser vi alle dine n\u00f8gleproblemer. Hurtigt og professionelt.[\/vc_column_text][vc_empty_space height=&#8221;40px&#8221;]<a  itemprop=\"url\" href=\"https:\/\/ketner.dk\/aalborg\/servicebooking\/\" target=\"_self\"  class=\"qbutton  default\" style=\"margin: 0 20px 0 0; \">Book tid<i class=\"qodef-icon-dripicons dripicon dripicons-chevron-right qode_button_icon_element\" style=\"\" ><\/i><\/a><a id=\"bliv-ringet-op\" itemprop=\"url\" href=\"#\" target=\"_self\"  class=\"qbutton  white default\" style=\"margin: 0 20px 0 0; \">Bliv ringet op<i class=\"qodef-icon-dripicons dripicon dripicons-chevron-right qode_button_icon_element\" style=\"\" ><\/i><\/a>[vc_empty_space height=&#8221;40px&#8221;][\/vc_column][vc_column offset=&#8221;vc_col-md-6&#8243;][vc_single_image image=&#8221;782&#8243; img_size=&#8221;full&#8221; style=&#8221;vc_box_rounded&#8221; qode_css_animation=&#8221;&#8221;][\/vc_column][\/vc_row][vc_row css_animation=&#8221;&#8221; row_type=&#8221;row&#8221; use_row_as_full_screen_section=&#8221;no&#8221; type=&#8221;grid&#8221; angled_section=&#8221;no&#8221; text_align=&#8221;left&#8221; background_image_as_pattern=&#8221;without_pattern&#8221; el_class=&#8221;padding80 equal-height align-center&#8221; css=&#8221;.vc_custom_1611737133965{background-color: #f0f0f0 !important;}&#8221; z_index=&#8221;&#8221;][vc_column offset=&#8221;vc_col-md-6&#8243;]        \n        <div class=\"image_grid-wrapper\">\n            <div class=\"image_grid\">\n                <div class=\"image_grid_item\"><img width=\"1200\" height=\"800\" src=\"https:\/\/ketner.dk\/aalborg\/wp-content\/uploads\/2021\/02\/Bilnoegle.jpg\" class=\"attachment-full size-full\" alt=\"\" srcset=\"https:\/\/ketner.dk\/aalborg\/wp-content\/uploads\/sites\/5\/2021\/02\/Bilnoegle.jpg 1200w, https:\/\/ketner.dk\/aalborg\/wp-content\/uploads\/sites\/5\/2021\/02\/Bilnoegle-300x200.jpg 300w, https:\/\/ketner.dk\/aalborg\/wp-content\/uploads\/sites\/5\/2021\/02\/Bilnoegle-1024x683.jpg 1024w, https:\/\/ketner.dk\/aalborg\/wp-content\/uploads\/sites\/5\/2021\/02\/Bilnoegle-768x512.jpg 768w, https:\/\/ketner.dk\/aalborg\/wp-content\/uploads\/sites\/5\/2021\/02\/Bilnoegle-700x467.jpg 700w\" sizes=\"(max-width: 1200px) 100vw, 1200px\" \/><\/div><div class=\"image_grid_item\"><img width=\"1200\" height=\"1107\" src=\"https:\/\/ketner.dk\/aalborg\/wp-content\/uploads\/2021\/02\/Noegler.jpg\" class=\"attachment-full size-full\" alt=\"\" srcset=\"https:\/\/ketner.dk\/aalborg\/wp-content\/uploads\/sites\/5\/2021\/02\/Noegler.jpg 1200w, https:\/\/ketner.dk\/aalborg\/wp-content\/uploads\/sites\/5\/2021\/02\/Noegler-300x277.jpg 300w, https:\/\/ketner.dk\/aalborg\/wp-content\/uploads\/sites\/5\/2021\/02\/Noegler-1024x945.jpg 1024w, https:\/\/ketner.dk\/aalborg\/wp-content\/uploads\/sites\/5\/2021\/02\/Noegler-768x708.jpg 768w, https:\/\/ketner.dk\/aalborg\/wp-content\/uploads\/sites\/5\/2021\/02\/Noegler-700x646.jpg 700w\" sizes=\"(max-width: 1200px) 100vw, 1200px\" \/><\/div><div class=\"image_grid_item\"><img width=\"1200\" height=\"991\" src=\"https:\/\/ketner.dk\/aalborg\/wp-content\/uploads\/2021\/02\/Noegleskaerer.jpg\" class=\"attachment-full size-full\" alt=\"\" srcset=\"https:\/\/ketner.dk\/aalborg\/wp-content\/uploads\/sites\/5\/2021\/02\/Noegleskaerer.jpg 1200w, https:\/\/ketner.dk\/aalborg\/wp-content\/uploads\/sites\/5\/2021\/02\/Noegleskaerer-300x248.jpg 300w, https:\/\/ketner.dk\/aalborg\/wp-content\/uploads\/sites\/5\/2021\/02\/Noegleskaerer-1024x846.jpg 1024w, https:\/\/ketner.dk\/aalborg\/wp-content\/uploads\/sites\/5\/2021\/02\/Noegleskaerer-768x634.jpg 768w, https:\/\/ketner.dk\/aalborg\/wp-content\/uploads\/sites\/5\/2021\/02\/Noegleskaerer-700x578.jpg 700w\" sizes=\"(max-width: 1200px) 100vw, 1200px\" \/><\/div>            <\/div>\n        <\/div>\n\n        [vc_empty_space height=&#8221;40px&#8221;][\/vc_column][vc_column el_class=&#8221;paddingleft&#8221; offset=&#8221;vc_col-md-6&#8243;][vc_column_text]<\/p>\n<h2>Typiske problemer med biln\u00f8gler, som vi tager os af i Aalborg<\/h2>\n<p>Hos Ketner kan vi hj\u00e6lpe dig med det hele. P\u00e5 vores v\u00e6rksted i Aalborg tager vi os af reparation af n\u00f8gler til langt de fleste k\u00f8ret\u00f8jer. Det g\u00e6lder naturligvis n\u00f8gler til biler, varevogne, motorcykler, b\u00e5de og autocampere mv. Vi hj\u00e6lper dig desuden gerne med at sk\u00e6re og kode en ny biln\u00f8gle, hvis den eksisterende ikke kan repareres.<\/p>\n<p><strong>Vi hj\u00e6lper dig fx med reparation af din biln\u00f8gle i Aalborg, hvis:<\/strong><\/p>\n<ul>\n<li>Biln\u00f8glen er br\u00e6kket eller beskadiget<\/li>\n<li>Den elektroniske chip i n\u00f8glen er g\u00e5et i stykker<\/li>\n<li>Der er en periodisk fejl p\u00e5 din biln\u00f8gle<\/li>\n<li>Batteriet i din biln\u00f8gle er l\u00f8bet t\u00f8r for str\u00f8m<\/li>\n<li>Du oplever problemer med knapperne p\u00e5 din biln\u00f8gle<\/li>\n<\/ul>\n<p>P\u00e5 vores autov\u00e6rksted i Aalborg har vi investeret i noget af de nyeste maskineri, der b\u00e5de er i stand til at sk\u00e6re en ny biln\u00f8gle og kode n\u00f8glen, s\u00e5 den tr\u00e5dl\u00f8se betjening passer lige n\u00f8jagtig til din bil eller dit k\u00f8ret\u00f8j.<\/p>\n<p>Du er altid velkomment til at kontakte vores afdeling i Aalborg, hvis du gerne vil have et estimat p\u00e5, hvad en reparation eller en udskiftning af netop din biln\u00f8gle koster.[\/vc_column_text][vc_empty_space height=&#8221;40px&#8221;]<a  itemprop=\"url\" href=\"https:\/\/ketner.dk\/aalborg\/servicebooking\/\" target=\"_self\"  class=\"qbutton  default\" style=\"margin: 0 20px 0 0; \">Book tid<i class=\"qodef-icon-dripicons dripicon dripicons-chevron-right qode_button_icon_element\" style=\"\" ><\/i><\/a><a id=\"bliv-ringet-op\" itemprop=\"url\" href=\"#\" target=\"_self\"  class=\"qbutton  white default\" style=\"margin: 0 20px 0 0; \">Bliv ringet op<i class=\"qodef-icon-dripicons dripicon dripicons-chevron-right qode_button_icon_element\" style=\"\" ><\/i><\/a>[\/vc_column][\/vc_row][vc_row css_animation=&#8221;&#8221; row_type=&#8221;row&#8221; use_row_as_full_screen_section=&#8221;no&#8221; type=&#8221;grid&#8221; angled_section=&#8221;no&#8221; text_align=&#8221;left&#8221; background_image_as_pattern=&#8221;without_pattern&#8221; el_class=&#8221;padding80&#8243; css=&#8221;.vc_custom_1611736988930{background-color: #fffffe !important;}&#8221; z_index=&#8221;&#8221;][vc_column][vc_column_text]<\/p>\n<h2>Ketner er din specialist i at lave en ny biln\u00f8gle til dig i Aalborg<\/h2>\n<p>Hos Ketner i Aalborg har du mulighed for at f\u00e5 din nye biln\u00f8gle tilpasset fuldst\u00e6ndig efter dine behov. Her kan vi lave skr\u00e6ddersyede biln\u00f8gler til b\u00e5de private bilister og erhvervsm\u00e6ssige form\u00e5l. I vores Aalborg-afdeling er der langt over tusind forskellige kombinationer af fjernbetjente biln\u00f8gler, og vi har det tekniske udstyr, der g\u00f8r, at vi b\u00e5de kan sk\u00e6re og kode en biln\u00f8gle med den helt optimale pr\u00e6cision. Den service er der ikke mange andre autov\u00e6rksteder, der har mulighed for at tilbyde dig.<\/p>\n<p>Gennem vores elektroniske udstyr er vi koblet op til alle de g\u00e6ngse bilfabrikker online. Det giver os mulighed for at lave og kode en ny biln\u00f8gle til dig hurtigt og nemt. Vi har desuden ogs\u00e5 mulighed for at f\u00e5 kodet din automatiske garage\u00e5bner ind i biln\u00f8glen.<\/p>\n<h3>Vi foretager reparation af din biln\u00f8gle i Aalborg<\/h3>\n<p>Ligesom vi giver dig en helt s\u00e6rlig service p\u00e5 alle reparationer af din bil, g\u00e6lder det naturligvis ogs\u00e5, n\u00e5r det kommer til reparation af din biln\u00f8gle. Vi ved, hvor tr\u00e6ls det kan v\u00e6re, hvis du oplever problemer med n\u00f8glen til din bil. Det er noget, der bare skal fungere \u2013 og nogle gange er det foruds\u00e6tningen for, at du overhovedet kan k\u00f8re eller at komme ind i din bil.<\/p>\n<p>Derfor foretager vi ogs\u00e5 reparation af din biln\u00f8gle i Aalborg, s\u00e5 du kan bruge din bil igen. Det er bare med at komme ind til Ketner i Aalborg \u2013 s\u00e5 s\u00f8rger vi for, at du f\u00e5r en velfungerende n\u00f8gle s\u00e5 hurtigt som muligt.[\/vc_column_text][vc_empty_space height=&#8221;40px&#8221;]<a  itemprop=\"url\" href=\"https:\/\/ketner.dk\/aalborg\/servicebooking\/\" target=\"_self\"  class=\"qbutton  default\" style=\"margin: 0 20px 0 0; \">Book tid<i class=\"qodef-icon-dripicons dripicon dripicons-chevron-right qode_button_icon_element\" style=\"\" ><\/i><\/a><a id=\"bliv-ringet-op\" itemprop=\"url\" href=\"#\" target=\"_self\"  class=\"qbutton  white default\" style=\"margin: 0 20px 0 0; \">Bliv ringet op<i class=\"qodef-icon-dripicons dripicon dripicons-chevron-right qode_button_icon_element\" style=\"\" ><\/i><\/a>[\/vc_column][\/vc_row]<\/p>\n","protected":false},"excerpt":{"rendered":"<p>[vc_row css_animation=&#8221;&#8221; row_type=&#8221;row&#8221; use_row_as_full_screen_section=&#8221;no&#8221; type=&#8221;grid&#8221; angled_section=&#8221;no&#8221; text_align=&#8221;left&#8221; background_image_as_pattern=&#8221;without_pattern&#8221; el_class=&#8221;equal-height align-center&#8221; z_index=&#8221;&#8221; css=&#8221;.vc_custom_1611743526268{background-color: #fffffe !important;}&#8221;][vc_column el_class=&#8221;padding80 paddingright&#8221; offset=&#8221;vc_col-md-6&#8243;][vc_column_text] Reparation af biln\u00f8gle i Aalborg Hvis du har problemer med din biln\u00f8gle, tager vi os gerne af det. Hos Ketner er vi dem, der s\u00f8rger for reparation af&#8230;<\/p>\n","protected":false},"author":1,"featured_media":0,"parent":267,"menu_order":0,"comment_status":"closed","ping_status":"closed","template":"full_width.php","meta":[],"acf":[],"_links":{"self":[{"href":"https:\/\/ketner.dk\/aalborg\/wp-json\/wp\/v2\/pages\/778"}],"collection":[{"href":"https:\/\/ketner.dk\/aalborg\/wp-json\/wp\/v2\/pages"}],"about":[{"href":"https:\/\/ketner.dk\/aalborg\/wp-json\/wp\/v2\/types\/page"}],"author":[{"embeddable":true,"href":"https:\/\/ketner.dk\/aalborg\/wp-json\/wp\/v2\/users\/1"}],"replies":[{"embeddable":true,"href":"https:\/\/ketner.dk\/aalborg\/wp-json\/wp\/v2\/comments?post=778"}],"version-history":[{"count":7,"href":"https:\/\/ketner.dk\/aalborg\/wp-json\/wp\/v2\/pages\/778\/revisions"}],"predecessor-version":[{"id":2721,"href":"https:\/\/ketner.dk\/aalborg\/wp-json\/wp\/v2\/pages\/778\/revisions\/2721"}],"up":[{"embeddable":true,"href":"https:\/\/ketner.dk\/aalborg\/wp-json\/wp\/v2\/pages\/267"}],"wp:attachment":[{"href":"https:\/\/ketner.dk\/aalborg\/wp-json\/wp\/v2\/media?parent=778"}],"curies":[{"name":"wp","href":"https:\/\/api.w.org\/{rel}","templated":true}]}}