{"id":789,"date":"2021-02-04T09:41:14","date_gmt":"2021-02-04T09:41:14","guid":{"rendered":"https:\/\/lazzatest.dk\/ketner\/?page_id=789"},"modified":"2021-10-14T11:01:05","modified_gmt":"2021-10-14T11:01:05","slug":"gearkasse-service","status":"publish","type":"page","link":"https:\/\/ketner.dk\/aalborg\/specialer\/gearkasse-service\/","title":{"rendered":"Gearkasse"},"content":{"rendered":"<p>[vc_row css_animation=&#8221;&#8221; row_type=&#8221;row&#8221; use_row_as_full_screen_section=&#8221;no&#8221; type=&#8221;grid&#8221; angled_section=&#8221;no&#8221; text_align=&#8221;left&#8221; background_image_as_pattern=&#8221;without_pattern&#8221; el_class=&#8221;equal-height align-center&#8221; z_index=&#8221;&#8221; css=&#8221;.vc_custom_1623922852118{background-color: #f0f0f0 !important;}&#8221;][vc_column el_class=&#8221;padding80 paddingright&#8221; offset=&#8221;vc_col-md-6&#8243;][vc_column_text]<\/p>\n<h1>Vi laver professionel service p\u00e5 din gearkasse<\/h1>\n<p>Hos Ketner har vi mange specialer, som vi er anerkendt for. En af dem er vores servicering af enhver type af gearkasse. Vi tager os b\u00e5de af manuelle gearkasser og automatgear og har branchens nyeste og mest avancerede udstyr til fejlfinding og reparation . Derfor er vi det naturlige valg, n\u00e5r det handler om dit gear, som er en af de essentielle dele af den mekaniske forening, der bidrager direkte til din k\u00f8regl\u00e6de.<\/p>\n<p>Vores personale har mange \u00e5rs erfaring med vedligeholdelse og reparation af gearkasser \u2013 og p\u00e5 vores v\u00e6rksteder findes der et utal af testere og specifikke v\u00e6rkt\u00f8jer, der g\u00f8r, at vi l\u00f8ser enhver gearkasse-relateret opgave perfekt og professionelt hver eneste gang. Meget af udstyret er 100 % originale testere, der er direkte forbundet via internettet til fabrikken. Og mange gange er det blot et sp\u00f8rgsm\u00e5l om opdatering af bilens computer, der skal til, f\u00f8r du er godt k\u00f8rende igen.<\/p>\n<p>Hver dag fejlfinder vi, diagnosticerer og servicer vi et hav af gearkasser i vores topmoderne testcenter. Derfor er vi dem, du skal tage fat i, hvis du vil din gearkasse og din bil det allerbedste.[\/vc_column_text][vc_empty_space height=&#8221;40px&#8221;]<a  itemprop=\"url\" href=\"https:\/\/ketner.dk\/aalborg\/servicebooking\/\" target=\"_self\"  class=\"qbutton  default\" style=\"margin: 0 20px 0 0; \">Book tid<i class=\"qodef-icon-dripicons dripicon dripicons-chevron-right qode_button_icon_element\" style=\"\" ><\/i><\/a><a id=\"bliv-ringet-op\" itemprop=\"url\" href=\"#\" target=\"_self\"  class=\"qbutton  white default\" style=\"margin: 0 20px 0 0; \">Bliv ringet op<i class=\"qodef-icon-dripicons dripicon dripicons-chevron-right qode_button_icon_element\" style=\"\" ><\/i><\/a>[vc_empty_space height=&#8221;40px&#8221;][\/vc_column][vc_column offset=&#8221;vc_col-md-6&#8243;][vc_single_image image=&#8221;795&#8243; img_size=&#8221;full&#8221; style=&#8221;vc_box_rounded&#8221; qode_css_animation=&#8221;&#8221;][\/vc_column][\/vc_row][vc_row css_animation=&#8221;&#8221; row_type=&#8221;row&#8221; use_row_as_full_screen_section=&#8221;no&#8221; type=&#8221;grid&#8221; angled_section=&#8221;no&#8221; text_align=&#8221;left&#8221; background_image_as_pattern=&#8221;without_pattern&#8221; css=&#8221;.vc_custom_1623926326254{background-color: #fffffe !important;}&#8221; z_index=&#8221;&#8221; el_class=&#8221;padding80&#8243;][vc_column][vc_column_text]<\/p>\n<h2>Vi tilbyder ogs\u00e5<\/h2>\n<p>[\/vc_column_text][vc_empty_space height=&#8221;40px&#8221;][vc_row_inner row_type=&#8221;row&#8221; type=&#8221;full_width&#8221; text_align=&#8221;left&#8221; css_animation=&#8221;&#8221;][vc_column_inner width=&#8221;1\/2&#8243; offset=&#8221;vc_col-md-1\/5&#8243; css=&#8221;.vc_custom_1634209260686{margin-bottom: 20px !important;}&#8221;][vc_column_text el_class=&#8221;link-arrow&#8221;]<strong><a href=\"https:\/\/ketner.dk\/aalborg\/specialer\/gearkasse-service\/reparation\/\">Reparation af gearkasse<\/a><\/strong>[\/vc_column_text][\/vc_column_inner][vc_column_inner width=&#8221;1\/2&#8243; offset=&#8221;vc_col-md-1\/5&#8243; css=&#8221;.vc_custom_1634209264337{margin-bottom: 20px !important;}&#8221;][vc_column_text el_class=&#8221;link-arrow&#8221;]<strong><a href=\"https:\/\/ketner.dk\/aalborg\/specialer\/gearkasse-service\/skylning\/\">Skylning af gearkasse<\/a><\/strong>[\/vc_column_text][\/vc_column_inner][\/vc_row_inner][\/vc_column][\/vc_row][vc_row css_animation=&#8221;&#8221; row_type=&#8221;row&#8221; use_row_as_full_screen_section=&#8221;no&#8221; type=&#8221;grid&#8221; angled_section=&#8221;no&#8221; text_align=&#8221;left&#8221; background_image_as_pattern=&#8221;without_pattern&#8221; el_class=&#8221;padding80 equal-height align-center&#8221; css=&#8221;.vc_custom_1611737133965{background-color: #f0f0f0 !important;}&#8221; z_index=&#8221;&#8221;][vc_column offset=&#8221;vc_col-md-6&#8243;]        \n        <div class=\"image_grid-wrapper\">\n            <div class=\"image_grid\">\n                <div class=\"image_grid_item\"><img width=\"1200\" height=\"900\" src=\"https:\/\/ketner.dk\/aalborg\/wp-content\/uploads\/2021\/02\/gearkasse.jpg\" class=\"attachment-full size-full\" alt=\"\" srcset=\"https:\/\/ketner.dk\/aalborg\/wp-content\/uploads\/sites\/5\/2021\/02\/gearkasse.jpg 1200w, https:\/\/ketner.dk\/aalborg\/wp-content\/uploads\/sites\/5\/2021\/02\/gearkasse-300x225.jpg 300w, https:\/\/ketner.dk\/aalborg\/wp-content\/uploads\/sites\/5\/2021\/02\/gearkasse-1024x768.jpg 1024w, https:\/\/ketner.dk\/aalborg\/wp-content\/uploads\/sites\/5\/2021\/02\/gearkasse-768x576.jpg 768w, https:\/\/ketner.dk\/aalborg\/wp-content\/uploads\/sites\/5\/2021\/02\/gearkasse-800x600.jpg 800w, https:\/\/ketner.dk\/aalborg\/wp-content\/uploads\/sites\/5\/2021\/02\/gearkasse-700x525.jpg 700w\" sizes=\"(max-width: 1200px) 100vw, 1200px\" \/><\/div><div class=\"image_grid_item\"><img width=\"1200\" height=\"794\" src=\"https:\/\/ketner.dk\/aalborg\/wp-content\/uploads\/2021\/02\/gearkasse2.jpg\" class=\"attachment-full size-full\" alt=\"\" srcset=\"https:\/\/ketner.dk\/aalborg\/wp-content\/uploads\/sites\/5\/2021\/02\/gearkasse2.jpg 1200w, https:\/\/ketner.dk\/aalborg\/wp-content\/uploads\/sites\/5\/2021\/02\/gearkasse2-300x199.jpg 300w, https:\/\/ketner.dk\/aalborg\/wp-content\/uploads\/sites\/5\/2021\/02\/gearkasse2-1024x678.jpg 1024w, https:\/\/ketner.dk\/aalborg\/wp-content\/uploads\/sites\/5\/2021\/02\/gearkasse2-768x508.jpg 768w, https:\/\/ketner.dk\/aalborg\/wp-content\/uploads\/sites\/5\/2021\/02\/gearkasse2-700x463.jpg 700w\" sizes=\"(max-width: 1200px) 100vw, 1200px\" \/><\/div><div class=\"image_grid_item\"><img width=\"1200\" height=\"800\" src=\"https:\/\/ketner.dk\/aalborg\/wp-content\/uploads\/2021\/02\/gearkasse-auto.jpg\" class=\"attachment-full size-full\" alt=\"\" srcset=\"https:\/\/ketner.dk\/aalborg\/wp-content\/uploads\/sites\/5\/2021\/02\/gearkasse-auto.jpg 1200w, https:\/\/ketner.dk\/aalborg\/wp-content\/uploads\/sites\/5\/2021\/02\/gearkasse-auto-300x200.jpg 300w, https:\/\/ketner.dk\/aalborg\/wp-content\/uploads\/sites\/5\/2021\/02\/gearkasse-auto-1024x683.jpg 1024w, https:\/\/ketner.dk\/aalborg\/wp-content\/uploads\/sites\/5\/2021\/02\/gearkasse-auto-768x512.jpg 768w, https:\/\/ketner.dk\/aalborg\/wp-content\/uploads\/sites\/5\/2021\/02\/gearkasse-auto-700x467.jpg 700w\" sizes=\"(max-width: 1200px) 100vw, 1200px\" \/><\/div>            <\/div>\n        <\/div>\n\n        [vc_empty_space height=&#8221;40px&#8221;][\/vc_column][vc_column el_class=&#8221;paddingleft&#8221; offset=&#8221;vc_col-md-6&#8243;][vc_column_text]<\/p>\n<h2>En velk\u00f8rende gearkasse er n\u00f8glen til en velk\u00f8rende bil<\/h2>\n<p>En gearkasse er en af de helt store vidundere i den industrialiserede verden. Det er ogs\u00e5 et aktiv mekanisk system med mange dele i samspil og bev\u00e6gelse, hvor der ikke er plads til nogen uregelm\u00e6ssigheder og fejl. Derfor er det vigtigt med service p\u00e5 din gearkasse, da den er en af de b\u00e6rende elementer for din bils funktionalitet og oplevelsen af bare at suse problemfrit derudaf. Vi gennemg\u00e5r derfor din gearkasse for problemer og uhensigtsm\u00e6ssig slitage under vores gennemgribende servicetjek. Og med vores udstyr har vi mulighed for at foretage et s\u00e5dant tjek professionelt, hurtigt og helt uden tidsbestilling.<\/p>\n<p>Oplever du problemer, der med al tydelighed stammer fra gearkassen, er vi derfor klar til at se p\u00e5 sagen med det samme. Det kunne for eksempel v\u00e6re problemer med at skifte gear manuelt eller unaturlige lyde fra gearkassen. Det er med at f\u00e5 det unders\u00f8gt i en fart \u2013 for det kan potentielt v\u00e6re noget, der kan ordnes med en simpel og hurtig reparation.<\/p>\n<p>Tag fat i os, hvis du har behov for at blive godt k\u00f8rende igen i en fart.[\/vc_column_text][vc_empty_space height=&#8221;40px&#8221;]<a  itemprop=\"url\" href=\"https:\/\/ketner.dk\/aalborg\/servicebooking\/\" target=\"_self\"  class=\"qbutton  default\" style=\"margin: 0 20px 0 0; \">Book tid<i class=\"qodef-icon-dripicons dripicon dripicons-chevron-right qode_button_icon_element\" style=\"\" ><\/i><\/a><a id=\"bliv-ringet-op\" itemprop=\"url\" href=\"#\" target=\"_self\"  class=\"qbutton  white default\" style=\"margin: 0 20px 0 0; \">Bliv ringet op<i class=\"qodef-icon-dripicons dripicon dripicons-chevron-right qode_button_icon_element\" style=\"\" ><\/i><\/a>[\/vc_column][\/vc_row][vc_row css_animation=&#8221;&#8221; row_type=&#8221;row&#8221; use_row_as_full_screen_section=&#8221;no&#8221; type=&#8221;grid&#8221; angled_section=&#8221;no&#8221; text_align=&#8221;left&#8221; background_image_as_pattern=&#8221;without_pattern&#8221; el_class=&#8221;padding80&#8243; css=&#8221;.vc_custom_1611736988930{background-color: #fffffe !important;}&#8221; z_index=&#8221;&#8221;][vc_column][vc_column_text]<\/p>\n<h2>Skylning og andre moderne gearkasse-services<\/h2>\n<p>Hos Ketner kan du forvente absolut topklasse, n\u00e5r det kommer til service af gearkasse. Vi arbejder uden ventetid og kan desuden tilbyde dig en l\u00e5nebil uden ekstra beregning, hvis det er noget, der tager l\u00e6ngere tid. Som en af de f\u00f8rende specialister har vi ogs\u00e5 en effektiv service, hvor vi kan skylle din gearkasse igennem for restolie med en speciel skyllemaskine.\u00a0 Ved olieskift kan man normalt kun skifte ca. 50 % af olien, men Ketner kan, som nogle af de eneste, skifte olien 100 % ved hj\u00e6lp af en speciel skyllemaskine.<\/p>\n<p>Tr\u00e6nger din gearkasse til et serviceeftersyn? S\u00e5 t\u00f8v ikke med at tage kontakt til nogle af de mest erfarne fagspecialister p\u00e5 omr\u00e5det.[\/vc_column_text][vc_empty_space height=&#8221;40px&#8221;]<a  itemprop=\"url\" href=\"https:\/\/ketner.dk\/aalborg\/servicebooking\/\" target=\"_self\"  class=\"qbutton  default\" style=\"margin: 0 20px 0 0; \">Book tid<i class=\"qodef-icon-dripicons dripicon dripicons-chevron-right qode_button_icon_element\" style=\"\" ><\/i><\/a><a id=\"bliv-ringet-op\" itemprop=\"url\" href=\"#\" target=\"_self\"  class=\"qbutton  white default\" style=\"margin: 0 20px 0 0; \">Bliv ringet op<i class=\"qodef-icon-dripicons dripicon dripicons-chevron-right qode_button_icon_element\" style=\"\" ><\/i><\/a>[\/vc_column][\/vc_row]<\/p>\n","protected":false},"excerpt":{"rendered":"<p>[vc_row css_animation=&#8221;&#8221; row_type=&#8221;row&#8221; use_row_as_full_screen_section=&#8221;no&#8221; type=&#8221;grid&#8221; angled_section=&#8221;no&#8221; text_align=&#8221;left&#8221; background_image_as_pattern=&#8221;without_pattern&#8221; el_class=&#8221;equal-height align-center&#8221; z_index=&#8221;&#8221; css=&#8221;.vc_custom_1623922852118{background-color: #f0f0f0 !important;}&#8221;][vc_column el_class=&#8221;padding80 paddingright&#8221; offset=&#8221;vc_col-md-6&#8243;][vc_column_text] Vi laver professionel service p\u00e5 din gearkasse Hos Ketner har vi mange specialer, som vi er anerkendt for. En af dem er vores servicering af enhver type af&#8230;<\/p>\n","protected":false},"author":2,"featured_media":0,"parent":267,"menu_order":0,"comment_status":"closed","ping_status":"closed","template":"full_width.php","meta":[],"acf":[],"_links":{"self":[{"href":"https:\/\/ketner.dk\/aalborg\/wp-json\/wp\/v2\/pages\/789"}],"collection":[{"href":"https:\/\/ketner.dk\/aalborg\/wp-json\/wp\/v2\/pages"}],"about":[{"href":"https:\/\/ketner.dk\/aalborg\/wp-json\/wp\/v2\/types\/page"}],"author":[{"embeddable":true,"href":"https:\/\/ketner.dk\/aalborg\/wp-json\/wp\/v2\/users\/2"}],"replies":[{"embeddable":true,"href":"https:\/\/ketner.dk\/aalborg\/wp-json\/wp\/v2\/comments?post=789"}],"version-history":[{"count":5,"href":"https:\/\/ketner.dk\/aalborg\/wp-json\/wp\/v2\/pages\/789\/revisions"}],"predecessor-version":[{"id":2743,"href":"https:\/\/ketner.dk\/aalborg\/wp-json\/wp\/v2\/pages\/789\/revisions\/2743"}],"up":[{"embeddable":true,"href":"https:\/\/ketner.dk\/aalborg\/wp-json\/wp\/v2\/pages\/267"}],"wp:attachment":[{"href":"https:\/\/ketner.dk\/aalborg\/wp-json\/wp\/v2\/media?parent=789"}],"curies":[{"name":"wp","href":"https:\/\/api.w.org\/{rel}","templated":true}]}}