{"id":813,"date":"2021-02-04T12:16:32","date_gmt":"2021-02-04T12:16:32","guid":{"rendered":"https:\/\/lazzatest.dk\/ketner\/?page_id=813"},"modified":"2021-10-13T10:26:40","modified_gmt":"2021-10-13T10:26:40","slug":"skylning","status":"publish","type":"page","link":"https:\/\/ketner.dk\/aalborg\/specialer\/gearkasse-service\/skylning\/","title":{"rendered":"Gearkasseskylning"},"content":{"rendered":"<p>[vc_row css_animation=&#8221;&#8221; row_type=&#8221;row&#8221; use_row_as_full_screen_section=&#8221;no&#8221; type=&#8221;grid&#8221; angled_section=&#8221;no&#8221; text_align=&#8221;left&#8221; background_image_as_pattern=&#8221;without_pattern&#8221; el_class=&#8221;equal-height align-center&#8221; z_index=&#8221;&#8221; css=&#8221;.vc_custom_1612516409464{background-color: #f0f0f0 !important;}&#8221;][vc_column el_class=&#8221;padding80 paddingright&#8221; offset=&#8221;vc_col-md-6&#8243;][vc_column_text]<\/p>\n<h1>Skylning af gearkasse<\/h1>\n<p>Gearkasseolien spiller en essentiel rolle i forhold til din gearkasses helbred. Den sikrer, at det avancerede system af mekaniske dele interagerer optimalt med hinanden. Men med tiden mister olien sin effekt \u2013 og s\u00e5 opn\u00e5r man klart det bedste resultat med en skylning af gearkassen. N\u00e5r vi foretager en skylning af din gearkasse, g\u00f8r vi det ved at montere en speciel skyllemaskine, som presser olien rundt i hele systemet. Det sikrer, at al olien bliver skiftet. Og det er netop det, der er den klare fordel ved en skylning. For uden en skylning f\u00e5r man ikke de sidste 30 % af den gamle olie ud. Derfor bliver den gamle olie blandet med den nye olie. Det er ikke helt optimalt.<\/p>\n<p>Ved et konventionelt olieskift kan man normalt kun skifte omkring 50 % af olien. Men hos Ketner kan vi skifte 100 % af olien med vores specielle skyllemaskine. N\u00e5r al olien bliver skiftet sammen med filteret, kan man virkelig m\u00e6rke en forskel, ved at gearkassen k\u00f8rer v\u00e6sentligt bedre. Ydermere mindsker denne metode ogs\u00e5 nedslidning af anl\u00e6gget og eventuelle dyre f\u00f8lgeomkostninger.<\/p>\n<p>Kontakt os i dag for at h\u00f8re mere om skylning af gearkasse. Vi tager os b\u00e5de af manuelle gearkasser og automatgear. Som s\u00e6dvanlig helt uden ventetid.[\/vc_column_text][vc_empty_space height=&#8221;40px&#8221;]<a  itemprop=\"url\" href=\"https:\/\/ketner.dk\/aalborg\/servicebooking\/\" target=\"_self\"  class=\"qbutton  default\" style=\"margin: 0 20px 0 0; \">Book tid<i class=\"qodef-icon-dripicons dripicon dripicons-chevron-right qode_button_icon_element\" style=\"\" ><\/i><\/a><a id=\"bliv-ringet-op\" itemprop=\"url\" href=\"#\" target=\"_self\"  class=\"qbutton  white default\" style=\"margin: 0 20px 0 0; \">Bliv ringet op<i class=\"qodef-icon-dripicons dripicon dripicons-chevron-right qode_button_icon_element\" style=\"\" ><\/i><\/a>[vc_empty_space height=&#8221;40px&#8221;][\/vc_column][vc_column offset=&#8221;vc_col-md-6&#8243;][vc_single_image image=&#8221;793&#8243; img_size=&#8221;full&#8221; style=&#8221;vc_box_rounded&#8221; qode_css_animation=&#8221;&#8221;][\/vc_column][\/vc_row][vc_row css_animation=&#8221;&#8221; row_type=&#8221;row&#8221; use_row_as_full_screen_section=&#8221;no&#8221; type=&#8221;grid&#8221; angled_section=&#8221;no&#8221; text_align=&#8221;left&#8221; background_image_as_pattern=&#8221;without_pattern&#8221; el_class=&#8221;padding80 equal-height align-center&#8221; css=&#8221;.vc_custom_1612516401103{background-color: #fffffe !important;}&#8221; z_index=&#8221;&#8221;][vc_column offset=&#8221;vc_col-md-6&#8243;]        \n        <div class=\"image_grid-wrapper\">\n            <div class=\"image_grid\">\n                <div class=\"image_grid_item\"><img width=\"1200\" height=\"900\" src=\"https:\/\/ketner.dk\/aalborg\/wp-content\/uploads\/2021\/02\/gearkasse.jpg\" class=\"attachment-full size-full\" alt=\"\" srcset=\"https:\/\/ketner.dk\/aalborg\/wp-content\/uploads\/sites\/5\/2021\/02\/gearkasse.jpg 1200w, https:\/\/ketner.dk\/aalborg\/wp-content\/uploads\/sites\/5\/2021\/02\/gearkasse-300x225.jpg 300w, https:\/\/ketner.dk\/aalborg\/wp-content\/uploads\/sites\/5\/2021\/02\/gearkasse-1024x768.jpg 1024w, https:\/\/ketner.dk\/aalborg\/wp-content\/uploads\/sites\/5\/2021\/02\/gearkasse-768x576.jpg 768w, https:\/\/ketner.dk\/aalborg\/wp-content\/uploads\/sites\/5\/2021\/02\/gearkasse-800x600.jpg 800w, https:\/\/ketner.dk\/aalborg\/wp-content\/uploads\/sites\/5\/2021\/02\/gearkasse-700x525.jpg 700w\" sizes=\"(max-width: 1200px) 100vw, 1200px\" \/><\/div><div class=\"image_grid_item\"><img width=\"1200\" height=\"800\" src=\"https:\/\/ketner.dk\/aalborg\/wp-content\/uploads\/2021\/02\/gearkasse-audi.jpg\" class=\"attachment-full size-full\" alt=\"\" srcset=\"https:\/\/ketner.dk\/aalborg\/wp-content\/uploads\/sites\/5\/2021\/02\/gearkasse-audi.jpg 1200w, https:\/\/ketner.dk\/aalborg\/wp-content\/uploads\/sites\/5\/2021\/02\/gearkasse-audi-300x200.jpg 300w, https:\/\/ketner.dk\/aalborg\/wp-content\/uploads\/sites\/5\/2021\/02\/gearkasse-audi-1024x683.jpg 1024w, https:\/\/ketner.dk\/aalborg\/wp-content\/uploads\/sites\/5\/2021\/02\/gearkasse-audi-768x512.jpg 768w, https:\/\/ketner.dk\/aalborg\/wp-content\/uploads\/sites\/5\/2021\/02\/gearkasse-audi-700x467.jpg 700w\" sizes=\"(max-width: 1200px) 100vw, 1200px\" \/><\/div><div class=\"image_grid_item\"><img width=\"1200\" height=\"800\" src=\"https:\/\/ketner.dk\/aalborg\/wp-content\/uploads\/2021\/02\/gearkasse-auto.jpg\" class=\"attachment-full size-full\" alt=\"\" srcset=\"https:\/\/ketner.dk\/aalborg\/wp-content\/uploads\/sites\/5\/2021\/02\/gearkasse-auto.jpg 1200w, https:\/\/ketner.dk\/aalborg\/wp-content\/uploads\/sites\/5\/2021\/02\/gearkasse-auto-300x200.jpg 300w, https:\/\/ketner.dk\/aalborg\/wp-content\/uploads\/sites\/5\/2021\/02\/gearkasse-auto-1024x683.jpg 1024w, https:\/\/ketner.dk\/aalborg\/wp-content\/uploads\/sites\/5\/2021\/02\/gearkasse-auto-768x512.jpg 768w, https:\/\/ketner.dk\/aalborg\/wp-content\/uploads\/sites\/5\/2021\/02\/gearkasse-auto-700x467.jpg 700w\" sizes=\"(max-width: 1200px) 100vw, 1200px\" \/><\/div>            <\/div>\n        <\/div>\n\n        [vc_empty_space height=&#8221;40px&#8221;][\/vc_column][vc_column el_class=&#8221;paddingleft&#8221; offset=&#8221;vc_col-md-6&#8243;][vc_column_text]<\/p>\n<h2>Hvorn\u00e5r tr\u00e6nger din bil til en skylning af gearkassen?<\/h2>\n<p>Mange af de st\u00f8rste bilfabrikanter anbefaler en skylning af gearkassen efter cirka 50.000 km eller hvert andet \u00e5r \u2013 afh\u00e6ngig af dit \u00e5rlige k\u00f8rselsbehov. Desuden kan der opst\u00e5 problemer med gearskiftet, som muligvis kan afhj\u00e6lpes af en skylning. Det er dog vigtigt prim\u00e6rt at betragte en skylning af gearkassen som en forebyggende behandling, der vil forl\u00e6nge levetiden af din bil. Hvis du oplever markante symptomer som for eksempel besv\u00e6rligt gearskift eller unaturlige, knasende lyde fra gearkassen, kan det v\u00e6re, at den allerede har taget skade.<\/p>\n<p>En skylning af gearkassen er dog med til at minimere risikoen for, at s\u00e5dan noget sker, ganske betragteligt. S\u00e5 kontakt os i dag for at f\u00e5 os til at hj\u00e6lpe dig med at tage dig bedst muligt af din bil.[\/vc_column_text][\/vc_column][\/vc_row]<\/p>\n","protected":false},"excerpt":{"rendered":"<p>[vc_row css_animation=&#8221;&#8221; row_type=&#8221;row&#8221; use_row_as_full_screen_section=&#8221;no&#8221; type=&#8221;grid&#8221; angled_section=&#8221;no&#8221; text_align=&#8221;left&#8221; background_image_as_pattern=&#8221;without_pattern&#8221; el_class=&#8221;equal-height align-center&#8221; z_index=&#8221;&#8221; css=&#8221;.vc_custom_1612516409464{background-color: #f0f0f0 !important;}&#8221;][vc_column el_class=&#8221;padding80 paddingright&#8221; offset=&#8221;vc_col-md-6&#8243;][vc_column_text] Skylning af gearkasse Gearkasseolien spiller en essentiel rolle i forhold til din gearkasses helbred. Den sikrer, at det avancerede system af mekaniske dele interagerer optimalt med hinanden. Men&#8230;<\/p>\n","protected":false},"author":2,"featured_media":0,"parent":789,"menu_order":0,"comment_status":"closed","ping_status":"closed","template":"full_width.php","meta":[],"acf":[],"_links":{"self":[{"href":"https:\/\/ketner.dk\/aalborg\/wp-json\/wp\/v2\/pages\/813"}],"collection":[{"href":"https:\/\/ketner.dk\/aalborg\/wp-json\/wp\/v2\/pages"}],"about":[{"href":"https:\/\/ketner.dk\/aalborg\/wp-json\/wp\/v2\/types\/page"}],"author":[{"embeddable":true,"href":"https:\/\/ketner.dk\/aalborg\/wp-json\/wp\/v2\/users\/2"}],"replies":[{"embeddable":true,"href":"https:\/\/ketner.dk\/aalborg\/wp-json\/wp\/v2\/comments?post=813"}],"version-history":[{"count":3,"href":"https:\/\/ketner.dk\/aalborg\/wp-json\/wp\/v2\/pages\/813\/revisions"}],"predecessor-version":[{"id":2714,"href":"https:\/\/ketner.dk\/aalborg\/wp-json\/wp\/v2\/pages\/813\/revisions\/2714"}],"up":[{"embeddable":true,"href":"https:\/\/ketner.dk\/aalborg\/wp-json\/wp\/v2\/pages\/789"}],"wp:attachment":[{"href":"https:\/\/ketner.dk\/aalborg\/wp-json\/wp\/v2\/media?parent=813"}],"curies":[{"name":"wp","href":"https:\/\/api.w.org\/{rel}","templated":true}]}}