{"id":825,"date":"2021-02-04T12:39:54","date_gmt":"2021-02-04T12:39:54","guid":{"rendered":"https:\/\/lazzatest.dk\/ketner\/?page_id=825"},"modified":"2021-10-13T09:26:56","modified_gmt":"2021-10-13T09:26:56","slug":"webasto-bilvarmer","status":"publish","type":"page","link":"https:\/\/ketner.dk\/aalborg\/specialer\/bilvarmer\/webasto-bilvarmer\/","title":{"rendered":"Webasto bilvarmer"},"content":{"rendered":"<p>[vc_row css_animation=&#8221;&#8221; row_type=&#8221;row&#8221; use_row_as_full_screen_section=&#8221;no&#8221; type=&#8221;grid&#8221; angled_section=&#8221;no&#8221; text_align=&#8221;left&#8221; background_image_as_pattern=&#8221;without_pattern&#8221; el_class=&#8221;equal-height align-center&#8221; z_index=&#8221;&#8221; css=&#8221;.vc_custom_1612443287004{background-color: #f0f0f0 !important;}&#8221;][vc_column el_class=&#8221;padding80 paddingright&#8221; offset=&#8221;vc_col-md-6&#8243;][vc_column_text]<\/p>\n<h1>Bilvarmer fra Webasto \u2013 f\u00e5 et behageligt k\u00f8rselsklima \u00e5ret rundt<\/h1>\n<p>I de perioder, hvor naturens elementer er mest anstrengende, er det en forn\u00f8jelse at kunne s\u00e6tte sig ind i sin bil og kunne suse af sted med frit udsyn og og et smil p\u00e5 l\u00e6ben. Hos Ketner er vi autoriseret forhandler af de effektive bilvarmere fra Webasto, der uden tvivl vil blive en af dine bedste venner p\u00e5 regnfulde og kolde dage, hvor du nu har mulighed for at s\u00e6tte dig direkte ind i en bil med den temperatur, som er helt perfekt for dig.<\/p>\n<p>En Webasto-bilvarmer er fork\u00e6lelse og komfort i h\u00f8jeste gear. Vi har l\u00f8sninger b\u00e5de til mindre og st\u00f8rre biler samt varevogne og andre k\u00f8ret\u00f8jer. S\u00e5 det er os, du skal have fat i, hvis du er tr\u00e6t af at skrabe is af ruderne og \u00f8nsker dig de bedste oplevelser med din bil.[\/vc_column_text][vc_empty_space height=&#8221;40px&#8221;]<a  itemprop=\"url\" href=\"https:\/\/ketner.dk\/aalborg\/servicebooking\/\" target=\"_self\"  class=\"qbutton  default\" style=\"margin: 0 20px 0 0; \">Book tid<i class=\"qodef-icon-dripicons dripicon dripicons-chevron-right qode_button_icon_element\" style=\"\" ><\/i><\/a><a id=\"bliv-ringet-op\" itemprop=\"url\" href=\"#\" target=\"_self\"  class=\"qbutton  white default\" style=\"margin: 0 20px 0 0; \">Bliv ringet op<i class=\"qodef-icon-dripicons dripicon dripicons-chevron-right qode_button_icon_element\" style=\"\" ><\/i><\/a>[vc_empty_space height=&#8221;40px&#8221;][\/vc_column][vc_column offset=&#8221;vc_col-md-6&#8243;][vc_single_image image=&#8221;820&#8243; img_size=&#8221;full&#8221; style=&#8221;vc_box_rounded&#8221; qode_css_animation=&#8221;&#8221;][\/vc_column][\/vc_row][vc_row css_animation=&#8221;&#8221; row_type=&#8221;row&#8221; use_row_as_full_screen_section=&#8221;no&#8221; type=&#8221;grid&#8221; angled_section=&#8221;no&#8221; text_align=&#8221;left&#8221; background_image_as_pattern=&#8221;without_pattern&#8221; el_class=&#8221;padding80 equal-height align-center&#8221; css=&#8221;.vc_custom_1612443639262{background-color: #fffffe !important;}&#8221; z_index=&#8221;&#8221;][vc_column offset=&#8221;vc_col-md-6&#8243;]        \n        <div class=\"image_grid-wrapper\">\n            <div class=\"image_grid\">\n                <div class=\"image_grid_item\"><img width=\"720\" height=\"1080\" src=\"https:\/\/ketner.dk\/aalborg\/wp-content\/uploads\/2021\/02\/bilvarmer2.jpg\" class=\"attachment-full size-full\" alt=\"\" srcset=\"https:\/\/ketner.dk\/aalborg\/wp-content\/uploads\/sites\/5\/2021\/02\/bilvarmer2.jpg 720w, https:\/\/ketner.dk\/aalborg\/wp-content\/uploads\/sites\/5\/2021\/02\/bilvarmer2-200x300.jpg 200w, https:\/\/ketner.dk\/aalborg\/wp-content\/uploads\/sites\/5\/2021\/02\/bilvarmer2-683x1024.jpg 683w, https:\/\/ketner.dk\/aalborg\/wp-content\/uploads\/sites\/5\/2021\/02\/bilvarmer2-700x1050.jpg 700w\" sizes=\"(max-width: 720px) 100vw, 720px\" \/><\/div><div class=\"image_grid_item\"><img width=\"1200\" height=\"800\" src=\"https:\/\/ketner.dk\/aalborg\/wp-content\/uploads\/2021\/02\/bilvarmer.jpg\" class=\"attachment-full size-full\" alt=\"\" srcset=\"https:\/\/ketner.dk\/aalborg\/wp-content\/uploads\/sites\/5\/2021\/02\/bilvarmer.jpg 1200w, https:\/\/ketner.dk\/aalborg\/wp-content\/uploads\/sites\/5\/2021\/02\/bilvarmer-300x200.jpg 300w, https:\/\/ketner.dk\/aalborg\/wp-content\/uploads\/sites\/5\/2021\/02\/bilvarmer-1024x683.jpg 1024w, https:\/\/ketner.dk\/aalborg\/wp-content\/uploads\/sites\/5\/2021\/02\/bilvarmer-768x512.jpg 768w, https:\/\/ketner.dk\/aalborg\/wp-content\/uploads\/sites\/5\/2021\/02\/bilvarmer-700x467.jpg 700w\" sizes=\"(max-width: 1200px) 100vw, 1200px\" \/><\/div><div class=\"image_grid_item\"><img width=\"1200\" height=\"800\" src=\"https:\/\/ketner.dk\/aalborg\/wp-content\/uploads\/2021\/02\/bilvarmer1.jpg\" class=\"attachment-full size-full\" alt=\"\" srcset=\"https:\/\/ketner.dk\/aalborg\/wp-content\/uploads\/sites\/5\/2021\/02\/bilvarmer1.jpg 1200w, https:\/\/ketner.dk\/aalborg\/wp-content\/uploads\/sites\/5\/2021\/02\/bilvarmer1-300x200.jpg 300w, https:\/\/ketner.dk\/aalborg\/wp-content\/uploads\/sites\/5\/2021\/02\/bilvarmer1-1024x683.jpg 1024w, https:\/\/ketner.dk\/aalborg\/wp-content\/uploads\/sites\/5\/2021\/02\/bilvarmer1-768x512.jpg 768w, https:\/\/ketner.dk\/aalborg\/wp-content\/uploads\/sites\/5\/2021\/02\/bilvarmer1-700x467.jpg 700w\" sizes=\"(max-width: 1200px) 100vw, 1200px\" \/><\/div>            <\/div>\n        <\/div>\n\n        [vc_empty_space height=&#8221;40px&#8221;][\/vc_column][vc_column el_class=&#8221;paddingleft&#8221; offset=&#8221;vc_col-md-6&#8243;][vc_column_text]<\/p>\n<h2>Her finder du br\u00e6ndstofdrevne bilvarmere fra Webasto<\/h2>\n<p>Vi har effektive og p\u00e5lidelige Webasto-bilvarmere. Enhver af dem s\u00f8rger for at varme b\u00e5de bilens kabine og motoren, s\u00e5 den er klar til at yde sit bedste helt fra begyndelsen af din k\u00f8retur. De br\u00e6ndstofdrevne bilvarmere fra Webasto har en positiv effekt p\u00e5 din br\u00e6ndstof\u00f8konomi <span style=\"font-weight: 400;\">\u2013 m<\/span>ed en forvarmet motor er din bil ikke belastet af kulde og giver den optimale motorydelse fra f\u00f8rste meter.<\/p>\n<p>Bilvarmerne fra Webasto f\u00e5s med smarte digitale l\u00f8sninger, der kan styres via din smartphone. Her kan du blandt andet fjernstarte bilvarmeren via telefonen eller planl\u00e6gge, at den skal begynde at varme p\u00e5 fastsatte tidspunkter p\u00e5 udvalgte hverdage. Du kan holde \u00f8je med bilens temperatur via appen, ligesom du ogs\u00e5 kan bruge appen til at tracke geografisk data. Mulighederne er mange med Webasto. Det at kunne kontrollere sin bil via en app tilf\u00f8jer fx en helt ny dimension til det at v\u00e6re bilejer. Og da vi har det som vores fornemste opgave at g\u00f8re flest mulige bilister til glade bilister, tilbyder vi naturligvis professionel montering og servicering af Webasto-bilvarmere.<\/p>\n<p>Kontakt os for at h\u00f8re mere om produkterne fra Webasto. Vi har ogs\u00e5 bilvarmere til b\u00e5de og st\u00f8rre industrimaskiner m.m.[\/vc_column_text][vc_empty_space height=&#8221;40px&#8221;]<a  itemprop=\"url\" href=\"https:\/\/ketner.dk\/aalborg\/servicebooking\/\" target=\"_self\"  class=\"qbutton  default\" style=\"margin: 0 20px 0 0; \">Book tid<i class=\"qodef-icon-dripicons dripicon dripicons-chevron-right qode_button_icon_element\" style=\"\" ><\/i><\/a><a id=\"bliv-ringet-op\" itemprop=\"url\" href=\"#\" target=\"_self\"  class=\"qbutton  white default\" style=\"margin: 0 20px 0 0; \">Bliv ringet op<i class=\"qodef-icon-dripicons dripicon dripicons-chevron-right qode_button_icon_element\" style=\"\" ><\/i><\/a>[\/vc_column][\/vc_row]<\/p>\n","protected":false},"excerpt":{"rendered":"<p>[vc_row css_animation=&#8221;&#8221; row_type=&#8221;row&#8221; use_row_as_full_screen_section=&#8221;no&#8221; type=&#8221;grid&#8221; angled_section=&#8221;no&#8221; text_align=&#8221;left&#8221; background_image_as_pattern=&#8221;without_pattern&#8221; el_class=&#8221;equal-height align-center&#8221; z_index=&#8221;&#8221; css=&#8221;.vc_custom_1612443287004{background-color: #f0f0f0 !important;}&#8221;][vc_column el_class=&#8221;padding80 paddingright&#8221; offset=&#8221;vc_col-md-6&#8243;][vc_column_text] Bilvarmer fra Webasto \u2013 f\u00e5 et behageligt k\u00f8rselsklima \u00e5ret rundt I de perioder, hvor naturens elementer er mest anstrengende, er det en forn\u00f8jelse at kunne s\u00e6tte sig ind&#8230;<\/p>\n","protected":false},"author":2,"featured_media":0,"parent":815,"menu_order":0,"comment_status":"closed","ping_status":"closed","template":"full_width.php","meta":[],"acf":[],"_links":{"self":[{"href":"https:\/\/ketner.dk\/aalborg\/wp-json\/wp\/v2\/pages\/825"}],"collection":[{"href":"https:\/\/ketner.dk\/aalborg\/wp-json\/wp\/v2\/pages"}],"about":[{"href":"https:\/\/ketner.dk\/aalborg\/wp-json\/wp\/v2\/types\/page"}],"author":[{"embeddable":true,"href":"https:\/\/ketner.dk\/aalborg\/wp-json\/wp\/v2\/users\/2"}],"replies":[{"embeddable":true,"href":"https:\/\/ketner.dk\/aalborg\/wp-json\/wp\/v2\/comments?post=825"}],"version-history":[{"count":3,"href":"https:\/\/ketner.dk\/aalborg\/wp-json\/wp\/v2\/pages\/825\/revisions"}],"predecessor-version":[{"id":2693,"href":"https:\/\/ketner.dk\/aalborg\/wp-json\/wp\/v2\/pages\/825\/revisions\/2693"}],"up":[{"embeddable":true,"href":"https:\/\/ketner.dk\/aalborg\/wp-json\/wp\/v2\/pages\/815"}],"wp:attachment":[{"href":"https:\/\/ketner.dk\/aalborg\/wp-json\/wp\/v2\/media?parent=825"}],"curies":[{"name":"wp","href":"https:\/\/api.w.org\/{rel}","templated":true}]}}