{"id":835,"date":"2021-02-04T12:53:07","date_gmt":"2021-02-04T12:53:07","guid":{"rendered":"https:\/\/lazzatest.dk\/ketner\/?page_id=835"},"modified":"2021-10-13T09:26:23","modified_gmt":"2021-10-13T09:26:23","slug":"oliefyr-til-bil","status":"publish","type":"page","link":"https:\/\/ketner.dk\/aalborg\/specialer\/bilvarmer\/oliefyr-til-bil\/","title":{"rendered":"Oliefyr til bil"},"content":{"rendered":"<p>[vc_row css_animation=&#8221;&#8221; row_type=&#8221;row&#8221; use_row_as_full_screen_section=&#8221;no&#8221; type=&#8221;grid&#8221; angled_section=&#8221;no&#8221; text_align=&#8221;left&#8221; background_image_as_pattern=&#8221;without_pattern&#8221; el_class=&#8221;equal-height align-center&#8221; z_index=&#8221;&#8221; css=&#8221;.vc_custom_1612443223997{background-color: #f0f0f0 !important;}&#8221;][vc_column el_class=&#8221;padding80 paddingright&#8221; offset=&#8221;vc_col-md-6&#8243;][vc_column_text]<\/p>\n<h1>Oliefyr til bil \u2013 det ultimative inden for moderne autokomfort<\/h1>\n<p>Et oliefyr er ikke bare en simpel udvidelse af din bils varmeanl\u00e6g. Det er tid til ting, der er vigtigere end at skrabe sne og is af ruder i bidende kulde. Det er en rar fornemmelse i kroppen, n\u00e5r du kommer ind i din bil, n\u00e5r du har v\u00e6ret p\u00e5 outdoor-eventyr i bl\u00e6st og regn. Det er en gave for din br\u00e6ndstof\u00f8konomi og din bils motor, som aldrig nogensinde skal bruge de f\u00f8rste par kilometer p\u00e5 at blive ordentligt gennemvarmet.<\/p>\n<p>Derfor er et oliefyr til bil en investering, som har mange personlige fordele for dig. Ting, som betyder noget i din hverdag som bilist. Tid, penge og velv\u00e6re.<\/p>\n<p>Har du lyst til at h\u00f8re, hvilke muligheder Ketner kan tilbyde dig inden for oliefyr til din bil? Vi har bred ekspertise inden for oliefyr til alle t\u00e6nkelige k\u00f8ret\u00f8jer. Det g\u00e6lder naturligvis for biler i alle st\u00f8rrelser \u2013 men ogs\u00e5 varevogne, busser, st\u00f8rre landbrugsmaskiner og alt derimellem.<\/p>\n<p>Tag en snak med os \u2013 s\u00e5 finder vi den l\u00f8sning, der giver allermest v\u00e6rdi for dig.[\/vc_column_text][vc_empty_space height=&#8221;40px&#8221;]<a  itemprop=\"url\" href=\"https:\/\/ketner.dk\/aalborg\/servicebooking\/\" target=\"_self\"  class=\"qbutton  default\" style=\"margin: 0 20px 0 0; \">Book tid<i class=\"qodef-icon-dripicons dripicon dripicons-chevron-right qode_button_icon_element\" style=\"\" ><\/i><\/a><a id=\"bliv-ringet-op\" itemprop=\"url\" href=\"#\" target=\"_self\"  class=\"qbutton  white default\" style=\"margin: 0 20px 0 0; \">Bliv ringet op<i class=\"qodef-icon-dripicons dripicon dripicons-chevron-right qode_button_icon_element\" style=\"\" ><\/i><\/a>[vc_empty_space height=&#8221;40px&#8221;][\/vc_column][vc_column offset=&#8221;vc_col-md-6&#8243;][vc_single_image image=&#8221;816&#8243; img_size=&#8221;full&#8221; style=&#8221;vc_box_rounded&#8221; qode_css_animation=&#8221;&#8221;][\/vc_column][\/vc_row][vc_row css_animation=&#8221;&#8221; row_type=&#8221;row&#8221; use_row_as_full_screen_section=&#8221;no&#8221; type=&#8221;grid&#8221; angled_section=&#8221;no&#8221; text_align=&#8221;left&#8221; background_image_as_pattern=&#8221;without_pattern&#8221; el_class=&#8221;padding80 equal-height align-center&#8221; css=&#8221;.vc_custom_1612443620572{background-color: #fffffe !important;}&#8221; z_index=&#8221;&#8221;][vc_column offset=&#8221;vc_col-md-6&#8243;]        \n        <div class=\"image_grid-wrapper\">\n            <div class=\"image_grid\">\n                <div class=\"image_grid_item\"><img width=\"1200\" height=\"800\" src=\"https:\/\/ketner.dk\/aalborg\/wp-content\/uploads\/2021\/02\/bilvarmer.jpg\" class=\"attachment-full size-full\" alt=\"\" srcset=\"https:\/\/ketner.dk\/aalborg\/wp-content\/uploads\/sites\/5\/2021\/02\/bilvarmer.jpg 1200w, https:\/\/ketner.dk\/aalborg\/wp-content\/uploads\/sites\/5\/2021\/02\/bilvarmer-300x200.jpg 300w, https:\/\/ketner.dk\/aalborg\/wp-content\/uploads\/sites\/5\/2021\/02\/bilvarmer-1024x683.jpg 1024w, https:\/\/ketner.dk\/aalborg\/wp-content\/uploads\/sites\/5\/2021\/02\/bilvarmer-768x512.jpg 768w, https:\/\/ketner.dk\/aalborg\/wp-content\/uploads\/sites\/5\/2021\/02\/bilvarmer-700x467.jpg 700w\" sizes=\"(max-width: 1200px) 100vw, 1200px\" \/><\/div><div class=\"image_grid_item\"><img width=\"1200\" height=\"800\" src=\"https:\/\/ketner.dk\/aalborg\/wp-content\/uploads\/2021\/02\/bilvarmer1.jpg\" class=\"attachment-full size-full\" alt=\"\" srcset=\"https:\/\/ketner.dk\/aalborg\/wp-content\/uploads\/sites\/5\/2021\/02\/bilvarmer1.jpg 1200w, https:\/\/ketner.dk\/aalborg\/wp-content\/uploads\/sites\/5\/2021\/02\/bilvarmer1-300x200.jpg 300w, https:\/\/ketner.dk\/aalborg\/wp-content\/uploads\/sites\/5\/2021\/02\/bilvarmer1-1024x683.jpg 1024w, https:\/\/ketner.dk\/aalborg\/wp-content\/uploads\/sites\/5\/2021\/02\/bilvarmer1-768x512.jpg 768w, https:\/\/ketner.dk\/aalborg\/wp-content\/uploads\/sites\/5\/2021\/02\/bilvarmer1-700x467.jpg 700w\" sizes=\"(max-width: 1200px) 100vw, 1200px\" \/><\/div><div class=\"image_grid_item\"><img width=\"1200\" height=\"800\" src=\"https:\/\/ketner.dk\/aalborg\/wp-content\/uploads\/2021\/02\/bilvarmer3.jpg\" class=\"attachment-full size-full\" alt=\"\" srcset=\"https:\/\/ketner.dk\/aalborg\/wp-content\/uploads\/sites\/5\/2021\/02\/bilvarmer3.jpg 1200w, https:\/\/ketner.dk\/aalborg\/wp-content\/uploads\/sites\/5\/2021\/02\/bilvarmer3-300x200.jpg 300w, https:\/\/ketner.dk\/aalborg\/wp-content\/uploads\/sites\/5\/2021\/02\/bilvarmer3-1024x683.jpg 1024w, https:\/\/ketner.dk\/aalborg\/wp-content\/uploads\/sites\/5\/2021\/02\/bilvarmer3-768x512.jpg 768w, https:\/\/ketner.dk\/aalborg\/wp-content\/uploads\/sites\/5\/2021\/02\/bilvarmer3-700x467.jpg 700w\" sizes=\"(max-width: 1200px) 100vw, 1200px\" \/><\/div>            <\/div>\n        <\/div>\n\n        [vc_empty_space height=&#8221;40px&#8221;][\/vc_column][vc_column el_class=&#8221;paddingleft&#8221; offset=&#8221;vc_col-md-6&#8243;][vc_column_text]<\/p>\n<h2>Find det helt rigtige oliefyr til din bil hos Danmarks f\u00f8rende dieselcenter<\/h2>\n<p>Hos Ketner har vi det nyeste inden for oliefyr og elektriske bilvarmere fra de anerkendte m\u00e6rker Webasto og Ebersp\u00e4cher. Her f\u00e5r du et moderne stykke tilbeh\u00f8r, der l\u00f8fter oplevelsen af din bil til helt nye h\u00f8jder. For alt efter hvilken model du v\u00e6lger, findes der muligheder for at fjernstarte varmeanl\u00e6gget, s\u00e6tte varmetimere p\u00e5 udvalgte ugedage og tracke geografisk data \u2013 alt sammen via din smartphone, som du alligevel ofte har ved h\u00e5nden.<\/p>\n<p>Hos Ketner \u2013 tidligere Nordjysk Diesel-Elektro \u2013 er vi b\u00e5de anerkendt i branchen for vores elservice p\u00e5 biler og for vores speciale i biler. Vores erfaring med den teknik, som har med forskellige oliefyr til biler at g\u00f8re, er derfor helt uovertruffen.<\/p>\n<p>S\u00e5 hvis du \u00f8nsker dig den bedste service og noget af det bedste ekstraudstyr, du kunne t\u00e6nke dig til din bil, er det os, der er den oplagte samarbejdspartner.[\/vc_column_text][vc_empty_space height=&#8221;40px&#8221;]<a  itemprop=\"url\" href=\"https:\/\/ketner.dk\/aalborg\/servicebooking\/\" target=\"_self\"  class=\"qbutton  default\" style=\"margin: 0 20px 0 0; \">Book tid<i class=\"qodef-icon-dripicons dripicon dripicons-chevron-right qode_button_icon_element\" style=\"\" ><\/i><\/a><a id=\"bliv-ringet-op\" itemprop=\"url\" href=\"#\" target=\"_self\"  class=\"qbutton  white default\" style=\"margin: 0 20px 0 0; \">Bliv ringet op<i class=\"qodef-icon-dripicons dripicon dripicons-chevron-right qode_button_icon_element\" style=\"\" ><\/i><\/a>[\/vc_column][\/vc_row]<\/p>\n","protected":false},"excerpt":{"rendered":"<p>[vc_row css_animation=&#8221;&#8221; row_type=&#8221;row&#8221; use_row_as_full_screen_section=&#8221;no&#8221; type=&#8221;grid&#8221; angled_section=&#8221;no&#8221; text_align=&#8221;left&#8221; background_image_as_pattern=&#8221;without_pattern&#8221; el_class=&#8221;equal-height align-center&#8221; z_index=&#8221;&#8221; css=&#8221;.vc_custom_1612443223997{background-color: #f0f0f0 !important;}&#8221;][vc_column el_class=&#8221;padding80 paddingright&#8221; offset=&#8221;vc_col-md-6&#8243;][vc_column_text] Oliefyr til bil \u2013 det ultimative inden for moderne autokomfort Et oliefyr er ikke bare en simpel udvidelse af din bils varmeanl\u00e6g. Det er tid til ting, der&#8230;<\/p>\n","protected":false},"author":2,"featured_media":0,"parent":815,"menu_order":0,"comment_status":"closed","ping_status":"closed","template":"full_width.php","meta":[],"acf":[],"_links":{"self":[{"href":"https:\/\/ketner.dk\/aalborg\/wp-json\/wp\/v2\/pages\/835"}],"collection":[{"href":"https:\/\/ketner.dk\/aalborg\/wp-json\/wp\/v2\/pages"}],"about":[{"href":"https:\/\/ketner.dk\/aalborg\/wp-json\/wp\/v2\/types\/page"}],"author":[{"embeddable":true,"href":"https:\/\/ketner.dk\/aalborg\/wp-json\/wp\/v2\/users\/2"}],"replies":[{"embeddable":true,"href":"https:\/\/ketner.dk\/aalborg\/wp-json\/wp\/v2\/comments?post=835"}],"version-history":[{"count":3,"href":"https:\/\/ketner.dk\/aalborg\/wp-json\/wp\/v2\/pages\/835\/revisions"}],"predecessor-version":[{"id":2691,"href":"https:\/\/ketner.dk\/aalborg\/wp-json\/wp\/v2\/pages\/835\/revisions\/2691"}],"up":[{"embeddable":true,"href":"https:\/\/ketner.dk\/aalborg\/wp-json\/wp\/v2\/pages\/815"}],"wp:attachment":[{"href":"https:\/\/ketner.dk\/aalborg\/wp-json\/wp\/v2\/media?parent=835"}],"curies":[{"name":"wp","href":"https:\/\/api.w.org\/{rel}","templated":true}]}}