{"id":904,"date":"2021-02-05T09:11:16","date_gmt":"2021-02-05T09:11:16","guid":{"rendered":"https:\/\/lazzatest.dk\/ketner\/?page_id=904"},"modified":"2025-09-29T13:41:44","modified_gmt":"2025-09-29T11:41:44","slug":"fordelskunde","status":"publish","type":"page","link":"https:\/\/ketner.dk\/aalborg\/om\/fordelskunde\/","title":{"rendered":"Fordelskunde"},"content":{"rendered":"<p>[vc_row css_animation=&#8221;&#8221; row_type=&#8221;row&#8221; use_row_as_full_screen_section=&#8221;no&#8221; type=&#8221;grid&#8221; angled_section=&#8221;no&#8221; text_align=&#8221;left&#8221; background_image_as_pattern=&#8221;without_pattern&#8221; el_class=&#8221;padding80 equal-height&#8221; z_index=&#8221;&#8221; css=&#8221;.vc_custom_1612958332626{padding-bottom: 0px !important;background-color: #f0f0f0 !important;}&#8221;][vc_column offset=&#8221;vc_col-md-6&#8243;]        \n        <div class=\"box padding25\">\n            [vc_single_image image=&#8221;906&#8243; img_size=&#8221;600&#215;300&#8243; style=&#8221;vc_box_rounded&#8221; qode_css_animation=&#8221;&#8221; css=&#8221;.vc_custom_1612957908720{margin-bottom: 20px !important;}&#8221;][vc_column_text]<\/p>\n<h3>Seniorrabat: 20% rabat p\u00e5 timeprisen*<\/h3>\n<p>Vi holder dig godt k\u00f8rende hele tiden \u2013 ogs\u00e5 \u00f8konomisk!<\/p>\n<p>Husk det er os uden ventetid \u2013 kom omkring og f\u00e5 en snak om din bil<\/p>\n<ul>\n<li>Specialv\u00e6rksted \u2013 nyeste know-how fra Bosch<\/li>\n<li>Pr\u00e6cis diagnose \u2013 hurtig fejlfinding<\/li>\n<li>Gratis hjulskifte sommer\/vinter*<\/li>\n<li>Gratis l\u00e5nebil<\/li>\n<li>Gratis vejhj\u00e6lp<\/li>\n<li>Gratis reparation af stenslag*<\/li>\n<li>Gratis p\u00e6reskift inkl. p\u00e6re*<\/li>\n<li>Prisgaranti<\/li>\n<li>Online booking<\/li>\n<li>100% fabriksgaranti<\/li>\n<li>Drive in service \u2013 vent og drik en kop kaffe<\/li>\n<\/ul>\n<p><em>* G\u00e6lder p\u00e5 arbejdsl\u00f8n ved reparation og service og tilbydes personer over 55 \u00e5r.<br \/>\n* Hjulskifte g\u00e6lder ved service<br \/>\n<\/em><em>* P\u00e6reskift g\u00e6lder ikke specialp\u00e6rer<\/em><br \/>\n<em>* Kan ikke kombineres med andre rabatter eller andre fastpriser<\/em><br \/>\n<em>* Kundefordele kan anvendes efter 1. serviceeftersyn<\/em>[\/vc_column_text][vc_empty_space height=&#8221;40px&#8221;]<a id=\"seniorkunde\" itemprop=\"url\" href=\"#\" target=\"_self\"  class=\"qbutton  default\" style=\"margin: 0 20px 0 0; \">Bliv seniorkunde<i class=\"qodef-icon-dripicons dripicon dripicons-chevron-right qode_button_icon_element\" style=\"\" ><\/i><\/a>        <\/div>\n\n        [vc_empty_space height=&#8221;30px&#8221;][\/vc_column][vc_column offset=&#8221;vc_col-md-6&#8243;]        \n        <div class=\"box padding25\">\n            [vc_single_image image=&#8221;933&#8243; img_size=&#8221;600&#215;300&#8243; style=&#8221;vc_box_rounded&#8221; qode_css_animation=&#8221;&#8221; css=&#8221;.vc_custom_1612958007877{margin-bottom: 20px !important;}&#8221;][vc_column_text]<\/p>\n<h3>Fordelskunde: 15% rabat p\u00e5 timeprisen<\/h3>\n<p>Samme h\u00f8je kvalitet som m\u00e6rkev\u00e6rkstederne \u2013 men til billigere pris!<\/p>\n<p>Og med masser af ekstra fordele:<\/p>\n<ul>\n<li>Specialv\u00e6rksted \u2013 nyeste know-how fra Bosch<\/li>\n<li>Pr\u00e6cis diagnose \u2013 hurtig fejlfinding<\/li>\n<li>Gratis hjulskifte sommer\/vinter*<\/li>\n<li>Gratis l\u00e5nebil<\/li>\n<li>Gratis vejhj\u00e6lp<\/li>\n<li>Gratis reparation af stenslag*<\/li>\n<li>Gratis p\u00e6reskift inkl. p\u00e6re*<\/li>\n<li>Prisgaranti<\/li>\n<li>Online booking<\/li>\n<li>100% fabriksgaranti<\/li>\n<li>Drive in service \u2013 vent og drik en kop kaffe<\/li>\n<\/ul>\n<p><em>* Hjulskift g\u00e6lder ved service<\/em><br \/>\n<em>* P\u00e6reskift g\u00e6lder ikke specialp\u00e6rer<\/em><br \/>\n<em>* Kan ikke kombineres med andre rabatter eller andre fastpriser<\/em><br \/>\n<em>* Kundefordele kan anvendes efter 1. serviceeftersyn<\/em>[\/vc_column_text][vc_empty_space height=&#8221;40px&#8221;]<a id=\"fordelskunde\" itemprop=\"url\" href=\"#\" target=\"_self\"  class=\"qbutton  default\" style=\"margin: 0 20px 0 0; \">Bliv fordelskunde<i class=\"qodef-icon-dripicons dripicon dripicons-chevron-right qode_button_icon_element\" style=\"\" ><\/i><\/a>        <\/div>\n\n        [vc_empty_space height=&#8221;30px&#8221;][\/vc_column][\/vc_row][vc_row css_animation=&#8221;&#8221; row_type=&#8221;row&#8221; use_row_as_full_screen_section=&#8221;no&#8221; type=&#8221;grid&#8221; angled_section=&#8221;no&#8221; text_align=&#8221;left&#8221; background_image_as_pattern=&#8221;without_pattern&#8221; el_class=&#8221;padding80 equal-height&#8221; z_index=&#8221;&#8221; css=&#8221;.vc_custom_1612958340894{padding-top: 0px !important;background-color: #f0f0f0 !important;}&#8221;][vc_column offset=&#8221;vc_col-md-6&#8243;]        \n        <div class=\"box padding25\">\n            [vc_single_image image=&#8221;3930&#8243; img_size=&#8221;full&#8221; style=&#8221;vc_box_rounded&#8221; qode_css_animation=&#8221;&#8221; css=&#8221;.vc_custom_1712147997190{margin-bottom: 20px !important;}&#8221;][vc_column_text]<\/p>\n<h3><strong>Bosch Car Service v\u00e6rkstedskort<\/strong><\/h3>\n<p>Med et v\u00e6rkstedskort kan du dele din v\u00e6rkstedsregning op eller udskyde din betaling.<\/p>\n<p>Der er klare fordele med et betalingskort:<\/p>\n<ul>\n<li>Rentefrit &#8211; op til 36 mdr.<\/li>\n<li>Kredit &#8211; min. 10.000 kr.\/max. 60.000 kr.<\/li>\n<li>Valgfri opdeling af betaling &#8211; op til 60 mdr.<\/li>\n<li>Samme bel\u00f8b hver mdr.<\/li>\n<li>Oprettelsesgebyr: 5%<\/li>\n<li>Mdr. gebyr uanset l\u00f8betid: 49 kr.<\/li>\n<li>\u00c5rlig debitorrente over 36 mdr.: 1,94%<\/li>\n<\/ul>\n<p>Beregn hvad det koster:<br \/>\n<a href=\"https:\/\/iframe.rbpartner.dk\/iframes\/view\/4acb8b-c215622be518a3cc6d5576975e\" target=\"_blank\" rel=\"noopener\">https:\/\/iframe.rbpartner.dk\/iframes\/view\/4acb8b-c215622be518a3cc6d5576975e<\/a>[\/vc_column_text][vc_empty_space height=&#8221;40px&#8221;]<a itemprop=\"url\" href=\"https:\/\/apponline.resurs.com\/form\/dk27400\" target=\"_blank\" class=\"qbutton  default\" style=\"margin: 0 20px 0 0; \" rel=\"noopener\">Ans\u00f8g hurtigt og nemt<i class=\"qodef-icon-dripicons dripicon dripicons-chevron-right qode_button_icon_element\" style=\"\" ><\/i><\/a>        <\/div>\n\n        [vc_empty_space height=&#8221;30px&#8221;][\/vc_column][\/vc_row]<\/p>\n","protected":false},"excerpt":{"rendered":"<p>[vc_row css_animation=&#8221;&#8221; row_type=&#8221;row&#8221; use_row_as_full_screen_section=&#8221;no&#8221; type=&#8221;grid&#8221; angled_section=&#8221;no&#8221; text_align=&#8221;left&#8221; background_image_as_pattern=&#8221;without_pattern&#8221; el_class=&#8221;padding80 equal-height&#8221; z_index=&#8221;&#8221; css=&#8221;.vc_custom_1612958332626{padding-bottom: 0px !important;background-color: #f0f0f0 !important;}&#8221;][vc_column offset=&#8221;vc_col-md-6&#8243;][vc_empty_space height=&#8221;30px&#8221;][\/vc_column][vc_column offset=&#8221;vc_col-md-6&#8243;][vc_empty_space height=&#8221;30px&#8221;][\/vc_column][\/vc_row][vc_row css_animation=&#8221;&#8221; row_type=&#8221;row&#8221; use_row_as_full_screen_section=&#8221;no&#8221; type=&#8221;grid&#8221; angled_section=&#8221;no&#8221; text_align=&#8221;left&#8221; background_image_as_pattern=&#8221;without_pattern&#8221; el_class=&#8221;padding80 equal-height&#8221; z_index=&#8221;&#8221; css=&#8221;.vc_custom_1612958340894{padding-top: 0px !important;background-color: #f0f0f0 !important;}&#8221;][vc_column offset=&#8221;vc_col-md-6&#8243;][vc_empty_space height=&#8221;30px&#8221;][\/vc_column][\/vc_row]<\/p>\n","protected":false},"author":2,"featured_media":0,"parent":540,"menu_order":0,"comment_status":"closed","ping_status":"closed","template":"full_width.php","meta":[],"acf":[],"_links":{"self":[{"href":"https:\/\/ketner.dk\/aalborg\/wp-json\/wp\/v2\/pages\/904"}],"collection":[{"href":"https:\/\/ketner.dk\/aalborg\/wp-json\/wp\/v2\/pages"}],"about":[{"href":"https:\/\/ketner.dk\/aalborg\/wp-json\/wp\/v2\/types\/page"}],"author":[{"embeddable":true,"href":"https:\/\/ketner.dk\/aalborg\/wp-json\/wp\/v2\/users\/2"}],"replies":[{"embeddable":true,"href":"https:\/\/ketner.dk\/aalborg\/wp-json\/wp\/v2\/comments?post=904"}],"version-history":[{"count":27,"href":"https:\/\/ketner.dk\/aalborg\/wp-json\/wp\/v2\/pages\/904\/revisions"}],"predecessor-version":[{"id":3424,"href":"https:\/\/ketner.dk\/aalborg\/wp-json\/wp\/v2\/pages\/904\/revisions\/3424"}],"up":[{"embeddable":true,"href":"https:\/\/ketner.dk\/aalborg\/wp-json\/wp\/v2\/pages\/540"}],"wp:attachment":[{"href":"https:\/\/ketner.dk\/aalborg\/wp-json\/wp\/v2\/media?parent=904"}],"curies":[{"name":"wp","href":"https:\/\/api.w.org\/{rel}","templated":true}]}}