{"id":971,"date":"2021-02-05T11:03:25","date_gmt":"2021-02-05T11:03:25","guid":{"rendered":"https:\/\/lazzatest.dk\/ketner\/?page_id=971"},"modified":"2026-04-01T11:09:51","modified_gmt":"2026-04-01T09:09:51","slug":"benzin-dyse-vaerksted","status":"publish","type":"page","link":"https:\/\/ketner.dk\/aalborg\/specialer\/benzin-dyse-vaerksted\/","title":{"rendered":"Benzindysev\u00e6rksted"},"content":{"rendered":"<p>[vc_row css_animation=&#8221;&#8221; row_type=&#8221;row&#8221; use_row_as_full_screen_section=&#8221;no&#8221; type=&#8221;grid&#8221; angled_section=&#8221;no&#8221; text_align=&#8221;left&#8221; background_image_as_pattern=&#8221;without_pattern&#8221; el_class=&#8221;equal-height align-center&#8221; z_index=&#8221;&#8221; css=&#8221;.vc_custom_1612523003131{background-color: #f0f0f0 !important;}&#8221;][vc_column el_class=&#8221;padding80 paddingright&#8221; offset=&#8221;vc_col-md-6&#8243;][vc_column_text]<\/p>\n<h1>Rensning og test af benzinindspr\u00f8jtningsdyser<\/h1>\n<p>P\u00e5 vores v\u00e6rksteder tager vi os af alle problemstillinger med indspr\u00f8jtningsdyser til benzinbiler. Vi er p\u00e5 nuv\u00e6rende tidspunkt et af de eneste v\u00e6rksteder i landet, som har investeret i udstyr til test af alle de nyere indspr\u00f8jtningsdyser, der findes p\u00e5 markedet i dag. Det har vi gjort for at kunne afhj\u00e6lpe et tiltagende problem, som vi oplever fra flere og flere af de bilister, der kommer til os for at blive godt k\u00f8rende igen. Det er kunder, der har oplevet, at motoren p\u00e5 deres bil pludseligt ikke gik rigtigt eller hakkede under k\u00f8rsel. Og andre har ganske enkelt oplevet, at motoren har manglet noget af den ydeevne, som den tidligere har haft.<\/p>\n<p>Her har vores mekanikere hurtigt kunnet konstatere, at der ofte er stor forskel p\u00e5 leveringsm\u00e6ngden p\u00e5 enkelte benzindysere \u2013 og det kan v\u00e6re \u00e5rsagen til denne type af problemer. Genkender du de ovenst\u00e5ende problemer med din bil, h\u00e5ber vi, at du tager kontakt til os. S\u00e5 s\u00f8rger vi naturligvis for at tage os af problemet med det samme, s\u00e5 din bil giver dig k\u00f8regl\u00e6den tilbage igen.[\/vc_column_text][vc_empty_space height=&#8221;40px&#8221;]<a  itemprop=\"url\" href=\"https:\/\/ketner.dk\/aalborg\/servicebooking\/\" target=\"_self\"  class=\"qbutton  default\" style=\"margin: 0 20px 0 0; \">Book tid<i class=\"qodef-icon-dripicons dripicon dripicons-chevron-right qode_button_icon_element\" style=\"\" ><\/i><\/a><a id=\"bliv-ringet-op\" itemprop=\"url\" href=\"#\" target=\"_self\"  class=\"qbutton  white default\" style=\"margin: 0 20px 0 0; \">Bliv ringet op<i class=\"qodef-icon-dripicons dripicon dripicons-chevron-right qode_button_icon_element\" style=\"\" ><\/i><\/a>[vc_empty_space height=&#8221;40px&#8221;][\/vc_column][vc_column offset=&#8221;vc_col-md-6&#8243;][vc_single_image image=&#8221;1785&#8243; img_size=&#8221;full&#8221; style=&#8221;vc_box_rounded&#8221; qode_css_animation=&#8221;&#8221;][\/vc_column][\/vc_row][vc_row css_animation=&#8221;&#8221; row_type=&#8221;row&#8221; use_row_as_full_screen_section=&#8221;no&#8221; type=&#8221;grid&#8221; angled_section=&#8221;no&#8221; text_align=&#8221;left&#8221; background_image_as_pattern=&#8221;without_pattern&#8221; el_class=&#8221;padding80 equal-height align-center&#8221; css=&#8221;.vc_custom_1612522982279{background-color: #fffffe !important;}&#8221; z_index=&#8221;&#8221;][vc_column offset=&#8221;vc_col-md-6&#8243;]        \n        <div class=\"image_grid-wrapper\">\n            <div class=\"image_grid\">\n                <div class=\"image_grid_item\"><img width=\"2100\" height=\"1575\" src=\"https:\/\/ketner.dk\/aalborg\/wp-content\/uploads\/2026\/04\/1000005113-1.jpg\" class=\"attachment-full size-full\" alt=\"\" \/><\/div><div class=\"image_grid_item\"><img width=\"459\" height=\"400\" src=\"https:\/\/ketner.dk\/aalborg\/wp-content\/uploads\/2021\/05\/benzindyse-2.jpg\" class=\"attachment-full size-full\" alt=\"\" \/><\/div><div class=\"image_grid_item\"><img width=\"600\" height=\"397\" src=\"https:\/\/ketner.dk\/aalborg\/wp-content\/uploads\/2021\/05\/benzindyse-3.jpg\" class=\"attachment-full size-full\" alt=\"\" \/><\/div>            <\/div>\n        <\/div>\n\n        [vc_empty_space height=&#8221;40px&#8221;][\/vc_column][vc_column el_class=&#8221;paddingleft&#8221; offset=&#8221;vc_col-md-6&#8243;][vc_column_text]<\/p>\n<h2>Test af alle nyere benzinindspr\u00f8jtningsdyser<\/h2>\n<p>Med en ultralydsrensning og gentagne test af bilen vil det oftest lykkes at f\u00e5 indspr\u00f8jtningsdyserne til igen at give den korrekte m\u00e6ngde br\u00e6ndstof. Alternativt kan vi med sikkerhed fort\u00e6lle, hvilke benzindyser, der skal udskiftes p\u00e5 din bil. Har du ikke mulighed for at indlevere dine dyser l\u00f8se til os, kan vi naturligvis ogs\u00e5 v\u00e6re behj\u00e6lpelige med af- og p\u00e5montering p\u00e5 en af vores v\u00e6rksteder.<\/p>\n<p>Efter at dine dyser er blevet renset, oplever vores kunder typisk \u2013 ud over at have f\u00e5et den normale k\u00f8regl\u00e6de tilbage \u2013 ogs\u00e5 en klart bedre br\u00e6ndstof\u00f8konomi. Derfor er der mange gode grunde til at kontakte os, s\u00e5 snart du oplever, at motoren p\u00e5 din bil pludselig k\u00f8rer d\u00e5rligere end optimalt. Der kan v\u00e6re penge at spare p\u00e5 benzinen i det lange l\u00f8b.<\/p>\n<p>S\u00e5 giv os et kald med det samme. Vi er altid klar med professionel service helt uden ventetid.[\/vc_column_text][vc_empty_space height=&#8221;40px&#8221;]<a  itemprop=\"url\" href=\"https:\/\/ketner.dk\/aalborg\/servicebooking\/\" target=\"_self\"  class=\"qbutton  default\" style=\"margin: 0 20px 0 0; \">Book tid<i class=\"qodef-icon-dripicons dripicon dripicons-chevron-right qode_button_icon_element\" style=\"\" ><\/i><\/a><a id=\"bliv-ringet-op\" itemprop=\"url\" href=\"#\" target=\"_self\"  class=\"qbutton  white default\" style=\"margin: 0 20px 0 0; \">Bliv ringet op<i class=\"qodef-icon-dripicons dripicon dripicons-chevron-right qode_button_icon_element\" style=\"\" ><\/i><\/a>[\/vc_column][\/vc_row]<\/p>\n","protected":false},"excerpt":{"rendered":"<p>[vc_row css_animation=&#8221;&#8221; row_type=&#8221;row&#8221; use_row_as_full_screen_section=&#8221;no&#8221; type=&#8221;grid&#8221; angled_section=&#8221;no&#8221; text_align=&#8221;left&#8221; background_image_as_pattern=&#8221;without_pattern&#8221; el_class=&#8221;equal-height align-center&#8221; z_index=&#8221;&#8221; css=&#8221;.vc_custom_1612523003131{background-color: #f0f0f0 !important;}&#8221;][vc_column el_class=&#8221;padding80 paddingright&#8221; offset=&#8221;vc_col-md-6&#8243;][vc_column_text] Rensning og test af benzinindspr\u00f8jtningsdyser P\u00e5 vores v\u00e6rksteder tager vi os af alle problemstillinger med indspr\u00f8jtningsdyser til benzinbiler. Vi er p\u00e5 nuv\u00e6rende tidspunkt et af de eneste v\u00e6rksteder&#8230;<\/p>\n","protected":false},"author":2,"featured_media":0,"parent":267,"menu_order":0,"comment_status":"closed","ping_status":"closed","template":"full_width.php","meta":[],"acf":[],"_links":{"self":[{"href":"https:\/\/ketner.dk\/aalborg\/wp-json\/wp\/v2\/pages\/971"}],"collection":[{"href":"https:\/\/ketner.dk\/aalborg\/wp-json\/wp\/v2\/pages"}],"about":[{"href":"https:\/\/ketner.dk\/aalborg\/wp-json\/wp\/v2\/types\/page"}],"author":[{"embeddable":true,"href":"https:\/\/ketner.dk\/aalborg\/wp-json\/wp\/v2\/users\/2"}],"replies":[{"embeddable":true,"href":"https:\/\/ketner.dk\/aalborg\/wp-json\/wp\/v2\/comments?post=971"}],"version-history":[{"count":5,"href":"https:\/\/ketner.dk\/aalborg\/wp-json\/wp\/v2\/pages\/971\/revisions"}],"predecessor-version":[{"id":3480,"href":"https:\/\/ketner.dk\/aalborg\/wp-json\/wp\/v2\/pages\/971\/revisions\/3480"}],"up":[{"embeddable":true,"href":"https:\/\/ketner.dk\/aalborg\/wp-json\/wp\/v2\/pages\/267"}],"wp:attachment":[{"href":"https:\/\/ketner.dk\/aalborg\/wp-json\/wp\/v2\/media?parent=971"}],"curies":[{"name":"wp","href":"https:\/\/api.w.org\/{rel}","templated":true}]}}