{"id":985,"date":"2021-02-05T12:05:12","date_gmt":"2021-02-05T12:05:12","guid":{"rendered":"https:\/\/lazzatest.dk\/ketner\/aalborg\/?page_id=985"},"modified":"2021-10-13T10:35:26","modified_gmt":"2021-10-13T10:35:26","slug":"stenslag","status":"publish","type":"page","link":"https:\/\/ketner.dk\/aalborg\/specialer\/stenslag\/","title":{"rendered":"Stenslag"},"content":{"rendered":"<p>[vc_row css_animation=&#8221;&#8221; row_type=&#8221;row&#8221; use_row_as_full_screen_section=&#8221;no&#8221; type=&#8221;grid&#8221; angled_section=&#8221;no&#8221; text_align=&#8221;left&#8221; background_image_as_pattern=&#8221;without_pattern&#8221; el_class=&#8221;equal-height align-center&#8221; z_index=&#8221;&#8221; css=&#8221;.vc_custom_1612447758829{background-color: #fffffe !important;}&#8221;][vc_column el_class=&#8221;padding80 paddingright&#8221; offset=&#8221;vc_col-md-6&#8243;][vc_column_text]<\/p>\n<h1>Reparation af stenslag i Aalborg<\/h1>\n<p>Er du s\u00e5 uheldig, at du har f\u00e5et et af de \u00e6rgerlige stenslag p\u00e5 forruden? Bare rolig \u2013 hos Ketner i Aalborg er der hj\u00e6lp at hente. For der er n\u00e6sten ikke noget v\u00e6rre end at k\u00f8re rundt med en skade der, hvor man som bilist har sit prim\u00e6re udsyn. Derfor s\u00f8rger vi for at reparere dit stenslag i Aalborg, s\u00e5 snart du har brug for det.<\/p>\n<p>P\u00e5 vores v\u00e6rksted p\u00e5 Hjulmagervej klarer vi en reparation af et stenslag lige med det samme. Vi kan naturligvis ogs\u00e5 hj\u00e6lpe dig med en komplet udskiftning af ruden, hvis stenslaget ikke kan udbedres. Men tag endelig fat i os allerede i dag, hvis ikke dit stenslag skal udvikle sig til noget st\u00f8rre og mere ubehageligt. Jo hurtigere jo bedre.[\/vc_column_text][vc_empty_space height=&#8221;40px&#8221;]<a  itemprop=\"url\" href=\"https:\/\/ketner.dk\/aalborg\/servicebooking\/\" target=\"_self\"  class=\"qbutton  default\" style=\"margin: 0 20px 0 0; \">Book tid<i class=\"qodef-icon-dripicons dripicon dripicons-chevron-right qode_button_icon_element\" style=\"\" ><\/i><\/a><a id=\"bliv-ringet-op\" itemprop=\"url\" href=\"#\" target=\"_self\"  class=\"qbutton  white default\" style=\"margin: 0 20px 0 0; \">Bliv ringet op<i class=\"qodef-icon-dripicons dripicon dripicons-chevron-right qode_button_icon_element\" style=\"\" ><\/i><\/a>[vc_empty_space height=&#8221;40px&#8221;][\/vc_column][vc_column offset=&#8221;vc_col-md-6&#8243;][vc_single_image image=&#8221;986&#8243; img_size=&#8221;full&#8221; style=&#8221;vc_box_rounded&#8221; qode_css_animation=&#8221;&#8221;][\/vc_column][\/vc_row][vc_row css_animation=&#8221;&#8221; row_type=&#8221;row&#8221; use_row_as_full_screen_section=&#8221;no&#8221; type=&#8221;grid&#8221; angled_section=&#8221;no&#8221; text_align=&#8221;left&#8221; background_image_as_pattern=&#8221;without_pattern&#8221; el_class=&#8221;padding80 equal-height align-center&#8221; css=&#8221;.vc_custom_1611737133965{background-color: #f0f0f0 !important;}&#8221; z_index=&#8221;&#8221;][vc_column offset=&#8221;vc_col-md-6&#8243;]        \n        <div class=\"image_grid-wrapper\">\n            <div class=\"image_grid\">\n                <div class=\"image_grid_item\"><img width=\"1024\" height=\"683\" src=\"https:\/\/ketner.dk\/aalborg\/wp-content\/uploads\/2021\/02\/chevrolet3.jpg\" class=\"attachment-full size-full\" alt=\"\" srcset=\"https:\/\/ketner.dk\/aalborg\/wp-content\/uploads\/sites\/5\/2021\/02\/chevrolet3.jpg 1024w, https:\/\/ketner.dk\/aalborg\/wp-content\/uploads\/sites\/5\/2021\/02\/chevrolet3-300x200.jpg 300w, https:\/\/ketner.dk\/aalborg\/wp-content\/uploads\/sites\/5\/2021\/02\/chevrolet3-768x512.jpg 768w, https:\/\/ketner.dk\/aalborg\/wp-content\/uploads\/sites\/5\/2021\/02\/chevrolet3-700x467.jpg 700w\" sizes=\"(max-width: 1024px) 100vw, 1024px\" \/><\/div><div class=\"image_grid_item\"><img width=\"1200\" height=\"800\" src=\"https:\/\/ketner.dk\/aalborg\/wp-content\/uploads\/2021\/02\/bilrude.jpg\" class=\"attachment-full size-full\" alt=\"\" srcset=\"https:\/\/ketner.dk\/aalborg\/wp-content\/uploads\/sites\/5\/2021\/02\/bilrude.jpg 1200w, https:\/\/ketner.dk\/aalborg\/wp-content\/uploads\/sites\/5\/2021\/02\/bilrude-300x200.jpg 300w, https:\/\/ketner.dk\/aalborg\/wp-content\/uploads\/sites\/5\/2021\/02\/bilrude-1024x683.jpg 1024w, https:\/\/ketner.dk\/aalborg\/wp-content\/uploads\/sites\/5\/2021\/02\/bilrude-768x512.jpg 768w, https:\/\/ketner.dk\/aalborg\/wp-content\/uploads\/sites\/5\/2021\/02\/bilrude-700x467.jpg 700w\" sizes=\"(max-width: 1200px) 100vw, 1200px\" \/><\/div><div class=\"image_grid_item\"><img width=\"1200\" height=\"801\" src=\"https:\/\/ketner.dk\/aalborg\/wp-content\/uploads\/2021\/02\/forrude1.jpg\" class=\"attachment-full size-full\" alt=\"\" srcset=\"https:\/\/ketner.dk\/aalborg\/wp-content\/uploads\/sites\/5\/2021\/02\/forrude1.jpg 1200w, https:\/\/ketner.dk\/aalborg\/wp-content\/uploads\/sites\/5\/2021\/02\/forrude1-300x200.jpg 300w, https:\/\/ketner.dk\/aalborg\/wp-content\/uploads\/sites\/5\/2021\/02\/forrude1-1024x684.jpg 1024w, https:\/\/ketner.dk\/aalborg\/wp-content\/uploads\/sites\/5\/2021\/02\/forrude1-768x513.jpg 768w, https:\/\/ketner.dk\/aalborg\/wp-content\/uploads\/sites\/5\/2021\/02\/forrude1-700x467.jpg 700w\" sizes=\"(max-width: 1200px) 100vw, 1200px\" \/><\/div>            <\/div>\n        <\/div>\n\n        [vc_empty_space height=&#8221;40px&#8221;][\/vc_column][vc_column el_class=&#8221;paddingleft&#8221; offset=&#8221;vc_col-md-6&#8243;][vc_column_text]<\/p>\n<h2>F\u00e5 tilset dit stenslag i Aalborg med det samme<\/h2>\n<p>Har uheldet v\u00e6ret ude, kan du selvf\u00f8lgelig godt k\u00f8re lidt med en skade p\u00e5 ruden. Men det er noget, du b\u00f8r f\u00e5 kigget p\u00e5 hos os, s\u00e5 hurtigt som overhovedet muligt. For der er stor risiko for, at dit stenslag udvikler sig og sl\u00e5r revner i din rude p\u00e5 grund af rystelserne ved helt almindelig k\u00f8rsel. Det er meget sv\u00e6rt at undg\u00e5. Og selvom der findes klisterm\u00e6rker og mere tvivlsomme g\u00f8r det selv-r\u00e5d, der lover en begr\u00e6nsning af stenslagets omfang, f\u00e5r det alts\u00e5 ikke problemet og den daglige gene til at g\u00e5 v\u00e6k.<\/p>\n<p>Hos Ketner kan du altid komme forbi og f\u00e5 tjekket et stenslag med det samme, hvis du bor i Aalborg eller omegn. Du beh\u00f8ver faktisk ikke engang at bestille tid. Dermed kan du f\u00e5 vores professionelle vurdering af, hvad der b\u00f8r g\u00f8res ved skaden. Og s\u00e5fremt du kommer til os kort tid efter, at skaden er sket, er der stor chance for, at vi kan g\u00f8re noget for at foretage en reparation af dit stenslag i Aalborg lige med det samme.[\/vc_column_text][vc_empty_space height=&#8221;40px&#8221;]<a  itemprop=\"url\" href=\"https:\/\/ketner.dk\/aalborg\/servicebooking\/\" target=\"_self\"  class=\"qbutton  default\" style=\"margin: 0 20px 0 0; \">Book tid<i class=\"qodef-icon-dripicons dripicon dripicons-chevron-right qode_button_icon_element\" style=\"\" ><\/i><\/a><a id=\"bliv-ringet-op\" itemprop=\"url\" href=\"#\" target=\"_self\"  class=\"qbutton  white default\" style=\"margin: 0 20px 0 0; \">Bliv ringet op<i class=\"qodef-icon-dripicons dripicon dripicons-chevron-right qode_button_icon_element\" style=\"\" ><\/i><\/a>[\/vc_column][\/vc_row][vc_row css_animation=&#8221;&#8221; row_type=&#8221;row&#8221; use_row_as_full_screen_section=&#8221;no&#8221; type=&#8221;grid&#8221; angled_section=&#8221;no&#8221; text_align=&#8221;center&#8221; background_image_as_pattern=&#8221;without_pattern&#8221; el_class=&#8221;padding80&#8243; css=&#8221;.vc_custom_1609935864894{background-color: #002a3b !important;}&#8221; z_index=&#8221;&#8221;][vc_column][vc_row_inner row_type=&#8221;row&#8221; type=&#8221;full_width&#8221; text_align=&#8221;left&#8221; css_animation=&#8221;&#8221;][vc_column_inner width=&#8221;1\/2&#8243; offset=&#8221;vc_col-md-3&#8243;]        \n        <div class=\"icon_text\">\n            <div class=\"icon_text_image\">\n                <img width=\"36\" height=\"36\" src=\"https:\/\/ketner.dk\/aalborg\/wp-content\/uploads\/2021\/01\/icons-white-tools.svg\" class=\"attachment-full size-full\" alt=\"\" srcset=\"https:\/\/ketner.dk\/aalborg\/wp-content\/uploads\/sites\/5\/\/2021\/01\/icons-white-tools.svg 150w, https:\/\/ketner.dk\/aalborg\/wp-content\/uploads\/sites\/5\/\/2021\/01\/icons-white-tools.svg 300w, https:\/\/ketner.dk\/aalborg\/wp-content\/uploads\/sites\/5\/\/2021\/01\/icons-white-tools.svg 1024w, https:\/\/ketner.dk\/aalborg\/wp-content\/uploads\/sites\/5\/\/2021\/01\/icons-white-tools.svg 36w\" sizes=\"(max-width: 36px) 100vw, 36px\" \/>            <\/div>\n            <div class=\"icon_text_content\">\n                <h3>Professionelt<\/h3>\n                <p>Vores v\u00e6rksted i Aalborg har branchens bedste og mest avancerede testudstyr.<\/p>\n            <\/div>\n        <\/div>\n\n        [\/vc_column_inner][vc_column_inner width=&#8221;1\/2&#8243; offset=&#8221;vc_col-md-3&#8243;]        \n        <div class=\"icon_text\">\n            <div class=\"icon_text_image\">\n                <img width=\"36\" height=\"36\" src=\"https:\/\/ketner.dk\/aalborg\/wp-content\/uploads\/2021\/01\/icons-white-car.svg\" class=\"attachment-full size-full\" alt=\"\" srcset=\"https:\/\/ketner.dk\/aalborg\/wp-content\/uploads\/sites\/5\/\/2021\/01\/icons-white-car.svg 150w, https:\/\/ketner.dk\/aalborg\/wp-content\/uploads\/sites\/5\/\/2021\/01\/icons-white-car.svg 300w, https:\/\/ketner.dk\/aalborg\/wp-content\/uploads\/sites\/5\/\/2021\/01\/icons-white-car.svg 1024w, https:\/\/ketner.dk\/aalborg\/wp-content\/uploads\/sites\/5\/\/2021\/01\/icons-white-car.svg 36w\" sizes=\"(max-width: 36px) 100vw, 36px\" \/>            <\/div>\n            <div class=\"icon_text_content\">\n                <h3>Altid gratis l\u00e5nebil<\/h3>\n                <p>Vi har altid en l\u00e5nebil klar til dig, s\u00e5 du er godt k\u00f8rende, mens din mekaniker i Aalborg tager sig af din bil.<\/p>\n            <\/div>\n        <\/div>\n\n        [\/vc_column_inner][vc_column_inner width=&#8221;1\/2&#8243; offset=&#8221;vc_col-md-3&#8243;]        \n        <div class=\"icon_text\">\n            <div class=\"icon_text_image\">\n                <img width=\"36\" height=\"36\" src=\"https:\/\/ketner.dk\/aalborg\/wp-content\/uploads\/2021\/01\/icons-white-list.svg\" class=\"attachment-full size-full\" alt=\"\" srcset=\"https:\/\/ketner.dk\/aalborg\/wp-content\/uploads\/sites\/5\/\/2021\/01\/icons-white-list.svg 150w, https:\/\/ketner.dk\/aalborg\/wp-content\/uploads\/sites\/5\/\/2021\/01\/icons-white-list.svg 300w, https:\/\/ketner.dk\/aalborg\/wp-content\/uploads\/sites\/5\/\/2021\/01\/icons-white-list.svg 1024w, https:\/\/ketner.dk\/aalborg\/wp-content\/uploads\/sites\/5\/\/2021\/01\/icons-white-list.svg 36w\" sizes=\"(max-width: 36px) 100vw, 36px\" \/>            <\/div>\n            <div class=\"icon_text_content\">\n                <h3>Serviceaftale<\/h3>\n                <p>P\u00e5 vores autov\u00e6rksted i Aalborg kan du tegne en fast serviceaftale. Den giver dig adgang til mange fordele billigt.<\/p>\n            <\/div>\n        <\/div>\n\n        [\/vc_column_inner][vc_column_inner width=&#8221;1\/2&#8243; offset=&#8221;vc_col-md-3&#8243;]        \n        <div class=\"icon_text\">\n            <div class=\"icon_text_image\">\n                <img width=\"36\" height=\"36\" src=\"https:\/\/ketner.dk\/aalborg\/wp-content\/uploads\/2021\/01\/icons-white-time-calendar.svg\" class=\"attachment-full size-full\" alt=\"\" srcset=\"https:\/\/ketner.dk\/aalborg\/wp-content\/uploads\/sites\/5\/\/2021\/01\/icons-white-time-calendar.svg 150w, https:\/\/ketner.dk\/aalborg\/wp-content\/uploads\/sites\/5\/\/2021\/01\/icons-white-time-calendar.svg 300w, https:\/\/ketner.dk\/aalborg\/wp-content\/uploads\/sites\/5\/\/2021\/01\/icons-white-time-calendar.svg 1024w, https:\/\/ketner.dk\/aalborg\/wp-content\/uploads\/sites\/5\/\/2021\/01\/icons-white-time-calendar.svg 36w\" sizes=\"(max-width: 36px) 100vw, 36px\" \/>            <\/div>\n            <div class=\"icon_text_content\">\n                <h3>Ingen ventetid<\/h3>\n                <p>Vores bilv\u00e6rksted i Aalborg giver dig altid den hurtigste mulige service, s\u00e5 du ikke skal undv\u00e6re din bil l\u00e6nge.<\/p>\n            <\/div>\n        <\/div>\n\n        [\/vc_column_inner][\/vc_row_inner][vc_empty_space height=&#8221;40px&#8221;]<a id=\"kontakt\" itemprop=\"url\" href=\"#\" target=\"_self\"  class=\"qbutton  white default\" style=\"margin: 0 20px 0 0; \">Kontakt os<i class=\"qodef-icon-dripicons dripicon dripicons-chevron-right qode_button_icon_element\" style=\"\" ><\/i><\/a>[\/vc_column][\/vc_row][vc_row css_animation=&#8221;&#8221; row_type=&#8221;row&#8221; use_row_as_full_screen_section=&#8221;no&#8221; type=&#8221;grid&#8221; angled_section=&#8221;no&#8221; text_align=&#8221;left&#8221; background_image_as_pattern=&#8221;without_pattern&#8221; el_class=&#8221;padding80&#8243; css=&#8221;.vc_custom_1611736988930{background-color: #fffffe !important;}&#8221; z_index=&#8221;&#8221;][vc_column][vc_column_text]<\/p>\n<h3>Kontakt Ketner i Aalborg med det samme, hvis du f\u00e5r et stenslag<\/h3>\n<p>Tag h\u00e5nd om den utryghed, som det er at k\u00f8re rundt med en skade, der sandsynligvis bare bliver v\u00e6rre og v\u00e6re. Tag kontakt til os for at booke en tid til at f\u00e5 gjort noget ved problemet \u2013 eller sving forbi vores v\u00e6rksted i Aalborg, hvis du er lige i n\u00e6rheden og \u00f8nsker at f\u00e5 set p\u00e5 sagen med det samme. Det er du velkommen til. For hos Ketner i Aalborg har vi stor erfaring med reparation af stenslag; Altid hurtigt, professionelt og med et smil p\u00e5 l\u00e6ben.[\/vc_column_text][vc_empty_space height=&#8221;40px&#8221;]<a  itemprop=\"url\" href=\"https:\/\/ketner.dk\/aalborg\/servicebooking\/\" target=\"_self\"  class=\"qbutton  default\" style=\"margin: 0 20px 0 0; \">Book tid<i class=\"qodef-icon-dripicons dripicon dripicons-chevron-right qode_button_icon_element\" style=\"\" ><\/i><\/a><a id=\"bliv-ringet-op\" itemprop=\"url\" href=\"#\" target=\"_self\"  class=\"qbutton  white default\" style=\"margin: 0 20px 0 0; \">Bliv ringet op<i class=\"qodef-icon-dripicons dripicon dripicons-chevron-right qode_button_icon_element\" style=\"\" ><\/i><\/a>[\/vc_column][\/vc_row]<\/p>\n","protected":false},"excerpt":{"rendered":"<p>[vc_row css_animation=&#8221;&#8221; row_type=&#8221;row&#8221; use_row_as_full_screen_section=&#8221;no&#8221; type=&#8221;grid&#8221; angled_section=&#8221;no&#8221; text_align=&#8221;left&#8221; background_image_as_pattern=&#8221;without_pattern&#8221; el_class=&#8221;equal-height align-center&#8221; z_index=&#8221;&#8221; css=&#8221;.vc_custom_1612447758829{background-color: #fffffe !important;}&#8221;][vc_column el_class=&#8221;padding80 paddingright&#8221; offset=&#8221;vc_col-md-6&#8243;][vc_column_text] Reparation af stenslag i Aalborg Er du s\u00e5 uheldig, at du har f\u00e5et et af de \u00e6rgerlige stenslag p\u00e5 forruden? Bare rolig \u2013 hos Ketner i Aalborg er&#8230;<\/p>\n","protected":false},"author":1,"featured_media":0,"parent":267,"menu_order":0,"comment_status":"closed","ping_status":"closed","template":"full_width.php","meta":[],"acf":[],"_links":{"self":[{"href":"https:\/\/ketner.dk\/aalborg\/wp-json\/wp\/v2\/pages\/985"}],"collection":[{"href":"https:\/\/ketner.dk\/aalborg\/wp-json\/wp\/v2\/pages"}],"about":[{"href":"https:\/\/ketner.dk\/aalborg\/wp-json\/wp\/v2\/types\/page"}],"author":[{"embeddable":true,"href":"https:\/\/ketner.dk\/aalborg\/wp-json\/wp\/v2\/users\/1"}],"replies":[{"embeddable":true,"href":"https:\/\/ketner.dk\/aalborg\/wp-json\/wp\/v2\/comments?post=985"}],"version-history":[{"count":4,"href":"https:\/\/ketner.dk\/aalborg\/wp-json\/wp\/v2\/pages\/985\/revisions"}],"predecessor-version":[{"id":2729,"href":"https:\/\/ketner.dk\/aalborg\/wp-json\/wp\/v2\/pages\/985\/revisions\/2729"}],"up":[{"embeddable":true,"href":"https:\/\/ketner.dk\/aalborg\/wp-json\/wp\/v2\/pages\/267"}],"wp:attachment":[{"href":"https:\/\/ketner.dk\/aalborg\/wp-json\/wp\/v2\/media?parent=985"}],"curies":[{"name":"wp","href":"https:\/\/api.w.org\/{rel}","templated":true}]}}