{"id":2483,"date":"2021-09-23T09:01:09","date_gmt":"2021-09-23T09:01:09","guid":{"rendered":"https:\/\/lazzatest.dk\/ketner\/aarhus\/?page_id=2483"},"modified":"2026-02-03T15:27:53","modified_gmt":"2026-02-03T15:27:53","slug":"hoejbjerg","status":"publish","type":"page","link":"https:\/\/ketner.dk\/aarhus\/specialer\/service\/audi\/hoejbjerg\/","title":{"rendered":"Audi service H\u00f8jbjerg"},"content":{"rendered":"<p>[vc_row css_animation=&#8221;&#8221; row_type=&#8221;row&#8221; use_row_as_full_screen_section=&#8221;no&#8221; type=&#8221;grid&#8221; angled_section=&#8221;no&#8221; text_align=&#8221;left&#8221; background_image_as_pattern=&#8221;without_pattern&#8221; el_class=&#8221;equal-height align-center&#8221; z_index=&#8221;&#8221; css=&#8221;.vc_custom_1611743526268{background-color: #fffffe !important;}&#8221;][vc_column el_class=&#8221;padding80 paddingright&#8221; offset=&#8221;vc_col-md-6&#8243;][vc_column_text]<\/p>\n<h1>K\u00f8r din Audi til service n\u00e6r H\u00f8jbjerg<\/h1>\n<p>Leder du efter service til din Audi i H\u00f8jbjerg og omegn, er du kommet til rette sted. P\u00e5 vores autov\u00e6rksted i Viby servicerer vi en r\u00e6kke glade Audi-ejere fra hele Aarhus-omr\u00e5det, og det har givet os stor erfaring med de tyske kvalitetsbiler. Hos Ketner forst\u00e5r vi nemlig godt, at du gerne vil have foretaget serviceeftersyn af din Audi hos et v\u00e6rksted, der har forstand p\u00e5 din bil.<\/p>\n<p>Flere af vores mekanikere er efteruddannet hos Bosch Danmark, som er verdens st\u00f8rste underleverand\u00f8r af komponenter og reservedele til bilindustrien. Ligesom hos mange andre bilm\u00e6rker finder du i en Audi kvalitetskomponenter fra Bosch, og det g\u00f8r vores teknikere til eksperter i lige pr\u00e6cis din bil.<\/p>\n<p>Derudover er vi indehavere af branchens nyeste og mest avancerede testudstyr, hvilket er en stor fordel, n\u00e5r vi i forbindelse med et serviceeftersyn af din Audi skal se den igennem fra yderst til inderst og kontrollere alle komponenter i bilen. Vi er altid online med fabrikken og har adgang til den nyeste software, hvilket sikrer dig en 100 % opdateret bil. N\u00e5r din bil er opdateret, vil du opleve en velk\u00f8rende bil og st\u00f8rre k\u00f8regl\u00e6de.<\/p>\n<p>Skal du have foretaget service n\u00e6r H\u00f8jbjerg, er du mere end velkommen til at kigge forbi dit lokale Ketner-autov\u00e6rksted.[\/vc_column_text][vc_empty_space height=&#8221;40px&#8221;]<a  itemprop=\"url\" href=\"https:\/\/ketner.dk\/aarhus\/servicebooking\/\" target=\"_self\"  class=\"qbutton  default\" style=\"margin: 0 20px 0 0; \">Book tid<i class=\"qodef-icon-dripicons dripicon dripicons-chevron-right qode_button_icon_element\" style=\"\" ><\/i><\/a><a id=\"bliv-ringet-op\" itemprop=\"url\" href=\"#\" target=\"_self\"  class=\"qbutton  white default\" style=\"margin: 0 20px 0 0; \">Bliv ringet op<i class=\"qodef-icon-dripicons dripicon dripicons-chevron-right qode_button_icon_element\" style=\"\" ><\/i><\/a>[vc_empty_space height=&#8221;40px&#8221;][\/vc_column][vc_column offset=&#8221;vc_col-md-6&#8243;][vc_single_image image=&#8221;318&#8243; img_size=&#8221;full&#8221; style=&#8221;vc_box_rounded&#8221; qode_css_animation=&#8221;&#8221;][vc_empty_space height=&#8221;40px&#8221;][\/vc_column][\/vc_row][vc_row css_animation=&#8221;&#8221; row_type=&#8221;row&#8221; use_row_as_full_screen_section=&#8221;no&#8221; type=&#8221;grid&#8221; angled_section=&#8221;no&#8221; text_align=&#8221;left&#8221; background_image_as_pattern=&#8221;without_pattern&#8221; z_index=&#8221;&#8221; background_color=&#8221;#ffffff&#8221; el_class=&#8221;padding80&#8243; css=&#8221;.vc_custom_1630051197043{padding-top: 0px !important;}&#8221;][vc_column width=&#8221;1\/2&#8243; offset=&#8221;vc_col-md-4&#8243;]            <a href=\"https:\/\/ketner.dk\/aarhus\/specialer\/el-og-hybridbiler\/\">\n                <div class=\"linkbox\" style=\"background-color: #ffffff;\">\n                    <div class=\"linkbox_content\">\n                        <h4 style=\"color: ;\">El- og hybridbiler<\/h4>\n                        <p style=\"color: ;\"><\/p>\n                    <\/div>\n                    <div class=\"linkbox_icon\">\n                        <i class=\"fa fa-angle-right\" style=\"color: ;\"><\/i>\n                    <\/div>\n                <\/div>\n            <\/a>\n            [\/vc_column][vc_column width=&#8221;1\/2&#8243; offset=&#8221;vc_col-md-4&#8243;]            <a href=\"https:\/\/ketner.dk\/aarhus\/specialer\/skadecenter\/\">\n                <div class=\"linkbox\" style=\"background-color: #ffffff;\">\n                    <div class=\"linkbox_content\">\n                        <h4 style=\"color: ;\">Skadecenter<\/h4>\n                        <p style=\"color: ;\"><\/p>\n                    <\/div>\n                    <div class=\"linkbox_icon\">\n                        <i class=\"fa fa-angle-right\" style=\"color: ;\"><\/i>\n                    <\/div>\n                <\/div>\n            <\/a>\n            [\/vc_column][vc_column width=&#8221;1\/2&#8243; offset=&#8221;vc_col-md-4&#8243;]            <a href=\"https:\/\/ketner.dk\/aarhus\/specialer\/\">\n                <div class=\"linkbox\" style=\"background-color: #ffffff;\">\n                    <div class=\"linkbox_content\">\n                        <h4 style=\"color: ;\">Se vores specialer<\/h4>\n                        <p style=\"color: ;\"><\/p>\n                    <\/div>\n                    <div class=\"linkbox_icon\">\n                        <i class=\"fa fa-angle-right\" style=\"color: ;\"><\/i>\n                    <\/div>\n                <\/div>\n            <\/a>\n            [\/vc_column][\/vc_row][vc_row css_animation=&#8221;&#8221; row_type=&#8221;row&#8221; use_row_as_full_screen_section=&#8221;no&#8221; type=&#8221;grid&#8221; angled_section=&#8221;no&#8221; text_align=&#8221;left&#8221; background_image_as_pattern=&#8221;without_pattern&#8221; el_class=&#8221;padding80 equal-height align-center&#8221; css=&#8221;.vc_custom_1611737133965{background-color: #f0f0f0 !important;}&#8221; z_index=&#8221;&#8221;][vc_column offset=&#8221;vc_col-md-6&#8243;]        \n        <div class=\"image_grid-wrapper\">\n            <div class=\"image_grid\">\n                <div class=\"image_grid_item\"><img width=\"1200\" height=\"800\" src=\"https:\/\/ketner.dk\/aarhus\/wp-content\/uploads\/2021\/01\/audi-rat.jpg\" class=\"attachment-full size-full\" alt=\"\" srcset=\"https:\/\/ketner.dk\/aarhus\/wp-content\/uploads\/sites\/6\/2021\/01\/audi-rat.jpg 1200w, https:\/\/ketner.dk\/aarhus\/wp-content\/uploads\/sites\/6\/2021\/01\/audi-rat-300x200.jpg 300w, https:\/\/ketner.dk\/aarhus\/wp-content\/uploads\/sites\/6\/2021\/01\/audi-rat-1024x683.jpg 1024w, https:\/\/ketner.dk\/aarhus\/wp-content\/uploads\/sites\/6\/2021\/01\/audi-rat-768x512.jpg 768w, https:\/\/ketner.dk\/aarhus\/wp-content\/uploads\/sites\/6\/2021\/01\/audi-rat-700x467.jpg 700w\" sizes=\"(max-width: 1200px) 100vw, 1200px\" \/><\/div><div class=\"image_grid_item\"><img width=\"1200\" height=\"800\" src=\"https:\/\/ketner.dk\/aarhus\/wp-content\/uploads\/2021\/01\/audi-gear.jpg\" class=\"attachment-full size-full\" alt=\"\" srcset=\"https:\/\/ketner.dk\/aarhus\/wp-content\/uploads\/sites\/6\/2021\/01\/audi-gear.jpg 1200w, https:\/\/ketner.dk\/aarhus\/wp-content\/uploads\/sites\/6\/2021\/01\/audi-gear-300x200.jpg 300w, https:\/\/ketner.dk\/aarhus\/wp-content\/uploads\/sites\/6\/2021\/01\/audi-gear-1024x683.jpg 1024w, https:\/\/ketner.dk\/aarhus\/wp-content\/uploads\/sites\/6\/2021\/01\/audi-gear-768x512.jpg 768w, https:\/\/ketner.dk\/aarhus\/wp-content\/uploads\/sites\/6\/2021\/01\/audi-gear-700x467.jpg 700w\" sizes=\"(max-width: 1200px) 100vw, 1200px\" \/><\/div><div class=\"image_grid_item\"><img width=\"1200\" height=\"799\" src=\"https:\/\/ketner.dk\/aarhus\/wp-content\/uploads\/2021\/01\/audi-logo.jpg\" class=\"attachment-full size-full\" alt=\"\" srcset=\"https:\/\/ketner.dk\/aarhus\/wp-content\/uploads\/sites\/6\/2021\/01\/audi-logo.jpg 1200w, https:\/\/ketner.dk\/aarhus\/wp-content\/uploads\/sites\/6\/2021\/01\/audi-logo-300x200.jpg 300w, https:\/\/ketner.dk\/aarhus\/wp-content\/uploads\/sites\/6\/2021\/01\/audi-logo-1024x682.jpg 1024w, https:\/\/ketner.dk\/aarhus\/wp-content\/uploads\/sites\/6\/2021\/01\/audi-logo-768x511.jpg 768w, https:\/\/ketner.dk\/aarhus\/wp-content\/uploads\/sites\/6\/2021\/01\/audi-logo-700x466.jpg 700w\" sizes=\"(max-width: 1200px) 100vw, 1200px\" \/><\/div>            <\/div>\n        <\/div>\n\n        [vc_empty_space height=&#8221;40px&#8221;][\/vc_column][vc_column el_class=&#8221;paddingleft&#8221; offset=&#8221;vc_col-md-6&#8243;][vc_column_text]<\/p>\n<h2>Behold fabriksgarantien med serviceeftersyn af din Audi<\/h2>\n<p>Vores serviceeftersyn af Audi foreg\u00e5r naturligvis altid fuldst\u00e6ndigt efter fabrikantens forskrifter. P\u00e5 den m\u00e5de bevarer du din fabriksgaranti og f\u00e5r et stempel \u2013 enten i bogen eller elektronisk \u2013 som bevis. Fuld fabriksgaranti er nemlig ikke forbeholdt de autoriserede m\u00e6rkev\u00e6rksteder.<\/p>\n<p>Vi g\u00e5r ikke p\u00e5 kompromis med hverken kvalitet eller service og ser det som vores fornemste opgave at give dig den bedste oplevelse, hver gang du k\u00f8rer ind p\u00e5 et af vores autov\u00e6rksteder. Og s\u00e5 har vi n\u00e6sten ingen ventetid.[\/vc_column_text][vc_empty_space height=&#8221;40px&#8221;]<a  itemprop=\"url\" href=\"https:\/\/ketner.dk\/aarhus\/servicebooking\/\" target=\"_self\"  class=\"qbutton  default\" style=\"margin: 0 20px 0 0; \">Book tid<i class=\"qodef-icon-dripicons dripicon dripicons-chevron-right qode_button_icon_element\" style=\"\" ><\/i><\/a><a id=\"bliv-ringet-op\" itemprop=\"url\" href=\"#\" target=\"_self\"  class=\"qbutton  white default\" style=\"margin: 0 20px 0 0; \">Bliv ringet op<i class=\"qodef-icon-dripicons dripicon dripicons-chevron-right qode_button_icon_element\" style=\"\" ><\/i><\/a>[\/vc_column][\/vc_row][vc_row css_animation=&#8221;&#8221; row_type=&#8221;row&#8221; use_row_as_full_screen_section=&#8221;no&#8221; type=&#8221;grid&#8221; angled_section=&#8221;no&#8221; text_align=&#8221;center&#8221; background_image_as_pattern=&#8221;without_pattern&#8221; el_class=&#8221;padding80&#8243; css=&#8221;.vc_custom_1609935864894{background-color: #002a3b !important;}&#8221; z_index=&#8221;&#8221;][vc_column][vc_row_inner row_type=&#8221;row&#8221; type=&#8221;full_width&#8221; text_align=&#8221;left&#8221; css_animation=&#8221;&#8221;][vc_column_inner width=&#8221;1\/2&#8243; offset=&#8221;vc_col-md-3&#8243;]        \n        <div class=\"icon_text\">\n            <div class=\"icon_text_image\">\n                <img width=\"36\" height=\"36\" src=\"https:\/\/ketner.dk\/aarhus\/wp-content\/uploads\/2021\/01\/icons-white-tools.svg\" class=\"attachment-full size-full\" alt=\"\" srcset=\"https:\/\/ketner.dk\/aarhus\/wp-content\/uploads\/sites\/6\/\/2021\/01\/icons-white-tools.svg 150w, https:\/\/ketner.dk\/aarhus\/wp-content\/uploads\/sites\/6\/\/2021\/01\/icons-white-tools.svg 300w, https:\/\/ketner.dk\/aarhus\/wp-content\/uploads\/sites\/6\/\/2021\/01\/icons-white-tools.svg 1024w, https:\/\/ketner.dk\/aarhus\/wp-content\/uploads\/sites\/6\/\/2021\/01\/icons-white-tools.svg 36w\" sizes=\"(max-width: 36px) 100vw, 36px\" \/>            <\/div>\n            <div class=\"icon_text_content\">\n                <h3>Professionelt<\/h3>\n                <p>Vores v\u00e6rksted i Aarhus har branchens bedste og mest avancerede testudstyr.<\/p>\n            <\/div>\n        <\/div>\n\n        [\/vc_column_inner][vc_column_inner width=&#8221;1\/2&#8243; offset=&#8221;vc_col-md-3&#8243;]        \n        <div class=\"icon_text\">\n            <div class=\"icon_text_image\">\n                <img width=\"36\" height=\"36\" src=\"https:\/\/ketner.dk\/aarhus\/wp-content\/uploads\/2021\/01\/icons-white-car.svg\" class=\"attachment-full size-full\" alt=\"\" srcset=\"https:\/\/ketner.dk\/aarhus\/wp-content\/uploads\/sites\/6\/\/2021\/01\/icons-white-car.svg 150w, https:\/\/ketner.dk\/aarhus\/wp-content\/uploads\/sites\/6\/\/2021\/01\/icons-white-car.svg 300w, https:\/\/ketner.dk\/aarhus\/wp-content\/uploads\/sites\/6\/\/2021\/01\/icons-white-car.svg 1024w, https:\/\/ketner.dk\/aarhus\/wp-content\/uploads\/sites\/6\/\/2021\/01\/icons-white-car.svg 36w\" sizes=\"(max-width: 36px) 100vw, 36px\" \/>            <\/div>\n            <div class=\"icon_text_content\">\n                <h3>Altid l\u00e5nebil<\/h3>\n                <p>Vi har altid en l\u00e5nebil klar til dig, s\u00e5 du er godt k\u00f8rende, mens din mekaniker i Aarhus tager sig af din bil.<\/p>\n            <\/div>\n        <\/div>\n\n        [\/vc_column_inner][vc_column_inner width=&#8221;1\/2&#8243; offset=&#8221;vc_col-md-3&#8243;]        \n        <div class=\"icon_text\">\n            <div class=\"icon_text_image\">\n                <img width=\"36\" height=\"36\" src=\"https:\/\/ketner.dk\/aarhus\/wp-content\/uploads\/2021\/01\/icons-white-list.svg\" class=\"attachment-full size-full\" alt=\"\" srcset=\"https:\/\/ketner.dk\/aarhus\/wp-content\/uploads\/sites\/6\/\/2021\/01\/icons-white-list.svg 150w, https:\/\/ketner.dk\/aarhus\/wp-content\/uploads\/sites\/6\/\/2021\/01\/icons-white-list.svg 300w, https:\/\/ketner.dk\/aarhus\/wp-content\/uploads\/sites\/6\/\/2021\/01\/icons-white-list.svg 1024w, https:\/\/ketner.dk\/aarhus\/wp-content\/uploads\/sites\/6\/\/2021\/01\/icons-white-list.svg 36w\" sizes=\"(max-width: 36px) 100vw, 36px\" \/>            <\/div>\n            <div class=\"icon_text_content\">\n                <h3>SOS Vejhj\u00e6lp<\/h3>\n                <p>Gratis vejhj\u00e6lp efter 1. serviceeftersyn<\/p>\n            <\/div>\n        <\/div>\n\n        [\/vc_column_inner][vc_column_inner width=&#8221;1\/2&#8243; offset=&#8221;vc_col-md-3&#8243;]        \n        <div class=\"icon_text\">\n            <div class=\"icon_text_image\">\n                <img width=\"36\" height=\"36\" src=\"https:\/\/ketner.dk\/aarhus\/wp-content\/uploads\/2021\/01\/icons-white-time-calendar.svg\" class=\"attachment-full size-full\" alt=\"\" srcset=\"https:\/\/ketner.dk\/aarhus\/wp-content\/uploads\/sites\/6\/\/2021\/01\/icons-white-time-calendar.svg 150w, https:\/\/ketner.dk\/aarhus\/wp-content\/uploads\/sites\/6\/\/2021\/01\/icons-white-time-calendar.svg 300w, https:\/\/ketner.dk\/aarhus\/wp-content\/uploads\/sites\/6\/\/2021\/01\/icons-white-time-calendar.svg 1024w, https:\/\/ketner.dk\/aarhus\/wp-content\/uploads\/sites\/6\/\/2021\/01\/icons-white-time-calendar.svg 36w\" sizes=\"(max-width: 36px) 100vw, 36px\" \/>            <\/div>\n            <div class=\"icon_text_content\">\n                <h3>Kort ventetid<\/h3>\n                <p>Vores bilv\u00e6rksted i Aarhus giver dig altid den hurtigst mulige service, s\u00e5 du ikke skal undv\u00e6re din bil l\u00e6nge.<\/p>\n            <\/div>\n        <\/div>\n\n        [\/vc_column_inner][\/vc_row_inner][vc_empty_space height=&#8221;40px&#8221;]<a id=\"kontakt\" itemprop=\"url\" href=\"#\" target=\"_self\"  class=\"qbutton  white default\" style=\"margin: 0 20px 0 0; \">Kontakt os<i class=\"qodef-icon-dripicons dripicon dripicons-chevron-right qode_button_icon_element\" style=\"\" ><\/i><\/a>[\/vc_column][\/vc_row]<\/p>\n","protected":false},"excerpt":{"rendered":"<p>[vc_row css_animation=&#8221;&#8221; row_type=&#8221;row&#8221; use_row_as_full_screen_section=&#8221;no&#8221; type=&#8221;grid&#8221; angled_section=&#8221;no&#8221; text_align=&#8221;left&#8221; background_image_as_pattern=&#8221;without_pattern&#8221; el_class=&#8221;equal-height align-center&#8221; z_index=&#8221;&#8221; css=&#8221;.vc_custom_1611743526268{background-color: #fffffe !important;}&#8221;][vc_column el_class=&#8221;padding80 paddingright&#8221; offset=&#8221;vc_col-md-6&#8243;][vc_column_text] K\u00f8r din Audi til service n\u00e6r H\u00f8jbjerg Leder du efter service til din Audi i H\u00f8jbjerg og omegn, er du kommet til rette sted. P\u00e5 vores autov\u00e6rksted i&#8230;<\/p>\n","protected":false},"author":1,"featured_media":0,"parent":1474,"menu_order":0,"comment_status":"closed","ping_status":"closed","template":"full_width.php","meta":[],"acf":[],"meta_title":"K\u00f8r din Audi til service n\u00e6r H\u00f8jbjerg | Din Audi-specialist | Ketner","meta_description":"Har du brug for service til Audi i n\u00e6rheden af H\u00f8jbjerg? Ketner er dit lokale autov\u00e6rksted med speciale i Audi. Bestil tid i dag.","focus_keyword":"","parent_slug":"audi","vc_single_images":[{"id":318,"url":"https:\/\/ketner.dk\/aarhus\/wp-content\/uploads\/2021\/01\/audi.jpg"}],"_links":{"self":[{"href":"https:\/\/ketner.dk\/aarhus\/wp-json\/wp\/v2\/pages\/2483"}],"collection":[{"href":"https:\/\/ketner.dk\/aarhus\/wp-json\/wp\/v2\/pages"}],"about":[{"href":"https:\/\/ketner.dk\/aarhus\/wp-json\/wp\/v2\/types\/page"}],"author":[{"embeddable":true,"href":"https:\/\/ketner.dk\/aarhus\/wp-json\/wp\/v2\/users\/1"}],"replies":[{"embeddable":true,"href":"https:\/\/ketner.dk\/aarhus\/wp-json\/wp\/v2\/comments?post=2483"}],"version-history":[{"count":9,"href":"https:\/\/ketner.dk\/aarhus\/wp-json\/wp\/v2\/pages\/2483\/revisions"}],"predecessor-version":[{"id":3499,"href":"https:\/\/ketner.dk\/aarhus\/wp-json\/wp\/v2\/pages\/2483\/revisions\/3499"}],"up":[{"embeddable":true,"href":"https:\/\/ketner.dk\/aarhus\/wp-json\/wp\/v2\/pages\/1474"}],"wp:attachment":[{"href":"https:\/\/ketner.dk\/aarhus\/wp-json\/wp\/v2\/media?parent=2483"}],"curies":[{"name":"wp","href":"https:\/\/api.w.org\/{rel}","templated":true}]}}