{"id":2510,"date":"2021-09-23T10:42:23","date_gmt":"2021-09-23T10:42:23","guid":{"rendered":"https:\/\/lazzatest.dk\/ketner\/aarhus\/?page_id=2510"},"modified":"2025-09-16T09:50:55","modified_gmt":"2025-09-16T09:50:55","slug":"viby","status":"publish","type":"page","link":"https:\/\/ketner.dk\/aarhus\/specialer\/service\/vw\/viby\/","title":{"rendered":"VW service Viby"},"content":{"rendered":"<p>[vc_row css_animation=&#8221;&#8221; row_type=&#8221;row&#8221; use_row_as_full_screen_section=&#8221;no&#8221; type=&#8221;grid&#8221; angled_section=&#8221;no&#8221; text_align=&#8221;left&#8221; background_image_as_pattern=&#8221;without_pattern&#8221; el_class=&#8221;equal-height align-center&#8221; z_index=&#8221;&#8221; css=&#8221;.vc_custom_1611743526268{background-color: #fffffe !important;}&#8221;][vc_column el_class=&#8221;padding80 paddingright&#8221; offset=&#8221;vc_col-md-6&#8243;][vc_column_text]<\/p>\n<h1>Professionel service af VW i Viby udf\u00f8rt af erfarne mekanikere<\/h1>\n<p>P\u00e5 vores autov\u00e6rksted i Viby st\u00e5r vores dygtige mekanikere klar til at udf\u00f8re service p\u00e5 alle modeller af Volkswagen. Vi kan varetage enhver opgave, uanset om du blot mangler hj\u00e6lp til en mindre reparation, eller der er sket st\u00f8rre skade.<\/p>\n<p>Vores autov\u00e6rksted i Viby er en s\u00e6rdeles god samarbejdspartner, hvis du st\u00e5r over for service af din VW. Vores mekanikere har adgang til branchens bedste udstyr, og de kan hurtigt fejlfinde og diagnosticere problemet. S\u00e5 kig forbi os p\u00e5 Jens Juuls vej 6 i Viby \u2013 s\u00e5 er du hurtigt tilbage p\u00e5 vejen igen.[\/vc_column_text][vc_empty_space height=&#8221;40px&#8221;]<a  itemprop=\"url\" href=\"https:\/\/ketner.dk\/aarhus\/servicebooking\/\" target=\"_self\"  class=\"qbutton  default\" style=\"margin: 0 20px 0 0; \">Book tid<i class=\"qodef-icon-dripicons dripicon dripicons-chevron-right qode_button_icon_element\" style=\"\" ><\/i><\/a><a id=\"bliv-ringet-op\" itemprop=\"url\" href=\"#\" target=\"_self\"  class=\"qbutton  white default\" style=\"margin: 0 20px 0 0; \">Bliv ringet op<i class=\"qodef-icon-dripicons dripicon dripicons-chevron-right qode_button_icon_element\" style=\"\" ><\/i><\/a>[vc_empty_space height=&#8221;40px&#8221;][\/vc_column][vc_column offset=&#8221;vc_col-md-6&#8243;][vc_single_image image=&#8221;490&#8243; img_size=&#8221;full&#8221; style=&#8221;vc_box_rounded&#8221; qode_css_animation=&#8221;&#8221;][vc_empty_space height=&#8221;40px&#8221;][\/vc_column][\/vc_row][vc_row css_animation=&#8221;&#8221; row_type=&#8221;row&#8221; use_row_as_full_screen_section=&#8221;no&#8221; type=&#8221;grid&#8221; angled_section=&#8221;no&#8221; text_align=&#8221;left&#8221; background_image_as_pattern=&#8221;without_pattern&#8221; z_index=&#8221;&#8221; background_color=&#8221;#ffffff&#8221; el_class=&#8221;padding80&#8243; css=&#8221;.vc_custom_1630051197043{padding-top: 0px !important;}&#8221;][vc_column width=&#8221;1\/2&#8243; offset=&#8221;vc_col-md-4&#8243;]            <a href=\"https:\/\/ketner.dk\/aarhus\/specialer\/el-og-hybridbiler\/\">\n                <div class=\"linkbox\" style=\"background-color: #ffffff;\">\n                    <div class=\"linkbox_content\">\n                        <h4 style=\"color: ;\">El- og hybridbiler<\/h4>\n                        <p style=\"color: ;\"><\/p>\n                    <\/div>\n                    <div class=\"linkbox_icon\">\n                        <i class=\"fa fa-angle-right\" style=\"color: ;\"><\/i>\n                    <\/div>\n                <\/div>\n            <\/a>\n            [\/vc_column][vc_column width=&#8221;1\/2&#8243; offset=&#8221;vc_col-md-4&#8243;]            <a href=\"https:\/\/ketner.dk\/aarhus\/specialer\/skadecenter\/\">\n                <div class=\"linkbox\" style=\"background-color: #ffffff;\">\n                    <div class=\"linkbox_content\">\n                        <h4 style=\"color: ;\">Skadecenter<\/h4>\n                        <p style=\"color: ;\"><\/p>\n                    <\/div>\n                    <div class=\"linkbox_icon\">\n                        <i class=\"fa fa-angle-right\" style=\"color: ;\"><\/i>\n                    <\/div>\n                <\/div>\n            <\/a>\n            [\/vc_column][vc_column width=&#8221;1\/2&#8243; offset=&#8221;vc_col-md-4&#8243;]            <a href=\"https:\/\/ketner.dk\/aarhus\/specialer\/\">\n                <div class=\"linkbox\" style=\"background-color: #ffffff;\">\n                    <div class=\"linkbox_content\">\n                        <h4 style=\"color: ;\">Se vores specialer<\/h4>\n                        <p style=\"color: ;\"><\/p>\n                    <\/div>\n                    <div class=\"linkbox_icon\">\n                        <i class=\"fa fa-angle-right\" style=\"color: ;\"><\/i>\n                    <\/div>\n                <\/div>\n            <\/a>\n            [\/vc_column][\/vc_row][vc_row css_animation=&#8221;&#8221; row_type=&#8221;row&#8221; use_row_as_full_screen_section=&#8221;no&#8221; type=&#8221;grid&#8221; angled_section=&#8221;no&#8221; text_align=&#8221;left&#8221; background_image_as_pattern=&#8221;without_pattern&#8221; el_class=&#8221;padding80 equal-height align-center&#8221; css=&#8221;.vc_custom_1611737133965{background-color: #f0f0f0 !important;}&#8221; z_index=&#8221;&#8221;][vc_column offset=&#8221;vc_col-md-6&#8243;]        \n        <div class=\"image_grid-wrapper\">\n            <div class=\"image_grid\">\n                <div class=\"image_grid_item\"><img width=\"1200\" height=\"800\" src=\"https:\/\/ketner.dk\/aarhus\/wp-content\/uploads\/2021\/02\/VW-logo.jpg\" class=\"attachment-full size-full\" alt=\"\" srcset=\"https:\/\/ketner.dk\/aarhus\/wp-content\/uploads\/sites\/6\/2021\/02\/VW-logo.jpg 1200w, https:\/\/ketner.dk\/aarhus\/wp-content\/uploads\/sites\/6\/2021\/02\/VW-logo-300x200.jpg 300w, https:\/\/ketner.dk\/aarhus\/wp-content\/uploads\/sites\/6\/2021\/02\/VW-logo-1024x683.jpg 1024w, https:\/\/ketner.dk\/aarhus\/wp-content\/uploads\/sites\/6\/2021\/02\/VW-logo-768x512.jpg 768w, https:\/\/ketner.dk\/aarhus\/wp-content\/uploads\/sites\/6\/2021\/02\/VW-logo-700x467.jpg 700w\" sizes=\"(max-width: 1200px) 100vw, 1200px\" \/><\/div><div class=\"image_grid_item\"><img width=\"1200\" height=\"868\" src=\"https:\/\/ketner.dk\/aarhus\/wp-content\/uploads\/2021\/02\/VW-Folkevogn.jpg\" class=\"attachment-full size-full\" alt=\"\" srcset=\"https:\/\/ketner.dk\/aarhus\/wp-content\/uploads\/sites\/6\/2021\/02\/VW-Folkevogn.jpg 1200w, https:\/\/ketner.dk\/aarhus\/wp-content\/uploads\/sites\/6\/2021\/02\/VW-Folkevogn-300x217.jpg 300w, https:\/\/ketner.dk\/aarhus\/wp-content\/uploads\/sites\/6\/2021\/02\/VW-Folkevogn-1024x741.jpg 1024w, https:\/\/ketner.dk\/aarhus\/wp-content\/uploads\/sites\/6\/2021\/02\/VW-Folkevogn-768x556.jpg 768w, https:\/\/ketner.dk\/aarhus\/wp-content\/uploads\/sites\/6\/2021\/02\/VW-Folkevogn-700x506.jpg 700w\" sizes=\"(max-width: 1200px) 100vw, 1200px\" \/><\/div><div class=\"image_grid_item\"><img width=\"1200\" height=\"900\" src=\"https:\/\/ketner.dk\/aarhus\/wp-content\/uploads\/2021\/02\/VW-beetle.jpg\" class=\"attachment-full size-full\" alt=\"\" srcset=\"https:\/\/ketner.dk\/aarhus\/wp-content\/uploads\/sites\/6\/2021\/02\/VW-beetle.jpg 1200w, https:\/\/ketner.dk\/aarhus\/wp-content\/uploads\/sites\/6\/2021\/02\/VW-beetle-300x225.jpg 300w, https:\/\/ketner.dk\/aarhus\/wp-content\/uploads\/sites\/6\/2021\/02\/VW-beetle-1024x768.jpg 1024w, https:\/\/ketner.dk\/aarhus\/wp-content\/uploads\/sites\/6\/2021\/02\/VW-beetle-768x576.jpg 768w, https:\/\/ketner.dk\/aarhus\/wp-content\/uploads\/sites\/6\/2021\/02\/VW-beetle-800x600.jpg 800w, https:\/\/ketner.dk\/aarhus\/wp-content\/uploads\/sites\/6\/2021\/02\/VW-beetle-700x525.jpg 700w\" sizes=\"(max-width: 1200px) 100vw, 1200px\" \/><\/div>            <\/div>\n        <\/div>\n\n        [vc_empty_space height=&#8221;40px&#8221;][\/vc_column][vc_column el_class=&#8221;paddingleft&#8221; offset=&#8221;vc_col-md-6&#8243;][vc_column_text]<\/p>\n<h2>Ketner Viby: Den optimale l\u00f8sning for service af VW<\/h2>\n<p>Hos Ketner udfordrer vi de lokale m\u00e6rkev\u00e6rksteder med konkurrencedygtige priser. Hos os f\u00e5r du nemlig service, der er professionel og af h\u00f8j kvalitet \u2013 helt ligesom hvis du havde valgt et m\u00e6rkev\u00e6rksted.<\/p>\n<p>Hos vores v\u00e6rksted i Viby f\u00e5r du et serviceeftersyn af din VW til en s\u00e6rdeles god pris, og du kan samtidig ogs\u00e5 bevare din fabriksgaranti. Vi udf\u00f8rer vores arbejde efter fabrikkens forskrifter, og vi er endda ogs\u00e5 online med fabrikken, s\u00e5 du kan k\u00f8re herfra med det nyeste software.<\/p>\n<p>Flere af vores automekanikere er efteruddannede hos Bosch, og den viden, vores v\u00e6rksteder besidder, er derfor ikke til at finde ret mange andre steder. Vi har mange specialister samlet under \u00e9t tag, og s\u00e5 har vi adgang til et stort lager af reservedele i h\u00f8jeste kvalitet. Det kommer is\u00e6r vores kunder til gavn, for det betyder, at du altid vil f\u00e5 din bil leveret tilbage med reservedele, der er af lige s\u00e5 h\u00f8j kvalitet, som dem bilen er produceret med.<\/p>\n<p>Book tid til et service af din VW i dag. Vi s\u00f8rger for, at din bil k\u00f8rer som smurt \u2013 altid.[\/vc_column_text][vc_empty_space height=&#8221;40px&#8221;]<a  itemprop=\"url\" href=\"https:\/\/ketner.dk\/aarhus\/servicebooking\/\" target=\"_self\"  class=\"qbutton  default\" style=\"margin: 0 20px 0 0; \">Book tid<i class=\"qodef-icon-dripicons dripicon dripicons-chevron-right qode_button_icon_element\" style=\"\" ><\/i><\/a><a id=\"bliv-ringet-op\" itemprop=\"url\" href=\"#\" target=\"_self\"  class=\"qbutton  white default\" style=\"margin: 0 20px 0 0; \">Bliv ringet op<i class=\"qodef-icon-dripicons dripicon dripicons-chevron-right qode_button_icon_element\" style=\"\" ><\/i><\/a>[\/vc_column][\/vc_row][vc_row css_animation=&#8221;&#8221; row_type=&#8221;row&#8221; use_row_as_full_screen_section=&#8221;no&#8221; type=&#8221;grid&#8221; angled_section=&#8221;no&#8221; text_align=&#8221;center&#8221; background_image_as_pattern=&#8221;without_pattern&#8221; el_class=&#8221;padding80&#8243; css=&#8221;.vc_custom_1609935864894{background-color: #002a3b !important;}&#8221; z_index=&#8221;&#8221;][vc_column][vc_row_inner row_type=&#8221;row&#8221; type=&#8221;full_width&#8221; text_align=&#8221;left&#8221; css_animation=&#8221;&#8221;][vc_column_inner width=&#8221;1\/2&#8243; offset=&#8221;vc_col-md-3&#8243;]        \n        <div class=\"icon_text\">\n            <div class=\"icon_text_image\">\n                <img width=\"36\" height=\"36\" src=\"https:\/\/ketner.dk\/aarhus\/wp-content\/uploads\/2021\/01\/icons-white-tools.svg\" class=\"attachment-full size-full\" alt=\"\" srcset=\"https:\/\/ketner.dk\/aarhus\/wp-content\/uploads\/sites\/6\/\/2021\/01\/icons-white-tools.svg 150w, https:\/\/ketner.dk\/aarhus\/wp-content\/uploads\/sites\/6\/\/2021\/01\/icons-white-tools.svg 300w, https:\/\/ketner.dk\/aarhus\/wp-content\/uploads\/sites\/6\/\/2021\/01\/icons-white-tools.svg 1024w, https:\/\/ketner.dk\/aarhus\/wp-content\/uploads\/sites\/6\/\/2021\/01\/icons-white-tools.svg 36w\" sizes=\"(max-width: 36px) 100vw, 36px\" \/>            <\/div>\n            <div class=\"icon_text_content\">\n                <h3>Professionelt<\/h3>\n                <p>Vores v\u00e6rksted i Aarhus har branchens bedste og mest avancerede testudstyr.<\/p>\n            <\/div>\n        <\/div>\n\n        [\/vc_column_inner][vc_column_inner width=&#8221;1\/2&#8243; offset=&#8221;vc_col-md-3&#8243;]        \n        <div class=\"icon_text\">\n            <div class=\"icon_text_image\">\n                <img width=\"36\" height=\"36\" src=\"https:\/\/ketner.dk\/aarhus\/wp-content\/uploads\/2021\/01\/icons-white-car.svg\" class=\"attachment-full size-full\" alt=\"\" srcset=\"https:\/\/ketner.dk\/aarhus\/wp-content\/uploads\/sites\/6\/\/2021\/01\/icons-white-car.svg 150w, https:\/\/ketner.dk\/aarhus\/wp-content\/uploads\/sites\/6\/\/2021\/01\/icons-white-car.svg 300w, https:\/\/ketner.dk\/aarhus\/wp-content\/uploads\/sites\/6\/\/2021\/01\/icons-white-car.svg 1024w, https:\/\/ketner.dk\/aarhus\/wp-content\/uploads\/sites\/6\/\/2021\/01\/icons-white-car.svg 36w\" sizes=\"(max-width: 36px) 100vw, 36px\" \/>            <\/div>\n            <div class=\"icon_text_content\">\n                <h3>Altid l\u00e5nebil<\/h3>\n                <p>Vi har altid en l\u00e5nebil klar til dig, s\u00e5 du er godt k\u00f8rende, mens din mekaniker i Aarhus tager sig af din bil.<\/p>\n            <\/div>\n        <\/div>\n\n        [\/vc_column_inner][vc_column_inner width=&#8221;1\/2&#8243; offset=&#8221;vc_col-md-3&#8243;]        \n        <div class=\"icon_text\">\n            <div class=\"icon_text_image\">\n                <img width=\"36\" height=\"36\" src=\"https:\/\/ketner.dk\/aarhus\/wp-content\/uploads\/2021\/01\/icons-white-list.svg\" class=\"attachment-full size-full\" alt=\"\" srcset=\"https:\/\/ketner.dk\/aarhus\/wp-content\/uploads\/sites\/6\/\/2021\/01\/icons-white-list.svg 150w, https:\/\/ketner.dk\/aarhus\/wp-content\/uploads\/sites\/6\/\/2021\/01\/icons-white-list.svg 300w, https:\/\/ketner.dk\/aarhus\/wp-content\/uploads\/sites\/6\/\/2021\/01\/icons-white-list.svg 1024w, https:\/\/ketner.dk\/aarhus\/wp-content\/uploads\/sites\/6\/\/2021\/01\/icons-white-list.svg 36w\" sizes=\"(max-width: 36px) 100vw, 36px\" \/>            <\/div>\n            <div class=\"icon_text_content\">\n                <h3>Serviceaftale<\/h3>\n                <p>P\u00e5 vores autov\u00e6rksted i Aarhus kan du tegne en fast serviceaftale. Den giver dig adgang til mange fordele billigt.<\/p>\n            <\/div>\n        <\/div>\n\n        [\/vc_column_inner][vc_column_inner width=&#8221;1\/2&#8243; offset=&#8221;vc_col-md-3&#8243;]        \n        <div class=\"icon_text\">\n            <div class=\"icon_text_image\">\n                <img width=\"36\" height=\"36\" src=\"https:\/\/ketner.dk\/aarhus\/wp-content\/uploads\/2021\/01\/icons-white-time-calendar.svg\" class=\"attachment-full size-full\" alt=\"\" srcset=\"https:\/\/ketner.dk\/aarhus\/wp-content\/uploads\/sites\/6\/\/2021\/01\/icons-white-time-calendar.svg 150w, https:\/\/ketner.dk\/aarhus\/wp-content\/uploads\/sites\/6\/\/2021\/01\/icons-white-time-calendar.svg 300w, https:\/\/ketner.dk\/aarhus\/wp-content\/uploads\/sites\/6\/\/2021\/01\/icons-white-time-calendar.svg 1024w, https:\/\/ketner.dk\/aarhus\/wp-content\/uploads\/sites\/6\/\/2021\/01\/icons-white-time-calendar.svg 36w\" sizes=\"(max-width: 36px) 100vw, 36px\" \/>            <\/div>\n            <div class=\"icon_text_content\">\n                <h3>Kort ventetid<\/h3>\n                <p>Vores bilv\u00e6rksted i Aarhus giver dig altid den hurtigst mulige service, s\u00e5 du ikke skal undv\u00e6re din bil l\u00e6nge.<\/p>\n            <\/div>\n        <\/div>\n\n        [\/vc_column_inner][\/vc_row_inner][vc_empty_space height=&#8221;40px&#8221;]<a id=\"kontakt\" itemprop=\"url\" href=\"#\" target=\"_self\"  class=\"qbutton  white default\" style=\"margin: 0 20px 0 0; \">Kontakt os<i class=\"qodef-icon-dripicons dripicon dripicons-chevron-right qode_button_icon_element\" style=\"\" ><\/i><\/a>[\/vc_column][\/vc_row][vc_row css_animation=&#8221;&#8221; row_type=&#8221;row&#8221; use_row_as_full_screen_section=&#8221;no&#8221; type=&#8221;grid&#8221; angled_section=&#8221;no&#8221; text_align=&#8221;left&#8221; background_image_as_pattern=&#8221;without_pattern&#8221; el_class=&#8221;padding80&#8243; css=&#8221;.vc_custom_1611736988930{background-color: #fffffe !important;}&#8221; z_index=&#8221;&#8221;][vc_column][vc_column_text]<\/p>\n<h2>Tegn en serviceaftale p\u00e5 din VW hos os i Viby og f\u00e5 mest ud af vores service<\/h2>\n<p>Vi vil gerne g\u00f8re det s\u00e5 nemt for dig at v\u00e6re bilejer. Og det betyder ogs\u00e5, at en tur p\u00e5 v\u00e6rksted ikke skal v\u00e6re en bekymring for dig. Vi tilbyder dig derfor at tegne en serviceaftale p\u00e5 din VW, s\u00e5 du slipper for overvejelser om ekstra udgifter til pleje og service af din bil. For en fast, m\u00e5nedlig ydelse giver vi dig serviceeftersyn, kontrol og meget mere. Du bestemmer helt selv varigheden af aftalen.<\/p>\n<p>Book en tid i dag \u2013 vi st\u00e5r altid klar til at hj\u00e6lpe.[\/vc_column_text][vc_empty_space height=&#8221;40px&#8221;]<a  itemprop=\"url\" href=\"https:\/\/ketner.dk\/aarhus\/servicebooking\/\" target=\"_self\"  class=\"qbutton  default\" style=\"margin: 0 20px 0 0; \">Book tid<i class=\"qodef-icon-dripicons dripicon dripicons-chevron-right qode_button_icon_element\" style=\"\" ><\/i><\/a><a id=\"bliv-ringet-op\" itemprop=\"url\" href=\"#\" target=\"_self\"  class=\"qbutton  white default\" style=\"margin: 0 20px 0 0; \">Bliv ringet op<i class=\"qodef-icon-dripicons dripicon dripicons-chevron-right qode_button_icon_element\" style=\"\" ><\/i><\/a>[\/vc_column][\/vc_row]<\/p>\n","protected":false},"excerpt":{"rendered":"<p>[vc_row css_animation=&#8221;&#8221; row_type=&#8221;row&#8221; use_row_as_full_screen_section=&#8221;no&#8221; type=&#8221;grid&#8221; angled_section=&#8221;no&#8221; text_align=&#8221;left&#8221; background_image_as_pattern=&#8221;without_pattern&#8221; el_class=&#8221;equal-height align-center&#8221; z_index=&#8221;&#8221; css=&#8221;.vc_custom_1611743526268{background-color: #fffffe !important;}&#8221;][vc_column el_class=&#8221;padding80 paddingright&#8221; offset=&#8221;vc_col-md-6&#8243;][vc_column_text] Professionel service af VW i Viby udf\u00f8rt af erfarne mekanikere P\u00e5 vores autov\u00e6rksted i Viby st\u00e5r vores dygtige mekanikere klar til at udf\u00f8re service p\u00e5 alle modeller af&#8230;<\/p>\n","protected":false},"author":1,"featured_media":0,"parent":1480,"menu_order":0,"comment_status":"closed","ping_status":"closed","template":"full_width.php","meta":[],"acf":[],"meta_title":"Service af VW i Viby udf\u00f8rt af erfarne mekanikere | Ketner ","meta_description":"Vi g\u00f8r det nemt for dig at have din bil p\u00e5 v\u00e6rksted. K\u00f8r forbi os i Viby i dag \u2013 vores teknikere st\u00e5r klar til at tage sig af din Volkswagen. ","focus_keyword":"","parent_slug":"vw","vc_single_images":[{"id":490,"url":"https:\/\/ketner.dk\/aarhus\/wp-content\/uploads\/2021\/02\/VW.jpg"}],"_links":{"self":[{"href":"https:\/\/ketner.dk\/aarhus\/wp-json\/wp\/v2\/pages\/2510"}],"collection":[{"href":"https:\/\/ketner.dk\/aarhus\/wp-json\/wp\/v2\/pages"}],"about":[{"href":"https:\/\/ketner.dk\/aarhus\/wp-json\/wp\/v2\/types\/page"}],"author":[{"embeddable":true,"href":"https:\/\/ketner.dk\/aarhus\/wp-json\/wp\/v2\/users\/1"}],"replies":[{"embeddable":true,"href":"https:\/\/ketner.dk\/aarhus\/wp-json\/wp\/v2\/comments?post=2510"}],"version-history":[{"count":8,"href":"https:\/\/ketner.dk\/aarhus\/wp-json\/wp\/v2\/pages\/2510\/revisions"}],"predecessor-version":[{"id":3438,"href":"https:\/\/ketner.dk\/aarhus\/wp-json\/wp\/v2\/pages\/2510\/revisions\/3438"}],"up":[{"embeddable":true,"href":"https:\/\/ketner.dk\/aarhus\/wp-json\/wp\/v2\/pages\/1480"}],"wp:attachment":[{"href":"https:\/\/ketner.dk\/aarhus\/wp-json\/wp\/v2\/media?parent=2510"}],"curies":[{"name":"wp","href":"https:\/\/api.w.org\/{rel}","templated":true}]}}