{"id":2514,"date":"2021-09-23T11:02:14","date_gmt":"2021-09-23T11:02:14","guid":{"rendered":"https:\/\/lazzatest.dk\/ketner\/aarhus\/?page_id=2514"},"modified":"2023-01-10T08:55:43","modified_gmt":"2023-01-10T08:55:43","slug":"brabrand","status":"publish","type":"page","link":"https:\/\/ketner.dk\/aarhus\/autovaerksted\/brabrand\/","title":{"rendered":"Autov\u00e6rksted Brabrand"},"content":{"rendered":"<p>[vc_row css_animation=&#8221;&#8221; row_type=&#8221;row&#8221; use_row_as_full_screen_section=&#8221;no&#8221; type=&#8221;grid&#8221; angled_section=&#8221;no&#8221; text_align=&#8221;left&#8221; background_image_as_pattern=&#8221;without_pattern&#8221; el_class=&#8221;equal-height align-center&#8221; z_index=&#8221;&#8221; css=&#8221;.vc_custom_1612447758829{background-color: #fffffe !important;}&#8221;][vc_column el_class=&#8221;padding80 paddingright&#8221; offset=&#8221;vc_col-md-6&#8243;][vc_column_text]<\/p>\n<h1>V\u00e6rksted ved Brabrand? Hurtig og professionel service og reparation af din bil hos Ketner Aarhus.<\/h1>\n<p>Det er sv\u00e6rt at undv\u00e6re sin bil, og derfor st\u00e5r vores erfarne mekanikere altid klar til at tage sig af din bil, i det \u00f8jeblik du indleverer den. Vores ekspertise og service er fuldst\u00e6ndig det samme som p\u00e5 et autoriseret v\u00e6rksted.<\/p>\n<p>Hos os er der bare ingen ventetid, og desuden giver vi dig prisgaranti p\u00e5 alle vores ydelser. Og s\u00e5 har vi det nyeste udstyr og stor teknisk knowhow, s\u00e5 vi kan overkomme ethvert problem, vi st\u00f8der p\u00e5. Leder du efter et bilv\u00e6rksted n\u00e6r Brabrand, kan du bes\u00f8ge Ketner Aarhus. Vi er beliggende p\u00e5 Jens Juuls Vej 6 i Viby. Kontakt os og bestil tid til din bil i dag.[\/vc_column_text][vc_empty_space height=&#8221;40px&#8221;]<a  itemprop=\"url\" href=\"https:\/\/ketner.dk\/aarhus\/servicebooking\/\" target=\"_self\"  class=\"qbutton  default\" style=\"margin: 0 20px 0 0; \">Book tid<i class=\"qodef-icon-dripicons dripicon dripicons-chevron-right qode_button_icon_element\" style=\"\" ><\/i><\/a><a id=\"bliv-ringet-op\" itemprop=\"url\" href=\"#\" target=\"_self\"  class=\"qbutton  white default\" style=\"margin: 0 20px 0 0; \">Bliv ringet op<i class=\"qodef-icon-dripicons dripicon dripicons-chevron-right qode_button_icon_element\" style=\"\" ><\/i><\/a>[vc_empty_space height=&#8221;40px&#8221;][\/vc_column][vc_column offset=&#8221;vc_col-md-6&#8243;][vc_single_image image=&#8221;1860&#8243; img_size=&#8221;full&#8221; style=&#8221;vc_box_rounded&#8221; qode_css_animation=&#8221;&#8221;][vc_empty_space height=&#8221;40px&#8221;][\/vc_column][\/vc_row][vc_row css_animation=&#8221;&#8221; row_type=&#8221;row&#8221; use_row_as_full_screen_section=&#8221;no&#8221; type=&#8221;grid&#8221; angled_section=&#8221;no&#8221; text_align=&#8221;left&#8221; background_image_as_pattern=&#8221;without_pattern&#8221; z_index=&#8221;&#8221; background_color=&#8221;#ffffff&#8221; el_class=&#8221;padding80&#8243; css=&#8221;.vc_custom_1630051197043{padding-top: 0px !important;}&#8221;][vc_column width=&#8221;1\/2&#8243; offset=&#8221;vc_col-md-4&#8243;]            <a href=\"https:\/\/ketner.dk\/aarhus\/specialer\/el-og-hybridbiler\/\">\n                <div class=\"linkbox\" style=\"background-color: #ffffff;\">\n                    <div class=\"linkbox_content\">\n                        <h4 style=\"color: ;\">El- og hybridbiler<\/h4>\n                        <p style=\"color: ;\"><\/p>\n                    <\/div>\n                    <div class=\"linkbox_icon\">\n                        <i class=\"fa fa-angle-right\" style=\"color: ;\"><\/i>\n                    <\/div>\n                <\/div>\n            <\/a>\n            [\/vc_column][vc_column width=&#8221;1\/2&#8243; offset=&#8221;vc_col-md-4&#8243;]            <a href=\"https:\/\/ketner.dk\/aarhus\/specialer\/skadecenter\/\">\n                <div class=\"linkbox\" style=\"background-color: #ffffff;\">\n                    <div class=\"linkbox_content\">\n                        <h4 style=\"color: ;\">Skadecenter<\/h4>\n                        <p style=\"color: ;\"><\/p>\n                    <\/div>\n                    <div class=\"linkbox_icon\">\n                        <i class=\"fa fa-angle-right\" style=\"color: ;\"><\/i>\n                    <\/div>\n                <\/div>\n            <\/a>\n            [\/vc_column][vc_column width=&#8221;1\/2&#8243; offset=&#8221;vc_col-md-4&#8243;]            <a href=\"https:\/\/ketner.dk\/aarhus\/specialer\/\">\n                <div class=\"linkbox\" style=\"background-color: #ffffff;\">\n                    <div class=\"linkbox_content\">\n                        <h4 style=\"color: ;\">Se vores specialer<\/h4>\n                        <p style=\"color: ;\"><\/p>\n                    <\/div>\n                    <div class=\"linkbox_icon\">\n                        <i class=\"fa fa-angle-right\" style=\"color: ;\"><\/i>\n                    <\/div>\n                <\/div>\n            <\/a>\n            [\/vc_column][\/vc_row][vc_row css_animation=&#8221;&#8221; row_type=&#8221;row&#8221; use_row_as_full_screen_section=&#8221;no&#8221; type=&#8221;grid&#8221; angled_section=&#8221;no&#8221; text_align=&#8221;left&#8221; background_image_as_pattern=&#8221;without_pattern&#8221; el_class=&#8221;padding80 equal-height align-center&#8221; css=&#8221;.vc_custom_1611737133965{background-color: #f0f0f0 !important;}&#8221; z_index=&#8221;&#8221;][vc_column offset=&#8221;vc_col-md-6&#8243;]        \n        <div class=\"image_grid-wrapper\">\n            <div class=\"image_grid\">\n                <div class=\"image_grid_item\"><img width=\"2100\" height=\"1575\" src=\"https:\/\/ketner.dk\/aarhus\/wp-content\/uploads\/2021\/09\/taendroer-1.jpg\" class=\"attachment-full size-full\" alt=\"\" \/><\/div><div class=\"image_grid_item\"><img width=\"1200\" height=\"837\" src=\"https:\/\/ketner.dk\/aarhus\/wp-content\/uploads\/2021\/01\/IMG_0610.jpg\" class=\"attachment-full size-full\" alt=\"\" srcset=\"https:\/\/ketner.dk\/aarhus\/wp-content\/uploads\/sites\/6\/2021\/01\/IMG_0610.jpg 1200w, https:\/\/ketner.dk\/aarhus\/wp-content\/uploads\/sites\/6\/2021\/01\/IMG_0610-300x209.jpg 300w, https:\/\/ketner.dk\/aarhus\/wp-content\/uploads\/sites\/6\/2021\/01\/IMG_0610-1024x714.jpg 1024w, https:\/\/ketner.dk\/aarhus\/wp-content\/uploads\/sites\/6\/2021\/01\/IMG_0610-768x536.jpg 768w, https:\/\/ketner.dk\/aarhus\/wp-content\/uploads\/sites\/6\/2021\/01\/IMG_0610-700x488.jpg 700w\" sizes=\"(max-width: 1200px) 100vw, 1200px\" \/><\/div><div class=\"image_grid_item\"><img width=\"1200\" height=\"900\" src=\"https:\/\/ketner.dk\/aarhus\/wp-content\/uploads\/2021\/01\/IMG_0620.jpg\" class=\"attachment-full size-full\" alt=\"\" srcset=\"https:\/\/ketner.dk\/aarhus\/wp-content\/uploads\/sites\/6\/2021\/01\/IMG_0620.jpg 1200w, https:\/\/ketner.dk\/aarhus\/wp-content\/uploads\/sites\/6\/2021\/01\/IMG_0620-300x225.jpg 300w, https:\/\/ketner.dk\/aarhus\/wp-content\/uploads\/sites\/6\/2021\/01\/IMG_0620-1024x768.jpg 1024w, https:\/\/ketner.dk\/aarhus\/wp-content\/uploads\/sites\/6\/2021\/01\/IMG_0620-768x576.jpg 768w, https:\/\/ketner.dk\/aarhus\/wp-content\/uploads\/sites\/6\/2021\/01\/IMG_0620-800x600.jpg 800w, https:\/\/ketner.dk\/aarhus\/wp-content\/uploads\/sites\/6\/2021\/01\/IMG_0620-700x525.jpg 700w\" sizes=\"(max-width: 1200px) 100vw, 1200px\" \/><\/div>            <\/div>\n        <\/div>\n\n        [vc_empty_space height=&#8221;40px&#8221;][\/vc_column][vc_column el_class=&#8221;paddingleft&#8221; offset=&#8221;vc_col-md-6&#8243;][vc_column_text]<\/p>\n<h2>Bes\u00f8g vores automekaniker omkring Brabrand for service eller reparation af din bil<\/h2>\n<p>Uanset hvilket problem du oplever med din bil, kan vi helt sikkert hj\u00e6lpe dig. Vores mekanikere har mange \u00e5rs erfaring i branchen, og vores liste af specialer er derfor omfattende. Blandt vores specialer finder du blandt andet udskiftning af bilglas, service af din bils aircondition og rensning af partikelfilter. Du kan se alle vores specialer i menuen foroven.<\/p>\n<p>P\u00e5 vores autov\u00e6rksted er flere af vores mekanikere efteruddannet hos Bosch Danmark. Det vil sige, at de besidder stor ekspertise inden for b\u00e5de teknik og mekanik, s\u00e5 de kan f\u00e5 dig trygt tilbage p\u00e5 vejene igen. Vi udf\u00f8rer alt arbejdet for dig, helt uden at du skal l\u00f8fte en finger. S\u00f8ger du et v\u00e6rksted omkring Brabrand, kan du bes\u00f8ge os i Aarhus. Her er der nemlig altid en l\u00e5nebil klar til dig. Vi vil nemlig gerne give dig en bekymringsfri oplevelse med en reparation af din bil.[\/vc_column_text][vc_empty_space height=&#8221;40px&#8221;]<a  itemprop=\"url\" href=\"https:\/\/ketner.dk\/aarhus\/servicebooking\/\" target=\"_self\"  class=\"qbutton  default\" style=\"margin: 0 20px 0 0; \">Book tid<i class=\"qodef-icon-dripicons dripicon dripicons-chevron-right qode_button_icon_element\" style=\"\" ><\/i><\/a><a id=\"bliv-ringet-op\" itemprop=\"url\" href=\"#\" target=\"_self\"  class=\"qbutton  white default\" style=\"margin: 0 20px 0 0; \">Bliv ringet op<i class=\"qodef-icon-dripicons dripicon dripicons-chevron-right qode_button_icon_element\" style=\"\" ><\/i><\/a>[\/vc_column][\/vc_row][vc_row css_animation=&#8221;&#8221; row_type=&#8221;row&#8221; use_row_as_full_screen_section=&#8221;no&#8221; type=&#8221;grid&#8221; angled_section=&#8221;no&#8221; text_align=&#8221;center&#8221; background_image_as_pattern=&#8221;without_pattern&#8221; el_class=&#8221;padding80&#8243; css=&#8221;.vc_custom_1609935864894{background-color: #002a3b !important;}&#8221; z_index=&#8221;&#8221;][vc_column][vc_row_inner row_type=&#8221;row&#8221; type=&#8221;full_width&#8221; text_align=&#8221;left&#8221; css_animation=&#8221;&#8221;][vc_column_inner width=&#8221;1\/2&#8243; offset=&#8221;vc_col-md-3&#8243;]        \n        <div class=\"icon_text\">\n            <div class=\"icon_text_image\">\n                <img width=\"36\" height=\"36\" src=\"https:\/\/ketner.dk\/aarhus\/wp-content\/uploads\/2021\/01\/icons-white-tools.svg\" class=\"attachment-full size-full\" alt=\"\" srcset=\"https:\/\/ketner.dk\/aarhus\/wp-content\/uploads\/sites\/6\/\/2021\/01\/icons-white-tools.svg 150w, https:\/\/ketner.dk\/aarhus\/wp-content\/uploads\/sites\/6\/\/2021\/01\/icons-white-tools.svg 300w, https:\/\/ketner.dk\/aarhus\/wp-content\/uploads\/sites\/6\/\/2021\/01\/icons-white-tools.svg 1024w, https:\/\/ketner.dk\/aarhus\/wp-content\/uploads\/sites\/6\/\/2021\/01\/icons-white-tools.svg 36w\" sizes=\"(max-width: 36px) 100vw, 36px\" \/>            <\/div>\n            <div class=\"icon_text_content\">\n                <h3>Professionelt<\/h3>\n                <p>Vores v\u00e6rksted i Aarhus har branchens bedste og mest avancerede testudstyr.<\/p>\n            <\/div>\n        <\/div>\n\n        [\/vc_column_inner][vc_column_inner width=&#8221;1\/2&#8243; offset=&#8221;vc_col-md-3&#8243;]        \n        <div class=\"icon_text\">\n            <div class=\"icon_text_image\">\n                <img width=\"36\" height=\"36\" src=\"https:\/\/ketner.dk\/aarhus\/wp-content\/uploads\/2021\/01\/icons-white-car.svg\" class=\"attachment-full size-full\" alt=\"\" srcset=\"https:\/\/ketner.dk\/aarhus\/wp-content\/uploads\/sites\/6\/\/2021\/01\/icons-white-car.svg 150w, https:\/\/ketner.dk\/aarhus\/wp-content\/uploads\/sites\/6\/\/2021\/01\/icons-white-car.svg 300w, https:\/\/ketner.dk\/aarhus\/wp-content\/uploads\/sites\/6\/\/2021\/01\/icons-white-car.svg 1024w, https:\/\/ketner.dk\/aarhus\/wp-content\/uploads\/sites\/6\/\/2021\/01\/icons-white-car.svg 36w\" sizes=\"(max-width: 36px) 100vw, 36px\" \/>            <\/div>\n            <div class=\"icon_text_content\">\n                <h3>Altid gratis l\u00e5nebil<\/h3>\n                <p>Vi har altid en l\u00e5nebil klar til dig, s\u00e5 du er godt k\u00f8rende, mens din mekaniker i Aarhus tager sig af din bil.<\/p>\n            <\/div>\n        <\/div>\n\n        [\/vc_column_inner][vc_column_inner width=&#8221;1\/2&#8243; offset=&#8221;vc_col-md-3&#8243;]        \n        <div class=\"icon_text\">\n            <div class=\"icon_text_image\">\n                <img width=\"36\" height=\"36\" src=\"https:\/\/ketner.dk\/aarhus\/wp-content\/uploads\/2021\/01\/icons-white-list.svg\" class=\"attachment-full size-full\" alt=\"\" srcset=\"https:\/\/ketner.dk\/aarhus\/wp-content\/uploads\/sites\/6\/\/2021\/01\/icons-white-list.svg 150w, https:\/\/ketner.dk\/aarhus\/wp-content\/uploads\/sites\/6\/\/2021\/01\/icons-white-list.svg 300w, https:\/\/ketner.dk\/aarhus\/wp-content\/uploads\/sites\/6\/\/2021\/01\/icons-white-list.svg 1024w, https:\/\/ketner.dk\/aarhus\/wp-content\/uploads\/sites\/6\/\/2021\/01\/icons-white-list.svg 36w\" sizes=\"(max-width: 36px) 100vw, 36px\" \/>            <\/div>\n            <div class=\"icon_text_content\">\n                <h3>Serviceaftale<\/h3>\n                <p>P\u00e5 vores autov\u00e6rksted i Aarhus kan du tegne en fast serviceaftale. Den giver dig adgang til mange fordele billigt.<\/p>\n            <\/div>\n        <\/div>\n\n        [\/vc_column_inner][vc_column_inner width=&#8221;1\/2&#8243; offset=&#8221;vc_col-md-3&#8243;]        \n        <div class=\"icon_text\">\n            <div class=\"icon_text_image\">\n                <img width=\"36\" height=\"36\" src=\"https:\/\/ketner.dk\/aarhus\/wp-content\/uploads\/2021\/01\/icons-white-time-calendar.svg\" class=\"attachment-full size-full\" alt=\"\" srcset=\"https:\/\/ketner.dk\/aarhus\/wp-content\/uploads\/sites\/6\/\/2021\/01\/icons-white-time-calendar.svg 150w, https:\/\/ketner.dk\/aarhus\/wp-content\/uploads\/sites\/6\/\/2021\/01\/icons-white-time-calendar.svg 300w, https:\/\/ketner.dk\/aarhus\/wp-content\/uploads\/sites\/6\/\/2021\/01\/icons-white-time-calendar.svg 1024w, https:\/\/ketner.dk\/aarhus\/wp-content\/uploads\/sites\/6\/\/2021\/01\/icons-white-time-calendar.svg 36w\" sizes=\"(max-width: 36px) 100vw, 36px\" \/>            <\/div>\n            <div class=\"icon_text_content\">\n                <h3>Ingen ventetid<\/h3>\n                <p>Vores bilv\u00e6rksted i Aarhus giver dig altid den hurtigst mulige service, s\u00e5 du ikke skal undv\u00e6re din bil l\u00e6nge.<\/p>\n            <\/div>\n        <\/div>\n\n        [\/vc_column_inner][\/vc_row_inner][vc_empty_space height=&#8221;40px&#8221;]<a id=\"kontakt\" itemprop=\"url\" href=\"#\" target=\"_self\"  class=\"qbutton  white default\" style=\"margin: 0 20px 0 0; \">Kontakt os<i class=\"qodef-icon-dripicons dripicon dripicons-chevron-right qode_button_icon_element\" style=\"\" ><\/i><\/a>[\/vc_column][\/vc_row][vc_row css_animation=&#8221;&#8221; row_type=&#8221;row&#8221; use_row_as_full_screen_section=&#8221;no&#8221; type=&#8221;grid&#8221; angled_section=&#8221;no&#8221; text_align=&#8221;left&#8221; background_image_as_pattern=&#8221;without_pattern&#8221; el_class=&#8221;padding80&#8243; css=&#8221;.vc_custom_1611736988930{background-color: #fffffe !important;}&#8221; z_index=&#8221;&#8221;][vc_column][vc_column_text]<\/p>\n<h3>Professionelt autov\u00e6rksted t\u00e6t ved Brabrand med stor erfaring indenfor branchen<\/h3>\n<p>S\u00f8ger du en automekaniker ved Brabrand, skal du k\u00f8re forbi vores afdeling i Aarhus. Her finder du os p\u00e5 Jens Juuls Vej 6 i Viby. I dag er vi samlet mere end 80 medarbejdere fordelt p\u00e5 fem afdelinger. Alle vores medarbejdere br\u00e6nder for teknik og mekanik, og vi garanterer, at der ikke er et problem, de ikke kan l\u00f8se.<\/p>\n<p>K\u00f8r din bil til service og reparation hos vores autov\u00e6rksted ved Brabrand. Vi gl\u00e6der os til at se dig.[\/vc_column_text][vc_empty_space height=&#8221;40px&#8221;]<a  itemprop=\"url\" href=\"https:\/\/ketner.dk\/aarhus\/servicebooking\/\" target=\"_self\"  class=\"qbutton  default\" style=\"margin: 0 20px 0 0; \">Book tid<i class=\"qodef-icon-dripicons dripicon dripicons-chevron-right qode_button_icon_element\" style=\"\" ><\/i><\/a><a id=\"bliv-ringet-op\" itemprop=\"url\" href=\"#\" target=\"_self\"  class=\"qbutton  white default\" style=\"margin: 0 20px 0 0; \">Bliv ringet op<i class=\"qodef-icon-dripicons dripicon dripicons-chevron-right qode_button_icon_element\" style=\"\" ><\/i><\/a>[\/vc_column][\/vc_row]<\/p>\n","protected":false},"excerpt":{"rendered":"<p>[vc_row css_animation=&#8221;&#8221; row_type=&#8221;row&#8221; use_row_as_full_screen_section=&#8221;no&#8221; type=&#8221;grid&#8221; angled_section=&#8221;no&#8221; text_align=&#8221;left&#8221; background_image_as_pattern=&#8221;without_pattern&#8221; el_class=&#8221;equal-height align-center&#8221; z_index=&#8221;&#8221; css=&#8221;.vc_custom_1612447758829{background-color: #fffffe !important;}&#8221;][vc_column el_class=&#8221;padding80 paddingright&#8221; offset=&#8221;vc_col-md-6&#8243;][vc_column_text] V\u00e6rksted ved Brabrand? Hurtig og professionel service og reparation af din bil hos Ketner Aarhus. Det er sv\u00e6rt at undv\u00e6re sin bil, og derfor st\u00e5r vores erfarne mekanikere&#8230;<\/p>\n","protected":false},"author":1,"featured_media":0,"parent":275,"menu_order":0,"comment_status":"closed","ping_status":"closed","template":"full_width.php","meta":[],"acf":[],"meta_title":"Autov\u00e6rksted i Brabrand | Kort ventetid | Ketner","meta_description":"S\u00f8ger du et v\u00e6rksted i Brabrand? Bes\u00f8g os hos Ketner Aarhus. Vi laver service og reparation af din bil. Med prisgaranti og med minimal ventetid. ","focus_keyword":"v\u00e6rksted brabrand","parent_slug":"autovaerksted","vc_single_images":[{"id":1860,"url":"https:\/\/ketner.dk\/aarhus\/wp-content\/uploads\/2021\/05\/ketner-hero-aarhus.jpg"}],"_links":{"self":[{"href":"https:\/\/ketner.dk\/aarhus\/wp-json\/wp\/v2\/pages\/2514"}],"collection":[{"href":"https:\/\/ketner.dk\/aarhus\/wp-json\/wp\/v2\/pages"}],"about":[{"href":"https:\/\/ketner.dk\/aarhus\/wp-json\/wp\/v2\/types\/page"}],"author":[{"embeddable":true,"href":"https:\/\/ketner.dk\/aarhus\/wp-json\/wp\/v2\/users\/1"}],"replies":[{"embeddable":true,"href":"https:\/\/ketner.dk\/aarhus\/wp-json\/wp\/v2\/comments?post=2514"}],"version-history":[{"count":11,"href":"https:\/\/ketner.dk\/aarhus\/wp-json\/wp\/v2\/pages\/2514\/revisions"}],"predecessor-version":[{"id":3034,"href":"https:\/\/ketner.dk\/aarhus\/wp-json\/wp\/v2\/pages\/2514\/revisions\/3034"}],"up":[{"embeddable":true,"href":"https:\/\/ketner.dk\/aarhus\/wp-json\/wp\/v2\/pages\/275"}],"wp:attachment":[{"href":"https:\/\/ketner.dk\/aarhus\/wp-json\/wp\/v2\/media?parent=2514"}],"curies":[{"name":"wp","href":"https:\/\/api.w.org\/{rel}","templated":true}]}}