{"id":2523,"date":"2021-09-23T11:14:03","date_gmt":"2021-09-23T11:14:03","guid":{"rendered":"https:\/\/lazzatest.dk\/ketner\/aarhus\/?page_id=2523"},"modified":"2021-10-13T13:36:22","modified_gmt":"2021-10-13T13:36:22","slug":"brabrand","status":"publish","type":"page","link":"https:\/\/ketner.dk\/aarhus\/specialer\/stenslag\/brabrand\/","title":{"rendered":"Stenslag Brabrand"},"content":{"rendered":"<p>[vc_row css_animation=&#8221;&#8221; row_type=&#8221;row&#8221; use_row_as_full_screen_section=&#8221;no&#8221; type=&#8221;grid&#8221; angled_section=&#8221;no&#8221; text_align=&#8221;left&#8221; background_image_as_pattern=&#8221;without_pattern&#8221; el_class=&#8221;equal-height align-center&#8221; z_index=&#8221;&#8221; css=&#8221;.vc_custom_1612447758829{background-color: #fffffe !important;}&#8221;][vc_column el_class=&#8221;padding80 paddingright&#8221; offset=&#8221;vc_col-md-6&#8243;][vc_column_text]<\/p>\n<h1>Reparation af stenslag ved Brabrand &#8211; uden ventetid<\/h1>\n<p>F\u00e5 ting er mere irriterende end at opdage, at forruden har f\u00e5et et stenslag. Sidder det lige midt i synsfeltet, er det endnu v\u00e6rre. Du beh\u00f8ver dog ikke at \u00e6rgre dig alt for l\u00e6nge, for den gode nyhed er, at det i langt de fleste tilf\u00e6lde er let at reparere et stenslag og s\u00f8rge for, at det ikke udvikler sig og bliver til en langt mere alvorlig skade. K\u00f8rer du rundt for l\u00e6nge med et stenslag i forruden \u2013 ogs\u00e5 bare et lille et af slagsen \u2013 er der nemlig risiko for, at der opst\u00e5r st\u00f8rre revner, som i sidste ende kan f\u00f8re til udskiftning af forruden.<\/p>\n<p>Det er ganske sm\u00e5 og banale ting, der kan forvandle et lille stenslag til en forrude, der skal skiftes og en dertilh\u00f8rende stor v\u00e6rkstedsregning. Fx betyder de sm\u00e5 rystelser fra bilens motor, at ruden kan sl\u00e5 revner omkring stenslaget. Derudover kan sm\u00e5sten og snavs s\u00e6tte sig fast i stenslaget og besv\u00e6rligg\u00f8re en reparation, ligesom sprinklerv\u00e6ske kan sive ind i ruden og skabe misfarvninger.[\/vc_column_text][vc_empty_space height=&#8221;40px&#8221;]<a  itemprop=\"url\" href=\"https:\/\/ketner.dk\/aarhus\/servicebooking\/\" target=\"_self\"  class=\"qbutton  default\" style=\"margin: 0 20px 0 0; \">Book tid<i class=\"qodef-icon-dripicons dripicon dripicons-chevron-right qode_button_icon_element\" style=\"\" ><\/i><\/a><a id=\"bliv-ringet-op\" itemprop=\"url\" href=\"#\" target=\"_self\"  class=\"qbutton  white default\" style=\"margin: 0 20px 0 0; \">Bliv ringet op<i class=\"qodef-icon-dripicons dripicon dripicons-chevron-right qode_button_icon_element\" style=\"\" ><\/i><\/a>[vc_empty_space height=&#8221;40px&#8221;][\/vc_column][vc_column offset=&#8221;vc_col-md-6&#8243;][vc_single_image image=&#8221;986&#8243; img_size=&#8221;full&#8221; style=&#8221;vc_box_rounded&#8221; qode_css_animation=&#8221;&#8221;][\/vc_column][\/vc_row][vc_row css_animation=&#8221;&#8221; row_type=&#8221;row&#8221; use_row_as_full_screen_section=&#8221;no&#8221; type=&#8221;grid&#8221; angled_section=&#8221;no&#8221; text_align=&#8221;left&#8221; background_image_as_pattern=&#8221;without_pattern&#8221; el_class=&#8221;padding80 equal-height align-center&#8221; css=&#8221;.vc_custom_1611737133965{background-color: #f0f0f0 !important;}&#8221; z_index=&#8221;&#8221;][vc_column offset=&#8221;vc_col-md-6&#8243;]        \n        <div class=\"image_grid-wrapper\">\n            <div class=\"image_grid\">\n                <div class=\"image_grid_item\"><img width=\"1024\" height=\"683\" src=\"https:\/\/ketner.dk\/aarhus\/wp-content\/uploads\/2021\/02\/chevrolet3.jpg\" class=\"attachment-full size-full\" alt=\"\" srcset=\"https:\/\/ketner.dk\/aarhus\/wp-content\/uploads\/sites\/6\/2021\/02\/chevrolet3.jpg 1024w, https:\/\/ketner.dk\/aarhus\/wp-content\/uploads\/sites\/6\/2021\/02\/chevrolet3-300x200.jpg 300w, https:\/\/ketner.dk\/aarhus\/wp-content\/uploads\/sites\/6\/2021\/02\/chevrolet3-768x512.jpg 768w, https:\/\/ketner.dk\/aarhus\/wp-content\/uploads\/sites\/6\/2021\/02\/chevrolet3-700x467.jpg 700w\" sizes=\"(max-width: 1024px) 100vw, 1024px\" \/><\/div><div class=\"image_grid_item\"><img width=\"1200\" height=\"800\" src=\"https:\/\/ketner.dk\/aarhus\/wp-content\/uploads\/2021\/02\/bilrude.jpg\" class=\"attachment-full size-full\" alt=\"\" srcset=\"https:\/\/ketner.dk\/aarhus\/wp-content\/uploads\/sites\/6\/2021\/02\/bilrude.jpg 1200w, https:\/\/ketner.dk\/aarhus\/wp-content\/uploads\/sites\/6\/2021\/02\/bilrude-300x200.jpg 300w, https:\/\/ketner.dk\/aarhus\/wp-content\/uploads\/sites\/6\/2021\/02\/bilrude-1024x683.jpg 1024w, https:\/\/ketner.dk\/aarhus\/wp-content\/uploads\/sites\/6\/2021\/02\/bilrude-768x512.jpg 768w, https:\/\/ketner.dk\/aarhus\/wp-content\/uploads\/sites\/6\/2021\/02\/bilrude-700x467.jpg 700w\" sizes=\"(max-width: 1200px) 100vw, 1200px\" \/><\/div><div class=\"image_grid_item\"><img width=\"1200\" height=\"801\" src=\"https:\/\/ketner.dk\/aarhus\/wp-content\/uploads\/2021\/02\/forrude1.jpg\" class=\"attachment-full size-full\" alt=\"\" srcset=\"https:\/\/ketner.dk\/aarhus\/wp-content\/uploads\/sites\/6\/2021\/02\/forrude1.jpg 1200w, https:\/\/ketner.dk\/aarhus\/wp-content\/uploads\/sites\/6\/2021\/02\/forrude1-300x200.jpg 300w, https:\/\/ketner.dk\/aarhus\/wp-content\/uploads\/sites\/6\/2021\/02\/forrude1-1024x684.jpg 1024w, https:\/\/ketner.dk\/aarhus\/wp-content\/uploads\/sites\/6\/2021\/02\/forrude1-768x513.jpg 768w, https:\/\/ketner.dk\/aarhus\/wp-content\/uploads\/sites\/6\/2021\/02\/forrude1-700x467.jpg 700w\" sizes=\"(max-width: 1200px) 100vw, 1200px\" \/><\/div>            <\/div>\n        <\/div>\n\n        [vc_empty_space height=&#8221;40px&#8221;][\/vc_column][vc_column el_class=&#8221;paddingleft&#8221; offset=&#8221;vc_col-md-6&#8243;][vc_column_text]<\/p>\n<h2>Hos Ketner ser vi p\u00e5 dit stenslag med det samme<\/h2>\n<p>Har du v\u00e6ret uheldig at f\u00e5 et stenslag i forruden, er du altid velkommen til at kigge forbi dit lokale Ketner-autov\u00e6rksted. Vi vil altid gerne se p\u00e5 dit stenslag, og i mange tilf\u00e6lde kan vi ogs\u00e5 reparere det med det samme. Skal der en udskiftning af forruden til, finder vi naturligvis ogs\u00e5 en tid til at klare dette for dig.<\/p>\n<p>Har du brug for en reparation af stenslag n\u00e6rheden af Brabrand, st\u00e5r vores v\u00e6rkf\u00f8rer altid klar til at tage imod dig og inspicere skaden p\u00e5 din bil.[\/vc_column_text][vc_empty_space height=&#8221;40px&#8221;]<a  itemprop=\"url\" href=\"https:\/\/ketner.dk\/aarhus\/servicebooking\/\" target=\"_self\"  class=\"qbutton  default\" style=\"margin: 0 20px 0 0; \">Book tid<i class=\"qodef-icon-dripicons dripicon dripicons-chevron-right qode_button_icon_element\" style=\"\" ><\/i><\/a><a id=\"bliv-ringet-op\" itemprop=\"url\" href=\"#\" target=\"_self\"  class=\"qbutton  white default\" style=\"margin: 0 20px 0 0; \">Bliv ringet op<i class=\"qodef-icon-dripicons dripicon dripicons-chevron-right qode_button_icon_element\" style=\"\" ><\/i><\/a>[\/vc_column][\/vc_row][vc_row css_animation=&#8221;&#8221; row_type=&#8221;row&#8221; use_row_as_full_screen_section=&#8221;no&#8221; type=&#8221;grid&#8221; angled_section=&#8221;no&#8221; text_align=&#8221;center&#8221; background_image_as_pattern=&#8221;without_pattern&#8221; el_class=&#8221;padding80&#8243; css=&#8221;.vc_custom_1609935864894{background-color: #002a3b !important;}&#8221; z_index=&#8221;&#8221;][vc_column][vc_row_inner row_type=&#8221;row&#8221; type=&#8221;full_width&#8221; text_align=&#8221;left&#8221; css_animation=&#8221;&#8221;][vc_column_inner width=&#8221;1\/2&#8243; offset=&#8221;vc_col-md-3&#8243;]        \n        <div class=\"icon_text\">\n            <div class=\"icon_text_image\">\n                <img width=\"36\" height=\"36\" src=\"https:\/\/ketner.dk\/aarhus\/wp-content\/uploads\/2021\/01\/icons-white-tools.svg\" class=\"attachment-full size-full\" alt=\"\" srcset=\"https:\/\/ketner.dk\/aarhus\/wp-content\/uploads\/sites\/6\/\/2021\/01\/icons-white-tools.svg 150w, https:\/\/ketner.dk\/aarhus\/wp-content\/uploads\/sites\/6\/\/2021\/01\/icons-white-tools.svg 300w, https:\/\/ketner.dk\/aarhus\/wp-content\/uploads\/sites\/6\/\/2021\/01\/icons-white-tools.svg 1024w, https:\/\/ketner.dk\/aarhus\/wp-content\/uploads\/sites\/6\/\/2021\/01\/icons-white-tools.svg 36w\" sizes=\"(max-width: 36px) 100vw, 36px\" \/>            <\/div>\n            <div class=\"icon_text_content\">\n                <h3>Professionelt<\/h3>\n                <p>Vores v\u00e6rksted i Aarhus har branchens bedste og mest avancerede testudstyr.<\/p>\n            <\/div>\n        <\/div>\n\n        [\/vc_column_inner][vc_column_inner width=&#8221;1\/2&#8243; offset=&#8221;vc_col-md-3&#8243;]        \n        <div class=\"icon_text\">\n            <div class=\"icon_text_image\">\n                <img width=\"36\" height=\"36\" src=\"https:\/\/ketner.dk\/aarhus\/wp-content\/uploads\/2021\/01\/icons-white-car.svg\" class=\"attachment-full size-full\" alt=\"\" srcset=\"https:\/\/ketner.dk\/aarhus\/wp-content\/uploads\/sites\/6\/\/2021\/01\/icons-white-car.svg 150w, https:\/\/ketner.dk\/aarhus\/wp-content\/uploads\/sites\/6\/\/2021\/01\/icons-white-car.svg 300w, https:\/\/ketner.dk\/aarhus\/wp-content\/uploads\/sites\/6\/\/2021\/01\/icons-white-car.svg 1024w, https:\/\/ketner.dk\/aarhus\/wp-content\/uploads\/sites\/6\/\/2021\/01\/icons-white-car.svg 36w\" sizes=\"(max-width: 36px) 100vw, 36px\" \/>            <\/div>\n            <div class=\"icon_text_content\">\n                <h3>Altid gratis l\u00e5nebil<\/h3>\n                <p>Vi har altid en l\u00e5nebil klar til dig, s\u00e5 du er godt k\u00f8rende, mens din mekaniker i Aarhus tager sig af din bil.<\/p>\n            <\/div>\n        <\/div>\n\n        [\/vc_column_inner][vc_column_inner width=&#8221;1\/2&#8243; offset=&#8221;vc_col-md-3&#8243;]        \n        <div class=\"icon_text\">\n            <div class=\"icon_text_image\">\n                <img width=\"36\" height=\"36\" src=\"https:\/\/ketner.dk\/aarhus\/wp-content\/uploads\/2021\/01\/icons-white-list.svg\" class=\"attachment-full size-full\" alt=\"\" srcset=\"https:\/\/ketner.dk\/aarhus\/wp-content\/uploads\/sites\/6\/\/2021\/01\/icons-white-list.svg 150w, https:\/\/ketner.dk\/aarhus\/wp-content\/uploads\/sites\/6\/\/2021\/01\/icons-white-list.svg 300w, https:\/\/ketner.dk\/aarhus\/wp-content\/uploads\/sites\/6\/\/2021\/01\/icons-white-list.svg 1024w, https:\/\/ketner.dk\/aarhus\/wp-content\/uploads\/sites\/6\/\/2021\/01\/icons-white-list.svg 36w\" sizes=\"(max-width: 36px) 100vw, 36px\" \/>            <\/div>\n            <div class=\"icon_text_content\">\n                <h3>Serviceaftale<\/h3>\n                <p>P\u00e5 vores autov\u00e6rksted i Aarhus kan du tegne en fast serviceaftale. Den giver dig adgang til mange fordele billigt.<\/p>\n            <\/div>\n        <\/div>\n\n        [\/vc_column_inner][vc_column_inner width=&#8221;1\/2&#8243; offset=&#8221;vc_col-md-3&#8243;]        \n        <div class=\"icon_text\">\n            <div class=\"icon_text_image\">\n                <img width=\"36\" height=\"36\" src=\"https:\/\/ketner.dk\/aarhus\/wp-content\/uploads\/2021\/01\/icons-white-time-calendar.svg\" class=\"attachment-full size-full\" alt=\"\" srcset=\"https:\/\/ketner.dk\/aarhus\/wp-content\/uploads\/sites\/6\/\/2021\/01\/icons-white-time-calendar.svg 150w, https:\/\/ketner.dk\/aarhus\/wp-content\/uploads\/sites\/6\/\/2021\/01\/icons-white-time-calendar.svg 300w, https:\/\/ketner.dk\/aarhus\/wp-content\/uploads\/sites\/6\/\/2021\/01\/icons-white-time-calendar.svg 1024w, https:\/\/ketner.dk\/aarhus\/wp-content\/uploads\/sites\/6\/\/2021\/01\/icons-white-time-calendar.svg 36w\" sizes=\"(max-width: 36px) 100vw, 36px\" \/>            <\/div>\n            <div class=\"icon_text_content\">\n                <h3>Ingen ventetid<\/h3>\n                <p>Vores bilv\u00e6rksted i Aarhus giver dig altid den hurtigst mulige service, s\u00e5 du ikke skal undv\u00e6re din bil l\u00e6nge.<\/p>\n            <\/div>\n        <\/div>\n\n        [\/vc_column_inner][\/vc_row_inner][vc_empty_space height=&#8221;40px&#8221;]<a id=\"kontakt\" itemprop=\"url\" href=\"#\" target=\"_self\"  class=\"qbutton  white default\" style=\"margin: 0 20px 0 0; \">Kontakt os<i class=\"qodef-icon-dripicons dripicon dripicons-chevron-right qode_button_icon_element\" style=\"\" ><\/i><\/a>[\/vc_column][\/vc_row][vc_row css_animation=&#8221;&#8221; row_type=&#8221;row&#8221; use_row_as_full_screen_section=&#8221;no&#8221; type=&#8221;grid&#8221; angled_section=&#8221;no&#8221; text_align=&#8221;left&#8221; background_image_as_pattern=&#8221;without_pattern&#8221; el_class=&#8221;padding80&#8243; css=&#8221;.vc_custom_1611736988930{background-color: #fffffe !important;}&#8221; z_index=&#8221;&#8221;][vc_column][vc_column_text]<\/p>\n<h3>Bestil tid til reparation af stenslag n\u00e6r Brabrand i dag<\/h3>\n<p>Er skaden sket, er det bedre at kontakte os i dag end i morgen. En rettidig reparation af et stenslag kan i sidste ende spare dig for mange penge, fordi ruden ikke skal skiftes ud. \u00d8nsker du at bestille en tid, kan du g\u00f8re det online \u2013 og ellers er du selvf\u00f8lgelig velkommen til at svinge forbi vores autov\u00e6rksted ved Brabrand.<\/p>\n<p>Vi gl\u00e6der os til at tage imod dig.[\/vc_column_text][vc_empty_space height=&#8221;40px&#8221;]<a  itemprop=\"url\" href=\"https:\/\/ketner.dk\/aarhus\/servicebooking\/\" target=\"_self\"  class=\"qbutton  default\" style=\"margin: 0 20px 0 0; \">Book tid<i class=\"qodef-icon-dripicons dripicon dripicons-chevron-right qode_button_icon_element\" style=\"\" ><\/i><\/a><a id=\"bliv-ringet-op\" itemprop=\"url\" href=\"#\" target=\"_self\"  class=\"qbutton  white default\" style=\"margin: 0 20px 0 0; \">Bliv ringet op<i class=\"qodef-icon-dripicons dripicon dripicons-chevron-right qode_button_icon_element\" style=\"\" ><\/i><\/a>[\/vc_column][\/vc_row]<\/p>\n","protected":false},"excerpt":{"rendered":"<p>[vc_row css_animation=&#8221;&#8221; row_type=&#8221;row&#8221; use_row_as_full_screen_section=&#8221;no&#8221; type=&#8221;grid&#8221; angled_section=&#8221;no&#8221; text_align=&#8221;left&#8221; background_image_as_pattern=&#8221;without_pattern&#8221; el_class=&#8221;equal-height align-center&#8221; z_index=&#8221;&#8221; css=&#8221;.vc_custom_1612447758829{background-color: #fffffe !important;}&#8221;][vc_column el_class=&#8221;padding80 paddingright&#8221; offset=&#8221;vc_col-md-6&#8243;][vc_column_text] Reparation af stenslag ved Brabrand &#8211; uden ventetid F\u00e5 ting er mere irriterende end at opdage, at forruden har f\u00e5et et stenslag. Sidder det lige midt i synsfeltet,&#8230;<\/p>\n","protected":false},"author":1,"featured_media":0,"parent":985,"menu_order":0,"comment_status":"closed","ping_status":"closed","template":"full_width.php","meta":[],"acf":[],"meta_title":"Reparation af stenslag n\u00e6r Brabrand | Hurtigt og effektivt | Ketner","meta_description":"Er du s\u00e5 uheldig, at du har f\u00e5et et af de \u00e6rgerlige stenslag p\u00e5 forruden? Kontakt Ketner i dag for at f\u00e5 set p\u00e5 dit stenslag p\u00e5 vores v\u00e6rksted ved Brabrand.","focus_keyword":"stenslag","parent_slug":"stenslag","vc_single_images":[{"id":986,"url":"https:\/\/ketner.dk\/aarhus\/wp-content\/uploads\/2021\/02\/forrude.jpg"}],"_links":{"self":[{"href":"https:\/\/ketner.dk\/aarhus\/wp-json\/wp\/v2\/pages\/2523"}],"collection":[{"href":"https:\/\/ketner.dk\/aarhus\/wp-json\/wp\/v2\/pages"}],"about":[{"href":"https:\/\/ketner.dk\/aarhus\/wp-json\/wp\/v2\/types\/page"}],"author":[{"embeddable":true,"href":"https:\/\/ketner.dk\/aarhus\/wp-json\/wp\/v2\/users\/1"}],"replies":[{"embeddable":true,"href":"https:\/\/ketner.dk\/aarhus\/wp-json\/wp\/v2\/comments?post=2523"}],"version-history":[{"count":10,"href":"https:\/\/ketner.dk\/aarhus\/wp-json\/wp\/v2\/pages\/2523\/revisions"}],"predecessor-version":[{"id":2815,"href":"https:\/\/ketner.dk\/aarhus\/wp-json\/wp\/v2\/pages\/2523\/revisions\/2815"}],"up":[{"embeddable":true,"href":"https:\/\/ketner.dk\/aarhus\/wp-json\/wp\/v2\/pages\/985"}],"wp:attachment":[{"href":"https:\/\/ketner.dk\/aarhus\/wp-json\/wp\/v2\/media?parent=2523"}],"curies":[{"name":"wp","href":"https:\/\/api.w.org\/{rel}","templated":true}]}}