{"id":265,"date":"2021-01-27T11:41:47","date_gmt":"2021-01-27T11:41:47","guid":{"rendered":"https:\/\/lazzatest.dk\/ketner\/aarhus\/?page_id=265"},"modified":"2025-09-16T12:07:54","modified_gmt":"2025-09-16T12:07:54","slug":"faelg-renovering","status":"publish","type":"page","link":"https:\/\/ketner.dk\/aarhus\/specialer\/faelg-renovering\/","title":{"rendered":"F\u00e6lg renovering"},"content":{"rendered":"<p>[vc_row css_animation=&#8221;&#8221; row_type=&#8221;row&#8221; use_row_as_full_screen_section=&#8221;no&#8221; type=&#8221;grid&#8221; angled_section=&#8221;no&#8221; text_align=&#8221;left&#8221; background_image_as_pattern=&#8221;without_pattern&#8221; el_class=&#8221;equal-height align-center&#8221; z_index=&#8221;&#8221; css=&#8221;.vc_custom_1621257023981{background-color: #f0f0f0 !important;}&#8221;][vc_column el_class=&#8221;padding80 paddingright&#8221; offset=&#8221;vc_col-md-6&#8243;][vc_column_text]<\/p>\n<h1>Professionel renovering og reparation af aluf\u00e6lge<\/h1>\n<p>Har du v\u00e6ret s\u00e5 uheldig, at dine flotte f\u00e6lge har f\u00e5et nogle \u00e6rgerlige, tydelige ridser eller er blevet sl\u00e5et ud af form ved p\u00e5k\u00f8rsel? Bare rolig \u2013 hos Ketner er vi et f\u00f8rende v\u00e6rksted inden for renovering af alle g\u00e6ngse typer af f\u00e6lge. S\u00e5 kan du m\u00e5ske undg\u00e5 at investere i nogle helt nye, som i v\u00e6rste fald kan koste dig mange penge. Og du kan bevare de originale f\u00e6lge.<\/p>\n<p>Vi har ogs\u00e5 mulighed for at lakere dine f\u00e6lge eller lave reparationer af lakskader. P\u00e5 den m\u00e5de kan vi hj\u00e6lpe dig med at bevare og vedligeholde dine originale f\u00e6lge til din bil.<\/p>\n<p>Kontakt os allerede i dag og f\u00e5 et uforpligtende tilbud. Udfyld nedenst\u00e5ende formular og vedl\u00e6g foto, s\u00e5 vi kan vurdere skadens omfang. S\u00e5 vender vi hurtigt tilbage med en pris.[\/vc_column_text][vc_empty_space height=&#8221;40px&#8221;]<a  itemprop=\"url\" href=\"https:\/\/ketner.dk\/aarhus\/faelgrenovering-tilbud\/\" target=\"_self\"  class=\"qbutton  default\" style=\"margin: 0 20px 0 0; \">F\u00e5 et tilbud<i class=\"qodef-icon-dripicons dripicon dripicons-chevron-right qode_button_icon_element\" style=\"\" ><\/i><\/a><a id=\"bliv-ringet-op\" itemprop=\"url\" href=\"#\" target=\"_self\"  class=\"qbutton  white default\" style=\"margin: 0 20px 0 0; \">Bliv ringet op<i class=\"qodef-icon-dripicons dripicon dripicons-chevron-right qode_button_icon_element\" style=\"\" ><\/i><\/a>[vc_empty_space height=&#8221;40px&#8221;][\/vc_column][vc_column el_class=&#8221;video-container&#8221; offset=&#8221;vc_col-md-6&#8243;]\n                \n        <div class=\"youtube-wrapper\">\n            <div class=\"youtube overlay \" data-embed=\"aHRcJNpFCpw\">\n\t\t\t\t<div class=\"play-button\">\n\t\t\t\t\t<svg class=\"circle\" xmlns=\"http:\/\/www.w3.org\/2000\/svg\">\n\t\t\t\t\t\t<g>\n\t\t\t\t\t\t\t<ellipse class=\"background\" ry=\"40\" rx=\"40\" cy=\"42\" cx=\"42\" stroke-width=\"2\"\/>\n\t\t\t\t\t\t\t<polygon class=\"play-icon\" points=\"52,43 34,52 34,34\" \/>\n\t\t\t\t\t\t<\/g>\n\t\t\t\t\t<\/svg>\n\t\t\t\t\t<p>Se hvordan vi renovere en f\u00e6lg<\/p>\n                <\/div>\n                \t\t\t<\/div>\n\t\t<\/div>\n\n        [\/vc_column][\/vc_row][vc_row css_animation=&#8221;&#8221; row_type=&#8221;row&#8221; use_row_as_full_screen_section=&#8221;no&#8221; type=&#8221;grid&#8221; angled_section=&#8221;no&#8221; text_align=&#8221;left&#8221; background_image_as_pattern=&#8221;without_pattern&#8221; el_class=&#8221;padding80 equal-height align-center&#8221; z_index=&#8221;&#8221; css=&#8221;.vc_custom_1621257037078{background-color: #fffffe !important;}&#8221;][vc_column offset=&#8221;vc_col-md-6&#8243;]        \n        <div class=\"image_grid-wrapper\">\n            <div class=\"image_grid\">\n                <div class=\"image_grid_item\"><img width=\"1200\" height=\"1200\" src=\"https:\/\/ketner.dk\/aarhus\/wp-content\/uploads\/2021\/02\/Faelgrenoveringsmaskine.jpg\" class=\"attachment-full size-full\" alt=\"\" srcset=\"https:\/\/ketner.dk\/aarhus\/wp-content\/uploads\/sites\/6\/2021\/02\/Faelgrenoveringsmaskine.jpg 1200w, https:\/\/ketner.dk\/aarhus\/wp-content\/uploads\/sites\/6\/2021\/02\/Faelgrenoveringsmaskine-300x300.jpg 300w, https:\/\/ketner.dk\/aarhus\/wp-content\/uploads\/sites\/6\/2021\/02\/Faelgrenoveringsmaskine-1024x1024.jpg 1024w, https:\/\/ketner.dk\/aarhus\/wp-content\/uploads\/sites\/6\/2021\/02\/Faelgrenoveringsmaskine-150x150.jpg 150w, https:\/\/ketner.dk\/aarhus\/wp-content\/uploads\/sites\/6\/2021\/02\/Faelgrenoveringsmaskine-768x768.jpg 768w, https:\/\/ketner.dk\/aarhus\/wp-content\/uploads\/sites\/6\/2021\/02\/Faelgrenoveringsmaskine-576x576.jpg 576w, https:\/\/ketner.dk\/aarhus\/wp-content\/uploads\/sites\/6\/2021\/02\/Faelgrenoveringsmaskine-570x570.jpg 570w, https:\/\/ketner.dk\/aarhus\/wp-content\/uploads\/sites\/6\/2021\/02\/Faelgrenoveringsmaskine-500x500.jpg 500w, https:\/\/ketner.dk\/aarhus\/wp-content\/uploads\/sites\/6\/2021\/02\/Faelgrenoveringsmaskine-1000x1000.jpg 1000w, https:\/\/ketner.dk\/aarhus\/wp-content\/uploads\/sites\/6\/2021\/02\/Faelgrenoveringsmaskine-700x700.jpg 700w\" sizes=\"(max-width: 1200px) 100vw, 1200px\" \/><\/div><div class=\"image_grid_item\"><img width=\"1200\" height=\"675\" src=\"https:\/\/ketner.dk\/aarhus\/wp-content\/uploads\/2021\/01\/BMW-faelg.jpg\" class=\"attachment-full size-full\" alt=\"\" srcset=\"https:\/\/ketner.dk\/aarhus\/wp-content\/uploads\/sites\/6\/2021\/01\/BMW-faelg.jpg 1200w, https:\/\/ketner.dk\/aarhus\/wp-content\/uploads\/sites\/6\/2021\/01\/BMW-faelg-300x169.jpg 300w, https:\/\/ketner.dk\/aarhus\/wp-content\/uploads\/sites\/6\/2021\/01\/BMW-faelg-1024x576.jpg 1024w, https:\/\/ketner.dk\/aarhus\/wp-content\/uploads\/sites\/6\/2021\/01\/BMW-faelg-768x432.jpg 768w, https:\/\/ketner.dk\/aarhus\/wp-content\/uploads\/sites\/6\/2021\/01\/BMW-faelg-700x394.jpg 700w, https:\/\/ketner.dk\/aarhus\/wp-content\/uploads\/sites\/6\/2021\/01\/BMW-faelg-539x303.jpg 539w\" sizes=\"(max-width: 1200px) 100vw, 1200px\" \/><\/div><div class=\"image_grid_item\"><img width=\"1077\" height=\"1078\" src=\"https:\/\/ketner.dk\/aarhus\/wp-content\/uploads\/2021\/02\/Afdrejning.jpg\" class=\"attachment-full size-full\" alt=\"\" srcset=\"https:\/\/ketner.dk\/aarhus\/wp-content\/uploads\/sites\/6\/2021\/02\/Afdrejning.jpg 1077w, https:\/\/ketner.dk\/aarhus\/wp-content\/uploads\/sites\/6\/2021\/02\/Afdrejning-300x300.jpg 300w, https:\/\/ketner.dk\/aarhus\/wp-content\/uploads\/sites\/6\/2021\/02\/Afdrejning-1024x1024.jpg 1024w, https:\/\/ketner.dk\/aarhus\/wp-content\/uploads\/sites\/6\/2021\/02\/Afdrejning-150x150.jpg 150w, https:\/\/ketner.dk\/aarhus\/wp-content\/uploads\/sites\/6\/2021\/02\/Afdrejning-768x769.jpg 768w, https:\/\/ketner.dk\/aarhus\/wp-content\/uploads\/sites\/6\/2021\/02\/Afdrejning-576x576.jpg 576w, https:\/\/ketner.dk\/aarhus\/wp-content\/uploads\/sites\/6\/2021\/02\/Afdrejning-570x570.jpg 570w, https:\/\/ketner.dk\/aarhus\/wp-content\/uploads\/sites\/6\/2021\/02\/Afdrejning-500x500.jpg 500w, https:\/\/ketner.dk\/aarhus\/wp-content\/uploads\/sites\/6\/2021\/02\/Afdrejning-1000x1000.jpg 1000w, https:\/\/ketner.dk\/aarhus\/wp-content\/uploads\/sites\/6\/2021\/02\/Afdrejning-700x701.jpg 700w\" sizes=\"(max-width: 1077px) 100vw, 1077px\" \/><\/div>            <\/div>\n        <\/div>\n\n        [vc_empty_space height=&#8221;40px&#8221;][\/vc_column][vc_column el_class=&#8221;paddingleft&#8221; offset=&#8221;vc_col-md-6&#8243;][vc_column_text]<\/p>\n<h2>F\u00f8rende inden for reparation af aluf\u00e6lge i Aarhus og omegn<\/h2>\n<p>Hos Ketner har vi et helt utal af forskellige specialer, og et af de mest popul\u00e6re er vores f\u00e6lgrenoveringsservice. Her g\u00f8r vi nemlig brug af det bedst tilg\u00e6ngelige udstyr i branchen, som kan klare alle typer af skader p\u00e5 f\u00e6lge, der overhovedet kan blive renoveret.<\/p>\n<p>Det kan v\u00e6re en stor hj\u00e6lp for dig, som har v\u00e6ret godt tilfreds med dine nuv\u00e6rende f\u00e6lge og \u00f8nsker at unders\u00f8ge muligheden for at f\u00e5 dem repareret \u2013 en noget billigere investering end at skulle ud og finde et nyt og tilsvarende s\u00e6t, hvis det overhovedet er muligt.<\/p>\n<p>Vores erfaring med f\u00e6lg-renovering hos Ketner giver os mulighed for at rette op p\u00e5 mange forskellige skader. Vi kan blandt andet afdreje dine f\u00e6lge med en enorm n\u00f8jagtighed, s\u00e5 de ser spritnye og skinnende ud igen. Vi har ogs\u00e5 mulighed for at reparere lakskader ved hj\u00e6lp af professionel spr\u00f8jtelakering.[\/vc_column_text][vc_empty_space height=&#8221;40px&#8221;]<a  itemprop=\"url\" href=\"https:\/\/ketner.dk\/aarhus\/faelgrenovering-tilbud\/\" target=\"_self\"  class=\"qbutton  default\" style=\"margin: 0 20px 0 0; \">F\u00e5 et tilbud<i class=\"qodef-icon-dripicons dripicon dripicons-chevron-right qode_button_icon_element\" style=\"\" ><\/i><\/a><a id=\"bliv-ringet-op\" itemprop=\"url\" href=\"#\" target=\"_self\"  class=\"qbutton  white default\" style=\"margin: 0 20px 0 0; \">Bliv ringet op<i class=\"qodef-icon-dripicons dripicon dripicons-chevron-right qode_button_icon_element\" style=\"\" ><\/i><\/a>[\/vc_column][\/vc_row]<\/p>\n","protected":false},"excerpt":{"rendered":"<p>[vc_row css_animation=&#8221;&#8221; row_type=&#8221;row&#8221; use_row_as_full_screen_section=&#8221;no&#8221; type=&#8221;grid&#8221; angled_section=&#8221;no&#8221; text_align=&#8221;left&#8221; background_image_as_pattern=&#8221;without_pattern&#8221; el_class=&#8221;equal-height align-center&#8221; z_index=&#8221;&#8221; css=&#8221;.vc_custom_1621257023981{background-color: #f0f0f0 !important;}&#8221;][vc_column el_class=&#8221;padding80 paddingright&#8221; offset=&#8221;vc_col-md-6&#8243;][vc_column_text] Professionel renovering og reparation af aluf\u00e6lge Har du v\u00e6ret s\u00e5 uheldig, at dine flotte f\u00e6lge har f\u00e5et nogle \u00e6rgerlige, tydelige ridser eller er blevet sl\u00e5et ud af form&#8230;<\/p>\n","protected":false},"author":1,"featured_media":0,"parent":267,"menu_order":0,"comment_status":"closed","ping_status":"closed","template":"full_width.php","meta":[],"acf":[],"_links":{"self":[{"href":"https:\/\/ketner.dk\/aarhus\/wp-json\/wp\/v2\/pages\/265"}],"collection":[{"href":"https:\/\/ketner.dk\/aarhus\/wp-json\/wp\/v2\/pages"}],"about":[{"href":"https:\/\/ketner.dk\/aarhus\/wp-json\/wp\/v2\/types\/page"}],"author":[{"embeddable":true,"href":"https:\/\/ketner.dk\/aarhus\/wp-json\/wp\/v2\/users\/1"}],"replies":[{"embeddable":true,"href":"https:\/\/ketner.dk\/aarhus\/wp-json\/wp\/v2\/comments?post=265"}],"version-history":[{"count":28,"href":"https:\/\/ketner.dk\/aarhus\/wp-json\/wp\/v2\/pages\/265\/revisions"}],"predecessor-version":[{"id":3441,"href":"https:\/\/ketner.dk\/aarhus\/wp-json\/wp\/v2\/pages\/265\/revisions\/3441"}],"up":[{"embeddable":true,"href":"https:\/\/ketner.dk\/aarhus\/wp-json\/wp\/v2\/pages\/267"}],"wp:attachment":[{"href":"https:\/\/ketner.dk\/aarhus\/wp-json\/wp\/v2\/media?parent=265"}],"curies":[{"name":"wp","href":"https:\/\/api.w.org\/{rel}","templated":true}]}}