{"id":1748,"date":"2021-05-12T16:24:21","date_gmt":"2021-05-12T16:24:21","guid":{"rendered":"https:\/\/lazzatest.dk\/ketner\/?page_id=1748"},"modified":"2025-07-11T08:46:51","modified_gmt":"2025-07-11T08:46:51","slug":"el-og-hybridbiler","status":"publish","type":"page","link":"https:\/\/ketner.dk\/herning\/specialer\/el-og-hybridbiler\/","title":{"rendered":"El- og hybridbiler"},"content":{"rendered":"<p>[vc_row css_animation=&#8221;&#8221; row_type=&#8221;row&#8221; use_row_as_full_screen_section=&#8221;no&#8221; type=&#8221;grid&#8221; angled_section=&#8221;no&#8221; text_align=&#8221;left&#8221; background_image_as_pattern=&#8221;without_pattern&#8221; el_class=&#8221;equal-height align-center&#8221; z_index=&#8221;&#8221; css=&#8221;.vc_custom_1612447758829{background-color: #fffffe !important;}&#8221;][vc_column el_class=&#8221;padding80 paddingright&#8221; offset=&#8221;vc_col-md-6&#8243;][vc_column_text]<\/p>\n<h1>Dit specialistv\u00e6rksted i el- og hybridbiler<\/h1>\n<p>Som vores samfund bev\u00e6ger sig mod en mere b\u00e6redygtig fremtid med elektriske og hybridbiler, er det vigtigt at have nogen, der ved, hvordan de fungerer, og vigtigere, hvordan man arbejder specifikt p\u00e5 dem. Hos Ketner er et af vores specialer hybrid- og elbiler, s\u00e5 du kan roligt k\u00f8re forbi et af vores v\u00e6rksteder med din elbil \u2013 vi st\u00e5r klar til at tage imod dig.<\/p>\n<p>Lige siden hybrid- og elbiler er kommet til Danmark, er vi hos Ketner blevet uddannet og vores mekanikere tr\u00e6ner l\u00f8bende i den teknologi, der f\u00f8lger med disse typer af k\u00f8ret\u00f8jer. Ikke alle v\u00e6rksteder kan reparere og udf\u00f8re service p\u00e5 elektriske og hybridbiler, men det kan vi hos Ketner. Vi kan blandt andet udskifte batterier, reparere k\u00f8lesystemer og meget mere, fordi vi har investeret i det rette specialv\u00e6rkt\u00f8j og godkendt sikkerhedsudstyr, som g\u00f8r os i stand til at servicere alle typer el- og hybridbiler.[\/vc_column_text][vc_empty_space height=&#8221;40px&#8221;]<a  itemprop=\"url\" href=\"https:\/\/ketner.dk\/herning\/servicebooking\/\" target=\"_self\"  class=\"qbutton  default\" style=\"margin: 0 20px 0 0; \">Book tid<i class=\"qodef-icon-dripicons dripicon dripicons-chevron-right qode_button_icon_element\" style=\"\" ><\/i><\/a><a id=\"bliv-ringet-op\" itemprop=\"url\" href=\"#\" target=\"_self\"  class=\"qbutton  white default\" style=\"margin: 0 20px 0 0; \">Bliv ringet op<i class=\"qodef-icon-dripicons dripicon dripicons-chevron-right qode_button_icon_element\" style=\"\" ><\/i><\/a>[vc_empty_space height=&#8221;40px&#8221;][\/vc_column][vc_column offset=&#8221;vc_col-md-6&#8243;][vc_video link=&#8221;https:\/\/youtu.be\/0enTR4ZkBcc?si=I-A8DjOQKlCZLwDe&#8221;][\/vc_column][\/vc_row][vc_row css_animation=&#8221;&#8221; row_type=&#8221;row&#8221; use_row_as_full_screen_section=&#8221;no&#8221; type=&#8221;grid&#8221; angled_section=&#8221;no&#8221; text_align=&#8221;left&#8221; background_image_as_pattern=&#8221;without_pattern&#8221; el_class=&#8221;padding80 equal-height align-center&#8221; css=&#8221;.vc_custom_1611737133965{background-color: #f0f0f0 !important;}&#8221; z_index=&#8221;&#8221;][vc_column offset=&#8221;vc_col-md-6&#8243;]        \n        <div class=\"image_grid-wrapper\">\n            <div class=\"image_grid\">\n                <div class=\"image_grid_item\"><img width=\"1024\" height=\"768\" src=\"https:\/\/ketner.dk\/herning\/wp-content\/uploads\/2021\/05\/E-Golf.jpg\" class=\"attachment-full size-full\" alt=\"\" \/><\/div><div class=\"image_grid_item\"><img width=\"1024\" height=\"768\" src=\"https:\/\/ketner.dk\/herning\/wp-content\/uploads\/2021\/05\/Renault-el.jpg\" class=\"attachment-full size-full\" alt=\"\" \/><\/div><div class=\"image_grid_item\"><img width=\"1024\" height=\"768\" src=\"https:\/\/ketner.dk\/herning\/wp-content\/uploads\/2021\/05\/tesla-1.jpg\" class=\"attachment-full size-full\" alt=\"\" \/><\/div>            <\/div>\n        <\/div>\n\n        [vc_empty_space height=&#8221;40px&#8221;][\/vc_column][vc_column el_class=&#8221;paddingleft&#8221; offset=&#8221;vc_col-md-6&#8243;][vc_column_text]<\/p>\n<h2>Uddannede mekanikere med speciale i hybrid- og elbiler<\/h2>\n<p>\u00c5rsagen til, at ikke alle kan arbejde p\u00e5 disse typer biler er, at deres systemer fungerer anderledes end en bil, der kun k\u00f8rer p\u00e5 benzin eller diesel. Derfor skal du have en specifik viden og tage nogle alvorlige forholdsregler, n\u00e5r du arbejder p\u00e5 en el- eller hybridbil. Det kan nemlig skabe nogle meget stor problemer, hvis visse ting ikke g\u00f8res korrekt. Problemer, der er dyre at l\u00f8se. Det skal du dog ikke bekymre dig om p\u00e5 vores Ketner-v\u00e6rksteder. Flere af vores teknikere er specialuddannet i h\u00e5ndtering af el- og hybridbiler, og vi er certificeret inden for omr\u00e5det. Bosch, der er leverand\u00f8r til de fleste producenter af el- og hybridbiler, tilbyder l\u00f8bende uddannelse, s\u00e5 teknikerne altid er ajour med den nyeste teknologi.<\/p>\n<p>K\u00f8rer du rundt i en el- eller hybridbil, b\u00f8r du unders\u00f8ge om et v\u00e6rksted kan deres kram, f\u00f8r du afleverer din bil. I Danmark er det stadig ikke normal praksis p\u00e5 alle v\u00e6rksteder, men hos Ketners v\u00e6rksteder i Aalborg, Aarhus, Herning, Holstebro og Kolding, st\u00e5r der altid en tekniker klar, der ved alt det, der er v\u00e6rd at vide om elektriske biler.<\/p>\n<p>Hos Ketner udf\u00f8rer vi diagnostisk test, reparation og forebyggende vedligeholdelse af din el- eller hybridbil, p\u00e5 den m\u00e5de sikrer vi, at din bil altid har en top ydeevne.<\/p>\n<p>Kontakt os i dag og h\u00f8r n\u00e6rmere om hvad vi kan g\u00f8re for dig. Vi tager os gerne en snak om dit specifikke problem.[\/vc_column_text][vc_empty_space height=&#8221;40px&#8221;]<a  itemprop=\"url\" href=\"https:\/\/ketner.dk\/herning\/servicebooking\/\" target=\"_self\"  class=\"qbutton  default\" style=\"margin: 0 20px 0 0; \">Book tid<i class=\"qodef-icon-dripicons dripicon dripicons-chevron-right qode_button_icon_element\" style=\"\" ><\/i><\/a><a id=\"bliv-ringet-op\" itemprop=\"url\" href=\"#\" target=\"_self\"  class=\"qbutton  white default\" style=\"margin: 0 20px 0 0; \">Bliv ringet op<i class=\"qodef-icon-dripicons dripicon dripicons-chevron-right qode_button_icon_element\" style=\"\" ><\/i><\/a>[\/vc_column][\/vc_row][vc_row css_animation=&#8221;&#8221; row_type=&#8221;row&#8221; use_row_as_full_screen_section=&#8221;no&#8221; type=&#8221;grid&#8221; angled_section=&#8221;no&#8221; text_align=&#8221;center&#8221; background_image_as_pattern=&#8221;without_pattern&#8221; el_class=&#8221;padding80&#8243; css=&#8221;.vc_custom_1609935864894{background-color: #002a3b !important;}&#8221; z_index=&#8221;&#8221;][vc_column][vc_row_inner row_type=&#8221;row&#8221; type=&#8221;full_width&#8221; text_align=&#8221;left&#8221; css_animation=&#8221;&#8221; el_class=&#8221;equal-height&#8221;][vc_column_inner width=&#8221;1\/2&#8243; offset=&#8221;vc_col-md-3&#8243;]        \n        <div class=\"icon_text\">\n            <div class=\"icon_text_image\">\n                <img width=\"36\" height=\"36\" src=\"https:\/\/ketner.dk\/herning\/wp-content\/uploads\/2021\/01\/icons-white-tools.svg\" class=\"attachment-full size-full\" alt=\"\" srcset=\"https:\/\/ketner.dk\/herning\/wp-content\/uploads\/sites\/7\/\/2021\/01\/icons-white-tools.svg 150w, https:\/\/ketner.dk\/herning\/wp-content\/uploads\/sites\/7\/\/2021\/01\/icons-white-tools.svg 300w, https:\/\/ketner.dk\/herning\/wp-content\/uploads\/sites\/7\/\/2021\/01\/icons-white-tools.svg 1024w, https:\/\/ketner.dk\/herning\/wp-content\/uploads\/sites\/7\/\/2021\/01\/icons-white-tools.svg 36w\" sizes=\"(max-width: 36px) 100vw, 36px\" \/>            <\/div>\n            <div class=\"icon_text_content\">\n                <h3>Professionelt<\/h3>\n                <p>Vores autov\u00e6rksted i Herning har branchens bedste og mest avancerede testudstyr.<\/p>\n            <\/div>\n        <\/div>\n\n        [\/vc_column_inner][vc_column_inner width=&#8221;1\/2&#8243; offset=&#8221;vc_col-md-3&#8243;]        \n        <div class=\"icon_text\">\n            <div class=\"icon_text_image\">\n                <img width=\"36\" height=\"36\" src=\"https:\/\/ketner.dk\/herning\/wp-content\/uploads\/2021\/01\/icons-white-car.svg\" class=\"attachment-full size-full\" alt=\"\" srcset=\"https:\/\/ketner.dk\/herning\/wp-content\/uploads\/sites\/7\/\/2021\/01\/icons-white-car.svg 150w, https:\/\/ketner.dk\/herning\/wp-content\/uploads\/sites\/7\/\/2021\/01\/icons-white-car.svg 300w, https:\/\/ketner.dk\/herning\/wp-content\/uploads\/sites\/7\/\/2021\/01\/icons-white-car.svg 1024w, https:\/\/ketner.dk\/herning\/wp-content\/uploads\/sites\/7\/\/2021\/01\/icons-white-car.svg 36w\" sizes=\"(max-width: 36px) 100vw, 36px\" \/>            <\/div>\n            <div class=\"icon_text_content\">\n                <h3>Altid gratis l\u00e5nebil<\/h3>\n                <p>Mens vores mekaniker i Herning arbejder p\u00e5 din bil, har vi altid en l\u00e5nebil klar til dig.<\/p>\n            <\/div>\n        <\/div>\n\n        [\/vc_column_inner][vc_column_inner width=&#8221;1\/2&#8243; offset=&#8221;vc_col-md-3&#8243;]        \n        <div class=\"icon_text\">\n            <div class=\"icon_text_image\">\n                <img width=\"36\" height=\"36\" src=\"https:\/\/ketner.dk\/herning\/wp-content\/uploads\/2021\/01\/icons-white-list.svg\" class=\"attachment-full size-full\" alt=\"\" srcset=\"https:\/\/ketner.dk\/herning\/wp-content\/uploads\/sites\/7\/\/2021\/01\/icons-white-list.svg 150w, https:\/\/ketner.dk\/herning\/wp-content\/uploads\/sites\/7\/\/2021\/01\/icons-white-list.svg 300w, https:\/\/ketner.dk\/herning\/wp-content\/uploads\/sites\/7\/\/2021\/01\/icons-white-list.svg 1024w, https:\/\/ketner.dk\/herning\/wp-content\/uploads\/sites\/7\/\/2021\/01\/icons-white-list.svg 36w\" sizes=\"(max-width: 36px) 100vw, 36px\" \/>            <\/div>\n            <div class=\"icon_text_content\">\n                <h3>Serviceaftale<\/h3>\n                <p>P\u00e5 vores autov\u00e6rksted i Herning kan du tegne en fast serviceaftale. Den giver dig adgang til mange fordele billigt.<\/p>\n            <\/div>\n        <\/div>\n\n        [\/vc_column_inner][vc_column_inner width=&#8221;1\/2&#8243; offset=&#8221;vc_col-md-3&#8243;]        \n        <div class=\"icon_text\">\n            <div class=\"icon_text_image\">\n                <img width=\"36\" height=\"36\" src=\"https:\/\/ketner.dk\/herning\/wp-content\/uploads\/2021\/01\/icons-white-time-calendar.svg\" class=\"attachment-full size-full\" alt=\"\" srcset=\"https:\/\/ketner.dk\/herning\/wp-content\/uploads\/sites\/7\/\/2021\/01\/icons-white-time-calendar.svg 150w, https:\/\/ketner.dk\/herning\/wp-content\/uploads\/sites\/7\/\/2021\/01\/icons-white-time-calendar.svg 300w, https:\/\/ketner.dk\/herning\/wp-content\/uploads\/sites\/7\/\/2021\/01\/icons-white-time-calendar.svg 1024w, https:\/\/ketner.dk\/herning\/wp-content\/uploads\/sites\/7\/\/2021\/01\/icons-white-time-calendar.svg 36w\" sizes=\"(max-width: 36px) 100vw, 36px\" \/>            <\/div>\n            <div class=\"icon_text_content\">\n                <h3>Ingen ventetid<\/h3>\n                <p>Vores bilv\u00e6rksted i Herning giver dig altid den hurtigst mulige service, s\u00e5 du ikke skal undv\u00e6re din bil l\u00e6nge.<\/p>\n            <\/div>\n        <\/div>\n\n        [\/vc_column_inner][\/vc_row_inner][vc_empty_space height=&#8221;40px&#8221;]<a id=\"kontakt\" itemprop=\"url\" href=\"#\" target=\"_self\"  class=\"qbutton  white default\" style=\"margin: 0 20px 0 0; \">Kontakt os<i class=\"qodef-icon-dripicons dripicon dripicons-chevron-right qode_button_icon_element\" style=\"\" ><\/i><\/a>[\/vc_column][\/vc_row]<\/p>\n","protected":false},"excerpt":{"rendered":"<p>[vc_row css_animation=&#8221;&#8221; row_type=&#8221;row&#8221; use_row_as_full_screen_section=&#8221;no&#8221; type=&#8221;grid&#8221; angled_section=&#8221;no&#8221; text_align=&#8221;left&#8221; background_image_as_pattern=&#8221;without_pattern&#8221; el_class=&#8221;equal-height align-center&#8221; z_index=&#8221;&#8221; css=&#8221;.vc_custom_1612447758829{background-color: #fffffe !important;}&#8221;][vc_column el_class=&#8221;padding80 paddingright&#8221; offset=&#8221;vc_col-md-6&#8243;][vc_column_text] Dit specialistv\u00e6rksted i el- og hybridbiler Som vores samfund bev\u00e6ger sig mod en mere b\u00e6redygtig fremtid med elektriske og hybridbiler, er det vigtigt at have nogen, der ved,&#8230;<\/p>\n","protected":false},"author":2,"featured_media":0,"parent":267,"menu_order":0,"comment_status":"closed","ping_status":"closed","template":"full_width.php","meta":[],"acf":[],"_links":{"self":[{"href":"https:\/\/ketner.dk\/herning\/wp-json\/wp\/v2\/pages\/1748"}],"collection":[{"href":"https:\/\/ketner.dk\/herning\/wp-json\/wp\/v2\/pages"}],"about":[{"href":"https:\/\/ketner.dk\/herning\/wp-json\/wp\/v2\/types\/page"}],"author":[{"embeddable":true,"href":"https:\/\/ketner.dk\/herning\/wp-json\/wp\/v2\/users\/2"}],"replies":[{"embeddable":true,"href":"https:\/\/ketner.dk\/herning\/wp-json\/wp\/v2\/comments?post=1748"}],"version-history":[{"count":4,"href":"https:\/\/ketner.dk\/herning\/wp-json\/wp\/v2\/pages\/1748\/revisions"}],"predecessor-version":[{"id":3157,"href":"https:\/\/ketner.dk\/herning\/wp-json\/wp\/v2\/pages\/1748\/revisions\/3157"}],"up":[{"embeddable":true,"href":"https:\/\/ketner.dk\/herning\/wp-json\/wp\/v2\/pages\/267"}],"wp:attachment":[{"href":"https:\/\/ketner.dk\/herning\/wp-json\/wp\/v2\/media?parent=1748"}],"curies":[{"name":"wp","href":"https:\/\/api.w.org\/{rel}","templated":true}]}}