{"id":2448,"date":"2021-09-14T13:54:55","date_gmt":"2021-09-14T13:54:55","guid":{"rendered":"https:\/\/lazzatest.dk\/ketner\/herning\/?page_id=2448"},"modified":"2025-09-16T13:51:23","modified_gmt":"2025-09-16T13:51:23","slug":"bosch-booking","status":"publish","type":"page","link":"https:\/\/ketner.dk\/herning\/bosch-booking\/","title":{"rendered":"Bosch booking"},"content":{"rendered":"<p>[vc_row css_animation=&#8221;&#8221; row_type=&#8221;row&#8221; use_row_as_full_screen_section=&#8221;no&#8221; type=&#8221;grid&#8221; angled_section=&#8221;no&#8221; text_align=&#8221;left&#8221; background_image_as_pattern=&#8221;without_pattern&#8221; el_class=&#8221;padding80&#8243; z_index=&#8221;&#8221; css=&#8221;.vc_custom_1611046861935{background-color: #fffffe !important;}&#8221;][vc_column][vc_raw_html]JTNDc2NyaXB0JTIwaWQlM0QlMjJtb21lLXdsLWVudHJ5JTIyJTIwc3JjJTNEJTIyaHR0cHMlM0ElMkYlMkZhcHAubW9iaWxpdHktbWVkaWEuY2xvdWQlMkZCQ1NESyUyRmRlc2t0b3AlMkZib29raW5nJTJGd3JhcHBlci5qcyUzRmN1c3RvbWVySWQlM0Q4NDA2NTQ3NiUyMiUzRSUzQyUyRnNjcmlwdCUzRQ==[\/vc_raw_html][\/vc_column][\/vc_row][vc_row css_animation=&#8221;&#8221; row_type=&#8221;row&#8221; use_row_as_full_screen_section=&#8221;no&#8221; type=&#8221;grid&#8221; angled_section=&#8221;no&#8221; text_align=&#8221;left&#8221; background_image_as_pattern=&#8221;without_pattern&#8221; el_class=&#8221;padding80&#8243; css=&#8221;.vc_custom_1609918823174{background-color: #fffffe !important;}&#8221; z_index=&#8221;&#8221;][vc_column offset=&#8221;vc_col-lg-offset-1 vc_col-lg-10&#8243;][vc_column_text]<\/p>\n<h2 style=\"text-align: center;\"><strong>Professionelt autov\u00e6rksted med st\u00e6rke r\u00f8dder i branchen<\/strong><\/h2>\n<p style=\"text-align: center;\">Vi er et Bosch Car Service v\u00e6rksted med stor teknisk knowhow og det nyeste og bedste udstyr fra branchen.<br \/>\nKetner er kendt som problemknusere, og l\u00f8ser dagligt store og sm\u00e5 opgaver med blinkende advarselslamper, d\u00e5rlig eller hakkende motorgang, tilstoppede partikelfiltre osv. Vi er ogs\u00e5 st\u00e6rke inden for startere, generatorer, turboer, fartskrivere og ikke mindst oliefyr og bilvarmere.<\/p>\n<h2 style=\"text-align: center;\"><strong>Et kompetencecenter af muligheder for din bil<\/strong><\/h2>\n<p style=\"text-align: center;\">Vi kan klare alle slags reparationer p\u00e5 din bil \u2013 uanset hvilket m\u00e6rke og model det er.<br \/>\nUden at g\u00e5 p\u00e5 kompromis med kvaliteten tilbyder vi service eller reparation med prisgaranti og helt uden ventetid.<br \/>\nKan vi ikke klare reparationen nu og her, tilbydes gratis l\u00e5nebil.<\/p>\n<p>[\/vc_column_text][\/vc_column][\/vc_row][vc_row css_animation=&#8221;&#8221; row_type=&#8221;row&#8221; use_row_as_full_screen_section=&#8221;no&#8221; type=&#8221;grid&#8221; angled_section=&#8221;no&#8221; text_align=&#8221;left&#8221; background_image_as_pattern=&#8221;without_pattern&#8221; z_index=&#8221;&#8221; el_class=&#8221;padding100&#8243; css=&#8221;.vc_custom_1610025910256{padding-top: 0px !important;background-color: #fffffe !important;}&#8221;][vc_column]\n        <div class=\"services horizontal\">\n            \n            <div class=\"image\">\n                <a href=\"\" target=\"_self\" title=\"Olieskift\">\n                    <img width=\"123\" height=\"123\" src=\"https:\/\/ketner.dk\/herning\/wp-content\/uploads\/2021\/01\/oil-pressure-light.png\" class=\"attachment-full size-full\" alt=\"\" \/>                <\/a>\n            <\/div>\n\n        \n            <div class=\"image\">\n                <a href=\"\" target=\"_self\" title=\"Autov\u00e6rksted\">\n                    <img width=\"123\" height=\"123\" src=\"https:\/\/ketner.dk\/herning\/wp-content\/uploads\/2021\/01\/engine-warning.png\" class=\"attachment-full size-full\" alt=\"\" \/>                <\/a>\n            <\/div>\n\n        \n            <div class=\"image\">\n                <a href=\"\" target=\"_self\" title=\"F\u00e6lg renovering\">\n                    <img width=\"123\" height=\"123\" src=\"https:\/\/ketner.dk\/herning\/wp-content\/uploads\/2021\/01\/brake-pad.png\" class=\"attachment-full size-full\" alt=\"\" \/>                <\/a>\n            <\/div>\n\n        \n            <div class=\"image\">\n                <a href=\"\" target=\"_self\" title=\"Stenslag\">\n                    <img width=\"123\" height=\"123\" src=\"https:\/\/ketner.dk\/herning\/wp-content\/uploads\/2021\/01\/glass-damage.png\" class=\"attachment-full size-full\" alt=\"\" \/>                <\/a>\n            <\/div>\n\n        \n            <div class=\"image\">\n                <a href=\"\" target=\"_self\" title=\"Elv\u00e6rksted\">\n                    <img width=\"123\" height=\"123\" src=\"https:\/\/ketner.dk\/herning\/wp-content\/uploads\/2021\/01\/battery-alert.png\" class=\"attachment-full size-full\" alt=\"\" \/>                <\/a>\n            <\/div>\n\n        \n            <div class=\"image\">\n                <a href=\"\" target=\"_self\" title=\"Testcenter\">\n                    <img width=\"123\" height=\"123\" src=\"https:\/\/ketner.dk\/herning\/wp-content\/uploads\/2021\/01\/inspection.png\" class=\"attachment-full size-full\" alt=\"\" \/>                <\/a>\n            <\/div>\n\n        \n            <div class=\"image\">\n                <a href=\"\" target=\"_self\" title=\"Service\">\n                    <img width=\"123\" height=\"123\" src=\"https:\/\/ketner.dk\/herning\/wp-content\/uploads\/2021\/01\/headlight.png\" class=\"attachment-full size-full\" alt=\"\" \/>                <\/a>\n            <\/div>\n\n        \n            <div class=\"image\">\n                <a href=\"\" target=\"_self\" title=\"D\u00e6kcenter\">\n                    <img width=\"123\" height=\"123\" src=\"https:\/\/ketner.dk\/herning\/wp-content\/uploads\/2021\/01\/rims.png\" class=\"attachment-full size-full\" alt=\"\" \/>                <\/a>\n            <\/div>\n\n        \n            <div class=\"image\">\n                <a href=\"\" target=\"_self\" title=\"El- og hybridbiler\">\n                    <img width=\"123\" height=\"123\" src=\"https:\/\/ketner.dk\/herning\/wp-content\/uploads\/2021\/01\/electric.png\" class=\"attachment-full size-full\" alt=\"\" \/>                <\/a>\n            <\/div>\n\n        \n            <div class=\"image\">\n                <a href=\"\" target=\"_self\" title=\"Partikelfilter rens\">\n                    <img width=\"123\" height=\"123\" src=\"https:\/\/ketner.dk\/herning\/wp-content\/uploads\/2021\/01\/exhaust.png\" class=\"attachment-full size-full\" alt=\"\" \/>                <\/a>\n            <\/div>\n\n                <\/div>\n    \n        [\/vc_column][\/vc_row]<\/p>\n","protected":false},"excerpt":{"rendered":"<p>[vc_row css_animation=&#8221;&#8221; row_type=&#8221;row&#8221; use_row_as_full_screen_section=&#8221;no&#8221; type=&#8221;grid&#8221; angled_section=&#8221;no&#8221; text_align=&#8221;left&#8221; background_image_as_pattern=&#8221;without_pattern&#8221; el_class=&#8221;padding80&#8243; z_index=&#8221;&#8221; css=&#8221;.vc_custom_1611046861935{background-color: #fffffe !important;}&#8221;][vc_column][vc_raw_html]JTNDc2NyaXB0JTIwaWQlM0QlMjJtb21lLXdsLWVudHJ5JTIyJTIwc3JjJTNEJTIyaHR0cHMlM0ElMkYlMkZhcHAubW9iaWxpdHktbWVkaWEuY2xvdWQlMkZCQ1NESyUyRmRlc2t0b3AlMkZib29raW5nJTJGd3JhcHBlci5qcyUzRmN1c3RvbWVySWQlM0Q4NDA2NTQ3NiUyMiUzRSUzQyUyRnNjcmlwdCUzRQ==[\/vc_raw_html][\/vc_column][\/vc_row][vc_row css_animation=&#8221;&#8221; row_type=&#8221;row&#8221; use_row_as_full_screen_section=&#8221;no&#8221; type=&#8221;grid&#8221; angled_section=&#8221;no&#8221; text_align=&#8221;left&#8221; background_image_as_pattern=&#8221;without_pattern&#8221; el_class=&#8221;padding80&#8243; css=&#8221;.vc_custom_1609918823174{background-color: #fffffe !important;}&#8221; z_index=&#8221;&#8221;][vc_column offset=&#8221;vc_col-lg-offset-1 vc_col-lg-10&#8243;][vc_column_text] Professionelt autov\u00e6rksted med st\u00e6rke r\u00f8dder i branchen Vi er et Bosch Car Service v\u00e6rksted med stor teknisk knowhow&#8230;<\/p>\n","protected":false},"author":1,"featured_media":0,"parent":0,"menu_order":0,"comment_status":"closed","ping_status":"closed","template":"full_width.php","meta":[],"acf":[],"_links":{"self":[{"href":"https:\/\/ketner.dk\/herning\/wp-json\/wp\/v2\/pages\/2448"}],"collection":[{"href":"https:\/\/ketner.dk\/herning\/wp-json\/wp\/v2\/pages"}],"about":[{"href":"https:\/\/ketner.dk\/herning\/wp-json\/wp\/v2\/types\/page"}],"author":[{"embeddable":true,"href":"https:\/\/ketner.dk\/herning\/wp-json\/wp\/v2\/users\/1"}],"replies":[{"embeddable":true,"href":"https:\/\/ketner.dk\/herning\/wp-json\/wp\/v2\/comments?post=2448"}],"version-history":[{"count":5,"href":"https:\/\/ketner.dk\/herning\/wp-json\/wp\/v2\/pages\/2448\/revisions"}],"predecessor-version":[{"id":3206,"href":"https:\/\/ketner.dk\/herning\/wp-json\/wp\/v2\/pages\/2448\/revisions\/3206"}],"wp:attachment":[{"href":"https:\/\/ketner.dk\/herning\/wp-json\/wp\/v2\/media?parent=2448"}],"curies":[{"name":"wp","href":"https:\/\/api.w.org\/{rel}","templated":true}]}}