{"id":813,"date":"2021-02-04T12:16:32","date_gmt":"2021-02-04T12:16:32","guid":{"rendered":"https:\/\/lazzatest.dk\/ketner\/?page_id=813"},"modified":"2026-01-27T11:26:52","modified_gmt":"2026-01-27T11:26:52","slug":"skylning","status":"publish","type":"page","link":"https:\/\/ketner.dk\/herning\/specialer\/gearkasse-service\/skylning\/","title":{"rendered":"Gearkasseskylning"},"content":{"rendered":"<p>[vc_row css_animation=&#8221;&#8221; row_type=&#8221;row&#8221; use_row_as_full_screen_section=&#8221;no&#8221; type=&#8221;grid&#8221; angled_section=&#8221;no&#8221; text_align=&#8221;left&#8221; background_image_as_pattern=&#8221;without_pattern&#8221; el_class=&#8221;equal-height align-center&#8221; z_index=&#8221;&#8221; css=&#8221;.vc_custom_1612516409464{background-color: #f0f0f0 !important;}&#8221;][vc_column el_class=&#8221;padding80 paddingright&#8221; offset=&#8221;vc_col-md-6&#8243;][vc_column_text]<\/p>\n<h1><span style=\"font-weight: 400;\">Skylning af gearkasse \u2013 undg\u00e5 en dyr udskiftning af din gearkasse<\/span><\/h1>\n<p><span style=\"font-weight: 400;\">Olien i gearkassen spiller en essentiel rolle i forhold til din gearkasses helbred. Det g\u00e6lder b\u00e5de for biler med automatgearkasse og naturligvis manuel gearkasse. Olien sikrer, at det avancerede system af mekaniske dele interagerer optimalt med hinanden. Men med tiden mister olien sin effekt, da helt almindelig k\u00f8rsel danner slam i gearkassen \u2013 og s\u00e5 opn\u00e5r man klart det bedste resultat med en skylning.\u00a0<\/span><\/p>\n<h3><span style=\"font-weight: 400;\">En kompleks del af din bil, der kr\u00e6ver det helt rette udstyr at reparere<\/span><\/h3>\n<p><span style=\"font-weight: 400;\">N\u00e5r vi foretager en skylning af din gearkasse, g\u00f8r vi det ved at montere en speciel skyllemaskine, som presser gearkassens olie rundt i hele systemet. Det sikrer, at al d\u00e5rlig olie bliver skiftet. Og det er netop det, der er den klare fordel ved en professionel skylning af gearkassen, som den, vi kan lave.\u00a0<\/span><\/p>\n<p><span style=\"font-weight: 400;\">Uden en skylning ved et traditionelt olieskift f\u00e5r man ikke de sidste 30 % af den gamle olie ud. Derfor bliver gammel olie blandet med den nye olie \u2013 og den samlede oliem\u00e6ngde har derfor ikke den kvalitet, som den potentielt kan have. Det er ikke optimalt for en gearkasse eller en motor, hvor ny olie fra tid til anden ogs\u00e5 g\u00f8r en v\u00e6sentlig forskel for biler p\u00e5 den lange bane.<\/span><\/p>\n<h3><span style=\"font-weight: 400;\">Vi sikrer, at der er frisk olie i hele gearkassen, s\u00e5 gearskiftet fungerer optimalt <\/span><span style=\"font-weight: 400;\">\u00a0<\/span><\/h3>\n<p><span style=\"font-weight: 400;\">Ved et konventionelt olieskift kan man ikke skifte al olien. Men hos Ketner kan vi skifte 100 % af olien med vores specielle skyllemaskine. N\u00e5r al olien bliver skiftet sammen med filteret, kan man virkelig m\u00e6rke en forskel, ved at gearkassen k\u00f8rer v\u00e6sentligt bedre. Ydermere mindsker denne metode ogs\u00e5 nedslidning af anl\u00e6gget og eventuelle dyre f\u00f8lgeomkostninger.<\/span><\/p>\n<h3><span style=\"font-weight: 400;\">Book en skylning af gearkassen i din bil i dag<\/span><\/h3>\n<p><span style=\"font-weight: 400;\">Kontakt os i dag for at h\u00f8re mere om skylning af gearkassen, hvor den gamle olie kommer helt ud af gearkassen. Vi tager os b\u00e5de af manuelle gearkasser og automatgear. Som s\u00e6dvanlig med et absolut minimum af ventetid, s\u00e5 du kan f\u00e5 bilen tilbage i en fart.<\/span>[\/vc_column_text][vc_empty_space height=&#8221;40px&#8221;]<a  itemprop=\"url\" href=\"https:\/\/ketner.dk\/herning\/servicebooking\/\" target=\"_self\"  class=\"qbutton  default\" style=\"margin: 0 20px 0 0; \">Book tid<i class=\"qodef-icon-dripicons dripicon dripicons-chevron-right qode_button_icon_element\" style=\"\" ><\/i><\/a><a id=\"bliv-ringet-op\" itemprop=\"url\" href=\"#\" target=\"_self\"  class=\"qbutton  white default\" style=\"margin: 0 20px 0 0; \">Bliv ringet op<i class=\"qodef-icon-dripicons dripicon dripicons-chevron-right qode_button_icon_element\" style=\"\" ><\/i><\/a>[vc_empty_space height=&#8221;40px&#8221;][\/vc_column][vc_column offset=&#8221;vc_col-md-6&#8243;][vc_single_image image=&#8221;793&#8243; img_size=&#8221;full&#8221; style=&#8221;vc_box_rounded&#8221; qode_css_animation=&#8221;&#8221;][\/vc_column][\/vc_row][vc_row css_animation=&#8221;&#8221; row_type=&#8221;row&#8221; use_row_as_full_screen_section=&#8221;no&#8221; type=&#8221;grid&#8221; angled_section=&#8221;no&#8221; text_align=&#8221;left&#8221; background_image_as_pattern=&#8221;without_pattern&#8221; el_class=&#8221;padding80 equal-height align-center&#8221; css=&#8221;.vc_custom_1612516401103{background-color: #fffffe !important;}&#8221; z_index=&#8221;&#8221;][vc_column offset=&#8221;vc_col-md-6&#8243;]        \n        <div class=\"image_grid-wrapper\">\n            <div class=\"image_grid\">\n                <div class=\"image_grid_item\"><img width=\"1200\" height=\"900\" src=\"https:\/\/ketner.dk\/herning\/wp-content\/uploads\/2021\/02\/gearkasse.jpg\" class=\"attachment-full size-full\" alt=\"\" srcset=\"https:\/\/ketner.dk\/herning\/wp-content\/uploads\/sites\/7\/2021\/02\/gearkasse.jpg 1200w, https:\/\/ketner.dk\/herning\/wp-content\/uploads\/sites\/7\/2021\/02\/gearkasse-300x225.jpg 300w, https:\/\/ketner.dk\/herning\/wp-content\/uploads\/sites\/7\/2021\/02\/gearkasse-1024x768.jpg 1024w, https:\/\/ketner.dk\/herning\/wp-content\/uploads\/sites\/7\/2021\/02\/gearkasse-768x576.jpg 768w, https:\/\/ketner.dk\/herning\/wp-content\/uploads\/sites\/7\/2021\/02\/gearkasse-800x600.jpg 800w, https:\/\/ketner.dk\/herning\/wp-content\/uploads\/sites\/7\/2021\/02\/gearkasse-700x525.jpg 700w\" sizes=\"(max-width: 1200px) 100vw, 1200px\" \/><\/div><div class=\"image_grid_item\"><img width=\"1200\" height=\"800\" src=\"https:\/\/ketner.dk\/herning\/wp-content\/uploads\/2021\/02\/gearkasse-audi.jpg\" class=\"attachment-full size-full\" alt=\"\" srcset=\"https:\/\/ketner.dk\/herning\/wp-content\/uploads\/sites\/7\/2021\/02\/gearkasse-audi.jpg 1200w, https:\/\/ketner.dk\/herning\/wp-content\/uploads\/sites\/7\/2021\/02\/gearkasse-audi-300x200.jpg 300w, https:\/\/ketner.dk\/herning\/wp-content\/uploads\/sites\/7\/2021\/02\/gearkasse-audi-1024x683.jpg 1024w, https:\/\/ketner.dk\/herning\/wp-content\/uploads\/sites\/7\/2021\/02\/gearkasse-audi-768x512.jpg 768w, https:\/\/ketner.dk\/herning\/wp-content\/uploads\/sites\/7\/2021\/02\/gearkasse-audi-700x467.jpg 700w\" sizes=\"(max-width: 1200px) 100vw, 1200px\" \/><\/div><div class=\"image_grid_item\"><img width=\"1200\" height=\"800\" src=\"https:\/\/ketner.dk\/herning\/wp-content\/uploads\/2021\/02\/gearkasse-auto.jpg\" class=\"attachment-full size-full\" alt=\"\" srcset=\"https:\/\/ketner.dk\/herning\/wp-content\/uploads\/sites\/7\/2021\/02\/gearkasse-auto.jpg 1200w, https:\/\/ketner.dk\/herning\/wp-content\/uploads\/sites\/7\/2021\/02\/gearkasse-auto-300x200.jpg 300w, https:\/\/ketner.dk\/herning\/wp-content\/uploads\/sites\/7\/2021\/02\/gearkasse-auto-1024x683.jpg 1024w, https:\/\/ketner.dk\/herning\/wp-content\/uploads\/sites\/7\/2021\/02\/gearkasse-auto-768x512.jpg 768w, https:\/\/ketner.dk\/herning\/wp-content\/uploads\/sites\/7\/2021\/02\/gearkasse-auto-700x467.jpg 700w\" sizes=\"(max-width: 1200px) 100vw, 1200px\" \/><\/div>            <\/div>\n        <\/div>\n\n        [vc_empty_space height=&#8221;40px&#8221;][\/vc_column][vc_column el_class=&#8221;paddingleft&#8221; offset=&#8221;vc_col-md-6&#8243;][vc_column_text]<\/p>\n<h2><span style=\"font-weight: 400;\">Hvorn\u00e5r tr\u00e6nger din bil til en skylning af gearkassen?<\/span><\/h2>\n<p><span style=\"font-weight: 400;\">Mange af de st\u00f8rste bilfabrikanter anbefaler en skylning af gearkassen efter cirka 50.000 km eller hvert andet \u00e5r \u2013 afh\u00e6ngig af dit \u00e5rlige k\u00f8rselsbehov. Desuden kan der opst\u00e5 problemer med gearskiftet, som muligvis kan afhj\u00e6lpes af en skylning og af efterf\u00f8lgende at skifte olien i din gearkasse.\u00a0<\/span><\/p>\n<h3><span style=\"font-weight: 400;\">Den nye olie kan forl\u00e6nge levetiden p\u00e5 bilen<\/span><\/h3>\n<p><span style=\"font-weight: 400;\">Det er dog vigtigt prim\u00e6rt at betragte en skylning af gearkassen som en forebyggende behandling, der vil forl\u00e6nge levetiden af din bil. Hvis du oplever markante symptomer som for eksempel besv\u00e6rligt gearskift eller unaturlige, knasende lyde fra gearkassen, kan det v\u00e6re, at den allerede har taget skade \u2013 og her vil den friske olie ikke alene l\u00f8se problemet.<\/span><\/p>\n<p><span style=\"font-weight: 400;\">En skylning af gearkassen er dog med til at minimere risikoen for, at s\u00e5dan noget sker ganske betragteligt. S\u00e5 kontakt os i dag for at f\u00e5 os til at hj\u00e6lpe dig med at tage dig bedst muligt af din bil. Vi st\u00e5r altid klar til at optimere din k\u00f8regl\u00e6de og de omkostninger, du samlet set skal bruge p\u00e5 din bil, med nyt olie, der holder dig godt k\u00f8rende de n\u00e6ste mange kilometer.<\/span><\/p>\n<p><span style=\"font-weight: 400;\">Ud over skylning af gearkassen tilbyder vi ogs\u00e5 mange andre specialer, der er fordelagtige for dig som bilist. L\u00e6s om dem via vores menu \u00f8verst p\u00e5 siden og kontakt os gerne, hvis der er noget, vi kan hj\u00e6lpe dig med.<\/span><\/p>\n<h2><\/h2>\n<p>[\/vc_column_text][\/vc_column][\/vc_row]<\/p>\n","protected":false},"excerpt":{"rendered":"<p>[vc_row css_animation=&#8221;&#8221; row_type=&#8221;row&#8221; use_row_as_full_screen_section=&#8221;no&#8221; type=&#8221;grid&#8221; angled_section=&#8221;no&#8221; text_align=&#8221;left&#8221; background_image_as_pattern=&#8221;without_pattern&#8221; el_class=&#8221;equal-height align-center&#8221; z_index=&#8221;&#8221; css=&#8221;.vc_custom_1612516409464{background-color: #f0f0f0 !important;}&#8221;][vc_column el_class=&#8221;padding80 paddingright&#8221; offset=&#8221;vc_col-md-6&#8243;][vc_column_text] Skylning af gearkasse \u2013 undg\u00e5 en dyr udskiftning af din gearkasse Olien i gearkassen spiller en essentiel rolle i forhold til din gearkasses helbred. Det g\u00e6lder b\u00e5de for&#8230;<\/p>\n","protected":false},"author":2,"featured_media":0,"parent":789,"menu_order":0,"comment_status":"closed","ping_status":"closed","template":"full_width.php","meta":[],"acf":[],"_links":{"self":[{"href":"https:\/\/ketner.dk\/herning\/wp-json\/wp\/v2\/pages\/813"}],"collection":[{"href":"https:\/\/ketner.dk\/herning\/wp-json\/wp\/v2\/pages"}],"about":[{"href":"https:\/\/ketner.dk\/herning\/wp-json\/wp\/v2\/types\/page"}],"author":[{"embeddable":true,"href":"https:\/\/ketner.dk\/herning\/wp-json\/wp\/v2\/users\/2"}],"replies":[{"embeddable":true,"href":"https:\/\/ketner.dk\/herning\/wp-json\/wp\/v2\/comments?post=813"}],"version-history":[{"count":4,"href":"https:\/\/ketner.dk\/herning\/wp-json\/wp\/v2\/pages\/813\/revisions"}],"predecessor-version":[{"id":3222,"href":"https:\/\/ketner.dk\/herning\/wp-json\/wp\/v2\/pages\/813\/revisions\/3222"}],"up":[{"embeddable":true,"href":"https:\/\/ketner.dk\/herning\/wp-json\/wp\/v2\/pages\/789"}],"wp:attachment":[{"href":"https:\/\/ketner.dk\/herning\/wp-json\/wp\/v2\/media?parent=813"}],"curies":[{"name":"wp","href":"https:\/\/api.w.org\/{rel}","templated":true}]}}