{"id":2900,"date":"2023-12-15T09:51:07","date_gmt":"2023-12-15T09:51:07","guid":{"rendered":"https:\/\/ketner.dk\/holstebro\/?page_id=2900"},"modified":"2025-09-16T08:49:51","modified_gmt":"2025-09-16T08:49:51","slug":"anhaengertraek-til-tesla","status":"publish","type":"page","link":"https:\/\/ketner.dk\/holstebro\/autovaerksted\/anhaengertraek-til-tesla\/","title":{"rendered":"Anh\u00e6ngertr\u00e6k til Tesla"},"content":{"rendered":"<p>[vc_row css_animation=&#8221;&#8221; row_type=&#8221;row&#8221; use_row_as_full_screen_section=&#8221;no&#8221; type=&#8221;grid&#8221; angled_section=&#8221;no&#8221; text_align=&#8221;left&#8221; background_image_as_pattern=&#8221;without_pattern&#8221; el_class=&#8221;equal-height align-center&#8221; z_index=&#8221;&#8221; css=&#8221;.vc_custom_1611743526268{background-color: #fffffe !important;}&#8221;][vc_column el_class=&#8221;padding80 paddingright&#8221; offset=&#8221;vc_col-md-6&#8243;][vc_column_text]<\/p>\n<h1><strong>Skjulte og aftagelige anh\u00e6ngertr\u00e6k til Tesla model 3 + Y<\/strong><\/h1>\n<p>Anh\u00e6ngertr\u00e6k er forskellige til de enkelte Tesla-modeller og kan have specifikke krav og begr\u00e6nsninger i forhold til anh\u00e6ngertr\u00e6kkets v\u00e6gtkapacitet og kompatibilitet. Det er derfor vigtigt, at det monteres af et kompetent v\u00e6rksted, der sikrer korrekt montering, og valg af rette model.<br \/>\nVi tilbyder ogs\u00e5 syn og registrering af tr\u00e6kket efter montering.<\/p>\n<p>Anh\u00e6ngerne, Ketner tilbyder, er aftagelige, s\u00e5 tr\u00e6kket kan fjernes, n\u00e5r det ikke er i brug. \u00a0De er i h\u00f8jeste kvalitet og designet, testet og godkendt til at opfylde sikkerhedskravene.[\/vc_column_text][vc_empty_space][vc_row_inner row_type=&#8221;row&#8221; type=&#8221;full_width&#8221; text_align=&#8221;left&#8221; css_animation=&#8221;&#8221;][vc_column_inner width=&#8221;1\/3&#8243;]<a  itemprop=\"url\" href=\"https:\/\/ketner.dk\/holstebro\/servicebooking\/\" target=\"_self\"  class=\"qbutton  default\" style=\"margin: 0 20px 0 0; \">Book service nu<i class=\"qodef-icon-dripicons dripicon dripicons-chevron-right qode_button_icon_element\" style=\"\" ><\/i><\/a>[\/vc_column_inner][vc_column_inner width=&#8221;1\/3&#8243;]<a id=\"bliv-ringet-op\" itemprop=\"url\" href=\"#\" target=\"_self\"  class=\"qbutton  default\" style=\"margin: 0 20px 0 0; \">Bliv ringet op<i class=\"qodef-icon-dripicons dripicon dripicons-chevron-right qode_button_icon_element\" style=\"\" ><\/i><\/a>[\/vc_column_inner][\/vc_row_inner][\/vc_column][vc_column offset=&#8221;vc_col-md-6&#8243;][vc_single_image image=&#8221;3623&#8243; img_size=&#8221;full&#8221; style=&#8221;vc_box_rounded&#8221; qode_css_animation=&#8221;&#8221;][vc_empty_space height=&#8221;40px&#8221;][\/vc_column][\/vc_row][vc_row css_animation=&#8221;&#8221; row_type=&#8221;row&#8221; use_row_as_full_screen_section=&#8221;no&#8221; type=&#8221;grid&#8221; angled_section=&#8221;no&#8221; text_align=&#8221;left&#8221; background_image_as_pattern=&#8221;without_pattern&#8221; el_class=&#8221;padding80 equal-height align-center&#8221; css=&#8221;.vc_custom_1611737133965{background-color: #f0f0f0 !important;}&#8221; z_index=&#8221;&#8221;][vc_column offset=&#8221;vc_col-md-6&#8243;][vc_single_image image=&#8221;3623&#8243; img_size=&#8221;full&#8221; style=&#8221;vc_box_rounded&#8221; qode_css_animation=&#8221;&#8221;][\/vc_column][vc_column el_class=&#8221;paddingleft&#8221; offset=&#8221;vc_col-md-6&#8243;][vc_column_text]<strong>Anh\u00e6ngertr\u00e6k til Tesla Model Y<br \/>\n<\/strong>9.800,- inkl. montering<\/p>\n<ul>\n<li>Godkendt med 1600 kg. til trailer.<\/li>\n<li>Montering og kodning af 13-polet els\u00e6t<\/li>\n<li>1600 kg. tr\u00e6k registreres p\u00e5 bilen<\/li>\n<li>Evt. till\u00e6g for syns- og registrerings\u00e6ndring: kr. 300,-<\/li>\n<\/ul>\n<p><em>Bem\u00e6rk: Forbehold for at bilen er forberedt til anh\u00e6ngertr\u00e6k<\/em>[\/vc_column_text][vc_empty_space height=&#8221;40px&#8221;]<a  itemprop=\"url\" href=\"https:\/\/ketner.dk\/holstebro\/servicebooking\/\" target=\"_self\"  class=\"qbutton  default\" style=\"margin: 0 20px 0 0; \">Book service nu<i class=\"qodef-icon-dripicons dripicon dripicons-chevron-right qode_button_icon_element\" style=\"\" ><\/i><\/a><a id=\"bliv-ringet-op\" itemprop=\"url\" href=\"#\" target=\"_self\"  class=\"qbutton  default\" style=\"margin: 0 20px 0 0; \">Bliv ringet op<i class=\"qodef-icon-dripicons dripicon dripicons-chevron-right qode_button_icon_element\" style=\"\" ><\/i><\/a>[\/vc_column][\/vc_row][vc_row css_animation=&#8221;&#8221; row_type=&#8221;row&#8221; use_row_as_full_screen_section=&#8221;no&#8221; type=&#8221;grid&#8221; angled_section=&#8221;no&#8221; text_align=&#8221;left&#8221; background_image_as_pattern=&#8221;without_pattern&#8221; el_class=&#8221;padding80 equal-height align-center&#8221; css=&#8221;.vc_custom_1611737133965{background-color: #f0f0f0 !important;}&#8221; z_index=&#8221;&#8221;][vc_column offset=&#8221;vc_col-md-6&#8243;][vc_single_image image=&#8221;3623&#8243; img_size=&#8221;full&#8221; style=&#8221;vc_box_rounded&#8221; qode_css_animation=&#8221;&#8221;][\/vc_column][vc_column el_class=&#8221;paddingleft&#8221; offset=&#8221;vc_col-md-6&#8243;][vc_column_text]<strong>Anh\u00e6ngertr\u00e6k til Tesla Model 3<br \/>\n<\/strong>10.800,- inkl. montering*)<\/p>\n<ul>\n<li>Aftagelig tr\u00e6k, hvor stikd\u00e5se kan svinges op<\/li>\n<li>St\u00f8ttelast max 75 kg.<\/li>\n<li>Kan monteres p\u00e5 alle Model 3<\/li>\n<li>Montering og kodning af 13-polet els\u00e6t<\/li>\n<\/ul>\n<p><strong>Bem\u00e6rk: Ikke godkendt til at tr\u00e6kke trailer <\/strong><\/p>\n<p>*) Priser er op til \u00e5rgang 2023 f\u00f8r facelift.[\/vc_column_text][vc_empty_space height=&#8221;40px&#8221;]<a  itemprop=\"url\" href=\"https:\/\/ketner.dk\/holstebro\/servicebooking\/\" target=\"_self\"  class=\"qbutton  default\" style=\"margin: 0 20px 0 0; \">Book service nu<\/a><a id=\"bliv-ringet-op\" itemprop=\"url\" href=\"#\" target=\"_self\"  class=\"qbutton  default\" style=\"margin: 0 20px 0 0; \">Bliv ringet op<i class=\"qodef-icon-dripicons dripicon dripicons-chevron-right qode_button_icon_element\" style=\"\" ><\/i><\/a>[\/vc_column][\/vc_row][vc_row css_animation=&#8221;&#8221; row_type=&#8221;row&#8221; use_row_as_full_screen_section=&#8221;no&#8221; type=&#8221;grid&#8221; angled_section=&#8221;no&#8221; text_align=&#8221;left&#8221; background_image_as_pattern=&#8221;without_pattern&#8221; el_class=&#8221;padding80&#8243; css=&#8221;.vc_custom_1611736988930{background-color: #fffffe !important;}&#8221; z_index=&#8221;&#8221;][vc_column][vc_column_text]<\/p>\n<h2>Er der problemer med batteriet?<\/h2>\n<p>Som nogle af de f\u00f8rste i Danmark kan vi ogs\u00e5 reparere Tesla-batterier, hvilket b\u00e5de gavner milj\u00f8et \u2013 CO2 aftrykket \u2013 og \u00f8konomien. H\u00f8r om pris inden du v\u00e6lger en totaludskiftning.<\/p>\n<h2><strong>Har din Tesla f\u00e5et en skade?<\/strong><\/h2>\n<p>Ved skader p\u00e5 din Tesla kan vi hurtigt hj\u00e6lpe dig videre. Vores teknikere er uddannede og certificerede til at lave opretning, svejsning og anden pladearbejde p\u00e5 elbiler og arbejdet bliver udf\u00f8rt i h\u00f8jeste kvalitet. Samtidig s\u00f8rger vi for at sikkerhedssystemerne er kalibreret p\u00e5 ny efter kollisionen, s\u00e5 hvis uheldet skulle v\u00e6re ude, er du sikret igen.<\/p>\n<p>[\/vc_column_text][vc_empty_space height=&#8221;40px&#8221;]<a id=\"bliv-ringet-op\" itemprop=\"url\" href=\"#\" target=\"_self\"  class=\"qbutton  default\" style=\"margin: 0 20px 0 0; \">Bliv ringet op<i class=\"qodef-icon-dripicons dripicon dripicons-chevron-right qode_button_icon_element\" style=\"\" ><\/i><\/a><a  itemprop=\"url\" href=\"https:\/\/ketner.dk\/odense\/servicebooking\/\" target=\"_self\"  class=\"qbutton  default\" style=\"margin: 0 20px 0 0; \">Book service nu<\/a>[\/vc_column][\/vc_row]<\/p>\n","protected":false},"excerpt":{"rendered":"<p>[vc_row css_animation=&#8221;&#8221; row_type=&#8221;row&#8221; use_row_as_full_screen_section=&#8221;no&#8221; type=&#8221;grid&#8221; angled_section=&#8221;no&#8221; text_align=&#8221;left&#8221; background_image_as_pattern=&#8221;without_pattern&#8221; el_class=&#8221;equal-height align-center&#8221; z_index=&#8221;&#8221; css=&#8221;.vc_custom_1611743526268{background-color: #fffffe !important;}&#8221;][vc_column el_class=&#8221;padding80 paddingright&#8221; offset=&#8221;vc_col-md-6&#8243;][vc_column_text] Skjulte og aftagelige anh\u00e6ngertr\u00e6k til Tesla model 3 + Y Anh\u00e6ngertr\u00e6k er forskellige til de enkelte Tesla-modeller og kan have specifikke krav og begr\u00e6nsninger i forhold til anh\u00e6ngertr\u00e6kkets&#8230;<\/p>\n","protected":false},"author":7,"featured_media":0,"parent":275,"menu_order":0,"comment_status":"closed","ping_status":"closed","template":"full_width.php","meta":[],"acf":[],"meta_title":"","meta_description":"","focus_keyword":"","parent_slug":"autovaerksted","vc_single_images":[{"id":3623,"url":"https:\/\/ketner.dk\/holstebro\/wp-content\/uploads\/2023\/09\/Anhaengertraek-til-Tesla.jpg"},{"id":3623,"url":"https:\/\/ketner.dk\/holstebro\/wp-content\/uploads\/2023\/09\/Anhaengertraek-til-Tesla.jpg"},{"id":3623,"url":"https:\/\/ketner.dk\/holstebro\/wp-content\/uploads\/2023\/09\/Anhaengertraek-til-Tesla.jpg"}],"_links":{"self":[{"href":"https:\/\/ketner.dk\/holstebro\/wp-json\/wp\/v2\/pages\/2900"}],"collection":[{"href":"https:\/\/ketner.dk\/holstebro\/wp-json\/wp\/v2\/pages"}],"about":[{"href":"https:\/\/ketner.dk\/holstebro\/wp-json\/wp\/v2\/types\/page"}],"author":[{"embeddable":true,"href":"https:\/\/ketner.dk\/holstebro\/wp-json\/wp\/v2\/users\/7"}],"replies":[{"embeddable":true,"href":"https:\/\/ketner.dk\/holstebro\/wp-json\/wp\/v2\/comments?post=2900"}],"version-history":[{"count":9,"href":"https:\/\/ketner.dk\/holstebro\/wp-json\/wp\/v2\/pages\/2900\/revisions"}],"predecessor-version":[{"id":3157,"href":"https:\/\/ketner.dk\/holstebro\/wp-json\/wp\/v2\/pages\/2900\/revisions\/3157"}],"up":[{"embeddable":true,"href":"https:\/\/ketner.dk\/holstebro\/wp-json\/wp\/v2\/pages\/275"}],"wp:attachment":[{"href":"https:\/\/ketner.dk\/holstebro\/wp-json\/wp\/v2\/media?parent=2900"}],"curies":[{"name":"wp","href":"https:\/\/api.w.org\/{rel}","templated":true}]}}