{"id":694,"date":"2021-02-03T13:37:00","date_gmt":"2021-02-03T13:37:00","guid":{"rendered":"https:\/\/lazzatest.dk\/ketner\/?page_id=694"},"modified":"2021-10-14T09:35:55","modified_gmt":"2021-10-14T09:35:55","slug":"vw","status":"publish","type":"page","link":"https:\/\/ketner.dk\/holstebro\/partikelfilter-rens\/vw\/","title":{"rendered":"Partikelfilter-rens VW"},"content":{"rendered":"<p>[vc_row css_animation=&#8221;&#8221; row_type=&#8221;row&#8221; use_row_as_full_screen_section=&#8221;no&#8221; type=&#8221;grid&#8221; angled_section=&#8221;no&#8221; text_align=&#8221;left&#8221; background_image_as_pattern=&#8221;without_pattern&#8221; el_class=&#8221;equal-height align-center&#8221; z_index=&#8221;&#8221; css=&#8221;.vc_custom_1612354655231{background-color: #fffffe !important;}&#8221;][vc_column el_class=&#8221;padding80 paddingright&#8221; offset=&#8221;vc_col-md-6&#8243;][vc_column_text]<\/p>\n<h1>Partikelfilter-rens til VW<\/h1>\n<p>Biler er udstyret med partikelfiltre for mere effektiv emissionskontrol for at mindske bilers forurening. Partikler i udst\u00f8dningsgasserne opsamles i filtret under normal k\u00f8rsel. Men et partikelfilter har en begr\u00e6nset kapacitet, og derfor er nye biler designet til selv at kunne regenerere partikelfilteret.<\/p>\n<p>Det sker per automatik, n\u00e5r du k\u00f8rer h\u00f8jere hastigheder p\u00e5 lange str\u00e6kninger, for eksempel ved motorvejsk\u00f8rsel. N\u00e5r du k\u00f8rer kortere afstande ved lave hastigheder, p\u00e5virker det partikelfilteret, da det p\u00e5 den m\u00e5de ikke kan starte en automatisk rensning af partikelfilteret i din VW. At k\u00f8re korte afstande ved lave hastigheder (eller i kolde klimaer), hvor motoren ikke n\u00e5r normal driftstemperatur, kan ofte f\u00f8re til problemer, der i sidste ende kan for\u00e5rsage en funktionsfejl og udl\u00f8se en advarselsmeddelelse.<\/p>\n<p>En orange advarselslampe vil lyse i instrumentbr\u00e6ttet, hvis en partikelfilter-rens til VW er n\u00f8dvendig. Oplever du dette, anbefaler vi kraftigt, at du med det samme k\u00f8rer din bil hen p\u00e5 et af vores autov\u00e6rksteder \u00f8jeblikkeligt.[\/vc_column_text][vc_empty_space height=&#8221;40px&#8221;]<a  itemprop=\"url\" href=\"https:\/\/ketner.dk\/holstebro\/partikelfilter-rens-booking\/\" target=\"_self\"  class=\"qbutton  default\" style=\"margin: 0 20px 0 0; \">Book tid<i class=\"qodef-icon-dripicons dripicon dripicons-chevron-right qode_button_icon_element\" style=\"\" ><\/i><\/a><a id=\"bliv-ringet-op\" itemprop=\"url\" href=\"#\" target=\"_self\"  class=\"qbutton  white default\" style=\"margin: 0 20px 0 0; \">Bliv ringet op<i class=\"qodef-icon-dripicons dripicon dripicons-chevron-right qode_button_icon_element\" style=\"\" ><\/i><\/a>[vc_empty_space height=&#8221;40px&#8221;][\/vc_column][vc_column el_class=&#8221;video-container&#8221; offset=&#8221;vc_col-md-6&#8243;]\n                \n        <div class=\"youtube-wrapper\">\n            <div class=\"youtube overlay \" data-embed=\"xVt_34RKIXc\">\n\t\t\t\t<div class=\"play-button\">\n\t\t\t\t\t<svg class=\"circle\" xmlns=\"http:\/\/www.w3.org\/2000\/svg\">\n\t\t\t\t\t\t<g>\n\t\t\t\t\t\t\t<ellipse class=\"background\" ry=\"40\" rx=\"40\" cy=\"42\" cx=\"42\" stroke-width=\"2\"\/>\n\t\t\t\t\t\t\t<polygon class=\"play-icon\" points=\"52,43 34,52 34,34\" \/>\n\t\t\t\t\t\t<\/g>\n\t\t\t\t\t<\/svg>\n\t\t\t\t\t<p>H\u00f8r om partikelfilter-rens<\/p>\n                <\/div>\n                \t\t\t<\/div>\n\t\t<\/div>\n\n        [\/vc_column][\/vc_row][vc_row css_animation=&#8221;&#8221; row_type=&#8221;row&#8221; use_row_as_full_screen_section=&#8221;no&#8221; type=&#8221;grid&#8221; angled_section=&#8221;no&#8221; text_align=&#8221;left&#8221; background_image_as_pattern=&#8221;without_pattern&#8221; el_class=&#8221;padding80 align-center equal-height&#8221; css=&#8221;.vc_custom_1612271406426{background-color: #f0f0f0 !important;}&#8221; z_index=&#8221;&#8221;][vc_column offset=&#8221;vc_col-md-6&#8243;]        \n        <div class=\"image_grid-wrapper\">\n            <div class=\"image_grid\">\n                <div class=\"image_grid_item\"><img width=\"1100\" height=\"1100\" src=\"https:\/\/ketner.dk\/holstebro\/wp-content\/uploads\/2021\/01\/partikelfilter-efter.jpg\" class=\"attachment-full size-full\" alt=\"\" srcset=\"https:\/\/ketner.dk\/holstebro\/wp-content\/uploads\/sites\/8\/2021\/01\/partikelfilter-efter.jpg 1100w, https:\/\/ketner.dk\/holstebro\/wp-content\/uploads\/sites\/8\/2021\/01\/partikelfilter-efter-300x300.jpg 300w, https:\/\/ketner.dk\/holstebro\/wp-content\/uploads\/sites\/8\/2021\/01\/partikelfilter-efter-1024x1024.jpg 1024w, https:\/\/ketner.dk\/holstebro\/wp-content\/uploads\/sites\/8\/2021\/01\/partikelfilter-efter-150x150.jpg 150w, https:\/\/ketner.dk\/holstebro\/wp-content\/uploads\/sites\/8\/2021\/01\/partikelfilter-efter-768x768.jpg 768w, https:\/\/ketner.dk\/holstebro\/wp-content\/uploads\/sites\/8\/2021\/01\/partikelfilter-efter-576x576.jpg 576w, https:\/\/ketner.dk\/holstebro\/wp-content\/uploads\/sites\/8\/2021\/01\/partikelfilter-efter-570x570.jpg 570w, https:\/\/ketner.dk\/holstebro\/wp-content\/uploads\/sites\/8\/2021\/01\/partikelfilter-efter-500x500.jpg 500w, https:\/\/ketner.dk\/holstebro\/wp-content\/uploads\/sites\/8\/2021\/01\/partikelfilter-efter-1000x1000.jpg 1000w, https:\/\/ketner.dk\/holstebro\/wp-content\/uploads\/sites\/8\/2021\/01\/partikelfilter-efter-700x700.jpg 700w\" sizes=\"(max-width: 1100px) 100vw, 1100px\" \/><\/div><div class=\"image_grid_item\"><img width=\"1200\" height=\"731\" src=\"https:\/\/ketner.dk\/holstebro\/wp-content\/uploads\/2021\/05\/Partikelfilterrens1.jpg\" class=\"attachment-full size-full\" alt=\"\" \/><\/div><div class=\"image_grid_item\"><img width=\"1200\" height=\"731\" src=\"https:\/\/ketner.dk\/holstebro\/wp-content\/uploads\/2021\/05\/Partikelfilterrens2.jpg\" class=\"attachment-full size-full\" alt=\"\" \/><\/div>            <\/div>\n        <\/div>\n\n        [vc_empty_space height=&#8221;40px&#8221;][\/vc_column][vc_column el_class=&#8221;paddingleft&#8221; offset=&#8221;vc_col-md-6&#8243;][vc_column_text]<\/p>\n<h2>S\u00e5dan foreg\u00e5r en partikelfilter-rens til Volkswagen hos Ketner<\/h2>\n<p>N\u00e5r du kommer med din bil til os, er vi naturligvis behj\u00e6lpelig med b\u00e5de af- og p\u00e5montering af partikelfilteret. N\u00e5r vi har afmonteret filteret, tjekker vi det med et kamera for at unders\u00f8ge filterets kerne. Med den data kontrollerer vi, hvor stoppet filteret her. F\u00f8rst her kan rensningen g\u00e5 i gang.<\/p>\n<p>Vi diagnosticerer altid problemet, inden rensningen foretages, s\u00e5 vi kan garantere dig, at det samme problem ikke opst\u00e5r kort tid efter igen. Typisk skal der ogs\u00e5 en tester p\u00e5 bilens computer til at resette advarselslampen. Vi udf\u00f8rer ofte rensningen samme dag, som du indleverer bilen. Vi tilbyder en rensning af partikelfilter til Volkswagen hos alle vores afdelinger. S\u00e5 du har altid et Ketner-autov\u00e6rksted inden for r\u00e6kkevidde.<\/p>\n<p>Er du interesseret i en partikelfilter-rens til din VW, er du meget velkommen til at kontakte os for flere oplysninger om pris og tidsbestilling.[\/vc_column_text][vc_empty_space height=&#8221;40px&#8221;]<a  itemprop=\"url\" href=\"https:\/\/ketner.dk\/holstebro\/partikelfilter-rens-booking\/\" target=\"_self\"  class=\"qbutton  default\" style=\"margin: 0 20px 0 0; \">Book tid<i class=\"qodef-icon-dripicons dripicon dripicons-chevron-right qode_button_icon_element\" style=\"\" ><\/i><\/a><a id=\"bliv-ringet-op\" itemprop=\"url\" href=\"#\" target=\"_self\"  class=\"qbutton  white default\" style=\"margin: 0 20px 0 0; \">Bliv ringet op<i class=\"qodef-icon-dripicons dripicon dripicons-chevron-right qode_button_icon_element\" style=\"\" ><\/i><\/a>[\/vc_column][\/vc_row][vc_row css_animation=&#8221;&#8221; row_type=&#8221;row&#8221; use_row_as_full_screen_section=&#8221;no&#8221; type=&#8221;grid&#8221; angled_section=&#8221;no&#8221; text_align=&#8221;center&#8221; background_image_as_pattern=&#8221;without_pattern&#8221; el_class=&#8221;padding80&#8243; css=&#8221;.vc_custom_1609935864894{background-color: #002a3b !important;}&#8221; z_index=&#8221;&#8221;][vc_column][vc_row_inner row_type=&#8221;row&#8221; type=&#8221;full_width&#8221; text_align=&#8221;left&#8221; css_animation=&#8221;&#8221; el_class=&#8221;equal-height&#8221;][vc_column_inner width=&#8221;1\/2&#8243; offset=&#8221;vc_col-md-3&#8243;]        \n        <div class=\"icon_text\">\n            <div class=\"icon_text_image\">\n                <img width=\"36\" height=\"36\" src=\"https:\/\/ketner.dk\/holstebro\/wp-content\/uploads\/2021\/01\/icons-white-tools.svg\" class=\"attachment-full size-full\" alt=\"\" srcset=\"https:\/\/ketner.dk\/holstebro\/wp-content\/uploads\/sites\/8\/\/2021\/01\/icons-white-tools.svg 150w, https:\/\/ketner.dk\/holstebro\/wp-content\/uploads\/sites\/8\/\/2021\/01\/icons-white-tools.svg 300w, https:\/\/ketner.dk\/holstebro\/wp-content\/uploads\/sites\/8\/\/2021\/01\/icons-white-tools.svg 1024w, https:\/\/ketner.dk\/holstebro\/wp-content\/uploads\/sites\/8\/\/2021\/01\/icons-white-tools.svg 36w\" sizes=\"(max-width: 36px) 100vw, 36px\" \/>            <\/div>\n            <div class=\"icon_text_content\">\n                <h3>Professionelt<\/h3>\n                <p>P\u00e5 vores autov\u00e6rksted i Holstebro har vi branchens bedste og mest avancerede testudstyr.<\/p>\n            <\/div>\n        <\/div>\n\n        [\/vc_column_inner][vc_column_inner width=&#8221;1\/2&#8243; offset=&#8221;vc_col-md-3&#8243;]        \n        <div class=\"icon_text\">\n            <div class=\"icon_text_image\">\n                <img width=\"36\" height=\"36\" src=\"https:\/\/ketner.dk\/holstebro\/wp-content\/uploads\/2021\/01\/icons-white-car.svg\" class=\"attachment-full size-full\" alt=\"\" srcset=\"https:\/\/ketner.dk\/holstebro\/wp-content\/uploads\/sites\/8\/\/2021\/01\/icons-white-car.svg 150w, https:\/\/ketner.dk\/holstebro\/wp-content\/uploads\/sites\/8\/\/2021\/01\/icons-white-car.svg 300w, https:\/\/ketner.dk\/holstebro\/wp-content\/uploads\/sites\/8\/\/2021\/01\/icons-white-car.svg 1024w, https:\/\/ketner.dk\/holstebro\/wp-content\/uploads\/sites\/8\/\/2021\/01\/icons-white-car.svg 36w\" sizes=\"(max-width: 36px) 100vw, 36px\" \/>            <\/div>\n            <div class=\"icon_text_content\">\n                <h3>Altid gratis l\u00e5nebil<\/h3>\n                <p>Der er altid en l\u00e5nebil klar til dig, mens du har din bil p\u00e5 v\u00e6rksted i Holstebro.<\/p>\n            <\/div>\n        <\/div>\n\n        [\/vc_column_inner][vc_column_inner width=&#8221;1\/2&#8243; offset=&#8221;vc_col-md-3&#8243;]        \n        <div class=\"icon_text\">\n            <div class=\"icon_text_image\">\n                <img width=\"36\" height=\"36\" src=\"https:\/\/ketner.dk\/holstebro\/wp-content\/uploads\/2021\/01\/icons-white-list.svg\" class=\"attachment-full size-full\" alt=\"\" srcset=\"https:\/\/ketner.dk\/holstebro\/wp-content\/uploads\/sites\/8\/\/2021\/01\/icons-white-list.svg 150w, https:\/\/ketner.dk\/holstebro\/wp-content\/uploads\/sites\/8\/\/2021\/01\/icons-white-list.svg 300w, https:\/\/ketner.dk\/holstebro\/wp-content\/uploads\/sites\/8\/\/2021\/01\/icons-white-list.svg 1024w, https:\/\/ketner.dk\/holstebro\/wp-content\/uploads\/sites\/8\/\/2021\/01\/icons-white-list.svg 36w\" sizes=\"(max-width: 36px) 100vw, 36px\" \/>            <\/div>\n            <div class=\"icon_text_content\">\n                <h3>Serviceaftale<\/h3>\n                <p>P\u00e5 vores autov\u00e6rksted i Holstebro kan du tegne en fast serviceaftale. Den giver dig adgang til mange fordele billigt.<\/p>\n            <\/div>\n        <\/div>\n\n        [\/vc_column_inner][vc_column_inner width=&#8221;1\/2&#8243; offset=&#8221;vc_col-md-3&#8243;]        \n        <div class=\"icon_text\">\n            <div class=\"icon_text_image\">\n                <img width=\"36\" height=\"36\" src=\"https:\/\/ketner.dk\/holstebro\/wp-content\/uploads\/2021\/01\/icons-white-time-calendar.svg\" class=\"attachment-full size-full\" alt=\"\" srcset=\"https:\/\/ketner.dk\/holstebro\/wp-content\/uploads\/sites\/8\/\/2021\/01\/icons-white-time-calendar.svg 150w, https:\/\/ketner.dk\/holstebro\/wp-content\/uploads\/sites\/8\/\/2021\/01\/icons-white-time-calendar.svg 300w, https:\/\/ketner.dk\/holstebro\/wp-content\/uploads\/sites\/8\/\/2021\/01\/icons-white-time-calendar.svg 1024w, https:\/\/ketner.dk\/holstebro\/wp-content\/uploads\/sites\/8\/\/2021\/01\/icons-white-time-calendar.svg 36w\" sizes=\"(max-width: 36px) 100vw, 36px\" \/>            <\/div>\n            <div class=\"icon_text_content\">\n                <h3>Ingen ventetid<\/h3>\n                <p>Vores automekaniker i Holstebro giver dig altid den hurtigst mulige service, s\u00e5 du ikke skal undv\u00e6re din bil l\u00e6nge.<\/p>\n            <\/div>\n        <\/div>\n\n        [\/vc_column_inner][\/vc_row_inner][vc_empty_space height=&#8221;40px&#8221;]<a id=\"kontakt\" itemprop=\"url\" href=\"#\" target=\"_self\"  class=\"qbutton  white default\" style=\"margin: 0 20px 0 0; \">Kontakt os<i class=\"qodef-icon-dripicons dripicon dripicons-chevron-right qode_button_icon_element\" style=\"\" ><\/i><\/a>[\/vc_column][\/vc_row][vc_row css_animation=&#8221;&#8221; row_type=&#8221;row&#8221; use_row_as_full_screen_section=&#8221;no&#8221; type=&#8221;grid&#8221; angled_section=&#8221;no&#8221; text_align=&#8221;left&#8221; background_image_as_pattern=&#8221;without_pattern&#8221; el_class=&#8221;padding80 equal-height align-center&#8221; css=&#8221;.vc_custom_1612270519789{background-color: #fffffe !important;}&#8221; z_index=&#8221;&#8221;][vc_column el_class=&#8221;paddingright&#8221;][vc_column_text]<\/p>\n<h2 style=\"text-align: center;\">Det siger vores kunder om os<\/h2>\n<p>[\/vc_column_text][vc_empty_space height=&#8221;40px&#8221;]        \n        <div class=\"testimonials-slider\">\n\n        \n        <div class=\"item\">\n            <div class=\"testimonial-wrapper\">\n                <div class=\"testimonial-image\">\n                                    <\/div>\n                <div class=\"testimonial-content\">\n                    <div class=\"testimonial-text\">\n                        <p>Kompetent r\u00e5dgivning. Fair priser. Hurtig betjening.\r\nHurtig at f\u00e5 en tid. Det blev billigere end de havde estimeret da de ved service vurderede at mine bagerste bremseskiver godt kunne k\u00f8re et par \u00e5r mere.\r\n<\/p>\n                    <\/div>\n                    <div class=\"testimonial-client\">\n                        <div class=\"testimonial-profile\">\n                                                            <img src=\"https:\/\/ketner.dk\/wp-content\/uploads\/2021\/01\/placeholder-150x150.jpg\" alt=\"Placeholder image\">\n                                                    <\/div>\n                        <div class=\"testimonial-info\">\n                            <p class=\"name\">Kenn Thomsen<\/p>\n                                                            <span class=\"service\">Fair priser og kompetent \u2022 <\/span>\n                                                    <\/div>\n                    <\/div>\n                <\/div>\n            <\/div>\n        <\/div>\n\n        \n        <div class=\"item\">\n            <div class=\"testimonial-wrapper\">\n                <div class=\"testimonial-image\">\n                                    <\/div>\n                <div class=\"testimonial-content\">\n                    <div class=\"testimonial-text\">\n                        <p>Super god hj\u00e6lp fra v\u00e6rksted.\r\nDe hentede min havareret bil med ekstern autohj\u00e6lp.\r\nFixede bilen.\r\nAfhentede min bil via deres n\u00f8gleboks udenfor \u00e5bningstid. Betalte med MobilePay.\r\nDet letteste jeg nogensinde har pr\u00f8vet.\r\n<\/p>\n                    <\/div>\n                    <div class=\"testimonial-client\">\n                        <div class=\"testimonial-profile\">\n                                                            <img src=\"https:\/\/ketner.dk\/wp-content\/uploads\/2021\/01\/placeholder-150x150.jpg\" alt=\"Placeholder image\">\n                                                    <\/div>\n                        <div class=\"testimonial-info\">\n                            <p class=\"name\"> Jakob Bo<\/p>\n                                                            <span class=\"service\">Hurtigt og nemt \u2022 <\/span>\n                                                    <\/div>\n                    <\/div>\n                <\/div>\n            <\/div>\n        <\/div>\n\n        \n        <div class=\"item\">\n            <div class=\"testimonial-wrapper\">\n                <div class=\"testimonial-image\">\n                                    <\/div>\n                <div class=\"testimonial-content\">\n                    <div class=\"testimonial-text\">\n                        <p>N\u00e5r Tesla ikke har tid!\r\nFik en indikation p\u00e5 min telefon om at jeg havde lavt d\u00e6ktryk i mit venstre bagd\u00e6k.\r\nJeg oprettede en service sag igennem min Tesla app, de havde desv\u00e6rre f\u00f8rst en ledig tid om 3 uger.\r\nS\u00e5 kontaktede jeg Ketner, der havde tid samme dag, de fiksede problemet lynhurtigt mens vi ventede.\r\nSuper service, kan klart anbefale Ketner i stedet for og vente ved Tesla.\r\n<\/p>\n                    <\/div>\n                    <div class=\"testimonial-client\">\n                        <div class=\"testimonial-profile\">\n                                                            <img src=\"https:\/\/ketner.dk\/wp-content\/uploads\/2021\/01\/placeholder-150x150.jpg\" alt=\"Placeholder image\">\n                                                    <\/div>\n                        <div class=\"testimonial-info\">\n                            <p class=\"name\">Andreas Lindgaard<\/p>\n                                                            <span class=\"service\">Kort ventetid Tesla \u2022 <\/span>\n                                                    <\/div>\n                    <\/div>\n                <\/div>\n            <\/div>\n        <\/div>\n\n        \n        <div class=\"item\">\n            <div class=\"testimonial-wrapper\">\n                <div class=\"testimonial-image\">\n                                    <\/div>\n                <div class=\"testimonial-content\">\n                    <div class=\"testimonial-text\">\n                        <p>Hurtig og professionel service!!\r\nVi havde en l\u00f8s nummerplade, som vi ringet til Ketner om vi kunne f\u00e5 fikset, da det var tyvesikret, og vi vidste ikke, hvordan man kunne g\u00f8re det ordentligt. Vi fil tilbudt en tid samme dag, som vi ikke kunne n\u00e5 men f\u00f8rste ting om morgen den n\u00e6ste dag kunne vi kom ind.\r\nJeg var m\u00f8dt med en venlig smil og f\u00f8lt mig taget rigtig godt imod, og indenfor 20 minutter var jeg p\u00e5 vej igen- hurtig og professionel service!!\r\n<\/p>\n                    <\/div>\n                    <div class=\"testimonial-client\">\n                        <div class=\"testimonial-profile\">\n                                                            <img src=\"https:\/\/ketner.dk\/wp-content\/uploads\/2021\/01\/placeholder-150x150.jpg\" alt=\"Placeholder image\">\n                                                    <\/div>\n                        <div class=\"testimonial-info\">\n                            <p class=\"name\">David<\/p>\n                                                            <span class=\"service\">Hurtig og professionel \u2022 <\/span>\n                                                    <\/div>\n                    <\/div>\n                <\/div>\n            <\/div>\n        <\/div>\n\n        \n        <div class=\"item\">\n            <div class=\"testimonial-wrapper\">\n                <div class=\"testimonial-image\">\n                                    <\/div>\n                <div class=\"testimonial-content\">\n                    <div class=\"testimonial-text\">\n                        <p>Ketner gav en ekstraordin\u00e6r god service, da jeg stod med et \u00f8delagt hjul efter en f\u00e6rgeoverfart. De tilb\u00f8d at blive l\u00e6ngere p\u00e5 arbejde s\u00e5 jeg kunne n\u00e5 at f\u00e5 bugseret bilen frem med vejhj\u00e6lp. Her blev jeg m\u00f8dt af venligt og meget forst\u00e5ende personale. Ud over en god service havde de ogs\u00e5 bredt udvalg af reservedele, da de var de eneste jeg kunne fange p\u00e5 telefonen, der kunne fremskaffe et 18\u201d hjul.\r\nKan kun give de bedste anbefalinger herfra.\r\n<\/p>\n                    <\/div>\n                    <div class=\"testimonial-client\">\n                        <div class=\"testimonial-profile\">\n                                                            <img src=\"https:\/\/ketner.dk\/wp-content\/uploads\/2021\/01\/placeholder-150x150.jpg\" alt=\"Placeholder image\">\n                                                    <\/div>\n                        <div class=\"testimonial-info\">\n                            <p class=\"name\">Birgitte Nielsen<\/p>\n                                                            <span class=\"service\">Ekstraordin\u00e6r god service \u2022 <\/span>\n                                                    <\/div>\n                    <\/div>\n                <\/div>\n            <\/div>\n        <\/div>\n\n        \n        <div class=\"item\">\n            <div class=\"testimonial-wrapper\">\n                <div class=\"testimonial-image\">\n                                    <\/div>\n                <div class=\"testimonial-content\">\n                    <div class=\"testimonial-text\">\n                        <p>Hvis jeg kunne give dem seks stjerner, ville jeg g\u00f8re det \ud83d\ude42 Min bil blev kasseret til syn med noget ratsl\u00f8r, som kr\u00e6vede en ny ratstamme til en samlet pris p\u00e5 omkring 18.000 kr. Ketner form\u00e5r dog at finde en alternativ l\u00f8sning, som kun koster 1.400 kr. Det er fandme i orden. K\u00e6mpeanbefaling. Hurtigt arbejde, megafleksible ift. tider og at n\u00e5 det inden omsyn og ringer\/kommunikerer som aftalt. Tak for god service \ud83d\ude42<\/p>\n                    <\/div>\n                    <div class=\"testimonial-client\">\n                        <div class=\"testimonial-profile\">\n                                                            <img src=\"https:\/\/ketner.dk\/wp-content\/uploads\/2021\/01\/placeholder-150x150.jpg\" alt=\"Placeholder image\">\n                                                    <\/div>\n                        <div class=\"testimonial-info\">\n                            <p class=\"name\">Peter Lauritsen<\/p>\n                                                            <span class=\"service\">Ratsl\u00f8r Tesla \u2022 <\/span>\n                                                    <\/div>\n                    <\/div>\n                <\/div>\n            <\/div>\n        <\/div>\n\n        \n        <\/div>\n\n        [\/vc_column][\/vc_row]<\/p>\n","protected":false},"excerpt":{"rendered":"<p>[vc_row css_animation=&#8221;&#8221; row_type=&#8221;row&#8221; use_row_as_full_screen_section=&#8221;no&#8221; type=&#8221;grid&#8221; angled_section=&#8221;no&#8221; text_align=&#8221;left&#8221; background_image_as_pattern=&#8221;without_pattern&#8221; el_class=&#8221;equal-height align-center&#8221; z_index=&#8221;&#8221; css=&#8221;.vc_custom_1612354655231{background-color: #fffffe !important;}&#8221;][vc_column el_class=&#8221;padding80 paddingright&#8221; offset=&#8221;vc_col-md-6&#8243;][vc_column_text] Partikelfilter-rens til VW Biler er udstyret med partikelfiltre for mere effektiv emissionskontrol for at mindske bilers forurening. Partikler i udst\u00f8dningsgasserne opsamles i filtret under normal k\u00f8rsel. Men et&#8230;<\/p>\n","protected":false},"author":2,"featured_media":0,"parent":261,"menu_order":0,"comment_status":"closed","ping_status":"closed","template":"full_width.php","meta":[],"acf":[],"_links":{"self":[{"href":"https:\/\/ketner.dk\/holstebro\/wp-json\/wp\/v2\/pages\/694"}],"collection":[{"href":"https:\/\/ketner.dk\/holstebro\/wp-json\/wp\/v2\/pages"}],"about":[{"href":"https:\/\/ketner.dk\/holstebro\/wp-json\/wp\/v2\/types\/page"}],"author":[{"embeddable":true,"href":"https:\/\/ketner.dk\/holstebro\/wp-json\/wp\/v2\/users\/2"}],"replies":[{"embeddable":true,"href":"https:\/\/ketner.dk\/holstebro\/wp-json\/wp\/v2\/comments?post=694"}],"version-history":[{"count":3,"href":"https:\/\/ketner.dk\/holstebro\/wp-json\/wp\/v2\/pages\/694\/revisions"}],"predecessor-version":[{"id":2599,"href":"https:\/\/ketner.dk\/holstebro\/wp-json\/wp\/v2\/pages\/694\/revisions\/2599"}],"up":[{"embeddable":true,"href":"https:\/\/ketner.dk\/holstebro\/wp-json\/wp\/v2\/pages\/261"}],"wp:attachment":[{"href":"https:\/\/ketner.dk\/holstebro\/wp-json\/wp\/v2\/media?parent=694"}],"curies":[{"name":"wp","href":"https:\/\/api.w.org\/{rel}","templated":true}]}}