{"id":707,"date":"2021-02-03T13:52:58","date_gmt":"2021-02-03T13:52:58","guid":{"rendered":"https:\/\/lazzatest.dk\/ketner\/?page_id=707"},"modified":"2021-10-14T09:06:28","modified_gmt":"2021-10-14T09:06:28","slug":"nyt-partikelfilter","status":"publish","type":"page","link":"https:\/\/ketner.dk\/holstebro\/partikelfilter-rens\/nyt-partikelfilter\/","title":{"rendered":"Nyt partikelfilter"},"content":{"rendered":"<p>[vc_row css_animation=&#8221;&#8221; row_type=&#8221;row&#8221; use_row_as_full_screen_section=&#8221;no&#8221; type=&#8221;grid&#8221; angled_section=&#8221;no&#8221; text_align=&#8221;left&#8221; background_image_as_pattern=&#8221;without_pattern&#8221; el_class=&#8221;equal-height align-center&#8221; z_index=&#8221;&#8221; css=&#8221;.vc_custom_1612354655231{background-color: #fffffe !important;}&#8221;][vc_column el_class=&#8221;padding80 paddingright&#8221; offset=&#8221;vc_col-md-6&#8243;][vc_column_text]<\/p>\n<h1>Er det n\u00f8dvendigt med et nyt partikelfilter?<\/h1>\n<p>Et partikelfilter er et udst\u00f8dningsfilter, der efter de nye krav i 2018 nu skal monteres p\u00e5 alle nyproducerede biler. Filteret bruges til at reducere skadelige emissioner fra bilen i et fors\u00f8g p\u00e5 at mindske en bils forurening.<\/p>\n<p>Partikelfilteret er designet til at fange disse partikler og derefter regenerere via forbr\u00e6ndinger ved h\u00f8j temperatur. Det er n\u00e5r denne regenereringsproces ikke sker, og filteret bliver tilstoppet, at der kan opst\u00e5 problemer. Men n\u00e5r filteret overv\u00e5ges, diagnosticeres og vedligeholdes korrekt, kan et nyt partikelfilter undg\u00e5s.<\/p>\n<p>Er partikelfilteret i din bil tilstoppet eller er der andre problemer med det, vil en orange advarselslampe lyse p\u00e5 instrumentbr\u00e6ttet. Sker dette, anbefaler vi p\u00e5 det kraftigste, at du med det samme k\u00f8rer din bil hen p\u00e5 et af vores autov\u00e6rksteder. Bliver du ved med at k\u00f8re p\u00e5 trods af advarselslampen, kan det for\u00e5rsage st\u00f8rre problemer, som motorfejl, der i sidste ende kan koste dig en stor reparationsregning. Her er det ogs\u00e5 vigtigt at have milj\u00f8et og partikelfilterets funktion i tanke. For hvis advarselslampen lyser, kan filteret ikke reducere de skadelige emissioner fra bilen, som b\u00e5de er milj\u00f8- og sundhedsskadelige.[\/vc_column_text][vc_empty_space height=&#8221;40px&#8221;]<a  itemprop=\"url\" href=\"https:\/\/ketner.dk\/holstebro\/partikelfilter-rens-booking\/\" target=\"_self\"  class=\"qbutton  default\" style=\"margin: 0 20px 0 0; \">Book tid<i class=\"qodef-icon-dripicons dripicon dripicons-chevron-right qode_button_icon_element\" style=\"\" ><\/i><\/a><a id=\"bliv-ringet-op\" itemprop=\"url\" href=\"#\" target=\"_self\"  class=\"qbutton  white default\" style=\"margin: 0 20px 0 0; \">Bliv ringet op<i class=\"qodef-icon-dripicons dripicon dripicons-chevron-right qode_button_icon_element\" style=\"\" ><\/i><\/a>[vc_empty_space height=&#8221;40px&#8221;][\/vc_column][vc_column el_class=&#8221;video-container&#8221; offset=&#8221;vc_col-md-6&#8243;]\n                \n        <div class=\"youtube-wrapper\">\n            <div class=\"youtube overlay \" data-embed=\"xVt_34RKIXc\">\n\t\t\t\t<div class=\"play-button\">\n\t\t\t\t\t<svg class=\"circle\" xmlns=\"http:\/\/www.w3.org\/2000\/svg\">\n\t\t\t\t\t\t<g>\n\t\t\t\t\t\t\t<ellipse class=\"background\" ry=\"40\" rx=\"40\" cy=\"42\" cx=\"42\" stroke-width=\"2\"\/>\n\t\t\t\t\t\t\t<polygon class=\"play-icon\" points=\"52,43 34,52 34,34\" \/>\n\t\t\t\t\t\t<\/g>\n\t\t\t\t\t<\/svg>\n\t\t\t\t\t<p>H\u00f8r om partikelfilter-rens<\/p>\n                <\/div>\n                \t\t\t<\/div>\n\t\t<\/div>\n\n        [\/vc_column][\/vc_row][vc_row css_animation=&#8221;&#8221; row_type=&#8221;row&#8221; use_row_as_full_screen_section=&#8221;no&#8221; type=&#8221;grid&#8221; angled_section=&#8221;no&#8221; text_align=&#8221;left&#8221; background_image_as_pattern=&#8221;without_pattern&#8221; el_class=&#8221;padding80 align-center equal-height&#8221; css=&#8221;.vc_custom_1612271406426{background-color: #f0f0f0 !important;}&#8221; z_index=&#8221;&#8221;][vc_column offset=&#8221;vc_col-md-6&#8243;]        \n        <div class=\"image_grid-wrapper\">\n            <div class=\"image_grid\">\n                <div class=\"image_grid_item\"><img width=\"1100\" height=\"1100\" src=\"https:\/\/ketner.dk\/holstebro\/wp-content\/uploads\/2021\/01\/partikelfilter-efter.jpg\" class=\"attachment-full size-full\" alt=\"\" srcset=\"https:\/\/ketner.dk\/holstebro\/wp-content\/uploads\/sites\/8\/2021\/01\/partikelfilter-efter.jpg 1100w, https:\/\/ketner.dk\/holstebro\/wp-content\/uploads\/sites\/8\/2021\/01\/partikelfilter-efter-300x300.jpg 300w, https:\/\/ketner.dk\/holstebro\/wp-content\/uploads\/sites\/8\/2021\/01\/partikelfilter-efter-1024x1024.jpg 1024w, https:\/\/ketner.dk\/holstebro\/wp-content\/uploads\/sites\/8\/2021\/01\/partikelfilter-efter-150x150.jpg 150w, https:\/\/ketner.dk\/holstebro\/wp-content\/uploads\/sites\/8\/2021\/01\/partikelfilter-efter-768x768.jpg 768w, https:\/\/ketner.dk\/holstebro\/wp-content\/uploads\/sites\/8\/2021\/01\/partikelfilter-efter-576x576.jpg 576w, https:\/\/ketner.dk\/holstebro\/wp-content\/uploads\/sites\/8\/2021\/01\/partikelfilter-efter-570x570.jpg 570w, https:\/\/ketner.dk\/holstebro\/wp-content\/uploads\/sites\/8\/2021\/01\/partikelfilter-efter-500x500.jpg 500w, https:\/\/ketner.dk\/holstebro\/wp-content\/uploads\/sites\/8\/2021\/01\/partikelfilter-efter-1000x1000.jpg 1000w, https:\/\/ketner.dk\/holstebro\/wp-content\/uploads\/sites\/8\/2021\/01\/partikelfilter-efter-700x700.jpg 700w\" sizes=\"(max-width: 1100px) 100vw, 1100px\" \/><\/div><div class=\"image_grid_item\"><img width=\"1200\" height=\"731\" src=\"https:\/\/ketner.dk\/holstebro\/wp-content\/uploads\/2021\/05\/Partikelfilterrens1.jpg\" class=\"attachment-full size-full\" alt=\"\" \/><\/div><div class=\"image_grid_item\"><img width=\"1200\" height=\"731\" src=\"https:\/\/ketner.dk\/holstebro\/wp-content\/uploads\/2021\/05\/Partikelfilterrens2.jpg\" class=\"attachment-full size-full\" alt=\"\" \/><\/div>            <\/div>\n        <\/div>\n\n        [vc_empty_space height=&#8221;40px&#8221;][\/vc_column][vc_column el_class=&#8221;paddingleft&#8221; offset=&#8221;vc_col-md-6&#8243;][vc_column_text]<\/p>\n<h2>Vi unders\u00f8ger og diagnosticerer altid \u00e5rsagen til problemet: Nyt partikelfilter eller en rens?<\/h2>\n<p>Oplever du problemer med partikelfilteret i din bil og bes\u00f8ger os p\u00e5 et af vores autov\u00e6rksteder, st\u00e5r vi altid klar til at hj\u00e6lpe dig samme dag. Vi har over 15 \u00e5rs erfaring med partikelfiltre og vi har derfor det rette udstyr til at fejlfinde og m\u00e5le p\u00e5 bilens udst\u00f8dningssystem.<\/p>\n<p>Et nyt DPF kan komme til at koste dig helt op til 20.000 kr., s\u00e5 et nyt partikelfilter er aldrig at foretr\u00e6kke \u2013 med mindre det selvf\u00f8lgelig er h\u00f8jst n\u00f8dvendigt. Der kan v\u00e6re mange grunde til motorproblemer og et h\u00f8jere br\u00e6ndstofforbrug, og er det overhovedet partikelfilteret, den er galt med? Derfor er det vigtigt altid at diagnosticere korrekt.<\/p>\n<p>Indleverer du din bil hos os, vil vores mekanikere derfor afmontere filteret og unders\u00f8ge problemet og derudfra beslutte om et nyt partikelfilter er n\u00f8dvendigt, eller om det blot tr\u00e6nger til en rens. En rens tager ikke vores mekanikere mere end 20 minutter, og s\u00e5 er filteret s\u00e5 godt som nyt.<\/p>\n<p>Skal vi unders\u00f8ge om din bil beh\u00f8ver et nyt DPF eller \u00f8nsker du at blive oplyst om en pris, er du meget velkommen til at kontakte os.[\/vc_column_text][vc_empty_space height=&#8221;40px&#8221;]<a  itemprop=\"url\" href=\"https:\/\/ketner.dk\/holstebro\/partikelfilter-rens-booking\/\" target=\"_self\"  class=\"qbutton  default\" style=\"margin: 0 20px 0 0; \">Book tid<i class=\"qodef-icon-dripicons dripicon dripicons-chevron-right qode_button_icon_element\" style=\"\" ><\/i><\/a><a id=\"bliv-ringet-op\" itemprop=\"url\" href=\"#\" target=\"_self\"  class=\"qbutton  white default\" style=\"margin: 0 20px 0 0; \">Bliv ringet op<i class=\"qodef-icon-dripicons dripicon dripicons-chevron-right qode_button_icon_element\" style=\"\" ><\/i><\/a>[\/vc_column][\/vc_row][vc_row css_animation=&#8221;&#8221; row_type=&#8221;row&#8221; use_row_as_full_screen_section=&#8221;no&#8221; type=&#8221;grid&#8221; angled_section=&#8221;no&#8221; text_align=&#8221;center&#8221; background_image_as_pattern=&#8221;without_pattern&#8221; el_class=&#8221;padding80&#8243; css=&#8221;.vc_custom_1609935864894{background-color: #002a3b !important;}&#8221; z_index=&#8221;&#8221;][vc_column][vc_row_inner row_type=&#8221;row&#8221; type=&#8221;full_width&#8221; text_align=&#8221;left&#8221; css_animation=&#8221;&#8221; el_class=&#8221;equal-height&#8221;][vc_column_inner width=&#8221;1\/2&#8243; offset=&#8221;vc_col-md-3&#8243;]        \n        <div class=\"icon_text\">\n            <div class=\"icon_text_image\">\n                <img width=\"36\" height=\"36\" src=\"https:\/\/ketner.dk\/holstebro\/wp-content\/uploads\/2021\/01\/icons-white-tools.svg\" class=\"attachment-full size-full\" alt=\"\" srcset=\"https:\/\/ketner.dk\/holstebro\/wp-content\/uploads\/sites\/8\/\/2021\/01\/icons-white-tools.svg 150w, https:\/\/ketner.dk\/holstebro\/wp-content\/uploads\/sites\/8\/\/2021\/01\/icons-white-tools.svg 300w, https:\/\/ketner.dk\/holstebro\/wp-content\/uploads\/sites\/8\/\/2021\/01\/icons-white-tools.svg 1024w, https:\/\/ketner.dk\/holstebro\/wp-content\/uploads\/sites\/8\/\/2021\/01\/icons-white-tools.svg 36w\" sizes=\"(max-width: 36px) 100vw, 36px\" \/>            <\/div>\n            <div class=\"icon_text_content\">\n                <h3>Professionelt<\/h3>\n                <p>P\u00e5 vores autov\u00e6rksted i Holstebro har vi branchens bedste og mest avancerede testudstyr.<\/p>\n            <\/div>\n        <\/div>\n\n        [\/vc_column_inner][vc_column_inner width=&#8221;1\/2&#8243; offset=&#8221;vc_col-md-3&#8243;]        \n        <div class=\"icon_text\">\n            <div class=\"icon_text_image\">\n                <img width=\"36\" height=\"36\" src=\"https:\/\/ketner.dk\/holstebro\/wp-content\/uploads\/2021\/01\/icons-white-car.svg\" class=\"attachment-full size-full\" alt=\"\" srcset=\"https:\/\/ketner.dk\/holstebro\/wp-content\/uploads\/sites\/8\/\/2021\/01\/icons-white-car.svg 150w, https:\/\/ketner.dk\/holstebro\/wp-content\/uploads\/sites\/8\/\/2021\/01\/icons-white-car.svg 300w, https:\/\/ketner.dk\/holstebro\/wp-content\/uploads\/sites\/8\/\/2021\/01\/icons-white-car.svg 1024w, https:\/\/ketner.dk\/holstebro\/wp-content\/uploads\/sites\/8\/\/2021\/01\/icons-white-car.svg 36w\" sizes=\"(max-width: 36px) 100vw, 36px\" \/>            <\/div>\n            <div class=\"icon_text_content\">\n                <h3>Altid gratis l\u00e5nebil<\/h3>\n                <p>Der er altid en l\u00e5nebil klar til dig, mens du har din bil p\u00e5 v\u00e6rksted i Holstebro.<\/p>\n            <\/div>\n        <\/div>\n\n        [\/vc_column_inner][vc_column_inner width=&#8221;1\/2&#8243; offset=&#8221;vc_col-md-3&#8243;]        \n        <div class=\"icon_text\">\n            <div class=\"icon_text_image\">\n                <img width=\"36\" height=\"36\" src=\"https:\/\/ketner.dk\/holstebro\/wp-content\/uploads\/2021\/01\/icons-white-list.svg\" class=\"attachment-full size-full\" alt=\"\" srcset=\"https:\/\/ketner.dk\/holstebro\/wp-content\/uploads\/sites\/8\/\/2021\/01\/icons-white-list.svg 150w, https:\/\/ketner.dk\/holstebro\/wp-content\/uploads\/sites\/8\/\/2021\/01\/icons-white-list.svg 300w, https:\/\/ketner.dk\/holstebro\/wp-content\/uploads\/sites\/8\/\/2021\/01\/icons-white-list.svg 1024w, https:\/\/ketner.dk\/holstebro\/wp-content\/uploads\/sites\/8\/\/2021\/01\/icons-white-list.svg 36w\" sizes=\"(max-width: 36px) 100vw, 36px\" \/>            <\/div>\n            <div class=\"icon_text_content\">\n                <h3>Serviceaftale<\/h3>\n                <p>P\u00e5 vores autov\u00e6rksted i Holstebro kan du tegne en fast serviceaftale. Den giver dig adgang til mange fordele billigt.<\/p>\n            <\/div>\n        <\/div>\n\n        [\/vc_column_inner][vc_column_inner width=&#8221;1\/2&#8243; offset=&#8221;vc_col-md-3&#8243;]        \n        <div class=\"icon_text\">\n            <div class=\"icon_text_image\">\n                <img width=\"36\" height=\"36\" src=\"https:\/\/ketner.dk\/holstebro\/wp-content\/uploads\/2021\/01\/icons-white-time-calendar.svg\" class=\"attachment-full size-full\" alt=\"\" srcset=\"https:\/\/ketner.dk\/holstebro\/wp-content\/uploads\/sites\/8\/\/2021\/01\/icons-white-time-calendar.svg 150w, https:\/\/ketner.dk\/holstebro\/wp-content\/uploads\/sites\/8\/\/2021\/01\/icons-white-time-calendar.svg 300w, https:\/\/ketner.dk\/holstebro\/wp-content\/uploads\/sites\/8\/\/2021\/01\/icons-white-time-calendar.svg 1024w, https:\/\/ketner.dk\/holstebro\/wp-content\/uploads\/sites\/8\/\/2021\/01\/icons-white-time-calendar.svg 36w\" sizes=\"(max-width: 36px) 100vw, 36px\" \/>            <\/div>\n            <div class=\"icon_text_content\">\n                <h3>Ingen ventetid<\/h3>\n                <p>Vores automekaniker i Holstebro giver dig altid den hurtigst mulige service, s\u00e5 du ikke skal undv\u00e6re din bil l\u00e6nge.<\/p>\n            <\/div>\n        <\/div>\n\n        [\/vc_column_inner][\/vc_row_inner][vc_empty_space height=&#8221;40px&#8221;]<a id=\"kontakt\" itemprop=\"url\" href=\"#\" target=\"_self\"  class=\"qbutton  white default\" style=\"margin: 0 20px 0 0; \">Kontakt os<i class=\"qodef-icon-dripicons dripicon dripicons-chevron-right qode_button_icon_element\" style=\"\" ><\/i><\/a>[\/vc_column][\/vc_row][vc_row css_animation=&#8221;&#8221; row_type=&#8221;row&#8221; use_row_as_full_screen_section=&#8221;no&#8221; type=&#8221;grid&#8221; angled_section=&#8221;no&#8221; text_align=&#8221;left&#8221; background_image_as_pattern=&#8221;without_pattern&#8221; el_class=&#8221;padding80 equal-height align-center&#8221; css=&#8221;.vc_custom_1612270519789{background-color: #fffffe !important;}&#8221; z_index=&#8221;&#8221;][vc_column el_class=&#8221;paddingright&#8221;][vc_column_text]<\/p>\n<h2 style=\"text-align: center;\">Det siger vores kunder om os<\/h2>\n<p>[\/vc_column_text][vc_empty_space height=&#8221;40px&#8221;]        \n        <div class=\"testimonials-slider\">\n\n        \n        <div class=\"item\">\n            <div class=\"testimonial-wrapper\">\n                <div class=\"testimonial-image\">\n                                    <\/div>\n                <div class=\"testimonial-content\">\n                    <div class=\"testimonial-text\">\n                        <p>Kompetent r\u00e5dgivning. Fair priser. Hurtig betjening.\r\nHurtig at f\u00e5 en tid. Det blev billigere end de havde estimeret da de ved service vurderede at mine bagerste bremseskiver godt kunne k\u00f8re et par \u00e5r mere.\r\n<\/p>\n                    <\/div>\n                    <div class=\"testimonial-client\">\n                        <div class=\"testimonial-profile\">\n                                                            <img src=\"https:\/\/ketner.dk\/wp-content\/uploads\/2021\/01\/placeholder-150x150.jpg\" alt=\"Placeholder image\">\n                                                    <\/div>\n                        <div class=\"testimonial-info\">\n                            <p class=\"name\">Kenn Thomsen<\/p>\n                                                            <span class=\"service\">Fair priser og kompetent \u2022 <\/span>\n                                                    <\/div>\n                    <\/div>\n                <\/div>\n            <\/div>\n        <\/div>\n\n        \n        <div class=\"item\">\n            <div class=\"testimonial-wrapper\">\n                <div class=\"testimonial-image\">\n                                    <\/div>\n                <div class=\"testimonial-content\">\n                    <div class=\"testimonial-text\">\n                        <p>Super god hj\u00e6lp fra v\u00e6rksted.\r\nDe hentede min havareret bil med ekstern autohj\u00e6lp.\r\nFixede bilen.\r\nAfhentede min bil via deres n\u00f8gleboks udenfor \u00e5bningstid. Betalte med MobilePay.\r\nDet letteste jeg nogensinde har pr\u00f8vet.\r\n<\/p>\n                    <\/div>\n                    <div class=\"testimonial-client\">\n                        <div class=\"testimonial-profile\">\n                                                            <img src=\"https:\/\/ketner.dk\/wp-content\/uploads\/2021\/01\/placeholder-150x150.jpg\" alt=\"Placeholder image\">\n                                                    <\/div>\n                        <div class=\"testimonial-info\">\n                            <p class=\"name\"> Jakob Bo<\/p>\n                                                            <span class=\"service\">Hurtigt og nemt \u2022 <\/span>\n                                                    <\/div>\n                    <\/div>\n                <\/div>\n            <\/div>\n        <\/div>\n\n        \n        <div class=\"item\">\n            <div class=\"testimonial-wrapper\">\n                <div class=\"testimonial-image\">\n                                    <\/div>\n                <div class=\"testimonial-content\">\n                    <div class=\"testimonial-text\">\n                        <p>N\u00e5r Tesla ikke har tid!\r\nFik en indikation p\u00e5 min telefon om at jeg havde lavt d\u00e6ktryk i mit venstre bagd\u00e6k.\r\nJeg oprettede en service sag igennem min Tesla app, de havde desv\u00e6rre f\u00f8rst en ledig tid om 3 uger.\r\nS\u00e5 kontaktede jeg Ketner, der havde tid samme dag, de fiksede problemet lynhurtigt mens vi ventede.\r\nSuper service, kan klart anbefale Ketner i stedet for og vente ved Tesla.\r\n<\/p>\n                    <\/div>\n                    <div class=\"testimonial-client\">\n                        <div class=\"testimonial-profile\">\n                                                            <img src=\"https:\/\/ketner.dk\/wp-content\/uploads\/2021\/01\/placeholder-150x150.jpg\" alt=\"Placeholder image\">\n                                                    <\/div>\n                        <div class=\"testimonial-info\">\n                            <p class=\"name\">Andreas Lindgaard<\/p>\n                                                            <span class=\"service\">Kort ventetid Tesla \u2022 <\/span>\n                                                    <\/div>\n                    <\/div>\n                <\/div>\n            <\/div>\n        <\/div>\n\n        \n        <div class=\"item\">\n            <div class=\"testimonial-wrapper\">\n                <div class=\"testimonial-image\">\n                                    <\/div>\n                <div class=\"testimonial-content\">\n                    <div class=\"testimonial-text\">\n                        <p>Hurtig og professionel service!!\r\nVi havde en l\u00f8s nummerplade, som vi ringet til Ketner om vi kunne f\u00e5 fikset, da det var tyvesikret, og vi vidste ikke, hvordan man kunne g\u00f8re det ordentligt. Vi fil tilbudt en tid samme dag, som vi ikke kunne n\u00e5 men f\u00f8rste ting om morgen den n\u00e6ste dag kunne vi kom ind.\r\nJeg var m\u00f8dt med en venlig smil og f\u00f8lt mig taget rigtig godt imod, og indenfor 20 minutter var jeg p\u00e5 vej igen- hurtig og professionel service!!\r\n<\/p>\n                    <\/div>\n                    <div class=\"testimonial-client\">\n                        <div class=\"testimonial-profile\">\n                                                            <img src=\"https:\/\/ketner.dk\/wp-content\/uploads\/2021\/01\/placeholder-150x150.jpg\" alt=\"Placeholder image\">\n                                                    <\/div>\n                        <div class=\"testimonial-info\">\n                            <p class=\"name\">David<\/p>\n                                                            <span class=\"service\">Hurtig og professionel \u2022 <\/span>\n                                                    <\/div>\n                    <\/div>\n                <\/div>\n            <\/div>\n        <\/div>\n\n        \n        <div class=\"item\">\n            <div class=\"testimonial-wrapper\">\n                <div class=\"testimonial-image\">\n                                    <\/div>\n                <div class=\"testimonial-content\">\n                    <div class=\"testimonial-text\">\n                        <p>Ketner gav en ekstraordin\u00e6r god service, da jeg stod med et \u00f8delagt hjul efter en f\u00e6rgeoverfart. De tilb\u00f8d at blive l\u00e6ngere p\u00e5 arbejde s\u00e5 jeg kunne n\u00e5 at f\u00e5 bugseret bilen frem med vejhj\u00e6lp. Her blev jeg m\u00f8dt af venligt og meget forst\u00e5ende personale. Ud over en god service havde de ogs\u00e5 bredt udvalg af reservedele, da de var de eneste jeg kunne fange p\u00e5 telefonen, der kunne fremskaffe et 18\u201d hjul.\r\nKan kun give de bedste anbefalinger herfra.\r\n<\/p>\n                    <\/div>\n                    <div class=\"testimonial-client\">\n                        <div class=\"testimonial-profile\">\n                                                            <img src=\"https:\/\/ketner.dk\/wp-content\/uploads\/2021\/01\/placeholder-150x150.jpg\" alt=\"Placeholder image\">\n                                                    <\/div>\n                        <div class=\"testimonial-info\">\n                            <p class=\"name\">Birgitte Nielsen<\/p>\n                                                            <span class=\"service\">Ekstraordin\u00e6r god service \u2022 <\/span>\n                                                    <\/div>\n                    <\/div>\n                <\/div>\n            <\/div>\n        <\/div>\n\n        \n        <div class=\"item\">\n            <div class=\"testimonial-wrapper\">\n                <div class=\"testimonial-image\">\n                                    <\/div>\n                <div class=\"testimonial-content\">\n                    <div class=\"testimonial-text\">\n                        <p>Hvis jeg kunne give dem seks stjerner, ville jeg g\u00f8re det \ud83d\ude42 Min bil blev kasseret til syn med noget ratsl\u00f8r, som kr\u00e6vede en ny ratstamme til en samlet pris p\u00e5 omkring 18.000 kr. Ketner form\u00e5r dog at finde en alternativ l\u00f8sning, som kun koster 1.400 kr. Det er fandme i orden. K\u00e6mpeanbefaling. Hurtigt arbejde, megafleksible ift. tider og at n\u00e5 det inden omsyn og ringer\/kommunikerer som aftalt. Tak for god service \ud83d\ude42<\/p>\n                    <\/div>\n                    <div class=\"testimonial-client\">\n                        <div class=\"testimonial-profile\">\n                                                            <img src=\"https:\/\/ketner.dk\/wp-content\/uploads\/2021\/01\/placeholder-150x150.jpg\" alt=\"Placeholder image\">\n                                                    <\/div>\n                        <div class=\"testimonial-info\">\n                            <p class=\"name\">Peter Lauritsen<\/p>\n                                                            <span class=\"service\">Ratsl\u00f8r Tesla \u2022 <\/span>\n                                                    <\/div>\n                    <\/div>\n                <\/div>\n            <\/div>\n        <\/div>\n\n        \n        <\/div>\n\n        [\/vc_column][\/vc_row]<\/p>\n","protected":false},"excerpt":{"rendered":"<p>[vc_row css_animation=&#8221;&#8221; row_type=&#8221;row&#8221; use_row_as_full_screen_section=&#8221;no&#8221; type=&#8221;grid&#8221; angled_section=&#8221;no&#8221; text_align=&#8221;left&#8221; background_image_as_pattern=&#8221;without_pattern&#8221; el_class=&#8221;equal-height align-center&#8221; z_index=&#8221;&#8221; css=&#8221;.vc_custom_1612354655231{background-color: #fffffe !important;}&#8221;][vc_column el_class=&#8221;padding80 paddingright&#8221; offset=&#8221;vc_col-md-6&#8243;][vc_column_text] Er det n\u00f8dvendigt med et nyt partikelfilter? Et partikelfilter er et udst\u00f8dningsfilter, der efter de nye krav i 2018 nu skal monteres p\u00e5 alle nyproducerede biler. Filteret bruges&#8230;<\/p>\n","protected":false},"author":2,"featured_media":0,"parent":261,"menu_order":0,"comment_status":"closed","ping_status":"closed","template":"full_width.php","meta":[],"acf":[],"_links":{"self":[{"href":"https:\/\/ketner.dk\/holstebro\/wp-json\/wp\/v2\/pages\/707"}],"collection":[{"href":"https:\/\/ketner.dk\/holstebro\/wp-json\/wp\/v2\/pages"}],"about":[{"href":"https:\/\/ketner.dk\/holstebro\/wp-json\/wp\/v2\/types\/page"}],"author":[{"embeddable":true,"href":"https:\/\/ketner.dk\/holstebro\/wp-json\/wp\/v2\/users\/2"}],"replies":[{"embeddable":true,"href":"https:\/\/ketner.dk\/holstebro\/wp-json\/wp\/v2\/comments?post=707"}],"version-history":[{"count":3,"href":"https:\/\/ketner.dk\/holstebro\/wp-json\/wp\/v2\/pages\/707\/revisions"}],"predecessor-version":[{"id":2549,"href":"https:\/\/ketner.dk\/holstebro\/wp-json\/wp\/v2\/pages\/707\/revisions\/2549"}],"up":[{"embeddable":true,"href":"https:\/\/ketner.dk\/holstebro\/wp-json\/wp\/v2\/pages\/261"}],"wp:attachment":[{"href":"https:\/\/ketner.dk\/holstebro\/wp-json\/wp\/v2\/media?parent=707"}],"curies":[{"name":"wp","href":"https:\/\/api.w.org\/{rel}","templated":true}]}}