{"id":849,"date":"2021-02-04T13:15:58","date_gmt":"2021-02-04T13:15:58","guid":{"rendered":"https:\/\/lazzatest.dk\/ketner\/?page_id=849"},"modified":"2021-10-14T10:29:44","modified_gmt":"2021-10-14T10:29:44","slug":"benzinfyr","status":"publish","type":"page","link":"https:\/\/ketner.dk\/holstebro\/specialer\/bilvarmer\/benzinfyr\/","title":{"rendered":"Benzinfyr"},"content":{"rendered":"<p>[vc_row css_animation=&#8221;&#8221; row_type=&#8221;row&#8221; use_row_as_full_screen_section=&#8221;no&#8221; type=&#8221;grid&#8221; angled_section=&#8221;no&#8221; text_align=&#8221;left&#8221; background_image_as_pattern=&#8221;without_pattern&#8221; el_class=&#8221;equal-height align-center&#8221; z_index=&#8221;&#8221; css=&#8221;.vc_custom_1612443287004{background-color: #f0f0f0 !important;}&#8221;][vc_column el_class=&#8221;padding80 paddingright&#8221; offset=&#8221;vc_col-md-6&#8243;][vc_column_text]<\/p>\n<h1>Et benzinfyr til bilen giver dig nogle af de bedste oplevelser, du kan f\u00e5 som almindelig bilist<\/h1>\n<p>Der findes n\u00e6sten ikke noget udstyr, som giver dig lige s\u00e5 stor k\u00f8regl\u00e6de, som det der styrer temperaturen i din bil. Det er m\u00e5ske ikke noget, man l\u00e6gger s\u00e5 meget m\u00e6rke til en en velfungerende bil til daglig. Men med et benzinfyr til bilen tages denne uundv\u00e6rlige komfort til det h\u00f8jest mulige niveau.<\/p>\n<p>Her f\u00e5r du noget smart ekstraudstyr, som er designet til at g\u00f8re livet som bilist s\u00e5 let for dig som overhovedet muligt. Aldrig mere skal du skrabe is af for- og siderude. Aldrig mere skal du sidde og fryse, indtil at bilens kabine er tilstr\u00e6kkeligt opvarmet efter at have v\u00e6ret ude i regn og bl\u00e6st. I stedet f\u00e5r du tid til alt det, der umiddelbart er lidt sjovere end at skrabe sne og is p\u00e5 en tidlig m\u00f8rk vintermorgen. Slut med kolde fingre. Tr\u00e6d ind i varmen og k\u00f8r af sted med den perfekte temperatur for b\u00e5de dig og din bil.<\/p>\n<p>Hos Ketner har vi mange forskellige fyr til biler p\u00e5 lager. Og vi har ogs\u00e5 den n\u00f8dvendige ekspertise til at montere dem. Kontakt os for at h\u00f8re, hvilken model der passer bedst til dig \u2013 det vil du ikke komme til at fortryde.[\/vc_column_text][vc_empty_space height=&#8221;40px&#8221;]<a  itemprop=\"url\" href=\"https:\/\/ketner.dk\/holstebro\/servicebooking\/\" target=\"_self\"  class=\"qbutton  default\" style=\"margin: 0 20px 0 0; \">Book tid<i class=\"qodef-icon-dripicons dripicon dripicons-chevron-right qode_button_icon_element\" style=\"\" ><\/i><\/a><a id=\"bliv-ringet-op\" itemprop=\"url\" href=\"#\" target=\"_self\"  class=\"qbutton  white default\" style=\"margin: 0 20px 0 0; \">Bliv ringet op<i class=\"qodef-icon-dripicons dripicon dripicons-chevron-right qode_button_icon_element\" style=\"\" ><\/i><\/a>[vc_empty_space height=&#8221;40px&#8221;][\/vc_column][vc_column offset=&#8221;vc_col-md-6&#8243;][vc_single_image image=&#8221;820&#8243; img_size=&#8221;full&#8221; style=&#8221;vc_box_rounded&#8221; qode_css_animation=&#8221;&#8221;][\/vc_column][\/vc_row][vc_row css_animation=&#8221;&#8221; row_type=&#8221;row&#8221; use_row_as_full_screen_section=&#8221;no&#8221; type=&#8221;grid&#8221; angled_section=&#8221;no&#8221; text_align=&#8221;left&#8221; background_image_as_pattern=&#8221;without_pattern&#8221; el_class=&#8221;padding80 equal-height align-center&#8221; css=&#8221;.vc_custom_1612443639262{background-color: #fffffe !important;}&#8221; z_index=&#8221;&#8221;][vc_column offset=&#8221;vc_col-md-6&#8243;]        \n        <div class=\"image_grid-wrapper\">\n            <div class=\"image_grid\">\n                <div class=\"image_grid_item\"><img width=\"720\" height=\"1080\" src=\"https:\/\/ketner.dk\/holstebro\/wp-content\/uploads\/2021\/02\/bilvarmer2.jpg\" class=\"attachment-full size-full\" alt=\"\" srcset=\"https:\/\/ketner.dk\/holstebro\/wp-content\/uploads\/sites\/8\/2021\/02\/bilvarmer2.jpg 720w, https:\/\/ketner.dk\/holstebro\/wp-content\/uploads\/sites\/8\/2021\/02\/bilvarmer2-200x300.jpg 200w, https:\/\/ketner.dk\/holstebro\/wp-content\/uploads\/sites\/8\/2021\/02\/bilvarmer2-683x1024.jpg 683w, https:\/\/ketner.dk\/holstebro\/wp-content\/uploads\/sites\/8\/2021\/02\/bilvarmer2-700x1050.jpg 700w\" sizes=\"(max-width: 720px) 100vw, 720px\" \/><\/div><div class=\"image_grid_item\"><img width=\"1200\" height=\"800\" src=\"https:\/\/ketner.dk\/holstebro\/wp-content\/uploads\/2021\/02\/bilvarmer.jpg\" class=\"attachment-full size-full\" alt=\"\" srcset=\"https:\/\/ketner.dk\/holstebro\/wp-content\/uploads\/sites\/8\/2021\/02\/bilvarmer.jpg 1200w, https:\/\/ketner.dk\/holstebro\/wp-content\/uploads\/sites\/8\/2021\/02\/bilvarmer-300x200.jpg 300w, https:\/\/ketner.dk\/holstebro\/wp-content\/uploads\/sites\/8\/2021\/02\/bilvarmer-1024x683.jpg 1024w, https:\/\/ketner.dk\/holstebro\/wp-content\/uploads\/sites\/8\/2021\/02\/bilvarmer-768x512.jpg 768w, https:\/\/ketner.dk\/holstebro\/wp-content\/uploads\/sites\/8\/2021\/02\/bilvarmer-700x467.jpg 700w\" sizes=\"(max-width: 1200px) 100vw, 1200px\" \/><\/div><div class=\"image_grid_item\"><img width=\"1200\" height=\"800\" src=\"https:\/\/ketner.dk\/holstebro\/wp-content\/uploads\/2021\/02\/bilvarmer1.jpg\" class=\"attachment-full size-full\" alt=\"\" srcset=\"https:\/\/ketner.dk\/holstebro\/wp-content\/uploads\/sites\/8\/2021\/02\/bilvarmer1.jpg 1200w, https:\/\/ketner.dk\/holstebro\/wp-content\/uploads\/sites\/8\/2021\/02\/bilvarmer1-300x200.jpg 300w, https:\/\/ketner.dk\/holstebro\/wp-content\/uploads\/sites\/8\/2021\/02\/bilvarmer1-1024x683.jpg 1024w, https:\/\/ketner.dk\/holstebro\/wp-content\/uploads\/sites\/8\/2021\/02\/bilvarmer1-768x512.jpg 768w, https:\/\/ketner.dk\/holstebro\/wp-content\/uploads\/sites\/8\/2021\/02\/bilvarmer1-700x467.jpg 700w\" sizes=\"(max-width: 1200px) 100vw, 1200px\" \/><\/div>            <\/div>\n        <\/div>\n\n        [vc_empty_space height=&#8221;40px&#8221;][\/vc_column][vc_column el_class=&#8221;paddingleft&#8221; offset=&#8221;vc_col-md-6&#8243;][vc_column_text]<\/p>\n<h2>Benzinfyr til bilen med brugervenlige l\u00f8sninger<\/h2>\n<p>I dag beh\u00f8ver du faktisk ikke engang at v\u00e6re i n\u00e6rheden af din bil for at bede dit benzinfyr om at g\u00f8re bilen klar til dig. N\u00e5r du har f\u00e5et os til at hj\u00e6lpe med monteringen af det smarte ekstraudstyr, kan det hele klares ved hj\u00e6lp af en app p\u00e5 din smartphone. Her kan du monitorere temperaturen og starte fyret eller planl\u00e6gge faste tidspunkter p\u00e5 ugen, hvor du gerne vil have, at bilen er k\u00f8reklar.<\/p>\n<p>Og n\u00e5r vi siger k\u00f8reklar, s\u00e5 mener vi k\u00f8reklar. For en motor, der er varm, inden man s\u00e6tter bilen i gang, er meget mindre belastet end en kold motor. Samtidig reduceres udledningen af skadelige gasser med helt op til 50 %, n\u00e5r du bruger opvarmning i forbindelse med en forbr\u00e6ndingsmotor. Og br\u00e6ndstof\u00f8konomien b\u00f8r heller ikke give anledning til bekymring; det br\u00e6ndstof, som bruges til opvarmning, g\u00e5r n\u00e6sten lige op med det, man sparer p\u00e5 at k\u00f8re med en forvarmet motor.<\/p>\n<p>Kontakt os i dag for at h\u00f8re mere om vores forskellige modeller. Vi har helt sikkert en, der passer perfekt til din bil.[\/vc_column_text][vc_empty_space height=&#8221;40px&#8221;]<a  itemprop=\"url\" href=\"https:\/\/ketner.dk\/holstebro\/servicebooking\/\" target=\"_self\"  class=\"qbutton  default\" style=\"margin: 0 20px 0 0; \">Book tid<i class=\"qodef-icon-dripicons dripicon dripicons-chevron-right qode_button_icon_element\" style=\"\" ><\/i><\/a><a id=\"bliv-ringet-op\" itemprop=\"url\" href=\"#\" target=\"_self\"  class=\"qbutton  white default\" style=\"margin: 0 20px 0 0; \">Bliv ringet op<i class=\"qodef-icon-dripicons dripicon dripicons-chevron-right qode_button_icon_element\" style=\"\" ><\/i><\/a>[\/vc_column][\/vc_row]<\/p>\n","protected":false},"excerpt":{"rendered":"<p>[vc_row css_animation=&#8221;&#8221; row_type=&#8221;row&#8221; use_row_as_full_screen_section=&#8221;no&#8221; type=&#8221;grid&#8221; angled_section=&#8221;no&#8221; text_align=&#8221;left&#8221; background_image_as_pattern=&#8221;without_pattern&#8221; el_class=&#8221;equal-height align-center&#8221; z_index=&#8221;&#8221; css=&#8221;.vc_custom_1612443287004{background-color: #f0f0f0 !important;}&#8221;][vc_column el_class=&#8221;padding80 paddingright&#8221; offset=&#8221;vc_col-md-6&#8243;][vc_column_text] Et benzinfyr til bilen giver dig nogle af de bedste oplevelser, du kan f\u00e5 som almindelig bilist Der findes n\u00e6sten ikke noget udstyr, som giver dig lige s\u00e5&#8230;<\/p>\n","protected":false},"author":2,"featured_media":0,"parent":815,"menu_order":0,"comment_status":"closed","ping_status":"closed","template":"full_width.php","meta":[],"acf":[],"_links":{"self":[{"href":"https:\/\/ketner.dk\/holstebro\/wp-json\/wp\/v2\/pages\/849"}],"collection":[{"href":"https:\/\/ketner.dk\/holstebro\/wp-json\/wp\/v2\/pages"}],"about":[{"href":"https:\/\/ketner.dk\/holstebro\/wp-json\/wp\/v2\/types\/page"}],"author":[{"embeddable":true,"href":"https:\/\/ketner.dk\/holstebro\/wp-json\/wp\/v2\/users\/2"}],"replies":[{"embeddable":true,"href":"https:\/\/ketner.dk\/holstebro\/wp-json\/wp\/v2\/comments?post=849"}],"version-history":[{"count":2,"href":"https:\/\/ketner.dk\/holstebro\/wp-json\/wp\/v2\/pages\/849\/revisions"}],"predecessor-version":[{"id":2614,"href":"https:\/\/ketner.dk\/holstebro\/wp-json\/wp\/v2\/pages\/849\/revisions\/2614"}],"up":[{"embeddable":true,"href":"https:\/\/ketner.dk\/holstebro\/wp-json\/wp\/v2\/pages\/815"}],"wp:attachment":[{"href":"https:\/\/ketner.dk\/holstebro\/wp-json\/wp\/v2\/media?parent=849"}],"curies":[{"name":"wp","href":"https:\/\/api.w.org\/{rel}","templated":true}]}}