{"id":878,"date":"2021-02-04T14:44:23","date_gmt":"2021-02-04T14:44:23","guid":{"rendered":"https:\/\/lazzatest.dk\/ketner\/?page_id=878"},"modified":"2025-04-28T09:54:28","modified_gmt":"2025-04-28T09:54:28","slug":"aircondition-vaerksted","status":"publish","type":"page","link":"https:\/\/ketner.dk\/holstebro\/specialer\/aircondition-vaerksted\/","title":{"rendered":"Aircondition-v\u00e6rksted"},"content":{"rendered":"<p>[vc_row css_animation=&#8221;&#8221; row_type=&#8221;row&#8221; use_row_as_full_screen_section=&#8221;no&#8221; type=&#8221;grid&#8221; angled_section=&#8221;no&#8221; text_align=&#8221;left&#8221; background_image_as_pattern=&#8221;without_pattern&#8221; el_class=&#8221;equal-height align-center&#8221; z_index=&#8221;&#8221; css=&#8221;.vc_custom_1612447758829{background-color: #fffffe !important;}&#8221;][vc_column el_class=&#8221;padding80 paddingright&#8221; offset=&#8221;vc_col-md-6&#8243;][vc_column_text]<\/p>\n<h1><strong>Reparation og vedligeholdelse af aircondition i Holstebro<\/strong><\/h1>\n<p>Hos Ketner er vi dem, der servicerer og vedligeholder dit aircondition- og klimaanl\u00e6g i din bil eller varevogn professionelt. Vi har mange \u00e5rs erfaring og har et utal af markedets bedste testere til at udf\u00f8re opgaven p\u00e5 enhver type af aircondition eller klimaanl\u00e6g hurtigt og professionelt.<\/p>\n<p>Har du en elbil, er det afg\u00f8rende at f\u00e5 serviceret aircondition- eller klimaanl\u00e6gget regelm\u00e6ssigt, da det p\u00e5virker flere faktorer, der bidrager til bilens r\u00e6kkevidde, opladningshastighed og levetiden p\u00e5 bilen.<\/p>\n<p>Og du beh\u00f8ver ikke at vente l\u00e6nge, da vi har minimal ventetid! Derfor kan du gl\u00e6de dig over hurtigt at f\u00e5 et velfungerende airconditionanl\u00e6g igen.<\/p>\n<p>K\u00f8r omkring os i dag, eller book en tid \u2013 s\u00e5 ser vi p\u00e5 din aircondition hurtigst muligt.[\/vc_column_text][vc_empty_space height=&#8221;40px&#8221;]<a  itemprop=\"url\" href=\"https:\/\/ketner.dk\/booking-a-c-klimaservice\/\" target=\"_self\"  class=\"qbutton  default\" style=\"margin: 0 20px 0 0; \">Booking A\/C service med pris<i class=\"qodef-icon-dripicons dripicon dripicons-chevron-right qode_button_icon_element\" style=\"\" ><\/i><\/a><a id=\"bliv-ringet-op\" itemprop=\"url\" href=\"#\" target=\"_self\"  class=\"qbutton  white default\" style=\"margin: 0 20px 0 0; \">Bliv ringet op<i class=\"qodef-icon-dripicons dripicon dripicons-chevron-right qode_button_icon_element\" style=\"\" ><\/i><\/a>[vc_empty_space height=&#8221;40px&#8221;]<a  itemprop=\"url\" href=\"https:\/\/ketner.dk\/specialer\/aircondition-vaerksted-elbiler\/\" target=\"_self\"  class=\"qbutton  default\" style=\"margin: 0 20px 0 0; \">Aircondition - elbiler<i class=\"qodef-icon-dripicons dripicon dripicons-chevron-right qode_button_icon_element\" style=\"\" ><\/i><\/a>[vc_empty_space height=&#8221;40px&#8221;][\/vc_column][vc_column offset=&#8221;vc_col-md-6&#8243;][vc_single_image image=&#8221;880&#8243; img_size=&#8221;full&#8221; style=&#8221;vc_box_rounded&#8221; qode_css_animation=&#8221;&#8221;][\/vc_column][\/vc_row][vc_row css_animation=&#8221;&#8221; row_type=&#8221;row&#8221; use_row_as_full_screen_section=&#8221;no&#8221; type=&#8221;grid&#8221; angled_section=&#8221;no&#8221; text_align=&#8221;left&#8221; background_image_as_pattern=&#8221;without_pattern&#8221; el_class=&#8221;padding80 equal-height align-center&#8221; css=&#8221;.vc_custom_1611737133965{background-color: #f0f0f0 !important;}&#8221; z_index=&#8221;&#8221;][vc_column offset=&#8221;vc_col-md-6&#8243;]        \n        <div class=\"image_grid-wrapper\">\n            <div class=\"image_grid\">\n                <div class=\"image_grid_item\"><img width=\"673\" height=\"900\" src=\"https:\/\/ketner.dk\/holstebro\/wp-content\/uploads\/2025\/02\/5_CabinFilter_1200x900px.jpg\" class=\"attachment-full size-full\" alt=\"\" \/><\/div><div class=\"image_grid_item\"><img width=\"1200\" height=\"878\" src=\"https:\/\/ketner.dk\/holstebro\/wp-content\/uploads\/2021\/02\/AC-tjek.jpg\" class=\"attachment-full size-full\" alt=\"\" srcset=\"https:\/\/ketner.dk\/holstebro\/wp-content\/uploads\/sites\/8\/2021\/02\/AC-tjek.jpg 1200w, https:\/\/ketner.dk\/holstebro\/wp-content\/uploads\/sites\/8\/2021\/02\/AC-tjek-300x220.jpg 300w, https:\/\/ketner.dk\/holstebro\/wp-content\/uploads\/sites\/8\/2021\/02\/AC-tjek-1024x749.jpg 1024w, https:\/\/ketner.dk\/holstebro\/wp-content\/uploads\/sites\/8\/2021\/02\/AC-tjek-768x562.jpg 768w, https:\/\/ketner.dk\/holstebro\/wp-content\/uploads\/sites\/8\/2021\/02\/AC-tjek-700x512.jpg 700w\" sizes=\"(max-width: 1200px) 100vw, 1200px\" \/><\/div><div class=\"image_grid_item\"><img width=\"1069\" height=\"1184\" src=\"https:\/\/ketner.dk\/holstebro\/wp-content\/uploads\/2025\/03\/IMG_2926.1.jpeg\" class=\"attachment-full size-full\" alt=\"\" \/><\/div>            <\/div>\n        <\/div>\n\n        [vc_empty_space height=&#8221;40px&#8221;][\/vc_column][vc_column el_class=&#8221;paddingleft&#8221; offset=&#8221;vc_col-md-6&#8243;][vc_column_text]<\/p>\n<h2>Hvad er forskellen p\u00e5 aircondition og et klimaanl\u00e6g?<\/h2>\n<p>Forskellen mellem aircondition og et klimaanl\u00e6g er, at airconditionanl\u00e6gget k\u00f8ler den luft, der pumpes ud i dit k\u00f8ret\u00f8js kabine, og man skal selv regulere temperaturen af luften, hvorimod et klimaanl\u00e6g selv sikrer, at en given temperatur, som du har valgt, fastholdes. Ens for de to forskellige systemer er dog, at de begge skal vedligeholdes som alt andet p\u00e5 et k\u00f8ret\u00f8j. Et airconditionanl\u00e6g, der ikke er vedligeholdt, k\u00f8rer ikke optimalt, og det medf\u00f8rer naturligvis en st\u00f8rre risiko for, at anl\u00e6gget g\u00e5r i stykker.<\/p>\n<p><span style=\"font-weight: 400;\">Vi anbefaler, at du bruger klimaanl\u00e6gget \u00e5ret rundt. Anl\u00e6gget har bedst af at k\u00f8re mindst 10 minutter om m\u00e5neden for at sm\u00f8re alle pakninger og dermed forebygge evt. l\u00e6kager. Hvis det k\u00f8rer j\u00e6vnligt, dannes der heller ikke den d\u00e5rlige lugt, der opst\u00e5r p\u00e5 grund af fugt i filteret eller bakterier.<\/span><\/p>\n<p>Hos Ketner Holstebro tager vi os af reparation af aircondition og klimaanl\u00e6g af alle typer. S\u00e5 ring til os, hvis du tr\u00e6nger til at f\u00e5 foretaget et tjek af noget af det, der giver dig st\u00f8rst gl\u00e6de som bilist p\u00e5 de varme sommerdage.[\/vc_column_text][vc_empty_space height=&#8221;40px&#8221;]<a  itemprop=\"url\" href=\"https:\/\/ketner.dk\/booking-a-c-klimaservice\/\" target=\"_self\"  class=\"qbutton  default\" style=\"margin: 0 20px 0 0; \">Booking A\/C service med pris<i class=\"qodef-icon-dripicons dripicon dripicons-chevron-right qode_button_icon_element\" style=\"\" ><\/i><\/a><a id=\"bliv-ringet-op\" itemprop=\"url\" href=\"#\" target=\"_self\"  class=\"qbutton  white default\" style=\"margin: 0 20px 0 0; \">Bliv ringet op<i class=\"qodef-icon-dripicons dripicon dripicons-chevron-right qode_button_icon_element\" style=\"\" ><\/i><\/a>[\/vc_column][\/vc_row][vc_row css_animation=&#8221;&#8221; row_type=&#8221;row&#8221; use_row_as_full_screen_section=&#8221;no&#8221; type=&#8221;grid&#8221; angled_section=&#8221;no&#8221; text_align=&#8221;center&#8221; background_image_as_pattern=&#8221;without_pattern&#8221; el_class=&#8221;padding80&#8243; css=&#8221;.vc_custom_1609935864894{background-color: #002a3b !important;}&#8221; z_index=&#8221;&#8221;][vc_column][vc_row_inner row_type=&#8221;row&#8221; type=&#8221;full_width&#8221; text_align=&#8221;left&#8221; css_animation=&#8221;&#8221; el_class=&#8221;equal-height&#8221;][vc_column_inner width=&#8221;1\/2&#8243; offset=&#8221;vc_col-md-3&#8243;]        \n        <div class=\"icon_text\">\n            <div class=\"icon_text_image\">\n                <img width=\"36\" height=\"36\" src=\"https:\/\/ketner.dk\/holstebro\/wp-content\/uploads\/2021\/01\/icons-white-tools.svg\" class=\"attachment-full size-full\" alt=\"\" srcset=\"https:\/\/ketner.dk\/holstebro\/wp-content\/uploads\/sites\/8\/\/2021\/01\/icons-white-tools.svg 150w, https:\/\/ketner.dk\/holstebro\/wp-content\/uploads\/sites\/8\/\/2021\/01\/icons-white-tools.svg 300w, https:\/\/ketner.dk\/holstebro\/wp-content\/uploads\/sites\/8\/\/2021\/01\/icons-white-tools.svg 1024w, https:\/\/ketner.dk\/holstebro\/wp-content\/uploads\/sites\/8\/\/2021\/01\/icons-white-tools.svg 36w\" sizes=\"(max-width: 36px) 100vw, 36px\" \/>            <\/div>\n            <div class=\"icon_text_content\">\n                <h3>Professionelt<\/h3>\n                <p>P\u00e5 vores autov\u00e6rksted i Holstebro har vi branchens bedste og mest avancerede testudstyr.<\/p>\n            <\/div>\n        <\/div>\n\n        [\/vc_column_inner][vc_column_inner width=&#8221;1\/2&#8243; offset=&#8221;vc_col-md-3&#8243;]        \n        <div class=\"icon_text\">\n            <div class=\"icon_text_image\">\n                <img width=\"36\" height=\"36\" src=\"https:\/\/ketner.dk\/holstebro\/wp-content\/uploads\/2021\/01\/icons-white-car.svg\" class=\"attachment-full size-full\" alt=\"\" srcset=\"https:\/\/ketner.dk\/holstebro\/wp-content\/uploads\/sites\/8\/\/2021\/01\/icons-white-car.svg 150w, https:\/\/ketner.dk\/holstebro\/wp-content\/uploads\/sites\/8\/\/2021\/01\/icons-white-car.svg 300w, https:\/\/ketner.dk\/holstebro\/wp-content\/uploads\/sites\/8\/\/2021\/01\/icons-white-car.svg 1024w, https:\/\/ketner.dk\/holstebro\/wp-content\/uploads\/sites\/8\/\/2021\/01\/icons-white-car.svg 36w\" sizes=\"(max-width: 36px) 100vw, 36px\" \/>            <\/div>\n            <div class=\"icon_text_content\">\n                <h3>F\u00e5 en l\u00e5nebil<\/h3>\n                <p>Der er altid en l\u00e5nebil klar til dig, mens du har din bil p\u00e5 v\u00e6rksted i Holstebro.<\/p>\n            <\/div>\n        <\/div>\n\n        [\/vc_column_inner][vc_column_inner width=&#8221;1\/2&#8243; offset=&#8221;vc_col-md-3&#8243;]        \n        <div class=\"icon_text\">\n            <div class=\"icon_text_image\">\n                <img width=\"36\" height=\"36\" src=\"https:\/\/ketner.dk\/holstebro\/wp-content\/uploads\/2021\/01\/icons-white-list.svg\" class=\"attachment-full size-full\" alt=\"\" srcset=\"https:\/\/ketner.dk\/holstebro\/wp-content\/uploads\/sites\/8\/\/2021\/01\/icons-white-list.svg 150w, https:\/\/ketner.dk\/holstebro\/wp-content\/uploads\/sites\/8\/\/2021\/01\/icons-white-list.svg 300w, https:\/\/ketner.dk\/holstebro\/wp-content\/uploads\/sites\/8\/\/2021\/01\/icons-white-list.svg 1024w, https:\/\/ketner.dk\/holstebro\/wp-content\/uploads\/sites\/8\/\/2021\/01\/icons-white-list.svg 36w\" sizes=\"(max-width: 36px) 100vw, 36px\" \/>            <\/div>\n            <div class=\"icon_text_content\">\n                <h3>Serviceaftale<\/h3>\n                <p>P\u00e5 vores autov\u00e6rksted i Holstebro kan du tegne en fast serviceaftale. Den giver dig adgang til mange fordele billigt.<\/p>\n            <\/div>\n        <\/div>\n\n        [\/vc_column_inner][vc_column_inner width=&#8221;1\/2&#8243; offset=&#8221;vc_col-md-3&#8243;]        \n        <div class=\"icon_text\">\n            <div class=\"icon_text_image\">\n                <img width=\"36\" height=\"36\" src=\"https:\/\/ketner.dk\/holstebro\/wp-content\/uploads\/2021\/01\/icons-white-time-calendar.svg\" class=\"attachment-full size-full\" alt=\"\" srcset=\"https:\/\/ketner.dk\/holstebro\/wp-content\/uploads\/sites\/8\/\/2021\/01\/icons-white-time-calendar.svg 150w, https:\/\/ketner.dk\/holstebro\/wp-content\/uploads\/sites\/8\/\/2021\/01\/icons-white-time-calendar.svg 300w, https:\/\/ketner.dk\/holstebro\/wp-content\/uploads\/sites\/8\/\/2021\/01\/icons-white-time-calendar.svg 1024w, https:\/\/ketner.dk\/holstebro\/wp-content\/uploads\/sites\/8\/\/2021\/01\/icons-white-time-calendar.svg 36w\" sizes=\"(max-width: 36px) 100vw, 36px\" \/>            <\/div>\n            <div class=\"icon_text_content\">\n                <h3>Minimal ventetid<\/h3>\n                <p>Vores automekaniker i Holstebro giver dig altid den hurtigst mulige service, s\u00e5 du ikke skal undv\u00e6re din bil l\u00e6nge.<\/p>\n            <\/div>\n        <\/div>\n\n        [\/vc_column_inner][\/vc_row_inner][vc_empty_space height=&#8221;40px&#8221;]<a id=\"kontakt\" itemprop=\"url\" href=\"#\" target=\"_self\"  class=\"qbutton  white default\" style=\"margin: 0 20px 0 0; \">Kontakt os<i class=\"qodef-icon-dripicons dripicon dripicons-chevron-right qode_button_icon_element\" style=\"\" ><\/i><\/a>[\/vc_column][\/vc_row][vc_row css_animation=&#8221;&#8221; row_type=&#8221;row&#8221; use_row_as_full_screen_section=&#8221;no&#8221; type=&#8221;grid&#8221; angled_section=&#8221;no&#8221; text_align=&#8221;left&#8221; background_image_as_pattern=&#8221;without_pattern&#8221; el_class=&#8221;padding80&#8243; css=&#8221;.vc_custom_1611736988930{background-color: #fffffe !important;}&#8221; z_index=&#8221;&#8221;][vc_column][vc_column_text]<\/p>\n<h3>Vedligeholdelse af aircondition og klimaanl\u00e6g<\/h3>\n<p><span style=\"font-weight: 400;\">Det er en rigtig god id\u00e9 at f\u00e5 tjekket aircondition-\/klimaanl\u00e6g en gang om \u00e5ret og serviceret hvert andet. Et anl\u00e6g kan miste op til 10% af k\u00f8lemidlet, og det er ikke kun komfort og sundere indeklima, det har indflydelse p\u00e5. K\u00f8lemidlet indeholder olie, der sm\u00f8rer kompressor, pakninger mm., og ved mangel p\u00e5 olie kan der v\u00e6re risiko for skader p\u00e5 vitale dele. S\u00e5 det er ogs\u00e5 godt for \u00f8konomien.<\/span><\/p>\n<p>Oplever du lugtgener fra dit anl\u00e6g, kan vi naturligvis ogs\u00e5 hj\u00e6lpe med at fjerne dem. Lugtgenerne skyldes ofte bakteriedannelse i anl\u00e6gget, og p\u00e5 vores v\u00e6rksteder har vi udstyret til at dr\u00e6be bakterierne. Vores medarbejdere efteruddannes og certificeres l\u00f8bende, s\u00e5 vi altid er i takt med udviklingen.<\/p>\n<p>Har du sp\u00f8rgsm\u00e5l til reparation af aircondition eller dit klimaanl\u00e6g, er du altid velkommen til at kontakte os og f\u00e5 gode r\u00e5d.[\/vc_column_text][vc_empty_space height=&#8221;40px&#8221;]<a  itemprop=\"url\" href=\"https:\/\/ketner.dk\/booking-a-c-klimaservice\/\" target=\"_self\"  class=\"qbutton  default\" style=\"margin: 0 20px 0 0; \">Booking A\/C service med pris<i class=\"qodef-icon-dripicons dripicon dripicons-chevron-right qode_button_icon_element\" style=\"\" ><\/i><\/a><a id=\"bliv-ringet-op\" itemprop=\"url\" href=\"#\" target=\"_self\"  class=\"qbutton  white default\" style=\"margin: 0 20px 0 0; \">Bliv ringet op<i class=\"qodef-icon-dripicons dripicon dripicons-chevron-right qode_button_icon_element\" style=\"\" ><\/i><\/a>[\/vc_column][\/vc_row]<\/p>\n","protected":false},"excerpt":{"rendered":"<p>[vc_row css_animation=&#8221;&#8221; row_type=&#8221;row&#8221; use_row_as_full_screen_section=&#8221;no&#8221; type=&#8221;grid&#8221; angled_section=&#8221;no&#8221; text_align=&#8221;left&#8221; background_image_as_pattern=&#8221;without_pattern&#8221; el_class=&#8221;equal-height align-center&#8221; z_index=&#8221;&#8221; css=&#8221;.vc_custom_1612447758829{background-color: #fffffe !important;}&#8221;][vc_column el_class=&#8221;padding80 paddingright&#8221; offset=&#8221;vc_col-md-6&#8243;][vc_column_text] Reparation og vedligeholdelse af aircondition i Holstebro Hos Ketner er vi dem, der servicerer og vedligeholder dit aircondition- og klimaanl\u00e6g i din bil eller varevogn professionelt. Vi har&#8230;<\/p>\n","protected":false},"author":2,"featured_media":0,"parent":267,"menu_order":0,"comment_status":"closed","ping_status":"closed","template":"full_width.php","meta":[],"acf":[],"_links":{"self":[{"href":"https:\/\/ketner.dk\/holstebro\/wp-json\/wp\/v2\/pages\/878"}],"collection":[{"href":"https:\/\/ketner.dk\/holstebro\/wp-json\/wp\/v2\/pages"}],"about":[{"href":"https:\/\/ketner.dk\/holstebro\/wp-json\/wp\/v2\/types\/page"}],"author":[{"embeddable":true,"href":"https:\/\/ketner.dk\/holstebro\/wp-json\/wp\/v2\/users\/2"}],"replies":[{"embeddable":true,"href":"https:\/\/ketner.dk\/holstebro\/wp-json\/wp\/v2\/comments?post=878"}],"version-history":[{"count":7,"href":"https:\/\/ketner.dk\/holstebro\/wp-json\/wp\/v2\/pages\/878\/revisions"}],"predecessor-version":[{"id":3096,"href":"https:\/\/ketner.dk\/holstebro\/wp-json\/wp\/v2\/pages\/878\/revisions\/3096"}],"up":[{"embeddable":true,"href":"https:\/\/ketner.dk\/holstebro\/wp-json\/wp\/v2\/pages\/267"}],"wp:attachment":[{"href":"https:\/\/ketner.dk\/holstebro\/wp-json\/wp\/v2\/media?parent=878"}],"curies":[{"name":"wp","href":"https:\/\/api.w.org\/{rel}","templated":true}]}}