{"id":913,"date":"2021-02-05T09:18:12","date_gmt":"2021-02-05T09:18:12","guid":{"rendered":"https:\/\/lazzatest.dk\/ketner\/?page_id=913"},"modified":"2021-10-14T10:44:22","modified_gmt":"2021-10-14T10:44:22","slug":"radar-kalibrering","status":"publish","type":"page","link":"https:\/\/ketner.dk\/holstebro\/specialer\/radar-kalibrering\/","title":{"rendered":"Radarkalibrering"},"content":{"rendered":"<p>[vc_row css_animation=&#8221;&#8221; row_type=&#8221;row&#8221; use_row_as_full_screen_section=&#8221;no&#8221; type=&#8221;grid&#8221; angled_section=&#8221;no&#8221; text_align=&#8221;left&#8221; background_image_as_pattern=&#8221;without_pattern&#8221; el_class=&#8221;equal-height align-center&#8221; z_index=&#8221;&#8221; css=&#8221;.vc_custom_1612516409464{background-color: #f0f0f0 !important;}&#8221;][vc_column el_class=&#8221;padding80 paddingright&#8221; offset=&#8221;vc_col-md-6&#8243;][vc_column_text]<\/p>\n<h1>Professionel radarkalibrering og justering af kameraer<\/h1>\n<p>Blandt alle de elektroniske systemer, der findes i mange moderne biler, findes radarer og kameraer, der hj\u00e6lper dig med at k\u00f8re din bil trygt og sikkert. Disse enheder kan for eksempel hj\u00e6lpe dig med at bed\u00f8mme afstande, n\u00e5r du skal parkere, og s\u00f8rger for at minimere risikoen for endnu st\u00f8rre ulykker. Med s\u00e5 vitale funktioner er det vigtigt at sikre sig, at teknologien er up-to-date og fungerer efter hensigten.<\/p>\n<p>N\u00e6sten alle nyere biler har fabriksmonteret kamera i forruden og raderer i kofanger. De er udstyret med f\u00f8rerassistsystemer, som er et omfattende system af h\u00f8jf\u00f8lsomme sensorer, der hele tiden overv\u00e5ger bilens omgivelser. N\u00e5r du f\u00e5r os til at hj\u00e6lpe dig med at foretage en kalibrering af din bil, sikrer du dig dermed, at din og ikke mindst dine passagerers sikkerhed er i h\u00f8js\u00e6det. Det er ogs\u00e5 en af grundene til, at vores v\u00e6rksteder altid er fuldt udstyret med v\u00e6rkt\u00f8jer til at foretage de lovm\u00e6ssige og sikkerhedsm\u00e6ssige kalibreringer af din bil.[\/vc_column_text][vc_empty_space height=&#8221;40px&#8221;]<a  itemprop=\"url\" href=\"https:\/\/ketner.dk\/holstebro\/servicebooking\/\" target=\"_self\"  class=\"qbutton  default\" style=\"margin: 0 20px 0 0; \">Book tid<i class=\"qodef-icon-dripicons dripicon dripicons-chevron-right qode_button_icon_element\" style=\"\" ><\/i><\/a><a id=\"bliv-ringet-op\" itemprop=\"url\" href=\"#\" target=\"_self\"  class=\"qbutton  white default\" style=\"margin: 0 20px 0 0; \">Bliv ringet op<i class=\"qodef-icon-dripicons dripicon dripicons-chevron-right qode_button_icon_element\" style=\"\" ><\/i><\/a>[vc_empty_space height=&#8221;40px&#8221;][\/vc_column][vc_column offset=&#8221;vc_col-md-6&#8243;][vc_single_image image=&#8221;915&#8243; img_size=&#8221;full&#8221; style=&#8221;vc_box_rounded&#8221; qode_css_animation=&#8221;&#8221;][\/vc_column][\/vc_row][vc_row css_animation=&#8221;&#8221; row_type=&#8221;row&#8221; use_row_as_full_screen_section=&#8221;no&#8221; type=&#8221;grid&#8221; angled_section=&#8221;no&#8221; text_align=&#8221;left&#8221; background_image_as_pattern=&#8221;without_pattern&#8221; el_class=&#8221;padding80 equal-height align-center&#8221; css=&#8221;.vc_custom_1612516401103{background-color: #fffffe !important;}&#8221; z_index=&#8221;&#8221;][vc_column offset=&#8221;vc_col-md-6&#8243;]        \n        <div class=\"image_grid-wrapper\">\n            <div class=\"image_grid\">\n                <div class=\"image_grid_item\"><img width=\"900\" height=\"1200\" src=\"https:\/\/ketner.dk\/holstebro\/wp-content\/uploads\/2021\/02\/Kalibrering-2.jpg\" class=\"attachment-full size-full\" alt=\"\" srcset=\"https:\/\/ketner.dk\/holstebro\/wp-content\/uploads\/sites\/8\/2021\/02\/Kalibrering-2.jpg 900w, https:\/\/ketner.dk\/holstebro\/wp-content\/uploads\/sites\/8\/2021\/02\/Kalibrering-2-225x300.jpg 225w, https:\/\/ketner.dk\/holstebro\/wp-content\/uploads\/sites\/8\/2021\/02\/Kalibrering-2-768x1024.jpg 768w, https:\/\/ketner.dk\/holstebro\/wp-content\/uploads\/sites\/8\/2021\/02\/Kalibrering-2-600x800.jpg 600w, https:\/\/ketner.dk\/holstebro\/wp-content\/uploads\/sites\/8\/2021\/02\/Kalibrering-2-700x933.jpg 700w\" sizes=\"(max-width: 900px) 100vw, 900px\" \/><\/div><div class=\"image_grid_item\"><img width=\"1200\" height=\"900\" src=\"https:\/\/ketner.dk\/holstebro\/wp-content\/uploads\/2021\/02\/Kalibrering.jpg\" class=\"attachment-full size-full\" alt=\"\" srcset=\"https:\/\/ketner.dk\/holstebro\/wp-content\/uploads\/sites\/8\/2021\/02\/Kalibrering.jpg 1200w, https:\/\/ketner.dk\/holstebro\/wp-content\/uploads\/sites\/8\/2021\/02\/Kalibrering-300x225.jpg 300w, https:\/\/ketner.dk\/holstebro\/wp-content\/uploads\/sites\/8\/2021\/02\/Kalibrering-1024x768.jpg 1024w, https:\/\/ketner.dk\/holstebro\/wp-content\/uploads\/sites\/8\/2021\/02\/Kalibrering-768x576.jpg 768w, https:\/\/ketner.dk\/holstebro\/wp-content\/uploads\/sites\/8\/2021\/02\/Kalibrering-800x600.jpg 800w, https:\/\/ketner.dk\/holstebro\/wp-content\/uploads\/sites\/8\/2021\/02\/Kalibrering-700x525.jpg 700w\" sizes=\"(max-width: 1200px) 100vw, 1200px\" \/><\/div><div class=\"image_grid_item\"><img width=\"1200\" height=\"1224\" src=\"https:\/\/ketner.dk\/holstebro\/wp-content\/uploads\/2021\/02\/Kalibrering-5.jpg\" class=\"attachment-full size-full\" alt=\"\" srcset=\"https:\/\/ketner.dk\/holstebro\/wp-content\/uploads\/sites\/8\/2021\/02\/Kalibrering-5.jpg 1200w, https:\/\/ketner.dk\/holstebro\/wp-content\/uploads\/sites\/8\/2021\/02\/Kalibrering-5-294x300.jpg 294w, https:\/\/ketner.dk\/holstebro\/wp-content\/uploads\/sites\/8\/2021\/02\/Kalibrering-5-1004x1024.jpg 1004w, https:\/\/ketner.dk\/holstebro\/wp-content\/uploads\/sites\/8\/2021\/02\/Kalibrering-5-768x783.jpg 768w, https:\/\/ketner.dk\/holstebro\/wp-content\/uploads\/sites\/8\/2021\/02\/Kalibrering-5-700x714.jpg 700w\" sizes=\"(max-width: 1200px) 100vw, 1200px\" \/><\/div>            <\/div>\n        <\/div>\n\n        [vc_empty_space height=&#8221;40px&#8221;][\/vc_column][vc_column el_class=&#8221;paddingleft&#8221; offset=&#8221;vc_col-md-6&#8243;][vc_column_text]<\/p>\n<h2>Korrekt kalibrering af radar og kamera \u2013 for din sikkerheds skyld<\/h2>\n<p>N\u00e5r du f\u00e5r skiftet din forrude p\u00e5 din bil eller lavet en skade p\u00e5 nogle bestemte karosseridele, er det vigtigt, at du v\u00e6lger et v\u00e6rksted med professionelt udstyr til at justere radar, kamera og sensorer efter fabrikkens forskrifter. I takt med at moderne biler i dag bliver mere og mere h\u00f8jteknologiske, stiger de faglige krav til autov\u00e6rkstederne naturligvis ogs\u00e5. Derfor er det en af mange fordele at g\u00e5 direkte til fagspecialisterne, n\u00e5r der er problemer med din bil.<\/p>\n<p>Hos Ketner s\u00e6tter vi en \u00e6re i at holde hele vores arsenal af v\u00e6rkt\u00f8jer til diagnosticering og kalibrering af essentielle sensorer, kameraer og radarer p\u00e5 forkant med den hastige udvikling. Det g\u00e6lder b\u00e5de med hensyn til intelligent assisterende teknologi og den vitale trafiksikkerhed. Selv sm\u00e5 un\u00f8jagtigheder i indstillingerne kan have alvorlige f\u00f8lger. Derfor garanterer vi selvf\u00f8lgelig altid for korrekt kalibrering og opdatering af den seneste software direkte fra fabrikken, n\u00e5r der laves skadesreparationer af din bil.[\/vc_column_text][\/vc_column][\/vc_row]<\/p>\n","protected":false},"excerpt":{"rendered":"<p>[vc_row css_animation=&#8221;&#8221; row_type=&#8221;row&#8221; use_row_as_full_screen_section=&#8221;no&#8221; type=&#8221;grid&#8221; angled_section=&#8221;no&#8221; text_align=&#8221;left&#8221; background_image_as_pattern=&#8221;without_pattern&#8221; el_class=&#8221;equal-height align-center&#8221; z_index=&#8221;&#8221; css=&#8221;.vc_custom_1612516409464{background-color: #f0f0f0 !important;}&#8221;][vc_column el_class=&#8221;padding80 paddingright&#8221; offset=&#8221;vc_col-md-6&#8243;][vc_column_text] Professionel radarkalibrering og justering af kameraer Blandt alle de elektroniske systemer, der findes i mange moderne biler, findes radarer og kameraer, der hj\u00e6lper dig med at k\u00f8re din&#8230;<\/p>\n","protected":false},"author":2,"featured_media":0,"parent":267,"menu_order":0,"comment_status":"closed","ping_status":"closed","template":"full_width.php","meta":[],"acf":[],"_links":{"self":[{"href":"https:\/\/ketner.dk\/holstebro\/wp-json\/wp\/v2\/pages\/913"}],"collection":[{"href":"https:\/\/ketner.dk\/holstebro\/wp-json\/wp\/v2\/pages"}],"about":[{"href":"https:\/\/ketner.dk\/holstebro\/wp-json\/wp\/v2\/types\/page"}],"author":[{"embeddable":true,"href":"https:\/\/ketner.dk\/holstebro\/wp-json\/wp\/v2\/users\/2"}],"replies":[{"embeddable":true,"href":"https:\/\/ketner.dk\/holstebro\/wp-json\/wp\/v2\/comments?post=913"}],"version-history":[{"count":3,"href":"https:\/\/ketner.dk\/holstebro\/wp-json\/wp\/v2\/pages\/913\/revisions"}],"predecessor-version":[{"id":2647,"href":"https:\/\/ketner.dk\/holstebro\/wp-json\/wp\/v2\/pages\/913\/revisions\/2647"}],"up":[{"embeddable":true,"href":"https:\/\/ketner.dk\/holstebro\/wp-json\/wp\/v2\/pages\/267"}],"wp:attachment":[{"href":"https:\/\/ketner.dk\/holstebro\/wp-json\/wp\/v2\/media?parent=913"}],"curies":[{"name":"wp","href":"https:\/\/api.w.org\/{rel}","templated":true}]}}