{"id":951,"date":"2021-02-05T10:32:27","date_gmt":"2021-02-05T10:32:27","guid":{"rendered":"https:\/\/lazzatest.dk\/ketner\/holstebro\/?page_id=951"},"modified":"2026-01-27T13:12:13","modified_gmt":"2026-01-27T13:12:13","slug":"medarbejdere","status":"publish","type":"page","link":"https:\/\/ketner.dk\/holstebro\/om\/medarbejdere\/","title":{"rendered":"Medarbejdere"},"content":{"rendered":"<p>[vc_row css_animation=&#8221;&#8221; row_type=&#8221;row&#8221; use_row_as_full_screen_section=&#8221;no&#8221; type=&#8221;grid&#8221; angled_section=&#8221;no&#8221; text_align=&#8221;left&#8221; background_image_as_pattern=&#8221;without_pattern&#8221; el_class=&#8221;padding80 equal-height align-center&#8221; z_index=&#8221;&#8221; css=&#8221;.vc_custom_1612779213897{background-color: #f0f0f0 !important;}&#8221;][vc_column el_class=&#8221;paddingright&#8221; offset=&#8221;vc_col-md-6&#8243;][vc_column_text]<\/p>\n<h1>M\u00f8d frontpersonalet<\/h1>\n<p>I Holstebro st\u00e5r vi klar til at tage imod dig og din bil.<br \/>\nKontakt os og f\u00e5 r\u00e5d og vejledning, s\u00e5 du hurtigt kan komme videre.<\/p>\n<p>Mangler du en reservedel, har vi ogs\u00e5 en ekspert inden for det omr\u00e5de.<br \/>\nHenrik er mester i at finde de korrekte dele, og kan ofte levere fra dag til dag.<\/p>\n<p>Ketner har afdelinger i Aalborg, Aarhus, Herning, Holstebro, Kolding og Odense, og best\u00e5r i dag af ca. 140 medarbejdere, fordelt i de forskellige afdelinger.<\/p>\n<p>Vi gl\u00e6der os til at tale med dig.[\/vc_column_text][vc_empty_space height=&#8221;40px&#8221;][\/vc_column][vc_column offset=&#8221;vc_col-md-6&#8243;][vc_single_image image=&#8221;1882&#8243; img_size=&#8221;full&#8221; style=&#8221;vc_box_rounded&#8221; qode_css_animation=&#8221;&#8221;][\/vc_column][\/vc_row][vc_row css_animation=&#8221;&#8221; row_type=&#8221;row&#8221; use_row_as_full_screen_section=&#8221;no&#8221; type=&#8221;grid&#8221; angled_section=&#8221;no&#8221; text_align=&#8221;left&#8221; background_image_as_pattern=&#8221;without_pattern&#8221; el_class=&#8221;padding80 equal-height align-center&#8221; css=&#8221;.vc_custom_1612779260540{padding-bottom: 0px !important;background-color: #fffffe !important;}&#8221; z_index=&#8221;&#8221;][vc_column][vc_column_text]<\/p>\n<h3>Holstebro<\/h3>\n<p>[\/vc_column_text][vc_empty_space height=&#8221;40px&#8221;]\n    <div class=\"vc_row wpb_row section vc_row-fluid vc_inner equal-height\" style=\" text-align:left;\"><div class=\" full_section_inner clearfix\">\n\n    \n    <div class=\"wpb_column vc_column_container vc_col-sm-6 vc_col-lg-3 vc_col-md-4\" style=\"margin-bottom: 20px;\">\n        <div class=\"vc_column-inner\">\n            <div class=\"wpb_wrapper\">\n    \n    <div class=\"team_holder\">\n        \n        \n            <div class=\"team_container\">\n                \n                <div class=\"team_image\">\n                                        <div class=\"team_info\">\n                        <p>Anders styrer tropperne p\u00e5 v\u00e6rkstedet i Holstebro. Han er meget engageret og s\u00f8rger altid for at opgaverne bliver l\u00f8st m\u00e5lrettet og systematisk. Anders er uddannet tekniker og har arbejdet som v\u00e6rkstedchef gennem flere \u00e5r.<\/p>\n                    <\/div>\n                                                                <img src=\"https:\/\/ketner.dk\/holstebro\/wp-content\/uploads\/2024\/10\/Anders-1.jpg\" alt=\"\">\n                                    <\/div>\n                <div class=\"team_content\">\n                    <h4 itemprop=\"name\" class=\"entry_title\">Anders N\u00f8rgaard Lykke<\/h4>\n                    <p class=\"team_titel\">V\u00e6rkstedschef<\/p>\n                                            <div class=\"team_mail\">\n                            <a itemprop=\"url\" href=\"mailto:anl@ketner.dk\" target=\"_self\">anl@ketner.dk<\/a>\n                        <\/div>\n                                                                <div class=\"team_telefon\">\n                            <a itemprop=\"url\" href=\"tel:30214727\" target=\"_self\">30214727<\/a>\n                        <\/div>\n                                    <\/div>\n            <\/div>\n        \n        \n    <\/div>\n\n            <\/div>\n        <\/div>\n    <\/div>\n\n    \n    <div class=\"wpb_column vc_column_container vc_col-sm-6 vc_col-lg-3 vc_col-md-4\" style=\"margin-bottom: 20px;\">\n        <div class=\"vc_column-inner\">\n            <div class=\"wpb_wrapper\">\n    \n    <div class=\"team_holder\">\n        \n        \n            <div class=\"team_container\">\n                \n                <div class=\"team_image\">\n                                        <div class=\"team_info\">\n                        <p>Henrik er ansvarlig for reservedelslageret i Holstebro. Henrik har v\u00e6ret i firmaet i mange \u00e5r og har derfor en stor ekspertise og know-how om vores reservedele og han er omdrejningspunktet n\u00e5r v\u00e6rkstedet skal bruge reservedele.<\/p>\n                    <\/div>\n                                                                <img src=\"https:\/\/ketner.dk\/holstebro\/wp-content\/uploads\/2021\/02\/henrik-randrup.jpg\" alt=\"\">\n                                    <\/div>\n                <div class=\"team_content\">\n                    <h4 itemprop=\"name\" class=\"entry_title\">Henrik Randrup <\/h4>\n                    <p class=\"team_titel\">Reservedelsekspedient<\/p>\n                                            <div class=\"team_mail\">\n                            <a itemprop=\"url\" href=\"mailto:her@ketner.dk\" target=\"_self\">her@ketner.dk<\/a>\n                        <\/div>\n                                                                <div class=\"team_telefon\">\n                            <a itemprop=\"url\" href=\"tel:43207640\" target=\"_self\">43207640<\/a>\n                        <\/div>\n                                    <\/div>\n            <\/div>\n        \n        \n    <\/div>\n\n            <\/div>\n        <\/div>\n    <\/div>\n\n    \n    <div class=\"wpb_column vc_column_container vc_col-sm-6 vc_col-lg-3 vc_col-md-4\" style=\"margin-bottom: 20px;\">\n        <div class=\"vc_column-inner\">\n            <div class=\"wpb_wrapper\">\n    \n    <div class=\"team_holder\">\n        \n        \n            <div class=\"team_container\">\n                \n                <div class=\"team_image\">\n                                        <div class=\"team_info\">\n                        <p>S\u00f8ren er helt enest\u00e5ende inden for diesel reparationer. Han er uden tvivl en af Danmarks bedste dieselteknikere. Har du en br\u00e6ndstofpumpe eller dyser der skal kontrolleres eller repareres er S\u00f8ren uden tvivl manden der klarer opgaven!\r\n\r\n<\/p>\n                    <\/div>\n                                                                <img src=\"https:\/\/ketner.dk\/holstebro\/wp-content\/uploads\/2021\/02\/soeren-hald.jpg\" alt=\"\">\n                                    <\/div>\n                <div class=\"team_content\">\n                    <h4 itemprop=\"name\" class=\"entry_title\">S\u00f8ren Hald<\/h4>\n                    <p class=\"team_titel\">Dieseltekniker<\/p>\n                                            <div class=\"team_mail\">\n                            <a itemprop=\"url\" href=\"mailto:Sha@ketner.dk\" target=\"_self\">Sha@ketner.dk<\/a>\n                        <\/div>\n                                                                <div class=\"team_telefon\">\n                            <a itemprop=\"url\" href=\"tel:42124313\" target=\"_self\">42124313<\/a>\n                        <\/div>\n                                    <\/div>\n            <\/div>\n        \n        \n    <\/div>\n\n            <\/div>\n        <\/div>\n    <\/div>\n\n    \n    <\/div><\/div>\n    \n    [\/vc_column][\/vc_row][vc_row css_animation=&#8221;&#8221; row_type=&#8221;row&#8221; use_row_as_full_screen_section=&#8221;no&#8221; type=&#8221;grid&#8221; angled_section=&#8221;no&#8221; text_align=&#8221;left&#8221; background_image_as_pattern=&#8221;without_pattern&#8221; el_class=&#8221;padding80 equal-height align-center&#8221; css=&#8221;.vc_custom_1612521406316{background-color: #fffffe !important;}&#8221; z_index=&#8221;&#8221;][vc_column][vc_column_text]<\/p>\n<h3>Hovedafdelingen<\/h3>\n<p>[\/vc_column_text][vc_empty_space height=&#8221;40px&#8221;]\n    <div class=\"vc_row wpb_row section vc_row-fluid vc_inner equal-height\" style=\" text-align:left;\"><div class=\" full_section_inner clearfix\">\n\n    \n    <div class=\"wpb_column vc_column_container vc_col-sm-6 vc_col-lg-3 vc_col-md-4\" style=\"margin-bottom: 20px;\">\n        <div class=\"vc_column-inner\">\n            <div class=\"wpb_wrapper\">\n    \n    <div class=\"team_holder\">\n        \n        \n            <div class=\"team_container\">\n                \n                <div class=\"team_image\">\n                                        <div class=\"team_info\">\n                        <p>Torben er kaptajnen for hele flokken hos Ketner. Torben er en yderst positiv karakter og er meget iderig, hvilket betyder, at vi ikke altid g\u00f8r tingene helt traditionelt. Han er samtidig en meget motiverende foregangsmand.<\/p>\n                    <\/div>\n                                                                <img src=\"https:\/\/ketner.dk\/holstebro\/wp-content\/uploads\/2021\/02\/torben-hansen.jpeg\" alt=\"\">\n                                    <\/div>\n                <div class=\"team_content\">\n                    <h4 itemprop=\"name\" class=\"entry_title\">Torben Hansen<\/h4>\n                    <p class=\"team_titel\">Direkt\u00f8r<\/p>\n                                            <div class=\"team_mail\">\n                            <a itemprop=\"url\" href=\"mailto:th@ketner.dk\" target=\"_self\">th@ketner.dk<\/a>\n                        <\/div>\n                                                                <div class=\"team_telefon\">\n                            <a itemprop=\"url\" href=\"tel:96317575\" target=\"_self\">96317575<\/a>\n                        <\/div>\n                                    <\/div>\n            <\/div>\n        \n        \n    <\/div>\n\n            <\/div>\n        <\/div>\n    <\/div>\n\n    \n    <div class=\"wpb_column vc_column_container vc_col-sm-6 vc_col-lg-3 vc_col-md-4\" style=\"margin-bottom: 20px;\">\n        <div class=\"vc_column-inner\">\n            <div class=\"wpb_wrapper\">\n    \n    <div class=\"team_holder\">\n        \n        \n            <div class=\"team_container\">\n                \n                <div class=\"team_image\">\n                                        <div class=\"team_info\">\n                        <p>Henrik har ansvaret for den finansielle styring hos Ketner. Henrik er en rolig og t\u00e5lmodig fyr. Fordybelse i statistikker, analyser og tal i almindelighed er det sukker-kick, Henrik skal bruge for at dagen stemmer.<\/p>\n                    <\/div>\n                                                                <img src=\"https:\/\/ketner.dk\/holstebro\/wp-content\/uploads\/2021\/02\/henrik-thomsen.jpg\" alt=\"\">\n                                    <\/div>\n                <div class=\"team_content\">\n                    <h4 itemprop=\"name\" class=\"entry_title\">Henrik Thomsen<\/h4>\n                    <p class=\"team_titel\">\u00d8konomichef<\/p>\n                                            <div class=\"team_mail\">\n                            <a itemprop=\"url\" href=\"mailto:ht@ketner.dk\" target=\"_self\">ht@ketner.dk<\/a>\n                        <\/div>\n                                                                <div class=\"team_telefon\">\n                            <a itemprop=\"url\" href=\"tel:96317581\" target=\"_self\">96317581<\/a>\n                        <\/div>\n                                    <\/div>\n            <\/div>\n        \n        \n    <\/div>\n\n            <\/div>\n        <\/div>\n    <\/div>\n\n    \n    <div class=\"wpb_column vc_column_container vc_col-sm-6 vc_col-lg-3 vc_col-md-4\" style=\"margin-bottom: 20px;\">\n        <div class=\"vc_column-inner\">\n            <div class=\"wpb_wrapper\">\n    \n    <div class=\"team_holder\">\n        \n        \n            <div class=\"team_container\">\n                \n                <div class=\"team_image\">\n                                                                <img src=\"https:\/\/ketner.dk\/holstebro\/wp-content\/uploads\/2026\/01\/Morten.jpg\" alt=\"\">\n                                    <\/div>\n                <div class=\"team_content\">\n                    <h4 itemprop=\"name\" class=\"entry_title\">Morten  Jensen<\/h4>\n                    <p class=\"team_titel\">Eftermarkedschef<\/p>\n                                            <div class=\"team_mail\">\n                            <a itemprop=\"url\" href=\"mailto:mj@ketner.dk\" target=\"_self\">mj@ketner.dk<\/a>\n                        <\/div>\n                                                                <div class=\"team_telefon\">\n                            <a itemprop=\"url\" href=\"tel:28300427\" target=\"_self\">28300427<\/a>\n                        <\/div>\n                                    <\/div>\n            <\/div>\n        \n        \n    <\/div>\n\n            <\/div>\n        <\/div>\n    <\/div>\n\n    \n    <div class=\"wpb_column vc_column_container vc_col-sm-6 vc_col-lg-3 vc_col-md-4\" style=\"margin-bottom: 20px;\">\n        <div class=\"vc_column-inner\">\n            <div class=\"wpb_wrapper\">\n    \n    <div class=\"team_holder\">\n        \n        \n            <div class=\"team_container\">\n                \n                <div class=\"team_image\">\n                                        <div class=\"team_info\">\n                        <p>Christina er med p\u00e5 holdet, der samler de administrative tr\u00e5de i organisationen. Hun h\u00e5ndterer bl.a. leverand\u00f8rfakturaer og jonglerer dagligt med mange opgaver. Christina er altid smilende, har god ordenssans og er altid klar med en hj\u00e6lpende h\u00e5nd.<\/p>\n                    <\/div>\n                                                                <img src=\"https:\/\/ketner.dk\/holstebro\/wp-content\/uploads\/2021\/02\/christina-christensen.jpg\" alt=\"\">\n                                    <\/div>\n                <div class=\"team_content\">\n                    <h4 itemprop=\"name\" class=\"entry_title\">Christina Christensen<\/h4>\n                    <p class=\"team_titel\">Bogholderi og kontorassistent<\/p>\n                                            <div class=\"team_mail\">\n                            <a itemprop=\"url\" href=\"mailto:cc@ketner.dk\" target=\"_self\">cc@ketner.dk<\/a>\n                        <\/div>\n                                                                <div class=\"team_telefon\">\n                            <a itemprop=\"url\" href=\"tel:96317574\" target=\"_self\">96317574<\/a>\n                        <\/div>\n                                    <\/div>\n            <\/div>\n        \n        \n    <\/div>\n\n            <\/div>\n        <\/div>\n    <\/div>\n\n    \n    <div class=\"wpb_column vc_column_container vc_col-sm-6 vc_col-lg-3 vc_col-md-4\" style=\"margin-bottom: 20px;\">\n        <div class=\"vc_column-inner\">\n            <div class=\"wpb_wrapper\">\n    \n    <div class=\"team_holder\">\n        \n        \n            <div class=\"team_container\">\n                \n                <div class=\"team_image\">\n                                                                <img src=\"https:\/\/ketner.dk\/holstebro\/wp-content\/uploads\/2026\/01\/IMG_2184.jpg\" alt=\"\">\n                                    <\/div>\n                <div class=\"team_content\">\n                    <h4 itemprop=\"name\" class=\"entry_title\">Sanni  Bjerre Jensen<\/h4>\n                    <p class=\"team_titel\">Bogholderi og kontorassistent<\/p>\n                                            <div class=\"team_mail\">\n                            <a itemprop=\"url\" href=\"mailto:sbj@ketner.dk\" target=\"_self\">sbj@ketner.dk<\/a>\n                        <\/div>\n                                                                <div class=\"team_telefon\">\n                            <a itemprop=\"url\" href=\"tel:43207634\" target=\"_self\">43207634<\/a>\n                        <\/div>\n                                    <\/div>\n            <\/div>\n        \n        \n    <\/div>\n\n            <\/div>\n        <\/div>\n    <\/div>\n\n    \n    <\/div><\/div>\n    \n    [\/vc_column][\/vc_row]<\/p>\n","protected":false},"excerpt":{"rendered":"<p>[vc_row css_animation=&#8221;&#8221; row_type=&#8221;row&#8221; use_row_as_full_screen_section=&#8221;no&#8221; type=&#8221;grid&#8221; angled_section=&#8221;no&#8221; text_align=&#8221;left&#8221; background_image_as_pattern=&#8221;without_pattern&#8221; el_class=&#8221;padding80 equal-height align-center&#8221; z_index=&#8221;&#8221; css=&#8221;.vc_custom_1612779213897{background-color: #f0f0f0 !important;}&#8221;][vc_column el_class=&#8221;paddingright&#8221; offset=&#8221;vc_col-md-6&#8243;][vc_column_text] M\u00f8d frontpersonalet I Holstebro st\u00e5r vi klar til at tage imod dig og din bil. Kontakt os og f\u00e5 r\u00e5d og vejledning, s\u00e5 du hurtigt kan komme videre&#8230;.<\/p>\n","protected":false},"author":1,"featured_media":0,"parent":540,"menu_order":0,"comment_status":"closed","ping_status":"closed","template":"full_width.php","meta":[],"acf":[],"_links":{"self":[{"href":"https:\/\/ketner.dk\/holstebro\/wp-json\/wp\/v2\/pages\/951"}],"collection":[{"href":"https:\/\/ketner.dk\/holstebro\/wp-json\/wp\/v2\/pages"}],"about":[{"href":"https:\/\/ketner.dk\/holstebro\/wp-json\/wp\/v2\/types\/page"}],"author":[{"embeddable":true,"href":"https:\/\/ketner.dk\/holstebro\/wp-json\/wp\/v2\/users\/1"}],"replies":[{"embeddable":true,"href":"https:\/\/ketner.dk\/holstebro\/wp-json\/wp\/v2\/comments?post=951"}],"version-history":[{"count":45,"href":"https:\/\/ketner.dk\/holstebro\/wp-json\/wp\/v2\/pages\/951\/revisions"}],"predecessor-version":[{"id":3173,"href":"https:\/\/ketner.dk\/holstebro\/wp-json\/wp\/v2\/pages\/951\/revisions\/3173"}],"up":[{"embeddable":true,"href":"https:\/\/ketner.dk\/holstebro\/wp-json\/wp\/v2\/pages\/540"}],"wp:attachment":[{"href":"https:\/\/ketner.dk\/holstebro\/wp-json\/wp\/v2\/media?parent=951"}],"curies":[{"name":"wp","href":"https:\/\/api.w.org\/{rel}","templated":true}]}}