{"id":237,"date":"2021-01-19T09:03:31","date_gmt":"2021-01-19T09:03:31","guid":{"rendered":"https:\/\/lazzatest.dk\/ketner\/?page_id=237"},"modified":"2025-03-31T09:21:42","modified_gmt":"2025-03-31T09:21:42","slug":"serviceaftale","status":"publish","type":"page","link":"https:\/\/ketner.dk\/kolding\/om\/serviceaftale\/","title":{"rendered":"Serviceaftale"},"content":{"rendered":"<p>[vc_row css_animation=&#8221;&#8221; row_type=&#8221;row&#8221; use_row_as_full_screen_section=&#8221;no&#8221; type=&#8221;grid&#8221; angled_section=&#8221;no&#8221; text_align=&#8221;left&#8221; background_image_as_pattern=&#8221;without_pattern&#8221; el_class=&#8221;equal-height align-center&#8221; z_index=&#8221;&#8221; css=&#8221;.vc_custom_1612363227793{background-color: #f0f0f0 !important;}&#8221;][vc_column el_class=&#8221;padding80 paddingright&#8221; offset=&#8221;vc_col-lg-6 vc_col-md-6&#8243;][vc_column_text]<\/p>\n<h1>Serviceaftale med fuld fabriksgaranti<\/h1>\n<p>F\u00e5 alle fordelene med fra vores specialiserede v\u00e6rksteder og tegn en serviceaftale. P\u00e5 den m\u00e5de kender du dine fremtidige udgifter p\u00e5 serviceeftersyn og du er d\u00e6kket godt ind, s\u00e5 du altid er perfekt k\u00f8rende. Hos Ketner sparer du op til 40 % p\u00e5 dine serviceeftersyn med en serviceaftale, og du v\u00e6lger helt selv hvor mange \u00e5r aftalen skal l\u00f8be.<\/p>\n<p>Med en serviceaftale hos Ketner f\u00e5r du:<\/p>\n<ul>\n<li>Service helt efter fabrikantens forskrifter<\/li>\n<li>En aftale, der er inklusiv arbejdsl\u00f8n, motorolie og servicedele<\/li>\n<li>Kontrol af din bils sikkerhedskomponenter<\/li>\n<li>Kvalitetsprodukter fra Bosch eller tilsvarende m\u00e6rke<\/li>\n<li>Stempel i servicebog s\u00e5 fabriksgarantien bibeholdes<\/li>\n<li>Prisgaranti<\/li>\n<\/ul>\n<p>[\/vc_column_text][vc_empty_space height=&#8221;40px&#8221;]<a itemprop=\"url\" href=\"https:\/\/ketner.sam-calc.com\" target=\"_blank\" class=\"qbutton  default\" style=\"\" rel=\"noopener\">K\u00f8b en serviceaftale<\/a>[\/vc_column][vc_column el_class=&#8221;video-container&#8221; offset=&#8221;vc_col-lg-6 vc_col-md-6&#8243;][vc_single_image image=&#8221;4831&#8243; img_size=&#8221;full&#8221; style=&#8221;vc_box_rounded&#8221; qode_css_animation=&#8221;&#8221;][\/vc_column][\/vc_row][vc_row css_animation=&#8221;&#8221; row_type=&#8221;row&#8221; use_row_as_full_screen_section=&#8221;no&#8221; type=&#8221;grid&#8221; angled_section=&#8221;no&#8221; text_align=&#8221;left&#8221; background_image_as_pattern=&#8221;without_pattern&#8221; z_index=&#8221;&#8221; el_class=&#8221;equal-height align-center padding80&#8243; css=&#8221;.vc_custom_1620802529775{background-color: #ffffff !important;}&#8221;][vc_column offset=&#8221;vc_col-md-6&#8243;][vc_single_image image=&#8221;1711&#8243; img_size=&#8221;full&#8221; alignment=&#8221;center&#8221; style=&#8221;vc_box_rounded&#8221; qode_css_animation=&#8221;&#8221;][vc_empty_space height=&#8221;40px&#8221;][\/vc_column][vc_column el_class=&#8221;paddingleft&#8221; offset=&#8221;vc_col-md-6&#8243;][vc_column_text]<\/p>\n<h2>Vi s\u00f8rger for, at du altid er godt k\u00f8rende<\/h2>\n<p>Med en serviceaftale hos os, har du altid styr p\u00e5 \u00f8konomien i forhold til din bil. Du slipper derfor for store bekymringer om, hvad n\u00e6ste service kommer til at koste dig. For et lavt, fast m\u00e5nedligt bel\u00f8b s\u00f8rger vi for, at din bil er i topform til enhver tid. Uanset hvilken bil du har, kan du tegne en serviceaftale i op til 8 \u00e5r &#8211; blot den h\u00f8jst har k\u00f8rt 200.000 km., og bilen er under 8 \u00e5r. Indtast dit registrerings nr. i formularen nedenunder og se prisen p\u00e5 din bil.<\/p>\n<p>En serviceaftale kan give dig ekstra tryghed, da du er helt sikker p\u00e5 at slippe for uforudsete udgifter. Med et regelm\u00e6ssigt kig p\u00e5 din bil sikrer du dig, at alt er i orden og, at du ikke lige pludselig st\u00e5r over for en st\u00f8rre reparation. Med en serviceaftale er du godt d\u00e6kket ind, og vi garanterer, at det kun er i forbindelse med reparationer, at vi kr\u00e6ver en merpris.<\/p>\n<p>Vil du v\u00e6re ekstra godt d\u00e6kket ind, kan man tegne en &#8220;All inklusive&#8221; aftale, der ogs\u00e5 d\u00e6kker reparationer\/nedbrud, A\/C service og hjulskift to gange \u00e5rligt med eller uden opbevaring. Kontakt os og f\u00e5 et tilbud p\u00e5 netop din bil.<\/p>\n<p>Hos Ketner er vi specialister i service og reparation af biler, og vi t\u00f8r godt garantere, at der ikke er en opgave, som vi ikke kan klare. Du er derfor i trygge h\u00e6nder med en serviceaftale hos os.<\/p>\n<p>Kontakt os i dag, s\u00e5 vi kan fort\u00e6lle dig mere om vores fordelagtige serviceaftale.[\/vc_column_text][\/vc_column][\/vc_row]<\/p>\n","protected":false},"excerpt":{"rendered":"<p>[vc_row css_animation=&#8221;&#8221; row_type=&#8221;row&#8221; use_row_as_full_screen_section=&#8221;no&#8221; type=&#8221;grid&#8221; angled_section=&#8221;no&#8221; text_align=&#8221;left&#8221; background_image_as_pattern=&#8221;without_pattern&#8221; el_class=&#8221;equal-height align-center&#8221; z_index=&#8221;&#8221; css=&#8221;.vc_custom_1612363227793{background-color: #f0f0f0 !important;}&#8221;][vc_column el_class=&#8221;padding80 paddingright&#8221; offset=&#8221;vc_col-lg-6 vc_col-md-6&#8243;][vc_column_text] Serviceaftale med fuld fabriksgaranti F\u00e5 alle fordelene med fra vores specialiserede v\u00e6rksteder og tegn en serviceaftale. P\u00e5 den m\u00e5de kender du dine fremtidige udgifter p\u00e5 serviceeftersyn og&#8230;<\/p>\n","protected":false},"author":2,"featured_media":0,"parent":540,"menu_order":0,"comment_status":"closed","ping_status":"closed","template":"full_width.php","meta":[],"acf":[],"_links":{"self":[{"href":"https:\/\/ketner.dk\/kolding\/wp-json\/wp\/v2\/pages\/237"}],"collection":[{"href":"https:\/\/ketner.dk\/kolding\/wp-json\/wp\/v2\/pages"}],"about":[{"href":"https:\/\/ketner.dk\/kolding\/wp-json\/wp\/v2\/types\/page"}],"author":[{"embeddable":true,"href":"https:\/\/ketner.dk\/kolding\/wp-json\/wp\/v2\/users\/2"}],"replies":[{"embeddable":true,"href":"https:\/\/ketner.dk\/kolding\/wp-json\/wp\/v2\/comments?post=237"}],"version-history":[{"count":14,"href":"https:\/\/ketner.dk\/kolding\/wp-json\/wp\/v2\/pages\/237\/revisions"}],"predecessor-version":[{"id":3145,"href":"https:\/\/ketner.dk\/kolding\/wp-json\/wp\/v2\/pages\/237\/revisions\/3145"}],"up":[{"embeddable":true,"href":"https:\/\/ketner.dk\/kolding\/wp-json\/wp\/v2\/pages\/540"}],"wp:attachment":[{"href":"https:\/\/ketner.dk\/kolding\/wp-json\/wp\/v2\/media?parent=237"}],"curies":[{"name":"wp","href":"https:\/\/api.w.org\/{rel}","templated":true}]}}