{"id":261,"date":"2021-01-27T11:38:56","date_gmt":"2021-01-27T11:38:56","guid":{"rendered":"https:\/\/lazzatest.dk\/ketner\/kolding\/?page_id=261"},"modified":"2024-11-07T10:56:16","modified_gmt":"2024-11-07T10:56:16","slug":"partikelfilter-rens","status":"publish","type":"page","link":"https:\/\/ketner.dk\/kolding\/partikelfilter-rens\/","title":{"rendered":"Rens af partikelfilter"},"content":{"rendered":"<p>[vc_row css_animation=&#8221;&#8221; row_type=&#8221;row&#8221; use_row_as_full_screen_section=&#8221;no&#8221; type=&#8221;grid&#8221; angled_section=&#8221;no&#8221; text_align=&#8221;left&#8221; background_image_as_pattern=&#8221;without_pattern&#8221; el_class=&#8221;equal-height align-center&#8221; z_index=&#8221;&#8221; css=&#8221;.vc_custom_1612363227793{background-color: #f0f0f0 !important;}&#8221;][vc_column el_class=&#8221;padding80 paddingright&#8221; offset=&#8221;vc_col-md-6&#8243;][vc_column_text]<\/p>\n<h1>Hurtig og effektiv partikelfilterrens i Kolding<\/h1>\n<p><span style=\"font-weight: 400;\">Et partikelfilter er designet til at filtrere de milj\u00f8skadelige gasser din bil udst\u00f8der \u2013 det er typisk fra udst\u00f8dningssod. Et partikelfilter er alts\u00e5 designet til at mindske en bils forurening, og det er derfor vigtigt, at det filtrerer, som det skal.\u00a0<\/span><\/p>\n<p><span style=\"font-weight: 400;\">Et partikelfilter er designet til at rense sig selv ved en regenerering. Den sker, n\u00e5r bilen k\u00f8rer ved h\u00f8je hastigheder p\u00e5 l\u00e6ngere str\u00e6kninger. Flere og flere bruger blot deres bil til sm\u00e5 ture til supermarkedet eller til og fra arbejde, og det er derfor ikke ret tit at bilen kommer op at k\u00f8re over de 60 km\/t, som det er n\u00f8dvendigt for at en regenerering kan ske. Derfor kan filteret stoppe til og i sidste ende kan en udskiftning af filteret v\u00e6re n\u00f8dvendig.\u00a0<\/span><\/p>\n<p><span style=\"font-weight: 400;\">En partikelfilterrens p\u00e5 vores v\u00e6rksted i Kolding er en hurtig, effektiv og billig l\u00f8sning, som kan forl\u00e6nge levetiden p\u00e5 dit filter og give dig en st\u00f8rre k\u00f8regl\u00e6de. Faktisk kan en udskiftning koste dig op mod 20.000 kroner og en partikelfilterrens er derfor at foretr\u00e6kke for mange. Hos Ketner er vi specialister i partikelfilterrens og vi klarer ofte opgaven fra dag til dag ved hj\u00e6lp af branchens bedste udstyr. <\/span>[\/vc_column_text][vc_empty_space height=&#8221;40px&#8221;]<a  itemprop=\"url\" href=\"https:\/\/ketner.dk\/kolding\/partikelfilter-rens-booking\/\" target=\"_self\"  class=\"qbutton  default\" style=\"margin: 0 20px 0 0; \">Book tid<i class=\"qodef-icon-dripicons dripicon dripicons-chevron-right qode_button_icon_element\" style=\"\" ><\/i><\/a><a id=\"bliv-ringet-op\" itemprop=\"url\" href=\"#\" target=\"_self\"  class=\"qbutton  white default\" style=\"margin: 0 20px 0 0; \">Bliv ringet op<i class=\"qodef-icon-dripicons dripicon dripicons-chevron-right qode_button_icon_element\" style=\"\" ><\/i><\/a>[vc_empty_space height=&#8221;40px&#8221;][\/vc_column][vc_column el_class=&#8221;video-container&#8221; offset=&#8221;vc_col-md-6&#8243;]\n                \n        <div class=\"youtube-wrapper\">\n            <div class=\"youtube overlay \" data-embed=\"xVt_34RKIXc\">\n\t\t\t\t<div class=\"play-button\">\n\t\t\t\t\t<svg class=\"circle\" xmlns=\"http:\/\/www.w3.org\/2000\/svg\">\n\t\t\t\t\t\t<g>\n\t\t\t\t\t\t\t<ellipse class=\"background\" ry=\"40\" rx=\"40\" cy=\"42\" cx=\"42\" stroke-width=\"2\"\/>\n\t\t\t\t\t\t\t<polygon class=\"play-icon\" points=\"52,43 34,52 34,34\" \/>\n\t\t\t\t\t\t<\/g>\n\t\t\t\t\t<\/svg>\n\t\t\t\t\t<p>H\u00f8r om partikelfilter-rens<\/p>\n                <\/div>\n                \t\t\t<\/div>\n\t\t<\/div>\n\n        [\/vc_column][\/vc_row][vc_row css_animation=&#8221;&#8221; row_type=&#8221;row&#8221; use_row_as_full_screen_section=&#8221;no&#8221; type=&#8221;grid&#8221; angled_section=&#8221;no&#8221; text_align=&#8221;left&#8221; background_image_as_pattern=&#8221;without_pattern&#8221; el_class=&#8221;padding80&#8243; z_index=&#8221;&#8221; css=&#8221;.vc_custom_1612360171388{background-color: #fffffe !important;}&#8221;][vc_column el_class=&#8221;paddingright&#8221;][vc_column_text]<\/p>\n<h2>V\u00e6lg bilm\u00e6rke<\/h2>\n<p>[\/vc_column_text][vc_empty_space height=&#8221;40px&#8221;][vc_row_inner row_type=&#8221;row&#8221; type=&#8221;full_width&#8221; text_align=&#8221;left&#8221; css_animation=&#8221;&#8221;][vc_column_inner width=&#8221;1\/3&#8243; css=&#8221;.vc_custom_1634127768708{margin-bottom: 20px !important;}&#8221; offset=&#8221;vc_col-md-1\/5&#8243;][vc_column_text]<a href=\"https:\/\/ketner.dk\/kolding\/partikelfilter-rens\/alfa-romeo\/\"><strong>Alfa Romeo<\/strong><\/a><\/p>\n<p><strong><a href=\"https:\/\/ketner.dk\/kolding\/partikelfilter-rens\/audi\/\">Audi<\/a><\/strong><\/p>\n<p><a href=\"https:\/\/ketner.dk\/kolding\/partikelfilter-rens\/bmw\/\"><strong>BMW<\/strong><\/a><\/p>\n<p><strong><a href=\"https:\/\/ketner.dk\/kolding\/partikelfilter-rens\/citroen\/\">Citro\u00ebn<\/a><\/strong><\/p>\n<p><a href=\"https:\/\/ketner.dk\/kolding\/partikelfilter-rens\/dacia\/\"><strong>Dacia<\/strong><\/a>[\/vc_column_text][\/vc_column_inner][vc_column_inner width=&#8221;1\/3&#8243; css=&#8221;.vc_custom_1634127773941{margin-bottom: 20px !important;}&#8221; offset=&#8221;vc_col-md-1\/5&#8243;][vc_column_text]<strong><a href=\"https:\/\/ketner.dk\/kolding\/partikelfilter-rens\/fiat\/\">Fiat<\/a><\/strong><\/p>\n<p><a href=\"https:\/\/ketner.dk\/kolding\/partikelfilter-rens\/ford\/\"><strong>Ford<\/strong><\/a><\/p>\n<p><a href=\"https:\/\/ketner.dk\/kolding\/partikelfilter-rens\/honda\/\"><strong>Honda<\/strong><\/a><\/p>\n<p><a href=\"https:\/\/ketner.dk\/kolding\/partikelfilter-rens\/hyundai\/\"><strong>Hyundai<\/strong><\/a><\/p>\n<p><a href=\"https:\/\/ketner.dk\/kolding\/partikelfilter-rens\/iveco\/\"><strong>Iveco<\/strong><\/a>[\/vc_column_text][\/vc_column_inner][vc_column_inner width=&#8221;1\/3&#8243; css=&#8221;.vc_custom_1634127778361{margin-bottom: 20px !important;}&#8221; offset=&#8221;vc_col-md-1\/5&#8243;][vc_column_text]<a href=\"https:\/\/ketner.dk\/kolding\/partikelfilter-rens\/kia\/\"><strong>Kia<\/strong><\/a><\/p>\n<p><strong><a href=\"https:\/\/ketner.dk\/kolding\/partikelfilter-rens\/land-rover\/\">Land Rover<\/a><\/strong><\/p>\n<p><strong><a href=\"https:\/\/ketner.dk\/kolding\/partikelfilter-rens\/mazda\/\">Mazda<\/a><\/strong><\/p>\n<p><strong><a href=\"https:\/\/ketner.dk\/kolding\/partikelfilter-rens\/mercedes\/\">Mercedes<\/a><\/strong><\/p>\n<p><a href=\"https:\/\/ketner.dk\/kolding\/partikelfilter-rens\/nissan\/\"><strong>Nissan<\/strong><\/a>[\/vc_column_text][\/vc_column_inner][vc_column_inner width=&#8221;1\/3&#8243; css=&#8221;.vc_custom_1634127782352{margin-bottom: 20px !important;}&#8221; offset=&#8221;vc_col-md-1\/5&#8243;][vc_column_text]<strong><a href=\"https:\/\/ketner.dk\/kolding\/partikelfilter-rens\/opel\/\">Opel<\/a><\/strong><\/p>\n<p><strong><a href=\"https:\/\/ketner.dk\/kolding\/partikelfilter-rens\/peugeot\/\">Peugeot<\/a><\/strong><\/p>\n<p><a href=\"https:\/\/ketner.dk\/kolding\/partikelfilter-rens\/renault\/\"><strong>Renault<\/strong><\/a><\/p>\n<p><strong><a href=\"https:\/\/ketner.dk\/kolding\/partikelfilter-rens\/seat\/\">Seat<\/a><\/strong><\/p>\n<p><strong><a href=\"https:\/\/ketner.dk\/kolding\/partikelfilter-rens\/skoda\/\">Skoda<\/a><\/strong>[\/vc_column_text][\/vc_column_inner][vc_column_inner width=&#8221;1\/3&#8243; css=&#8221;.vc_custom_1634127787586{margin-bottom: 20px !important;}&#8221; offset=&#8221;vc_col-md-1\/5&#8243;][vc_column_text]<strong><a href=\"https:\/\/ketner.dk\/kolding\/partikelfilter-rens\/suzuki\/\">Suzuki<\/a><\/strong><\/p>\n<p><strong><a href=\"https:\/\/ketner.dk\/kolding\/partikelfilter-rens\/toyota\/\">Toyota<\/a><br \/>\n<\/strong><\/p>\n<p><strong><a href=\"https:\/\/ketner.dk\/kolding\/partikelfilter-rens\/volvo\/\">Volvo<\/a><br \/>\n<\/strong><\/p>\n<p><strong><a href=\"https:\/\/ketner.dk\/kolding\/partikelfilter-rens\/vw\/\">VW<\/a><\/strong>[\/vc_column_text][\/vc_column_inner][\/vc_row_inner][\/vc_column][\/vc_row][vc_row css_animation=&#8221;&#8221; row_type=&#8221;row&#8221; use_row_as_full_screen_section=&#8221;no&#8221; type=&#8221;grid&#8221; angled_section=&#8221;no&#8221; text_align=&#8221;left&#8221; background_image_as_pattern=&#8221;without_pattern&#8221; el_class=&#8221;padding80 equal-height align-center&#8221; css=&#8221;.vc_custom_1611737133965{background-color: #f0f0f0 !important;}&#8221; z_index=&#8221;&#8221;][vc_column offset=&#8221;vc_col-md-6&#8243;]        \n        <div class=\"image_grid-wrapper\">\n            <div class=\"image_grid\">\n                <div class=\"image_grid_item\"><img width=\"1100\" height=\"1100\" src=\"https:\/\/ketner.dk\/kolding\/wp-content\/uploads\/2021\/01\/partikelfilter-efter.jpg\" class=\"attachment-full size-full\" alt=\"\" srcset=\"https:\/\/ketner.dk\/kolding\/wp-content\/uploads\/sites\/9\/2021\/01\/partikelfilter-efter.jpg 1100w, https:\/\/ketner.dk\/kolding\/wp-content\/uploads\/sites\/9\/2021\/01\/partikelfilter-efter-300x300.jpg 300w, https:\/\/ketner.dk\/kolding\/wp-content\/uploads\/sites\/9\/2021\/01\/partikelfilter-efter-1024x1024.jpg 1024w, https:\/\/ketner.dk\/kolding\/wp-content\/uploads\/sites\/9\/2021\/01\/partikelfilter-efter-150x150.jpg 150w, https:\/\/ketner.dk\/kolding\/wp-content\/uploads\/sites\/9\/2021\/01\/partikelfilter-efter-768x768.jpg 768w, https:\/\/ketner.dk\/kolding\/wp-content\/uploads\/sites\/9\/2021\/01\/partikelfilter-efter-576x576.jpg 576w, https:\/\/ketner.dk\/kolding\/wp-content\/uploads\/sites\/9\/2021\/01\/partikelfilter-efter-570x570.jpg 570w, https:\/\/ketner.dk\/kolding\/wp-content\/uploads\/sites\/9\/2021\/01\/partikelfilter-efter-500x500.jpg 500w, https:\/\/ketner.dk\/kolding\/wp-content\/uploads\/sites\/9\/2021\/01\/partikelfilter-efter-1000x1000.jpg 1000w, https:\/\/ketner.dk\/kolding\/wp-content\/uploads\/sites\/9\/2021\/01\/partikelfilter-efter-700x700.jpg 700w\" sizes=\"(max-width: 1100px) 100vw, 1100px\" \/><\/div><div class=\"image_grid_item\"><img width=\"1200\" height=\"731\" src=\"https:\/\/ketner.dk\/kolding\/wp-content\/uploads\/2021\/05\/Partikelfilterrens1.jpg\" class=\"attachment-full size-full\" alt=\"\" \/><\/div><div class=\"image_grid_item\"><img width=\"1200\" height=\"731\" src=\"https:\/\/ketner.dk\/kolding\/wp-content\/uploads\/2021\/05\/Partikelfilterrens2.jpg\" class=\"attachment-full size-full\" alt=\"\" \/><\/div>            <\/div>\n        <\/div>\n\n        [vc_empty_space height=&#8221;40px&#8221;][\/vc_column][vc_column el_class=&#8221;paddingleft&#8221; offset=&#8221;vc_col-md-6&#8243;][vc_column_text]<\/p>\n<h2>Ketner Kolding \u2013 dine specialister i partikelfilter-rens<\/h2>\n<p><span style=\"font-weight: 400;\">Vores v\u00e6rksted i Kolding finder du p\u00e5 Ole R\u00f8mers vej 2. Her har vi altid et hold, der st\u00e5r klar til at tage imod dig og din bil. Kommer du for at f\u00e5 foretaget en partikelfilterrens er vi naturligvis behj\u00e6lpelig med b\u00e5de af- og p\u00e5montering af filteret. Vi fejlfinder og diagnosticerer altid inden vi udf\u00f8rer et stykke arbejde, s\u00e5 vi er helt sikre p\u00e5, at det rent faktisk er dit partikelfilter, den er gal med.\u00a0<\/span><\/p>\n<p><span style=\"font-weight: 400;\">De fleste biler i dag er udstyret med en advarselslampe, der lyser, hvis partikelfilteret er blokeret. Lyser denne lampe, anbefaler vi p\u00e5 det kraftigste, at du kontakter os med det samme, s\u00e5 du hurtigt kan f\u00e5 det renset og komme tilbage p\u00e5 vejene igen med god samvittighed for din bil og milj\u00f8et.<\/span><\/p>\n<p><span style=\"font-weight: 400;\">Kontakt os i dag for en partikelfilterrens i Kolding. Vi sidder klar ved telefonen, hvis du har sp\u00f8rgsm\u00e5l eller \u00f8nsker at booke en tid. Vi gl\u00e6der os meget til at se dig p\u00e5 vores v\u00e6rksted.\u00a0<\/span>[\/vc_column_text][vc_empty_space height=&#8221;40px&#8221;]<a  itemprop=\"url\" href=\"https:\/\/ketner.dk\/kolding\/partikelfilter-rens-booking\/\" target=\"_self\"  class=\"qbutton  default\" style=\"margin: 0 20px 0 0; \">Book tid<i class=\"qodef-icon-dripicons dripicon dripicons-chevron-right qode_button_icon_element\" style=\"\" ><\/i><\/a><a id=\"bliv-ringet-op\" itemprop=\"url\" href=\"#\" target=\"_self\"  class=\"qbutton  white default\" style=\"margin: 0 20px 0 0; \">Bliv ringet op<i class=\"qodef-icon-dripicons dripicon dripicons-chevron-right qode_button_icon_element\" style=\"\" ><\/i><\/a>[\/vc_column][\/vc_row][vc_row css_animation=&#8221;&#8221; row_type=&#8221;row&#8221; use_row_as_full_screen_section=&#8221;no&#8221; type=&#8221;grid&#8221; angled_section=&#8221;no&#8221; text_align=&#8221;left&#8221; background_image_as_pattern=&#8221;without_pattern&#8221; css=&#8221;.vc_custom_1613726431412{background-color: #fffffe !important;}&#8221; z_index=&#8221;&#8221; el_class=&#8221;padding60&#8243;][vc_column][vc_column_text]<\/p>\n<h2 style=\"text-align: left;\">Find v\u00e6rksted og \u00e5bningstider<\/h2>\n<p>[\/vc_column_text][vc_empty_space height=&#8221;40px&#8221;][vc_row_inner row_type=&#8221;row&#8221; type=&#8221;full_width&#8221; text_align=&#8221;left&#8221; css_animation=&#8221;&#8221;][vc_column_inner offset=&#8221;vc_col-md-8&#8243;]        \n        <div class=\"box \">\n            [vc_column_text]\n            <div \n                class=\"elfsight-widget-google-maps elfsight-widget\" \n                data-elfsight-google-maps-options=\"%7B%22categoriesEnabled%22%3Atrue%2C%22categories%22%3A%5B%5D%2C%22icons%22%3A%5B%7B%22value%22%3A%22%22%2C%22name%22%3A%22%20-%20None%20-%20%22%2C%22visible%22%3Afalse%7D%2C%7B%22value%22%3A%22607cdddb-28db-4550-8d9b-6e76cc26411f%22%2C%22name%22%3A%22pin%22%2C%22preview%22%3A%22https%3A%5C%2F%5C%2Fassets-elfsight-com.sfo2.digitaloceanspaces.com%5C%2Fapps%5C%2Fgoogle-maps%5C%2Fmarkers%5C%2Fmarker-pin.svg%22%2C%22iconType%22%3A%22library%22%2C%22iconLibrary%22%3A%22pin%22%2C%22iconCustom%22%3Anull%2C%22iconColor%22%3A%22%22%2C%22iconSize%22%3A64%7D%5D%2C%22lang%22%3A%22da%22%2C%22distanceUnits%22%3A%22km%22%2C%22markers%22%3A%5B%7B%22position%22%3A%2255.50383992218977%2C%209.461917253219298%22%2C%22coordinates%22%3A%2255.50383992218977%2C%209.461917253219298%22%2C%22infoTitle%22%3A%22Ketner%20Kolding%22%2C%22category%22%3A%22%22%2C%22icon%22%3A%22607cdddb-28db-4550-8d9b-6e76cc26411f%22%2C%22infoDescription%22%3A%22%22%2C%22infoImage%22%3A%7B%22name%22%3A%22%22%2C%22url%22%3A%22%22%7D%2C%22infoAddress%22%3A%22Ole%20R%5Cu00f8mers%20Vej%202%206000%20Kolding%22%2C%22infoSite%22%3A%22https%3A%5C%2F%5C%2Fketner.dk%5C%2Fkolding%22%2C%22infoPhone%22%3A%22%2B45%2039%2039%2009%2000%22%2C%22infoEmail%22%3A%22kolding%40ketner.dk%22%2C%22infoWorkingHours%22%3A%22Mandag%2007%3A30%20-%2016%3A00%20%3Cbr%3ETirsdag%2007%3A30%20-%2016%3A00%20%3Cbr%3EOnsdag%2007%3A30%20-%2016%3A00%20%3Cbr%3ETorsdag%2007%3A30%20-%2016%3A00%20%3Cbr%3EFredag%2007%3A30%20-%2014%3A00%22%2C%22markerClickAction%22%3A%22infoWindow%22%2C%22infoWindowOpenedByDefault%22%3Afalse%2C%22linkUrl%22%3A%22%22%2C%22animation%22%3A%22none%22%7D%5D%2C%22mapType%22%3A%22roadmap%22%2C%22center%22%3A%22auto%22%2C%22zoom%22%3A%22auto%22%2C%22controls%22%3A%5B%22zoom%22%2C%22mapType%22%2C%22scale%22%2C%22streetView%22%2C%22rotate%22%2C%22fullScreen%22%5D%2C%22markerClusterEnabled%22%3Atrue%2C%22markerClusterZoom%22%3Atrue%2C%22markerClusterMin%22%3A2%2C%22markerClusterIcon%22%3A%22default%22%2C%22markerClusterIconColor%22%3A%22%22%2C%22markerClusterIconUrl%22%3Anull%2C%22markerClusterSize%22%3A52%2C%22infoDirections%22%3Atrue%2C%22directionsTarget%22%3A%22google%22%2C%22scrollwheel%22%3Afalse%2C%22draggable%22%3Atrue%2C%22layers%22%3A%5B%5D%2C%22width%22%3A%22auto%22%2C%22height%22%3A%22700%22%2C%22panelEnabled%22%3Atrue%2C%22panelOpenByDefault%22%3Atrue%2C%22panelSearchVisible%22%3Atrue%2C%22panelSearchBy%22%3A%22markers%22%2C%22panelSearchPlaceholder%22%3A%22S%5Cu00f8g%22%2C%22panelListItemElements%22%3A%5B%22title%22%2C%22category%22%2C%22image%22%2C%22address%22%2C%22phone%22%2C%22email%22%5D%2C%22mainColor%22%3A%22rgb%2866%2C%20133%2C%20244%29%22%2C%22style%22%3A%22default%22%2C%22colorGeometry%22%3A%22%22%2C%22colorLabelsTextFill%22%3A%22%22%2C%22colorLabelsTextStroke%22%3A%22%22%2C%22colorAdministrativeGeometryStroke%22%3A%22%22%2C%22colorAdministrativeLandParcel%22%3A%22%22%2C%22colorLandscapeNaturalGeometry%22%3A%22%22%2C%22colorPoiGeometry%22%3A%22%22%2C%22colorPoiLabelsTextFill%22%3A%22%22%2C%22colorPoiParkGeometryFill%22%3A%22%22%2C%22colorPoiParkLabelsTextFill%22%3A%22%22%2C%22colorRoadGeometry%22%3A%22%22%2C%22colorRoadArterial%22%3A%22%22%2C%22colorRoadHighway%22%3A%22%22%2C%22colorRoadHighwayGeometryStroke%22%3A%22%22%2C%22colorRoadHighwayControlledAccessGeometry%22%3A%22%22%2C%22colorRoadHighwayControlledAccessGeometryStroke%22%3A%22%22%2C%22colorRoadLocalLabelsTextFill%22%3A%22%22%2C%22colorTransitLineGeometry%22%3A%22%22%2C%22colorTransitLineLabelsTextFill%22%3A%22%22%2C%22colorTransitLineLabelsTextStroke%22%3A%22%22%2C%22colorTransitStationGeometry%22%3A%22%22%2C%22colorWaterGeometryFill%22%3A%22%22%2C%22colorWaterLabelTextFill%22%3A%22%22%2C%22customGoogleMapsStyles%22%3A%22%22%2C%22apiKey%22%3A%22AIzaSyB1ohONfrxy1Tb0AGLyVVByVujNaYQKHA8%22%2C%22widgetId%22%3A%221%22%7D\" \n                data-elfsight-google-maps-version=\"2.4.1\"\n                data-elfsight-widget-id=\"elfsight-google-maps-1\">\n            <\/div>\n            [\/vc_column_text]        <\/div>\n\n        [vc_empty_space height=&#8221;30px&#8221;][\/vc_column_inner][vc_column_inner offset=&#8221;vc_col-md-4&#8243;]        \n        <div class=\"box padding25\">\n            [vc_column_text]<\/p>\n<h4><img class=\"wp-image-10 alignleft\" src=\"https:\/\/ketner.dk\/kolding\/wp-content\/uploads\/sites\/9\/2021\/01\/bosch-service-logo.svg\" alt=\"\" width=\"30\" height=\"31\" srcset=\"https:\/\/ketner.dk\/kolding\/wp-content\/uploads\/sites\/9\/\/2021\/01\/bosch-service-logo.svg 150w, https:\/\/ketner.dk\/kolding\/wp-content\/uploads\/sites\/9\/\/2021\/01\/bosch-service-logo.svg 300w, https:\/\/ketner.dk\/kolding\/wp-content\/uploads\/sites\/9\/\/2021\/01\/bosch-service-logo.svg 1024w, https:\/\/ketner.dk\/kolding\/wp-content\/uploads\/sites\/9\/\/2021\/01\/bosch-service-logo.svg 78w\" sizes=\"(max-width: 30px) 100vw, 30px\" \/> Ketner Kolding<\/h4>\n<p>Ole R\u00f8mers Vej 2,<br \/>\n6000 Kolding<\/p>\n<p><a href=\"tel:+45 39 39 09 00\">+45 39 39 09 00<\/a><br \/>\n<a href=\"mailto:kolding@ketner.dk\">kolding@ketner.dk<\/a><\/p>\n<table style=\"width: 100%;\" cellspacing=\"0\" cellpadding=\"0\">\n<tbody>\n<tr>\n<th>\u00c5bningstider:<\/th>\n<th><\/th>\n<\/tr>\n<tr>\n<td>Mandag<\/td>\n<td>7.30 &#8211; 16.00<\/td>\n<\/tr>\n<tr>\n<td>Tirsdag<\/td>\n<td>7.30 &#8211; 16.00<\/td>\n<\/tr>\n<tr>\n<td>Onsdag<\/td>\n<td>7.30 &#8211; 16.00<\/td>\n<\/tr>\n<tr>\n<td>Torsdag<\/td>\n<td>7.30 &#8211; 16.00<\/td>\n<\/tr>\n<tr>\n<td>Fredag<\/td>\n<td>7.30 &#8211; 14.00<\/td>\n<\/tr>\n<tr>\n<td>L\u00f8rdag<\/td>\n<td>Lukket<\/td>\n<\/tr>\n<tr>\n<td>S\u00f8ndag<\/td>\n<td>Lukket<\/td>\n<\/tr>\n<\/tbody>\n<\/table>\n<p>[\/vc_column_text]        <\/div>\n\n        [\/vc_column_inner][\/vc_row_inner][\/vc_column][\/vc_row][vc_row css_animation=&#8221;&#8221; row_type=&#8221;row&#8221; use_row_as_full_screen_section=&#8221;no&#8221; type=&#8221;grid&#8221; angled_section=&#8221;no&#8221; text_align=&#8221;center&#8221; background_image_as_pattern=&#8221;without_pattern&#8221; el_class=&#8221;padding80&#8243; css=&#8221;.vc_custom_1609935864894{background-color: #002a3b !important;}&#8221; z_index=&#8221;&#8221;][vc_column][vc_row_inner row_type=&#8221;row&#8221; type=&#8221;full_width&#8221; text_align=&#8221;left&#8221; css_animation=&#8221;&#8221;][vc_column_inner width=&#8221;1\/2&#8243; offset=&#8221;vc_col-md-3&#8243;]        \n        <div class=\"icon_text\">\n            <div class=\"icon_text_image\">\n                <img width=\"36\" height=\"36\" src=\"https:\/\/ketner.dk\/kolding\/wp-content\/uploads\/2021\/01\/icons-white-tools.svg\" class=\"attachment-full size-full\" alt=\"\" srcset=\"https:\/\/ketner.dk\/kolding\/wp-content\/uploads\/sites\/9\/\/2021\/01\/icons-white-tools.svg 150w, https:\/\/ketner.dk\/kolding\/wp-content\/uploads\/sites\/9\/\/2021\/01\/icons-white-tools.svg 300w, https:\/\/ketner.dk\/kolding\/wp-content\/uploads\/sites\/9\/\/2021\/01\/icons-white-tools.svg 1024w, https:\/\/ketner.dk\/kolding\/wp-content\/uploads\/sites\/9\/\/2021\/01\/icons-white-tools.svg 36w\" sizes=\"(max-width: 36px) 100vw, 36px\" \/>            <\/div>\n            <div class=\"icon_text_content\">\n                <h3>Professionelt<\/h3>\n                <p>P\u00e5 vores autov\u00e6rksted i Kolding finder du branchens bedste og mest avancerede testudstyr.<\/p>\n            <\/div>\n        <\/div>\n\n        [\/vc_column_inner][vc_column_inner width=&#8221;1\/2&#8243; offset=&#8221;vc_col-md-3&#8243;]        \n        <div class=\"icon_text\">\n            <div class=\"icon_text_image\">\n                <img width=\"36\" height=\"36\" src=\"https:\/\/ketner.dk\/kolding\/wp-content\/uploads\/2021\/01\/icons-white-car.svg\" class=\"attachment-full size-full\" alt=\"\" srcset=\"https:\/\/ketner.dk\/kolding\/wp-content\/uploads\/sites\/9\/\/2021\/01\/icons-white-car.svg 150w, https:\/\/ketner.dk\/kolding\/wp-content\/uploads\/sites\/9\/\/2021\/01\/icons-white-car.svg 300w, https:\/\/ketner.dk\/kolding\/wp-content\/uploads\/sites\/9\/\/2021\/01\/icons-white-car.svg 1024w, https:\/\/ketner.dk\/kolding\/wp-content\/uploads\/sites\/9\/\/2021\/01\/icons-white-car.svg 36w\" sizes=\"(max-width: 36px) 100vw, 36px\" \/>            <\/div>\n            <div class=\"icon_text_content\">\n                <h3>Altid gratis l\u00e5nebil<\/h3>\n                <p>Der er altid en l\u00e5nebil klar til dig, mens vores mekanikere i Kolding arbejder p\u00e5 din bil.<\/p>\n            <\/div>\n        <\/div>\n\n        [\/vc_column_inner][vc_column_inner width=&#8221;1\/2&#8243; offset=&#8221;vc_col-md-3&#8243;]        \n        <div class=\"icon_text\">\n            <div class=\"icon_text_image\">\n                <img width=\"36\" height=\"36\" src=\"https:\/\/ketner.dk\/kolding\/wp-content\/uploads\/2021\/01\/icons-white-list.svg\" class=\"attachment-full size-full\" alt=\"\" srcset=\"https:\/\/ketner.dk\/kolding\/wp-content\/uploads\/sites\/9\/\/2021\/01\/icons-white-list.svg 150w, https:\/\/ketner.dk\/kolding\/wp-content\/uploads\/sites\/9\/\/2021\/01\/icons-white-list.svg 300w, https:\/\/ketner.dk\/kolding\/wp-content\/uploads\/sites\/9\/\/2021\/01\/icons-white-list.svg 1024w, https:\/\/ketner.dk\/kolding\/wp-content\/uploads\/sites\/9\/\/2021\/01\/icons-white-list.svg 36w\" sizes=\"(max-width: 36px) 100vw, 36px\" \/>            <\/div>\n            <div class=\"icon_text_content\">\n                <h3>Serviceaftale<\/h3>\n                <p>P\u00e5 vores autov\u00e6rksted i Kolding kan du tegne en fast serviceaftale. Den giver dig adgang til mange fordele billigt.<\/p>\n            <\/div>\n        <\/div>\n\n        [\/vc_column_inner][vc_column_inner width=&#8221;1\/2&#8243; offset=&#8221;vc_col-md-3&#8243;]        \n        <div class=\"icon_text\">\n            <div class=\"icon_text_image\">\n                <img width=\"36\" height=\"36\" src=\"https:\/\/ketner.dk\/kolding\/wp-content\/uploads\/2021\/01\/icons-white-time-calendar.svg\" class=\"attachment-full size-full\" alt=\"\" srcset=\"https:\/\/ketner.dk\/kolding\/wp-content\/uploads\/sites\/9\/\/2021\/01\/icons-white-time-calendar.svg 150w, https:\/\/ketner.dk\/kolding\/wp-content\/uploads\/sites\/9\/\/2021\/01\/icons-white-time-calendar.svg 300w, https:\/\/ketner.dk\/kolding\/wp-content\/uploads\/sites\/9\/\/2021\/01\/icons-white-time-calendar.svg 1024w, https:\/\/ketner.dk\/kolding\/wp-content\/uploads\/sites\/9\/\/2021\/01\/icons-white-time-calendar.svg 36w\" sizes=\"(max-width: 36px) 100vw, 36px\" \/>            <\/div>\n            <div class=\"icon_text_content\">\n                <h3>Ingen ventetid<\/h3>\n                <p>Vores automekaniker i Kolding giver dig altid den hurtigst mulige service, s\u00e5 du ikke skal undv\u00e6re din bil l\u00e6nge.<\/p>\n            <\/div>\n        <\/div>\n\n        [\/vc_column_inner][\/vc_row_inner][vc_empty_space height=&#8221;40px&#8221;]<a id=\"kontakt\" itemprop=\"url\" href=\"#\" target=\"_self\"  class=\"qbutton  white default\" style=\"margin: 0 20px 0 0; \">Kontakt os<i class=\"qodef-icon-dripicons dripicon dripicons-chevron-right qode_button_icon_element\" style=\"\" ><\/i><\/a>[\/vc_column][\/vc_row]<\/p>\n","protected":false},"excerpt":{"rendered":"<p>[vc_row css_animation=&#8221;&#8221; row_type=&#8221;row&#8221; use_row_as_full_screen_section=&#8221;no&#8221; type=&#8221;grid&#8221; angled_section=&#8221;no&#8221; text_align=&#8221;left&#8221; background_image_as_pattern=&#8221;without_pattern&#8221; el_class=&#8221;equal-height align-center&#8221; z_index=&#8221;&#8221; css=&#8221;.vc_custom_1612363227793{background-color: #f0f0f0 !important;}&#8221;][vc_column el_class=&#8221;padding80 paddingright&#8221; offset=&#8221;vc_col-md-6&#8243;][vc_column_text] Hurtig og effektiv partikelfilterrens i Kolding Et partikelfilter er designet til at filtrere de milj\u00f8skadelige gasser din bil udst\u00f8der \u2013 det er typisk fra udst\u00f8dningssod. Et partikelfilter er&#8230;<\/p>\n","protected":false},"author":1,"featured_media":0,"parent":0,"menu_order":0,"comment_status":"closed","ping_status":"closed","template":"full_width.php","meta":[],"acf":[],"_links":{"self":[{"href":"https:\/\/ketner.dk\/kolding\/wp-json\/wp\/v2\/pages\/261"}],"collection":[{"href":"https:\/\/ketner.dk\/kolding\/wp-json\/wp\/v2\/pages"}],"about":[{"href":"https:\/\/ketner.dk\/kolding\/wp-json\/wp\/v2\/types\/page"}],"author":[{"embeddable":true,"href":"https:\/\/ketner.dk\/kolding\/wp-json\/wp\/v2\/users\/1"}],"replies":[{"embeddable":true,"href":"https:\/\/ketner.dk\/kolding\/wp-json\/wp\/v2\/comments?post=261"}],"version-history":[{"count":45,"href":"https:\/\/ketner.dk\/kolding\/wp-json\/wp\/v2\/pages\/261\/revisions"}],"predecessor-version":[{"id":3042,"href":"https:\/\/ketner.dk\/kolding\/wp-json\/wp\/v2\/pages\/261\/revisions\/3042"}],"wp:attachment":[{"href":"https:\/\/ketner.dk\/kolding\/wp-json\/wp\/v2\/media?parent=261"}],"curies":[{"name":"wp","href":"https:\/\/api.w.org\/{rel}","templated":true}]}}