{"id":263,"date":"2021-01-27T11:40:14","date_gmt":"2021-01-27T11:40:14","guid":{"rendered":"https:\/\/lazzatest.dk\/ketner\/?page_id=263"},"modified":"2024-10-15T08:15:46","modified_gmt":"2024-10-15T08:15:46","slug":"testcenter","status":"publish","type":"page","link":"https:\/\/ketner.dk\/kolding\/specialer\/testcenter\/","title":{"rendered":"Testcenter"},"content":{"rendered":"<p>[vc_row css_animation=&#8221;&#8221; row_type=&#8221;row&#8221; use_row_as_full_screen_section=&#8221;no&#8221; type=&#8221;grid&#8221; angled_section=&#8221;no&#8221; text_align=&#8221;left&#8221; background_image_as_pattern=&#8221;without_pattern&#8221; el_class=&#8221;equal-height align-center&#8221; z_index=&#8221;&#8221; css=&#8221;.vc_custom_1611743526268{background-color: #fffffe !important;}&#8221;][vc_column el_class=&#8221;padding80 paddingright&#8221; offset=&#8221;vc_col-md-6&#8243;][vc_column_text]<\/p>\n<h1>Topmoderne testcenter. Diagnose og fejlfinding med kort ventetid.<\/h1>\n<p>Hos Ketner har vi et v\u00e6ld af teknikere, der har bred erfaring fra nogle af de st\u00f8rste bilhuse og dermed mange forskellige bilm\u00e6rker. Vi prioriterer uddannelse meget h\u00f8jt, og mange af vores teknikere uddannes som systemteknikere via Bosch Car Service \u2013 en efteruddannelse, der er meget lang og kr\u00e6vende.<\/p>\n<p>I vores testcenter er vi derfor specialister i fejlfinding. Her finder vi dagligt fejl og stiller diagnoser via vores ekspertise og det arsenal af det seneste nye teknologiske udstyr, vi har til r\u00e5dighed. Det giver os de bedste foruds\u00e6tninger for at l\u00f8se alle opgaver omkring din bil p\u00e5 den helt optimale m\u00e5de.[\/vc_column_text][vc_empty_space height=&#8221;40px&#8221;]<a  itemprop=\"url\" href=\"https:\/\/ketner.dk\/kolding\/servicebooking\/\" target=\"_self\"  class=\"qbutton  default\" style=\"margin: 0 20px 0 0; \">Book tid<i class=\"qodef-icon-dripicons dripicon dripicons-chevron-right qode_button_icon_element\" style=\"\" ><\/i><\/a><a id=\"bliv-ringet-op\" itemprop=\"url\" href=\"#\" target=\"_self\"  class=\"qbutton  white default\" style=\"margin: 0 20px 0 0; \">Bliv ringet op<i class=\"qodef-icon-dripicons dripicon dripicons-chevron-right qode_button_icon_element\" style=\"\" ><\/i><\/a>[vc_empty_space height=&#8221;40px&#8221;][\/vc_column][vc_column el_class=&#8221;video-container&#8221; offset=&#8221;vc_col-md-6&#8243;]\n                \n        <div class=\"youtube-wrapper\">\n            <div class=\"youtube overlay \" data-embed=\"hQ3tBSnFChM\">\n\t\t\t\t<div class=\"play-button\">\n\t\t\t\t\t<svg class=\"circle\" xmlns=\"http:\/\/www.w3.org\/2000\/svg\">\n\t\t\t\t\t\t<g>\n\t\t\t\t\t\t\t<ellipse class=\"background\" ry=\"40\" rx=\"40\" cy=\"42\" cx=\"42\" stroke-width=\"2\"\/>\n\t\t\t\t\t\t\t<polygon class=\"play-icon\" points=\"52,43 34,52 34,34\" \/>\n\t\t\t\t\t\t<\/g>\n\t\t\t\t\t<\/svg>\n\t\t\t\t\t<p>Se vores testcenter<\/p>\n                <\/div>\n                \t\t\t<\/div>\n\t\t<\/div>\n\n        [\/vc_column][\/vc_row][vc_row css_animation=&#8221;&#8221; row_type=&#8221;row&#8221; use_row_as_full_screen_section=&#8221;no&#8221; type=&#8221;grid&#8221; angled_section=&#8221;no&#8221; text_align=&#8221;left&#8221; background_image_as_pattern=&#8221;without_pattern&#8221; el_class=&#8221;padding80 equal-height align-center&#8221; css=&#8221;.vc_custom_1611737133965{background-color: #f0f0f0 !important;}&#8221; z_index=&#8221;&#8221;][vc_column offset=&#8221;vc_col-md-6&#8243;]        \n        <div class=\"image_grid-wrapper\">\n            <div class=\"image_grid\">\n                <div class=\"image_grid_item\"><img width=\"1000\" height=\"1200\" src=\"https:\/\/ketner.dk\/kolding\/wp-content\/uploads\/2021\/02\/70275242_2640643695998638_1707282133321515008_o.jpg\" class=\"attachment-full size-full\" alt=\"\" srcset=\"https:\/\/ketner.dk\/kolding\/wp-content\/uploads\/sites\/9\/2021\/02\/70275242_2640643695998638_1707282133321515008_o.jpg 1000w, https:\/\/ketner.dk\/kolding\/wp-content\/uploads\/sites\/9\/2021\/02\/70275242_2640643695998638_1707282133321515008_o-250x300.jpg 250w, https:\/\/ketner.dk\/kolding\/wp-content\/uploads\/sites\/9\/2021\/02\/70275242_2640643695998638_1707282133321515008_o-853x1024.jpg 853w, https:\/\/ketner.dk\/kolding\/wp-content\/uploads\/sites\/9\/2021\/02\/70275242_2640643695998638_1707282133321515008_o-768x922.jpg 768w, https:\/\/ketner.dk\/kolding\/wp-content\/uploads\/sites\/9\/2021\/02\/70275242_2640643695998638_1707282133321515008_o-700x840.jpg 700w\" sizes=\"(max-width: 1000px) 100vw, 1000px\" \/><\/div><div class=\"image_grid_item\"><img width=\"1200\" height=\"900\" src=\"https:\/\/ketner.dk\/kolding\/wp-content\/uploads\/2021\/02\/Testcenter-Per.jpg\" class=\"attachment-full size-full\" alt=\"\" srcset=\"https:\/\/ketner.dk\/kolding\/wp-content\/uploads\/sites\/9\/2021\/02\/Testcenter-Per.jpg 1200w, https:\/\/ketner.dk\/kolding\/wp-content\/uploads\/sites\/9\/2021\/02\/Testcenter-Per-300x225.jpg 300w, https:\/\/ketner.dk\/kolding\/wp-content\/uploads\/sites\/9\/2021\/02\/Testcenter-Per-1024x768.jpg 1024w, https:\/\/ketner.dk\/kolding\/wp-content\/uploads\/sites\/9\/2021\/02\/Testcenter-Per-768x576.jpg 768w, https:\/\/ketner.dk\/kolding\/wp-content\/uploads\/sites\/9\/2021\/02\/Testcenter-Per-800x600.jpg 800w, https:\/\/ketner.dk\/kolding\/wp-content\/uploads\/sites\/9\/2021\/02\/Testcenter-Per-700x525.jpg 700w\" sizes=\"(max-width: 1200px) 100vw, 1200px\" \/><\/div><div class=\"image_grid_item\"><img width=\"1200\" height=\"900\" src=\"https:\/\/ketner.dk\/kolding\/wp-content\/uploads\/2021\/02\/70352005_2640643049332036_1244126234649034752_o.jpg\" class=\"attachment-full size-full\" alt=\"\" srcset=\"https:\/\/ketner.dk\/kolding\/wp-content\/uploads\/sites\/9\/2021\/02\/70352005_2640643049332036_1244126234649034752_o.jpg 1200w, https:\/\/ketner.dk\/kolding\/wp-content\/uploads\/sites\/9\/2021\/02\/70352005_2640643049332036_1244126234649034752_o-300x225.jpg 300w, https:\/\/ketner.dk\/kolding\/wp-content\/uploads\/sites\/9\/2021\/02\/70352005_2640643049332036_1244126234649034752_o-1024x768.jpg 1024w, https:\/\/ketner.dk\/kolding\/wp-content\/uploads\/sites\/9\/2021\/02\/70352005_2640643049332036_1244126234649034752_o-768x576.jpg 768w, https:\/\/ketner.dk\/kolding\/wp-content\/uploads\/sites\/9\/2021\/02\/70352005_2640643049332036_1244126234649034752_o-800x600.jpg 800w, https:\/\/ketner.dk\/kolding\/wp-content\/uploads\/sites\/9\/2021\/02\/70352005_2640643049332036_1244126234649034752_o-700x525.jpg 700w\" sizes=\"(max-width: 1200px) 100vw, 1200px\" \/><\/div>            <\/div>\n        <\/div>\n\n        [vc_empty_space height=&#8221;40px&#8221;][\/vc_column][vc_column el_class=&#8221;paddingleft&#8221; offset=&#8221;vc_col-md-6&#8243;][vc_column_text]<\/p>\n<h2>Et testcenter med det nyeste tekniske udstyr<\/h2>\n<p>Vi s\u00e6tter en s\u00e6rlig \u00e6re i at v\u00e6re de specialister, der l\u00f8ser opgaven hurtigst og mest professionelt i den danske autobranche. Det g\u00f8r vi desuden, mens vi sikrer os, at det arbejde vi udf\u00f8rer, er 100 % i orden og aldrig skal laves om. For vi ved, hvor vigtigt det er for dig og alle vores \u00f8vrige kunder at have adgang til stabil transport i den travle hverdag.[\/vc_column_text][\/vc_column][\/vc_row][vc_row css_animation=&#8221;&#8221; row_type=&#8221;row&#8221; use_row_as_full_screen_section=&#8221;no&#8221; type=&#8221;grid&#8221; angled_section=&#8221;no&#8221; text_align=&#8221;left&#8221; background_image_as_pattern=&#8221;without_pattern&#8221; el_class=&#8221;padding80&#8243; css=&#8221;.vc_custom_1612355763305{background-color: #fffffe !important;}&#8221; z_index=&#8221;&#8221;][vc_column][vc_column_text]<\/p>\n<h3>Den anerkendte problemknuser i branchen<\/h3>\n<p>P\u00e5 alle vores autov\u00e6rksteder rundt omkring i landet udf\u00f8rer vi mange forskellige specialopgaver p\u00e5 n\u00e6rmest alle slags k\u00f8ret\u00f8jer. Det har givet os et godt ry som problemknuser, som vi er meget stolte af. For vi har ogs\u00e5 mulighed for at tilbyde dig mange unikke services. Det g\u00e6lder blandt andet en test af din bils ydelse m.m. p\u00e5 vores rullefelt.<\/p>\n<p>Vi har et helt v\u00e6ld af h\u00f8jteknologiske testapparater til r\u00e5dighed i vores testcenter \u2013 og flere af dem er originale testere med direkte online opkobling til bilfabrikkerne. Det giver os blandt andet mulighed for at foretage de dagsaktuelle opdateringer af din bils software.<\/p>\n<p>Her er blot nogle af de m\u00e6rkespecifikke testere, du finder i vores testcenter:[\/vc_column_text][vc_empty_space height=&#8221;40px&#8221;][vc_row_inner row_type=&#8221;row&#8221; type=&#8221;full_width&#8221; text_align=&#8221;left&#8221; css_animation=&#8221;&#8221;][vc_column_inner width=&#8221;1\/3&#8243; css=&#8221;.vc_custom_1634131843562{margin-bottom: 20px !important;}&#8221; offset=&#8221;vc_col-md-1\/5&#8243;][vc_column_text]<strong>Audi<\/strong><\/p>\n<p><strong>BMW<\/strong><\/p>\n<p><strong>Citro\u00ebn<\/strong>[\/vc_column_text][\/vc_column_inner][vc_column_inner width=&#8221;1\/3&#8243; css=&#8221;.vc_custom_1634131858547{margin-bottom: 20px !important;}&#8221; offset=&#8221;vc_col-md-1\/5&#8243;][vc_column_text]<strong>Ford<\/strong><\/p>\n<p><strong>Jaguar<\/strong><\/p>\n<p><strong>Mercedes Benz<\/strong>[\/vc_column_text][\/vc_column_inner][vc_column_inner width=&#8221;1\/3&#8243; css=&#8221;.vc_custom_1634131869933{margin-bottom: 20px !important;}&#8221; offset=&#8221;vc_col-md-1\/5&#8243;][vc_column_text]<strong>Opel<\/strong><\/p>\n<p><strong>Peugeot<\/strong><\/p>\n<p><strong>Renault<\/strong>[\/vc_column_text][\/vc_column_inner][vc_column_inner width=&#8221;1\/3&#8243; css=&#8221;.vc_custom_1634131880044{margin-bottom: 20px !important;}&#8221; offset=&#8221;vc_col-md-1\/5&#8243;][vc_column_text]<strong>Porsche<\/strong><\/p>\n<p><strong>Seat<\/strong><\/p>\n<p><strong>Skoda<\/strong>[\/vc_column_text][\/vc_column_inner][vc_column_inner width=&#8221;1\/3&#8243; css=&#8221;.vc_custom_1634131892258{margin-bottom: 20px !important;}&#8221; offset=&#8221;vc_col-md-1\/5&#8243;][vc_column_text]<strong>Tesla<\/strong><\/p>\n<p><strong>Volvo<\/strong><\/p>\n<p><strong>VW<\/strong>[\/vc_column_text][\/vc_column_inner][\/vc_row_inner][vc_empty_space height=&#8221;40px&#8221;][vc_column_text]Desuden har vi naturligvis et v\u00e6ld af avancerede testere, der giver os mulighed for at teste og diagnosticere alle de g\u00e6ngse bilm\u00e6rker og specialbiler.<\/p>\n<p>Har du sp\u00f8rgsm\u00e5l ang\u00e5ende de ting, vi kan klare p\u00e5 vores testcenter, stiller vi os altid til r\u00e5dighed med professionel service og vejledning.[\/vc_column_text][vc_empty_space height=&#8221;40px&#8221;]<a  itemprop=\"url\" href=\"https:\/\/ketner.dk\/kolding\/servicebooking\/\" target=\"_self\"  class=\"qbutton  default\" style=\"margin: 0 20px 0 0; \">Book tid<i class=\"qodef-icon-dripicons dripicon dripicons-chevron-right qode_button_icon_element\" style=\"\" ><\/i><\/a><a id=\"bliv-ringet-op\" itemprop=\"url\" href=\"#\" target=\"_self\"  class=\"qbutton  white default\" style=\"margin: 0 20px 0 0; \">Bliv ringet op<i class=\"qodef-icon-dripicons dripicon dripicons-chevron-right qode_button_icon_element\" style=\"\" ><\/i><\/a>[\/vc_column][\/vc_row]<\/p>\n","protected":false},"excerpt":{"rendered":"<p>[vc_row css_animation=&#8221;&#8221; row_type=&#8221;row&#8221; use_row_as_full_screen_section=&#8221;no&#8221; type=&#8221;grid&#8221; angled_section=&#8221;no&#8221; text_align=&#8221;left&#8221; background_image_as_pattern=&#8221;without_pattern&#8221; el_class=&#8221;equal-height align-center&#8221; z_index=&#8221;&#8221; css=&#8221;.vc_custom_1611743526268{background-color: #fffffe !important;}&#8221;][vc_column el_class=&#8221;padding80 paddingright&#8221; offset=&#8221;vc_col-md-6&#8243;][vc_column_text] Topmoderne testcenter. Diagnose og fejlfinding med kort ventetid. Hos Ketner har vi et v\u00e6ld af teknikere, der har bred erfaring fra nogle af de st\u00f8rste bilhuse og dermed&#8230;<\/p>\n","protected":false},"author":2,"featured_media":0,"parent":267,"menu_order":0,"comment_status":"closed","ping_status":"closed","template":"full_width.php","meta":[],"acf":[],"meta_title":"Topmoderne testcenter | Kort ventetid | Ketner","meta_description":"Anerkendt testcenter. Test p\u00e5 rullefelt. Online opdatering af software. Reparation med kort ventetid. Kontakt os og book en tid p\u00e5 vores testcenter.","focus_keyword":"Testcenter","parent_slug":"specialer","vc_single_images":[],"_links":{"self":[{"href":"https:\/\/ketner.dk\/kolding\/wp-json\/wp\/v2\/pages\/263"}],"collection":[{"href":"https:\/\/ketner.dk\/kolding\/wp-json\/wp\/v2\/pages"}],"about":[{"href":"https:\/\/ketner.dk\/kolding\/wp-json\/wp\/v2\/types\/page"}],"author":[{"embeddable":true,"href":"https:\/\/ketner.dk\/kolding\/wp-json\/wp\/v2\/users\/2"}],"replies":[{"embeddable":true,"href":"https:\/\/ketner.dk\/kolding\/wp-json\/wp\/v2\/comments?post=263"}],"version-history":[{"count":8,"href":"https:\/\/ketner.dk\/kolding\/wp-json\/wp\/v2\/pages\/263\/revisions"}],"predecessor-version":[{"id":3031,"href":"https:\/\/ketner.dk\/kolding\/wp-json\/wp\/v2\/pages\/263\/revisions\/3031"}],"up":[{"embeddable":true,"href":"https:\/\/ketner.dk\/kolding\/wp-json\/wp\/v2\/pages\/267"}],"wp:attachment":[{"href":"https:\/\/ketner.dk\/kolding\/wp-json\/wp\/v2\/media?parent=263"}],"curies":[{"name":"wp","href":"https:\/\/api.w.org\/{rel}","templated":true}]}}