{"id":2886,"date":"2023-06-15T12:10:44","date_gmt":"2023-06-15T12:10:44","guid":{"rendered":"https:\/\/ketner.dk\/kolding\/?page_id=2886"},"modified":"2023-06-15T12:10:44","modified_gmt":"2023-06-15T12:10:44","slug":"servicebooking-tesla","status":"publish","type":"page","link":"https:\/\/ketner.dk\/kolding\/servicebooking-tesla\/","title":{"rendered":"Servicebooking tesla"},"content":{"rendered":"<p>[vc_row css_animation=&#8221;&#8221; row_type=&#8221;row&#8221; use_row_as_full_screen_section=&#8221;no&#8221; type=&#8221;grid&#8221; angled_section=&#8221;no&#8221; text_align=&#8221;left&#8221; background_image_as_pattern=&#8221;without_pattern&#8221; el_class=&#8221;padding80&#8243; z_index=&#8221;&#8221;][vc_column][vc_column_text]<\/p>\n<h1>Booking<\/h1>\n<p>[\/vc_column_text][vc_empty_space height=&#8221;40px&#8221;][vc_row_inner row_type=&#8221;row&#8221; type=&#8221;full_width&#8221; text_align=&#8221;right&#8221; css_animation=&#8221;&#8221;][vc_column_inner][vc_column_text]<\/p>\n<p style=\"text-align: left;\">Tidsbestilling af service og reparation<\/p>\n<p>[\/vc_column_text][\/vc_column_inner][\/vc_row_inner][vc_empty_space height=&#8221;40px&#8221;]        \n        <div class=\"box padding30\">\n            <div role=\"form\" class=\"wpcf7\" id=\"wpcf7-f11-o1\" lang=\"da-DK\" dir=\"ltr\">\n<div class=\"screen-reader-response\"><p role=\"status\" aria-live=\"polite\" aria-atomic=\"true\"><\/p> <ul><\/ul><\/div>\n<form action=\"\/kolding\/wp-json\/wp\/v2\/pages\/2886#wpcf7-f11-o1\" method=\"post\" class=\"wpcf7-form init cf7_custom_style_1\" novalidate=\"novalidate\" data-status=\"init\">\n<div style=\"display: none;\">\n<input type=\"hidden\" name=\"_wpcf7\" value=\"11\" \/>\n<input type=\"hidden\" name=\"_wpcf7_version\" value=\"5.5.3\" \/>\n<input type=\"hidden\" name=\"_wpcf7_locale\" value=\"da_DK\" \/>\n<input type=\"hidden\" name=\"_wpcf7_unit_tag\" value=\"wpcf7-f11-o1\" \/>\n<input type=\"hidden\" name=\"_wpcf7_container_post\" value=\"0\" \/>\n<input type=\"hidden\" name=\"_wpcf7_posted_data_hash\" value=\"\" \/>\n<input type=\"hidden\" name=\"_wpcf7_recaptcha_response\" value=\"\" \/>\n<\/div>\n<div class=\"vc_row wpb_row section vc_row-fluid vc_inner \">\n<div class=\" full_section_inner clearfix\">\n<div class=\"wpb_column vc_column_container vc_col-sm-6\">\n<div class=\"vc_column-inner\">\n<p><label> Nummerplade<br \/>\n    <span class=\"wpcf7-form-control-wrap your-plate\"><input type=\"text\" name=\"your-plate\" value=\"\" size=\"40\" class=\"wpcf7-form-control wpcf7-text wpcf7-validates-as-required\" aria-required=\"true\" aria-invalid=\"false\" placeholder=\"Nummerplade\" \/><\/span> <\/label><\/p>\n<p><label> Bil<br \/>\n    <span class=\"wpcf7-form-control-wrap your-car\"><input type=\"text\" name=\"your-car\" value=\"\" size=\"40\" class=\"wpcf7-form-control wpcf7-text wpcf7-validates-as-required\" aria-required=\"true\" aria-invalid=\"false\" placeholder=\"M\u00e6rke, model og \u00e5rgang\" \/><\/span> <\/label><\/p>\n<p><label> Antal km<br \/>\n    <span class=\"wpcf7-form-control-wrap your-km\"><input type=\"text\" name=\"your-km\" value=\"\" size=\"40\" class=\"wpcf7-form-control wpcf7-text wpcf7-validates-as-required\" aria-required=\"true\" aria-invalid=\"false\" placeholder=\"Antal k\u00f8rte km\" \/><\/span> <\/label><\/p>\n<p><label> \u00d8nsket dato<br \/>\n    <span class=\"wpcf7-form-control-wrap desired-date\"><input type=\"date\" name=\"desired-date\" value=\"\" class=\"wpcf7-form-control wpcf7-date wpcf7-validates-as-required wpcf7-validates-as-date\" aria-required=\"true\" aria-invalid=\"false\" placeholder=\"Klik for at v\u00e6lge\" \/><\/span> <\/label><\/p>\n<p><label> \u00d8nsket tidspunkt<br \/>\n    <span class=\"wpcf7-form-control-wrap desired-time\"><input type=\"text\" name=\"desired-time\" value=\"\" size=\"40\" class=\"wpcf7-form-control wpcf7-text wpcf7-validates-as-required\" aria-required=\"true\" aria-invalid=\"false\" placeholder=\"f.eks. 10:30\" \/><\/span> <\/label><\/p>\n<p><label> Alternativ dato<br \/>\n    <span class=\"wpcf7-form-control-wrap alternate-date\"><input type=\"date\" name=\"alternate-date\" value=\"\" class=\"wpcf7-form-control wpcf7-date wpcf7-validates-as-date\" aria-invalid=\"false\" placeholder=\"Klik for at v\u00e6lge\" \/><\/span> <\/label><\/p>\n<p><label> Alternativ tidspunkt<br \/>\n    <span class=\"wpcf7-form-control-wrap alternate-time\"><input type=\"text\" name=\"alternate-time\" value=\"\" size=\"40\" class=\"wpcf7-form-control wpcf7-text\" aria-invalid=\"false\" placeholder=\"f.eks. 12:00\" \/><\/span> <\/label><\/p>\n<\/div>\n<\/div>\n<div class=\"wpb_column vc_column_container vc_col-sm-6\">\n<div class=\"vc_column-inner\">\n<p><label> Navn<br \/>\n    <span class=\"wpcf7-form-control-wrap your-name\"><input type=\"text\" name=\"your-name\" value=\"\" size=\"40\" class=\"wpcf7-form-control wpcf7-text wpcf7-validates-as-required\" aria-required=\"true\" aria-invalid=\"false\" placeholder=\"Dit fulde navn\" \/><\/span> <\/label><\/p>\n<p><label> Tlf.nr.<br \/>\n    <span class=\"wpcf7-form-control-wrap your-phone\"><input type=\"tel\" name=\"your-phone\" value=\"\" size=\"40\" class=\"wpcf7-form-control wpcf7-text wpcf7-tel wpcf7-validates-as-required wpcf7-validates-as-tel\" aria-required=\"true\" aria-invalid=\"false\" placeholder=\"Dit telefonnummer\" \/><\/span> <\/label><\/p>\n<p><label> E-mail<br \/>\n    <span class=\"wpcf7-form-control-wrap your-email\"><input type=\"email\" name=\"your-email\" value=\"\" size=\"40\" class=\"wpcf7-form-control wpcf7-text wpcf7-email wpcf7-validates-as-required wpcf7-validates-as-email\" aria-required=\"true\" aria-invalid=\"false\" placeholder=\"Din e-mail\" \/><\/span> <\/label><\/p>\n<p><label> Jeg vil gerne have lavet flg. service\/reparation:<br \/>\n    <span class=\"wpcf7-form-control-wrap your-message\"><textarea name=\"your-message\" cols=\"40\" rows=\"3\" class=\"wpcf7-form-control wpcf7-textarea\" aria-invalid=\"false\"><\/textarea><\/span> <\/label><\/p>\n<\/div>\n<\/div>\n<div class=\"wpb_column vc_column_container vc_col-sm-12\" style=\"text-align: right\">\n<div class=\"vc_column-inner\">\n<p><input type=\"submit\" value=\"Indsend\" class=\"wpcf7-form-control has-spinner wpcf7-submit\" \/><\/p>\n<\/div>\n<\/div>\n<\/div>\n<\/div>\n<p>V\u00e6r opm\u00e6rksom p\u00e5, at hjulskifte skal bestilles mindst 5 dage i forvejen, mens andre serviceydelser skal bestilles 3 dage i forvejen.<\/p>\n<input type='hidden' class='wpcf7-pum' value='{\"closepopup\":false,\"closedelay\":0,\"openpopup\":false,\"openpopup_id\":0}' \/><div class=\"wpcf7-response-output\" aria-hidden=\"true\"><\/div><\/form><\/div>        <\/div>\n\n        [\/vc_column][\/vc_row][vc_row css_animation=&#8221;&#8221; row_type=&#8221;row&#8221; use_row_as_full_screen_section=&#8221;no&#8221; type=&#8221;grid&#8221; angled_section=&#8221;no&#8221; text_align=&#8221;left&#8221; background_image_as_pattern=&#8221;without_pattern&#8221; el_class=&#8221;padding80&#8243; css=&#8221;.vc_custom_1609918823174{background-color: #fffffe !important;}&#8221; z_index=&#8221;&#8221;][vc_column offset=&#8221;vc_col-lg-offset-1 vc_col-lg-10&#8243;][vc_column_text]<\/p>\n<h2 style=\"text-align: center;\">Danmarks st\u00f8rste dieselleverand\u00f8r og -specialist<\/h2>\n<p style=\"text-align: center;\">Under vores tidligere navn Nordjysk Diesel-Elektro er vi is\u00e6r kendt for vores ekspertise inden for dieselomr\u00e5det, og vi r\u00e5der stadig over Danmarks st\u00e6rkeste dieselteam. Derudover har vi landets st\u00f8rste og mest velassorterede lager af reservedele til dieselbiler, hvilket sikrer dag til dag levering af alle slags komponenter.<\/p>\n<h2 style=\"text-align: center;\">Et team dedikeret til at holde Danmark godt k\u00f8rende<\/h2>\n<p style=\"text-align: center;\">Som en del af Bosch Car Service, driver vi autov\u00e6rksteder, der tager sig af alle slags biler. Vi er kendt som problemknusere, og l\u00f8ser dagligt store og sm\u00e5 opgaver med blinkende advarselslamper, d\u00e5rlig eller hakkende motorgang, tilstoppede partikelfiltre osv. Vi har ogs\u00e5 fremragende elv\u00e6rksteder, hvor vi er st\u00e6rke inden for startere, generatorer, turboer, fartskrivere og ikke mindst oliefyr og bilvarmere.<\/p>\n<p style=\"text-align: center;\">Vi er et kompetencecenter af muligheder for din bil.<\/p>\n<p>[\/vc_column_text][\/vc_column][\/vc_row][vc_row css_animation=&#8221;&#8221; row_type=&#8221;row&#8221; use_row_as_full_screen_section=&#8221;no&#8221; type=&#8221;grid&#8221; angled_section=&#8221;no&#8221; text_align=&#8221;left&#8221; background_image_as_pattern=&#8221;without_pattern&#8221; z_index=&#8221;&#8221; el_class=&#8221;padding100&#8243; css=&#8221;.vc_custom_1610025910256{padding-top: 0px !important;background-color: #fffffe !important;}&#8221;][vc_column]\n        <div class=\"services horizontal\">\n            \n            <div class=\"image\">\n                <a href=\"https:\/\/ketner.dk\/kolding\/specialer\/olieskift\/\" target=\"_self\" title=\"Olieskift\">\n                    <img width=\"123\" height=\"123\" src=\"https:\/\/ketner.dk\/kolding\/wp-content\/uploads\/2021\/01\/oil-pressure-light.png\" class=\"attachment-full size-full\" alt=\"\" \/>                <\/a>\n            <\/div>\n\n        \n            <div class=\"image\">\n                <a href=\"https:\/\/ketner.dk\/kolding\/autovaerksted\/\" target=\"_self\" title=\"Autov\u00e6rksted\">\n                    <img width=\"123\" height=\"123\" src=\"https:\/\/ketner.dk\/kolding\/wp-content\/uploads\/2021\/01\/engine-warning.png\" class=\"attachment-full size-full\" alt=\"\" \/>                <\/a>\n            <\/div>\n\n        \n            <div class=\"image\">\n                <a href=\"https:\/\/ketner.dk\/kolding\/specialer\/faelg-renovering\/\" target=\"_self\" title=\"F\u00e6lg renovering\">\n                    <img width=\"123\" height=\"123\" src=\"https:\/\/ketner.dk\/kolding\/wp-content\/uploads\/2021\/01\/brake-pad.png\" class=\"attachment-full size-full\" alt=\"\" \/>                <\/a>\n            <\/div>\n\n        \n            <div class=\"image\">\n                <a href=\"https:\/\/ketner.dk\/kolding\/specialer\/stenslag\/\" target=\"_self\" title=\"Stenslag\">\n                    <img width=\"123\" height=\"123\" src=\"https:\/\/ketner.dk\/kolding\/wp-content\/uploads\/2021\/01\/glass-damage.png\" class=\"attachment-full size-full\" alt=\"\" \/>                <\/a>\n            <\/div>\n\n        \n            <div class=\"image\">\n                <a href=\"https:\/\/ketner.dk\/kolding\/specialer\/elvaerksted\/\" target=\"_self\" title=\"Elv\u00e6rksted\">\n                    <img width=\"123\" height=\"123\" src=\"https:\/\/ketner.dk\/kolding\/wp-content\/uploads\/2021\/01\/battery-alert.png\" class=\"attachment-full size-full\" alt=\"\" \/>                <\/a>\n            <\/div>\n\n        \n            <div class=\"image\">\n                <a href=\"https:\/\/ketner.dk\/kolding\/specialer\/testcenter\/\" target=\"_self\" title=\"Testcenter\">\n                    <img width=\"123\" height=\"123\" src=\"https:\/\/ketner.dk\/kolding\/wp-content\/uploads\/2021\/01\/inspection.png\" class=\"attachment-full size-full\" alt=\"\" \/>                <\/a>\n            <\/div>\n\n        \n            <div class=\"image\">\n                <a href=\"https:\/\/ketner.dk\/kolding\/specialer\/service\/\" target=\"_self\" title=\"Service\">\n                    <img width=\"123\" height=\"123\" src=\"https:\/\/ketner.dk\/kolding\/wp-content\/uploads\/2021\/01\/headlight.png\" class=\"attachment-full size-full\" alt=\"\" \/>                <\/a>\n            <\/div>\n\n        \n            <div class=\"image\">\n                <a href=\"https:\/\/ketner.dk\/kolding\/specialer\/daekcenter\/\" target=\"_self\" title=\"D\u00e6kcenter\">\n                    <img width=\"123\" height=\"123\" src=\"https:\/\/ketner.dk\/kolding\/wp-content\/uploads\/2021\/01\/rims.png\" class=\"attachment-full size-full\" alt=\"\" \/>                <\/a>\n            <\/div>\n\n        \n            <div class=\"image\">\n                <a href=\"https:\/\/ketner.dk\/kolding\/specialer\/el-og-hybridbiler\/\" target=\"_self\" title=\"El- og hybridbiler\">\n                    <img width=\"123\" height=\"123\" src=\"https:\/\/ketner.dk\/kolding\/wp-content\/uploads\/2021\/01\/electric.png\" class=\"attachment-full size-full\" alt=\"\" \/>                <\/a>\n            <\/div>\n\n        \n            <div class=\"image\">\n                <a href=\"https:\/\/ketner.dk\/kolding\/partikelfilter-rens\/\" target=\"_self\" title=\"Partikelfilter rens\">\n                    <img width=\"123\" height=\"123\" src=\"https:\/\/ketner.dk\/kolding\/wp-content\/uploads\/2021\/01\/exhaust.png\" class=\"attachment-full size-full\" alt=\"\" \/>                <\/a>\n            <\/div>\n\n                <\/div>\n    \n        [\/vc_column][\/vc_row]<\/p>\n","protected":false},"excerpt":{"rendered":"<p>[vc_row css_animation=&#8221;&#8221; row_type=&#8221;row&#8221; use_row_as_full_screen_section=&#8221;no&#8221; type=&#8221;grid&#8221; angled_section=&#8221;no&#8221; text_align=&#8221;left&#8221; background_image_as_pattern=&#8221;without_pattern&#8221; el_class=&#8221;padding80&#8243; z_index=&#8221;&#8221;][vc_column][vc_column_text] Booking [\/vc_column_text][vc_empty_space height=&#8221;40px&#8221;][vc_row_inner row_type=&#8221;row&#8221; type=&#8221;full_width&#8221; text_align=&#8221;right&#8221; css_animation=&#8221;&#8221;][vc_column_inner][vc_column_text] Tidsbestilling af service og reparation [\/vc_column_text][\/vc_column_inner][\/vc_row_inner][vc_empty_space height=&#8221;40px&#8221;][\/vc_column][\/vc_row][vc_row css_animation=&#8221;&#8221; row_type=&#8221;row&#8221; use_row_as_full_screen_section=&#8221;no&#8221; type=&#8221;grid&#8221; angled_section=&#8221;no&#8221; text_align=&#8221;left&#8221; background_image_as_pattern=&#8221;without_pattern&#8221; el_class=&#8221;padding80&#8243; css=&#8221;.vc_custom_1609918823174{background-color: #fffffe !important;}&#8221; z_index=&#8221;&#8221;][vc_column offset=&#8221;vc_col-lg-offset-1 vc_col-lg-10&#8243;][vc_column_text] Danmarks st\u00f8rste dieselleverand\u00f8r og -specialist Under vores&#8230;<\/p>\n","protected":false},"author":7,"featured_media":0,"parent":0,"menu_order":0,"comment_status":"closed","ping_status":"closed","template":"full_width.php","meta":[],"acf":[],"meta_title":"","meta_description":"","focus_keyword":"","parent_slug":null,"vc_single_images":[],"_links":{"self":[{"href":"https:\/\/ketner.dk\/kolding\/wp-json\/wp\/v2\/pages\/2886"}],"collection":[{"href":"https:\/\/ketner.dk\/kolding\/wp-json\/wp\/v2\/pages"}],"about":[{"href":"https:\/\/ketner.dk\/kolding\/wp-json\/wp\/v2\/types\/page"}],"author":[{"embeddable":true,"href":"https:\/\/ketner.dk\/kolding\/wp-json\/wp\/v2\/users\/7"}],"replies":[{"embeddable":true,"href":"https:\/\/ketner.dk\/kolding\/wp-json\/wp\/v2\/comments?post=2886"}],"version-history":[{"count":2,"href":"https:\/\/ketner.dk\/kolding\/wp-json\/wp\/v2\/pages\/2886\/revisions"}],"predecessor-version":[{"id":2888,"href":"https:\/\/ketner.dk\/kolding\/wp-json\/wp\/v2\/pages\/2886\/revisions\/2888"}],"wp:attachment":[{"href":"https:\/\/ketner.dk\/kolding\/wp-json\/wp\/v2\/media?parent=2886"}],"curies":[{"name":"wp","href":"https:\/\/api.w.org\/{rel}","templated":true}]}}