{"id":3281,"date":"2023-06-07T12:37:21","date_gmt":"2023-06-07T10:37:21","guid":{"rendered":"https:\/\/ketner.dk\/?page_id=3281"},"modified":"2023-12-05T13:43:16","modified_gmt":"2023-12-05T12:43:16","slug":"norge-tesla-vaerksted","status":"publish","type":"page","link":"https:\/\/ketner.dk\/no\/norge-tesla-vaerksted\/","title":{"rendered":"Norge Tesla v\u00e6rksted"},"content":{"rendered":"<p>[vc_row css_animation=&#8221;&#8221; row_type=&#8221;row&#8221; use_row_as_full_screen_section=&#8221;no&#8221; type=&#8221;grid&#8221; angled_section=&#8221;no&#8221; text_align=&#8221;left&#8221; background_image_as_pattern=&#8221;without_pattern&#8221; el_class=&#8221;equal-height align-center&#8221; z_index=&#8221;&#8221; css=&#8221;.vc_custom_1611743526268{background-color: #fffffe !important;}&#8221;][vc_column el_class=&#8221;padding80 paddingright&#8221; offset=&#8221;vc_col-md-6&#8243;][vc_column_text]<\/p>\n<h1>Hos Ketner er vi toppeksperter p\u00e5 Tesla<\/h1>\n<p>Vi har investert i de beste spesialverkt\u00f8yene og godkjent sikkerhetsutstyr, slik at vi kan ta service p\u00e5 Tesla raskt og profesjonelt.<\/p>\n<p>Som noen av de f\u00f8rste i Danmark kan vi n\u00e5 ogs\u00e5 reparere Tesla-batterier, noe som b\u00e5de gagner milj\u00f8et \u2013 CO2-avtrykket \u2013 og \u00f8konomien.<\/p>\n<p>Vi f\u00e5r reservedeler direkte fra Tesla sitt europeiske hovedlager, og vi har et stort eget lager av reservedeler til Tesla. Det reduserer ventetiden p\u00e5 reparasjoner vesentlig.<\/p>\n<p><strong>Spar opptil 40 % p\u00e5 regningen sammenlignet med norske priser<\/strong>[\/vc_column_text][vc_empty_space height=&#8221;40px&#8221;]<a id=\"get-an-offer-button\" itemprop=\"url\" href=\"#\" target=\"_self\"  class=\"qbutton  default\" style=\"margin: 0 20px 0 0; \">F\u00e5 et tilbud<i class=\"qodef-icon-dripicons dripicon dripicons-chevron-right qode_button_icon_element\" style=\"\" ><\/i><\/a><a  itemprop=\"url\" href=\"https:\/\/ketner.dk\/no\/servicebooking\/\" target=\"_self\"  class=\"qbutton  white default\" style=\"margin: 0 20px 0 0; \">Book tid<i class=\"qodef-icon-dripicons dripicon dripicons-chevron-right qode_button_icon_element\" style=\"\" ><\/i><\/a>[vc_empty_space height=&#8221;40px&#8221;][\/vc_column][vc_column offset=&#8221;vc_col-md-6&#8243;][vc_single_image image=&#8221;3762&#8243; img_size=&#8221;full&#8221; style=&#8221;vc_box_rounded&#8221; qode_css_animation=&#8221;&#8221;][vc_empty_space height=&#8221;40px&#8221;][\/vc_column][\/vc_row][vc_row css_animation=&#8221;&#8221; row_type=&#8221;row&#8221; use_row_as_full_screen_section=&#8221;no&#8221; type=&#8221;grid&#8221; angled_section=&#8221;no&#8221; text_align=&#8221;left&#8221; background_image_as_pattern=&#8221;without_pattern&#8221; el_class=&#8221;padding80 equal-height align-center&#8221; css=&#8221;.vc_custom_1611737133965{background-color: #f0f0f0 !important;}&#8221; z_index=&#8221;&#8221;][vc_column offset=&#8221;vc_col-md-6&#8243;]        \n        <div class=\"image_grid-wrapper\">\n            <div class=\"image_grid\">\n                <div class=\"image_grid_item\"><img width=\"1246\" height=\"1825\" src=\"https:\/\/ketner.dk\/no\/wp-content\/uploads\/2023\/01\/Tesla-tester3.jpg\" class=\"attachment-full size-full\" alt=\"\" srcset=\"https:\/\/ketner.dk\/no\/wp-content\/uploads\/sites\/10\/2023\/01\/Tesla-tester3.jpg 1246w, https:\/\/ketner.dk\/no\/wp-content\/uploads\/sites\/10\/2023\/01\/Tesla-tester3-205x300.jpg 205w, https:\/\/ketner.dk\/no\/wp-content\/uploads\/sites\/10\/2023\/01\/Tesla-tester3-699x1024.jpg 699w, https:\/\/ketner.dk\/no\/wp-content\/uploads\/sites\/10\/2023\/01\/Tesla-tester3-768x1125.jpg 768w, https:\/\/ketner.dk\/no\/wp-content\/uploads\/sites\/10\/2023\/01\/Tesla-tester3-1049x1536.jpg 1049w, https:\/\/ketner.dk\/no\/wp-content\/uploads\/sites\/10\/2023\/01\/Tesla-tester3-700x1025.jpg 700w\" sizes=\"(max-width: 1246px) 100vw, 1246px\" \/><\/div><div class=\"image_grid_item\"><img width=\"1575\" height=\"2100\" src=\"https:\/\/ketner.dk\/no\/wp-content\/uploads\/2023\/01\/Tesla-skade.jpg\" class=\"attachment-full size-full\" alt=\"\" srcset=\"https:\/\/ketner.dk\/no\/wp-content\/uploads\/sites\/10\/2023\/01\/Tesla-skade.jpg 1575w, https:\/\/ketner.dk\/no\/wp-content\/uploads\/sites\/10\/2023\/01\/Tesla-skade-225x300.jpg 225w, https:\/\/ketner.dk\/no\/wp-content\/uploads\/sites\/10\/2023\/01\/Tesla-skade-768x1024.jpg 768w, https:\/\/ketner.dk\/no\/wp-content\/uploads\/sites\/10\/2023\/01\/Tesla-skade-1152x1536.jpg 1152w, https:\/\/ketner.dk\/no\/wp-content\/uploads\/sites\/10\/2023\/01\/Tesla-skade-1536x2048.jpg 1536w, https:\/\/ketner.dk\/no\/wp-content\/uploads\/sites\/10\/2023\/01\/Tesla-skade-600x800.jpg 600w, https:\/\/ketner.dk\/no\/wp-content\/uploads\/sites\/10\/2023\/01\/Tesla-skade-700x933.jpg 700w\" sizes=\"(max-width: 1575px) 100vw, 1575px\" \/><\/div><div class=\"image_grid_item\"><img width=\"2100\" height=\"1647\" src=\"https:\/\/ketner.dk\/no\/wp-content\/uploads\/2023\/04\/Tesla-batteri-reparation-retoucheret-ekstra.jpg\" class=\"attachment-full size-full\" alt=\"\" srcset=\"https:\/\/ketner.dk\/no\/wp-content\/uploads\/sites\/10\/2023\/04\/Tesla-batteri-reparation-retoucheret-ekstra.jpg 2100w, https:\/\/ketner.dk\/no\/wp-content\/uploads\/sites\/10\/2023\/04\/Tesla-batteri-reparation-retoucheret-ekstra-300x235.jpg 300w, https:\/\/ketner.dk\/no\/wp-content\/uploads\/sites\/10\/2023\/04\/Tesla-batteri-reparation-retoucheret-ekstra-1024x803.jpg 1024w, https:\/\/ketner.dk\/no\/wp-content\/uploads\/sites\/10\/2023\/04\/Tesla-batteri-reparation-retoucheret-ekstra-768x602.jpg 768w, https:\/\/ketner.dk\/no\/wp-content\/uploads\/sites\/10\/2023\/04\/Tesla-batteri-reparation-retoucheret-ekstra-1536x1205.jpg 1536w, https:\/\/ketner.dk\/no\/wp-content\/uploads\/sites\/10\/2023\/04\/Tesla-batteri-reparation-retoucheret-ekstra-2048x1606.jpg 2048w, https:\/\/ketner.dk\/no\/wp-content\/uploads\/sites\/10\/2023\/04\/Tesla-batteri-reparation-retoucheret-ekstra-700x549.jpg 700w\" sizes=\"(max-width: 2100px) 100vw, 2100px\" \/><\/div>            <\/div>\n        <\/div>\n\n        [vc_empty_space height=&#8221;40px&#8221;][\/vc_column][vc_column el_class=&#8221;paddingleft&#8221; offset=&#8221;vc_col-md-6&#8243;][vc_column_text]<\/p>\n<h1>Bilverksted med spesialkompetanse p\u00e5 Tesla<\/h1>\n<p>Hos Ketner utf\u00f8rer vi service og reparasjoner p\u00e5 din Tesla basert p\u00e5 forskrifter og veiledninger fra Tesla, og vi kontrollerer bilen din med diagnoseverkt\u00f8y fra Tesla.<\/p>\n<p>Det er mange fordeler ved \u00e5 komme til oss:<\/p>\n<ul>\n<li>Effektiv feils\u00f8kingsteknologi<\/li>\n<li>Originalt Tesla-testutstyr<\/li>\n<li>Alle typer service<\/li>\n<li>Reservedelslager<\/li>\n<li>Skadeservice med synkronisering av nye deler<\/li>\n<li>Kompetanse og ekspertise p\u00e5 omr\u00e5det<\/li>\n<li>Sertifisert el- og hybridverksted<\/li>\n<\/ul>\n<p>Vi garanterer at reparasjonen blir utf\u00f8rt i henhold til forskriftene, og at du beholder garantien din.[\/vc_column_text][vc_empty_space height=&#8221;40px&#8221;]<a  itemprop=\"url\" href=\"https:\/\/ketner.dk\/no\/servicebooking\/\" target=\"_self\"  class=\"qbutton  default\" style=\"margin: 0 20px 0 0; \">Book tid<i class=\"qodef-icon-dripicons dripicon dripicons-chevron-right qode_button_icon_element\" style=\"\" ><\/i><\/a><a id=\"get-an-offer-button\" itemprop=\"url\" href=\"#\" target=\"_self\"  class=\"qbutton  white default\" style=\"margin: 0 20px 0 0; \">F\u00e5 et tilbud<i class=\"qodef-icon-dripicons dripicon dripicons-chevron-right qode_button_icon_element\" style=\"\" ><\/i><\/a>[\/vc_column][\/vc_row][vc_row css_animation=&#8221;&#8221; row_type=&#8221;row&#8221; use_row_as_full_screen_section=&#8221;no&#8221; type=&#8221;grid&#8221; angled_section=&#8221;no&#8221; text_align=&#8221;center&#8221; background_image_as_pattern=&#8221;without_pattern&#8221; el_class=&#8221;padding80&#8243; css=&#8221;.vc_custom_1609935864894{background-color: #002a3b !important;}&#8221; z_index=&#8221;&#8221;][vc_column][vc_empty_space height=&#8221;40px&#8221;]<a  itemprop=\"url\" href=\"https:\/\/ketner.dk\/no\/find-vaerksted\/\" target=\"_self\"  class=\"qbutton  white default\" style=\"margin: 0 20px 0 0; \">Her finner du oss<i class=\"qodef-icon-dripicons dripicon dripicons-chevron-right qode_button_icon_element\" style=\"\" ><\/i><\/a><a  itemprop=\"url\" href=\"https:\/\/ketner.dk\/no\/\" target=\"_self\"  class=\"qbutton  default\" style=\"margin: 0 20px 0 0; \">Tilbake til forside<i class=\"qodef-icon-dripicons dripicon dripicons-chevron-right qode_button_icon_element\" style=\"\" ><\/i><\/a><a id=\"bliv-ringet-op\" itemprop=\"url\" href=\"#\" target=\"_self\"  class=\"qbutton  white default\" style=\"margin: 0 20px 0 0; \">Bli ringt opp<i class=\"qodef-icon-dripicons dripicon dripicons-chevron-right qode_button_icon_element\" style=\"\" ><\/i><\/a>[\/vc_column][\/vc_row][vc_row css_animation=&#8221;&#8221; row_type=&#8221;row&#8221; use_row_as_full_screen_section=&#8221;no&#8221; type=&#8221;grid&#8221; angled_section=&#8221;no&#8221; text_align=&#8221;left&#8221; background_image_as_pattern=&#8221;without_pattern&#8221; el_class=&#8221;padding80&#8243; css=&#8221;.vc_custom_1611736988930{background-color: #fffffe !important;}&#8221; z_index=&#8221;&#8221;][vc_column][vc_column_text]<\/p>\n<h2>Har din Tesla f\u00e5tt en skade?<\/h2>\n<p>Vi kan raskt hjelpe deg videre i tilfelle skader p\u00e5 Teslaen din. V\u00e5re teknikere er utdannet og sertifisert i \u00e5 utf\u00f8re arbeid p\u00e5 elbiler, og arbeidet utf\u00f8res med h\u00f8yeste kvalitet. Samtidig s\u00f8rger vi for at sikkerhetssystemene er kalibrert p\u00e5 ny etter kollisjonen, slik at du er trygg hvis uhellet skulle v\u00e6re ute.<\/p>\n<p>Vi stiller selvf\u00f8lgelig en l\u00e5nebil til r\u00e5dighet mens Teslaen din er p\u00e5 verkstedet, og vi s\u00f8rger for \u00e5 bestille overnatting p\u00e5 hotell i n\u00e6rheten.[\/vc_column_text][vc_empty_space height=&#8221;40px&#8221;]<a  itemprop=\"url\" href=\"https:\/\/ketner.dk\/no\/servicebooking\/\" target=\"_self\"  class=\"qbutton  default\" style=\"margin: 0 20px 0 0; \">Book tid<i class=\"qodef-icon-dripicons dripicon dripicons-chevron-right qode_button_icon_element\" style=\"\" ><\/i><\/a><a id=\"get-an-offer-button\" itemprop=\"url\" href=\"#\" target=\"_self\"  class=\"qbutton  white default\" style=\"margin: 0 20px 0 0; \">F\u00e5 et tilbud<i class=\"qodef-icon-dripicons dripicon dripicons-chevron-right qode_button_icon_element\" style=\"\" ><\/i><\/a>[\/vc_column][\/vc_row]<\/p>\n","protected":false},"excerpt":{"rendered":"<p>[vc_row css_animation=&#8221;&#8221; row_type=&#8221;row&#8221; use_row_as_full_screen_section=&#8221;no&#8221; type=&#8221;grid&#8221; angled_section=&#8221;no&#8221; text_align=&#8221;left&#8221; background_image_as_pattern=&#8221;without_pattern&#8221; el_class=&#8221;equal-height align-center&#8221; z_index=&#8221;&#8221; css=&#8221;.vc_custom_1611743526268{background-color: #fffffe !important;}&#8221;][vc_column el_class=&#8221;padding80 paddingright&#8221; offset=&#8221;vc_col-md-6&#8243;][vc_column_text] Hos Ketner er vi toppeksperter p\u00e5 Tesla Vi har investert i de beste spesialverkt\u00f8yene og godkjent sikkerhetsutstyr, slik at vi kan ta service p\u00e5 Tesla raskt og profesjonelt&#8230;.<\/p>\n","protected":false},"author":6,"featured_media":0,"parent":0,"menu_order":0,"comment_status":"closed","ping_status":"closed","template":"full_width.php","meta":[],"acf":[],"_links":{"self":[{"href":"https:\/\/ketner.dk\/no\/wp-json\/wp\/v2\/pages\/3281"}],"collection":[{"href":"https:\/\/ketner.dk\/no\/wp-json\/wp\/v2\/pages"}],"about":[{"href":"https:\/\/ketner.dk\/no\/wp-json\/wp\/v2\/types\/page"}],"author":[{"embeddable":true,"href":"https:\/\/ketner.dk\/no\/wp-json\/wp\/v2\/users\/6"}],"replies":[{"embeddable":true,"href":"https:\/\/ketner.dk\/no\/wp-json\/wp\/v2\/comments?post=3281"}],"version-history":[{"count":32,"href":"https:\/\/ketner.dk\/no\/wp-json\/wp\/v2\/pages\/3281\/revisions"}],"predecessor-version":[{"id":3496,"href":"https:\/\/ketner.dk\/no\/wp-json\/wp\/v2\/pages\/3281\/revisions\/3496"}],"wp:attachment":[{"href":"https:\/\/ketner.dk\/no\/wp-json\/wp\/v2\/media?parent=3281"}],"curies":[{"name":"wp","href":"https:\/\/api.w.org\/{rel}","templated":true}]}}