{"id":3305,"date":"2023-06-07T12:37:23","date_gmt":"2023-06-07T10:37:23","guid":{"rendered":"https:\/\/ketner.dk\/?page_id=3305"},"modified":"2023-07-10T11:13:24","modified_gmt":"2023-07-10T09:13:24","slug":"norge-volvo-vaerksted","status":"publish","type":"page","link":"https:\/\/ketner.dk\/no\/norge-volvo-vaerksted\/","title":{"rendered":"Norge Volvo v\u00e6rksted"},"content":{"rendered":"<p>[vc_row css_animation=&#8221;&#8221; row_type=&#8221;row&#8221; use_row_as_full_screen_section=&#8221;no&#8221; type=&#8221;grid&#8221; angled_section=&#8221;no&#8221; text_align=&#8221;left&#8221; background_image_as_pattern=&#8221;without_pattern&#8221; el_class=&#8221;equal-height align-center&#8221; z_index=&#8221;&#8221; css=&#8221;.vc_custom_1611743526268{background-color: #fffffe !important;}&#8221;][vc_column el_class=&#8221;padding80 paddingright&#8221; offset=&#8221;vc_col-md-6&#8243;][vc_column_text]<\/p>\n<h1>Et dansk verksted med fokus p\u00e5 Volvo<\/h1>\n<p>Volvo er en av de virkelig store p\u00e5 det skandinaviske bilmarkedet, og det er selvf\u00f8lgelig mange gode grunner til det. Volvo st\u00e5r for kvalitet, nordisk estetikk og den ultimate kj\u00f8reglede. Derfor er det ogs\u00e5 viktig at du velger et bilverksted som har den samme pasjonen for Volvo som du har.<\/p>\n<p>Vi er spesialister p\u00e5 mange omr\u00e5der, s\u00e5 det finnes ingen oppgaver som vi ikke kan ta oss av. V\u00e5re teknikere og mekanikere har mange \u00e5rs erfaring med nettopp Volvo, og med opptil 40 % besparelse er det mange gode grunner til \u00e5 velge Ketner.<\/p>\n<p><strong>Book tid n\u00e5, eller f\u00e5 et tilbud p\u00e5 din reparasjon!<\/strong>[\/vc_column_text][vc_empty_space height=&#8221;40px&#8221;]<a  itemprop=\"url\" href=\"https:\/\/ketner.dk\/no\/servicebooking\/\" target=\"_self\"  class=\"qbutton  default\" style=\"margin: 0 20px 0 0; \">Book tid<i class=\"qodef-icon-dripicons dripicon dripicons-chevron-right qode_button_icon_element\" style=\"\" ><\/i><\/a><a id=\"get-an-offer-button\" itemprop=\"url\" href=\"#\" target=\"_self\"  class=\"qbutton  white default\" style=\"margin: 0 20px 0 0; \">F\u00e5 et tilbud<i class=\"qodef-icon-dripicons dripicon dripicons-chevron-right qode_button_icon_element\" style=\"\" ><\/i><\/a>[vc_empty_space height=&#8221;40px&#8221;][\/vc_column][vc_column offset=&#8221;vc_col-md-6&#8243;][vc_single_image image=&#8221;482&#8243; img_size=&#8221;full&#8221; style=&#8221;vc_box_rounded&#8221; qode_css_animation=&#8221;&#8221;][vc_empty_space height=&#8221;40px&#8221;][\/vc_column][\/vc_row][vc_row css_animation=&#8221;&#8221; row_type=&#8221;row&#8221; use_row_as_full_screen_section=&#8221;no&#8221; type=&#8221;grid&#8221; angled_section=&#8221;no&#8221; text_align=&#8221;left&#8221; background_image_as_pattern=&#8221;without_pattern&#8221; el_class=&#8221;padding80 equal-height align-center&#8221; css=&#8221;.vc_custom_1611737133965{background-color: #f0f0f0 !important;}&#8221; z_index=&#8221;&#8221;][vc_column offset=&#8221;vc_col-md-6&#8243;]        \n        <div class=\"image_grid-wrapper\">\n            <div class=\"image_grid\">\n                <div class=\"image_grid_item\"><img width=\"1200\" height=\"514\" src=\"https:\/\/ketner.dk\/no\/wp-content\/uploads\/2021\/02\/volvo-logo.jpg\" class=\"attachment-full size-full\" alt=\"\" srcset=\"https:\/\/ketner.dk\/no\/wp-content\/uploads\/sites\/10\/2021\/02\/volvo-logo.jpg 1200w, https:\/\/ketner.dk\/no\/wp-content\/uploads\/sites\/10\/2021\/02\/volvo-logo-300x129.jpg 300w, https:\/\/ketner.dk\/no\/wp-content\/uploads\/sites\/10\/2021\/02\/volvo-logo-1024x439.jpg 1024w, https:\/\/ketner.dk\/no\/wp-content\/uploads\/sites\/10\/2021\/02\/volvo-logo-768x329.jpg 768w, https:\/\/ketner.dk\/no\/wp-content\/uploads\/sites\/10\/2021\/02\/volvo-logo-700x300.jpg 700w\" sizes=\"(max-width: 1200px) 100vw, 1200px\" \/><\/div><div class=\"image_grid_item\"><img width=\"1200\" height=\"1017\" src=\"https:\/\/ketner.dk\/no\/wp-content\/uploads\/2021\/02\/Volvo.jpg\" class=\"attachment-full size-full\" alt=\"\" srcset=\"https:\/\/ketner.dk\/no\/wp-content\/uploads\/sites\/10\/2021\/02\/Volvo.jpg 1200w, https:\/\/ketner.dk\/no\/wp-content\/uploads\/sites\/10\/2021\/02\/Volvo-300x254.jpg 300w, https:\/\/ketner.dk\/no\/wp-content\/uploads\/sites\/10\/2021\/02\/Volvo-1024x868.jpg 1024w, https:\/\/ketner.dk\/no\/wp-content\/uploads\/sites\/10\/2021\/02\/Volvo-768x651.jpg 768w, https:\/\/ketner.dk\/no\/wp-content\/uploads\/sites\/10\/2021\/02\/Volvo-700x593.jpg 700w\" sizes=\"(max-width: 1200px) 100vw, 1200px\" \/><\/div><div class=\"image_grid_item\"><img width=\"2048\" height=\"1536\" src=\"https:\/\/ketner.dk\/no\/wp-content\/uploads\/2021\/10\/Volvo-test.jpg\" class=\"attachment-full size-full\" alt=\"\" srcset=\"https:\/\/ketner.dk\/no\/wp-content\/uploads\/sites\/10\/2021\/10\/Volvo-test.jpg 2048w, https:\/\/ketner.dk\/no\/wp-content\/uploads\/sites\/10\/2021\/10\/Volvo-test-300x225.jpg 300w, https:\/\/ketner.dk\/no\/wp-content\/uploads\/sites\/10\/2021\/10\/Volvo-test-1024x768.jpg 1024w, https:\/\/ketner.dk\/no\/wp-content\/uploads\/sites\/10\/2021\/10\/Volvo-test-768x576.jpg 768w, https:\/\/ketner.dk\/no\/wp-content\/uploads\/sites\/10\/2021\/10\/Volvo-test-1536x1152.jpg 1536w, https:\/\/ketner.dk\/no\/wp-content\/uploads\/sites\/10\/2021\/10\/Volvo-test-800x600.jpg 800w, https:\/\/ketner.dk\/no\/wp-content\/uploads\/sites\/10\/2021\/10\/Volvo-test-700x525.jpg 700w\" sizes=\"(max-width: 2048px) 100vw, 2048px\" \/><\/div>            <\/div>\n        <\/div>\n\n        [vc_empty_space height=&#8221;40px&#8221;][\/vc_column][vc_column el_class=&#8221;paddingleft&#8221; offset=&#8221;vc_col-md-6&#8243;][vc_column_text]<\/p>\n<h2>Ketner tilbyr profesjonell service og besparelser<\/h2>\n<p>Det finnes mange forskjellige verksteder rundt om i Danmark. Derfor kan det v\u00e6re vanskelig \u00e5 finne ut av hvilket du skal velge, det skj\u00f8nner vi faktisk godt. For hva er det egentlig som skiller et bilverksted fra et annet?<\/p>\n<p>Utover en stor besparelse, finnes det mange andre fordeler ved \u00e5 ta turen til oss. Velger du Ketner, er det nemlig en rekke fordeler som gj\u00f8r oss litt bedre enn mange andre Volvo-verksteder.<\/p>\n<ul>\n<li>Du f\u00e5r tilbud om gratis l\u00e5nebil<\/li>\n<li>Du f\u00e5r prisgaranti<\/li>\n<li>Vi bruker kun kvalitetsreservedeler<\/li>\n<li>Du kan beholde din fabrikkgaranti.<\/li>\n<li>Du kan f\u00e5 utf\u00f8rt programvareoppdatering<\/li>\n<li>Vi har ingen ventetid<\/li>\n<li>Du sparer opptil 40 % sammenlignet med norske priser<\/li>\n<\/ul>\n<p>[\/vc_column_text][vc_empty_space height=&#8221;40px&#8221;]<a  itemprop=\"url\" href=\"https:\/\/ketner.dk\/no\/servicebooking\/\" target=\"_self\"  class=\"qbutton  default\" style=\"margin: 0 20px 0 0; \">Book tid<i class=\"qodef-icon-dripicons dripicon dripicons-chevron-right qode_button_icon_element\" style=\"\" ><\/i><\/a><a id=\"get-an-offer-button\" itemprop=\"url\" href=\"#\" target=\"_self\"  class=\"qbutton  white default\" style=\"margin: 0 20px 0 0; \">F\u00e5 et tilbud<i class=\"qodef-icon-dripicons dripicon dripicons-chevron-right qode_button_icon_element\" style=\"\" ><\/i><\/a>[\/vc_column][\/vc_row][vc_row css_animation=&#8221;&#8221; row_type=&#8221;row&#8221; use_row_as_full_screen_section=&#8221;no&#8221; type=&#8221;grid&#8221; angled_section=&#8221;no&#8221; text_align=&#8221;center&#8221; background_image_as_pattern=&#8221;without_pattern&#8221; el_class=&#8221;padding80&#8243; css=&#8221;.vc_custom_1609935864894{background-color: #002a3b !important;}&#8221; z_index=&#8221;&#8221;][vc_column][vc_empty_space height=&#8221;40px&#8221;]<a  itemprop=\"url\" href=\"https:\/\/ketner.dk\/no\/find-vaerksted\/\" target=\"_self\"  class=\"qbutton  white default\" style=\"margin: 0 20px 0 0; \">Her finner du oss<i class=\"qodef-icon-dripicons dripicon dripicons-chevron-right qode_button_icon_element\" style=\"\" ><\/i><\/a><a  itemprop=\"url\" href=\"https:\/\/ketner.dk\/no\/\" target=\"_self\"  class=\"qbutton  default\" style=\"margin: 0 20px 0 0; \">Tilbake til forside<i class=\"qodef-icon-dripicons dripicon dripicons-chevron-right qode_button_icon_element\" style=\"\" ><\/i><\/a><a id=\"bliv-ringet-op\" itemprop=\"url\" href=\"#\" target=\"_self\"  class=\"qbutton  white default\" style=\"margin: 0 20px 0 0; \">Bli ringt opp<i class=\"qodef-icon-dripicons dripicon dripicons-chevron-right qode_button_icon_element\" style=\"\" ><\/i><\/a>[\/vc_column][\/vc_row][vc_row css_animation=&#8221;&#8221; row_type=&#8221;row&#8221; use_row_as_full_screen_section=&#8221;no&#8221; type=&#8221;grid&#8221; angled_section=&#8221;no&#8221; text_align=&#8221;left&#8221; background_image_as_pattern=&#8221;without_pattern&#8221; el_class=&#8221;padding80&#8243; css=&#8221;.vc_custom_1611736988930{background-color: #fffffe !important;}&#8221; z_index=&#8221;&#8221;][vc_column][\/vc_column][vc_column offset=&#8221;vc_col-lg-offset-1 vc_col-lg-10&#8243;][vc_column_text el_class=&#8221;center-text&#8221;]<\/p>\n<h2 style=\"text-align: left;\">G\u00e5r Volvoen din ikke som den skal?<\/h2>\n<p style=\"text-align: left;\">Hvis bilen din trenger en st\u00f8rre reparasjon, eller hvis den har f\u00e5tt en skade, kan det helt sikkert l\u00f8nne seg \u00e5 be om en pris fra Ketner. Vi kan garantere at du sparer opptil 40 % sammenlignet med norske priser, s\u00e5 der har du en god grunn til \u00e5 ta fergen til Danmark. Dessuten ligger vi bare 45 min. kj\u00f8retid fra Hirtshals.<\/p>\n<p style=\"text-align: left;\"><strong>Kontakt oss og f\u00e5 et tilbud p\u00e5 din reparasjon<\/strong><\/p>\n<p>[\/vc_column_text][vc_empty_space height=&#8221;40px&#8221;]<a id=\"get-an-offer-button\" itemprop=\"url\" href=\"#\" target=\"_self\"  class=\"qbutton  white default\" style=\"margin: 0 20px 0 0; \">F\u00e5 et tilbud<i class=\"qodef-icon-dripicons dripicon dripicons-chevron-right qode_button_icon_element\" style=\"\" ><\/i><\/a><a  itemprop=\"url\" href=\"https:\/\/ketner.dk\/servicebooking\/\" target=\"_self\"  class=\"qbutton  default\" style=\"margin: 0 20px 0 0; \">Book tid<i class=\"qodef-icon-dripicons dripicon dripicons-chevron-right qode_button_icon_element\" style=\"\" ><\/i><\/a>[\/vc_column][\/vc_row]<\/p>\n","protected":false},"excerpt":{"rendered":"<p>[vc_row css_animation=&#8221;&#8221; row_type=&#8221;row&#8221; use_row_as_full_screen_section=&#8221;no&#8221; type=&#8221;grid&#8221; angled_section=&#8221;no&#8221; text_align=&#8221;left&#8221; background_image_as_pattern=&#8221;without_pattern&#8221; el_class=&#8221;equal-height align-center&#8221; z_index=&#8221;&#8221; css=&#8221;.vc_custom_1611743526268{background-color: #fffffe !important;}&#8221;][vc_column el_class=&#8221;padding80 paddingright&#8221; offset=&#8221;vc_col-md-6&#8243;][vc_column_text] Et dansk verksted med fokus p\u00e5 Volvo Volvo er en av de virkelig store p\u00e5 det skandinaviske bilmarkedet, og det er selvf\u00f8lgelig mange gode grunner til det. Volvo&#8230;<\/p>\n","protected":false},"author":6,"featured_media":0,"parent":0,"menu_order":0,"comment_status":"closed","ping_status":"closed","template":"full_width.php","meta":[],"acf":[],"_links":{"self":[{"href":"https:\/\/ketner.dk\/no\/wp-json\/wp\/v2\/pages\/3305"}],"collection":[{"href":"https:\/\/ketner.dk\/no\/wp-json\/wp\/v2\/pages"}],"about":[{"href":"https:\/\/ketner.dk\/no\/wp-json\/wp\/v2\/types\/page"}],"author":[{"embeddable":true,"href":"https:\/\/ketner.dk\/no\/wp-json\/wp\/v2\/users\/6"}],"replies":[{"embeddable":true,"href":"https:\/\/ketner.dk\/no\/wp-json\/wp\/v2\/comments?post=3305"}],"version-history":[{"count":24,"href":"https:\/\/ketner.dk\/no\/wp-json\/wp\/v2\/pages\/3305\/revisions"}],"predecessor-version":[{"id":3492,"href":"https:\/\/ketner.dk\/no\/wp-json\/wp\/v2\/pages\/3305\/revisions\/3492"}],"wp:attachment":[{"href":"https:\/\/ketner.dk\/no\/wp-json\/wp\/v2\/media?parent=3305"}],"curies":[{"name":"wp","href":"https:\/\/api.w.org\/{rel}","templated":true}]}}