{"id":3314,"date":"2023-06-07T12:37:17","date_gmt":"2023-06-07T10:37:17","guid":{"rendered":"https:\/\/ketner.dk\/?page_id=3314"},"modified":"2023-07-10T11:07:21","modified_gmt":"2023-07-10T09:07:21","slug":"norge-mercedes-vaerksted","status":"publish","type":"page","link":"https:\/\/ketner.dk\/no\/norge-mercedes-vaerksted\/","title":{"rendered":"Norge Mercedes v\u00e6rksted"},"content":{"rendered":"<p>[vc_row css_animation=&#8221;&#8221; row_type=&#8221;row&#8221; use_row_as_full_screen_section=&#8221;no&#8221; type=&#8221;grid&#8221; angled_section=&#8221;no&#8221; text_align=&#8221;left&#8221; background_image_as_pattern=&#8221;without_pattern&#8221; el_class=&#8221;equal-height align-center&#8221; z_index=&#8221;&#8221; css=&#8221;.vc_custom_1611743526268{background-color: #fffffe !important;}&#8221;][vc_column el_class=&#8221;padding80 paddingright&#8221; offset=&#8221;vc_col-md-6&#8243;][vc_column_text]<\/p>\n<h1>Et bilverksted med kompetanse p\u00e5 Mercedes og sans for detaljene<\/h1>\n<p>Hvis du er den heldige eier av en fantastisk Mercedes, vil du helt sikkert at det er den aller beste som reparerer bilen din n\u00e5r uhellet er ute, eller tar jobben n\u00e5r bilen din trenger service. Det skj\u00f8nner vi godt, for en Mercedes er mer enn bare en bil. Det er en hobby, et eventyr p\u00e5 hjul og kanskje ogs\u00e5 en dr\u00f8m som endelig har g\u00e5tt i oppfyllelse.<\/p>\n<p>Reparasjoner og vedlikehold koster penger. N\u00e5r du bruker Ketner kan du spare opptil 40 %, s\u00e5 det kan dreier seg om mye penger spart.<\/p>\n<p>Du f\u00e5r selvf\u00f8lgelig et tilbud f\u00f8r du seiler til Danmark, slik at du vet hvor mye du sparer ved \u00e5 komme til oss.[\/vc_column_text][vc_empty_space height=&#8221;40px&#8221;]<a  itemprop=\"url\" href=\"https:\/\/ketner.dk\/no\/servicebooking\/\" target=\"_self\"  class=\"qbutton  default\" style=\"margin: 0 20px 0 0; \">Book tid<i class=\"qodef-icon-dripicons dripicon dripicons-chevron-right qode_button_icon_element\" style=\"\" ><\/i><\/a><a id=\"get-an-offer-button\" itemprop=\"url\" href=\"#\" target=\"_self\"  class=\"qbutton  white default\" style=\"margin: 0 20px 0 0; \">F\u00e5 et tilbud<i class=\"qodef-icon-dripicons dripicon dripicons-chevron-right qode_button_icon_element\" style=\"\" ><\/i><\/a>[vc_empty_space height=&#8221;40px&#8221;][\/vc_column][vc_column offset=&#8221;vc_col-md-6&#8243;][vc_single_image image=&#8221;416&#8243; img_size=&#8221;full&#8221; style=&#8221;vc_box_rounded&#8221; qode_css_animation=&#8221;&#8221;][vc_empty_space height=&#8221;40px&#8221;][\/vc_column][\/vc_row][vc_row css_animation=&#8221;&#8221; row_type=&#8221;row&#8221; use_row_as_full_screen_section=&#8221;no&#8221; type=&#8221;grid&#8221; angled_section=&#8221;no&#8221; text_align=&#8221;left&#8221; background_image_as_pattern=&#8221;without_pattern&#8221; el_class=&#8221;padding80 equal-height align-center&#8221; css=&#8221;.vc_custom_1611737133965{background-color: #f0f0f0 !important;}&#8221; z_index=&#8221;&#8221;][vc_column offset=&#8221;vc_col-md-6&#8243;]        \n        <div class=\"image_grid-wrapper\">\n            <div class=\"image_grid\">\n                <div class=\"image_grid_item\"><img width=\"1200\" height=\"674\" src=\"https:\/\/ketner.dk\/no\/wp-content\/uploads\/2021\/01\/Mercedes-automatgear.jpg\" class=\"attachment-full size-full\" alt=\"\" srcset=\"https:\/\/ketner.dk\/no\/wp-content\/uploads\/sites\/10\/2021\/01\/Mercedes-automatgear.jpg 1200w, https:\/\/ketner.dk\/no\/wp-content\/uploads\/sites\/10\/2021\/01\/Mercedes-automatgear-300x169.jpg 300w, https:\/\/ketner.dk\/no\/wp-content\/uploads\/sites\/10\/2021\/01\/Mercedes-automatgear-1024x575.jpg 1024w, https:\/\/ketner.dk\/no\/wp-content\/uploads\/sites\/10\/2021\/01\/Mercedes-automatgear-768x431.jpg 768w, https:\/\/ketner.dk\/no\/wp-content\/uploads\/sites\/10\/2021\/01\/Mercedes-automatgear-700x393.jpg 700w, https:\/\/ketner.dk\/no\/wp-content\/uploads\/sites\/10\/2021\/01\/Mercedes-automatgear-539x303.jpg 539w\" sizes=\"(max-width: 1200px) 100vw, 1200px\" \/><\/div><div class=\"image_grid_item\"><img width=\"1200\" height=\"800\" src=\"https:\/\/ketner.dk\/no\/wp-content\/uploads\/2021\/01\/Mercedes-rat.jpg\" class=\"attachment-full size-full\" alt=\"\" srcset=\"https:\/\/ketner.dk\/no\/wp-content\/uploads\/sites\/10\/2021\/01\/Mercedes-rat.jpg 1200w, https:\/\/ketner.dk\/no\/wp-content\/uploads\/sites\/10\/2021\/01\/Mercedes-rat-300x200.jpg 300w, https:\/\/ketner.dk\/no\/wp-content\/uploads\/sites\/10\/2021\/01\/Mercedes-rat-1024x683.jpg 1024w, https:\/\/ketner.dk\/no\/wp-content\/uploads\/sites\/10\/2021\/01\/Mercedes-rat-768x512.jpg 768w, https:\/\/ketner.dk\/no\/wp-content\/uploads\/sites\/10\/2021\/01\/Mercedes-rat-700x467.jpg 700w\" sizes=\"(max-width: 1200px) 100vw, 1200px\" \/><\/div><div class=\"image_grid_item\"><img width=\"1200\" height=\"684\" src=\"https:\/\/ketner.dk\/no\/wp-content\/uploads\/2021\/01\/Mercedes.jpg\" class=\"attachment-full size-full\" alt=\"\" srcset=\"https:\/\/ketner.dk\/no\/wp-content\/uploads\/sites\/10\/2021\/01\/Mercedes.jpg 1200w, https:\/\/ketner.dk\/no\/wp-content\/uploads\/sites\/10\/2021\/01\/Mercedes-300x171.jpg 300w, https:\/\/ketner.dk\/no\/wp-content\/uploads\/sites\/10\/2021\/01\/Mercedes-1024x584.jpg 1024w, https:\/\/ketner.dk\/no\/wp-content\/uploads\/sites\/10\/2021\/01\/Mercedes-768x438.jpg 768w, https:\/\/ketner.dk\/no\/wp-content\/uploads\/sites\/10\/2021\/01\/Mercedes-345x198.jpg 345w, https:\/\/ketner.dk\/no\/wp-content\/uploads\/sites\/10\/2021\/01\/Mercedes-700x399.jpg 700w\" sizes=\"(max-width: 1200px) 100vw, 1200px\" \/><\/div>            <\/div>\n        <\/div>\n\n        [vc_empty_space height=&#8221;40px&#8221;][\/vc_column][vc_column el_class=&#8221;paddingleft&#8221; offset=&#8221;vc_col-md-6&#8243;][vc_column_text]<\/p>\n<h2>Hvorfor velge verkstedet v\u00e5rt?<\/h2>\n<p>Du skal velge verkstedet v\u00e5rt til din Mercedes fordi vi foran alt annet er stolte av arbeidet v\u00e5rt. Hver dag strekker vi oss etter \u00e5 levere det best mulige resultatet. Det fortjener du, og det fortjener bilen din. Vanskeligere enn det er det ikke.<\/p>\n<p>Utover at en spesialist i Aalborg f\u00e5r bilen din p\u00e5 veien igjen, f\u00e5r du ogs\u00e5 en lang rekke andre fordeler hos Ketner. Vi tilbyr blant annet:<\/p>\n<ul>\n<li>Original programvareoppdatering<\/li>\n<li>Prisgaranti<\/li>\n<li>Fabrikkgaranti<\/li>\n<li>Gratis l\u00e5nebil<\/li>\n<li>Og mye mer<\/li>\n<\/ul>\n<p>Det er viktig for oss \u00e5 v\u00e6re et verksted som g\u00e5r foran. Det betyr at vi er oppdaterte p\u00e5 nye teknikker, og det betyr ogs\u00e5 at v\u00e5re mekanikere f\u00e5r videreutdanning hvis det er behov for det. P\u00e5 den m\u00e5ten kan vi gi din Mercedes den kj\u00e6rligheten den fortjener.[\/vc_column_text][vc_empty_space height=&#8221;40px&#8221;]<a  itemprop=\"url\" href=\"https:\/\/ketner.dk\/no\/servicebooking\/\" target=\"_self\"  class=\"qbutton  default\" style=\"margin: 0 20px 0 0; \">Book tid<i class=\"qodef-icon-dripicons dripicon dripicons-chevron-right qode_button_icon_element\" style=\"\" ><\/i><\/a><a id=\"get-an-offer-button\" itemprop=\"url\" href=\"#\" target=\"_self\"  class=\"qbutton  white default\" style=\"margin: 0 20px 0 0; \">F\u00e5 et tilbud<i class=\"qodef-icon-dripicons dripicon dripicons-chevron-right qode_button_icon_element\" style=\"\" ><\/i><\/a>[\/vc_column][\/vc_row][vc_row css_animation=&#8221;&#8221; row_type=&#8221;row&#8221; use_row_as_full_screen_section=&#8221;no&#8221; type=&#8221;grid&#8221; angled_section=&#8221;no&#8221; text_align=&#8221;center&#8221; background_image_as_pattern=&#8221;without_pattern&#8221; el_class=&#8221;padding80&#8243; css=&#8221;.vc_custom_1609935864894{background-color: #002a3b !important;}&#8221; z_index=&#8221;&#8221;][vc_column][vc_empty_space height=&#8221;40px&#8221;]<a  itemprop=\"url\" href=\"https:\/\/ketner.dk\/no\/find-vaerksted\/\" target=\"_self\"  class=\"qbutton  white default\" style=\"margin: 0 20px 0 0; \">Her finner du oss<i class=\"qodef-icon-dripicons dripicon dripicons-chevron-right qode_button_icon_element\" style=\"\" ><\/i><\/a><a  itemprop=\"url\" href=\"https:\/\/ketner.dk\/no\/\" target=\"_self\"  class=\"qbutton  default\" style=\"margin: 0 20px 0 0; \">Tilbake til forside<i class=\"qodef-icon-dripicons dripicon dripicons-chevron-right qode_button_icon_element\" style=\"\" ><\/i><\/a><a id=\"bliv-ringet-op\" itemprop=\"url\" href=\"#\" target=\"_self\"  class=\"qbutton  white default\" style=\"margin: 0 20px 0 0; \">Bli ringt opp<i class=\"qodef-icon-dripicons dripicon dripicons-chevron-right qode_button_icon_element\" style=\"\" ><\/i><\/a>[\/vc_column][\/vc_row][vc_row css_animation=&#8221;&#8221; row_type=&#8221;row&#8221; use_row_as_full_screen_section=&#8221;no&#8221; type=&#8221;grid&#8221; angled_section=&#8221;no&#8221; text_align=&#8221;left&#8221; background_image_as_pattern=&#8221;without_pattern&#8221; el_class=&#8221;padding80&#8243; css=&#8221;.vc_custom_1611736988930{background-color: #fffffe !important;}&#8221; z_index=&#8221;&#8221;][vc_column][vc_column_text]<\/p>\n<h2>St\u00e5r du overfor en st\u00f8rre reparasjon?<\/h2>\n<p>Hvis du har f\u00e5tt konstatert at din Mercedes trenger en st\u00f8rre reparasjon, eller at den har f\u00e5tt en skade, kan det helt sikkert l\u00f8nne seg \u00e5 h\u00f8re med Ketner om et tilbud. Vi kan garantere at du sparer opptil 40 % sammenlignet med de norske prisene, s\u00e5 det er god grunn til \u00e5 ta fergen til Danmark. Dessuten er vi bare 45 min. kj\u00f8ring unna Hirtshals.<\/p>\n<p><strong>Kontakt oss og f\u00e5 et tilbud p\u00e5 din reparasjon<\/strong>[\/vc_column_text][vc_empty_space height=&#8221;40px&#8221;]<a  itemprop=\"url\" href=\"https:\/\/ketner.dk\/no\/servicebooking\/\" target=\"_self\"  class=\"qbutton  default\" style=\"margin: 0 20px 0 0; \">Book tid<i class=\"qodef-icon-dripicons dripicon dripicons-chevron-right qode_button_icon_element\" style=\"\" ><\/i><\/a><a id=\"get-an-offer-button\" itemprop=\"url\" href=\"#\" target=\"_self\"  class=\"qbutton  white default\" style=\"margin: 0 20px 0 0; \">F\u00e5 et tilbud<i class=\"qodef-icon-dripicons dripicon dripicons-chevron-right qode_button_icon_element\" style=\"\" ><\/i><\/a>[\/vc_column][\/vc_row]<\/p>\n","protected":false},"excerpt":{"rendered":"<p>[vc_row css_animation=&#8221;&#8221; row_type=&#8221;row&#8221; use_row_as_full_screen_section=&#8221;no&#8221; type=&#8221;grid&#8221; angled_section=&#8221;no&#8221; text_align=&#8221;left&#8221; background_image_as_pattern=&#8221;without_pattern&#8221; el_class=&#8221;equal-height align-center&#8221; z_index=&#8221;&#8221; css=&#8221;.vc_custom_1611743526268{background-color: #fffffe !important;}&#8221;][vc_column el_class=&#8221;padding80 paddingright&#8221; offset=&#8221;vc_col-md-6&#8243;][vc_column_text] Et bilverksted med kompetanse p\u00e5 Mercedes og sans for detaljene Hvis du er den heldige eier av en fantastisk Mercedes, vil du helt sikkert at det er den&#8230;<\/p>\n","protected":false},"author":6,"featured_media":0,"parent":0,"menu_order":0,"comment_status":"closed","ping_status":"closed","template":"full_width.php","meta":[],"acf":[],"_links":{"self":[{"href":"https:\/\/ketner.dk\/no\/wp-json\/wp\/v2\/pages\/3314"}],"collection":[{"href":"https:\/\/ketner.dk\/no\/wp-json\/wp\/v2\/pages"}],"about":[{"href":"https:\/\/ketner.dk\/no\/wp-json\/wp\/v2\/types\/page"}],"author":[{"embeddable":true,"href":"https:\/\/ketner.dk\/no\/wp-json\/wp\/v2\/users\/6"}],"replies":[{"embeddable":true,"href":"https:\/\/ketner.dk\/no\/wp-json\/wp\/v2\/comments?post=3314"}],"version-history":[{"count":18,"href":"https:\/\/ketner.dk\/no\/wp-json\/wp\/v2\/pages\/3314\/revisions"}],"predecessor-version":[{"id":3489,"href":"https:\/\/ketner.dk\/no\/wp-json\/wp\/v2\/pages\/3314\/revisions\/3489"}],"wp:attachment":[{"href":"https:\/\/ketner.dk\/no\/wp-json\/wp\/v2\/media?parent=3314"}],"curies":[{"name":"wp","href":"https:\/\/api.w.org\/{rel}","templated":true}]}}