{"id":3330,"date":"2023-06-07T12:37:20","date_gmt":"2023-06-07T10:37:20","guid":{"rendered":"https:\/\/ketner.dk\/?page_id=3330"},"modified":"2023-07-10T11:09:27","modified_gmt":"2023-07-10T09:09:27","slug":"norge-porsche-vaerksted","status":"publish","type":"page","link":"https:\/\/ketner.dk\/no\/norge-porsche-vaerksted\/","title":{"rendered":"Norge Porsche v\u00e6rksted"},"content":{"rendered":"<p>[vc_row css_animation=&#8221;&#8221; row_type=&#8221;row&#8221; use_row_as_full_screen_section=&#8221;no&#8221; type=&#8221;grid&#8221; angled_section=&#8221;no&#8221; text_align=&#8221;left&#8221; background_image_as_pattern=&#8221;without_pattern&#8221; el_class=&#8221;equal-height align-center&#8221; z_index=&#8221;&#8221; css=&#8221;.vc_custom_1611743526268{background-color: #fffffe !important;}&#8221;][vc_column el_class=&#8221;padding80 paddingright&#8221; offset=&#8221;vc_col-md-6&#8243;][vc_column_text]<\/p>\n<h1>Din Porsche er i trygge hender hos oss<\/h1>\n<p>Porsche m\u00e5 uomtvistelig anerkjennes som en av de mest legendariske kreasjonene i den europeiske bilhistorien.<\/p>\n<p>Hvis du er den heldige eieren av en Porsche, kan du trygt levere den inn til oss. Vi er p\u00e5 nett med Porsche-fabrikken, og har tilgang til de nyeste programvareoppdateringene. V\u00e5re mekanikere har bred erfaring med reparasjon av biler fra Porsche, av alle mulige forskjellige modeller og \u00e5rsmodeller.<\/p>\n<p><strong>Spar opptil 40 % p\u00e5 din neste reparasjon. Book tid, bli ringt opp eller skriv til oss og f\u00e5 et tilbud.<\/strong>[\/vc_column_text][vc_empty_space height=&#8221;40px&#8221;]<a  itemprop=\"url\" href=\"https:\/\/ketner.dk\/no\/servicebooking\/\" target=\"_self\"  class=\"qbutton  default\" style=\"margin: 0 20px 0 0; \">Book tid<i class=\"qodef-icon-dripicons dripicon dripicons-chevron-right qode_button_icon_element\" style=\"\" ><\/i><\/a><a id=\"get-an-offer-button\" itemprop=\"url\" href=\"#\" target=\"_self\"  class=\"qbutton  white default\" style=\"margin: 0 20px 0 0; \">F\u00e5 et tilbud<i class=\"qodef-icon-dripicons dripicon dripicons-chevron-right qode_button_icon_element\" style=\"\" ><\/i><\/a>[vc_empty_space height=&#8221;40px&#8221;][\/vc_column][vc_column offset=&#8221;vc_col-md-6&#8243;][vc_single_image image=&#8221;2028&#8243; img_size=&#8221;full&#8221; style=&#8221;vc_box_rounded&#8221; qode_css_animation=&#8221;&#8221;][vc_empty_space height=&#8221;40px&#8221;][\/vc_column][\/vc_row][vc_row css_animation=&#8221;&#8221; row_type=&#8221;row&#8221; use_row_as_full_screen_section=&#8221;no&#8221; type=&#8221;grid&#8221; angled_section=&#8221;no&#8221; text_align=&#8221;left&#8221; background_image_as_pattern=&#8221;without_pattern&#8221; el_class=&#8221;padding80 equal-height align-center&#8221; css=&#8221;.vc_custom_1611737133965{background-color: #f0f0f0 !important;}&#8221; z_index=&#8221;&#8221;][vc_column offset=&#8221;vc_col-md-6&#8243;]        \n        <div class=\"image_grid-wrapper\">\n            <div class=\"image_grid\">\n                <div class=\"image_grid_item\"><img width=\"1200\" height=\"800\" src=\"https:\/\/ketner.dk\/no\/wp-content\/uploads\/2021\/02\/porsche3.jpg\" class=\"attachment-full size-full\" alt=\"\" srcset=\"https:\/\/ketner.dk\/no\/wp-content\/uploads\/sites\/10\/2021\/02\/porsche3.jpg 1200w, https:\/\/ketner.dk\/no\/wp-content\/uploads\/sites\/10\/2021\/02\/porsche3-300x200.jpg 300w, https:\/\/ketner.dk\/no\/wp-content\/uploads\/sites\/10\/2021\/02\/porsche3-1024x683.jpg 1024w, https:\/\/ketner.dk\/no\/wp-content\/uploads\/sites\/10\/2021\/02\/porsche3-768x512.jpg 768w, https:\/\/ketner.dk\/no\/wp-content\/uploads\/sites\/10\/2021\/02\/porsche3-700x467.jpg 700w\" sizes=\"(max-width: 1200px) 100vw, 1200px\" \/><\/div><div class=\"image_grid_item\"><img width=\"1200\" height=\"900\" src=\"https:\/\/ketner.dk\/no\/wp-content\/uploads\/2021\/02\/porsche1.jpg\" class=\"attachment-full size-full\" alt=\"\" srcset=\"https:\/\/ketner.dk\/no\/wp-content\/uploads\/sites\/10\/2021\/02\/porsche1.jpg 1200w, https:\/\/ketner.dk\/no\/wp-content\/uploads\/sites\/10\/2021\/02\/porsche1-300x225.jpg 300w, https:\/\/ketner.dk\/no\/wp-content\/uploads\/sites\/10\/2021\/02\/porsche1-1024x768.jpg 1024w, https:\/\/ketner.dk\/no\/wp-content\/uploads\/sites\/10\/2021\/02\/porsche1-768x576.jpg 768w, https:\/\/ketner.dk\/no\/wp-content\/uploads\/sites\/10\/2021\/02\/porsche1-800x600.jpg 800w, https:\/\/ketner.dk\/no\/wp-content\/uploads\/sites\/10\/2021\/02\/porsche1-700x525.jpg 700w\" sizes=\"(max-width: 1200px) 100vw, 1200px\" \/><\/div><div class=\"image_grid_item\"><img width=\"754\" height=\"483\" src=\"https:\/\/ketner.dk\/no\/wp-content\/uploads\/2021\/02\/porsche2.jpg\" class=\"attachment-full size-full\" alt=\"\" srcset=\"https:\/\/ketner.dk\/no\/wp-content\/uploads\/sites\/10\/2021\/02\/porsche2.jpg 754w, https:\/\/ketner.dk\/no\/wp-content\/uploads\/sites\/10\/2021\/02\/porsche2-300x192.jpg 300w, https:\/\/ketner.dk\/no\/wp-content\/uploads\/sites\/10\/2021\/02\/porsche2-600x385.jpg 600w, https:\/\/ketner.dk\/no\/wp-content\/uploads\/sites\/10\/2021\/02\/porsche2-700x448.jpg 700w\" sizes=\"(max-width: 754px) 100vw, 754px\" \/><\/div>            <\/div>\n        <\/div>\n\n        [vc_empty_space height=&#8221;40px&#8221;][\/vc_column][vc_column el_class=&#8221;paddingleft&#8221; offset=&#8221;vc_col-md-6&#8243;][vc_column_text]<\/p>\n<h2>Verksted med spesialisering p\u00e5 Porsche<\/h2>\n<p>Det er mange fordeler ved \u00e5 f\u00e5 gjort reparasjonen hos Ketner i Danmark.<br \/>\nVi er et profesjonelt bilverksted med den nyeste teknologien, og vi har utstyret og kunnskapen som er n\u00f8dvendig for alle reparasjoner av din Porsche.<\/p>\n<ul>\n<li>Vi bruker kvalitetsreservedeler<\/li>\n<li>Profesjonelt testsenter<\/li>\n<li>Fabrikkgarantien opprettholdes<\/li>\n<li>Programvareoppdatering \u2013 p\u00e5 nett<\/li>\n<li>Gratis l\u00e5nebil<\/li>\n<li>Du sparer opptil 40 % sammenlignet med norske priser<\/li>\n<\/ul>\n<p>Vi er i direkte kontakt med fabrikken som bygget bilen din. Det betyr at vi har tilgang til de nyeste programvareoppdateringene.[\/vc_column_text][vc_empty_space height=&#8221;40px&#8221;]<a  itemprop=\"url\" href=\"https:\/\/ketner.dk\/no\/servicebooking\/\" target=\"_self\"  class=\"qbutton  default\" style=\"margin: 0 20px 0 0; \">Book tid<i class=\"qodef-icon-dripicons dripicon dripicons-chevron-right qode_button_icon_element\" style=\"\" ><\/i><\/a><a id=\"bliv-ringet-op\" itemprop=\"url\" href=\"#\" target=\"_self\"  class=\"qbutton  white default\" style=\"margin: 0 20px 0 0; \">Bli ringt opp<i class=\"qodef-icon-dripicons dripicon dripicons-chevron-right qode_button_icon_element\" style=\"\" ><\/i><\/a>[\/vc_column][\/vc_row][vc_row css_animation=&#8221;&#8221; row_type=&#8221;row&#8221; use_row_as_full_screen_section=&#8221;no&#8221; type=&#8221;grid&#8221; angled_section=&#8221;no&#8221; text_align=&#8221;center&#8221; background_image_as_pattern=&#8221;without_pattern&#8221; el_class=&#8221;padding80&#8243; css=&#8221;.vc_custom_1609935864894{background-color: #002a3b !important;}&#8221; z_index=&#8221;&#8221;][vc_column][vc_empty_space height=&#8221;40px&#8221;]<a  itemprop=\"url\" href=\"https:\/\/ketner.dk\/no\/find-vaerksted\/\" target=\"_self\"  class=\"qbutton  white default\" style=\"margin: 0 20px 0 0; \">Her finner du oss<i class=\"qodef-icon-dripicons dripicon dripicons-chevron-right qode_button_icon_element\" style=\"\" ><\/i><\/a><a  itemprop=\"url\" href=\"https:\/\/ketner.dk\/no\/\" target=\"_self\"  class=\"qbutton  default\" style=\"margin: 0 20px 0 0; \">Tilbake til forside<i class=\"qodef-icon-dripicons dripicon dripicons-chevron-right qode_button_icon_element\" style=\"\" ><\/i><\/a><a id=\"bliv-ringet-op\" itemprop=\"url\" href=\"#\" target=\"_self\"  class=\"qbutton  white default\" style=\"margin: 0 20px 0 0; \">Bli ringt opp<i class=\"qodef-icon-dripicons dripicon dripicons-chevron-right qode_button_icon_element\" style=\"\" ><\/i><\/a>[\/vc_column][\/vc_row][vc_row css_animation=&#8221;&#8221; row_type=&#8221;row&#8221; use_row_as_full_screen_section=&#8221;no&#8221; type=&#8221;grid&#8221; angled_section=&#8221;no&#8221; text_align=&#8221;left&#8221; background_image_as_pattern=&#8221;without_pattern&#8221; el_class=&#8221;padding80&#8243; css=&#8221;.vc_custom_1611736988930{background-color: #fffffe !important;}&#8221; z_index=&#8221;&#8221;][vc_column][vc_column_text]<\/p>\n<h2>Trenger du en st\u00f8rre reparasjon?<\/h2>\n<p>Det kan helt klart l\u00f8nne seg \u00e5 kontakte Ketner for et tilbud p\u00e5 reparasjonen. Vi kan garantere at du sparer opptil 40 % sammenlignet med de norske prisene, da er det ogs\u00e5 rom for litt forn\u00f8yelser n\u00e5r du er i Danmark. Ved st\u00f8rre reparasjoner hjelper vi deg med b\u00e5de overnatting og gratis l\u00e5nebil.<\/p>\n<h3>Skal vi f\u00e5 deg tilbake p\u00e5 veien?<\/h3>\n<p>Kontakt oss, og se hva vi kan gj\u00f8re for deg og din Porsche.<br \/>\nVi gleder oss til \u00e5 m\u00f8te deg hos Ketner.[\/vc_column_text][vc_empty_space height=&#8221;40px&#8221;]<a  itemprop=\"url\" href=\"https:\/\/ketner.dk\/no\/servicebooking\/\" target=\"_self\"  class=\"qbutton  default\" style=\"margin: 0 20px 0 0; \">Book tid<i class=\"qodef-icon-dripicons dripicon dripicons-chevron-right qode_button_icon_element\" style=\"\" ><\/i><\/a><a id=\"get-an-offer-button\" itemprop=\"url\" href=\"#\" target=\"_self\"  class=\"qbutton  white default\" style=\"margin: 0 20px 0 0; \">F\u00e5 et tilbud<i class=\"qodef-icon-dripicons dripicon dripicons-chevron-right qode_button_icon_element\" style=\"\" ><\/i><\/a>[\/vc_column][\/vc_row]<\/p>\n","protected":false},"excerpt":{"rendered":"<p>[vc_row css_animation=&#8221;&#8221; row_type=&#8221;row&#8221; use_row_as_full_screen_section=&#8221;no&#8221; type=&#8221;grid&#8221; angled_section=&#8221;no&#8221; text_align=&#8221;left&#8221; background_image_as_pattern=&#8221;without_pattern&#8221; el_class=&#8221;equal-height align-center&#8221; z_index=&#8221;&#8221; css=&#8221;.vc_custom_1611743526268{background-color: #fffffe !important;}&#8221;][vc_column el_class=&#8221;padding80 paddingright&#8221; offset=&#8221;vc_col-md-6&#8243;][vc_column_text] Din Porsche er i trygge hender hos oss Porsche m\u00e5 uomtvistelig anerkjennes som en av de mest legendariske kreasjonene i den europeiske bilhistorien. Hvis du er den heldige&#8230;<\/p>\n","protected":false},"author":6,"featured_media":0,"parent":0,"menu_order":0,"comment_status":"closed","ping_status":"closed","template":"full_width.php","meta":[],"acf":[],"_links":{"self":[{"href":"https:\/\/ketner.dk\/no\/wp-json\/wp\/v2\/pages\/3330"}],"collection":[{"href":"https:\/\/ketner.dk\/no\/wp-json\/wp\/v2\/pages"}],"about":[{"href":"https:\/\/ketner.dk\/no\/wp-json\/wp\/v2\/types\/page"}],"author":[{"embeddable":true,"href":"https:\/\/ketner.dk\/no\/wp-json\/wp\/v2\/users\/6"}],"replies":[{"embeddable":true,"href":"https:\/\/ketner.dk\/no\/wp-json\/wp\/v2\/comments?post=3330"}],"version-history":[{"count":18,"href":"https:\/\/ketner.dk\/no\/wp-json\/wp\/v2\/pages\/3330\/revisions"}],"predecessor-version":[{"id":3490,"href":"https:\/\/ketner.dk\/no\/wp-json\/wp\/v2\/pages\/3330\/revisions\/3490"}],"wp:attachment":[{"href":"https:\/\/ketner.dk\/no\/wp-json\/wp\/v2\/media?parent=3330"}],"curies":[{"name":"wp","href":"https:\/\/api.w.org\/{rel}","templated":true}]}}