{"id":1480,"date":"2021-03-05T09:58:52","date_gmt":"2021-03-05T09:58:52","guid":{"rendered":"https:\/\/lazzatest.dk\/ketner\/?page_id=1480"},"modified":"2024-01-03T18:20:57","modified_gmt":"2024-01-03T17:20:57","slug":"partikelfilter-vaerksted","status":"publish","type":"page","link":"https:\/\/ketner.dk\/odense\/partikelfilter-vaerksted\/","title":{"rendered":"Partikelfilterv\u00e6rksteder oversigt"},"content":{"rendered":"<p>[vc_row css_animation=&#8221;&#8221; row_type=&#8221;row&#8221; use_row_as_full_screen_section=&#8221;no&#8221; type=&#8221;grid&#8221; angled_section=&#8221;no&#8221; text_align=&#8221;left&#8221; background_image_as_pattern=&#8221;without_pattern&#8221; el_class=&#8221;padding80&#8243; css=&#8221;.vc_custom_1613045437004{background-color: #fffffe !important;}&#8221; z_index=&#8221;&#8221;][vc_column offset=&#8221;vc_col-lg-offset-1 vc_col-lg-10&#8243;][vc_column_text]<\/p>\n<h2 style=\"text-align: center;\">Find det n\u00e6rmeste partikelfilter v\u00e6rksted.<\/h2>\n<p style=\"text-align: center;\">(Klik p\u00e5 kortet)<\/p>\n<p>[\/vc_column_text][vc_empty_space height=&#8221;40px&#8221;]\n    <div class=\"map\">\n\n    <img width=\"1261\" height=\"1381\" src=\"https:\/\/ketner.dk\/odense\/wp-content\/uploads\/2021\/02\/danmark.png\" class=\"attachment-full size-full\" alt=\"\" srcset=\"https:\/\/ketner.dk\/odense\/wp-content\/uploads\/sites\/11\/2021\/02\/danmark.png 274w, https:\/\/ketner.dk\/odense\/wp-content\/uploads\/sites\/11\/2021\/02\/danmark.png 935w, https:\/\/ketner.dk\/odense\/wp-content\/uploads\/sites\/11\/2021\/02\/danmark.png 768w, https:\/\/ketner.dk\/odense\/wp-content\/uploads\/sites\/11\/2021\/02\/danmark.png 700w, https:\/\/ketner.dk\/odense\/wp-content\/uploads\/sites\/11\/2021\/02\/danmark.png 1261w\" sizes=\"(max-width: 1261px) 100vw, 1261px\" \/>\n        \n    <a data-toggle=\"tooltip\" data-html=\"true\" target=\"First Option\" href=\"https:\/\/ketner.dk\/odense\/aalborg\/partikelfilter-rens\/\" class=\"pin\" title=\"Ketner Aalborg\" style=\"top: 15%; left: 33%;\">\n        <div class=\"pulse\"><\/div>\n    <\/a>\n\n        \n    <a data-toggle=\"tooltip\" data-html=\"true\" target=\"First Option\" href=\"https:\/\/ketner.dk\/odense\/aarhus\/partikelfilter-rens\/\" class=\"pin\" title=\"Ketner Aarhus\" style=\"top: 41%; left: 37%;\">\n        <div class=\"pulse\"><\/div>\n    <\/a>\n\n        \n    <a data-toggle=\"tooltip\" data-html=\"true\" target=\"First Option\" href=\"https:\/\/ketner.dk\/odense\/holstebro\/partikelfilter-rens\/\" class=\"pin\" title=\"Ketner Holstebro\" style=\"top: 35%; left: 9%;\">\n        <div class=\"pulse\"><\/div>\n    <\/a>\n\n        \n    <a data-toggle=\"tooltip\" data-html=\"true\" target=\"First Option\" href=\"https:\/\/ketner.dk\/odense\/herning\/partikelfilter-rens\/\" class=\"pin\" title=\"Ketner Herning\" style=\"top: 42%; left: 16%;\">\n        <div class=\"pulse\"><\/div>\n    <\/a>\n\n        \n    <a data-toggle=\"tooltip\" data-html=\"true\" target=\"First Option\" href=\"https:\/\/ketner.dk\/odense\/kolding\/partikelfilter-rens\/\" class=\"pin\" title=\"Ketner Kolding\" style=\"top: 62%; left: 23%;\">\n        <div class=\"pulse\"><\/div>\n    <\/a>\n\n        \n    <a data-toggle=\"tooltip\" data-html=\"true\" target=\"_self\" href=\"https:\/\/ketner.dk\/odense\/partikelfilter-rens\/aabenraa\/\" class=\"pin\" title=\"Aabenraa Cylinder Service\" style=\"top: 77%; left: 21%;\">\n        <div class=\"pulse\"><\/div>\n    <\/a>\n\n        \n    <a data-toggle=\"tooltip\" data-html=\"true\" target=\"_self\" href=\"https:\/\/ketner.dk\/odense\/partikelfilter-rens\/odense\/\" class=\"pin\" title=\"Ketner Odense\" style=\"top: 68%; left: 40%;\">\n        <div class=\"pulse\"><\/div>\n    <\/a>\n\n        \n    <a data-toggle=\"tooltip\" data-html=\"true\" target=\"_self\" href=\"https:\/\/ketner.dk\/odense\/partikelfilter-rens\/kalundborg\/\" class=\"pin\" title=\"Flint Auto &amp; Elektro\" style=\"top: 58%; left: 56%;\">\n        <div class=\"pulse\"><\/div>\n    <\/a>\n\n        \n    <a data-toggle=\"tooltip\" data-html=\"true\" target=\"_self\" href=\"https:\/\/ketner.dk\/odense\/partikelfilter-rens\/hilleroed\/\" class=\"pin\" title=\"Larsen Biler ApS\" style=\"top: 49%; left: 78%;\">\n        <div class=\"pulse\"><\/div>\n    <\/a>\n\n        \n    <a data-toggle=\"tooltip\" data-html=\"true\" target=\"_self\" href=\"https:\/\/ketner.dk\/odense\/partikelfilter-rens\/partikelfilter-rens-gentofte\/\" class=\"pin\" title=\"Autocenter Gentofte\" style=\"top: 58%; left: 82%;\">\n        <div class=\"pulse\"><\/div>\n    <\/a>\n\n        \n    <a data-toggle=\"tooltip\" data-html=\"true\" target=\"_self\" href=\"https:\/\/ketner.dk\/odense\/partikelfilter-rens\/naestved\/\" class=\"pin\" title=\"Gelsted Bilservice\" style=\"top: 69%; left: 69%;\">\n        <div class=\"pulse\"><\/div>\n    <\/a>\n\n    \n    <\/div>\n    \n    [\/vc_column][\/vc_row][vc_row css_animation=&#8221;&#8221; row_type=&#8221;row&#8221; use_row_as_full_screen_section=&#8221;no&#8221; type=&#8221;grid&#8221; angled_section=&#8221;no&#8221; text_align=&#8221;left&#8221; background_image_as_pattern=&#8221;without_pattern&#8221; el_class=&#8221;padding80&#8243; css=&#8221;.vc_custom_1634042376244{background-color: #fffffe !important;}&#8221; z_index=&#8221;&#8221;][vc_column width=&#8221;1\/2&#8243; offset=&#8221;vc_col-md-4&#8243;]        \n        <div class=\"box padding25\">\n            [vc_column_text]<\/p>\n<h4>Ketner Aalborg<\/h4>\n<p>Hjulmagervej 36 &#8211; 38,<br \/>\n9000 Aalborg<\/p>\n<p><a href=\"tel:+45 98 12 09 11\">+45 98 12 09 11<\/a><br \/>\n<a href=\"mailto:aalborg@ketner.dk\/odense\">aalborg@ketner.dk\/odense<\/a>[\/vc_column_text]        <\/div>\n\n        [vc_empty_space height=&#8221;30px&#8221;][\/vc_column][vc_column width=&#8221;1\/2&#8243; offset=&#8221;vc_col-md-4&#8243;]        \n        <div class=\"box padding25\">\n            [vc_column_text]<\/p>\n<h4>Ketner Aarhus<\/h4>\n<p>Jens Juuls Vej 6,<br \/>\n8260 Viby<\/p>\n<p><a href=\"tel:+45 70 80 73 61\">+45 70 80 73 61<\/a><br \/>\n<a href=\"mailto:aarhus@ketner.dk\/odense\">aarhus@ketner.dk\/odense<\/a>[\/vc_column_text]        <\/div>\n\n        [vc_empty_space height=&#8221;30px&#8221;][\/vc_column][vc_column width=&#8221;1\/2&#8243; offset=&#8221;vc_col-md-4&#8243;]        \n        <div class=\"box padding25\">\n            [vc_column_text]<\/p>\n<h4>Ketner Herning<\/h4>\n<p>Cypresvej 2,<br \/>\n7400 Herning<\/p>\n<p><a href=\"tel:+45 97 22 44 99\">+45 97 22 44 99<\/a><br \/>\n<a href=\"mailto:herning@ketner.dk\/odense\">herning@ketner.dk\/odense<\/a>[\/vc_column_text]        <\/div>\n\n        [vc_empty_space height=&#8221;30px&#8221;][\/vc_column][vc_column width=&#8221;1\/2&#8243; offset=&#8221;vc_col-md-4&#8243;]        \n        <div class=\"box padding25\">\n            [vc_column_text]<\/p>\n<h4>Ketner Holstebro<\/h4>\n<p>Herningvej 39,<br \/>\n7500 Holstebro<\/p>\n<p><a href=\"tel:+45 70 80 73 51\">+45 70 80 73 51<\/a><br \/>\n<a href=\"mailto:holstebro@ketner.dk\/odense\">holstebro@ketner.dk\/odense<\/a>[\/vc_column_text]        <\/div>\n\n        [vc_empty_space height=&#8221;30px&#8221;][\/vc_column][vc_column width=&#8221;1\/2&#8243; offset=&#8221;vc_col-md-4&#8243;]        \n        <div class=\"box padding25\">\n            [vc_column_text]<\/p>\n<h4>Ketner Kolding<\/h4>\n<p>Ole R\u00f8mers Vej 2,<br \/>\n6000 Kolding<\/p>\n<p><a href=\"tel:+45 39 39 09 00\">+45 39 39 09 00<\/a><br \/>\n<a href=\"mailto:kolding@ketner.dk\/odense\">kolding@ketner.dk\/odense<\/a>[\/vc_column_text]        <\/div>\n\n        [vc_empty_space height=&#8221;30px&#8221;][\/vc_column][vc_column width=&#8221;1\/2&#8243; offset=&#8221;vc_col-md-4&#8243;]        \n        <div class=\"box padding25\">\n            [vc_column_text]<\/p>\n<h4>Gelsted Bilservice<\/h4>\n<p>Industrivej 2,<br \/>\n4160 Herlufmagle<\/p>\n<p><a href=\"tel:+45 55 50 13 53\">+45 55 50 13 53<\/a><br \/>\n<a href=\"mailto:salg@gelsted-bilservice.dk\">salg@gelsted-bilservice.dk<\/a>[\/vc_column_text]        <\/div>\n\n        [vc_empty_space height=&#8221;30px&#8221;][\/vc_column][vc_column width=&#8221;1\/2&#8243; offset=&#8221;vc_col-md-4&#8243;]        \n        <div class=\"box padding25\">\n            [vc_column_text]<\/p>\n<h4>Ketner Odense<\/h4>\n<p>Thujavej 15,<br \/>\n5250 Odense SV<\/p>\n<p><a href=\"tel:+45 66 17 37 11\">+45 66 17 37 11<\/a><br \/>\n<a href=\"mailto:morten@byrg.dk\">morten@byrg.dk<\/a>[\/vc_column_text]        <\/div>\n\n        [vc_empty_space height=&#8221;30px&#8221;][\/vc_column][vc_column width=&#8221;1\/2&#8243; offset=&#8221;vc_col-md-4&#8243;]        \n        <div class=\"box padding25\">\n            [vc_column_text]<\/p>\n<h4>Flint Auto &amp; Elektro<\/h4>\n<p>Asn\u00e6svej 1,<br \/>\n4400 Kalundborg<\/p>\n<p><a href=\"tel:+45 59 29 31 25\">+45 59 29 31 25<\/a><br \/>\n<a href=\"mailto:info@flintauto.dk\">info@flintauto.dk<\/a>[\/vc_column_text]        <\/div>\n\n        [vc_empty_space height=&#8221;30px&#8221;][\/vc_column][vc_column width=&#8221;1\/2&#8243; offset=&#8221;vc_col-md-4&#8243;]        \n        <div class=\"box padding25\">\n            [vc_column_text]<strong>Aabenraa Cylinder Service<\/strong><\/p>\n<p>Kathale 36,<br \/>\n6200 Aabenraa<\/p>\n<p><a href=\"tel:+45 29 16 13 66\">+45 29 16 13 66<\/a><br \/>\n<a href=\"lars@aabenraacylinderservice.dk\"> lars@aabenraacylinderservice.dk<\/a>[\/vc_column_text]        <\/div>\n\n        [vc_empty_space height=&#8221;30px&#8221;][\/vc_column][vc_column width=&#8221;1\/2&#8243; offset=&#8221;vc_col-md-4&#8243;]        \n        <div class=\"box padding25\">\n            [vc_column_text]<\/p>\n<h4>Larsen Biler ApS<\/h4>\n<p>Falkevej 6,<br \/>\n3400 Hiller\u00f8d<\/p>\n<p><a href=\"tel:+45 48 260 360\">+45 48 260 360<\/a><br \/>\n<a href=\"mailto:larsenbiler@live.dk\">larsenbiler@live.dk<\/a>[\/vc_column_text]        <\/div>\n\n        [vc_empty_space height=&#8221;30px&#8221;][\/vc_column][vc_column width=&#8221;1\/2&#8243; offset=&#8221;vc_col-md-4&#8243;]        \n        <div class=\"box padding25\">\n            [vc_column_text]<\/p>\n<h4>Autocenter Gentofte<\/h4>\n<p>Mesterlodden 35,<br \/>\n2820 Gentofte<\/p>\n<p><a href=\"tel:+45 39 68 16 22\"><span class=\"bidi-phone\">+45 39 68 16<\/span>\u00a022<\/a><br \/>\n<a href=\"mailto:info@acgentofte.dk\" rel=\"noreferrer\">info@acgentofte.dk<\/a>[\/vc_column_text]        <\/div>\n\n        [vc_empty_space height=&#8221;30px&#8221;][\/vc_column][vc_column width=&#8221;1\/2&#8243; offset=&#8221;vc_col-md-4&#8243;][vc_empty_space height=&#8221;30px&#8221;][\/vc_column][\/vc_row]<\/p>\n","protected":false},"excerpt":{"rendered":"<p>[vc_row css_animation=&#8221;&#8221; row_type=&#8221;row&#8221; use_row_as_full_screen_section=&#8221;no&#8221; type=&#8221;grid&#8221; angled_section=&#8221;no&#8221; text_align=&#8221;left&#8221; background_image_as_pattern=&#8221;without_pattern&#8221; el_class=&#8221;padding80&#8243; css=&#8221;.vc_custom_1613045437004{background-color: #fffffe !important;}&#8221; z_index=&#8221;&#8221;][vc_column offset=&#8221;vc_col-lg-offset-1 vc_col-lg-10&#8243;][vc_column_text] Find det n\u00e6rmeste partikelfilter v\u00e6rksted. (Klik p\u00e5 kortet) [\/vc_column_text][vc_empty_space height=&#8221;40px&#8221;][\/vc_column][\/vc_row][vc_row css_animation=&#8221;&#8221; row_type=&#8221;row&#8221; use_row_as_full_screen_section=&#8221;no&#8221; type=&#8221;grid&#8221; angled_section=&#8221;no&#8221; text_align=&#8221;left&#8221; background_image_as_pattern=&#8221;without_pattern&#8221; el_class=&#8221;padding80&#8243; css=&#8221;.vc_custom_1634042376244{background-color: #fffffe !important;}&#8221; z_index=&#8221;&#8221;][vc_column width=&#8221;1\/2&#8243; offset=&#8221;vc_col-md-4&#8243;][vc_empty_space height=&#8221;30px&#8221;][\/vc_column][vc_column width=&#8221;1\/2&#8243; offset=&#8221;vc_col-md-4&#8243;][vc_empty_space height=&#8221;30px&#8221;][\/vc_column][vc_column width=&#8221;1\/2&#8243; offset=&#8221;vc_col-md-4&#8243;][vc_empty_space&#8230;<\/p>\n","protected":false},"author":1,"featured_media":0,"parent":0,"menu_order":0,"comment_status":"closed","ping_status":"closed","template":"full_width.php","meta":[],"acf":[],"_links":{"self":[{"href":"https:\/\/ketner.dk\/odense\/wp-json\/wp\/v2\/pages\/1480"}],"collection":[{"href":"https:\/\/ketner.dk\/odense\/wp-json\/wp\/v2\/pages"}],"about":[{"href":"https:\/\/ketner.dk\/odense\/wp-json\/wp\/v2\/types\/page"}],"author":[{"embeddable":true,"href":"https:\/\/ketner.dk\/odense\/wp-json\/wp\/v2\/users\/1"}],"replies":[{"embeddable":true,"href":"https:\/\/ketner.dk\/odense\/wp-json\/wp\/v2\/comments?post=1480"}],"version-history":[{"count":24,"href":"https:\/\/ketner.dk\/odense\/wp-json\/wp\/v2\/pages\/1480\/revisions"}],"predecessor-version":[{"id":3830,"href":"https:\/\/ketner.dk\/odense\/wp-json\/wp\/v2\/pages\/1480\/revisions\/3830"}],"wp:attachment":[{"href":"https:\/\/ketner.dk\/odense\/wp-json\/wp\/v2\/media?parent=1480"}],"curies":[{"name":"wp","href":"https:\/\/api.w.org\/{rel}","templated":true}]}}