{"id":2066,"date":"2021-06-17T13:11:36","date_gmt":"2021-06-17T13:11:36","guid":{"rendered":"https:\/\/lazzatest.dk\/ketner\/?page_id=2066"},"modified":"2025-02-03T13:05:42","modified_gmt":"2025-02-03T12:05:42","slug":"odense","status":"publish","type":"page","link":"https:\/\/ketner.dk\/odense\/partikelfilter-rens\/odense\/","title":{"rendered":"Partikelfilter-rens Odense"},"content":{"rendered":"<p>[vc_row css_animation=&#8221;&#8221; row_type=&#8221;row&#8221; use_row_as_full_screen_section=&#8221;no&#8221; type=&#8221;grid&#8221; angled_section=&#8221;no&#8221; text_align=&#8221;left&#8221; background_image_as_pattern=&#8221;without_pattern&#8221; el_class=&#8221;equal-height align-center&#8221; z_index=&#8221;&#8221; css=&#8221;.vc_custom_1633519492298{background-color: #fffffe !important;}&#8221;][vc_column el_class=&#8221;padding80 paddingright&#8221; offset=&#8221;vc_col-md-6&#8243;][vc_column_text]<\/p>\n<h1>Professionel rensning af partikelfilter i Odense<\/h1>\n<p>Hvis dit partikelfilter tr\u00e6nger til en rensning, vil en orange advarselslampe i instrumentpanelet g\u00f8re dig opm\u00e6rksom p\u00e5 det. Vi anbefaler, at du bes\u00f8ger et autov\u00e6rksted, s\u00e5 snart du ser, at der er problemer med filteret. Et tilsyneladende lille problem med filteret kan nemlig vokse sig st\u00f8rre og give udslag i bl.a. motorfejl, hvis du ignorerer advarslen og forts\u00e6tter med at k\u00f8re.<\/p>\n<p>Et tilstoppet filter, som ikke bliver renset, kan ogs\u00e5 resultere i, at filteret til sidst slet ikke kan renses, men i stedet skal udskiftes. S\u00e5 det er en god investering at holde filteret rent, og det har ogs\u00e5 den fordel, at du kan beholde bilens originale filter s\u00e5 l\u00e6nge som muligt.<\/p>\n<p>Partikelfilteret har prim\u00e6rt en milj\u00f8m\u00e6ssig funktion, idet det opfanger og reducerer de skadelige partikler, der findes i bilers udst\u00f8dningsgas. Er filteret tilstoppet, belaster du derfor ogs\u00e5 milj\u00f8et un\u00f8dvendigt meget, og det er endnu et argument for at f\u00e5 foretaget en partikelfilter-rens s\u00e5 hurtigt som muligt, n\u00e5r du ser DPF-advarselslampen lyse.<\/p>\n<p>Bestil tid til effektiv rens hos Ketner Odense p\u00e5 Thujavej 15 i Odense.[\/vc_column_text][vc_empty_space height=&#8221;40px&#8221;]<a  itemprop=\"url\" href=\"https:\/\/ketner.dk\/odense\/partikelfilter-rens-booking\/\" target=\"_self\"  class=\"qbutton  default\" style=\"margin: 0 20px 0 0; \">Book tid<i class=\"qodef-icon-dripicons dripicon dripicons-chevron-right qode_button_icon_element\" style=\"\" ><\/i><\/a>[vc_empty_space height=&#8221;40px&#8221;][\/vc_column][vc_column el_class=&#8221;video-container&#8221; offset=&#8221;vc_col-md-6&#8243;]\n                \n        <div class=\"youtube-wrapper\">\n            <div class=\"youtube overlay \" data-embed=\"xVt_34RKIXc\">\n\t\t\t\t<div class=\"play-button\">\n\t\t\t\t\t<svg class=\"circle\" xmlns=\"http:\/\/www.w3.org\/2000\/svg\">\n\t\t\t\t\t\t<g>\n\t\t\t\t\t\t\t<ellipse class=\"background\" ry=\"40\" rx=\"40\" cy=\"42\" cx=\"42\" stroke-width=\"2\"\/>\n\t\t\t\t\t\t\t<polygon class=\"play-icon\" points=\"52,43 34,52 34,34\" \/>\n\t\t\t\t\t\t<\/g>\n\t\t\t\t\t<\/svg>\n\t\t\t\t\t<p>H\u00f8r om partikelfilter-rens<\/p>\n                <\/div>\n                \t\t\t<\/div>\n\t\t<\/div>\n\n        [\/vc_column][\/vc_row][vc_row css_animation=&#8221;&#8221; row_type=&#8221;row&#8221; use_row_as_full_screen_section=&#8221;no&#8221; type=&#8221;grid&#8221; angled_section=&#8221;no&#8221; text_align=&#8221;left&#8221; background_image_as_pattern=&#8221;without_pattern&#8221; css=&#8221;.vc_custom_1633519501176{background-color: #f0f0f0 !important;}&#8221; z_index=&#8221;&#8221; el_class=&#8221;padding80&#8243;][vc_column][vc_column_text]<\/p>\n<h2 style=\"text-align: left;\">Lokation og \u00e5bningstider<\/h2>\n<p>[\/vc_column_text][vc_empty_space height=&#8221;40px&#8221;][vc_row_inner row_type=&#8221;row&#8221; type=&#8221;full_width&#8221; text_align=&#8221;left&#8221; css_animation=&#8221;&#8221;][vc_column_inner offset=&#8221;vc_col-md-8&#8243;]        \n        <div class=\"box \">\n            [vc_column_text]\n            <div \n                class=\"elfsight-widget-google-maps elfsight-widget\" \n                data-elfsight-google-maps-options=\"%7B%22categoriesEnabled%22%3Atrue%2C%22categories%22%3A%5B%5D%2C%22icons%22%3A%5B%7B%22value%22%3A%22%22%2C%22name%22%3A%22%20-%20None%20-%20%22%2C%22visible%22%3Afalse%7D%2C%7B%22value%22%3A%22f2a87820-1400-4bbc-b2ed-caf769d91306%22%2C%22name%22%3A%22pin%22%2C%22preview%22%3A%22https%3A%5C%2F%5C%2Fassets-elfsight-com.sfo2.digitaloceanspaces.com%5C%2Fapps%5C%2Fgoogle-maps%5C%2Fmarkers%5C%2Fmarker-pin.svg%22%2C%22iconType%22%3A%22library%22%2C%22iconLibrary%22%3A%22pin%22%2C%22iconCustom%22%3Anull%2C%22iconColor%22%3A%22%22%2C%22iconSize%22%3A64%7D%5D%2C%22lang%22%3A%22da%22%2C%22distanceUnits%22%3A%22km%22%2C%22markers%22%3A%5B%7B%22position%22%3A%2255.35954865135364%2C%2010.347364684840876%22%2C%22coordinates%22%3A%2255.35954865135364%2C%2010.347364684840876%22%2C%22icon%22%3A%22f2a87820-1400-4bbc-b2ed-caf769d91306%22%2C%22iconUrl%22%3A%22%22%2C%22infoWindow%22%3Atrue%2C%22infoTitle%22%3A%22Ketner%20Odense%22%2C%22infoDescription%22%3A%22%22%2C%22infoImage%22%3Anull%2C%22infoAddress%22%3A%22Thujavej%2015%2C%205250%20%20Odense%20SV%22%2C%22infoSite%22%3A%22%22%2C%22infoPhone%22%3A%22%2B45%2066%2017%2037%2011%22%2C%22infoEmail%22%3A%22odense%40ketner.dk%5C%2Fodense%22%2C%22infoWorkingHours%22%3A%22Mandag%2007%3A00%20-%2016.00%20%3Cbr%3ETirsdag%2007%3A00%20-%2016.00%20%3Cbr%3EOnsdag%2007%3A00%20-%2016.00%20%3Cbr%3ETorsdag%2007%3A00%20-%2016.00%3Cbr%3EFredag%2007%3A00%20-%2014%3A00%22%2C%22infoWindowOpenedByDefault%22%3Afalse%2C%22markerClickAction%22%3A%22infoWindow%22%2C%22animation%22%3A%22none%22%2C%22linkUrl%22%3A%22%22%2C%22category%22%3A%22%22%7D%5D%2C%22mapType%22%3A%22roadmap%22%2C%22center%22%3A%22auto%22%2C%22zoom%22%3A%22auto%22%2C%22controls%22%3A%5B%22zoom%22%2C%22mapType%22%2C%22scale%22%2C%22streetView%22%2C%22rotate%22%2C%22fullScreen%22%5D%2C%22markerClusterEnabled%22%3Atrue%2C%22markerClusterZoom%22%3Atrue%2C%22markerClusterMin%22%3A2%2C%22markerClusterIcon%22%3A%22default%22%2C%22markerClusterIconColor%22%3A%22%22%2C%22markerClusterIconUrl%22%3Anull%2C%22markerClusterSize%22%3A52%2C%22infoDirections%22%3Atrue%2C%22directionsTarget%22%3A%22google%22%2C%22scrollwheel%22%3Afalse%2C%22draggable%22%3Atrue%2C%22layers%22%3A%5B%5D%2C%22width%22%3A%22auto%22%2C%22height%22%3A%22700%22%2C%22panelEnabled%22%3Atrue%2C%22panelOpenByDefault%22%3Atrue%2C%22panelSearchVisible%22%3Atrue%2C%22panelSearchBy%22%3A%22markers%22%2C%22panelSearchPlaceholder%22%3A%22S%5Cu00f8g%22%2C%22panelListItemElements%22%3A%5B%22title%22%2C%22category%22%2C%22image%22%2C%22address%22%2C%22phone%22%2C%22email%22%5D%2C%22mainColor%22%3A%22rgb%2866%2C%20133%2C%20244%29%22%2C%22style%22%3A%22default%22%2C%22colorGeometry%22%3A%22%22%2C%22colorLabelsTextFill%22%3A%22%22%2C%22colorLabelsTextStroke%22%3A%22%22%2C%22colorAdministrativeGeometryStroke%22%3A%22%22%2C%22colorAdministrativeLandParcel%22%3A%22%22%2C%22colorLandscapeNaturalGeometry%22%3A%22%22%2C%22colorPoiGeometry%22%3A%22%22%2C%22colorPoiLabelsTextFill%22%3A%22%22%2C%22colorPoiParkGeometryFill%22%3A%22%22%2C%22colorPoiParkLabelsTextFill%22%3A%22%22%2C%22colorRoadGeometry%22%3A%22%22%2C%22colorRoadArterial%22%3A%22%22%2C%22colorRoadHighway%22%3A%22%22%2C%22colorRoadHighwayGeometryStroke%22%3A%22%22%2C%22colorRoadHighwayControlledAccessGeometry%22%3A%22%22%2C%22colorRoadHighwayControlledAccessGeometryStroke%22%3A%22%22%2C%22colorRoadLocalLabelsTextFill%22%3A%22%22%2C%22colorTransitLineGeometry%22%3A%22%22%2C%22colorTransitLineLabelsTextFill%22%3A%22%22%2C%22colorTransitLineLabelsTextStroke%22%3A%22%22%2C%22colorTransitStationGeometry%22%3A%22%22%2C%22colorWaterGeometryFill%22%3A%22%22%2C%22colorWaterLabelTextFill%22%3A%22%22%2C%22customGoogleMapsStyles%22%3A%22%22%2C%22apiKey%22%3A%22AIzaSyB1ohONfrxy1Tb0AGLyVVByVujNaYQKHA8%22%2C%22widgetId%22%3A%226%22%7D\" \n                data-elfsight-google-maps-version=\"2.4.1\"\n                data-elfsight-widget-id=\"elfsight-google-maps-6\">\n            <\/div>\n            [\/vc_column_text]        <\/div>\n\n        [vc_empty_space height=&#8221;30px&#8221;][\/vc_column_inner][vc_column_inner offset=&#8221;vc_col-md-4&#8243;]        \n        <div class=\"box padding25\">\n            [vc_column_text]<\/p>\n<h4>Ketner Odense<\/h4>\n<p>Thujavej 15,<br \/>\n5250 Odense SV<\/p>\n<p><a href=\"tel:+45 66 17 37 11\">+45 66 17 37 11<\/a><br \/>\n<a href=\"mailto:odense@ketner.dk\">odense@ketner.dk<\/a><\/p>\n<table style=\"width: 100%;\" cellspacing=\"0\" cellpadding=\"0\">\n<tbody>\n<tr>\n<th>\u00c5bningstider:<\/th>\n<th><\/th>\n<\/tr>\n<tr>\n<td>Mandag<\/td>\n<td>7.00 &#8211; 16.00<\/td>\n<\/tr>\n<tr>\n<td>Tirsdag<\/td>\n<td>7.00 &#8211; 16.00<\/td>\n<\/tr>\n<tr>\n<td>Onsdag<\/td>\n<td>7.00 &#8211; 16.00<\/td>\n<\/tr>\n<tr>\n<td>Torsdag<\/td>\n<td>7.00 &#8211; 16.00<\/td>\n<\/tr>\n<tr>\n<td>Fredag<\/td>\n<td>7.00 &#8211; 14.00<\/td>\n<\/tr>\n<tr>\n<td>L\u00f8rdag<\/td>\n<td>Lukket<\/td>\n<\/tr>\n<tr>\n<td>S\u00f8ndag<\/td>\n<td>Lukket<\/td>\n<\/tr>\n<\/tbody>\n<\/table>\n<p>[\/vc_column_text]        <\/div>\n\n        [vc_empty_space height=&#8221;30px&#8221;][\/vc_column_inner][\/vc_row_inner][\/vc_column][\/vc_row][vc_row css_animation=&#8221;&#8221; row_type=&#8221;row&#8221; use_row_as_full_screen_section=&#8221;no&#8221; type=&#8221;grid&#8221; angled_section=&#8221;no&#8221; text_align=&#8221;left&#8221; background_image_as_pattern=&#8221;without_pattern&#8221; el_class=&#8221;padding80&#8243; z_index=&#8221;&#8221; css=&#8221;.vc_custom_1623156919138{background-color: #fffffe !important;}&#8221;][vc_column][vc_column_text]<\/p>\n<h2>Bestil en tid til partikelfilterrens i Odense allerede i dag<\/h2>\n<p>N\u00e5r du f\u00e5r foretaget en Ketner partikelfilter-rens, kan du v\u00e6re sikker p\u00e5, at vi altid benytter det bedste og mest avancerede udstyr. Rensning af partikelfiltre h\u00f8rer til blandt vores spidskompetencer, og derfor er intet overladt til tilf\u00e6ldighederne. Inden selve rensningen udf\u00f8res grundig fejlfinding og diagnosticering, s\u00e5 du er sikker p\u00e5 at f\u00e5 den rette behandling. Herefter foretages en trykpr\u00f8vning for at v\u00e6re sikre p\u00e5, at alt er, som det skal v\u00e6re.<\/p>\n<p>Vi kender v\u00e6rdien af at kunne f\u00e5 en professionel behandling af din bil, uanset hvor du befinder dig. Derfor har vi hos Ketner indg\u00e5et samarbejde med en lang r\u00e6kke lokale autov\u00e6rksteder, som udf\u00f8rer partikelfilterrens af n\u00f8jagtig den samme h\u00f8je kvalitet, som vi tilbyder p\u00e5 vores egne autov\u00e6rksteder. Har du brug for en rensning af partikelfilter i Odense, kan du bestille en tid hos Ketner Odense p\u00e5 Thujavej 15, som vil se p\u00e5 din bil s\u00e5 hurtigt som overhovedet muligt.[\/vc_column_text][vc_empty_space height=&#8221;40px&#8221;]<a  itemprop=\"url\" href=\"https:\/\/ketner.dk\/odense\/partikelfilter-rens-booking\/\" target=\"_self\"  class=\"qbutton  default\" style=\"margin: 0 20px 0 0; \">Book tid<i class=\"qodef-icon-dripicons dripicon dripicons-chevron-right qode_button_icon_element\" style=\"\" ><\/i><\/a>[\/vc_column][\/vc_row]<\/p>\n","protected":false},"excerpt":{"rendered":"<p>[vc_row css_animation=&#8221;&#8221; row_type=&#8221;row&#8221; use_row_as_full_screen_section=&#8221;no&#8221; type=&#8221;grid&#8221; angled_section=&#8221;no&#8221; text_align=&#8221;left&#8221; background_image_as_pattern=&#8221;without_pattern&#8221; el_class=&#8221;equal-height align-center&#8221; z_index=&#8221;&#8221; css=&#8221;.vc_custom_1633519492298{background-color: #fffffe !important;}&#8221;][vc_column el_class=&#8221;padding80 paddingright&#8221; offset=&#8221;vc_col-md-6&#8243;][vc_column_text] Professionel rensning af partikelfilter i Odense Hvis dit partikelfilter tr\u00e6nger til en rensning, vil en orange advarselslampe i instrumentpanelet g\u00f8re dig opm\u00e6rksom p\u00e5 det. Vi anbefaler, at du&#8230;<\/p>\n","protected":false},"author":1,"featured_media":0,"parent":261,"menu_order":0,"comment_status":"closed","ping_status":"closed","template":"full_width.php","meta":[],"acf":[],"_links":{"self":[{"href":"https:\/\/ketner.dk\/odense\/wp-json\/wp\/v2\/pages\/2066"}],"collection":[{"href":"https:\/\/ketner.dk\/odense\/wp-json\/wp\/v2\/pages"}],"about":[{"href":"https:\/\/ketner.dk\/odense\/wp-json\/wp\/v2\/types\/page"}],"author":[{"embeddable":true,"href":"https:\/\/ketner.dk\/odense\/wp-json\/wp\/v2\/users\/1"}],"replies":[{"embeddable":true,"href":"https:\/\/ketner.dk\/odense\/wp-json\/wp\/v2\/comments?post=2066"}],"version-history":[{"count":14,"href":"https:\/\/ketner.dk\/odense\/wp-json\/wp\/v2\/pages\/2066\/revisions"}],"predecessor-version":[{"id":4451,"href":"https:\/\/ketner.dk\/odense\/wp-json\/wp\/v2\/pages\/2066\/revisions\/4451"}],"up":[{"embeddable":true,"href":"https:\/\/ketner.dk\/odense\/wp-json\/wp\/v2\/pages\/261"}],"wp:attachment":[{"href":"https:\/\/ketner.dk\/odense\/wp-json\/wp\/v2\/media?parent=2066"}],"curies":[{"name":"wp","href":"https:\/\/api.w.org\/{rel}","templated":true}]}}