{"id":2143,"date":"2021-06-30T12:00:50","date_gmt":"2021-06-30T12:00:50","guid":{"rendered":"https:\/\/lazzatest.dk\/ketner\/?page_id=2143"},"modified":"2026-02-16T15:18:04","modified_gmt":"2026-02-16T14:18:04","slug":"peugeot","status":"publish","type":"page","link":"https:\/\/ketner.dk\/odense\/specialer\/service\/peugeot\/","title":{"rendered":"Peugeot service"},"content":{"rendered":"<p>[vc_row css_animation=&#8221;&#8221; row_type=&#8221;row&#8221; use_row_as_full_screen_section=&#8221;no&#8221; type=&#8221;grid&#8221; angled_section=&#8221;no&#8221; text_align=&#8221;left&#8221; background_image_as_pattern=&#8221;without_pattern&#8221; el_class=&#8221;equal-height align-center&#8221; z_index=&#8221;&#8221; css=&#8221;.vc_custom_1611743526268{background-color: #fffffe !important;}&#8221;][vc_column el_class=&#8221;padding80 paddingright&#8221; offset=&#8221;vc_col-md-6&#8243;][vc_column_text]<\/p>\n<h1>Professionel og hurtig service af Peugeot hos Ketner<\/h1>\n<p>God service og et h\u00f8jt kompetenceniveau er grundstenene hos Ketner, og i kombination med vores konkurrencedygtige priser g\u00f8r de os til et godt alternativ til m\u00e6rkev\u00e6rkstederne. Vi har mange \u00e5rs erfaring med Peugeot, og uanset hvilken \u00e5rgang og model, du k\u00f8rer i, er din bil i de bedste h\u00e6nder hos os.<\/p>\n<p>Mange af vores teknikere har taget en efteruddannelse som systemteknikere hos Bosch, som er verdens f\u00f8rende leverand\u00f8r af reservedele til bilindustrien. Hos Ketner kombinerer vi s\u00e5ledes et h\u00f8jt uddannelsesniveau med en stor praktisk viden som din Peugeot, og det kommer dig til gode, n\u00e5r du v\u00e6lger os til at give din Peugeot et serviceeftersyn.<\/p>\n<p>Vi har minimal ventetid &#8211; kan vi ikke klare reparationen nu og her &#8211; f\u00e5r du tilbudt en l\u00e5nebil.[\/vc_column_text][vc_empty_space height=&#8221;40px&#8221;]<a  itemprop=\"url\" href=\"https:\/\/ketner.dk\/odense\/servicebooking\/\" target=\"_self\"  class=\"qbutton  default\" style=\"margin: 0 20px 0 0; \">Book tid<i class=\"qodef-icon-dripicons dripicon dripicons-chevron-right qode_button_icon_element\" style=\"\" ><\/i><\/a><a id=\"bliv-ringet-op\" itemprop=\"url\" href=\"#\" target=\"_self\"  class=\"qbutton  white default\" style=\"margin: 0 20px 0 0; \">Bliv ringet op<i class=\"qodef-icon-dripicons dripicon dripicons-chevron-right qode_button_icon_element\" style=\"\" ><\/i><\/a>[vc_empty_space height=&#8221;40px&#8221;][\/vc_column][vc_column offset=&#8221;vc_col-md-6&#8243;][vc_single_image image=&#8221;1989&#8243; img_size=&#8221;full&#8221; style=&#8221;vc_box_rounded&#8221; qode_css_animation=&#8221;&#8221;][vc_empty_space height=&#8221;40px&#8221;][\/vc_column][\/vc_row][vc_row css_animation=&#8221;&#8221; row_type=&#8221;row&#8221; use_row_as_full_screen_section=&#8221;no&#8221; type=&#8221;grid&#8221; angled_section=&#8221;no&#8221; text_align=&#8221;left&#8221; background_image_as_pattern=&#8221;without_pattern&#8221; z_index=&#8221;&#8221; background_color=&#8221;#ffffff&#8221; el_class=&#8221;padding80&#8243; css=&#8221;.vc_custom_1630051197043{padding-top: 0px !important;}&#8221;][vc_column width=&#8221;1\/2&#8243; offset=&#8221;vc_col-md-4&#8243;]            <a href=\"https:\/\/ketner.dk\/odense\/specialer\/el-og-hybridbiler\/\">\n                <div class=\"linkbox\" style=\"background-color: #ffffff;\">\n                    <div class=\"linkbox_content\">\n                        <h4 style=\"color: ;\">El- og hybridbiler<\/h4>\n                        <p style=\"color: ;\"><\/p>\n                    <\/div>\n                    <div class=\"linkbox_icon\">\n                        <i class=\"fa fa-angle-right\" style=\"color: ;\"><\/i>\n                    <\/div>\n                <\/div>\n            <\/a>\n            [\/vc_column][vc_column width=&#8221;1\/2&#8243; offset=&#8221;vc_col-md-4&#8243;]            <a href=\"https:\/\/ketner.dk\/odense\/specialer\/skadecenter\/\">\n                <div class=\"linkbox\" style=\"background-color: #ffffff;\">\n                    <div class=\"linkbox_content\">\n                        <h4 style=\"color: ;\">Skadecenter<\/h4>\n                        <p style=\"color: ;\"><\/p>\n                    <\/div>\n                    <div class=\"linkbox_icon\">\n                        <i class=\"fa fa-angle-right\" style=\"color: ;\"><\/i>\n                    <\/div>\n                <\/div>\n            <\/a>\n            [\/vc_column][vc_column width=&#8221;1\/2&#8243; offset=&#8221;vc_col-md-4&#8243;]            <a href=\"https:\/\/ketner.dk\/odense\/specialer\/\">\n                <div class=\"linkbox\" style=\"background-color: #ffffff;\">\n                    <div class=\"linkbox_content\">\n                        <h4 style=\"color: ;\">Se vores specialer<\/h4>\n                        <p style=\"color: ;\"><\/p>\n                    <\/div>\n                    <div class=\"linkbox_icon\">\n                        <i class=\"fa fa-angle-right\" style=\"color: ;\"><\/i>\n                    <\/div>\n                <\/div>\n            <\/a>\n            [\/vc_column][\/vc_row][vc_row css_animation=&#8221;&#8221; row_type=&#8221;row&#8221; use_row_as_full_screen_section=&#8221;no&#8221; type=&#8221;grid&#8221; angled_section=&#8221;no&#8221; text_align=&#8221;left&#8221; background_image_as_pattern=&#8221;without_pattern&#8221; el_class=&#8221;padding80 equal-height align-center&#8221; css=&#8221;.vc_custom_1611737133965{background-color: #f0f0f0 !important;}&#8221; z_index=&#8221;&#8221;][vc_column offset=&#8221;vc_col-md-6&#8243;]        \n        <div class=\"image_grid-wrapper\">\n            <div class=\"image_grid\">\n                <div class=\"image_grid_item\"><img width=\"1200\" height=\"800\" src=\"https:\/\/ketner.dk\/odense\/wp-content\/uploads\/2021\/02\/Peugeot3.jpg\" class=\"attachment-full size-full\" alt=\"\" srcset=\"https:\/\/ketner.dk\/odense\/wp-content\/uploads\/sites\/11\/2021\/02\/Peugeot3.jpg 1200w, https:\/\/ketner.dk\/odense\/wp-content\/uploads\/sites\/11\/2021\/02\/Peugeot3-300x200.jpg 300w, https:\/\/ketner.dk\/odense\/wp-content\/uploads\/sites\/11\/2021\/02\/Peugeot3-1024x683.jpg 1024w, https:\/\/ketner.dk\/odense\/wp-content\/uploads\/sites\/11\/2021\/02\/Peugeot3-768x512.jpg 768w, https:\/\/ketner.dk\/odense\/wp-content\/uploads\/sites\/11\/2021\/02\/Peugeot3-700x467.jpg 700w\" sizes=\"(max-width: 1200px) 100vw, 1200px\" \/><\/div><div class=\"image_grid_item\"><img width=\"1200\" height=\"675\" src=\"https:\/\/ketner.dk\/odense\/wp-content\/uploads\/2021\/02\/Peugeot4.jpg\" class=\"attachment-full size-full\" alt=\"\" srcset=\"https:\/\/ketner.dk\/odense\/wp-content\/uploads\/sites\/11\/2021\/02\/Peugeot4.jpg 1200w, https:\/\/ketner.dk\/odense\/wp-content\/uploads\/sites\/11\/2021\/02\/Peugeot4-300x169.jpg 300w, https:\/\/ketner.dk\/odense\/wp-content\/uploads\/sites\/11\/2021\/02\/Peugeot4-1024x576.jpg 1024w, https:\/\/ketner.dk\/odense\/wp-content\/uploads\/sites\/11\/2021\/02\/Peugeot4-768x432.jpg 768w, https:\/\/ketner.dk\/odense\/wp-content\/uploads\/sites\/11\/2021\/02\/Peugeot4-700x394.jpg 700w, https:\/\/ketner.dk\/odense\/wp-content\/uploads\/sites\/11\/2021\/02\/Peugeot4-539x303.jpg 539w\" sizes=\"(max-width: 1200px) 100vw, 1200px\" \/><\/div><div class=\"image_grid_item\"><img width=\"1200\" height=\"674\" src=\"https:\/\/ketner.dk\/odense\/wp-content\/uploads\/2021\/02\/Peugeot2.jpg\" class=\"attachment-full size-full\" alt=\"\" srcset=\"https:\/\/ketner.dk\/odense\/wp-content\/uploads\/sites\/11\/2021\/02\/Peugeot2.jpg 1200w, https:\/\/ketner.dk\/odense\/wp-content\/uploads\/sites\/11\/2021\/02\/Peugeot2-300x169.jpg 300w, https:\/\/ketner.dk\/odense\/wp-content\/uploads\/sites\/11\/2021\/02\/Peugeot2-1024x575.jpg 1024w, https:\/\/ketner.dk\/odense\/wp-content\/uploads\/sites\/11\/2021\/02\/Peugeot2-768x431.jpg 768w, https:\/\/ketner.dk\/odense\/wp-content\/uploads\/sites\/11\/2021\/02\/Peugeot2-700x393.jpg 700w, https:\/\/ketner.dk\/odense\/wp-content\/uploads\/sites\/11\/2021\/02\/Peugeot2-539x303.jpg 539w\" sizes=\"(max-width: 1200px) 100vw, 1200px\" \/><\/div>            <\/div>\n        <\/div>\n\n        [vc_empty_space height=&#8221;40px&#8221;][\/vc_column][vc_column el_class=&#8221;paddingleft&#8221; offset=&#8221;vc_col-md-6&#8243;][vc_column_text]<\/p>\n<h3>F\u00e5 overblik over alle vores specialiserede ydelser<\/h3>\n<p>Hos Ketner finder du en r\u00e6kke ydelser, som du sj\u00e6ldent finder andre steder. Derfor er vi blandt de bedste til at hj\u00e6lpe dig med din Peugeot p\u00e5 vores anerkendte v\u00e6rksted i Odense.<\/p>\n<p>Gennem menustrukturen \u00f8verst p\u00e5 siden kan du l\u00e6se om alt det, vi tilbyder \u2013 og er der noget i vejen med din bil, kan du altid bare ringe til os. Vi er sikre p\u00e5, at vi godt kan hj\u00e6lpe dig med at blive hurtigt k\u00f8rende igen.[\/vc_column_text][vc_empty_space height=&#8221;40px&#8221;]<a  itemprop=\"url\" href=\"https:\/\/ketner.dk\/odense\/servicebooking\/\" target=\"_self\"  class=\"qbutton  default\" style=\"margin: 0 20px 0 0; \">Book tid<i class=\"qodef-icon-dripicons dripicon dripicons-chevron-right qode_button_icon_element\" style=\"\" ><\/i><\/a><a id=\"bliv-ringet-op\" itemprop=\"url\" href=\"#\" target=\"_self\"  class=\"qbutton  white default\" style=\"margin: 0 20px 0 0; \">Bliv ringet op<i class=\"qodef-icon-dripicons dripicon dripicons-chevron-right qode_button_icon_element\" style=\"\" ><\/i><\/a>[\/vc_column][\/vc_row][vc_row css_animation=&#8221;&#8221; row_type=&#8221;row&#8221; use_row_as_full_screen_section=&#8221;no&#8221; type=&#8221;grid&#8221; angled_section=&#8221;no&#8221; text_align=&#8221;center&#8221; background_image_as_pattern=&#8221;without_pattern&#8221; el_class=&#8221;padding80&#8243; css=&#8221;.vc_custom_1609935864894{background-color: #002a3b !important;}&#8221; z_index=&#8221;&#8221;][vc_column][vc_row_inner row_type=&#8221;row&#8221; type=&#8221;full_width&#8221; text_align=&#8221;left&#8221; css_animation=&#8221;&#8221;][vc_column_inner width=&#8221;1\/2&#8243; offset=&#8221;vc_col-md-3&#8243;]        \n        <div class=\"icon_text\">\n            <div class=\"icon_text_image\">\n                <img width=\"36\" height=\"36\" src=\"https:\/\/ketner.dk\/odense\/wp-content\/uploads\/2021\/01\/icons-white-tools.svg\" class=\"attachment-full size-full\" alt=\"\" srcset=\"https:\/\/ketner.dk\/odense\/wp-content\/uploads\/sites\/11\/\/2021\/01\/icons-white-tools.svg 150w, https:\/\/ketner.dk\/odense\/wp-content\/uploads\/sites\/11\/\/2021\/01\/icons-white-tools.svg 300w, https:\/\/ketner.dk\/odense\/wp-content\/uploads\/sites\/11\/\/2021\/01\/icons-white-tools.svg 1024w, https:\/\/ketner.dk\/odense\/wp-content\/uploads\/sites\/11\/\/2021\/01\/icons-white-tools.svg 36w\" sizes=\"(max-width: 36px) 100vw, 36px\" \/>            <\/div>\n            <div class=\"icon_text_content\">\n                <h3>Professionelt<\/h3>\n                <p>Nyeste og mest avancerede udstyr indenfor autobranchen.<\/p>\n            <\/div>\n        <\/div>\n\n        [\/vc_column_inner][vc_column_inner width=&#8221;1\/2&#8243; offset=&#8221;vc_col-md-3&#8243;]        \n        <div class=\"icon_text\">\n            <div class=\"icon_text_image\">\n                <img width=\"36\" height=\"36\" src=\"https:\/\/ketner.dk\/odense\/wp-content\/uploads\/2021\/01\/icons-white-car.svg\" class=\"attachment-full size-full\" alt=\"\" srcset=\"https:\/\/ketner.dk\/odense\/wp-content\/uploads\/sites\/11\/\/2021\/01\/icons-white-car.svg 150w, https:\/\/ketner.dk\/odense\/wp-content\/uploads\/sites\/11\/\/2021\/01\/icons-white-car.svg 300w, https:\/\/ketner.dk\/odense\/wp-content\/uploads\/sites\/11\/\/2021\/01\/icons-white-car.svg 1024w, https:\/\/ketner.dk\/odense\/wp-content\/uploads\/sites\/11\/\/2021\/01\/icons-white-car.svg 36w\" sizes=\"(max-width: 36px) 100vw, 36px\" \/>            <\/div>\n            <div class=\"icon_text_content\">\n                <h3>Altid l\u00e5nebil<\/h3>\n                <p>Vi har en bil klar til dig, s\u00e5 du er k\u00f8rende, mens din bil er p\u00e5 v\u00e6rksted.<\/p>\n            <\/div>\n        <\/div>\n\n        [\/vc_column_inner][vc_column_inner width=&#8221;1\/2&#8243; offset=&#8221;vc_col-md-3&#8243;]        \n        <div class=\"icon_text\">\n            <div class=\"icon_text_image\">\n                <img width=\"36\" height=\"36\" src=\"https:\/\/ketner.dk\/odense\/wp-content\/uploads\/2021\/01\/icons-white-list.svg\" class=\"attachment-full size-full\" alt=\"\" srcset=\"https:\/\/ketner.dk\/odense\/wp-content\/uploads\/sites\/11\/\/2021\/01\/icons-white-list.svg 150w, https:\/\/ketner.dk\/odense\/wp-content\/uploads\/sites\/11\/\/2021\/01\/icons-white-list.svg 300w, https:\/\/ketner.dk\/odense\/wp-content\/uploads\/sites\/11\/\/2021\/01\/icons-white-list.svg 1024w, https:\/\/ketner.dk\/odense\/wp-content\/uploads\/sites\/11\/\/2021\/01\/icons-white-list.svg 36w\" sizes=\"(max-width: 36px) 100vw, 36px\" \/>            <\/div>\n            <div class=\"icon_text_content\">\n                <h3>SOS Vejhj\u00e6lp<\/h3>\n                <p>Gratis vejhj\u00e6lp efter 1. serviceeftersyn<\/p>\n            <\/div>\n        <\/div>\n\n        [\/vc_column_inner][vc_column_inner width=&#8221;1\/2&#8243; offset=&#8221;vc_col-md-3&#8243;]        \n        <div class=\"icon_text\">\n            <div class=\"icon_text_image\">\n                <img width=\"36\" height=\"36\" src=\"https:\/\/ketner.dk\/odense\/wp-content\/uploads\/2021\/01\/icons-white-time-calendar.svg\" class=\"attachment-full size-full\" alt=\"\" srcset=\"https:\/\/ketner.dk\/odense\/wp-content\/uploads\/sites\/11\/\/2021\/01\/icons-white-time-calendar.svg 150w, https:\/\/ketner.dk\/odense\/wp-content\/uploads\/sites\/11\/\/2021\/01\/icons-white-time-calendar.svg 300w, https:\/\/ketner.dk\/odense\/wp-content\/uploads\/sites\/11\/\/2021\/01\/icons-white-time-calendar.svg 1024w, https:\/\/ketner.dk\/odense\/wp-content\/uploads\/sites\/11\/\/2021\/01\/icons-white-time-calendar.svg 36w\" sizes=\"(max-width: 36px) 100vw, 36px\" \/>            <\/div>\n            <div class=\"icon_text_content\">\n                <h3>Kort ventetid<\/h3>\n                <p>Her f\u00e5r du hurtig service, s\u00e5 du ikke skal undv\u00e6re din bil i l\u00e6ngere tid.<\/p>\n            <\/div>\n        <\/div>\n\n        [\/vc_column_inner][\/vc_row_inner][vc_empty_space height=&#8221;40px&#8221;][\/vc_column][\/vc_row][vc_row css_animation=&#8221;&#8221; row_type=&#8221;row&#8221; use_row_as_full_screen_section=&#8221;no&#8221; type=&#8221;grid&#8221; angled_section=&#8221;no&#8221; text_align=&#8221;left&#8221; background_image_as_pattern=&#8221;without_pattern&#8221; el_class=&#8221;padding80&#8243; css=&#8221;.vc_custom_1611736988930{background-color: #fffffe !important;}&#8221; z_index=&#8221;&#8221;][vc_column][vc_column_text]<\/p>\n<h3>Bestil et serviceeftersyn af din Peugeot i dag<\/h3>\n<p>Er det ved at v\u00e6re tid til service p\u00e5 din Peugeot, er du mere end velkommen til at tage kontakt til os. Vi sidder klar til tage imod din henvendelse, og hvis du er i n\u00e6rheden, kan du ogs\u00e5 kigge forbi vores autov\u00e6rksted. Her vil v\u00e6rkf\u00f8rer altid gerne tage en snak med dig og finde en tid til dig og din Peugeot. Vi gl\u00e6der os til at se dig.[\/vc_column_text][vc_empty_space height=&#8221;40px&#8221;]<a  itemprop=\"url\" href=\"https:\/\/ketner.dk\/odense\/servicebooking\/\" target=\"_self\"  class=\"qbutton  default\" style=\"margin: 0 20px 0 0; \">Book tid<i class=\"qodef-icon-dripicons dripicon dripicons-chevron-right qode_button_icon_element\" style=\"\" ><\/i><\/a><a id=\"bliv-ringet-op\" itemprop=\"url\" href=\"#\" target=\"_self\"  class=\"qbutton  white default\" style=\"margin: 0 20px 0 0; \">Bliv ringet op<i class=\"qodef-icon-dripicons dripicon dripicons-chevron-right qode_button_icon_element\" style=\"\" ><\/i><\/a>[\/vc_column][\/vc_row]<\/p>\n","protected":false},"excerpt":{"rendered":"<p>[vc_row css_animation=&#8221;&#8221; row_type=&#8221;row&#8221; use_row_as_full_screen_section=&#8221;no&#8221; type=&#8221;grid&#8221; angled_section=&#8221;no&#8221; text_align=&#8221;left&#8221; background_image_as_pattern=&#8221;without_pattern&#8221; el_class=&#8221;equal-height align-center&#8221; z_index=&#8221;&#8221; css=&#8221;.vc_custom_1611743526268{background-color: #fffffe !important;}&#8221;][vc_column el_class=&#8221;padding80 paddingright&#8221; offset=&#8221;vc_col-md-6&#8243;][vc_column_text] Professionel og hurtig service af Peugeot hos Ketner God service og et h\u00f8jt kompetenceniveau er grundstenene hos Ketner, og i kombination med vores konkurrencedygtige priser g\u00f8r de os&#8230;<\/p>\n","protected":false},"author":1,"featured_media":0,"parent":990,"menu_order":0,"comment_status":"closed","ping_status":"closed","template":"full_width.php","meta":[],"acf":[],"meta_title":"Service af Peugeot | Professionelt eftersyn til lave priser | Ketner","meta_description":"Har du brug for service af din Peugeot? Ketner er dit lokale, professionelle autov\u00e6rksted med speciale i Peugeot. Bestil en tid hos os allerede i dag.","focus_keyword":"","parent_slug":"service","vc_single_images":[{"id":1989,"url":"https:\/\/ketner.dk\/odense\/wp-content\/uploads\/2021\/06\/Peugeot.jpg"}],"_links":{"self":[{"href":"https:\/\/ketner.dk\/odense\/wp-json\/wp\/v2\/pages\/2143"}],"collection":[{"href":"https:\/\/ketner.dk\/odense\/wp-json\/wp\/v2\/pages"}],"about":[{"href":"https:\/\/ketner.dk\/odense\/wp-json\/wp\/v2\/types\/page"}],"author":[{"embeddable":true,"href":"https:\/\/ketner.dk\/odense\/wp-json\/wp\/v2\/users\/1"}],"replies":[{"embeddable":true,"href":"https:\/\/ketner.dk\/odense\/wp-json\/wp\/v2\/comments?post=2143"}],"version-history":[{"count":10,"href":"https:\/\/ketner.dk\/odense\/wp-json\/wp\/v2\/pages\/2143\/revisions"}],"predecessor-version":[{"id":4669,"href":"https:\/\/ketner.dk\/odense\/wp-json\/wp\/v2\/pages\/2143\/revisions\/4669"}],"up":[{"embeddable":true,"href":"https:\/\/ketner.dk\/odense\/wp-json\/wp\/v2\/pages\/990"}],"wp:attachment":[{"href":"https:\/\/ketner.dk\/odense\/wp-json\/wp\/v2\/media?parent=2143"}],"curies":[{"name":"wp","href":"https:\/\/api.w.org\/{rel}","templated":true}]}}