{"id":2146,"date":"2021-06-30T12:16:37","date_gmt":"2021-06-30T12:16:37","guid":{"rendered":"https:\/\/lazzatest.dk\/ketner\/?page_id=2146"},"modified":"2026-02-16T15:07:54","modified_gmt":"2026-02-16T14:07:54","slug":"vw","status":"publish","type":"page","link":"https:\/\/ketner.dk\/odense\/specialer\/service\/vw\/","title":{"rendered":"VW service"},"content":{"rendered":"<p>[vc_row css_animation=&#8221;&#8221; row_type=&#8221;row&#8221; use_row_as_full_screen_section=&#8221;no&#8221; type=&#8221;grid&#8221; angled_section=&#8221;no&#8221; text_align=&#8221;left&#8221; background_image_as_pattern=&#8221;without_pattern&#8221; el_class=&#8221;equal-height align-center&#8221; z_index=&#8221;&#8221; css=&#8221;.vc_custom_1611743526268{background-color: #fffffe !important;}&#8221;][vc_column el_class=&#8221;padding80 paddingright&#8221; offset=&#8221;vc_col-md-6&#8243;][vc_column_text]<\/p>\n<h1><span style=\"font-weight: 400;\">Uafh\u00e6ngigt v\u00e6rksted i Odense med omfattende speciale i VW<\/span><\/h1>\n<p><span style=\"font-weight: 400;\">Hos Ketner har vi specialiseret os i at drive et moderne v\u00e6rksted, hvor vi kan tage os af alt, hvad der har med VW at g\u00f8re. Det g\u00e6lder selv, hvis du ejer en af deres innovative elbiler. <\/span><\/p>\n<p><span style=\"font-weight: 400;\">Gennem vores tilknytning til Bosch Car Service og vores vision om at kunne tilbyde dig en anden service end den du ofte f\u00e5r p\u00e5 et autoriseret v\u00e6rksted, kan du forvente en oplevelse, hvor der er lige s\u00e5 stort fokus p\u00e5, at du skal have et behageligt v\u00e6rkstedsbes\u00f8g, som der er p\u00e5, at din bil skal have en professionel service med kvalitet i alle de discipliner, der har med din bil at g\u00f8re. Det mener vi er god service.<\/span>[\/vc_column_text][vc_empty_space height=&#8221;40px&#8221;]<a  itemprop=\"url\" href=\"https:\/\/ketner.dk\/odense\/servicebooking\/\" target=\"_self\"  class=\"qbutton  default\" style=\"margin: 0 20px 0 0; \">Book tid<i class=\"qodef-icon-dripicons dripicon dripicons-chevron-right qode_button_icon_element\" style=\"\" ><\/i><\/a><a id=\"bliv-ringet-op\" itemprop=\"url\" href=\"#\" target=\"_self\"  class=\"qbutton  white default\" style=\"margin: 0 20px 0 0; \">Bliv ringet op<i class=\"qodef-icon-dripicons dripicon dripicons-chevron-right qode_button_icon_element\" style=\"\" ><\/i><\/a>[vc_empty_space height=&#8221;40px&#8221;][\/vc_column][vc_column offset=&#8221;vc_col-md-6&#8243;][vc_single_image image=&#8221;490&#8243; img_size=&#8221;full&#8221; style=&#8221;vc_box_rounded&#8221; qode_css_animation=&#8221;&#8221;][vc_empty_space height=&#8221;40px&#8221;][\/vc_column][\/vc_row][vc_row css_animation=&#8221;&#8221; row_type=&#8221;row&#8221; use_row_as_full_screen_section=&#8221;no&#8221; type=&#8221;grid&#8221; angled_section=&#8221;no&#8221; text_align=&#8221;left&#8221; background_image_as_pattern=&#8221;without_pattern&#8221; z_index=&#8221;&#8221; background_color=&#8221;#ffffff&#8221; el_class=&#8221;padding80&#8243; css=&#8221;.vc_custom_1630051197043{padding-top: 0px !important;}&#8221;][vc_column width=&#8221;1\/2&#8243; offset=&#8221;vc_col-md-4&#8243;]            <a href=\"https:\/\/ketner.dk\/odense\/specialer\/el-og-hybridbiler\/\">\n                <div class=\"linkbox\" style=\"background-color: #ffffff;\">\n                    <div class=\"linkbox_content\">\n                        <h4 style=\"color: ;\">El- og hybridbiler<\/h4>\n                        <p style=\"color: ;\"><\/p>\n                    <\/div>\n                    <div class=\"linkbox_icon\">\n                        <i class=\"fa fa-angle-right\" style=\"color: ;\"><\/i>\n                    <\/div>\n                <\/div>\n            <\/a>\n            [\/vc_column][vc_column width=&#8221;1\/2&#8243; offset=&#8221;vc_col-md-4&#8243;]            <a href=\"https:\/\/ketner.dk\/odense\/specialer\/skadecenter\/\">\n                <div class=\"linkbox\" style=\"background-color: #ffffff;\">\n                    <div class=\"linkbox_content\">\n                        <h4 style=\"color: ;\">Skadecenter<\/h4>\n                        <p style=\"color: ;\"><\/p>\n                    <\/div>\n                    <div class=\"linkbox_icon\">\n                        <i class=\"fa fa-angle-right\" style=\"color: ;\"><\/i>\n                    <\/div>\n                <\/div>\n            <\/a>\n            [\/vc_column][vc_column width=&#8221;1\/2&#8243; offset=&#8221;vc_col-md-4&#8243;]            <a href=\"https:\/\/ketner.dk\/odense\/specialer\/\">\n                <div class=\"linkbox\" style=\"background-color: #ffffff;\">\n                    <div class=\"linkbox_content\">\n                        <h4 style=\"color: ;\">Se vores specialer<\/h4>\n                        <p style=\"color: ;\"><\/p>\n                    <\/div>\n                    <div class=\"linkbox_icon\">\n                        <i class=\"fa fa-angle-right\" style=\"color: ;\"><\/i>\n                    <\/div>\n                <\/div>\n            <\/a>\n            [\/vc_column][\/vc_row][vc_row css_animation=&#8221;&#8221; row_type=&#8221;row&#8221; use_row_as_full_screen_section=&#8221;no&#8221; type=&#8221;grid&#8221; angled_section=&#8221;no&#8221; text_align=&#8221;left&#8221; background_image_as_pattern=&#8221;without_pattern&#8221; el_class=&#8221;padding80 equal-height align-center&#8221; css=&#8221;.vc_custom_1611737133965{background-color: #f0f0f0 !important;}&#8221; z_index=&#8221;&#8221;][vc_column offset=&#8221;vc_col-md-6&#8243;]        \n        <div class=\"image_grid-wrapper\">\n            <div class=\"image_grid\">\n                <div class=\"image_grid_item\"><img width=\"1200\" height=\"800\" src=\"https:\/\/ketner.dk\/odense\/wp-content\/uploads\/2021\/02\/VW-logo.jpg\" class=\"attachment-full size-full\" alt=\"\" srcset=\"https:\/\/ketner.dk\/odense\/wp-content\/uploads\/sites\/11\/2021\/02\/VW-logo.jpg 1200w, https:\/\/ketner.dk\/odense\/wp-content\/uploads\/sites\/11\/2021\/02\/VW-logo-300x200.jpg 300w, https:\/\/ketner.dk\/odense\/wp-content\/uploads\/sites\/11\/2021\/02\/VW-logo-1024x683.jpg 1024w, https:\/\/ketner.dk\/odense\/wp-content\/uploads\/sites\/11\/2021\/02\/VW-logo-768x512.jpg 768w, https:\/\/ketner.dk\/odense\/wp-content\/uploads\/sites\/11\/2021\/02\/VW-logo-700x467.jpg 700w\" sizes=\"(max-width: 1200px) 100vw, 1200px\" \/><\/div><div class=\"image_grid_item\"><img width=\"2100\" height=\"1109\" src=\"https:\/\/ketner.dk\/odense\/wp-content\/uploads\/2021\/10\/VW-test.jpg\" class=\"attachment-full size-full\" alt=\"\" srcset=\"https:\/\/ketner.dk\/odense\/wp-content\/uploads\/sites\/11\/2021\/10\/VW-test.jpg 2100w, https:\/\/ketner.dk\/odense\/wp-content\/uploads\/sites\/11\/2021\/10\/VW-test-300x158.jpg 300w, https:\/\/ketner.dk\/odense\/wp-content\/uploads\/sites\/11\/2021\/10\/VW-test-1024x541.jpg 1024w, https:\/\/ketner.dk\/odense\/wp-content\/uploads\/sites\/11\/2021\/10\/VW-test-768x406.jpg 768w, https:\/\/ketner.dk\/odense\/wp-content\/uploads\/sites\/11\/2021\/10\/VW-test-1536x811.jpg 1536w, https:\/\/ketner.dk\/odense\/wp-content\/uploads\/sites\/11\/2021\/10\/VW-test-2048x1082.jpg 2048w, https:\/\/ketner.dk\/odense\/wp-content\/uploads\/sites\/11\/2021\/10\/VW-test-700x370.jpg 700w\" sizes=\"(max-width: 2100px) 100vw, 2100px\" \/><\/div><div class=\"image_grid_item\"><img width=\"2016\" height=\"1512\" src=\"https:\/\/ketner.dk\/odense\/wp-content\/uploads\/2021\/10\/VW-Testcenter.jpg\" class=\"attachment-full size-full\" alt=\"\" srcset=\"https:\/\/ketner.dk\/odense\/wp-content\/uploads\/sites\/11\/2021\/10\/VW-Testcenter.jpg 2016w, https:\/\/ketner.dk\/odense\/wp-content\/uploads\/sites\/11\/2021\/10\/VW-Testcenter-300x225.jpg 300w, https:\/\/ketner.dk\/odense\/wp-content\/uploads\/sites\/11\/2021\/10\/VW-Testcenter-1024x768.jpg 1024w, https:\/\/ketner.dk\/odense\/wp-content\/uploads\/sites\/11\/2021\/10\/VW-Testcenter-768x576.jpg 768w, https:\/\/ketner.dk\/odense\/wp-content\/uploads\/sites\/11\/2021\/10\/VW-Testcenter-1536x1152.jpg 1536w, https:\/\/ketner.dk\/odense\/wp-content\/uploads\/sites\/11\/2021\/10\/VW-Testcenter-800x600.jpg 800w, https:\/\/ketner.dk\/odense\/wp-content\/uploads\/sites\/11\/2021\/10\/VW-Testcenter-700x525.jpg 700w\" sizes=\"(max-width: 2016px) 100vw, 2016px\" \/><\/div>            <\/div>\n        <\/div>\n\n        [vc_empty_space height=&#8221;40px&#8221;][\/vc_column][vc_column el_class=&#8221;paddingleft&#8221; offset=&#8221;vc_col-md-6&#8243;][vc_column_text]<\/p>\n<h2><span style=\"font-weight: 400;\">Professionelt autov\u00e6rksted i Odense med mange kompetencer inden for VW<\/span><\/h2>\n<p><span style=\"font-weight: 400;\">P\u00e5 alle vores v\u00e6rksteder bruger vi kun det nyeste udstyr til at diagnosticere din bil, som vi bruger sammen med vores tekniske ekspertise og h\u00e5ndv\u00e6rksm\u00e6ssige erfaring til at f\u00e5 din bil til at k\u00f8re optimalt. <\/span><\/p>\n<p><span style=\"font-weight: 400;\">Med vores testere og vores \u00f8vrige avancerede udstyr har vi mulighed for at opdatere de digitale systemer og foretage reparationer p\u00e5 alle bilens dele \u2013 inklusiv batteriet, hvis du er en af de mange danske bilister, der k\u00f8rer elbil fra VW.\u00a0<\/span>[\/vc_column_text][vc_empty_space height=&#8221;40px&#8221;]<a  itemprop=\"url\" href=\"https:\/\/ketner.dk\/odense\/servicebooking\/\" target=\"_self\"  class=\"qbutton  default\" style=\"margin: 0 20px 0 0; \">Book tid<i class=\"qodef-icon-dripicons dripicon dripicons-chevron-right qode_button_icon_element\" style=\"\" ><\/i><\/a><a id=\"bliv-ringet-op\" itemprop=\"url\" href=\"#\" target=\"_self\"  class=\"qbutton  white default\" style=\"margin: 0 20px 0 0; \">Bliv ringet op<i class=\"qodef-icon-dripicons dripicon dripicons-chevron-right qode_button_icon_element\" style=\"\" ><\/i><\/a>[\/vc_column][\/vc_row][vc_row css_animation=&#8221;&#8221; row_type=&#8221;row&#8221; use_row_as_full_screen_section=&#8221;no&#8221; type=&#8221;grid&#8221; angled_section=&#8221;no&#8221; text_align=&#8221;center&#8221; background_image_as_pattern=&#8221;without_pattern&#8221; el_class=&#8221;padding80&#8243; css=&#8221;.vc_custom_1609935864894{background-color: #002a3b !important;}&#8221; z_index=&#8221;&#8221;][vc_column][vc_row_inner row_type=&#8221;row&#8221; type=&#8221;full_width&#8221; text_align=&#8221;left&#8221; css_animation=&#8221;&#8221;][vc_column_inner width=&#8221;1\/2&#8243; offset=&#8221;vc_col-md-3&#8243;]        \n        <div class=\"icon_text\">\n            <div class=\"icon_text_image\">\n                <img width=\"36\" height=\"36\" src=\"https:\/\/ketner.dk\/odense\/wp-content\/uploads\/2021\/01\/icons-white-tools.svg\" class=\"attachment-full size-full\" alt=\"\" srcset=\"https:\/\/ketner.dk\/odense\/wp-content\/uploads\/sites\/11\/\/2021\/01\/icons-white-tools.svg 150w, https:\/\/ketner.dk\/odense\/wp-content\/uploads\/sites\/11\/\/2021\/01\/icons-white-tools.svg 300w, https:\/\/ketner.dk\/odense\/wp-content\/uploads\/sites\/11\/\/2021\/01\/icons-white-tools.svg 1024w, https:\/\/ketner.dk\/odense\/wp-content\/uploads\/sites\/11\/\/2021\/01\/icons-white-tools.svg 36w\" sizes=\"(max-width: 36px) 100vw, 36px\" \/>            <\/div>\n            <div class=\"icon_text_content\">\n                <h3>Professionelt<\/h3>\n                <p>Nyeste og mest avancerede udstyr indenfor autobranchen.<\/p>\n            <\/div>\n        <\/div>\n\n        [\/vc_column_inner][vc_column_inner width=&#8221;1\/2&#8243; offset=&#8221;vc_col-md-3&#8243;]        \n        <div class=\"icon_text\">\n            <div class=\"icon_text_image\">\n                <img width=\"36\" height=\"36\" src=\"https:\/\/ketner.dk\/odense\/wp-content\/uploads\/2021\/01\/icons-white-car.svg\" class=\"attachment-full size-full\" alt=\"\" srcset=\"https:\/\/ketner.dk\/odense\/wp-content\/uploads\/sites\/11\/\/2021\/01\/icons-white-car.svg 150w, https:\/\/ketner.dk\/odense\/wp-content\/uploads\/sites\/11\/\/2021\/01\/icons-white-car.svg 300w, https:\/\/ketner.dk\/odense\/wp-content\/uploads\/sites\/11\/\/2021\/01\/icons-white-car.svg 1024w, https:\/\/ketner.dk\/odense\/wp-content\/uploads\/sites\/11\/\/2021\/01\/icons-white-car.svg 36w\" sizes=\"(max-width: 36px) 100vw, 36px\" \/>            <\/div>\n            <div class=\"icon_text_content\">\n                <h3>Altid l\u00e5nebil<\/h3>\n                <p>Vi har en bil klar til dig, s\u00e5 du er k\u00f8rende, mens din bil er p\u00e5 v\u00e6rksted.<\/p>\n            <\/div>\n        <\/div>\n\n        [\/vc_column_inner][vc_column_inner width=&#8221;1\/2&#8243; offset=&#8221;vc_col-md-3&#8243;]        \n        <div class=\"icon_text\">\n            <div class=\"icon_text_image\">\n                <img width=\"36\" height=\"36\" src=\"https:\/\/ketner.dk\/odense\/wp-content\/uploads\/2021\/01\/icons-white-list.svg\" class=\"attachment-full size-full\" alt=\"\" srcset=\"https:\/\/ketner.dk\/odense\/wp-content\/uploads\/sites\/11\/\/2021\/01\/icons-white-list.svg 150w, https:\/\/ketner.dk\/odense\/wp-content\/uploads\/sites\/11\/\/2021\/01\/icons-white-list.svg 300w, https:\/\/ketner.dk\/odense\/wp-content\/uploads\/sites\/11\/\/2021\/01\/icons-white-list.svg 1024w, https:\/\/ketner.dk\/odense\/wp-content\/uploads\/sites\/11\/\/2021\/01\/icons-white-list.svg 36w\" sizes=\"(max-width: 36px) 100vw, 36px\" \/>            <\/div>\n            <div class=\"icon_text_content\">\n                <h3>SOS Vejhj\u00e6lp<\/h3>\n                <p>Gratis vejhj\u00e6lp efter 1. serviceeftersyn<\/p>\n            <\/div>\n        <\/div>\n\n        [\/vc_column_inner][vc_column_inner width=&#8221;1\/2&#8243; offset=&#8221;vc_col-md-3&#8243;]        \n        <div class=\"icon_text\">\n            <div class=\"icon_text_image\">\n                <img width=\"36\" height=\"36\" src=\"https:\/\/ketner.dk\/odense\/wp-content\/uploads\/2021\/01\/icons-white-time-calendar.svg\" class=\"attachment-full size-full\" alt=\"\" srcset=\"https:\/\/ketner.dk\/odense\/wp-content\/uploads\/sites\/11\/\/2021\/01\/icons-white-time-calendar.svg 150w, https:\/\/ketner.dk\/odense\/wp-content\/uploads\/sites\/11\/\/2021\/01\/icons-white-time-calendar.svg 300w, https:\/\/ketner.dk\/odense\/wp-content\/uploads\/sites\/11\/\/2021\/01\/icons-white-time-calendar.svg 1024w, https:\/\/ketner.dk\/odense\/wp-content\/uploads\/sites\/11\/\/2021\/01\/icons-white-time-calendar.svg 36w\" sizes=\"(max-width: 36px) 100vw, 36px\" \/>            <\/div>\n            <div class=\"icon_text_content\">\n                <h3>Kort ventetid<\/h3>\n                <p>Her f\u00e5r du hurtig service, s\u00e5 du ikke skal undv\u00e6re din bil i l\u00e6ngere tid.<\/p>\n            <\/div>\n        <\/div>\n\n        [\/vc_column_inner][\/vc_row_inner][vc_empty_space height=&#8221;40px&#8221;][\/vc_column][\/vc_row][vc_row css_animation=&#8221;&#8221; row_type=&#8221;row&#8221; use_row_as_full_screen_section=&#8221;no&#8221; type=&#8221;grid&#8221; angled_section=&#8221;no&#8221; text_align=&#8221;left&#8221; background_image_as_pattern=&#8221;without_pattern&#8221; el_class=&#8221;padding80&#8243; css=&#8221;.vc_custom_1611736988930{background-color: #fffffe !important;}&#8221; z_index=&#8221;&#8221;][vc_column][vc_column_text]<\/p>\n<h3><span style=\"font-weight: 400;\">Vi tager dit v\u00e6rkstedsbes\u00f8g alvorligt gennem en personlig tilgang<\/span><\/h3>\n<p><span style=\"font-weight: 400;\">Hos Ketner vil vi gerne v\u00e6re forrest i feltet med hensyn til at v\u00e6re dit lokale v\u00e6rksted til biler fra VW, og det kr\u00e6ver naturligvis, at vi har vores viden og teknologi i orden. Vi har allerede forn\u00f8jelsen af, at have mange trofaste kunder, som nyder godt af, at vi kan tage os af bilen uden ventetid og levere en yderst personlig service, hvor vi tager os tid til at give vores kunder en god oplevelse \u2013 uden at det kan ses p\u00e5 v\u00e6rkstedsregningen.<\/span><\/p>\n<h3><span style=\"font-weight: 400;\">Kontakt os, hvis vi ogs\u00e5 skal servicere din Volkswagen<\/span><\/h3>\n<p><span style=\"font-weight: 400;\">Book tid og f\u00e5 prisen p\u00e5 din VW-service p\u00e5 vores v\u00e6rksted i Odense med det samme. Eller ring til os i dag for at blive godt k\u00f8rende igen med det samme.<\/span>[\/vc_column_text][vc_empty_space height=&#8221;40px&#8221;]<a  itemprop=\"url\" href=\"https:\/\/ketner.dk\/odense\/servicebooking\/\" target=\"_self\"  class=\"qbutton  default\" style=\"margin: 0 20px 0 0; \">Book tid<i class=\"qodef-icon-dripicons dripicon dripicons-chevron-right qode_button_icon_element\" style=\"\" ><\/i><\/a><a id=\"bliv-ringet-op\" itemprop=\"url\" href=\"#\" target=\"_self\"  class=\"qbutton  white default\" style=\"margin: 0 20px 0 0; \">Bliv ringet op<i class=\"qodef-icon-dripicons dripicon dripicons-chevron-right qode_button_icon_element\" style=\"\" ><\/i><\/a>[\/vc_column][\/vc_row]<\/p>\n","protected":false},"excerpt":{"rendered":"<p>[vc_row css_animation=&#8221;&#8221; row_type=&#8221;row&#8221; use_row_as_full_screen_section=&#8221;no&#8221; type=&#8221;grid&#8221; angled_section=&#8221;no&#8221; text_align=&#8221;left&#8221; background_image_as_pattern=&#8221;without_pattern&#8221; el_class=&#8221;equal-height align-center&#8221; z_index=&#8221;&#8221; css=&#8221;.vc_custom_1611743526268{background-color: #fffffe !important;}&#8221;][vc_column el_class=&#8221;padding80 paddingright&#8221; offset=&#8221;vc_col-md-6&#8243;][vc_column_text] Uafh\u00e6ngigt v\u00e6rksted i Odense med omfattende speciale i VW Hos Ketner har vi specialiseret os i at drive et moderne v\u00e6rksted, hvor vi kan tage os af alt,&#8230;<\/p>\n","protected":false},"author":1,"featured_media":0,"parent":990,"menu_order":0,"comment_status":"closed","ping_status":"closed","template":"full_width.php","meta":[],"acf":[],"meta_title":"Frit v\u00e6rksted i Odense med speciale i alle biler fra VW | Ketner","meta_description":"Oplev de mange fordele ved at bes\u00f8ge et uafh\u00e6ngigt v\u00e6rksted med h\u00e5ndv\u00e6rk i h\u00f8j kvalitet og uden ventetid. L\u00e6s om vores specialer og book en tid i dag.","focus_keyword":"","parent_slug":"service","vc_single_images":[{"id":490,"url":"https:\/\/ketner.dk\/odense\/wp-content\/uploads\/2021\/02\/VW.jpg"}],"_links":{"self":[{"href":"https:\/\/ketner.dk\/odense\/wp-json\/wp\/v2\/pages\/2146"}],"collection":[{"href":"https:\/\/ketner.dk\/odense\/wp-json\/wp\/v2\/pages"}],"about":[{"href":"https:\/\/ketner.dk\/odense\/wp-json\/wp\/v2\/types\/page"}],"author":[{"embeddable":true,"href":"https:\/\/ketner.dk\/odense\/wp-json\/wp\/v2\/users\/1"}],"replies":[{"embeddable":true,"href":"https:\/\/ketner.dk\/odense\/wp-json\/wp\/v2\/comments?post=2146"}],"version-history":[{"count":9,"href":"https:\/\/ketner.dk\/odense\/wp-json\/wp\/v2\/pages\/2146\/revisions"}],"predecessor-version":[{"id":4614,"href":"https:\/\/ketner.dk\/odense\/wp-json\/wp\/v2\/pages\/2146\/revisions\/4614"}],"up":[{"embeddable":true,"href":"https:\/\/ketner.dk\/odense\/wp-json\/wp\/v2\/pages\/990"}],"wp:attachment":[{"href":"https:\/\/ketner.dk\/odense\/wp-json\/wp\/v2\/media?parent=2146"}],"curies":[{"name":"wp","href":"https:\/\/api.w.org\/{rel}","templated":true}]}}