{"id":2341,"date":"2021-09-08T08:33:15","date_gmt":"2021-09-08T08:33:15","guid":{"rendered":"https:\/\/lazzatest.dk\/ketner\/?page_id=2341"},"modified":"2026-02-16T13:21:03","modified_gmt":"2026-02-16T12:21:03","slug":"ford","status":"publish","type":"page","link":"https:\/\/ketner.dk\/odense\/specialer\/service\/ford\/","title":{"rendered":"Ford service"},"content":{"rendered":"<p>[vc_row css_animation=&#8221;&#8221; row_type=&#8221;row&#8221; use_row_as_full_screen_section=&#8221;no&#8221; type=&#8221;grid&#8221; angled_section=&#8221;no&#8221; text_align=&#8221;left&#8221; background_image_as_pattern=&#8221;without_pattern&#8221; el_class=&#8221;equal-height align-center&#8221; z_index=&#8221;&#8221; css=&#8221;.vc_custom_1611743526268{background-color: #fffffe !important;}&#8221;][vc_column el_class=&#8221;padding80 paddingright&#8221; offset=&#8221;vc_col-md-6&#8243;][vc_column_text]<\/p>\n<h1>Moderne autov\u00e6rksted med professionel service af Ford<\/h1>\n<p>Ketner er et autov\u00e6rksted, hvor kvaliteten er i h\u00f8js\u00e6det. Vores fokus ligger altid p\u00e5 at give dig en hurtig men professionel og korrekt reparation af din bil, s\u00e5 du f\u00e5r en nem og god oplevelse med at have din bil p\u00e5 v\u00e6rksted. Vi ved nemlig, at det kan bekymre mange, hvis bilen begynder at sige underlige lyde eller ikke k\u00f8rer s\u00e5 let, som den plejer.<\/p>\n<p>Hos Ketner er der ikke grund til bekymringer. Svinger du forbi os til service af din Ford, vil vi altid kigge p\u00e5 din bil med det samme, s\u00e5 vi kommer til bunds i problemet. Vi fejlfinder og diagnosticerer altid, inden vi foretager os nogen form for reparation, og pr\u00e6senterer naturligvis dig med en samlet pris.<\/p>\n<p>Skal vi beholde din bil, tilbyder vi dig en l\u00e5nebil, s\u00e5 du nemt og hurtigt kan komme omkring og helt glemmer, at din egen er p\u00e5 v\u00e6rksted. Kontakt os i dag eller kig forbi \u2013 vores mekanikerteam st\u00e5r klar til at tage sig af et serviceeftersyn af din Ford.[\/vc_column_text][vc_empty_space height=&#8221;40px&#8221;]<a  itemprop=\"url\" href=\"https:\/\/ketner.dk\/odense\/servicebooking\/\" target=\"_self\"  class=\"qbutton  default\" style=\"margin: 0 20px 0 0; \">Book tid<i class=\"qodef-icon-dripicons dripicon dripicons-chevron-right qode_button_icon_element\" style=\"\" ><\/i><\/a><a id=\"bliv-ringet-op\" itemprop=\"url\" href=\"#\" target=\"_self\"  class=\"qbutton  white default\" style=\"margin: 0 20px 0 0; \">Bliv ringet op<i class=\"qodef-icon-dripicons dripicon dripicons-chevron-right qode_button_icon_element\" style=\"\" ><\/i><\/a>[vc_empty_space height=&#8221;40px&#8221;][\/vc_column][vc_column offset=&#8221;vc_col-md-6&#8243;][vc_single_image image=&#8221;341&#8243; img_size=&#8221;full&#8221; style=&#8221;vc_box_rounded&#8221; qode_css_animation=&#8221;&#8221;][vc_empty_space height=&#8221;40px&#8221;][\/vc_column][\/vc_row][vc_row css_animation=&#8221;&#8221; row_type=&#8221;row&#8221; use_row_as_full_screen_section=&#8221;no&#8221; type=&#8221;grid&#8221; angled_section=&#8221;no&#8221; text_align=&#8221;left&#8221; background_image_as_pattern=&#8221;without_pattern&#8221; z_index=&#8221;&#8221; background_color=&#8221;#ffffff&#8221; el_class=&#8221;padding80&#8243; css=&#8221;.vc_custom_1630051197043{padding-top: 0px !important;}&#8221;][vc_column width=&#8221;1\/2&#8243; offset=&#8221;vc_col-md-4&#8243;]            <a href=\"https:\/\/ketner.dk\/odense\/specialer\/el-og-hybridbiler\/\">\n                <div class=\"linkbox\" style=\"background-color: #ffffff;\">\n                    <div class=\"linkbox_content\">\n                        <h4 style=\"color: ;\">El- og hybridbiler<\/h4>\n                        <p style=\"color: ;\"><\/p>\n                    <\/div>\n                    <div class=\"linkbox_icon\">\n                        <i class=\"fa fa-angle-right\" style=\"color: ;\"><\/i>\n                    <\/div>\n                <\/div>\n            <\/a>\n            [\/vc_column][vc_column width=&#8221;1\/2&#8243; offset=&#8221;vc_col-md-4&#8243;]            <a href=\"https:\/\/ketner.dk\/odense\/specialer\/skadecenter\/\">\n                <div class=\"linkbox\" style=\"background-color: #ffffff;\">\n                    <div class=\"linkbox_content\">\n                        <h4 style=\"color: ;\">Skadecenter<\/h4>\n                        <p style=\"color: ;\"><\/p>\n                    <\/div>\n                    <div class=\"linkbox_icon\">\n                        <i class=\"fa fa-angle-right\" style=\"color: ;\"><\/i>\n                    <\/div>\n                <\/div>\n            <\/a>\n            [\/vc_column][vc_column width=&#8221;1\/2&#8243; offset=&#8221;vc_col-md-4&#8243;]            <a href=\"https:\/\/ketner.dk\/odense\/specialer\/\">\n                <div class=\"linkbox\" style=\"background-color: #ffffff;\">\n                    <div class=\"linkbox_content\">\n                        <h4 style=\"color: ;\">Se vores specialer<\/h4>\n                        <p style=\"color: ;\"><\/p>\n                    <\/div>\n                    <div class=\"linkbox_icon\">\n                        <i class=\"fa fa-angle-right\" style=\"color: ;\"><\/i>\n                    <\/div>\n                <\/div>\n            <\/a>\n            [\/vc_column][\/vc_row][vc_row css_animation=&#8221;&#8221; row_type=&#8221;row&#8221; use_row_as_full_screen_section=&#8221;no&#8221; type=&#8221;grid&#8221; angled_section=&#8221;no&#8221; text_align=&#8221;left&#8221; background_image_as_pattern=&#8221;without_pattern&#8221; el_class=&#8221;padding80 equal-height align-center&#8221; css=&#8221;.vc_custom_1611737133965{background-color: #f0f0f0 !important;}&#8221; z_index=&#8221;&#8221;][vc_column offset=&#8221;vc_col-md-6&#8243;]        \n        <div class=\"image_grid-wrapper\">\n            <div class=\"image_grid\">\n                <div class=\"image_grid_item\"><img width=\"1200\" height=\"798\" src=\"https:\/\/ketner.dk\/odense\/wp-content\/uploads\/2021\/01\/Ford-logo.jpg\" class=\"attachment-full size-full\" alt=\"\" srcset=\"https:\/\/ketner.dk\/odense\/wp-content\/uploads\/sites\/11\/2021\/01\/Ford-logo.jpg 1200w, https:\/\/ketner.dk\/odense\/wp-content\/uploads\/sites\/11\/2021\/01\/Ford-logo-300x200.jpg 300w, https:\/\/ketner.dk\/odense\/wp-content\/uploads\/sites\/11\/2021\/01\/Ford-logo-1024x681.jpg 1024w, https:\/\/ketner.dk\/odense\/wp-content\/uploads\/sites\/11\/2021\/01\/Ford-logo-768x511.jpg 768w, https:\/\/ketner.dk\/odense\/wp-content\/uploads\/sites\/11\/2021\/01\/Ford-logo-700x466.jpg 700w\" sizes=\"(max-width: 1200px) 100vw, 1200px\" \/><\/div><div class=\"image_grid_item\"><img width=\"1200\" height=\"794\" src=\"https:\/\/ketner.dk\/odense\/wp-content\/uploads\/2021\/01\/Ford.jpg\" class=\"attachment-full size-full\" alt=\"\" srcset=\"https:\/\/ketner.dk\/odense\/wp-content\/uploads\/sites\/11\/2021\/01\/Ford.jpg 1200w, https:\/\/ketner.dk\/odense\/wp-content\/uploads\/sites\/11\/2021\/01\/Ford-300x199.jpg 300w, https:\/\/ketner.dk\/odense\/wp-content\/uploads\/sites\/11\/2021\/01\/Ford-1024x678.jpg 1024w, https:\/\/ketner.dk\/odense\/wp-content\/uploads\/sites\/11\/2021\/01\/Ford-768x508.jpg 768w, https:\/\/ketner.dk\/odense\/wp-content\/uploads\/sites\/11\/2021\/01\/Ford-700x463.jpg 700w\" sizes=\"(max-width: 1200px) 100vw, 1200px\" \/><\/div><div class=\"image_grid_item\"><img width=\"1200\" height=\"800\" src=\"https:\/\/ketner.dk\/odense\/wp-content\/uploads\/2021\/01\/Ford-baglygte.jpg\" class=\"attachment-full size-full\" alt=\"\" srcset=\"https:\/\/ketner.dk\/odense\/wp-content\/uploads\/sites\/11\/2021\/01\/Ford-baglygte.jpg 1200w, https:\/\/ketner.dk\/odense\/wp-content\/uploads\/sites\/11\/2021\/01\/Ford-baglygte-300x200.jpg 300w, https:\/\/ketner.dk\/odense\/wp-content\/uploads\/sites\/11\/2021\/01\/Ford-baglygte-1024x683.jpg 1024w, https:\/\/ketner.dk\/odense\/wp-content\/uploads\/sites\/11\/2021\/01\/Ford-baglygte-768x512.jpg 768w, https:\/\/ketner.dk\/odense\/wp-content\/uploads\/sites\/11\/2021\/01\/Ford-baglygte-700x467.jpg 700w\" sizes=\"(max-width: 1200px) 100vw, 1200px\" \/><\/div>            <\/div>\n        <\/div>\n\n        [vc_empty_space height=&#8221;40px&#8221;][\/vc_column][vc_column el_class=&#8221;paddingleft&#8221; offset=&#8221;vc_col-md-6&#8243;][vc_column_text]<\/p>\n<h2>Du bevarer fabriksgarantien, n\u00e5r du har din Ford til serviceeftersyn hos Ketner<\/h2>\n<p>Mange tror fejlagtigt, at det kun er p\u00e5 m\u00e6rkev\u00e6rksteder, at man kan bevare sin fabriksgaranti. Hos Ketner udf\u00f8rer vi Ford-service helt efter fabrikkens forskrifter, og netop derfor kan du bevare fabriksgarantien. Vi bruger naturligvis ogs\u00e5 reservedele af fuldst\u00e6ndigt samme og gode kvalitet, som dem, din bil er produceret med.<\/p>\n<p>Flere af vores mekanikere er efteruddannede hos Bosch Danmark, og det betyder, at de er uddannet i alt, hvad der r\u00f8r sig inden for branchen. De har ogs\u00e5 helt styr p\u00e5 betjeningen af det avancerede udstyr, som vi bruger p\u00e5 vores v\u00e6rksteder \u2013 og faktisk er flere specialister i Ford, s\u00e5 du kan trygt overlevere din Ford til service hos os.[\/vc_column_text][vc_empty_space height=&#8221;40px&#8221;]<a  itemprop=\"url\" href=\"https:\/\/ketner.dk\/odense\/servicebooking\/\" target=\"_self\"  class=\"qbutton  default\" style=\"margin: 0 20px 0 0; \">Book tid<i class=\"qodef-icon-dripicons dripicon dripicons-chevron-right qode_button_icon_element\" style=\"\" ><\/i><\/a><a id=\"bliv-ringet-op\" itemprop=\"url\" href=\"#\" target=\"_self\"  class=\"qbutton  white default\" style=\"margin: 0 20px 0 0; \">Bliv ringet op<i class=\"qodef-icon-dripicons dripicon dripicons-chevron-right qode_button_icon_element\" style=\"\" ><\/i><\/a>[\/vc_column][\/vc_row][vc_row css_animation=&#8221;&#8221; row_type=&#8221;row&#8221; use_row_as_full_screen_section=&#8221;no&#8221; type=&#8221;grid&#8221; angled_section=&#8221;no&#8221; text_align=&#8221;center&#8221; background_image_as_pattern=&#8221;without_pattern&#8221; el_class=&#8221;padding80&#8243; css=&#8221;.vc_custom_1609935864894{background-color: #002a3b !important;}&#8221; z_index=&#8221;&#8221;][vc_column][vc_row_inner row_type=&#8221;row&#8221; type=&#8221;full_width&#8221; text_align=&#8221;left&#8221; css_animation=&#8221;&#8221;][vc_column_inner width=&#8221;1\/2&#8243; offset=&#8221;vc_col-md-3&#8243;]        \n        <div class=\"icon_text\">\n            <div class=\"icon_text_image\">\n                <img width=\"36\" height=\"36\" src=\"https:\/\/ketner.dk\/odense\/wp-content\/uploads\/2021\/01\/icons-white-tools.svg\" class=\"attachment-full size-full\" alt=\"\" srcset=\"https:\/\/ketner.dk\/odense\/wp-content\/uploads\/sites\/11\/\/2021\/01\/icons-white-tools.svg 150w, https:\/\/ketner.dk\/odense\/wp-content\/uploads\/sites\/11\/\/2021\/01\/icons-white-tools.svg 300w, https:\/\/ketner.dk\/odense\/wp-content\/uploads\/sites\/11\/\/2021\/01\/icons-white-tools.svg 1024w, https:\/\/ketner.dk\/odense\/wp-content\/uploads\/sites\/11\/\/2021\/01\/icons-white-tools.svg 36w\" sizes=\"(max-width: 36px) 100vw, 36px\" \/>            <\/div>\n            <div class=\"icon_text_content\">\n                <h3>Professionelt<\/h3>\n                <p>Nyeste og mest avancerede udstyr indenfor autobranchen.<\/p>\n            <\/div>\n        <\/div>\n\n        [\/vc_column_inner][vc_column_inner width=&#8221;1\/2&#8243; offset=&#8221;vc_col-md-3&#8243;]        \n        <div class=\"icon_text\">\n            <div class=\"icon_text_image\">\n                <img width=\"36\" height=\"36\" src=\"https:\/\/ketner.dk\/odense\/wp-content\/uploads\/2021\/01\/icons-white-car.svg\" class=\"attachment-full size-full\" alt=\"\" srcset=\"https:\/\/ketner.dk\/odense\/wp-content\/uploads\/sites\/11\/\/2021\/01\/icons-white-car.svg 150w, https:\/\/ketner.dk\/odense\/wp-content\/uploads\/sites\/11\/\/2021\/01\/icons-white-car.svg 300w, https:\/\/ketner.dk\/odense\/wp-content\/uploads\/sites\/11\/\/2021\/01\/icons-white-car.svg 1024w, https:\/\/ketner.dk\/odense\/wp-content\/uploads\/sites\/11\/\/2021\/01\/icons-white-car.svg 36w\" sizes=\"(max-width: 36px) 100vw, 36px\" \/>            <\/div>\n            <div class=\"icon_text_content\">\n                <h3>F\u00e5 tilbudt l\u00e5nebil<\/h3>\n                <p>Vi har en bil klar til dig, s\u00e5 du er k\u00f8rende, mens din bil er p\u00e5 v\u00e6rksted.<\/p>\n            <\/div>\n        <\/div>\n\n        [\/vc_column_inner][vc_column_inner width=&#8221;1\/2&#8243; offset=&#8221;vc_col-md-3&#8243;]        \n        <div class=\"icon_text\">\n            <div class=\"icon_text_image\">\n                <img width=\"36\" height=\"36\" src=\"https:\/\/ketner.dk\/odense\/wp-content\/uploads\/2021\/01\/icons-white-list.svg\" class=\"attachment-full size-full\" alt=\"\" srcset=\"https:\/\/ketner.dk\/odense\/wp-content\/uploads\/sites\/11\/\/2021\/01\/icons-white-list.svg 150w, https:\/\/ketner.dk\/odense\/wp-content\/uploads\/sites\/11\/\/2021\/01\/icons-white-list.svg 300w, https:\/\/ketner.dk\/odense\/wp-content\/uploads\/sites\/11\/\/2021\/01\/icons-white-list.svg 1024w, https:\/\/ketner.dk\/odense\/wp-content\/uploads\/sites\/11\/\/2021\/01\/icons-white-list.svg 36w\" sizes=\"(max-width: 36px) 100vw, 36px\" \/>            <\/div>\n            <div class=\"icon_text_content\">\n                <h3>SOS Vejhj\u00e6lp<\/h3>\n                <p>Gratis vejhj\u00e6lp efter 1. serviceeftersyn<\/p>\n            <\/div>\n        <\/div>\n\n        [\/vc_column_inner][vc_column_inner width=&#8221;1\/2&#8243; offset=&#8221;vc_col-md-3&#8243;]        \n        <div class=\"icon_text\">\n            <div class=\"icon_text_image\">\n                <img width=\"36\" height=\"36\" src=\"https:\/\/ketner.dk\/odense\/wp-content\/uploads\/2021\/01\/icons-white-time-calendar.svg\" class=\"attachment-full size-full\" alt=\"\" srcset=\"https:\/\/ketner.dk\/odense\/wp-content\/uploads\/sites\/11\/\/2021\/01\/icons-white-time-calendar.svg 150w, https:\/\/ketner.dk\/odense\/wp-content\/uploads\/sites\/11\/\/2021\/01\/icons-white-time-calendar.svg 300w, https:\/\/ketner.dk\/odense\/wp-content\/uploads\/sites\/11\/\/2021\/01\/icons-white-time-calendar.svg 1024w, https:\/\/ketner.dk\/odense\/wp-content\/uploads\/sites\/11\/\/2021\/01\/icons-white-time-calendar.svg 36w\" sizes=\"(max-width: 36px) 100vw, 36px\" \/>            <\/div>\n            <div class=\"icon_text_content\">\n                <h3>Kort ventetid<\/h3>\n                <p>Her f\u00e5r du hurtig service, s\u00e5 du ikke skal undv\u00e6re din bil i l\u00e6ngere tid.<\/p>\n            <\/div>\n        <\/div>\n\n        [\/vc_column_inner][\/vc_row_inner][vc_empty_space height=&#8221;40px&#8221;]<a  itemprop=\"url\" href=\"https:\/\/ketner.dk\/odense\/find-vaerksted\/\" target=\"_self\"  class=\"qbutton  white default\" style=\"margin: 0 20px 0 0; \">Find dit n\u00e6rmeste autov\u00e6rksted<i class=\"qodef-icon-dripicons dripicon dripicons-chevron-right qode_button_icon_element\" style=\"\" ><\/i><\/a>[\/vc_column][\/vc_row][vc_row css_animation=&#8221;&#8221; row_type=&#8221;row&#8221; use_row_as_full_screen_section=&#8221;no&#8221; type=&#8221;grid&#8221; angled_section=&#8221;no&#8221; text_align=&#8221;left&#8221; background_image_as_pattern=&#8221;without_pattern&#8221; el_class=&#8221;padding80&#8243; css=&#8221;.vc_custom_1611736988930{background-color: #fffffe !important;}&#8221; z_index=&#8221;&#8221;][vc_column][vc_column_text]<\/p>\n<h2>Kontakt os i dag og book din tid<\/h2>\n<p>Er det tid til et serviceeftersyn? Kontakt os i dag, s\u00e5 planl\u00e6gger vi sammen en tid, hvor vores mekanikere kan kigge p\u00e5 din bil. Vi st\u00e5r altid klar til at hj\u00e6lpe dig, s\u00e5 din bil k\u00f8rer som smurt \u2013 hele dens levetid.<\/p>\n<p>Vi gl\u00e6der os til at se dig og din Ford p\u00e5 vores v\u00e6rksted.[\/vc_column_text][vc_empty_space height=&#8221;40px&#8221;]<a  itemprop=\"url\" href=\"https:\/\/ketner.dk\/odense\/servicebooking\/\" target=\"_self\"  class=\"qbutton  default\" style=\"margin: 0 20px 0 0; \">Book tid<i class=\"qodef-icon-dripicons dripicon dripicons-chevron-right qode_button_icon_element\" style=\"\" ><\/i><\/a><a id=\"bliv-ringet-op\" itemprop=\"url\" href=\"#\" target=\"_self\"  class=\"qbutton  white default\" style=\"margin: 0 20px 0 0; \">Bliv ringet op<i class=\"qodef-icon-dripicons dripicon dripicons-chevron-right qode_button_icon_element\" style=\"\" ><\/i><\/a>[\/vc_column][\/vc_row]<\/p>\n","protected":false},"excerpt":{"rendered":"<p>[vc_row css_animation=&#8221;&#8221; row_type=&#8221;row&#8221; use_row_as_full_screen_section=&#8221;no&#8221; type=&#8221;grid&#8221; angled_section=&#8221;no&#8221; text_align=&#8221;left&#8221; background_image_as_pattern=&#8221;without_pattern&#8221; el_class=&#8221;equal-height align-center&#8221; z_index=&#8221;&#8221; css=&#8221;.vc_custom_1611743526268{background-color: #fffffe !important;}&#8221;][vc_column el_class=&#8221;padding80 paddingright&#8221; offset=&#8221;vc_col-md-6&#8243;][vc_column_text] Moderne autov\u00e6rksted med professionel service af Ford Ketner er et autov\u00e6rksted, hvor kvaliteten er i h\u00f8js\u00e6det. Vores fokus ligger altid p\u00e5 at give dig en hurtig men professionel&#8230;<\/p>\n","protected":false},"author":1,"featured_media":0,"parent":990,"menu_order":0,"comment_status":"closed","ping_status":"closed","template":"full_width.php","meta":[],"acf":[],"meta_title":"Professionel service af Ford | Hurtig betjening | Ketner ","meta_description":"Er det tid til et serviceeftersyn? Kontakt os i dag og bestil din tid. Vores erfarne mekanikerteam st\u00e5r klar til at servicere og reparere din Ford.","focus_keyword":"","parent_slug":"service","vc_single_images":[{"id":341,"url":"https:\/\/ketner.dk\/odense\/wp-content\/uploads\/2021\/01\/Ford-rat.jpg"}],"_links":{"self":[{"href":"https:\/\/ketner.dk\/odense\/wp-json\/wp\/v2\/pages\/2341"}],"collection":[{"href":"https:\/\/ketner.dk\/odense\/wp-json\/wp\/v2\/pages"}],"about":[{"href":"https:\/\/ketner.dk\/odense\/wp-json\/wp\/v2\/types\/page"}],"author":[{"embeddable":true,"href":"https:\/\/ketner.dk\/odense\/wp-json\/wp\/v2\/users\/1"}],"replies":[{"embeddable":true,"href":"https:\/\/ketner.dk\/odense\/wp-json\/wp\/v2\/comments?post=2341"}],"version-history":[{"count":7,"href":"https:\/\/ketner.dk\/odense\/wp-json\/wp\/v2\/pages\/2341\/revisions"}],"predecessor-version":[{"id":4635,"href":"https:\/\/ketner.dk\/odense\/wp-json\/wp\/v2\/pages\/2341\/revisions\/4635"}],"up":[{"embeddable":true,"href":"https:\/\/ketner.dk\/odense\/wp-json\/wp\/v2\/pages\/990"}],"wp:attachment":[{"href":"https:\/\/ketner.dk\/odense\/wp-json\/wp\/v2\/media?parent=2341"}],"curies":[{"name":"wp","href":"https:\/\/api.w.org\/{rel}","templated":true}]}}