{"id":2354,"date":"2021-09-08T09:15:37","date_gmt":"2021-09-08T09:15:37","guid":{"rendered":"https:\/\/lazzatest.dk\/ketner\/?page_id=2354"},"modified":"2026-02-16T15:16:48","modified_gmt":"2026-02-16T14:16:48","slug":"nissan","status":"publish","type":"page","link":"https:\/\/ketner.dk\/odense\/specialer\/service\/nissan\/","title":{"rendered":"Nissan service"},"content":{"rendered":"<p>[vc_row css_animation=&#8221;&#8221; row_type=&#8221;row&#8221; use_row_as_full_screen_section=&#8221;no&#8221; type=&#8221;grid&#8221; angled_section=&#8221;no&#8221; text_align=&#8221;left&#8221; background_image_as_pattern=&#8221;without_pattern&#8221; el_class=&#8221;equal-height align-center&#8221; z_index=&#8221;&#8221; css=&#8221;.vc_custom_1611743526268{background-color: #fffffe !important;}&#8221;][vc_column el_class=&#8221;padding80 paddingright&#8221; offset=&#8221;vc_col-md-6&#8243;][vc_column_text]<\/p>\n<h1>Professionel service af Nissan<\/h1>\n<p>Er det tid til det \u00e5rlige serviceeftersyn af din Nissan, eller lyser en lampe i instrumentbr\u00e6ttet? Vi ved, hvor frustrerende det kan v\u00e6re at opdage, at bilen ikke k\u00f8rer optimalt. Og m\u00e5ske synes du, at det er rigtigt ubelejligt, at din bil skal p\u00e5 v\u00e6rksted. Det er det ikke, hvis du afleverer den hos os.<\/p>\n<p>Vi arbejder altid p\u00e5 at g\u00f8re en v\u00e6rkstedsoplevelse, s\u00e5 nem som muligt for dig. Derfor kigger vi ofte p\u00e5 din bil med det samme og tilbyder dig en l\u00e5nebil, hvis det bliver n\u00f8dvendigt.<\/p>\n<p>Hos Ketner er vi flere specialister samlet under \u00e9t tag. Flere af vores teknikere har arbejdet og udf\u00f8rt service p\u00e5 Nissan i mange \u00e5r, og de har derfor helt styr p\u00e5, hvad de foretager sig. Faktisk t\u00f8r vi godt sige, at der ikke findes et problem, som vi ikke kan l\u00f8se.<\/p>\n<p>Ring til os og fort\u00e6l om dit problem, s\u00e5 tager vi godt imod dig og tager professionelt h\u00e5nd om din bil.[\/vc_column_text][vc_empty_space height=&#8221;40px&#8221;]<a  itemprop=\"url\" href=\"https:\/\/ketner.dk\/odense\/servicebooking\/\" target=\"_self\"  class=\"qbutton  default\" style=\"margin: 0 20px 0 0; \">Book tid<i class=\"qodef-icon-dripicons dripicon dripicons-chevron-right qode_button_icon_element\" style=\"\" ><\/i><\/a><a id=\"bliv-ringet-op\" itemprop=\"url\" href=\"#\" target=\"_self\"  class=\"qbutton  white default\" style=\"margin: 0 20px 0 0; \">Bliv ringet op<i class=\"qodef-icon-dripicons dripicon dripicons-chevron-right qode_button_icon_element\" style=\"\" ><\/i><\/a>[vc_empty_space height=&#8221;40px&#8221;][\/vc_column][vc_column offset=&#8221;vc_col-md-6&#8243;][vc_single_image image=&#8221;579&#8243; img_size=&#8221;full&#8221; style=&#8221;vc_box_rounded&#8221; qode_css_animation=&#8221;&#8221;][vc_empty_space height=&#8221;40px&#8221;][\/vc_column][\/vc_row][vc_row css_animation=&#8221;&#8221; row_type=&#8221;row&#8221; use_row_as_full_screen_section=&#8221;no&#8221; type=&#8221;grid&#8221; angled_section=&#8221;no&#8221; text_align=&#8221;left&#8221; background_image_as_pattern=&#8221;without_pattern&#8221; z_index=&#8221;&#8221; background_color=&#8221;#ffffff&#8221; el_class=&#8221;padding80&#8243; css=&#8221;.vc_custom_1630051197043{padding-top: 0px !important;}&#8221;][vc_column width=&#8221;1\/2&#8243; offset=&#8221;vc_col-md-4&#8243;]            <a href=\"https:\/\/ketner.dk\/odense\/specialer\/el-og-hybridbiler\/\">\n                <div class=\"linkbox\" style=\"background-color: #ffffff;\">\n                    <div class=\"linkbox_content\">\n                        <h4 style=\"color: ;\">El- og hybridbiler<\/h4>\n                        <p style=\"color: ;\"><\/p>\n                    <\/div>\n                    <div class=\"linkbox_icon\">\n                        <i class=\"fa fa-angle-right\" style=\"color: ;\"><\/i>\n                    <\/div>\n                <\/div>\n            <\/a>\n            [\/vc_column][vc_column width=&#8221;1\/2&#8243; offset=&#8221;vc_col-md-4&#8243;]            <a href=\"https:\/\/ketner.dk\/odense\/specialer\/skadecenter\/\">\n                <div class=\"linkbox\" style=\"background-color: #ffffff;\">\n                    <div class=\"linkbox_content\">\n                        <h4 style=\"color: ;\">Skadecenter<\/h4>\n                        <p style=\"color: ;\"><\/p>\n                    <\/div>\n                    <div class=\"linkbox_icon\">\n                        <i class=\"fa fa-angle-right\" style=\"color: ;\"><\/i>\n                    <\/div>\n                <\/div>\n            <\/a>\n            [\/vc_column][vc_column width=&#8221;1\/2&#8243; offset=&#8221;vc_col-md-4&#8243;]            <a href=\"https:\/\/ketner.dk\/odense\/specialer\/\">\n                <div class=\"linkbox\" style=\"background-color: #ffffff;\">\n                    <div class=\"linkbox_content\">\n                        <h4 style=\"color: ;\">Se vores specialer<\/h4>\n                        <p style=\"color: ;\"><\/p>\n                    <\/div>\n                    <div class=\"linkbox_icon\">\n                        <i class=\"fa fa-angle-right\" style=\"color: ;\"><\/i>\n                    <\/div>\n                <\/div>\n            <\/a>\n            [\/vc_column][\/vc_row][vc_row css_animation=&#8221;&#8221; row_type=&#8221;row&#8221; use_row_as_full_screen_section=&#8221;no&#8221; type=&#8221;grid&#8221; angled_section=&#8221;no&#8221; text_align=&#8221;left&#8221; background_image_as_pattern=&#8221;without_pattern&#8221; el_class=&#8221;padding80 equal-height align-center&#8221; css=&#8221;.vc_custom_1611737133965{background-color: #f0f0f0 !important;}&#8221; z_index=&#8221;&#8221;][vc_column offset=&#8221;vc_col-md-6&#8243;]        \n        <div class=\"image_grid-wrapper\">\n            <div class=\"image_grid\">\n                <div class=\"image_grid_item\"><img width=\"1200\" height=\"800\" src=\"https:\/\/ketner.dk\/odense\/wp-content\/uploads\/2021\/02\/Nissan1.jpg\" class=\"attachment-full size-full\" alt=\"\" srcset=\"https:\/\/ketner.dk\/odense\/wp-content\/uploads\/sites\/11\/2021\/02\/Nissan1.jpg 1200w, https:\/\/ketner.dk\/odense\/wp-content\/uploads\/sites\/11\/2021\/02\/Nissan1-300x200.jpg 300w, https:\/\/ketner.dk\/odense\/wp-content\/uploads\/sites\/11\/2021\/02\/Nissan1-1024x683.jpg 1024w, https:\/\/ketner.dk\/odense\/wp-content\/uploads\/sites\/11\/2021\/02\/Nissan1-768x512.jpg 768w, https:\/\/ketner.dk\/odense\/wp-content\/uploads\/sites\/11\/2021\/02\/Nissan1-700x467.jpg 700w\" sizes=\"(max-width: 1200px) 100vw, 1200px\" \/><\/div><div class=\"image_grid_item\"><img width=\"1200\" height=\"800\" src=\"https:\/\/ketner.dk\/odense\/wp-content\/uploads\/2021\/02\/Nissan2.jpg\" class=\"attachment-full size-full\" alt=\"\" srcset=\"https:\/\/ketner.dk\/odense\/wp-content\/uploads\/sites\/11\/2021\/02\/Nissan2.jpg 1200w, https:\/\/ketner.dk\/odense\/wp-content\/uploads\/sites\/11\/2021\/02\/Nissan2-300x200.jpg 300w, https:\/\/ketner.dk\/odense\/wp-content\/uploads\/sites\/11\/2021\/02\/Nissan2-1024x683.jpg 1024w, https:\/\/ketner.dk\/odense\/wp-content\/uploads\/sites\/11\/2021\/02\/Nissan2-768x512.jpg 768w, https:\/\/ketner.dk\/odense\/wp-content\/uploads\/sites\/11\/2021\/02\/Nissan2-700x467.jpg 700w\" sizes=\"(max-width: 1200px) 100vw, 1200px\" \/><\/div><div class=\"image_grid_item\"><img width=\"1200\" height=\"900\" src=\"https:\/\/ketner.dk\/odense\/wp-content\/uploads\/2021\/02\/Nissan3.jpg\" class=\"attachment-full size-full\" alt=\"\" srcset=\"https:\/\/ketner.dk\/odense\/wp-content\/uploads\/sites\/11\/2021\/02\/Nissan3.jpg 1200w, https:\/\/ketner.dk\/odense\/wp-content\/uploads\/sites\/11\/2021\/02\/Nissan3-300x225.jpg 300w, https:\/\/ketner.dk\/odense\/wp-content\/uploads\/sites\/11\/2021\/02\/Nissan3-1024x768.jpg 1024w, https:\/\/ketner.dk\/odense\/wp-content\/uploads\/sites\/11\/2021\/02\/Nissan3-768x576.jpg 768w, https:\/\/ketner.dk\/odense\/wp-content\/uploads\/sites\/11\/2021\/02\/Nissan3-800x600.jpg 800w, https:\/\/ketner.dk\/odense\/wp-content\/uploads\/sites\/11\/2021\/02\/Nissan3-700x525.jpg 700w\" sizes=\"(max-width: 1200px) 100vw, 1200px\" \/><\/div>            <\/div>\n        <\/div>\n\n        [vc_empty_space height=&#8221;40px&#8221;][\/vc_column][vc_column el_class=&#8221;paddingleft&#8221; offset=&#8221;vc_col-md-6&#8243;][vc_column_text]<\/p>\n<h2>Du bevarer fabriksgarantien ved service af Nissan ved Ketner<\/h2>\n<p>Uanset om din Nissan st\u00e5r over for sit \u00e5rlige serviceeftersyn, eller der er problemer med bilen, bevarer du din fabriksgaranti, n\u00e5r du har den p\u00e5 v\u00e6rksted hos os. Vi fejlfinder, diagnosticer og reparerer nemlig helt efter fabrikkens forskrifter. Mange af vores teknikere er efteruddannede hos Bosch Danmark, og derfor besidder de kompetent og stor viden om de mange forskellige bilm\u00e6rker. Nogle er endda specifikt specialister i Nissan.<\/p>\n<p>P\u00e5 vores v\u00e6rksteder har vi branchens bedste og mest avancerede udstyr, s\u00e5 vi hurtigt og nemt kan opdatere din Nissan. Er det n\u00f8dvendigt med en st\u00f8rre reparation, udskifter vi naturligvis dine reservedele med nogle, der er af samme h\u00f8je kvalitet. Vi er ogs\u00e5 forhandlere af bilvarmere fra b\u00e5de Ebersp\u00e4cher og Webasto. P\u00e5 vores elv\u00e6rksted, er vores elektromekanikere specialister i montering og reparation af netop disse typer af varmere og kan derfor skr\u00e6ddersy den optimale l\u00f8sning til din Nissan.[\/vc_column_text][vc_empty_space height=&#8221;40px&#8221;]<a  itemprop=\"url\" href=\"https:\/\/ketner.dk\/odense\/servicebooking\/\" target=\"_self\"  class=\"qbutton  default\" style=\"margin: 0 20px 0 0; \">Book tid<i class=\"qodef-icon-dripicons dripicon dripicons-chevron-right qode_button_icon_element\" style=\"\" ><\/i><\/a><a id=\"bliv-ringet-op\" itemprop=\"url\" href=\"#\" target=\"_self\"  class=\"qbutton  white default\" style=\"margin: 0 20px 0 0; \">Bliv ringet op<i class=\"qodef-icon-dripicons dripicon dripicons-chevron-right qode_button_icon_element\" style=\"\" ><\/i><\/a>[\/vc_column][\/vc_row][vc_row css_animation=&#8221;&#8221; row_type=&#8221;row&#8221; use_row_as_full_screen_section=&#8221;no&#8221; type=&#8221;grid&#8221; angled_section=&#8221;no&#8221; text_align=&#8221;center&#8221; background_image_as_pattern=&#8221;without_pattern&#8221; el_class=&#8221;padding80&#8243; css=&#8221;.vc_custom_1609935864894{background-color: #002a3b !important;}&#8221; z_index=&#8221;&#8221;][vc_column][vc_row_inner row_type=&#8221;row&#8221; type=&#8221;full_width&#8221; text_align=&#8221;left&#8221; css_animation=&#8221;&#8221;][vc_column_inner width=&#8221;1\/2&#8243; offset=&#8221;vc_col-md-3&#8243;]        \n        <div class=\"icon_text\">\n            <div class=\"icon_text_image\">\n                <img width=\"36\" height=\"36\" src=\"https:\/\/ketner.dk\/odense\/wp-content\/uploads\/2021\/01\/icons-white-tools.svg\" class=\"attachment-full size-full\" alt=\"\" srcset=\"https:\/\/ketner.dk\/odense\/wp-content\/uploads\/sites\/11\/\/2021\/01\/icons-white-tools.svg 150w, https:\/\/ketner.dk\/odense\/wp-content\/uploads\/sites\/11\/\/2021\/01\/icons-white-tools.svg 300w, https:\/\/ketner.dk\/odense\/wp-content\/uploads\/sites\/11\/\/2021\/01\/icons-white-tools.svg 1024w, https:\/\/ketner.dk\/odense\/wp-content\/uploads\/sites\/11\/\/2021\/01\/icons-white-tools.svg 36w\" sizes=\"(max-width: 36px) 100vw, 36px\" \/>            <\/div>\n            <div class=\"icon_text_content\">\n                <h3>Professionelt<\/h3>\n                <p>Nyeste og mest avancerede udstyr indenfor autobranchen.<\/p>\n            <\/div>\n        <\/div>\n\n        [\/vc_column_inner][vc_column_inner width=&#8221;1\/2&#8243; offset=&#8221;vc_col-md-3&#8243;]        \n        <div class=\"icon_text\">\n            <div class=\"icon_text_image\">\n                <img width=\"36\" height=\"36\" src=\"https:\/\/ketner.dk\/odense\/wp-content\/uploads\/2021\/01\/icons-white-car.svg\" class=\"attachment-full size-full\" alt=\"\" srcset=\"https:\/\/ketner.dk\/odense\/wp-content\/uploads\/sites\/11\/\/2021\/01\/icons-white-car.svg 150w, https:\/\/ketner.dk\/odense\/wp-content\/uploads\/sites\/11\/\/2021\/01\/icons-white-car.svg 300w, https:\/\/ketner.dk\/odense\/wp-content\/uploads\/sites\/11\/\/2021\/01\/icons-white-car.svg 1024w, https:\/\/ketner.dk\/odense\/wp-content\/uploads\/sites\/11\/\/2021\/01\/icons-white-car.svg 36w\" sizes=\"(max-width: 36px) 100vw, 36px\" \/>            <\/div>\n            <div class=\"icon_text_content\">\n                <h3>F\u00e5 tilbudt l\u00e5nebil<\/h3>\n                <p>Vi har en bil klar til dig, s\u00e5 du er k\u00f8rende, mens din bil er p\u00e5 v\u00e6rksted.<\/p>\n            <\/div>\n        <\/div>\n\n        [\/vc_column_inner][vc_column_inner width=&#8221;1\/2&#8243; offset=&#8221;vc_col-md-3&#8243;]        \n        <div class=\"icon_text\">\n            <div class=\"icon_text_image\">\n                <img width=\"36\" height=\"36\" src=\"https:\/\/ketner.dk\/odense\/wp-content\/uploads\/2021\/01\/icons-white-list.svg\" class=\"attachment-full size-full\" alt=\"\" srcset=\"https:\/\/ketner.dk\/odense\/wp-content\/uploads\/sites\/11\/\/2021\/01\/icons-white-list.svg 150w, https:\/\/ketner.dk\/odense\/wp-content\/uploads\/sites\/11\/\/2021\/01\/icons-white-list.svg 300w, https:\/\/ketner.dk\/odense\/wp-content\/uploads\/sites\/11\/\/2021\/01\/icons-white-list.svg 1024w, https:\/\/ketner.dk\/odense\/wp-content\/uploads\/sites\/11\/\/2021\/01\/icons-white-list.svg 36w\" sizes=\"(max-width: 36px) 100vw, 36px\" \/>            <\/div>\n            <div class=\"icon_text_content\">\n                <h3>SOS Vejhj\u00e6lp<\/h3>\n                <p>Gratis vejhj\u00e6lp efter 1. serviceeftersyn<\/p>\n            <\/div>\n        <\/div>\n\n        [\/vc_column_inner][vc_column_inner width=&#8221;1\/2&#8243; offset=&#8221;vc_col-md-3&#8243;]        \n        <div class=\"icon_text\">\n            <div class=\"icon_text_image\">\n                <img width=\"36\" height=\"36\" src=\"https:\/\/ketner.dk\/odense\/wp-content\/uploads\/2021\/01\/icons-white-time-calendar.svg\" class=\"attachment-full size-full\" alt=\"\" srcset=\"https:\/\/ketner.dk\/odense\/wp-content\/uploads\/sites\/11\/\/2021\/01\/icons-white-time-calendar.svg 150w, https:\/\/ketner.dk\/odense\/wp-content\/uploads\/sites\/11\/\/2021\/01\/icons-white-time-calendar.svg 300w, https:\/\/ketner.dk\/odense\/wp-content\/uploads\/sites\/11\/\/2021\/01\/icons-white-time-calendar.svg 1024w, https:\/\/ketner.dk\/odense\/wp-content\/uploads\/sites\/11\/\/2021\/01\/icons-white-time-calendar.svg 36w\" sizes=\"(max-width: 36px) 100vw, 36px\" \/>            <\/div>\n            <div class=\"icon_text_content\">\n                <h3>Kort ventetid<\/h3>\n                <p>Her f\u00e5r du hurtig service, s\u00e5 du ikke skal undv\u00e6re din bil i l\u00e6ngere tid.<\/p>\n            <\/div>\n        <\/div>\n\n        [\/vc_column_inner][\/vc_row_inner][vc_empty_space height=&#8221;40px&#8221;]<a  itemprop=\"url\" href=\"https:\/\/ketner.dk\/odense\/find-vaerksted\/\" target=\"_self\"  class=\"qbutton  white default\" style=\"margin: 0 20px 0 0; \">Find dit n\u00e6rmeste autov\u00e6rksted<i class=\"qodef-icon-dripicons dripicon dripicons-chevron-right qode_button_icon_element\" style=\"\" ><\/i><\/a>[\/vc_column][\/vc_row][vc_row css_animation=&#8221;&#8221; row_type=&#8221;row&#8221; use_row_as_full_screen_section=&#8221;no&#8221; type=&#8221;grid&#8221; angled_section=&#8221;no&#8221; text_align=&#8221;left&#8221; background_image_as_pattern=&#8221;without_pattern&#8221; el_class=&#8221;padding80&#8243; css=&#8221;.vc_custom_1611736988930{background-color: #fffffe !important;}&#8221; z_index=&#8221;&#8221;][vc_column][vc_column_text]<\/p>\n<h3>F\u00e5 overblik over alle vores specialiserede ydelser<\/h3>\n<p>Hos Ketner finder du en r\u00e6kke ydelser, som du sj\u00e6ldent finder andre steder. Derfor er vi blandt de bedste til at hj\u00e6lpe dig med din Nissan p\u00e5 vores anerkendte v\u00e6rksted i Odense.<\/p>\n<p>Gennem menustrukturen \u00f8verst p\u00e5 siden kan du l\u00e6se om alt det, vi tilbyder \u2013 og er der noget i vejen med din bil, kan du altid bare ringe til os. Vi er sikre p\u00e5, at vi godt kan hj\u00e6lpe dig med at blive hurtigt k\u00f8rende igen.[\/vc_column_text][vc_empty_space height=&#8221;40px&#8221;]<a  itemprop=\"url\" href=\"https:\/\/ketner.dk\/odense\/servicebooking\/\" target=\"_self\"  class=\"qbutton  default\" style=\"margin: 0 20px 0 0; \">Book tid<i class=\"qodef-icon-dripicons dripicon dripicons-chevron-right qode_button_icon_element\" style=\"\" ><\/i><\/a><a id=\"bliv-ringet-op\" itemprop=\"url\" href=\"#\" target=\"_self\"  class=\"qbutton  white default\" style=\"margin: 0 20px 0 0; \">Bliv ringet op<i class=\"qodef-icon-dripicons dripicon dripicons-chevron-right qode_button_icon_element\" style=\"\" ><\/i><\/a>[\/vc_column][\/vc_row]<\/p>\n","protected":false},"excerpt":{"rendered":"<p>[vc_row css_animation=&#8221;&#8221; row_type=&#8221;row&#8221; use_row_as_full_screen_section=&#8221;no&#8221; type=&#8221;grid&#8221; angled_section=&#8221;no&#8221; text_align=&#8221;left&#8221; background_image_as_pattern=&#8221;without_pattern&#8221; el_class=&#8221;equal-height align-center&#8221; z_index=&#8221;&#8221; css=&#8221;.vc_custom_1611743526268{background-color: #fffffe !important;}&#8221;][vc_column el_class=&#8221;padding80 paddingright&#8221; offset=&#8221;vc_col-md-6&#8243;][vc_column_text] Professionel service af Nissan Er det tid til det \u00e5rlige serviceeftersyn af din Nissan, eller lyser en lampe i instrumentbr\u00e6ttet? Vi ved, hvor frustrerende det kan v\u00e6re at&#8230;<\/p>\n","protected":false},"author":1,"featured_media":0,"parent":990,"menu_order":0,"comment_status":"closed","ping_status":"closed","template":"full_width.php","meta":[],"acf":[],"meta_title":"Professionel service af Nissan | Kort ventetid | Ketner ","meta_description":"Vi udf\u00f8rer service og serviceeftersyn af Nissan. Vores dygtige teknikere st\u00e5r klar til hurtigt at fejlfinde, diagnosticere og reparere. Book tid i dag. ","focus_keyword":"","parent_slug":"service","vc_single_images":[{"id":579,"url":"https:\/\/ketner.dk\/odense\/wp-content\/uploads\/2021\/02\/Nissan4.jpg"}],"_links":{"self":[{"href":"https:\/\/ketner.dk\/odense\/wp-json\/wp\/v2\/pages\/2354"}],"collection":[{"href":"https:\/\/ketner.dk\/odense\/wp-json\/wp\/v2\/pages"}],"about":[{"href":"https:\/\/ketner.dk\/odense\/wp-json\/wp\/v2\/types\/page"}],"author":[{"embeddable":true,"href":"https:\/\/ketner.dk\/odense\/wp-json\/wp\/v2\/users\/1"}],"replies":[{"embeddable":true,"href":"https:\/\/ketner.dk\/odense\/wp-json\/wp\/v2\/comments?post=2354"}],"version-history":[{"count":9,"href":"https:\/\/ketner.dk\/odense\/wp-json\/wp\/v2\/pages\/2354\/revisions"}],"predecessor-version":[{"id":4668,"href":"https:\/\/ketner.dk\/odense\/wp-json\/wp\/v2\/pages\/2354\/revisions\/4668"}],"up":[{"embeddable":true,"href":"https:\/\/ketner.dk\/odense\/wp-json\/wp\/v2\/pages\/990"}],"wp:attachment":[{"href":"https:\/\/ketner.dk\/odense\/wp-json\/wp\/v2\/media?parent=2354"}],"curies":[{"name":"wp","href":"https:\/\/api.w.org\/{rel}","templated":true}]}}