{"id":330,"date":"2021-01-28T10:53:25","date_gmt":"2021-01-28T10:53:25","guid":{"rendered":"https:\/\/lazzatest.dk\/ketner\/?page_id=330"},"modified":"2024-02-21T16:05:56","modified_gmt":"2024-02-21T15:05:56","slug":"servicebooking","status":"publish","type":"page","link":"https:\/\/ketner.dk\/odense\/servicebooking\/","title":{"rendered":"Servicebooking"},"content":{"rendered":"<p>[vc_row css_animation=&#8221;&#8221; row_type=&#8221;row&#8221; use_row_as_full_screen_section=&#8221;no&#8221; type=&#8221;grid&#8221; angled_section=&#8221;no&#8221; text_align=&#8221;left&#8221; background_image_as_pattern=&#8221;without_pattern&#8221; el_class=&#8221;padding80&#8243; z_index=&#8221;&#8221;][vc_column][vc_row_inner row_type=&#8221;row&#8221; type=&#8221;full_width&#8221; text_align=&#8221;right&#8221; css_animation=&#8221;&#8221;][vc_column_inner][vc_column_text]<\/p>\n<h1 style=\"text-align: left;\">Servicebooking<\/h1>\n<p>[\/vc_column_text][\/vc_column_inner][\/vc_row_inner][vc_empty_space height=&#8221;40px&#8221;][vc_column_text]Tidsbestilling af service og reparation[\/vc_column_text][vc_empty_space height=&#8221;40px&#8221;][vc_column_text]<\/p>\n<h3>Service og reparation med pris<\/h3>\n<p>[\/vc_column_text][vc_empty_space height=&#8221;40px&#8221;]<a  itemprop=\"url\" href=\"https:\/\/ketner.dk\/odense\/bosch-booking\/#\/booking\/service\/list\" target=\"_self\"  class=\"qbutton  default\" style=\"\">Book nu<i class=\"qodef-icon-dripicons dripicon dripicons-chevron-right qode_button_icon_element\" style=\"\" ><\/i><\/a>[vc_empty_space height=&#8221;40px&#8221;][vc_column_text]<\/p>\n<h3 style=\"text-align: left;\">Anden service<\/h3>\n<p style=\"text-align: left;\">Tidsbestilling af \u00f8vrig service eller reparation uden prisangivelse<\/p>\n<p>[\/vc_column_text][vc_empty_space height=&#8221;40px&#8221;]        \n        <div class=\"box padding30\">\n            <div role=\"form\" class=\"wpcf7\" id=\"wpcf7-f11-o1\" lang=\"da-DK\" dir=\"ltr\">\n<div class=\"screen-reader-response\"><p role=\"status\" aria-live=\"polite\" aria-atomic=\"true\"><\/p> <ul><\/ul><\/div>\n<form action=\"\/odense\/wp-json\/wp\/v2\/pages\/330#wpcf7-f11-o1\" method=\"post\" class=\"wpcf7-form init cf7_custom_style_1\" novalidate=\"novalidate\" data-status=\"init\">\n<div style=\"display: none;\">\n<input type=\"hidden\" name=\"_wpcf7\" value=\"11\" \/>\n<input type=\"hidden\" name=\"_wpcf7_version\" value=\"5.5.3\" \/>\n<input type=\"hidden\" name=\"_wpcf7_locale\" value=\"da_DK\" \/>\n<input type=\"hidden\" name=\"_wpcf7_unit_tag\" value=\"wpcf7-f11-o1\" \/>\n<input type=\"hidden\" name=\"_wpcf7_container_post\" value=\"0\" \/>\n<input type=\"hidden\" name=\"_wpcf7_posted_data_hash\" value=\"\" \/>\n<input type=\"hidden\" name=\"_wpcf7_recaptcha_response\" value=\"\" \/>\n<\/div>\n<div class=\"vc_row wpb_row section vc_row-fluid vc_inner \">\n<div class=\" full_section_inner clearfix\">\n<div class=\"wpb_column vc_column_container vc_col-sm-6\">\n<div class=\"vc_column-inner\">\n<p><label> Nummerplade<br \/>\n    <span class=\"wpcf7-form-control-wrap your-plate\"><input type=\"text\" name=\"your-plate\" value=\"\" size=\"40\" class=\"wpcf7-form-control wpcf7-text wpcf7-validates-as-required\" aria-required=\"true\" aria-invalid=\"false\" placeholder=\"Nummerplade\" \/><\/span> <\/label><\/p>\n<p><label> Bil<br \/>\n    <span class=\"wpcf7-form-control-wrap your-car\"><input type=\"text\" name=\"your-car\" value=\"\" size=\"40\" class=\"wpcf7-form-control wpcf7-text wpcf7-validates-as-required\" aria-required=\"true\" aria-invalid=\"false\" placeholder=\"M\u00e6rke, model og \u00e5rgang\" \/><\/span> <\/label><\/p>\n<p><label> Antal km<br \/>\n    <span class=\"wpcf7-form-control-wrap your-km\"><input type=\"text\" name=\"your-km\" value=\"\" size=\"40\" class=\"wpcf7-form-control wpcf7-text wpcf7-validates-as-required\" aria-required=\"true\" aria-invalid=\"false\" placeholder=\"Antal k\u00f8rte km\" \/><\/span> <\/label><\/p>\n<p><label> \u00d8nsket dato<br \/>\n    <span class=\"wpcf7-form-control-wrap desired-date\"><input type=\"date\" name=\"desired-date\" value=\"\" class=\"wpcf7-form-control wpcf7-date wpcf7-validates-as-required wpcf7-validates-as-date\" aria-required=\"true\" aria-invalid=\"false\" placeholder=\"Klik for at v\u00e6lge\" \/><\/span> <\/label><\/p>\n<p><label> \u00d8nsket tidspunkt<br \/>\n    <span class=\"wpcf7-form-control-wrap desired-time\"><input type=\"text\" name=\"desired-time\" value=\"\" size=\"40\" class=\"wpcf7-form-control wpcf7-text wpcf7-validates-as-required\" aria-required=\"true\" aria-invalid=\"false\" placeholder=\"f.eks. 10:30\" \/><\/span> <\/label><\/p>\n<p><label> Alternativ dato<br \/>\n    <span class=\"wpcf7-form-control-wrap alternate-date\"><input type=\"date\" name=\"alternate-date\" value=\"\" class=\"wpcf7-form-control wpcf7-date wpcf7-validates-as-date\" aria-invalid=\"false\" placeholder=\"Klik for at v\u00e6lge\" \/><\/span> <\/label><\/p>\n<p><label> Alternativ tidspunkt<br \/>\n    <span class=\"wpcf7-form-control-wrap alternate-time\"><input type=\"text\" name=\"alternate-time\" value=\"\" size=\"40\" class=\"wpcf7-form-control wpcf7-text\" aria-invalid=\"false\" placeholder=\"f.eks. 12:00\" \/><\/span> <\/label><\/p>\n<\/div>\n<\/div>\n<div class=\"wpb_column vc_column_container vc_col-sm-6\">\n<div class=\"vc_column-inner\">\n<p><label> Navn<br \/>\n    <span class=\"wpcf7-form-control-wrap your-name\"><input type=\"text\" name=\"your-name\" value=\"\" size=\"40\" class=\"wpcf7-form-control wpcf7-text wpcf7-validates-as-required\" aria-required=\"true\" aria-invalid=\"false\" placeholder=\"Dit fulde navn\" \/><\/span> <\/label><\/p>\n<p><label> Tlf.nr.<br \/>\n    <span class=\"wpcf7-form-control-wrap your-phone\"><input type=\"tel\" name=\"your-phone\" value=\"\" size=\"40\" class=\"wpcf7-form-control wpcf7-text wpcf7-tel wpcf7-validates-as-required wpcf7-validates-as-tel\" aria-required=\"true\" aria-invalid=\"false\" placeholder=\"Dit telefonnummer\" \/><\/span> <\/label><\/p>\n<p><label> E-mail<br \/>\n    <span class=\"wpcf7-form-control-wrap your-email\"><input type=\"email\" name=\"your-email\" value=\"\" size=\"40\" class=\"wpcf7-form-control wpcf7-text wpcf7-email wpcf7-validates-as-required wpcf7-validates-as-email\" aria-required=\"true\" aria-invalid=\"false\" placeholder=\"Din e-mail\" \/><\/span> <\/label><\/p>\n<p><label> Jeg vil gerne have lavet flg. service\/reparation:<br \/>\n    <span class=\"wpcf7-form-control-wrap your-message\"><textarea name=\"your-message\" cols=\"40\" rows=\"3\" class=\"wpcf7-form-control wpcf7-textarea\" aria-invalid=\"false\"><\/textarea><\/span> <\/label><\/p>\n<\/div>\n<\/div>\n<div class=\"wpb_column vc_column_container vc_col-sm-12\" style=\"text-align: right\">\n<div class=\"vc_column-inner\">\n<p><input type=\"submit\" value=\"Indsend\" class=\"wpcf7-form-control has-spinner wpcf7-submit\" \/><\/p>\n<\/div>\n<\/div>\n<\/div>\n<\/div>\n<p>V\u00e6r opm\u00e6rksom p\u00e5, at hjulskifte skal bestilles mindst 5 dage i forvejen, mens andre serviceydelser skal bestilles 3 dage i forvejen.<\/p>\n<input type='hidden' class='wpcf7-pum' value='{\"closepopup\":false,\"closedelay\":0,\"openpopup\":false,\"openpopup_id\":0}' \/><div class=\"wpcf7-response-output\" aria-hidden=\"true\"><\/div><\/form><\/div>        <\/div>\n\n        [vc_empty_space height=&#8221;40px&#8221;][\/vc_column][\/vc_row]<\/p>\n","protected":false},"excerpt":{"rendered":"<p>[vc_row css_animation=&#8221;&#8221; row_type=&#8221;row&#8221; use_row_as_full_screen_section=&#8221;no&#8221; type=&#8221;grid&#8221; angled_section=&#8221;no&#8221; text_align=&#8221;left&#8221; background_image_as_pattern=&#8221;without_pattern&#8221; el_class=&#8221;padding80&#8243; z_index=&#8221;&#8221;][vc_column][vc_row_inner row_type=&#8221;row&#8221; type=&#8221;full_width&#8221; text_align=&#8221;right&#8221; css_animation=&#8221;&#8221;][vc_column_inner][vc_column_text] Servicebooking [\/vc_column_text][\/vc_column_inner][\/vc_row_inner][vc_empty_space height=&#8221;40px&#8221;][vc_column_text]Tidsbestilling af service og reparation[\/vc_column_text][vc_empty_space height=&#8221;40px&#8221;][vc_column_text] Service og reparation med pris [\/vc_column_text][vc_empty_space height=&#8221;40px&#8221;][vc_empty_space height=&#8221;40px&#8221;][vc_column_text] Anden service Tidsbestilling af \u00f8vrig service eller reparation uden prisangivelse [\/vc_column_text][vc_empty_space height=&#8221;40px&#8221;][vc_empty_space height=&#8221;40px&#8221;][\/vc_column][\/vc_row]<\/p>\n","protected":false},"author":1,"featured_media":0,"parent":0,"menu_order":0,"comment_status":"closed","ping_status":"closed","template":"full_width.php","meta":[],"acf":[],"_links":{"self":[{"href":"https:\/\/ketner.dk\/odense\/wp-json\/wp\/v2\/pages\/330"}],"collection":[{"href":"https:\/\/ketner.dk\/odense\/wp-json\/wp\/v2\/pages"}],"about":[{"href":"https:\/\/ketner.dk\/odense\/wp-json\/wp\/v2\/types\/page"}],"author":[{"embeddable":true,"href":"https:\/\/ketner.dk\/odense\/wp-json\/wp\/v2\/users\/1"}],"replies":[{"embeddable":true,"href":"https:\/\/ketner.dk\/odense\/wp-json\/wp\/v2\/comments?post=330"}],"version-history":[{"count":13,"href":"https:\/\/ketner.dk\/odense\/wp-json\/wp\/v2\/pages\/330\/revisions"}],"predecessor-version":[{"id":4268,"href":"https:\/\/ketner.dk\/odense\/wp-json\/wp\/v2\/pages\/330\/revisions\/4268"}],"wp:attachment":[{"href":"https:\/\/ketner.dk\/odense\/wp-json\/wp\/v2\/media?parent=330"}],"curies":[{"name":"wp","href":"https:\/\/api.w.org\/{rel}","templated":true}]}}