{"id":3743,"date":"2023-10-16T15:54:09","date_gmt":"2023-10-16T13:54:09","guid":{"rendered":"https:\/\/ketner.dk\/odense\/?page_id=3743"},"modified":"2023-10-24T08:35:10","modified_gmt":"2023-10-24T06:35:10","slug":"servicebooking-tesla-model-s-x","status":"publish","type":"page","link":"https:\/\/ketner.dk\/odense\/autovaerksted\/tesla\/servicebooking-tesla-model-s-x\/","title":{"rendered":"Servicebooking Tesla Model S + X"},"content":{"rendered":"<p>[vc_row css_animation=&#8221;&#8221; row_type=&#8221;row&#8221; use_row_as_full_screen_section=&#8221;no&#8221; type=&#8221;grid&#8221; angled_section=&#8221;no&#8221; text_align=&#8221;left&#8221; background_image_as_pattern=&#8221;without_pattern&#8221; el_class=&#8221;padding80&#8243; z_index=&#8221;&#8221;][vc_column][vc_row_inner row_type=&#8221;row&#8221; type=&#8221;full_width&#8221; text_align=&#8221;right&#8221; css_animation=&#8221;&#8221;][vc_column_inner][vc_column_text]<\/p>\n<h2 style=\"text-align: left;\">Servicebooking Tesla Model S + X<\/h2>\n<p style=\"text-align: left;\">Tidsbestilling af service til fast pris<\/p>\n<p>[\/vc_column_text][\/vc_column_inner][\/vc_row_inner][vc_empty_space height=&#8221;40px&#8221;]        \n        <div class=\"box padding30\">\n            <div role=\"form\" class=\"wpcf7\" id=\"wpcf7-f3746-o1\" lang=\"da-DK\" dir=\"ltr\">\n<div class=\"screen-reader-response\"><p role=\"status\" aria-live=\"polite\" aria-atomic=\"true\"><\/p> <ul><\/ul><\/div>\n<form action=\"\/odense\/wp-json\/wp\/v2\/pages\/3743#wpcf7-f3746-o1\" method=\"post\" class=\"wpcf7-form init cf7_custom_style_1\" novalidate=\"novalidate\" data-status=\"init\">\n<div style=\"display: none;\">\n<input type=\"hidden\" name=\"_wpcf7\" value=\"3746\" \/>\n<input type=\"hidden\" name=\"_wpcf7_version\" value=\"5.5.3\" \/>\n<input type=\"hidden\" name=\"_wpcf7_locale\" value=\"da_DK\" \/>\n<input type=\"hidden\" name=\"_wpcf7_unit_tag\" value=\"wpcf7-f3746-o1\" \/>\n<input type=\"hidden\" name=\"_wpcf7_container_post\" value=\"0\" \/>\n<input type=\"hidden\" name=\"_wpcf7_posted_data_hash\" value=\"\" \/>\n<input type=\"hidden\" name=\"_wpcf7_recaptcha_response\" value=\"\" \/>\n<\/div>\n<div class=\"vc_row wpb_row section vc_row-fluid vc_inner \">\n<div class=\" full_section_inner clearfix\">\n<div class=\"wpb_column vc_column_container vc_col-sm-6\">\n<div class=\"vc_column-inner\">\n<p><label> Nummerplade<br \/>\n    <span class=\"wpcf7-form-control-wrap your-plate\"><input type=\"text\" name=\"your-plate\" value=\"\" size=\"40\" class=\"wpcf7-form-control wpcf7-text wpcf7-validates-as-required\" aria-required=\"true\" aria-invalid=\"false\" placeholder=\"Nummerplade\" \/><\/span> <\/label><\/p>\n<p><label> Bil<br \/>\n    <span class=\"wpcf7-form-control-wrap your-car\"><input type=\"text\" name=\"your-car\" value=\"\" size=\"40\" class=\"wpcf7-form-control wpcf7-text wpcf7-validates-as-required\" aria-required=\"true\" aria-invalid=\"false\" placeholder=\"M\u00e6rke, model og \u00e5rgang\" \/><\/span> <\/label><\/p>\n<p><label> Antal km<br \/>\n    <span class=\"wpcf7-form-control-wrap your-km\"><input type=\"text\" name=\"your-km\" value=\"\" size=\"40\" class=\"wpcf7-form-control wpcf7-text wpcf7-validates-as-required\" aria-required=\"true\" aria-invalid=\"false\" placeholder=\"Antal k\u00f8rte km\" \/><\/span> <\/label><\/p>\n<p><label> \u00d8nsket dato<br \/>\n    <span class=\"wpcf7-form-control-wrap desired-date\"><input type=\"date\" name=\"desired-date\" value=\"\" class=\"wpcf7-form-control wpcf7-date wpcf7-validates-as-required wpcf7-validates-as-date\" aria-required=\"true\" aria-invalid=\"false\" placeholder=\"Klik for at v\u00e6lge\" \/><\/span> <\/label><\/p>\n<p><label> \u00d8nsket tidspunkt<br \/>\n    <span class=\"wpcf7-form-control-wrap desired-time\"><input type=\"text\" name=\"desired-time\" value=\"\" size=\"40\" class=\"wpcf7-form-control wpcf7-text wpcf7-validates-as-required\" aria-required=\"true\" aria-invalid=\"false\" placeholder=\"f.eks. 10:30\" \/><\/span> <\/label><\/p>\n<p><label> Alternativ dato<br \/>\n    <span class=\"wpcf7-form-control-wrap alternate-date\"><input type=\"date\" name=\"alternate-date\" value=\"\" class=\"wpcf7-form-control wpcf7-date wpcf7-validates-as-date\" aria-invalid=\"false\" placeholder=\"Klik for at v\u00e6lge\" \/><\/span> <\/label><\/p>\n<p><label> Alternativ tidspunkt<br \/>\n    <span class=\"wpcf7-form-control-wrap alternate-time\"><input type=\"text\" name=\"alternate-time\" value=\"\" size=\"40\" class=\"wpcf7-form-control wpcf7-text\" aria-invalid=\"false\" placeholder=\"f.eks. 12:00\" \/><\/span> <\/label><\/p>\n<\/div>\n<\/div>\n<div class=\"wpb_column vc_column_container vc_col-sm-6\">\n<div class=\"vc_column-inner\">\n<p><label> Navn<br \/>\n    <span class=\"wpcf7-form-control-wrap your-name\"><input type=\"text\" name=\"your-name\" value=\"\" size=\"40\" class=\"wpcf7-form-control wpcf7-text wpcf7-validates-as-required\" aria-required=\"true\" aria-invalid=\"false\" placeholder=\"Dit fulde navn\" \/><\/span> <\/label><\/p>\n<p><label> Tlf.nr.<br \/>\n    <span class=\"wpcf7-form-control-wrap your-phone\"><input type=\"tel\" name=\"your-phone\" value=\"\" size=\"40\" class=\"wpcf7-form-control wpcf7-text wpcf7-tel wpcf7-validates-as-required wpcf7-validates-as-tel\" aria-required=\"true\" aria-invalid=\"false\" placeholder=\"Dit telefonnummer\" \/><\/span> <\/label><\/p>\n<p><label> E-mail<br \/>\n    <span class=\"wpcf7-form-control-wrap your-email\"><input type=\"email\" name=\"your-email\" value=\"\" size=\"40\" class=\"wpcf7-form-control wpcf7-text wpcf7-email wpcf7-validates-as-required wpcf7-validates-as-email\" aria-required=\"true\" aria-invalid=\"false\" placeholder=\"Din e-mail\" \/><\/span> <\/label><\/p>\n<p><label>V\u00e6lg type af eftersyn:<\/label><br \/>\n<span class=\"wpcf7-form-control-wrap service\"><span class=\"wpcf7-form-control wpcf7-checkbox\"><span class=\"wpcf7-list-item first\"><label><input type=\"checkbox\" name=\"service[]\" value=\"Service 1\" \/><span class=\"wpcf7-list-item-label\">Service 1<\/span><\/label><\/span><span class=\"wpcf7-list-item\"><label><input type=\"checkbox\" name=\"service[]\" value=\"Service 1 udvidet\" \/><span class=\"wpcf7-list-item-label\">Service 1 udvidet<\/span><\/label><\/span><span class=\"wpcf7-list-item\"><label><input type=\"checkbox\" name=\"service[]\" value=\"Service 2\" \/><span class=\"wpcf7-list-item-label\">Service 2<\/span><\/label><\/span><span class=\"wpcf7-list-item\"><label><input type=\"checkbox\" name=\"service[]\" value=\"Service 2 udvidet\" \/><span class=\"wpcf7-list-item-label\">Service 2 udvidet<\/span><\/label><\/span><span class=\"wpcf7-list-item last\"><label><input type=\"checkbox\" name=\"service[]\" value=\"Ingen eftersyn\" \/><span class=\"wpcf7-list-item-label\">Ingen eftersyn<\/span><\/label><\/span><\/span><\/span><\/p>\n<p><label>Jeg \u00f8nsker ogs\u00e5: (Bem\u00e6rk at nogle af nedenst\u00e5ende er inkl. i Service 2)<\/label><br \/>\n<span class=\"wpcf7-form-control-wrap onsker\"><span class=\"wpcf7-form-control wpcf7-checkbox\"><span class=\"wpcf7-list-item first\"><label><input type=\"checkbox\" name=\"onsker[]\" value=\"Garanti- og brugtvognstest kr. 1795,-\" \/><span class=\"wpcf7-list-item-label\">Garanti- og brugtvognstest kr. 1795,-<\/span><\/label><\/span><span class=\"wpcf7-list-item\"><label><input type=\"checkbox\" name=\"onsker[]\" value=\"Sundhedstest af batteri (SOH) kr. 1495,-\" \/><span class=\"wpcf7-list-item-label\">Sundhedstest af batteri (SOH) kr. 1495,-<\/span><\/label><\/span><span class=\"wpcf7-list-item\"><label><input type=\"checkbox\" name=\"onsker[]\" value=\"Klimaservice inkl. 50 gr. freon kr. 1499,-\" \/><span class=\"wpcf7-list-item-label\">Klimaservice inkl. 50 gr. freon kr. 1499,-<\/span><\/label><\/span><span class=\"wpcf7-list-item\"><label><input type=\"checkbox\" name=\"onsker[]\" value=\"Rotation af hjul kr. 400,- (er inkl. i service 2)\" \/><span class=\"wpcf7-list-item-label\">Rotation af hjul kr. 400,- (er inkl. i service 2)<\/span><\/label><\/span><span class=\"wpcf7-list-item\"><label><input type=\"checkbox\" name=\"onsker[]\" value=\"Sporingskontrol kr. 300,-\" \/><span class=\"wpcf7-list-item-label\">Sporingskontrol kr. 300,-<\/span><\/label><\/span><span class=\"wpcf7-list-item\"><label><input type=\"checkbox\" name=\"onsker[]\" value=\"Sommer-\/vinter d\u00e6kskifte 450,-\" \/><span class=\"wpcf7-list-item-label\">Sommer-\/vinter d\u00e6kskifte 450,-<\/span><\/label><\/span><span class=\"wpcf7-list-item\"><label><input type=\"checkbox\" name=\"onsker[]\" value=\"D\u00e6khotel \u00e9n s\u00e6son kr. 400,-\" \/><span class=\"wpcf7-list-item-label\">D\u00e6khotel \u00e9n s\u00e6son kr. 400,-<\/span><\/label><\/span><span class=\"wpcf7-list-item\"><label><input type=\"checkbox\" name=\"onsker[]\" value=\"Olie\/filter Drive Unit RWD 2495,-\" \/><span class=\"wpcf7-list-item-label\">Olie\/filter Drive Unit RWD 2495,-<\/span><\/label><\/span><span class=\"wpcf7-list-item\"><label><input type=\"checkbox\" name=\"onsker[]\" value=\"Olie\/filter Drive Unit AWD 4990,-\" \/><span class=\"wpcf7-list-item-label\">Olie\/filter Drive Unit AWD 4990,-<\/span><\/label><\/span><span class=\"wpcf7-list-item\"><label><input type=\"checkbox\" name=\"onsker[]\" value=\"Synstjek kr. 0,-\" \/><span class=\"wpcf7-list-item-label\">Synstjek kr. 0,-<\/span><\/label><\/span><span class=\"wpcf7-list-item last\"><label><input type=\"checkbox\" name=\"onsker[]\" value=\"Bremserens kr. 1495,-\" \/><span class=\"wpcf7-list-item-label\">Bremserens kr. 1495,-<\/span><\/label><\/span><\/span><\/span><\/p>\n<p><label>Evt. bem\u00e6rkninger<\/label><br \/>\n<span class=\"wpcf7-form-control-wrap bmrkninger\"><textarea name=\"bmrkninger\" cols=\"40\" rows=\"10\" class=\"wpcf7-form-control wpcf7-textarea\" aria-invalid=\"false\"><\/textarea><\/span>\n<\/div>\n<\/div>\n<div class=\"wpb_column vc_column_container vc_col-sm-12\" style=\"text-align: right\">\n<div class=\"vc_column-inner\">\n<p><input type=\"submit\" value=\"Indsend\" class=\"wpcf7-form-control has-spinner wpcf7-submit\" \/><\/p>\n<\/div>\n<\/div>\n<\/div>\n<\/div>\n<input type='hidden' class='wpcf7-pum' value='{\"closepopup\":false,\"closedelay\":0,\"openpopup\":false,\"openpopup_id\":0}' \/><div class=\"wpcf7-response-output\" aria-hidden=\"true\"><\/div><\/form><\/div>        <\/div>\n\n        [vc_empty_space height=&#8221;40px&#8221;][\/vc_column][\/vc_row]<\/p>\n","protected":false},"excerpt":{"rendered":"<p>[vc_row css_animation=&#8221;&#8221; row_type=&#8221;row&#8221; use_row_as_full_screen_section=&#8221;no&#8221; type=&#8221;grid&#8221; angled_section=&#8221;no&#8221; text_align=&#8221;left&#8221; background_image_as_pattern=&#8221;without_pattern&#8221; el_class=&#8221;padding80&#8243; z_index=&#8221;&#8221;][vc_column][vc_row_inner row_type=&#8221;row&#8221; type=&#8221;full_width&#8221; text_align=&#8221;right&#8221; css_animation=&#8221;&#8221;][vc_column_inner][vc_column_text] Servicebooking Tesla Model S + X Tidsbestilling af service til fast pris [\/vc_column_text][\/vc_column_inner][\/vc_row_inner][vc_empty_space height=&#8221;40px&#8221;][vc_empty_space height=&#8221;40px&#8221;][\/vc_column][\/vc_row]<\/p>\n","protected":false},"author":7,"featured_media":0,"parent":1757,"menu_order":0,"comment_status":"closed","ping_status":"closed","template":"full_width.php","meta":[],"acf":[],"meta_title":"","meta_description":"","focus_keyword":"","parent_slug":"tesla","vc_single_images":[],"_links":{"self":[{"href":"https:\/\/ketner.dk\/odense\/wp-json\/wp\/v2\/pages\/3743"}],"collection":[{"href":"https:\/\/ketner.dk\/odense\/wp-json\/wp\/v2\/pages"}],"about":[{"href":"https:\/\/ketner.dk\/odense\/wp-json\/wp\/v2\/types\/page"}],"author":[{"embeddable":true,"href":"https:\/\/ketner.dk\/odense\/wp-json\/wp\/v2\/users\/7"}],"replies":[{"embeddable":true,"href":"https:\/\/ketner.dk\/odense\/wp-json\/wp\/v2\/comments?post=3743"}],"version-history":[{"count":3,"href":"https:\/\/ketner.dk\/odense\/wp-json\/wp\/v2\/pages\/3743\/revisions"}],"predecessor-version":[{"id":3748,"href":"https:\/\/ketner.dk\/odense\/wp-json\/wp\/v2\/pages\/3743\/revisions\/3748"}],"up":[{"embeddable":true,"href":"https:\/\/ketner.dk\/odense\/wp-json\/wp\/v2\/pages\/1757"}],"wp:attachment":[{"href":"https:\/\/ketner.dk\/odense\/wp-json\/wp\/v2\/media?parent=3743"}],"curies":[{"name":"wp","href":"https:\/\/api.w.org\/{rel}","templated":true}]}}