{"id":4461,"date":"2025-02-18T17:13:37","date_gmt":"2025-02-18T16:13:37","guid":{"rendered":"https:\/\/ketner.dk\/odense\/?page_id=4461"},"modified":"2025-02-21T10:48:56","modified_gmt":"2025-02-21T09:48:56","slug":"testcenter","status":"publish","type":"page","link":"https:\/\/ketner.dk\/odense\/specialer\/testcenter\/","title":{"rendered":"Testcenter"},"content":{"rendered":"<p>[vc_row css_animation=&#8221;&#8221; row_type=&#8221;row&#8221; use_row_as_full_screen_section=&#8221;no&#8221; type=&#8221;grid&#8221; angled_section=&#8221;no&#8221; text_align=&#8221;left&#8221; background_image_as_pattern=&#8221;without_pattern&#8221; el_class=&#8221;equal-height align-center&#8221; z_index=&#8221;&#8221; css=&#8221;.vc_custom_1611743526268{background-color: #fffffe !important;}&#8221;][vc_column el_class=&#8221;padding80 paddingright&#8221; offset=&#8221;vc_col-md-6&#8243;][vc_column_text]<\/p>\n<h1><strong>Topmoderne testcenter \u2013 Hurtig og pr\u00e6cis fejlfinding<\/strong><\/h1>\n<p>Hos Ketner Odense har vi skabt et nyt og topmoderne testcenter, hvor vi er specialister i diagnose, fejlfinding og softwareopdatering \u2013 alt sammen med kort ventetid. Med den nyeste teknologi og et team af erfarne systemteknikere sikrer vi, at din bil hurtigt kommer tilbage p\u00e5 vejen i optimal stand.<\/p>\n<p>I spidsen for testcentret st\u00e5r Jimmy, en erfaren specialist fra Diagnose Specialisten, der i flere \u00e5r har leveret f\u00f8rsteklasses fejlfinding til hele Fyn \u2013 og det g\u00f8r han stadig. Med sig har han et dygtigt team af certificerede systemteknikere, som sikrer h\u00f8j kvalitet i hver eneste opgave.<\/p>\n<h3><strong>Avanceret teknologi og skarp ekspertise<\/strong><\/h3>\n<p>Vores testcenter er udstyret med det nyeste OE-teknologiske udstyr, som giver os de bedste foruds\u00e6tninger for at lokalisere og l\u00f8se fejl p\u00e5 din bil effektivt. Vi arbejder dagligt med avanceret fejlfinding og opdatering af software, s\u00e5 din bil k\u00f8rer, som den skal.<\/p>\n<p>[\/vc_column_text][vc_empty_space height=&#8221;40px&#8221;]<a  itemprop=\"url\" href=\"https:\/\/ketner.dk\/odense\/servicebooking\/\" target=\"_self\"  class=\"qbutton  default\" style=\"margin: 0 20px 0 0; \">Book tid<i class=\"qodef-icon-dripicons dripicon dripicons-chevron-right qode_button_icon_element\" style=\"\" ><\/i><\/a><a id=\"bliv-ringet-op\" itemprop=\"url\" href=\"#\" target=\"_self\"  class=\"qbutton  white default\" style=\"margin: 0 20px 0 0; \">Bliv ringet op<i class=\"qodef-icon-dripicons dripicon dripicons-chevron-right qode_button_icon_element\" style=\"\" ><\/i><\/a>[vc_empty_space height=&#8221;40px&#8221;][\/vc_column][vc_column el_class=&#8221;video-container&#8221; offset=&#8221;vc_col-md-6&#8243;][vc_video link=&#8221;https:\/\/youtu.be\/NlhStpJQq6Y&#8221; el_width=&#8221;70&#8243;][\/vc_column][\/vc_row][vc_row css_animation=&#8221;&#8221; row_type=&#8221;row&#8221; use_row_as_full_screen_section=&#8221;no&#8221; type=&#8221;grid&#8221; angled_section=&#8221;no&#8221; text_align=&#8221;left&#8221; background_image_as_pattern=&#8221;without_pattern&#8221; el_class=&#8221;padding80 equal-height align-center&#8221; css=&#8221;.vc_custom_1611737133965{background-color: #f0f0f0 !important;}&#8221; z_index=&#8221;&#8221;][vc_column offset=&#8221;vc_col-md-6&#8243;]        \n        <div class=\"image_grid-wrapper\">\n            <div class=\"image_grid\">\n                <div class=\"image_grid_item\"><img width=\"1000\" height=\"1200\" src=\"https:\/\/ketner.dk\/odense\/wp-content\/uploads\/2021\/02\/70275242_2640643695998638_1707282133321515008_o.jpg\" class=\"attachment-full size-full\" alt=\"\" srcset=\"https:\/\/ketner.dk\/odense\/wp-content\/uploads\/sites\/11\/2021\/02\/70275242_2640643695998638_1707282133321515008_o.jpg 1000w, https:\/\/ketner.dk\/odense\/wp-content\/uploads\/sites\/11\/2021\/02\/70275242_2640643695998638_1707282133321515008_o-250x300.jpg 250w, https:\/\/ketner.dk\/odense\/wp-content\/uploads\/sites\/11\/2021\/02\/70275242_2640643695998638_1707282133321515008_o-853x1024.jpg 853w, https:\/\/ketner.dk\/odense\/wp-content\/uploads\/sites\/11\/2021\/02\/70275242_2640643695998638_1707282133321515008_o-768x922.jpg 768w, https:\/\/ketner.dk\/odense\/wp-content\/uploads\/sites\/11\/2021\/02\/70275242_2640643695998638_1707282133321515008_o-700x840.jpg 700w\" sizes=\"(max-width: 1000px) 100vw, 1000px\" \/><\/div><div class=\"image_grid_item\"><img width=\"2100\" height=\"1575\" src=\"https:\/\/ketner.dk\/odense\/wp-content\/uploads\/2023\/10\/Tesla-tester-rat-uden-logo.jpg\" class=\"attachment-full size-full\" alt=\"\" srcset=\"https:\/\/ketner.dk\/odense\/wp-content\/uploads\/sites\/11\/2023\/10\/Tesla-tester-rat-uden-logo.jpg 2100w, https:\/\/ketner.dk\/odense\/wp-content\/uploads\/sites\/11\/2023\/10\/Tesla-tester-rat-uden-logo-300x225.jpg 300w, https:\/\/ketner.dk\/odense\/wp-content\/uploads\/sites\/11\/2023\/10\/Tesla-tester-rat-uden-logo-1024x768.jpg 1024w, https:\/\/ketner.dk\/odense\/wp-content\/uploads\/sites\/11\/2023\/10\/Tesla-tester-rat-uden-logo-768x576.jpg 768w, https:\/\/ketner.dk\/odense\/wp-content\/uploads\/sites\/11\/2023\/10\/Tesla-tester-rat-uden-logo-1536x1152.jpg 1536w, https:\/\/ketner.dk\/odense\/wp-content\/uploads\/sites\/11\/2023\/10\/Tesla-tester-rat-uden-logo-2048x1536.jpg 2048w, https:\/\/ketner.dk\/odense\/wp-content\/uploads\/sites\/11\/2023\/10\/Tesla-tester-rat-uden-logo-800x600.jpg 800w, https:\/\/ketner.dk\/odense\/wp-content\/uploads\/sites\/11\/2023\/10\/Tesla-tester-rat-uden-logo-700x525.jpg 700w\" sizes=\"(max-width: 2100px) 100vw, 2100px\" \/><\/div><div class=\"image_grid_item\"><img width=\"2100\" height=\"1400\" src=\"https:\/\/ketner.dk\/odense\/wp-content\/uploads\/2023\/12\/BCS_STC_1157.jpg\" class=\"attachment-full size-full\" alt=\"\" \/><\/div>            <\/div>\n        <\/div>\n\n        [vc_empty_space height=&#8221;40px&#8221;][\/vc_column][vc_column el_class=&#8221;paddingleft&#8221; offset=&#8221;vc_col-md-6&#8243;][vc_column_text]<\/p>\n<h3><strong>Branchen anerkender os som problemknusere<\/strong><\/h3>\n<p>Vi er stolte af at v\u00e6re kendt som branchens f\u00f8rende specialister, der kan l\u00f8se selv de mest komplekse bilproblemer. P\u00e5 vores v\u00e6rksteder landet over h\u00e5ndterer Ketner en bred vifte af specialopgaver p\u00e5 alle typer k\u00f8ret\u00f8jer \u2013 og vi l\u00f8ser dem hurtigt og professionelt.<\/p>\n<p>Hos Ketner har vi et stort team af teknikere med omfattende erfaring fra nogle af de st\u00f8rste bilhuse og en bred viden om mange forskellige bilm\u00e6rker. Vi l\u00e6gger stor v\u00e6gt p\u00e5 uddannelse, og mange af vores teknikere gennemg\u00e5r den kr\u00e6vende og omfattende efteruddannelse som systemteknikere hos Bosch Car Service.<\/p>\n<p>Har din bil brug for en fejlfinding eller en opdatering? Vi stiller hurtigt den korrekte diagnose.<br \/>\nRing eller bes\u00f8g vores testcenter \u2013 vi finder l\u00f8sningen, s\u00e5 du hurtigt og sikkert kan komme videre![\/vc_column_text][vc_empty_space height=&#8221;40px&#8221;]<a  itemprop=\"url\" href=\"https:\/\/ketner.dk\/odense\/servicebooking\/\" target=\"_self\"  class=\"qbutton  default\" style=\"margin: 0 20px 0 0; \">Book tid<i class=\"qodef-icon-dripicons dripicon dripicons-chevron-right qode_button_icon_element\" style=\"\" ><\/i><\/a>[vc_empty_space height=&#8221;40px&#8221;]<a id=\"bliv-ringet-op\" itemprop=\"url\" href=\"#\" target=\"_self\"  class=\"qbutton  white default\" style=\"margin: 0 20px 0 0; \">Bliv ringet op<i class=\"qodef-icon-dripicons dripicon dripicons-chevron-right qode_button_icon_element\" style=\"\" ><\/i><\/a>[\/vc_column][\/vc_row][vc_row css_animation=&#8221;&#8221; row_type=&#8221;row&#8221; use_row_as_full_screen_section=&#8221;no&#8221; type=&#8221;grid&#8221; angled_section=&#8221;no&#8221; text_align=&#8221;left&#8221; background_image_as_pattern=&#8221;without_pattern&#8221; el_class=&#8221;padding80&#8243; css=&#8221;.vc_custom_1612355763305{background-color: #fffffe !important;}&#8221; z_index=&#8221;&#8221;][vc_column][vc_column_text]<\/p>\n<h3><strong>Direkte opkobling til bilfabrikkerne<\/strong><\/h3>\n<p>Vi har adgang til et stort udvalg af h\u00f8jteknologiske testapparater, herunder originale testere med online opkobling til bilproducenterne.<br \/>\nDet betyder, at vi kan udf\u00f8re de nyeste softwareopdateringer og sikre, at din bil altid lever op til fabrikkens standarder.<\/p>\n<p>Her er blot nogle af de m\u00e6rkespecifikke testere, du finder i vores testcenter:[\/vc_column_text][vc_empty_space height=&#8221;40px&#8221;][vc_row_inner row_type=&#8221;row&#8221; type=&#8221;full_width&#8221; text_align=&#8221;left&#8221; css_animation=&#8221;&#8221;][vc_column_inner width=&#8221;1\/5&#8243;][vc_column_text]<strong>Audi<\/strong><\/p>\n<p><strong>BMW<\/strong><\/p>\n<p><strong>Citro\u00ebn<\/strong>[\/vc_column_text][\/vc_column_inner][vc_column_inner width=&#8221;1\/5&#8243;][vc_column_text]<strong>Ford<\/strong><\/p>\n<p><strong>Jaguar<\/strong><\/p>\n<p><strong>Mercedes Benz<\/strong>[\/vc_column_text][\/vc_column_inner][vc_column_inner width=&#8221;1\/5&#8243;][vc_column_text]<strong>Opel<\/strong><\/p>\n<p><strong>Peugeot<\/strong><\/p>\n<p><strong>Renault<\/strong>[\/vc_column_text][\/vc_column_inner][vc_column_inner width=&#8221;1\/5&#8243;][vc_column_text]<strong>Porsche<\/strong><\/p>\n<p><strong>Seat<\/strong><\/p>\n<p><strong>Skoda<\/strong>[\/vc_column_text][\/vc_column_inner][vc_column_inner width=&#8221;1\/5&#8243;][vc_column_text]<strong>Tesla<\/strong><\/p>\n<p><strong>Volvo<\/strong><\/p>\n<p><strong>VW<\/strong>[\/vc_column_text][\/vc_column_inner][\/vc_row_inner][vc_empty_space height=&#8221;40px&#8221;][vc_empty_space height=&#8221;40px&#8221;]<a  itemprop=\"url\" href=\"https:\/\/ketner.dk\/odense\/servicebooking\/\" target=\"_self\"  class=\"qbutton  default\" style=\"margin: 0 20px 0 0; \">Book tid<i class=\"qodef-icon-dripicons dripicon dripicons-chevron-right qode_button_icon_element\" style=\"\" ><\/i><\/a><a id=\"bliv-ringet-op\" itemprop=\"url\" href=\"#\" target=\"_self\"  class=\"qbutton  white default\" style=\"margin: 0 20px 0 0; \">Bliv ringet op<i class=\"qodef-icon-dripicons dripicon dripicons-chevron-right qode_button_icon_element\" style=\"\" ><\/i><\/a>[\/vc_column][\/vc_row]<\/p>\n","protected":false},"excerpt":{"rendered":"<p>[vc_row css_animation=&#8221;&#8221; row_type=&#8221;row&#8221; use_row_as_full_screen_section=&#8221;no&#8221; type=&#8221;grid&#8221; angled_section=&#8221;no&#8221; text_align=&#8221;left&#8221; background_image_as_pattern=&#8221;without_pattern&#8221; el_class=&#8221;equal-height align-center&#8221; z_index=&#8221;&#8221; css=&#8221;.vc_custom_1611743526268{background-color: #fffffe !important;}&#8221;][vc_column el_class=&#8221;padding80 paddingright&#8221; offset=&#8221;vc_col-md-6&#8243;][vc_column_text] Topmoderne testcenter \u2013 Hurtig og pr\u00e6cis fejlfinding Hos Ketner Odense har vi skabt et nyt og topmoderne testcenter, hvor vi er specialister i diagnose, fejlfinding og softwareopdatering \u2013&#8230;<\/p>\n","protected":false},"author":6,"featured_media":0,"parent":267,"menu_order":0,"comment_status":"closed","ping_status":"closed","template":"full_width.php","meta":[],"acf":[],"_links":{"self":[{"href":"https:\/\/ketner.dk\/odense\/wp-json\/wp\/v2\/pages\/4461"}],"collection":[{"href":"https:\/\/ketner.dk\/odense\/wp-json\/wp\/v2\/pages"}],"about":[{"href":"https:\/\/ketner.dk\/odense\/wp-json\/wp\/v2\/types\/page"}],"author":[{"embeddable":true,"href":"https:\/\/ketner.dk\/odense\/wp-json\/wp\/v2\/users\/6"}],"replies":[{"embeddable":true,"href":"https:\/\/ketner.dk\/odense\/wp-json\/wp\/v2\/comments?post=4461"}],"version-history":[{"count":14,"href":"https:\/\/ketner.dk\/odense\/wp-json\/wp\/v2\/pages\/4461\/revisions"}],"predecessor-version":[{"id":4476,"href":"https:\/\/ketner.dk\/odense\/wp-json\/wp\/v2\/pages\/4461\/revisions\/4476"}],"up":[{"embeddable":true,"href":"https:\/\/ketner.dk\/odense\/wp-json\/wp\/v2\/pages\/267"}],"wp:attachment":[{"href":"https:\/\/ketner.dk\/odense\/wp-json\/wp\/v2\/media?parent=4461"}],"curies":[{"name":"wp","href":"https:\/\/api.w.org\/{rel}","templated":true}]}}